{"id":226,"date":"2020-10-21T13:40:17","date_gmt":"2020-10-21T13:40:17","guid":{"rendered":"https:\/\/ibomberdefensepacific.standardof.net\/?page_id=226"},"modified":"2020-10-21T17:23:32","modified_gmt":"2020-10-21T17:23:32","slug":"campaign-mission-20-philippine-sea-turkey-shoot","status":"publish","type":"page","link":"https:\/\/ibomberdefensepacific.standardof.net\/pt\/guide\/campaign-mission-20-philippine-sea-turkey-shoot\/","title":{"rendered":"Miss\u00e3o da campanha 20: \u201cMar das Filipinas\u201d Turquia Shoot"},"content":{"rendered":"<h2 class=\"wp-block-heading\"><strong>Mar das Filipinas: Tiro ao Peru<\/strong><\/h2>\n\n\n\n<div class=\"wp-block-image\"><figure class=\"aligncenter size-large\"><a href=\"https:\/\/ibomberdefensepacific.standardof.net\/pt\/guide\/campaign-mission-20-philippine-sea-turkey-shoot\/ibomber-defense-pacific-campaign-mission-20-philippine-sea-1-copy\/\"><img decoding=\"async\" width=\"800\" height=\"500\" src=\"https:\/\/ibomberdefensepacific.standardof.net\/wp-content\/uploads\/sites\/6\/2020\/10\/iBomber-Defense-Pacific-Campaign-Mission-20-Philippine-Sea-1-copy-800x500.jpg\" alt=\"&quot;iBomber Defense Pacific&quot; - Campaign Mission 20 - &quot;Philippine Sea&quot; (1)\" class=\"wp-image-134\" srcset=\"https:\/\/ibomberdefensepacific.standardof.net\/wp-content\/uploads\/sites\/6\/2020\/10\/iBomber-Defense-Pacific-Campaign-Mission-20-Philippine-Sea-1-copy-800x500.jpg 800w, https:\/\/ibomberdefensepacific.standardof.net\/wp-content\/uploads\/sites\/6\/2020\/10\/iBomber-Defense-Pacific-Campaign-Mission-20-Philippine-Sea-1-copy-512x320.jpg 512w, https:\/\/ibomberdefensepacific.standardof.net\/wp-content\/uploads\/sites\/6\/2020\/10\/iBomber-Defense-Pacific-Campaign-Mission-20-Philippine-Sea-1-copy-200x125.jpg 200w, https:\/\/ibomberdefensepacific.standardof.net\/wp-content\/uploads\/sites\/6\/2020\/10\/iBomber-Defense-Pacific-Campaign-Mission-20-Philippine-Sea-1-copy-768x480.jpg 768w, https:\/\/ibomberdefensepacific.standardof.net\/wp-content\/uploads\/sites\/6\/2020\/10\/iBomber-Defense-Pacific-Campaign-Mission-20-Philippine-Sea-1-copy-16x10.jpg 16w, https:\/\/ibomberdefensepacific.standardof.net\/wp-content\/uploads\/sites\/6\/2020\/10\/iBomber-Defense-Pacific-Campaign-Mission-20-Philippine-Sea-1-copy.jpg 1280w\" sizes=\"(max-width: 800px) 100vw, 800px\" \/><\/a><figcaption>Caminhos navais desenhados em vermelho, o ar em azul e amarelo Xs marcam os locais para lan\u00e7ar bombas para o secund\u00e1rio.<\/figcaption><\/figure><\/div>\n\n\n\n<p><em>O controle do mar das Filipinas ser\u00e1 fundamental para qualquer ataque ao Jap\u00e3o continental.<\/em><\/p>\n\n\n\n<p>\u00c9 hora de sua \u00faltima e mais dif\u00edcil miss\u00e3o naval at\u00e9 agora. A dificuldade das tr\u00eas miss\u00f5es finais, come\u00e7ando com o Mar das Filipinas, atinge n\u00edveis \u00e9picos. Haver\u00e1 tr\u00eas caminhos principais de unidades navais inimigas, sendo o mais meridional tecnicamente dois que ficam pr\u00f3ximos um do outro e dois caminhos principais de aproxima\u00e7\u00e3o para aeronaves. Voc\u00ea ter\u00e1 que se defender por 30 ondas.<\/p>\n\n\n\n<p>Este guia cobrir\u00e1 como obter um Full House, que \u00e9 uma rodada perfeita com todas as medalhas e 20 pontos de vit\u00f3ria, no n\u00edvel do mar das Filipinas. <em>iBomber Defense Pacific<\/em> campanha, jogada na dificuldade Veteran. Al\u00e9m disso, este guia de miss\u00e3o cobrir\u00e1 o objetivo secund\u00e1rio e o alvo oculto junto com um v\u00eddeo passo a passo.<\/p>\n\n\n\t\t\t\t<div class=\"wp-block-uagb-table-of-contents uagb-toc__align-left uagb-toc__columns-1  uagb-block-ea230977\"\n\t\t\t\t\tdata-scroll= \"1\"\n\t\t\t\t\tdata-offset= \"30\"\n\t\t\t\t\tstyle=\"\"\n\t\t\t\t>\n\t\t\t\t<div class=\"uagb-toc__wrap\">\n\t\t\t\t\t\t<div class=\"uagb-toc__title\">\n\t\t\t\t\t\t\tNavega\u00e7\u00e3o do guia passo a passo:\t\t\t\t\t\t<\/div>\n\t\t\t\t\t\t\t\t\t\t\t\t\t\t\t\t<div class=\"uagb-toc__list-wrap\">\n\t\t\t\t\t\t<ol class=\"uagb-toc__list\"><li class=\"uagb-toc__list\"><a href=\"#secondary-objective\" class=\"uagb-toc-link__trigger\">Objetivo Secund\u00e1rio<\/a><li class=\"uagb-toc__list\"><a href=\"#perks-used-for-this-mission\" class=\"uagb-toc-link__trigger\">Benef\u00edcios usados para esta miss\u00e3o:<\/a><li class=\"uagb-toc__list\"><a href=\"#hidden-target\" class=\"uagb-toc-link__trigger\">Alvo Oculto<\/a><li class=\"uagb-toc__list\"><a href=\"#turret-placement\" class=\"uagb-toc-link__trigger\">Posicionamento da Torre<\/a><li class=\"uagb-toc__list\"><a href=\"#veteran-difficulty-video-guide\" class=\"uagb-toc-link__trigger\">Veteran Difficulty Video Guide<\/a><\/ol>\t\t\t\t\t<\/div>\n\t\t\t\t\t\t\t\t\t<\/div>\n\t\t\t\t<\/div>\n\t\t\t\n\n\n<hr class=\"wp-block-separator is-style-wide\"\/>\n\n\n\n<h3 class=\"wp-block-heading\"><strong>Objetivo Secund\u00e1rio<\/strong><\/h3>\n\n\n\n<p><em>Retire a for\u00e7a a\u00e9rea japonesa na \u00e1rea para ajudar no esfor\u00e7o de guerra.<\/em><\/p>\n\n\n\n<p>Neste n\u00edvel, h\u00e1 um pequeno campo \u00e0 direita da tela onde v\u00e1rios avi\u00f5es de guerra japoneses est\u00e3o estacionados no solo. Duas bombas bem colocadas s\u00e3o tudo o que preciso para eliminar todo o grupo e satisfazer o segundo objetivo, tornando esta a parte mais f\u00e1cil do n\u00edvel.<\/p>\n\n\n\n<p><strong>Caixas de suprimentos:<\/strong> 2<\/p>\n\n\n\n<p><strong>Pontos de vit\u00f3ria at\u00e9 agora:<\/strong> 380 (20 n\u00e3o gastos)<\/p>\n\n\n\n<ul><li>Metralhadora lvl 3<br><sup>Especializa\u00e7\u00e3o X2 Power vs Flamed<\/sup><\/li><li>Canh\u00e3o lvl 3<\/li><li>Bomba lvl 3<\/li><li>Flamer lvl 3<br><sup>Especializa\u00e7\u00e3o de inimigos mais lentos.<\/sup><\/li><li>Comms lvl 3<br><sup>Maior especializa\u00e7\u00e3o de interesse<\/sup><\/li><li>Foguete lvl 3<br><sup>Especializa\u00e7\u00e3o em foguetes mais r\u00e1pidos<\/sup><\/li><li>Anti-A\u00e9reo n\u00edvel 3<\/li><\/ul>\n\n\n\n<hr class=\"wp-block-separator is-style-wide\"\/>\n\n\n\n<h3 class=\"wp-block-heading\"><strong>Benef\u00edcios usados para esta miss\u00e3o:<\/strong><\/h3>\n\n\n\n<ul><li>Ironback II<\/li><li>Eagle Eye II<\/li><li>Phantom Strike<\/li><\/ul>\n\n\n\n<p>Mais uma vez, a armadura \u00e9 uma necessidade devido ao grande dano causado \u00e0s torres pelos navios de guerra inimigos. A mira ajuda suas torres a gerenciar as ondas espalhadas, e o alcance extra permite que suas torres cubram efetivamente o avan\u00e7o do inimigo em um n\u00edvel em que suas torres precisam de um aumento de alcance o m\u00e1ximo poss\u00edvel.<\/p>\n\n\n\n<hr class=\"wp-block-separator is-style-wide\"\/>\n\n\n\n<h3 class=\"wp-block-heading\">Alvo Oculto<\/h3>\n\n\n\n<p>H\u00e1 uma pequena cabana de palha no centro do mapa na maior ilha. Este \u00e9 o seu alvo oculto no Mar das Filipinas.<\/p>\n\n\n\n<div class=\"wp-block-image\"><figure class=\"aligncenter size-large\"><a href=\"https:\/\/ibomberdefensepacific.standardof.net\/pt\/guide\/campaign-mission-20-philippine-sea-turkey-shoot\/ibomber-defense-pacific-campaign-mission-20-philippine-sea-2\/\"><img decoding=\"async\" width=\"251\" height=\"169\" src=\"https:\/\/ibomberdefensepacific.standardof.net\/wp-content\/uploads\/sites\/6\/2020\/10\/iBomber-Defense-Pacific-Campaign-Mission-20-Philippine-Sea-2.jpg\" alt=\"&quot;iBomber Defense Pacific&quot; - Campaign Mission 20 - &quot;Philippine Sea&quot; (2)\" class=\"wp-image-135\" srcset=\"https:\/\/ibomberdefensepacific.standardof.net\/wp-content\/uploads\/sites\/6\/2020\/10\/iBomber-Defense-Pacific-Campaign-Mission-20-Philippine-Sea-2.jpg 251w, https:\/\/ibomberdefensepacific.standardof.net\/wp-content\/uploads\/sites\/6\/2020\/10\/iBomber-Defense-Pacific-Campaign-Mission-20-Philippine-Sea-2-200x135.jpg 200w, https:\/\/ibomberdefensepacific.standardof.net\/wp-content\/uploads\/sites\/6\/2020\/10\/iBomber-Defense-Pacific-Campaign-Mission-20-Philippine-Sea-2-16x12.jpg 16w\" sizes=\"(max-width: 251px) 100vw, 251px\" \/><\/a><figcaption>A pequena cabana de destino escondido na ilha central.<\/figcaption><\/figure><\/div>\n\n\n\n<hr class=\"wp-block-separator is-style-wide\"\/>\n\n\n\n<h3 class=\"wp-block-heading\">Posicionamento da Torre<\/h3>\n\n\n\n<figure class=\"wp-block-gallery aligncenter columns-2 wp-block-gallery-1 is-layout-flex wp-block-gallery-is-layout-flex\"><ul class=\"blocks-gallery-grid\"><li class=\"blocks-gallery-item\"><figure><a href=\"https:\/\/ibomberdefensepacific.standardof.net\/pt\/guide\/campaign-mission-20-philippine-sea-turkey-shoot\/ibomber-defense-pacific-campaign-mission-20-philippine-sea-3\/\"><img decoding=\"async\" width=\"800\" height=\"500\" src=\"https:\/\/ibomberdefensepacific.standardof.net\/wp-content\/uploads\/sites\/6\/2020\/10\/iBomber-Defense-Pacific-Campaign-Mission-20-Philippine-Sea-3-800x500.jpg\" alt=\"&quot;iBomber Defense Pacific&quot; - Campaign Mission 20 - &quot;Philippine Sea&quot; (3)\" data-id=\"136\" data-full-url=\"https:\/\/ibomberdefensepacific.standardof.net\/wp-content\/uploads\/sites\/6\/2020\/10\/iBomber-Defense-Pacific-Campaign-Mission-20-Philippine-Sea-3.jpg\" data-link=\"https:\/\/ibomberdefensepacific.standardof.net\/guide\/campaign-mission-20-philippine-sea-turkey-shoot\/ibomber-defense-pacific-campaign-mission-20-philippine-sea-3\/\" class=\"wp-image-136\" srcset=\"https:\/\/ibomberdefensepacific.standardof.net\/wp-content\/uploads\/sites\/6\/2020\/10\/iBomber-Defense-Pacific-Campaign-Mission-20-Philippine-Sea-3-800x500.jpg 800w, https:\/\/ibomberdefensepacific.standardof.net\/wp-content\/uploads\/sites\/6\/2020\/10\/iBomber-Defense-Pacific-Campaign-Mission-20-Philippine-Sea-3-512x320.jpg 512w, https:\/\/ibomberdefensepacific.standardof.net\/wp-content\/uploads\/sites\/6\/2020\/10\/iBomber-Defense-Pacific-Campaign-Mission-20-Philippine-Sea-3-200x125.jpg 200w, https:\/\/ibomberdefensepacific.standardof.net\/wp-content\/uploads\/sites\/6\/2020\/10\/iBomber-Defense-Pacific-Campaign-Mission-20-Philippine-Sea-3-768x480.jpg 768w, https:\/\/ibomberdefensepacific.standardof.net\/wp-content\/uploads\/sites\/6\/2020\/10\/iBomber-Defense-Pacific-Campaign-Mission-20-Philippine-Sea-3-16x10.jpg 16w, https:\/\/ibomberdefensepacific.standardof.net\/wp-content\/uploads\/sites\/6\/2020\/10\/iBomber-Defense-Pacific-Campaign-Mission-20-Philippine-Sea-3.jpg 1280w\" sizes=\"(max-width: 800px) 100vw, 800px\" \/><\/a><figcaption class=\"blocks-gallery-item__caption\">Posicionamento da torre onda 6.<\/figcaption><\/figure><\/li><li class=\"blocks-gallery-item\"><figure><a href=\"https:\/\/ibomberdefensepacific.standardof.net\/pt\/guide\/campaign-mission-20-philippine-sea-turkey-shoot\/ibomber-defense-pacific-campaign-mission-20-philippine-sea-4\/\"><img decoding=\"async\" width=\"800\" height=\"500\" src=\"https:\/\/ibomberdefensepacific.standardof.net\/wp-content\/uploads\/sites\/6\/2020\/10\/iBomber-Defense-Pacific-Campaign-Mission-20-Philippine-Sea-4-800x500.jpg\" alt=\"&quot;iBomber Defense Pacific&quot; - Campaign Mission 20 - &quot;Philippine Sea&quot; (4)\" data-id=\"137\" data-full-url=\"https:\/\/ibomberdefensepacific.standardof.net\/wp-content\/uploads\/sites\/6\/2020\/10\/iBomber-Defense-Pacific-Campaign-Mission-20-Philippine-Sea-4.jpg\" data-link=\"https:\/\/ibomberdefensepacific.standardof.net\/guide\/campaign-mission-20-philippine-sea-turkey-shoot\/ibomber-defense-pacific-campaign-mission-20-philippine-sea-4\/\" class=\"wp-image-137\" srcset=\"https:\/\/ibomberdefensepacific.standardof.net\/wp-content\/uploads\/sites\/6\/2020\/10\/iBomber-Defense-Pacific-Campaign-Mission-20-Philippine-Sea-4-800x500.jpg 800w, https:\/\/ibomberdefensepacific.standardof.net\/wp-content\/uploads\/sites\/6\/2020\/10\/iBomber-Defense-Pacific-Campaign-Mission-20-Philippine-Sea-4-512x320.jpg 512w, https:\/\/ibomberdefensepacific.standardof.net\/wp-content\/uploads\/sites\/6\/2020\/10\/iBomber-Defense-Pacific-Campaign-Mission-20-Philippine-Sea-4-200x125.jpg 200w, https:\/\/ibomberdefensepacific.standardof.net\/wp-content\/uploads\/sites\/6\/2020\/10\/iBomber-Defense-Pacific-Campaign-Mission-20-Philippine-Sea-4-768x480.jpg 768w, https:\/\/ibomberdefensepacific.standardof.net\/wp-content\/uploads\/sites\/6\/2020\/10\/iBomber-Defense-Pacific-Campaign-Mission-20-Philippine-Sea-4-16x10.jpg 16w, https:\/\/ibomberdefensepacific.standardof.net\/wp-content\/uploads\/sites\/6\/2020\/10\/iBomber-Defense-Pacific-Campaign-Mission-20-Philippine-Sea-4.jpg 1280w\" sizes=\"(max-width: 800px) 100vw, 800px\" \/><\/a><figcaption class=\"blocks-gallery-item__caption\">Onda 12<\/figcaption><\/figure><\/li><\/ul><\/figure>\n\n\n\n<p>Colocar suas armas no Mar das Filipinas envolver\u00e1 a cria\u00e7\u00e3o de tr\u00eas grupos separados de fogo condensado. Dois deles estar\u00e3o onde as duas caixas de suprimentos est\u00e3o, e a terceira estar\u00e1 na pequena ilha logo \u00e0 esquerda da caixa na grande ilha central. Esses tr\u00eas pontos s\u00e3o os melhores, pois os caminhos convergem o mais pr\u00f3ximo poss\u00edvel para esses locais, considerando os limites de coloca\u00e7\u00e3o. Comece com uma metralhadora em cada local, eventualmente atualizada para o n\u00edvel 3 e atirando nas caixas para quebr\u00e1-las quando voc\u00ea n\u00e3o estiver lutando contra as ondas.<\/p>\n\n\n\n<p>Cada grupo deve ter um Canh\u00e3o, Comunica\u00e7\u00f5es e um Flamer, com as Metralhadoras sendo potencialmente vendidas e substitu\u00eddas por canh\u00f5es em seu lugar no \u00faltimo ter\u00e7o do n\u00edvel. O ar come\u00e7a no n\u00edvel 8, ent\u00e3o tenha um AA pronto no grande centro ou na pequena ilha esquerda em que voc\u00ea est\u00e1 construindo, atualizado a cada poucos n\u00edveis para acompanhar o aumento da dificuldade a\u00e9rea. Coloque um segundo no outro local de qualquer ilha antes do n\u00edvel 22.<\/p>\n\n\n\n<p>Finalmente, voc\u00ea precisar\u00e1 de uma torre de bomba neste n\u00edvel para o secund\u00e1rio e alguns ataques furtivos. Como o espa\u00e7o \u00e9 limitado e n\u00e3o h\u00e1 locais seguros reais sem um escudo, voc\u00ea deve colocar um MG com a bomba no canto superior esquerdo do mapa, o MG posicionado para ser um escudo. Tente tamb\u00e9m guardar uma ou duas bombas para os \u00faltimos n\u00edveis para ajudar a prevenir vazamentos, especialmente contra submarinos.<\/p>\n\n\n\n<figure class=\"wp-block-gallery aligncenter columns-2 wp-block-gallery-2 is-layout-flex wp-block-gallery-is-layout-flex\"><ul class=\"blocks-gallery-grid\"><li class=\"blocks-gallery-item\"><figure><a href=\"https:\/\/ibomberdefensepacific.standardof.net\/pt\/guide\/campaign-mission-20-philippine-sea-turkey-shoot\/ibomber-defense-pacific-campaign-mission-20-philippine-sea-5\/\"><img decoding=\"async\" width=\"800\" height=\"500\" src=\"https:\/\/ibomberdefensepacific.standardof.net\/wp-content\/uploads\/sites\/6\/2020\/10\/iBomber-Defense-Pacific-Campaign-Mission-20-Philippine-Sea-5-800x500.jpg\" alt=\"&quot;iBomber Defense Pacific&quot; - Campaign Mission 20 - &quot;Philippine Sea&quot; (5)\" data-id=\"138\" data-full-url=\"https:\/\/ibomberdefensepacific.standardof.net\/wp-content\/uploads\/sites\/6\/2020\/10\/iBomber-Defense-Pacific-Campaign-Mission-20-Philippine-Sea-5.jpg\" data-link=\"https:\/\/ibomberdefensepacific.standardof.net\/guide\/campaign-mission-20-philippine-sea-turkey-shoot\/ibomber-defense-pacific-campaign-mission-20-philippine-sea-5\/\" class=\"wp-image-138\" srcset=\"https:\/\/ibomberdefensepacific.standardof.net\/wp-content\/uploads\/sites\/6\/2020\/10\/iBomber-Defense-Pacific-Campaign-Mission-20-Philippine-Sea-5-800x500.jpg 800w, https:\/\/ibomberdefensepacific.standardof.net\/wp-content\/uploads\/sites\/6\/2020\/10\/iBomber-Defense-Pacific-Campaign-Mission-20-Philippine-Sea-5-512x320.jpg 512w, https:\/\/ibomberdefensepacific.standardof.net\/wp-content\/uploads\/sites\/6\/2020\/10\/iBomber-Defense-Pacific-Campaign-Mission-20-Philippine-Sea-5-200x125.jpg 200w, https:\/\/ibomberdefensepacific.standardof.net\/wp-content\/uploads\/sites\/6\/2020\/10\/iBomber-Defense-Pacific-Campaign-Mission-20-Philippine-Sea-5-768x480.jpg 768w, https:\/\/ibomberdefensepacific.standardof.net\/wp-content\/uploads\/sites\/6\/2020\/10\/iBomber-Defense-Pacific-Campaign-Mission-20-Philippine-Sea-5-16x10.jpg 16w, https:\/\/ibomberdefensepacific.standardof.net\/wp-content\/uploads\/sites\/6\/2020\/10\/iBomber-Defense-Pacific-Campaign-Mission-20-Philippine-Sea-5.jpg 1280w\" sizes=\"(max-width: 800px) 100vw, 800px\" \/><\/a><figcaption class=\"blocks-gallery-item__caption\">Onda 18<\/figcaption><\/figure><\/li><li class=\"blocks-gallery-item\"><figure><a href=\"https:\/\/ibomberdefensepacific.standardof.net\/pt\/guide\/campaign-mission-20-philippine-sea-turkey-shoot\/ibomber-defense-pacific-campaign-mission-20-philippine-sea-6\/\"><img decoding=\"async\" width=\"800\" height=\"500\" src=\"https:\/\/ibomberdefensepacific.standardof.net\/wp-content\/uploads\/sites\/6\/2020\/10\/iBomber-Defense-Pacific-Campaign-Mission-20-Philippine-Sea-6-800x500.jpg\" alt=\"&quot;iBomber Defense Pacific&quot; - Campaign Mission 20 - &quot;Philippine Sea&quot; (6)\" data-id=\"139\" data-full-url=\"https:\/\/ibomberdefensepacific.standardof.net\/wp-content\/uploads\/sites\/6\/2020\/10\/iBomber-Defense-Pacific-Campaign-Mission-20-Philippine-Sea-6.jpg\" data-link=\"https:\/\/ibomberdefensepacific.standardof.net\/guide\/campaign-mission-20-philippine-sea-turkey-shoot\/ibomber-defense-pacific-campaign-mission-20-philippine-sea-6\/\" class=\"wp-image-139\" srcset=\"https:\/\/ibomberdefensepacific.standardof.net\/wp-content\/uploads\/sites\/6\/2020\/10\/iBomber-Defense-Pacific-Campaign-Mission-20-Philippine-Sea-6-800x500.jpg 800w, https:\/\/ibomberdefensepacific.standardof.net\/wp-content\/uploads\/sites\/6\/2020\/10\/iBomber-Defense-Pacific-Campaign-Mission-20-Philippine-Sea-6-512x320.jpg 512w, https:\/\/ibomberdefensepacific.standardof.net\/wp-content\/uploads\/sites\/6\/2020\/10\/iBomber-Defense-Pacific-Campaign-Mission-20-Philippine-Sea-6-200x125.jpg 200w, https:\/\/ibomberdefensepacific.standardof.net\/wp-content\/uploads\/sites\/6\/2020\/10\/iBomber-Defense-Pacific-Campaign-Mission-20-Philippine-Sea-6-768x480.jpg 768w, https:\/\/ibomberdefensepacific.standardof.net\/wp-content\/uploads\/sites\/6\/2020\/10\/iBomber-Defense-Pacific-Campaign-Mission-20-Philippine-Sea-6-16x10.jpg 16w, https:\/\/ibomberdefensepacific.standardof.net\/wp-content\/uploads\/sites\/6\/2020\/10\/iBomber-Defense-Pacific-Campaign-Mission-20-Philippine-Sea-6.jpg 1280w\" sizes=\"(max-width: 800px) 100vw, 800px\" \/><\/a><figcaption class=\"blocks-gallery-item__caption\">Wave 24<\/figcaption><\/figure><\/li><li class=\"blocks-gallery-item\"><figure><a href=\"https:\/\/ibomberdefensepacific.standardof.net\/pt\/guide\/campaign-mission-20-philippine-sea-turkey-shoot\/ibomber-defense-pacific-campaign-mission-20-philippine-sea-7\/\"><img decoding=\"async\" width=\"800\" height=\"500\" src=\"https:\/\/ibomberdefensepacific.standardof.net\/wp-content\/uploads\/sites\/6\/2020\/10\/iBomber-Defense-Pacific-Campaign-Mission-20-Philippine-Sea-7-800x500.jpg\" alt=\"&quot;iBomber Defense Pacific&quot; - Campaign Mission 20 - &quot;Philippine Sea&quot; (7)\" data-id=\"140\" data-full-url=\"https:\/\/ibomberdefensepacific.standardof.net\/wp-content\/uploads\/sites\/6\/2020\/10\/iBomber-Defense-Pacific-Campaign-Mission-20-Philippine-Sea-7.jpg\" data-link=\"https:\/\/ibomberdefensepacific.standardof.net\/guide\/campaign-mission-20-philippine-sea-turkey-shoot\/ibomber-defense-pacific-campaign-mission-20-philippine-sea-7\/\" class=\"wp-image-140\" srcset=\"https:\/\/ibomberdefensepacific.standardof.net\/wp-content\/uploads\/sites\/6\/2020\/10\/iBomber-Defense-Pacific-Campaign-Mission-20-Philippine-Sea-7-800x500.jpg 800w, https:\/\/ibomberdefensepacific.standardof.net\/wp-content\/uploads\/sites\/6\/2020\/10\/iBomber-Defense-Pacific-Campaign-Mission-20-Philippine-Sea-7-512x320.jpg 512w, https:\/\/ibomberdefensepacific.standardof.net\/wp-content\/uploads\/sites\/6\/2020\/10\/iBomber-Defense-Pacific-Campaign-Mission-20-Philippine-Sea-7-200x125.jpg 200w, https:\/\/ibomberdefensepacific.standardof.net\/wp-content\/uploads\/sites\/6\/2020\/10\/iBomber-Defense-Pacific-Campaign-Mission-20-Philippine-Sea-7-768x480.jpg 768w, https:\/\/ibomberdefensepacific.standardof.net\/wp-content\/uploads\/sites\/6\/2020\/10\/iBomber-Defense-Pacific-Campaign-Mission-20-Philippine-Sea-7-16x10.jpg 16w, https:\/\/ibomberdefensepacific.standardof.net\/wp-content\/uploads\/sites\/6\/2020\/10\/iBomber-Defense-Pacific-Campaign-Mission-20-Philippine-Sea-7.jpg 1280w\" sizes=\"(max-width: 800px) 100vw, 800px\" \/><\/a><figcaption class=\"blocks-gallery-item__caption\">Wave 30<\/figcaption><\/figure><\/li><\/ul><\/figure>\n\n\n\n<hr class=\"wp-block-separator is-style-wide\"\/>\n\n\n\n<h3 class=\"has-text-align-center wp-block-heading\" id=\"4-veteran-difficulty-video-guide\">Veteran Difficulty Video Guide<\/h3>\n\n\n\n<figure class=\"wp-block-embed-youtube wp-block-embed is-type-video is-provider-youtube wp-embed-aspect-4-3 wp-has-aspect-ratio\"><div class=\"wp-block-embed__wrapper\">\n<div class=\"ast-oembed-container\" style=\"height: 100%;\"><iframe title=\"Mar das Filipinas - M20 iBomber Defense Pacific - Passo a passo de veterano Full House\" width=\"500\" height=\"375\" src=\"https:\/\/www.youtube.com\/embed\/1ffgXssfC7Y?feature=oembed\" frameborder=\"0\" allow=\"accelerometer; autoplay; clipboard-write; encrypted-media; gyroscope; picture-in-picture; web-share\" referrerpolicy=\"strict-origin-when-cross-origin\" allowfullscreen><\/iframe><\/div>\n<\/div><\/figure>","protected":false},"excerpt":{"rendered":"<p>Philippine Sea: Turkey Shoot Controlling the Philippine Sea will be imperative for any assault on mainland Japan. It&#8217;s time for your last and hardest naval mission thus far. The difficulty of the final three missions, starting with Philippine Sea, ratchets up to epic levels. There will be three main paths of enemy naval units, with [&hellip;]<\/p>","protected":false},"author":1,"featured_media":140,"parent":164,"menu_order":20,"comment_status":"open","ping_status":"closed","template":"","meta":{"_uag_custom_page_level_css":"","site-sidebar-layout":"default","site-content-layout":"default","ast-site-content-layout":"","site-content-style":"default","site-sidebar-style":"default","ast-global-header-display":"","ast-banner-title-visibility":"","ast-main-header-display":"","ast-hfb-above-header-display":"","ast-hfb-below-header-display":"","ast-hfb-mobile-header-display":"","site-post-title":"","ast-breadcrumbs-content":"","ast-featured-img":"","footer-sml-layout":"","theme-transparent-header-meta":"default","adv-header-id-meta":"","stick-header-meta":"","header-above-stick-meta":"","header-main-stick-meta":"","header-below-stick-meta":"","astra-migrate-meta-layouts":"default","ast-page-background-enabled":"default","ast-page-background-meta":{"desktop":{"background-color":"","background-image":"","background-repeat":"repeat","background-position":"center center","background-size":"auto","background-attachment":"scroll","background-type":"","background-media":"","overlay-type":"","overlay-color":"","overlay-gradient":""},"tablet":{"background-color":"","background-image":"","background-repeat":"repeat","background-position":"center center","background-size":"auto","background-attachment":"scroll","background-type":"","background-media":"","overlay-type":"","overlay-color":"","overlay-gradient":""},"mobile":{"background-color":"","background-image":"","background-repeat":"repeat","background-position":"center center","background-size":"auto","background-attachment":"scroll","background-type":"","background-media":"","overlay-type":"","overlay-color":"","overlay-gradient":""}},"ast-content-background-meta":{"desktop":{"background-color":"var(--ast-global-color-5)","background-image":"","background-repeat":"repeat","background-position":"center center","background-size":"auto","background-attachment":"scroll","background-type":"","background-media":"","overlay-type":"","overlay-color":"","overlay-gradient":""},"tablet":{"background-color":"var(--ast-global-color-5)","background-image":"","background-repeat":"repeat","background-position":"center center","background-size":"auto","background-attachment":"scroll","background-type":"","background-media":"","overlay-type":"","overlay-color":"","overlay-gradient":""},"mobile":{"background-color":"var(--ast-global-color-5)","background-image":"","background-repeat":"repeat","background-position":"center center","background-size":"auto","background-attachment":"scroll","background-type":"","background-media":"","overlay-type":"","overlay-color":"","overlay-gradient":""}},"footnotes":""},"uagb_featured_image_src":{"full":["https:\/\/ibomberdefensepacific.standardof.net\/wp-content\/uploads\/sites\/6\/2020\/10\/iBomber-Defense-Pacific-Campaign-Mission-20-Philippine-Sea-7.jpg",1280,800,false],"thumbnail":["https:\/\/ibomberdefensepacific.standardof.net\/wp-content\/uploads\/sites\/6\/2020\/10\/iBomber-Defense-Pacific-Campaign-Mission-20-Philippine-Sea-7-200x125.jpg",200,125,true],"medium":["https:\/\/ibomberdefensepacific.standardof.net\/wp-content\/uploads\/sites\/6\/2020\/10\/iBomber-Defense-Pacific-Campaign-Mission-20-Philippine-Sea-7-512x320.jpg",512,320,true],"medium_large":["https:\/\/ibomberdefensepacific.standardof.net\/wp-content\/uploads\/sites\/6\/2020\/10\/iBomber-Defense-Pacific-Campaign-Mission-20-Philippine-Sea-7-768x480.jpg",768,480,true],"large":["https:\/\/ibomberdefensepacific.standardof.net\/wp-content\/uploads\/sites\/6\/2020\/10\/iBomber-Defense-Pacific-Campaign-Mission-20-Philippine-Sea-7-800x500.jpg",800,500,true],"1536x1536":["https:\/\/ibomberdefensepacific.standardof.net\/wp-content\/uploads\/sites\/6\/2020\/10\/iBomber-Defense-Pacific-Campaign-Mission-20-Philippine-Sea-7.jpg",1280,800,false],"2048x2048":["https:\/\/ibomberdefensepacific.standardof.net\/wp-content\/uploads\/sites\/6\/2020\/10\/iBomber-Defense-Pacific-Campaign-Mission-20-Philippine-Sea-7.jpg",1280,800,false],"trp-custom-language-flag":["https:\/\/ibomberdefensepacific.standardof.net\/wp-content\/uploads\/sites\/6\/2020\/10\/iBomber-Defense-Pacific-Campaign-Mission-20-Philippine-Sea-7-16x10.jpg",16,10,true]},"uagb_author_info":{"display_name":"SOE","author_link":"https:\/\/ibomberdefensepacific.standardof.net\/pt\/author\/k-tastic\/"},"uagb_comment_info":0,"uagb_excerpt":"Philippine Sea: Turkey Shoot Controlling the Philippine Sea will be imperative for any assault on mainland Japan. It&#8217;s time for your last and hardest naval mission thus far. The difficulty of the final three missions, starting with Philippine Sea, ratchets up to epic levels. There will be three main paths of enemy naval units, with&hellip;","_links":{"self":[{"href":"https:\/\/ibomberdefensepacific.standardof.net\/pt\/wp-json\/wp\/v2\/pages\/226"}],"collection":[{"href":"https:\/\/ibomberdefensepacific.standardof.net\/pt\/wp-json\/wp\/v2\/pages"}],"about":[{"href":"https:\/\/ibomberdefensepacific.standardof.net\/pt\/wp-json\/wp\/v2\/types\/page"}],"author":[{"embeddable":true,"href":"https:\/\/ibomberdefensepacific.standardof.net\/pt\/wp-json\/wp\/v2\/users\/1"}],"replies":[{"embeddable":true,"href":"https:\/\/ibomberdefensepacific.standardof.net\/pt\/wp-json\/wp\/v2\/comments?post=226"}],"version-history":[{"count":0,"href":"https:\/\/ibomberdefensepacific.standardof.net\/pt\/wp-json\/wp\/v2\/pages\/226\/revisions"}],"up":[{"embeddable":true,"href":"https:\/\/ibomberdefensepacific.standardof.net\/pt\/wp-json\/wp\/v2\/pages\/164"}],"wp:featuredmedia":[{"embeddable":true,"href":"https:\/\/ibomberdefensepacific.standardof.net\/pt\/wp-json\/wp\/v2\/media\/140"}],"wp:attachment":[{"href":"https:\/\/ibomberdefensepacific.standardof.net\/pt\/wp-json\/wp\/v2\/media?parent=226"}],"curies":[{"name":"wp","href":"https:\/\/api.w.org\/{rel}","templated":true}]}}