{"id":223,"date":"2020-10-21T13:38:29","date_gmt":"2020-10-21T13:38:29","guid":{"rendered":"https:\/\/ibomberdefensepacific.standardof.net\/?page_id=223"},"modified":"2020-10-21T17:23:05","modified_gmt":"2020-10-21T17:23:05","slug":"campaign-mission-17-hells-pocket-saipan","status":"publish","type":"page","link":"https:\/\/ibomberdefensepacific.standardof.net\/pt\/guide\/campanha-missao-17-hells-pocket-saipan\/","title":{"rendered":"Miss\u00e3o da campanha 17: \u201cHell&#039;s Pocket\u201d Saipan"},"content":{"rendered":"<h2 class=\"wp-block-heading\">Hell&#039;s Pocket: Saipan<\/h2>\n\n\n\n<div class=\"wp-block-image\"><figure class=\"aligncenter size-large\"><a href=\"https:\/\/ibomberdefensepacific.standardof.net\/pt\/guide\/campanha-missao-17-hells-pocket-saipan\/ibomber-defense-pacific-campaign-mission-17-hells-pocket-1-copy\/\"><img decoding=\"async\" width=\"800\" height=\"500\" src=\"https:\/\/ibomberdefensepacific.standardof.net\/wp-content\/uploads\/sites\/6\/2020\/10\/iBomber-Defense-Pacific-Campaign-Mission-17-Hells-Pocket-1-copy-800x500.jpg\" alt=\"&quot;iBomber Defense Pacific&quot; - Miss\u00e3o de campanha 17 - &quot;Hell&#039;s Pocket&quot; (1)\" class=\"wp-image-115\" srcset=\"https:\/\/ibomberdefensepacific.standardof.net\/wp-content\/uploads\/sites\/6\/2020\/10\/iBomber-Defense-Pacific-Campaign-Mission-17-Hells-Pocket-1-copy-800x500.jpg 800w, https:\/\/ibomberdefensepacific.standardof.net\/wp-content\/uploads\/sites\/6\/2020\/10\/iBomber-Defense-Pacific-Campaign-Mission-17-Hells-Pocket-1-copy-512x320.jpg 512w, https:\/\/ibomberdefensepacific.standardof.net\/wp-content\/uploads\/sites\/6\/2020\/10\/iBomber-Defense-Pacific-Campaign-Mission-17-Hells-Pocket-1-copy-200x125.jpg 200w, https:\/\/ibomberdefensepacific.standardof.net\/wp-content\/uploads\/sites\/6\/2020\/10\/iBomber-Defense-Pacific-Campaign-Mission-17-Hells-Pocket-1-copy-768x480.jpg 768w, https:\/\/ibomberdefensepacific.standardof.net\/wp-content\/uploads\/sites\/6\/2020\/10\/iBomber-Defense-Pacific-Campaign-Mission-17-Hells-Pocket-1-copy-16x10.jpg 16w, https:\/\/ibomberdefensepacific.standardof.net\/wp-content\/uploads\/sites\/6\/2020\/10\/iBomber-Defense-Pacific-Campaign-Mission-17-Hells-Pocket-1-copy.jpg 1280w\" sizes=\"(max-width: 800px) 100vw, 800px\" \/><\/a><figcaption>Caminhos das unidades terrestres do Hell&#039;s Pocket em vermelho, unidades a\u00e9reas em azul e bunkers ocultos (secund\u00e1rios) circulados em violeta.<\/figcaption><\/figure><\/div>\n\n\n\n<p><em>Saipan tem enorme import\u00e2ncia estrat\u00e9gica. Proteja sua posi\u00e7\u00e3o a todo custo.<\/em><\/p>\n\n\n\n<p>Em Hell&#039;s Pocket, voc\u00ea precisar\u00e1 defender sua base de 2 caminhos principais de aproxima\u00e7\u00e3o de unidades terrestres com um pouco de ar misturado para 26 ondas. Bons locais de tiro s\u00e3o escassos aqui, ent\u00e3o o plat\u00f4 perto de sua base ser\u00e1 constru\u00eddo significativamente, j\u00e1 que as torres colocadas neste terreno elevado formar\u00e3o a espinha dorsal de sua defesa com sua grande cobertura.<\/p>\n\n\n\n<p>Este guia cobrir\u00e1 como obter um Full House, que \u00e9 uma rodada perfeita com todas as medalhas e 20 pontos de vit\u00f3ria, no n\u00edvel Hell&#039;s Pocket do <em>iBomber Defense Pacific<\/em> campanha, jogada na dificuldade Veteran. Al\u00e9m disso, este guia de miss\u00e3o tamb\u00e9m cobrir\u00e1 o objetivo secund\u00e1rio e o alvo oculto, juntamente com um v\u00eddeo passo a passo.<\/p>\n\n\n\t\t\t\t<div class=\"wp-block-uagb-table-of-contents uagb-toc__align-left uagb-toc__columns-1  uagb-block-0ff6ccc7\"\n\t\t\t\t\tdata-scroll= \"1\"\n\t\t\t\t\tdata-offset= \"30\"\n\t\t\t\t\tstyle=\"\"\n\t\t\t\t>\n\t\t\t\t<div class=\"uagb-toc__wrap\">\n\t\t\t\t\t\t<div class=\"uagb-toc__title\">\n\t\t\t\t\t\t\tNavega\u00e7\u00e3o do guia passo a passo:\t\t\t\t\t\t<\/div>\n\t\t\t\t\t\t\t\t\t\t\t\t\t\t\t\t<div class=\"uagb-toc__list-wrap\">\n\t\t\t\t\t\t<ol class=\"uagb-toc__list\"><li class=\"uagb-toc__list\"><a href=\"#secondary-objective\" class=\"uagb-toc-link__trigger\">Objetivo Secund\u00e1rio<\/a><li class=\"uagb-toc__list\"><a href=\"#perks-used-for-this-mission\" class=\"uagb-toc-link__trigger\">Benef\u00edcios usados para esta miss\u00e3o:<\/a><li class=\"uagb-toc__list\"><a href=\"#hidden-target\" class=\"uagb-toc-link__trigger\">Alvo Oculto<\/a><li class=\"uagb-toc__list\"><a href=\"#turret-placement\" class=\"uagb-toc-link__trigger\">Posicionamento da Torre<\/a><li class=\"uagb-toc__list\"><a href=\"#veteran-difficulty-video-guide\" class=\"uagb-toc-link__trigger\">Veteran Difficulty Video Guide<\/a><li class=\"uagb-toc__list\"><a href=\"#credits\" class=\"uagb-toc-link__trigger\">Cr\u00e9ditos:<\/a><\/ol>\t\t\t\t\t<\/div>\n\t\t\t\t\t\t\t\t\t<\/div>\n\t\t\t\t<\/div>\n\t\t\t\n\n\n<hr class=\"wp-block-separator is-style-wide\"\/>\n\n\n\n<h3 class=\"wp-block-heading\">Objetivo Secund\u00e1rio<\/h3>\n\n\n\n<p><em>Destrua todos os bunkers escondidos.<\/em><\/p>\n\n\n\n<p>Existem 5 bunkers hexagonais que s\u00e3o semi-camuflados com a grama ao redor localizada neste mapa. Voc\u00ea precisar\u00e1 destruir todas as 5 para o objetivo secund\u00e1rio, cada uma levando 2 bombas para matar e agindo como uma mini caixa de suprimentos, concedendo 10$ por morte. Existem 3 no lado esquerdo do mapa, um \u00e0 direita logo ao sul de sua base e o quinto na parte inferior central do mapa.<\/p>\n\n\n\n<p><strong>Caixas de suprimentos:<\/strong> Nenhum<\/p>\n\n\n\n<p><strong>Pontos de vit\u00f3ria at\u00e9 agora:<\/strong> 320<\/p>\n\n\n\n<ul><li>Metralhadora lvl 3<br><sup>Especializa\u00e7\u00e3o X2 Power vs Flamed<\/sup><\/li><li>Canh\u00e3o lvl 3<\/li><li>Bomba lvl 3<\/li><li>Flamer lvl 3<\/li><li>Comms lvl 3<br><sup>Maior especializa\u00e7\u00e3o de interesse<\/sup><\/li><li>Foguete lvl 3<br><sup>Especializa\u00e7\u00e3o em foguetes mais r\u00e1pidos<\/sup><\/li><li>Anti-A\u00e9reo n\u00edvel 3<\/li><\/ul>\n\n\n\n<hr class=\"wp-block-separator is-style-wide\"\/>\n\n\n\n<h3 class=\"wp-block-heading\">Benef\u00edcios usados para esta miss\u00e3o:<\/h3>\n\n\n\n<ul><li>Bombadier II<\/li><li>Greenback II<\/li><li>Phantom Strike<\/li><\/ul>\n\n\n\n<p>O Bombardier \u00e9 uma escolha reconhecidamente incomum para uma miss\u00e3o; no entanto, no Hell&#039;s Pocket, isso ajudar\u00e1 em uma miss\u00e3o inicial lamentavelmente subfinanciada que precisa desesperadamente de v\u00e1rias torres que, de outra forma, voc\u00ea teria dificuldade em pagar. Phantom Strike ajuda a resolver nosso problema de m\u00e1 posi\u00e7\u00e3o de tiro, permitindo campos de fogo sobrepostos muito maiores.<\/p>\n\n\n\n<hr class=\"wp-block-separator is-style-wide\"\/>\n\n\n\n<h3 class=\"wp-block-heading\">Alvo Oculto<\/h3>\n\n\n\n<p>Existem tr\u00eas pequenas cabanas de palha neste mapa. Seu alvo oculto ser\u00e1 a pequena cabana \u00e0 esquerda do bunker que fica na parte inferior central do mapa.<\/p>\n\n\n\n<div class=\"wp-block-image\"><figure class=\"aligncenter size-large\"><a href=\"https:\/\/ibomberdefensepacific.standardof.net\/pt\/guide\/campanha-missao-17-hells-pocket-saipan\/ibomber-defense-pacific-campaign-mission-17-hells-pocket-2\/\"><img decoding=\"async\" width=\"245\" height=\"183\" src=\"https:\/\/ibomberdefensepacific.standardof.net\/wp-content\/uploads\/sites\/6\/2020\/10\/iBomber-Defense-Pacific-Campaign-Mission-17-Hells-Pocket-2.jpg\" alt=\"&quot;iBomber Defense Pacific&quot; - Miss\u00e3o de campanha 17 - &quot;Hell&#039;s Pocket&quot; (2)\" class=\"wp-image-116\" srcset=\"https:\/\/ibomberdefensepacific.standardof.net\/wp-content\/uploads\/sites\/6\/2020\/10\/iBomber-Defense-Pacific-Campaign-Mission-17-Hells-Pocket-2.jpg 245w, https:\/\/ibomberdefensepacific.standardof.net\/wp-content\/uploads\/sites\/6\/2020\/10\/iBomber-Defense-Pacific-Campaign-Mission-17-Hells-Pocket-2-200x149.jpg 200w, https:\/\/ibomberdefensepacific.standardof.net\/wp-content\/uploads\/sites\/6\/2020\/10\/iBomber-Defense-Pacific-Campaign-Mission-17-Hells-Pocket-2-16x12.jpg 16w\" sizes=\"(max-width: 245px) 100vw, 245px\" \/><\/a><figcaption>O alvo escondido da cabana de palha.<\/figcaption><\/figure><\/div>\n\n\n\n<hr class=\"wp-block-separator is-style-wide\"\/>\n\n\n\n<h3 class=\"wp-block-heading\">Posicionamento da Torre<\/h3>\n\n\n\n<figure class=\"wp-block-gallery columns-2 is-cropped wp-block-gallery-1 is-layout-flex wp-block-gallery-is-layout-flex\"><ul class=\"blocks-gallery-grid\"><li class=\"blocks-gallery-item\"><figure><a href=\"https:\/\/ibomberdefensepacific.standardof.net\/pt\/guide\/campanha-missao-17-hells-pocket-saipan\/ibomber-defense-pacific-campaign-mission-17-hells-pocket-3\/\"><img decoding=\"async\" width=\"800\" height=\"500\" src=\"https:\/\/ibomberdefensepacific.standardof.net\/wp-content\/uploads\/sites\/6\/2020\/10\/iBomber-Defense-Pacific-Campaign-Mission-17-Hells-Pocket-3-800x500.jpg\" alt=\"&quot;iBomber Defense Pacific&quot; - Miss\u00e3o de campanha 17 - &quot;Hell&#039;s Pocket&quot; (3)\" data-id=\"117\" data-full-url=\"https:\/\/ibomberdefensepacific.standardof.net\/wp-content\/uploads\/sites\/6\/2020\/10\/iBomber-Defense-Pacific-Campaign-Mission-17-Hells-Pocket-3.jpg\" data-link=\"https:\/\/ibomberdefensepacific.standardof.net\/guide\/campaign-mission-17-hells-pocket-saipan\/ibomber-defense-pacific-campaign-mission-17-hells-pocket-3\/\" class=\"wp-image-117\" srcset=\"https:\/\/ibomberdefensepacific.standardof.net\/wp-content\/uploads\/sites\/6\/2020\/10\/iBomber-Defense-Pacific-Campaign-Mission-17-Hells-Pocket-3-800x500.jpg 800w, https:\/\/ibomberdefensepacific.standardof.net\/wp-content\/uploads\/sites\/6\/2020\/10\/iBomber-Defense-Pacific-Campaign-Mission-17-Hells-Pocket-3-512x320.jpg 512w, https:\/\/ibomberdefensepacific.standardof.net\/wp-content\/uploads\/sites\/6\/2020\/10\/iBomber-Defense-Pacific-Campaign-Mission-17-Hells-Pocket-3-200x125.jpg 200w, https:\/\/ibomberdefensepacific.standardof.net\/wp-content\/uploads\/sites\/6\/2020\/10\/iBomber-Defense-Pacific-Campaign-Mission-17-Hells-Pocket-3-768x480.jpg 768w, https:\/\/ibomberdefensepacific.standardof.net\/wp-content\/uploads\/sites\/6\/2020\/10\/iBomber-Defense-Pacific-Campaign-Mission-17-Hells-Pocket-3-16x10.jpg 16w, https:\/\/ibomberdefensepacific.standardof.net\/wp-content\/uploads\/sites\/6\/2020\/10\/iBomber-Defense-Pacific-Campaign-Mission-17-Hells-Pocket-3.jpg 1280w\" sizes=\"(max-width: 800px) 100vw, 800px\" \/><\/a><figcaption class=\"blocks-gallery-item__caption\">Posicionamento da torre onda 6.<\/figcaption><\/figure><\/li><li class=\"blocks-gallery-item\"><figure><a href=\"https:\/\/ibomberdefensepacific.standardof.net\/pt\/guide\/campanha-missao-17-hells-pocket-saipan\/ibomber-defense-pacific-campaign-mission-17-hells-pocket-4\/\"><img decoding=\"async\" width=\"800\" height=\"500\" src=\"https:\/\/ibomberdefensepacific.standardof.net\/wp-content\/uploads\/sites\/6\/2020\/10\/iBomber-Defense-Pacific-Campaign-Mission-17-Hells-Pocket-4-800x500.jpg\" alt=\"iBomber Defense Pacific - Campaign Mission 17 - Hell&#039;s Pocket (4)\" data-id=\"118\" data-full-url=\"https:\/\/ibomberdefensepacific.standardof.net\/wp-content\/uploads\/sites\/6\/2020\/10\/iBomber-Defense-Pacific-Campaign-Mission-17-Hells-Pocket-4.jpg\" data-link=\"https:\/\/ibomberdefensepacific.standardof.net\/guide\/campaign-mission-17-hells-pocket-saipan\/ibomber-defense-pacific-campaign-mission-17-hells-pocket-4\/\" class=\"wp-image-118\" srcset=\"https:\/\/ibomberdefensepacific.standardof.net\/wp-content\/uploads\/sites\/6\/2020\/10\/iBomber-Defense-Pacific-Campaign-Mission-17-Hells-Pocket-4-800x500.jpg 800w, https:\/\/ibomberdefensepacific.standardof.net\/wp-content\/uploads\/sites\/6\/2020\/10\/iBomber-Defense-Pacific-Campaign-Mission-17-Hells-Pocket-4-512x320.jpg 512w, https:\/\/ibomberdefensepacific.standardof.net\/wp-content\/uploads\/sites\/6\/2020\/10\/iBomber-Defense-Pacific-Campaign-Mission-17-Hells-Pocket-4-200x125.jpg 200w, https:\/\/ibomberdefensepacific.standardof.net\/wp-content\/uploads\/sites\/6\/2020\/10\/iBomber-Defense-Pacific-Campaign-Mission-17-Hells-Pocket-4-768x480.jpg 768w, https:\/\/ibomberdefensepacific.standardof.net\/wp-content\/uploads\/sites\/6\/2020\/10\/iBomber-Defense-Pacific-Campaign-Mission-17-Hells-Pocket-4-16x10.jpg 16w, https:\/\/ibomberdefensepacific.standardof.net\/wp-content\/uploads\/sites\/6\/2020\/10\/iBomber-Defense-Pacific-Campaign-Mission-17-Hells-Pocket-4.jpg 1280w\" sizes=\"(max-width: 800px) 100vw, 800px\" \/><\/a><figcaption class=\"blocks-gallery-item__caption\">Wave 13.<\/figcaption><\/figure><\/li><\/ul><\/figure>\n\n\n\n<p>A coloca\u00e7\u00e3o de torres come\u00e7a com a pausa da miss\u00e3o em seu in\u00edcio e com o uso de duas bombas concedidas por suas vantagens, uma em cada uma das duas caixas que est\u00e3o no terreno elevado perto da base sobre a qual iremos construir principalmente. Uma vez que ambos tenham sido danificados significativamente, coloque um par de metralhadoras, uma ao lado de cada, e fa\u00e7a-os atirar em suas respectivas caixas quando n\u00e3o atirarem em inimigos que avan\u00e7am. Uma torre de bomba tamb\u00e9m ser\u00e1 necess\u00e1ria no in\u00edcio desta miss\u00e3o para que voc\u00ea possa destruir todas as caixas, bunkers e o alvo oculto a tempo.<\/p>\n\n\n\n<p>O resto da miss\u00e3o deve se desenrolar com o plat\u00f4 sendo totalmente equipado com torres, um comunicador no centro para atualizar todas as torres nesta \u00e1rea e, finalmente, um par de foguetes colocados perto de sua entrada de base, totalmente atualizados e instalados que cada um cobre um dos dois caminhos em dire\u00e7\u00e3o \u00e0 sua base.<\/p>\n\n\n\n<p>NOTA: Embora as fotos acima ajudem no posicionamento detalhado, esta miss\u00e3o pode ser bem dif\u00edcil. Certifique-se de assistir ao v\u00eddeo abaixo se voc\u00ea estiver tendo dificuldades; o v\u00eddeo cobre o n\u00edvel em sua totalidade.<\/p>\n\n\n\n<figure class=\"wp-block-gallery columns-2 is-cropped wp-block-gallery-2 is-layout-flex wp-block-gallery-is-layout-flex\"><ul class=\"blocks-gallery-grid\"><li class=\"blocks-gallery-item\"><figure><a href=\"https:\/\/ibomberdefensepacific.standardof.net\/pt\/guide\/campanha-missao-17-hells-pocket-saipan\/ibomber-defense-pacific-campaign-mission-17-hells-pocket-5\/\"><img decoding=\"async\" width=\"800\" height=\"500\" src=\"https:\/\/ibomberdefensepacific.standardof.net\/wp-content\/uploads\/sites\/6\/2020\/10\/iBomber-Defense-Pacific-Campaign-Mission-17-Hells-Pocket-5-800x500.jpg\" alt=\"&quot;iBomber Defense Pacific&quot; - Miss\u00e3o de campanha 17 - &quot;Hell&#039;s Pocket&quot; (5)\" data-id=\"119\" data-full-url=\"https:\/\/ibomberdefensepacific.standardof.net\/wp-content\/uploads\/sites\/6\/2020\/10\/iBomber-Defense-Pacific-Campaign-Mission-17-Hells-Pocket-5.jpg\" data-link=\"https:\/\/ibomberdefensepacific.standardof.net\/guide\/campaign-mission-17-hells-pocket-saipan\/ibomber-defense-pacific-campaign-mission-17-hells-pocket-5\/\" class=\"wp-image-119\" srcset=\"https:\/\/ibomberdefensepacific.standardof.net\/wp-content\/uploads\/sites\/6\/2020\/10\/iBomber-Defense-Pacific-Campaign-Mission-17-Hells-Pocket-5-800x500.jpg 800w, https:\/\/ibomberdefensepacific.standardof.net\/wp-content\/uploads\/sites\/6\/2020\/10\/iBomber-Defense-Pacific-Campaign-Mission-17-Hells-Pocket-5-512x320.jpg 512w, https:\/\/ibomberdefensepacific.standardof.net\/wp-content\/uploads\/sites\/6\/2020\/10\/iBomber-Defense-Pacific-Campaign-Mission-17-Hells-Pocket-5-200x125.jpg 200w, https:\/\/ibomberdefensepacific.standardof.net\/wp-content\/uploads\/sites\/6\/2020\/10\/iBomber-Defense-Pacific-Campaign-Mission-17-Hells-Pocket-5-768x480.jpg 768w, https:\/\/ibomberdefensepacific.standardof.net\/wp-content\/uploads\/sites\/6\/2020\/10\/iBomber-Defense-Pacific-Campaign-Mission-17-Hells-Pocket-5-16x10.jpg 16w, https:\/\/ibomberdefensepacific.standardof.net\/wp-content\/uploads\/sites\/6\/2020\/10\/iBomber-Defense-Pacific-Campaign-Mission-17-Hells-Pocket-5.jpg 1280w\" sizes=\"(max-width: 800px) 100vw, 800px\" \/><\/a><figcaption class=\"blocks-gallery-item__caption\">Onda 20.<\/figcaption><\/figure><\/li><li class=\"blocks-gallery-item\"><figure><a href=\"https:\/\/ibomberdefensepacific.standardof.net\/pt\/guide\/campanha-missao-17-hells-pocket-saipan\/ibomber-defense-pacific-campaign-mission-17-hells-pocket-6\/\"><img decoding=\"async\" width=\"800\" height=\"500\" src=\"https:\/\/ibomberdefensepacific.standardof.net\/wp-content\/uploads\/sites\/6\/2020\/10\/iBomber-Defense-Pacific-Campaign-Mission-17-Hells-Pocket-6-800x500.jpg\" alt=\"&quot;iBomber Defense Pacific&quot; - Miss\u00e3o de campanha 17 - &quot;Hell&#039;s Pocket&quot; (6)\" data-id=\"120\" data-full-url=\"https:\/\/ibomberdefensepacific.standardof.net\/wp-content\/uploads\/sites\/6\/2020\/10\/iBomber-Defense-Pacific-Campaign-Mission-17-Hells-Pocket-6.jpg\" data-link=\"https:\/\/ibomberdefensepacific.standardof.net\/guide\/campaign-mission-17-hells-pocket-saipan\/ibomber-defense-pacific-campaign-mission-17-hells-pocket-6\/\" class=\"wp-image-120\" srcset=\"https:\/\/ibomberdefensepacific.standardof.net\/wp-content\/uploads\/sites\/6\/2020\/10\/iBomber-Defense-Pacific-Campaign-Mission-17-Hells-Pocket-6-800x500.jpg 800w, https:\/\/ibomberdefensepacific.standardof.net\/wp-content\/uploads\/sites\/6\/2020\/10\/iBomber-Defense-Pacific-Campaign-Mission-17-Hells-Pocket-6-512x320.jpg 512w, https:\/\/ibomberdefensepacific.standardof.net\/wp-content\/uploads\/sites\/6\/2020\/10\/iBomber-Defense-Pacific-Campaign-Mission-17-Hells-Pocket-6-200x125.jpg 200w, https:\/\/ibomberdefensepacific.standardof.net\/wp-content\/uploads\/sites\/6\/2020\/10\/iBomber-Defense-Pacific-Campaign-Mission-17-Hells-Pocket-6-768x480.jpg 768w, https:\/\/ibomberdefensepacific.standardof.net\/wp-content\/uploads\/sites\/6\/2020\/10\/iBomber-Defense-Pacific-Campaign-Mission-17-Hells-Pocket-6-16x10.jpg 16w, https:\/\/ibomberdefensepacific.standardof.net\/wp-content\/uploads\/sites\/6\/2020\/10\/iBomber-Defense-Pacific-Campaign-Mission-17-Hells-Pocket-6.jpg 1280w\" sizes=\"(max-width: 800px) 100vw, 800px\" \/><\/a><figcaption class=\"blocks-gallery-item__caption\">Wave 26.<\/figcaption><\/figure><\/li><\/ul><\/figure>\n\n\n\n<hr class=\"wp-block-separator is-style-wide\"\/>\n\n\n\n<h3 class=\"has-text-align-center wp-block-heading\" id=\"4-veteran-difficulty-video-guide\">Veteran Difficulty Video Guide<\/h3>\n\n\n\n<figure class=\"wp-block-embed-youtube wp-block-embed is-type-video is-provider-youtube wp-embed-aspect-16-9 wp-has-aspect-ratio\"><div class=\"wp-block-embed__wrapper\">\n<div class=\"ast-oembed-container\" style=\"height: 100%;\"><iframe title=\"Hell &amp; #039; s Pocket - M17 iBomber Defense Pacific - Passo a passo de veterano Full House\" width=\"500\" height=\"375\" src=\"https:\/\/www.youtube.com\/embed\/cr-nlWCKDMM?feature=oembed\" frameborder=\"0\" allow=\"accelerometer; autoplay; clipboard-write; encrypted-media; gyroscope; picture-in-picture; web-share\" referrerpolicy=\"strict-origin-when-cross-origin\" allowfullscreen><\/iframe><\/div>\n<\/div><\/figure>\n\n\n\n<hr class=\"wp-block-separator is-style-wide\"\/>\n\n\n\n<h3 class=\"wp-block-heading\">Cr\u00e9ditos:<\/h3>\n\n\n\n<p>hwoosh - Corre\u00e7\u00f5es.<\/p>","protected":false},"excerpt":{"rendered":"<p>Hell&#8217;s Pocket: Saipan Saipan holds enormous strategic importance. Protect your position at all costs. In Hell&#8217;s Pocket, you will need to defend your base from 2 main paths of approaching ground units with some air mixed in for 26 waves. Good firing spots are in short supply here, so the plateau near your base will [&hellip;]<\/p>","protected":false},"author":1,"featured_media":120,"parent":164,"menu_order":17,"comment_status":"open","ping_status":"closed","template":"","meta":{"_uag_custom_page_level_css":"","site-sidebar-layout":"default","site-content-layout":"default","ast-site-content-layout":"","site-content-style":"default","site-sidebar-style":"default","ast-global-header-display":"","ast-banner-title-visibility":"","ast-main-header-display":"","ast-hfb-above-header-display":"","ast-hfb-below-header-display":"","ast-hfb-mobile-header-display":"","site-post-title":"","ast-breadcrumbs-content":"","ast-featured-img":"","footer-sml-layout":"","theme-transparent-header-meta":"default","adv-header-id-meta":"","stick-header-meta":"","header-above-stick-meta":"","header-main-stick-meta":"","header-below-stick-meta":"","astra-migrate-meta-layouts":"default","ast-page-background-enabled":"default","ast-page-background-meta":{"desktop":{"background-color":"","background-image":"","background-repeat":"repeat","background-position":"center center","background-size":"auto","background-attachment":"scroll","background-type":"","background-media":"","overlay-type":"","overlay-color":"","overlay-gradient":""},"tablet":{"background-color":"","background-image":"","background-repeat":"repeat","background-position":"center center","background-size":"auto","background-attachment":"scroll","background-type":"","background-media":"","overlay-type":"","overlay-color":"","overlay-gradient":""},"mobile":{"background-color":"","background-image":"","background-repeat":"repeat","background-position":"center center","background-size":"auto","background-attachment":"scroll","background-type":"","background-media":"","overlay-type":"","overlay-color":"","overlay-gradient":""}},"ast-content-background-meta":{"desktop":{"background-color":"var(--ast-global-color-5)","background-image":"","background-repeat":"repeat","background-position":"center center","background-size":"auto","background-attachment":"scroll","background-type":"","background-media":"","overlay-type":"","overlay-color":"","overlay-gradient":""},"tablet":{"background-color":"var(--ast-global-color-5)","background-image":"","background-repeat":"repeat","background-position":"center center","background-size":"auto","background-attachment":"scroll","background-type":"","background-media":"","overlay-type":"","overlay-color":"","overlay-gradient":""},"mobile":{"background-color":"var(--ast-global-color-5)","background-image":"","background-repeat":"repeat","background-position":"center center","background-size":"auto","background-attachment":"scroll","background-type":"","background-media":"","overlay-type":"","overlay-color":"","overlay-gradient":""}},"footnotes":""},"uagb_featured_image_src":{"full":["https:\/\/ibomberdefensepacific.standardof.net\/wp-content\/uploads\/sites\/6\/2020\/10\/iBomber-Defense-Pacific-Campaign-Mission-17-Hells-Pocket-6.jpg",1280,800,false],"thumbnail":["https:\/\/ibomberdefensepacific.standardof.net\/wp-content\/uploads\/sites\/6\/2020\/10\/iBomber-Defense-Pacific-Campaign-Mission-17-Hells-Pocket-6-200x125.jpg",200,125,true],"medium":["https:\/\/ibomberdefensepacific.standardof.net\/wp-content\/uploads\/sites\/6\/2020\/10\/iBomber-Defense-Pacific-Campaign-Mission-17-Hells-Pocket-6-512x320.jpg",512,320,true],"medium_large":["https:\/\/ibomberdefensepacific.standardof.net\/wp-content\/uploads\/sites\/6\/2020\/10\/iBomber-Defense-Pacific-Campaign-Mission-17-Hells-Pocket-6-768x480.jpg",768,480,true],"large":["https:\/\/ibomberdefensepacific.standardof.net\/wp-content\/uploads\/sites\/6\/2020\/10\/iBomber-Defense-Pacific-Campaign-Mission-17-Hells-Pocket-6-800x500.jpg",800,500,true],"1536x1536":["https:\/\/ibomberdefensepacific.standardof.net\/wp-content\/uploads\/sites\/6\/2020\/10\/iBomber-Defense-Pacific-Campaign-Mission-17-Hells-Pocket-6.jpg",1280,800,false],"2048x2048":["https:\/\/ibomberdefensepacific.standardof.net\/wp-content\/uploads\/sites\/6\/2020\/10\/iBomber-Defense-Pacific-Campaign-Mission-17-Hells-Pocket-6.jpg",1280,800,false],"trp-custom-language-flag":["https:\/\/ibomberdefensepacific.standardof.net\/wp-content\/uploads\/sites\/6\/2020\/10\/iBomber-Defense-Pacific-Campaign-Mission-17-Hells-Pocket-6-16x10.jpg",16,10,true]},"uagb_author_info":{"display_name":"SOE","author_link":"https:\/\/ibomberdefensepacific.standardof.net\/pt\/author\/k-tastic\/"},"uagb_comment_info":0,"uagb_excerpt":"Hell&#8217;s Pocket: Saipan Saipan holds enormous strategic importance. Protect your position at all costs. In Hell&#8217;s Pocket, you will need to defend your base from 2 main paths of approaching ground units with some air mixed in for 26 waves. Good firing spots are in short supply here, so the plateau near your base will&hellip;","_links":{"self":[{"href":"https:\/\/ibomberdefensepacific.standardof.net\/pt\/wp-json\/wp\/v2\/pages\/223"}],"collection":[{"href":"https:\/\/ibomberdefensepacific.standardof.net\/pt\/wp-json\/wp\/v2\/pages"}],"about":[{"href":"https:\/\/ibomberdefensepacific.standardof.net\/pt\/wp-json\/wp\/v2\/types\/page"}],"author":[{"embeddable":true,"href":"https:\/\/ibomberdefensepacific.standardof.net\/pt\/wp-json\/wp\/v2\/users\/1"}],"replies":[{"embeddable":true,"href":"https:\/\/ibomberdefensepacific.standardof.net\/pt\/wp-json\/wp\/v2\/comments?post=223"}],"version-history":[{"count":0,"href":"https:\/\/ibomberdefensepacific.standardof.net\/pt\/wp-json\/wp\/v2\/pages\/223\/revisions"}],"up":[{"embeddable":true,"href":"https:\/\/ibomberdefensepacific.standardof.net\/pt\/wp-json\/wp\/v2\/pages\/164"}],"wp:featuredmedia":[{"embeddable":true,"href":"https:\/\/ibomberdefensepacific.standardof.net\/pt\/wp-json\/wp\/v2\/media\/120"}],"wp:attachment":[{"href":"https:\/\/ibomberdefensepacific.standardof.net\/pt\/wp-json\/wp\/v2\/media?parent=223"}],"curies":[{"name":"wp","href":"https:\/\/api.w.org\/{rel}","templated":true}]}}