{"id":213,"date":"2020-10-21T13:35:29","date_gmt":"2020-10-21T13:35:29","guid":{"rendered":"https:\/\/ibomberdefensepacific.standardof.net\/?page_id=213"},"modified":"2020-10-21T17:22:42","modified_gmt":"2020-10-21T17:22:42","slug":"campaign-mission-16-truk-lagoon-counterattack","status":"publish","type":"page","link":"https:\/\/ibomberdefensepacific.standardof.net\/pt\/guide\/campanha-missao-16-truk-lagoa-contra-ataque\/","title":{"rendered":"Miss\u00e3o 16 da campanha: Contra-ataque \u201cTruk Lagoon\u201d"},"content":{"rendered":"<h2 class=\"wp-block-heading\">Lagoa Truk: Contra-ataque<\/h2>\n\n\n\n<div class=\"wp-block-image\"><figure class=\"aligncenter size-large\"><a href=\"https:\/\/ibomberdefensepacific.standardof.net\/pt\/guide\/campanha-missao-16-truk-lagoa-contra-ataque\/ibomber-defense-pacific-campaign-mission-16-truk-lagoon-1-copy\/\"><img decoding=\"async\" width=\"800\" height=\"500\" src=\"https:\/\/ibomberdefensepacific.standardof.net\/wp-content\/uploads\/sites\/6\/2020\/10\/iBomber-Defense-Pacific-Campaign-Mission-16-Truk-Lagoon-1-copy-800x500.jpg\" alt=\"&quot;iBomber Defense Pacific&quot; - Miss\u00e3o de campanha 16 - &quot;Truk Lagoon&quot; (1)\" class=\"wp-image-111\" srcset=\"https:\/\/ibomberdefensepacific.standardof.net\/wp-content\/uploads\/sites\/6\/2020\/10\/iBomber-Defense-Pacific-Campaign-Mission-16-Truk-Lagoon-1-copy-800x500.jpg 800w, https:\/\/ibomberdefensepacific.standardof.net\/wp-content\/uploads\/sites\/6\/2020\/10\/iBomber-Defense-Pacific-Campaign-Mission-16-Truk-Lagoon-1-copy-512x320.jpg 512w, https:\/\/ibomberdefensepacific.standardof.net\/wp-content\/uploads\/sites\/6\/2020\/10\/iBomber-Defense-Pacific-Campaign-Mission-16-Truk-Lagoon-1-copy-200x125.jpg 200w, https:\/\/ibomberdefensepacific.standardof.net\/wp-content\/uploads\/sites\/6\/2020\/10\/iBomber-Defense-Pacific-Campaign-Mission-16-Truk-Lagoon-1-copy-768x480.jpg 768w, https:\/\/ibomberdefensepacific.standardof.net\/wp-content\/uploads\/sites\/6\/2020\/10\/iBomber-Defense-Pacific-Campaign-Mission-16-Truk-Lagoon-1-copy-16x10.jpg 16w, https:\/\/ibomberdefensepacific.standardof.net\/wp-content\/uploads\/sites\/6\/2020\/10\/iBomber-Defense-Pacific-Campaign-Mission-16-Truk-Lagoon-1-copy.jpg 1280w\" sizes=\"(max-width: 800px) 100vw, 800px\" \/><\/a><figcaption>Caminho das unidades inimigas na Lagoa Truk, sendo o vermelho naval e o azul a\u00e9reo.<\/figcaption><\/figure><\/div>\n\n\n\n<p><em>Proteja Truk contra o contra-ataque inimigo surpresa.<\/em><\/p>\n\n\n\n<p>\u00c9 hora de voltar \u00e0 sua antiga base de <strong><a href=\"https:\/\/ibomberdefensepacific.standardof.net\/pt\/guide\/campanha-missao-14-operacao-hailstone-truk-ilha\/\" class=\"rank-math-link\">Opera\u00e7\u00e3o Hailstone<\/a><\/strong> e voltar para lutar contra outras 10 ondas de unidades a\u00e9reas e navais. Haver\u00e1 duas novas rotas abertas na parte inferior do mapa para as unidades navais se aproximarem, tornando as coisas dif\u00edceis, pois exigem uma cobertura mais ampla de suas torres e t\u00eam dist\u00e2ncias mais curtas para viajar a fim de chegar \u00e0 sua base. Uma pequena gra\u00e7a salvadora, al\u00e9m de come\u00e7ar com tudo que voc\u00ea tinha no final do outro n\u00edvel, \u00e9 que voc\u00ea ainda ter\u00e1 a base de apoio AA para manter o c\u00e9u limpo.<\/p>\n\n\n\n<p>Este guia cobrir\u00e1 como obter um Full House, que \u00e9 uma rodada perfeita com todas as medalhas e 20 pontos de vit\u00f3ria, no n\u00edvel da lagoa Truk do <em>iBomber Defense Pacific<\/em> campanha, jogada na dificuldade Veteran. Al\u00e9m disso, este guia de miss\u00e3o cobrir\u00e1 o objetivo secund\u00e1rio e o alvo oculto junto com um v\u00eddeo passo a passo.<\/p>\n\n\n\t\t\t\t<div class=\"wp-block-uagb-table-of-contents uagb-toc__align-left uagb-toc__columns-1  uagb-block-6fa2e770\"\n\t\t\t\t\tdata-scroll= \"1\"\n\t\t\t\t\tdata-offset= \"30\"\n\t\t\t\t\tstyle=\"\"\n\t\t\t\t>\n\t\t\t\t<div class=\"uagb-toc__wrap\">\n\t\t\t\t\t\t<div class=\"uagb-toc__title\">\n\t\t\t\t\t\t\tNavega\u00e7\u00e3o do guia passo a passo:\t\t\t\t\t\t<\/div>\n\t\t\t\t\t\t\t\t\t\t\t\t\t\t\t\t<div class=\"uagb-toc__list-wrap\">\n\t\t\t\t\t\t<ol class=\"uagb-toc__list\"><li class=\"uagb-toc__list\"><a href=\"#secondary-objective\" class=\"uagb-toc-link__trigger\">Objetivo Secund\u00e1rio<\/a><li class=\"uagb-toc__list\"><a href=\"#perks-used-for-this-mission\" class=\"uagb-toc-link__trigger\">Benef\u00edcios usados para esta miss\u00e3o:<\/a><li class=\"uagb-toc__list\"><a href=\"#hidden-target\" class=\"uagb-toc-link__trigger\">Alvo Oculto<\/a><li class=\"uagb-toc__list\"><a href=\"#turret-placement\" class=\"uagb-toc-link__trigger\">Posicionamento da Torre<\/a><li class=\"uagb-toc__list\"><a href=\"#veteran-difficulty-video-guide\" class=\"uagb-toc-link__trigger\">Veteran Difficulty Video Guide<\/a><\/ol>\t\t\t\t\t<\/div>\n\t\t\t\t\t\t\t\t\t<\/div>\n\t\t\t\t<\/div>\n\t\t\t\n\n\n<hr class=\"wp-block-separator is-style-wide\"\/>\n\n\n\n<h3 class=\"wp-block-heading\">Objetivo Secund\u00e1rio<\/h3>\n\n\n\n<p><em>Acumule o m\u00e1ximo de recursos poss\u00edvel para ajudar no esfor\u00e7o de guerra.<\/em><\/p>\n\n\n\n<p>Este \u00e9 outro objetivo de caixa e requer que voc\u00ea tenha 200$ economizado no final do n\u00edvel para complet\u00e1-lo. Como sempre, a maneira mais simples de fazer isso \u00e9 fazer uma pausa bem no final, quando houver apenas uma unidade restante ou quando ela for destru\u00edda, e vender algumas de suas torres para ganhar o dinheiro necess\u00e1rio.<\/p>\n\n\n\n<p><strong>Caixas de suprimentos:<\/strong> Nenhum<\/p>\n\n\n\n<p><strong>Pontos de vit\u00f3ria at\u00e9 agora:<\/strong> 300 (20 n\u00e3o gastos)<\/p>\n\n\n\n<ul><li>Metralhadora lvl 3<br><sup>Especializa\u00e7\u00e3o X2 Power vs Flamed<\/sup><\/li><li>Canh\u00e3o lvl 3<\/li><li>Bomba lvl 3<\/li><li>Flamer lvl 3<\/li><li>Comms lvl 3<br><sup>Maior especializa\u00e7\u00e3o de interesse<\/sup><\/li><li>Foguete lvl 3<\/li><li>Anti-A\u00e9reo n\u00edvel 3<\/li><\/ul>\n\n\n\n<hr class=\"wp-block-separator is-style-wide\"\/>\n\n\n\n<h3 class=\"wp-block-heading\">Benef\u00edcios usados para esta miss\u00e3o:<\/h3>\n\n\n\n<ul><li>Ironback II<\/li><li>Eagle Eye II<\/li><li>Phantom Strike<\/li><\/ul>\n\n\n\n<p>Esta \u00e9 a primeira miss\u00e3o em que n\u00e3o usaremos o Greenback para receber dinheiro extra no in\u00edcio, uma vez que os fundos s\u00e3o menos problem\u00e1ticos desta vez. Em vez disso, optamos pelo objetivo de ajudar a cobrir v\u00e1rios caminhos com as mesmas torres simultaneamente e Ironback para mant\u00ea-los vivos sob a imensa quantidade de poder de fogo distribu\u00edda pelo inimigo aqui. Phantom Strike ainda \u00e9 \u00fatil como antes, pelos mesmos motivos.<\/p>\n\n\n\n<hr class=\"wp-block-separator is-style-wide\"\/>\n\n\n\n<h3 class=\"wp-block-heading\">Alvo Oculto<\/h3>\n\n\n\n<p>N\u00e3o h\u00e1 alvo escondido neste n\u00edvel de contra-ataque, j\u00e1 que tecnicamente j\u00e1 o retiramos da \u00faltima vez que estivemos aqui.<\/p>\n\n\n\n<hr class=\"wp-block-separator is-style-wide\"\/>\n\n\n\n<h3 class=\"wp-block-heading\">Posicionamento da Torre<\/h3>\n\n\n\n<figure class=\"wp-block-gallery aligncenter columns-2 wp-block-gallery-1 is-layout-flex wp-block-gallery-is-layout-flex\"><ul class=\"blocks-gallery-grid\"><li class=\"blocks-gallery-item\"><figure><a href=\"https:\/\/ibomberdefensepacific.standardof.net\/pt\/guide\/campanha-missao-16-truk-lagoa-contra-ataque\/ibomber-defense-pacific-campaign-mission-16-truk-lagoon-2\/\"><img decoding=\"async\" width=\"800\" height=\"500\" src=\"https:\/\/ibomberdefensepacific.standardof.net\/wp-content\/uploads\/sites\/6\/2020\/10\/iBomber-Defense-Pacific-Campaign-Mission-16-Truk-Lagoon-2-800x500.jpg\" alt=\"&quot;iBomber Defense Pacific&quot; - Miss\u00e3o de campanha 16 - &quot;Truk Lagoon&quot; (2)\" data-id=\"112\" data-full-url=\"https:\/\/ibomberdefensepacific.standardof.net\/wp-content\/uploads\/sites\/6\/2020\/10\/iBomber-Defense-Pacific-Campaign-Mission-16-Truk-Lagoon-2.jpg\" data-link=\"https:\/\/ibomberdefensepacific.standardof.net\/guide\/campaign-mission-16-truk-lagoon-counterattack\/ibomber-defense-pacific-campaign-mission-16-truk-lagoon-2\/\" class=\"wp-image-112\" srcset=\"https:\/\/ibomberdefensepacific.standardof.net\/wp-content\/uploads\/sites\/6\/2020\/10\/iBomber-Defense-Pacific-Campaign-Mission-16-Truk-Lagoon-2-800x500.jpg 800w, https:\/\/ibomberdefensepacific.standardof.net\/wp-content\/uploads\/sites\/6\/2020\/10\/iBomber-Defense-Pacific-Campaign-Mission-16-Truk-Lagoon-2-512x320.jpg 512w, https:\/\/ibomberdefensepacific.standardof.net\/wp-content\/uploads\/sites\/6\/2020\/10\/iBomber-Defense-Pacific-Campaign-Mission-16-Truk-Lagoon-2-200x125.jpg 200w, https:\/\/ibomberdefensepacific.standardof.net\/wp-content\/uploads\/sites\/6\/2020\/10\/iBomber-Defense-Pacific-Campaign-Mission-16-Truk-Lagoon-2-768x480.jpg 768w, https:\/\/ibomberdefensepacific.standardof.net\/wp-content\/uploads\/sites\/6\/2020\/10\/iBomber-Defense-Pacific-Campaign-Mission-16-Truk-Lagoon-2-16x10.jpg 16w, https:\/\/ibomberdefensepacific.standardof.net\/wp-content\/uploads\/sites\/6\/2020\/10\/iBomber-Defense-Pacific-Campaign-Mission-16-Truk-Lagoon-2.jpg 1280w\" sizes=\"(max-width: 800px) 100vw, 800px\" \/><\/a><figcaption class=\"blocks-gallery-item__caption\">Posicionamento da torre da onda 1.<\/figcaption><\/figure><\/li><li class=\"blocks-gallery-item\"><figure><a href=\"https:\/\/ibomberdefensepacific.standardof.net\/pt\/guide\/campanha-missao-16-truk-lagoa-contra-ataque\/ibomber-defense-pacific-campaign-mission-16-truk-lagoon-3\/\"><img decoding=\"async\" width=\"800\" height=\"500\" src=\"https:\/\/ibomberdefensepacific.standardof.net\/wp-content\/uploads\/sites\/6\/2020\/10\/iBomber-Defense-Pacific-Campaign-Mission-16-Truk-Lagoon-3-800x500.jpg\" alt=\"&quot;iBomber Defense Pacific&quot; - Miss\u00e3o de campanha 16 - &quot;Truk Lagoon&quot; (3)\" data-id=\"113\" data-full-url=\"https:\/\/ibomberdefensepacific.standardof.net\/wp-content\/uploads\/sites\/6\/2020\/10\/iBomber-Defense-Pacific-Campaign-Mission-16-Truk-Lagoon-3.jpg\" data-link=\"https:\/\/ibomberdefensepacific.standardof.net\/guide\/campaign-mission-16-truk-lagoon-counterattack\/ibomber-defense-pacific-campaign-mission-16-truk-lagoon-3\/\" class=\"wp-image-113\" srcset=\"https:\/\/ibomberdefensepacific.standardof.net\/wp-content\/uploads\/sites\/6\/2020\/10\/iBomber-Defense-Pacific-Campaign-Mission-16-Truk-Lagoon-3-800x500.jpg 800w, https:\/\/ibomberdefensepacific.standardof.net\/wp-content\/uploads\/sites\/6\/2020\/10\/iBomber-Defense-Pacific-Campaign-Mission-16-Truk-Lagoon-3-512x320.jpg 512w, https:\/\/ibomberdefensepacific.standardof.net\/wp-content\/uploads\/sites\/6\/2020\/10\/iBomber-Defense-Pacific-Campaign-Mission-16-Truk-Lagoon-3-200x125.jpg 200w, https:\/\/ibomberdefensepacific.standardof.net\/wp-content\/uploads\/sites\/6\/2020\/10\/iBomber-Defense-Pacific-Campaign-Mission-16-Truk-Lagoon-3-768x480.jpg 768w, https:\/\/ibomberdefensepacific.standardof.net\/wp-content\/uploads\/sites\/6\/2020\/10\/iBomber-Defense-Pacific-Campaign-Mission-16-Truk-Lagoon-3-16x10.jpg 16w, https:\/\/ibomberdefensepacific.standardof.net\/wp-content\/uploads\/sites\/6\/2020\/10\/iBomber-Defense-Pacific-Campaign-Mission-16-Truk-Lagoon-3.jpg 1280w\" sizes=\"(max-width: 800px) 100vw, 800px\" \/><\/a><figcaption class=\"blocks-gallery-item__caption\">Onda 5<\/figcaption><\/figure><\/li><\/ul><\/figure>\n\n\n\n<p>Colocar seu armamento na Lagoa de Truk consistir\u00e1 primeiro em fortificar sua ilha central se houver alguma atualiza\u00e7\u00e3o a ser feita depois que voc\u00ea terminar de reparar os danos causados a eles pelo ataque inicial de bombardeiro. Depois, voc\u00ea deve trabalhar na constru\u00e7\u00e3o de fileiras de canh\u00f5es impulsionados por comunica\u00e7\u00f5es que se estendem ao longo dos ladrilhos edific\u00e1veis do sul e do norte, abrindo caminho da base para fora.<\/p>\n\n\n\n<p>Outra torre AA atualizada para o n\u00edvel 3 ser\u00e1 essencial aqui antes que o n\u00edvel termine, junto com um par de torres de chamas - uma para cobrir a abertura de cada um dos dois novos caminhos de unidades navais do sul. As bombas ser\u00e3o \u00fateis para destruir ondas dif\u00edceis rapidamente, lidar com ataques furtivos ocasionais e evitar que quaisquer inimigos dif\u00edceis escapem de suas defesas quando as coisas ficarem um pouco agitadas. Lembre-se de fazer uma pausa perto do fim e vender as torres assim que tiver quase matado (ou logo no momento de dar o golpe final) a \u00faltima unidade na onda 10 para satisfazer a secund\u00e1ria.<\/p>\n\n\n\n<figure class=\"wp-block-gallery aligncenter columns-1 wp-block-gallery-2 is-layout-flex wp-block-gallery-is-layout-flex\"><ul class=\"blocks-gallery-grid\"><li class=\"blocks-gallery-item\"><figure><a href=\"https:\/\/ibomberdefensepacific.standardof.net\/pt\/guide\/campanha-missao-16-truk-lagoa-contra-ataque\/ibomber-defense-pacific-campaign-mission-16-truk-lagoon-4\/\"><img decoding=\"async\" width=\"800\" height=\"500\" src=\"https:\/\/ibomberdefensepacific.standardof.net\/wp-content\/uploads\/sites\/6\/2020\/10\/iBomber-Defense-Pacific-Campaign-Mission-16-Truk-Lagoon-4-800x500.jpg\" alt=\"&quot;iBomber Defense Pacific&quot; - Miss\u00e3o de campanha 16 - &quot;Truk Lagoon&quot; (4)\" data-id=\"114\" data-full-url=\"https:\/\/ibomberdefensepacific.standardof.net\/wp-content\/uploads\/sites\/6\/2020\/10\/iBomber-Defense-Pacific-Campaign-Mission-16-Truk-Lagoon-4.jpg\" data-link=\"https:\/\/ibomberdefensepacific.standardof.net\/guide\/campaign-mission-16-truk-lagoon-counterattack\/ibomber-defense-pacific-campaign-mission-16-truk-lagoon-4\/\" class=\"wp-image-114\" srcset=\"https:\/\/ibomberdefensepacific.standardof.net\/wp-content\/uploads\/sites\/6\/2020\/10\/iBomber-Defense-Pacific-Campaign-Mission-16-Truk-Lagoon-4-800x500.jpg 800w, https:\/\/ibomberdefensepacific.standardof.net\/wp-content\/uploads\/sites\/6\/2020\/10\/iBomber-Defense-Pacific-Campaign-Mission-16-Truk-Lagoon-4-512x320.jpg 512w, https:\/\/ibomberdefensepacific.standardof.net\/wp-content\/uploads\/sites\/6\/2020\/10\/iBomber-Defense-Pacific-Campaign-Mission-16-Truk-Lagoon-4-200x125.jpg 200w, https:\/\/ibomberdefensepacific.standardof.net\/wp-content\/uploads\/sites\/6\/2020\/10\/iBomber-Defense-Pacific-Campaign-Mission-16-Truk-Lagoon-4-768x480.jpg 768w, https:\/\/ibomberdefensepacific.standardof.net\/wp-content\/uploads\/sites\/6\/2020\/10\/iBomber-Defense-Pacific-Campaign-Mission-16-Truk-Lagoon-4-16x10.jpg 16w, https:\/\/ibomberdefensepacific.standardof.net\/wp-content\/uploads\/sites\/6\/2020\/10\/iBomber-Defense-Pacific-Campaign-Mission-16-Truk-Lagoon-4.jpg 1280w\" sizes=\"(max-width: 800px) 100vw, 800px\" \/><\/a><figcaption class=\"blocks-gallery-item__caption\">Posicionamento da torre da onda 10 na lagoa Truk.<\/figcaption><\/figure><\/li><\/ul><\/figure>\n\n\n\n<hr class=\"wp-block-separator is-style-wide\"\/>\n\n\n\n<h3 class=\"has-text-align-center wp-block-heading\" id=\"4-veteran-difficulty-video-guide\">Veteran Difficulty Video Guide<\/h3>\n\n\n\n<figure class=\"wp-block-embed-youtube wp-block-embed is-type-video is-provider-youtube wp-embed-aspect-4-3 wp-has-aspect-ratio\"><div class=\"wp-block-embed__wrapper\">\n<div class=\"ast-oembed-container\" style=\"height: 100%;\"><iframe title=\"Truk Lagoon - M16 iBomber Defense Pacific - passo a passo veterano Full House\" width=\"500\" height=\"375\" src=\"https:\/\/www.youtube.com\/embed\/CfuNS7rK3Nc?feature=oembed\" frameborder=\"0\" allow=\"accelerometer; autoplay; clipboard-write; encrypted-media; gyroscope; picture-in-picture; web-share\" referrerpolicy=\"strict-origin-when-cross-origin\" allowfullscreen><\/iframe><\/div>\n<\/div><\/figure>","protected":false},"excerpt":{"rendered":"<p>Truk Lagoon: Counterattack Protect Truk against the surprise enemy counterattack. It&#8217;s time to return to your old base from Operation Hailstone and come back to fight another 10 waves of air and naval units. There will be two new routes opened up at the bottom of the map for naval units to approach from, making [&hellip;]<\/p>","protected":false},"author":1,"featured_media":114,"parent":164,"menu_order":16,"comment_status":"open","ping_status":"closed","template":"","meta":{"_uag_custom_page_level_css":"","site-sidebar-layout":"default","site-content-layout":"default","ast-site-content-layout":"","site-content-style":"default","site-sidebar-style":"default","ast-global-header-display":"","ast-banner-title-visibility":"","ast-main-header-display":"","ast-hfb-above-header-display":"","ast-hfb-below-header-display":"","ast-hfb-mobile-header-display":"","site-post-title":"","ast-breadcrumbs-content":"","ast-featured-img":"","footer-sml-layout":"","theme-transparent-header-meta":"default","adv-header-id-meta":"","stick-header-meta":"","header-above-stick-meta":"","header-main-stick-meta":"","header-below-stick-meta":"","astra-migrate-meta-layouts":"default","ast-page-background-enabled":"default","ast-page-background-meta":{"desktop":{"background-color":"","background-image":"","background-repeat":"repeat","background-position":"center center","background-size":"auto","background-attachment":"scroll","background-type":"","background-media":"","overlay-type":"","overlay-color":"","overlay-gradient":""},"tablet":{"background-color":"","background-image":"","background-repeat":"repeat","background-position":"center center","background-size":"auto","background-attachment":"scroll","background-type":"","background-media":"","overlay-type":"","overlay-color":"","overlay-gradient":""},"mobile":{"background-color":"","background-image":"","background-repeat":"repeat","background-position":"center center","background-size":"auto","background-attachment":"scroll","background-type":"","background-media":"","overlay-type":"","overlay-color":"","overlay-gradient":""}},"ast-content-background-meta":{"desktop":{"background-color":"var(--ast-global-color-5)","background-image":"","background-repeat":"repeat","background-position":"center center","background-size":"auto","background-attachment":"scroll","background-type":"","background-media":"","overlay-type":"","overlay-color":"","overlay-gradient":""},"tablet":{"background-color":"var(--ast-global-color-5)","background-image":"","background-repeat":"repeat","background-position":"center center","background-size":"auto","background-attachment":"scroll","background-type":"","background-media":"","overlay-type":"","overlay-color":"","overlay-gradient":""},"mobile":{"background-color":"var(--ast-global-color-5)","background-image":"","background-repeat":"repeat","background-position":"center center","background-size":"auto","background-attachment":"scroll","background-type":"","background-media":"","overlay-type":"","overlay-color":"","overlay-gradient":""}},"footnotes":""},"uagb_featured_image_src":{"full":["https:\/\/ibomberdefensepacific.standardof.net\/wp-content\/uploads\/sites\/6\/2020\/10\/iBomber-Defense-Pacific-Campaign-Mission-16-Truk-Lagoon-4.jpg",1280,800,false],"thumbnail":["https:\/\/ibomberdefensepacific.standardof.net\/wp-content\/uploads\/sites\/6\/2020\/10\/iBomber-Defense-Pacific-Campaign-Mission-16-Truk-Lagoon-4-200x125.jpg",200,125,true],"medium":["https:\/\/ibomberdefensepacific.standardof.net\/wp-content\/uploads\/sites\/6\/2020\/10\/iBomber-Defense-Pacific-Campaign-Mission-16-Truk-Lagoon-4-512x320.jpg",512,320,true],"medium_large":["https:\/\/ibomberdefensepacific.standardof.net\/wp-content\/uploads\/sites\/6\/2020\/10\/iBomber-Defense-Pacific-Campaign-Mission-16-Truk-Lagoon-4-768x480.jpg",768,480,true],"large":["https:\/\/ibomberdefensepacific.standardof.net\/wp-content\/uploads\/sites\/6\/2020\/10\/iBomber-Defense-Pacific-Campaign-Mission-16-Truk-Lagoon-4-800x500.jpg",800,500,true],"1536x1536":["https:\/\/ibomberdefensepacific.standardof.net\/wp-content\/uploads\/sites\/6\/2020\/10\/iBomber-Defense-Pacific-Campaign-Mission-16-Truk-Lagoon-4.jpg",1280,800,false],"2048x2048":["https:\/\/ibomberdefensepacific.standardof.net\/wp-content\/uploads\/sites\/6\/2020\/10\/iBomber-Defense-Pacific-Campaign-Mission-16-Truk-Lagoon-4.jpg",1280,800,false],"trp-custom-language-flag":["https:\/\/ibomberdefensepacific.standardof.net\/wp-content\/uploads\/sites\/6\/2020\/10\/iBomber-Defense-Pacific-Campaign-Mission-16-Truk-Lagoon-4-16x10.jpg",16,10,true]},"uagb_author_info":{"display_name":"SOE","author_link":"https:\/\/ibomberdefensepacific.standardof.net\/pt\/author\/k-tastic\/"},"uagb_comment_info":0,"uagb_excerpt":"Truk Lagoon: Counterattack Protect Truk against the surprise enemy counterattack. It&#8217;s time to return to your old base from Operation Hailstone and come back to fight another 10 waves of air and naval units. There will be two new routes opened up at the bottom of the map for naval units to approach from, making&hellip;","_links":{"self":[{"href":"https:\/\/ibomberdefensepacific.standardof.net\/pt\/wp-json\/wp\/v2\/pages\/213"}],"collection":[{"href":"https:\/\/ibomberdefensepacific.standardof.net\/pt\/wp-json\/wp\/v2\/pages"}],"about":[{"href":"https:\/\/ibomberdefensepacific.standardof.net\/pt\/wp-json\/wp\/v2\/types\/page"}],"author":[{"embeddable":true,"href":"https:\/\/ibomberdefensepacific.standardof.net\/pt\/wp-json\/wp\/v2\/users\/1"}],"replies":[{"embeddable":true,"href":"https:\/\/ibomberdefensepacific.standardof.net\/pt\/wp-json\/wp\/v2\/comments?post=213"}],"version-history":[{"count":0,"href":"https:\/\/ibomberdefensepacific.standardof.net\/pt\/wp-json\/wp\/v2\/pages\/213\/revisions"}],"up":[{"embeddable":true,"href":"https:\/\/ibomberdefensepacific.standardof.net\/pt\/wp-json\/wp\/v2\/pages\/164"}],"wp:featuredmedia":[{"embeddable":true,"href":"https:\/\/ibomberdefensepacific.standardof.net\/pt\/wp-json\/wp\/v2\/media\/114"}],"wp:attachment":[{"href":"https:\/\/ibomberdefensepacific.standardof.net\/pt\/wp-json\/wp\/v2\/media?parent=213"}],"curies":[{"name":"wp","href":"https:\/\/api.w.org\/{rel}","templated":true}]}}