{"id":208,"date":"2020-10-21T13:33:41","date_gmt":"2020-10-21T13:33:41","guid":{"rendered":"https:\/\/ibomberdefensepacific.standardof.net\/?page_id=208"},"modified":"2020-10-21T17:21:42","modified_gmt":"2020-10-21T17:21:42","slug":"campaign-mission-11-santa-cruz-sea-attack","status":"publish","type":"page","link":"https:\/\/ibomberdefensepacific.standardof.net\/pt\/guide\/campaign-mission-11-santa-cruz-sea-attack\/","title":{"rendered":"Miss\u00e3o 11 da campanha: Ataque mar\u00edtimo de \u201cSanta Cruz\u201d!"},"content":{"rendered":"<h2 class=\"wp-block-heading\">Santa Cruz: Sea Attack!<\/h2>\n\n\n\n<div class=\"wp-block-image\"><figure class=\"aligncenter size-large\"><img decoding=\"async\" width=\"800\" height=\"500\" src=\"https:\/\/ibomberdefensepacific.standardof.net\/wp-content\/uploads\/sites\/6\/2020\/10\/iBomber-Defense-Pacific-Campaign-Mission-11-Santa-Cruz-1-copy-800x500.jpg\" alt=\"&quot;iBomber Defense Pacific&quot; - Miss\u00e3o de campanha 11 - &quot;Santa Cruz&quot; (1)\" class=\"wp-image-81\" srcset=\"https:\/\/ibomberdefensepacific.standardof.net\/wp-content\/uploads\/sites\/6\/2020\/10\/iBomber-Defense-Pacific-Campaign-Mission-11-Santa-Cruz-1-copy-800x500.jpg 800w, https:\/\/ibomberdefensepacific.standardof.net\/wp-content\/uploads\/sites\/6\/2020\/10\/iBomber-Defense-Pacific-Campaign-Mission-11-Santa-Cruz-1-copy-512x320.jpg 512w, https:\/\/ibomberdefensepacific.standardof.net\/wp-content\/uploads\/sites\/6\/2020\/10\/iBomber-Defense-Pacific-Campaign-Mission-11-Santa-Cruz-1-copy-200x125.jpg 200w, https:\/\/ibomberdefensepacific.standardof.net\/wp-content\/uploads\/sites\/6\/2020\/10\/iBomber-Defense-Pacific-Campaign-Mission-11-Santa-Cruz-1-copy-768x480.jpg 768w, https:\/\/ibomberdefensepacific.standardof.net\/wp-content\/uploads\/sites\/6\/2020\/10\/iBomber-Defense-Pacific-Campaign-Mission-11-Santa-Cruz-1-copy-16x10.jpg 16w, https:\/\/ibomberdefensepacific.standardof.net\/wp-content\/uploads\/sites\/6\/2020\/10\/iBomber-Defense-Pacific-Campaign-Mission-11-Santa-Cruz-1-copy.jpg 1280w\" sizes=\"(max-width: 800px) 100vw, 800px\" \/><figcaption>Os caminhos da onda naval inimiga na miss\u00e3o Santa Cruz do \u201ciBomber Defense Pacific\u201d.<\/figcaption><\/figure><\/div>\n\n\n\n<p><em>Rompa o impasse e obtenha uma vit\u00f3ria decisiva. Mantenha sua posi\u00e7\u00e3o nas Solomons.<\/em><\/p>\n\n\n\n<p>Em Santa Cruz, voc\u00ea estar\u00e1 defendendo sua base contra 25 ondas de nada al\u00e9m de unidades navais, principalmente as maiores e bem blindadas, vindo das partes superior central e superior direita do mapa e indo para sua base \u00e0 esquerda. Boas posi\u00e7\u00f5es de tiro neste n\u00edvel s\u00e3o limitadas.<\/p>\n\n\n\n<p>Este guia cobrir\u00e1 como conseguir um Full House, que \u00e9 uma rodada perfeita com todas as medalhas e 20 pontos de vit\u00f3ria, no n\u00edvel de Santa Cruz do <em>iBomber Defense Pacific<\/em> campanha, jogada na dificuldade Veteran. Al\u00e9m disso, este guia de miss\u00e3o cobrir\u00e1 o objetivo secund\u00e1rio e o alvo oculto junto com um v\u00eddeo passo a passo.<\/p>\n\n\n\t\t\t\t<div class=\"wp-block-uagb-table-of-contents uagb-toc__align-left uagb-toc__columns-1  uagb-block-5f36fb38\"\n\t\t\t\t\tdata-scroll= \"1\"\n\t\t\t\t\tdata-offset= \"30\"\n\t\t\t\t\tstyle=\"\"\n\t\t\t\t>\n\t\t\t\t<div class=\"uagb-toc__wrap\">\n\t\t\t\t\t\t<div class=\"uagb-toc__title\">\n\t\t\t\t\t\t\tNavega\u00e7\u00e3o do guia passo a passo:\t\t\t\t\t\t<\/div>\n\t\t\t\t\t\t\t\t\t\t\t\t\t\t\t\t<div class=\"uagb-toc__list-wrap\">\n\t\t\t\t\t\t<ol class=\"uagb-toc__list\"><li class=\"uagb-toc__list\"><a href=\"#secondary-objective\" class=\"uagb-toc-link__trigger\">Objetivo Secund\u00e1rio<\/a><li class=\"uagb-toc__list\"><a href=\"#perks-used-for-this-mission\" class=\"uagb-toc-link__trigger\">Benef\u00edcios usados para esta miss\u00e3o:<\/a><li class=\"uagb-toc__list\"><a href=\"#hidden-target\" class=\"uagb-toc-link__trigger\">Alvo Oculto<\/a><li class=\"uagb-toc__list\"><a href=\"#turret-placement\" class=\"uagb-toc-link__trigger\">Posicionamento da Torre<\/a><li class=\"uagb-toc__list\"><a href=\"#veteran-difficulty-video-guide\" class=\"uagb-toc-link__trigger\">Veteran Difficulty Video Guide<\/a><li class=\"uagb-toc__list\"><a href=\"#sharp-shooter-achievement\" class=\"uagb-toc-link__trigger\">Sharp Shooter Achievement<\/a><\/ol>\t\t\t\t\t<\/div>\n\t\t\t\t\t\t\t\t\t<\/div>\n\t\t\t\t<\/div>\n\t\t\t\n\n\n<hr class=\"wp-block-separator is-style-wide\"\/>\n\n\n\n<h3 class=\"wp-block-heading\">Objetivo Secund\u00e1rio<\/h3>\n\n\n\n<p><em>Proteger a ponte \u00e9 fundamental para as opera\u00e7\u00f5es aliadas em Santa Cruz. Proteja-o a todo custo.<\/em><\/p>\n\n\n\n<p>Existe uma ponte de madeira que liga os dois principais terrenos deste n\u00edvel. \u00c9 relativamente suscet\u00edvel ao fogo inimigo e pode ser destru\u00eddo rapidamente, mas \u00e9 composto de v\u00e1rias se\u00e7\u00f5es, apenas algumas das quais devem ser salvas para completar este objetivo. Espere perder metade da ponte e tente n\u00e3o se estressar muito com isso.<\/p>\n\n\n\n<p><strong>Caixas de suprimentos:<\/strong> 7<\/p>\n\n\n\n<p><strong>Pontos de vit\u00f3ria at\u00e9 agora:<\/strong> 200<\/p>\n\n\n\n<ul><li>Metralhadora lvl 3<br>Especializa\u00e7\u00e3o X2 Power vs Flamed<\/li><li>Canh\u00e3o lvl 3<\/li><li>Bomba lvl 3<\/li><li>Flamer lvl 3<\/li><li>Comms lvl 3<\/li><li>Foguete lvl 1<\/li><\/ul>\n\n\n\n<hr class=\"wp-block-separator is-style-wide\"\/>\n\n\n\n<h3 class=\"wp-block-heading\">Benef\u00edcios usados para esta miss\u00e3o:<\/h3>\n\n\n\n<ul><li>Greenback II<\/li><li>Iron Back II<\/li><li>Entrega especial<\/li><\/ul>\n\n\n\n<p>Greenback, agora na segunda posi\u00e7\u00e3o, e Special Delivery ajudar\u00e3o consideravelmente com fundos para defesas mais fortes e cobrir a ponte ao mesmo tempo. Ironback II \u00e9 \u00fatil devido \u00e0 quantidade consider\u00e1vel de dano causado pelo inimigo neste n\u00edvel e ajuda a economizar uma tonelada de dinheiro em reparos, o que pode encurtar potencialmente suas defesas.<\/p>\n\n\n\n<hr class=\"wp-block-separator is-style-wide\"\/>\n\n\n\n<h3 class=\"wp-block-heading\">Alvo Oculto<\/h3>\n\n\n\n<p>O alvo oculto em Santa Cruz \u00e9 muito f\u00e1cil de encontrar, considerando que n\u00e3o h\u00e1 nenhuma outra estrutura neste mapa al\u00e9m de sua base e a ponte, que voc\u00ea absolutamente n\u00e3o deveria jogar bombas em qualquer lugar pr\u00f3ximo. Estou te observando . . .<\/p>\n\n\n\n<p>Olhe para o leste, um peda\u00e7o maior de terra principal, para encontrar um par de estruturas de madeira escondidas entre algumas \u00e1rvores, que n\u00e3o est\u00e3o realmente escondidas considerando que est\u00e3o cercadas por um campo aberto. \u00c9 dif\u00edcil dizer qual estrutura do par \u00e9 o alvo real; entretanto, \u00e9 f\u00e1cil acertar ambos com uma bomba.<\/p>\n\n\n\n<div class=\"wp-block-image\"><figure class=\"aligncenter size-large\"><a href=\"https:\/\/ibomberdefensepacific.standardof.net\/pt\/guide\/campaign-mission-11-santa-cruz-sea-attack\/ibomber-defense-pacific-campaign-mission-11-santa-cruz-2\/\"><img decoding=\"async\" width=\"340\" height=\"211\" src=\"https:\/\/ibomberdefensepacific.standardof.net\/wp-content\/uploads\/sites\/6\/2020\/10\/iBomber-Defense-Pacific-Campaign-Mission-11-Santa-Cruz-2.jpg\" alt=\"&quot;iBomber Defense Pacific&quot; - Miss\u00e3o de campanha 11 - &quot;Santa Cruz&quot; (2)\" class=\"wp-image-82\" srcset=\"https:\/\/ibomberdefensepacific.standardof.net\/wp-content\/uploads\/sites\/6\/2020\/10\/iBomber-Defense-Pacific-Campaign-Mission-11-Santa-Cruz-2.jpg 340w, https:\/\/ibomberdefensepacific.standardof.net\/wp-content\/uploads\/sites\/6\/2020\/10\/iBomber-Defense-Pacific-Campaign-Mission-11-Santa-Cruz-2-200x124.jpg 200w, https:\/\/ibomberdefensepacific.standardof.net\/wp-content\/uploads\/sites\/6\/2020\/10\/iBomber-Defense-Pacific-Campaign-Mission-11-Santa-Cruz-2-16x10.jpg 16w\" sizes=\"(max-width: 340px) 100vw, 340px\" \/><\/a><figcaption>O alvo n\u00e3o t\u00e3o escondido em Santa Cruz.<\/figcaption><\/figure><\/div>\n\n\n\n<hr class=\"wp-block-separator is-style-wide\"\/>\n\n\n\n<h3 class=\"wp-block-heading\">Posicionamento da Torre<\/h3>\n\n\n\n<figure class=\"wp-block-gallery columns-2 is-cropped wp-block-gallery-1 is-layout-flex wp-block-gallery-is-layout-flex\"><ul class=\"blocks-gallery-grid\"><li class=\"blocks-gallery-item\"><figure><a href=\"https:\/\/ibomberdefensepacific.standardof.net\/pt\/guide\/campaign-mission-11-santa-cruz-sea-attack\/ibomber-defense-pacific-campaign-mission-11-santa-cruz-3\/\"><img decoding=\"async\" width=\"800\" height=\"500\" src=\"https:\/\/ibomberdefensepacific.standardof.net\/wp-content\/uploads\/sites\/6\/2020\/10\/iBomber-Defense-Pacific-Campaign-Mission-11-Santa-Cruz-3-800x500.jpg\" alt=\"&quot;iBomber Defense Pacific&quot; - Miss\u00e3o de campanha 11 - &quot;Santa Cruz&quot; (3)\" data-id=\"83\" data-full-url=\"https:\/\/ibomberdefensepacific.standardof.net\/wp-content\/uploads\/sites\/6\/2020\/10\/iBomber-Defense-Pacific-Campaign-Mission-11-Santa-Cruz-3.jpg\" data-link=\"https:\/\/ibomberdefensepacific.standardof.net\/guide\/campaign-mission-11-santa-cruz-sea-attack\/ibomber-defense-pacific-campaign-mission-11-santa-cruz-3\/\" class=\"wp-image-83\" srcset=\"https:\/\/ibomberdefensepacific.standardof.net\/wp-content\/uploads\/sites\/6\/2020\/10\/iBomber-Defense-Pacific-Campaign-Mission-11-Santa-Cruz-3-800x500.jpg 800w, https:\/\/ibomberdefensepacific.standardof.net\/wp-content\/uploads\/sites\/6\/2020\/10\/iBomber-Defense-Pacific-Campaign-Mission-11-Santa-Cruz-3-512x320.jpg 512w, https:\/\/ibomberdefensepacific.standardof.net\/wp-content\/uploads\/sites\/6\/2020\/10\/iBomber-Defense-Pacific-Campaign-Mission-11-Santa-Cruz-3-200x125.jpg 200w, https:\/\/ibomberdefensepacific.standardof.net\/wp-content\/uploads\/sites\/6\/2020\/10\/iBomber-Defense-Pacific-Campaign-Mission-11-Santa-Cruz-3-768x480.jpg 768w, https:\/\/ibomberdefensepacific.standardof.net\/wp-content\/uploads\/sites\/6\/2020\/10\/iBomber-Defense-Pacific-Campaign-Mission-11-Santa-Cruz-3-16x10.jpg 16w, https:\/\/ibomberdefensepacific.standardof.net\/wp-content\/uploads\/sites\/6\/2020\/10\/iBomber-Defense-Pacific-Campaign-Mission-11-Santa-Cruz-3.jpg 1280w\" sizes=\"(max-width: 800px) 100vw, 800px\" \/><\/a><figcaption class=\"blocks-gallery-item__caption\">Posicionamento da torre onda 8.<\/figcaption><\/figure><\/li><li class=\"blocks-gallery-item\"><figure><a href=\"https:\/\/ibomberdefensepacific.standardof.net\/pt\/guide\/campaign-mission-11-santa-cruz-sea-attack\/ibomber-defense-pacific-campaign-mission-11-santa-cruz-4\/\"><img decoding=\"async\" width=\"800\" height=\"500\" src=\"https:\/\/ibomberdefensepacific.standardof.net\/wp-content\/uploads\/sites\/6\/2020\/10\/iBomber-Defense-Pacific-Campaign-Mission-11-Santa-Cruz-4-800x500.jpg\" alt=\"&quot;iBomber Defense Pacific&quot; - Miss\u00e3o de campanha 11 - &quot;Santa Cruz&quot; (4)\" data-id=\"84\" data-full-url=\"https:\/\/ibomberdefensepacific.standardof.net\/wp-content\/uploads\/sites\/6\/2020\/10\/iBomber-Defense-Pacific-Campaign-Mission-11-Santa-Cruz-4.jpg\" data-link=\"https:\/\/ibomberdefensepacific.standardof.net\/guide\/campaign-mission-11-santa-cruz-sea-attack\/ibomber-defense-pacific-campaign-mission-11-santa-cruz-4\/\" class=\"wp-image-84\" srcset=\"https:\/\/ibomberdefensepacific.standardof.net\/wp-content\/uploads\/sites\/6\/2020\/10\/iBomber-Defense-Pacific-Campaign-Mission-11-Santa-Cruz-4-800x500.jpg 800w, https:\/\/ibomberdefensepacific.standardof.net\/wp-content\/uploads\/sites\/6\/2020\/10\/iBomber-Defense-Pacific-Campaign-Mission-11-Santa-Cruz-4-512x320.jpg 512w, https:\/\/ibomberdefensepacific.standardof.net\/wp-content\/uploads\/sites\/6\/2020\/10\/iBomber-Defense-Pacific-Campaign-Mission-11-Santa-Cruz-4-200x125.jpg 200w, https:\/\/ibomberdefensepacific.standardof.net\/wp-content\/uploads\/sites\/6\/2020\/10\/iBomber-Defense-Pacific-Campaign-Mission-11-Santa-Cruz-4-768x480.jpg 768w, https:\/\/ibomberdefensepacific.standardof.net\/wp-content\/uploads\/sites\/6\/2020\/10\/iBomber-Defense-Pacific-Campaign-Mission-11-Santa-Cruz-4-16x10.jpg 16w, https:\/\/ibomberdefensepacific.standardof.net\/wp-content\/uploads\/sites\/6\/2020\/10\/iBomber-Defense-Pacific-Campaign-Mission-11-Santa-Cruz-4.jpg 1280w\" sizes=\"(max-width: 800px) 100vw, 800px\" \/><\/a><figcaption class=\"blocks-gallery-item__caption\">Posicionamento da torre Wave 18.<\/figcaption><\/figure><\/li><\/ul><\/figure>\n\n\n\n<p>A coloca\u00e7\u00e3o da torre se concentrar\u00e1 em fazer uma forte demonstra\u00e7\u00e3o de for\u00e7a na ilha menor que fica perto de sua base, com uma torre de bomba colocada no in\u00edcio para come\u00e7ar a trabalhar nas caixas e ocasionalmente derrubar ataques furtivos. Coloque um flamer \u00e0 direita da ponte para retardar as unidades que v\u00eam do caminho mais curto, dando \u00e0s outras torres mais tempo para atirar nelas.<\/p>\n\n\n\n<p>Os fundos ser\u00e3o limitados, ent\u00e3o voc\u00ea terminar\u00e1 a miss\u00e3o com apenas um punhado de torres atualizadas. Coloque 3 canh\u00f5es ao longo do pequeno trecho do caminho mesclado - o primeiro par no lado direito da pequena massa de terra e o terceiro na pequena ilha - para que os dois primeiros possam se beneficiar de uma Torre de comunica\u00e7\u00e3o que aumentar\u00e1 a maior parte do primeiro grupo.<\/p>\n\n\n\n<p>Uma \u00fanica torre de metralhadora colocada no lado sul da ponte ajudar\u00e1 a proteger seu objetivo secund\u00e1rio ao atirar em unidades que v\u00eam do caminho mais longo - embora, como mencionado acima, espere que a ponte ainda sofra alguns danos inevit\u00e1veis.<\/p>\n\n\n\n<figure class=\"wp-block-gallery aligncenter columns-1 is-cropped wp-block-gallery-2 is-layout-flex wp-block-gallery-is-layout-flex\"><ul class=\"blocks-gallery-grid\"><li class=\"blocks-gallery-item\"><figure><a href=\"https:\/\/ibomberdefensepacific.standardof.net\/pt\/guide\/campaign-mission-11-santa-cruz-sea-attack\/ibomber-defense-pacific-campaign-mission-11-santa-cruz-5\/\"><img decoding=\"async\" width=\"800\" height=\"500\" src=\"https:\/\/ibomberdefensepacific.standardof.net\/wp-content\/uploads\/sites\/6\/2020\/10\/iBomber-Defense-Pacific-Campaign-Mission-11-Santa-Cruz-5-800x500.jpg\" alt=\"&quot;iBomber Defense Pacific&quot; - Miss\u00e3o de campanha 11 - &quot;Santa Cruz&quot; (5)\" data-id=\"85\" data-full-url=\"https:\/\/ibomberdefensepacific.standardof.net\/wp-content\/uploads\/sites\/6\/2020\/10\/iBomber-Defense-Pacific-Campaign-Mission-11-Santa-Cruz-5.jpg\" data-link=\"https:\/\/ibomberdefensepacific.standardof.net\/guide\/campaign-mission-11-santa-cruz-sea-attack\/ibomber-defense-pacific-campaign-mission-11-santa-cruz-5\/\" class=\"wp-image-85\" srcset=\"https:\/\/ibomberdefensepacific.standardof.net\/wp-content\/uploads\/sites\/6\/2020\/10\/iBomber-Defense-Pacific-Campaign-Mission-11-Santa-Cruz-5-800x500.jpg 800w, https:\/\/ibomberdefensepacific.standardof.net\/wp-content\/uploads\/sites\/6\/2020\/10\/iBomber-Defense-Pacific-Campaign-Mission-11-Santa-Cruz-5-512x320.jpg 512w, https:\/\/ibomberdefensepacific.standardof.net\/wp-content\/uploads\/sites\/6\/2020\/10\/iBomber-Defense-Pacific-Campaign-Mission-11-Santa-Cruz-5-200x125.jpg 200w, https:\/\/ibomberdefensepacific.standardof.net\/wp-content\/uploads\/sites\/6\/2020\/10\/iBomber-Defense-Pacific-Campaign-Mission-11-Santa-Cruz-5-768x480.jpg 768w, https:\/\/ibomberdefensepacific.standardof.net\/wp-content\/uploads\/sites\/6\/2020\/10\/iBomber-Defense-Pacific-Campaign-Mission-11-Santa-Cruz-5-16x10.jpg 16w, https:\/\/ibomberdefensepacific.standardof.net\/wp-content\/uploads\/sites\/6\/2020\/10\/iBomber-Defense-Pacific-Campaign-Mission-11-Santa-Cruz-5.jpg 1280w\" sizes=\"(max-width: 800px) 100vw, 800px\" \/><\/a><figcaption class=\"blocks-gallery-item__caption\">Coloca\u00e7\u00e3o da torre Wave 26 em Santa Cruz.<\/figcaption><\/figure><\/li><\/ul><\/figure>\n\n\n\n<hr class=\"wp-block-separator is-style-wide\"\/>\n\n\n\n<h3 class=\"has-text-align-center wp-block-heading\" id=\"4-veteran-difficulty-video-guide\">Veteran Difficulty Video Guide<\/h3>\n\n\n\n<figure class=\"wp-block-embed-youtube wp-block-embed is-type-video is-provider-youtube wp-embed-aspect-4-3 wp-has-aspect-ratio\"><div class=\"wp-block-embed__wrapper\">\n<div class=\"ast-oembed-container\" style=\"height: 100%;\"><iframe title=\"Santa Cruz - M11 iBomber Defense Pacific - passo a passo veterano Full House\" width=\"500\" height=\"375\" src=\"https:\/\/www.youtube.com\/embed\/5Zxh4HjtIss?feature=oembed\" frameborder=\"0\" allow=\"accelerometer; autoplay; clipboard-write; encrypted-media; gyroscope; picture-in-picture; web-share\" referrerpolicy=\"strict-origin-when-cross-origin\" allowfullscreen><\/iframe><\/div>\n<\/div><\/figure>\n\n\n\n<hr class=\"wp-block-separator is-style-wide\"\/>\n\n\n\n<h3 class=\"wp-block-heading\">Sharp Shooter Achievement<\/h3>\n\n\n\n<p>H\u00e1 uma conquista especial nesta miss\u00e3o, Sharp Shooter, que voc\u00ea pode obter usando apenas torres de metralhadora. Para ver isso realizado, verifique o guia de v\u00eddeo especial abaixo.<\/p>\n\n\n\n<figure class=\"wp-block-embed-youtube wp-block-embed is-type-video is-provider-youtube wp-embed-aspect-16-9 wp-has-aspect-ratio\"><div class=\"wp-block-embed__wrapper\">\n<div class=\"ast-oembed-container\" style=\"height: 100%;\"><iframe title=\"Sharp Shooter Achievement Guide - iBomber Defense Pacific - Veteran Perfect Walkthrough\" width=\"500\" height=\"281\" src=\"https:\/\/www.youtube.com\/embed\/vhOP6VQCwg8?feature=oembed\" frameborder=\"0\" allow=\"accelerometer; autoplay; clipboard-write; encrypted-media; gyroscope; picture-in-picture; web-share\" referrerpolicy=\"strict-origin-when-cross-origin\" allowfullscreen><\/iframe><\/div>\n<\/div><\/figure>","protected":false},"excerpt":{"rendered":"<p>Santa Cruz: Sea Attack! Break the stalemate and gain a decisive victory. Hold your position in the Solomons. In Santa Cruz, you will be defending your base against 25 waves of nothing but naval units, mostly larger well-armored ones, coming from the top center and top right portions of the map and heading to your [&hellip;]<\/p>","protected":false},"author":1,"featured_media":85,"parent":164,"menu_order":11,"comment_status":"open","ping_status":"closed","template":"","meta":{"_uag_custom_page_level_css":"","site-sidebar-layout":"default","site-content-layout":"default","ast-site-content-layout":"","site-content-style":"default","site-sidebar-style":"default","ast-global-header-display":"","ast-banner-title-visibility":"","ast-main-header-display":"","ast-hfb-above-header-display":"","ast-hfb-below-header-display":"","ast-hfb-mobile-header-display":"","site-post-title":"","ast-breadcrumbs-content":"","ast-featured-img":"","footer-sml-layout":"","theme-transparent-header-meta":"default","adv-header-id-meta":"","stick-header-meta":"","header-above-stick-meta":"","header-main-stick-meta":"","header-below-stick-meta":"","astra-migrate-meta-layouts":"default","ast-page-background-enabled":"default","ast-page-background-meta":{"desktop":{"background-color":"","background-image":"","background-repeat":"repeat","background-position":"center center","background-size":"auto","background-attachment":"scroll","background-type":"","background-media":"","overlay-type":"","overlay-color":"","overlay-gradient":""},"tablet":{"background-color":"","background-image":"","background-repeat":"repeat","background-position":"center center","background-size":"auto","background-attachment":"scroll","background-type":"","background-media":"","overlay-type":"","overlay-color":"","overlay-gradient":""},"mobile":{"background-color":"","background-image":"","background-repeat":"repeat","background-position":"center center","background-size":"auto","background-attachment":"scroll","background-type":"","background-media":"","overlay-type":"","overlay-color":"","overlay-gradient":""}},"ast-content-background-meta":{"desktop":{"background-color":"var(--ast-global-color-5)","background-image":"","background-repeat":"repeat","background-position":"center center","background-size":"auto","background-attachment":"scroll","background-type":"","background-media":"","overlay-type":"","overlay-color":"","overlay-gradient":""},"tablet":{"background-color":"var(--ast-global-color-5)","background-image":"","background-repeat":"repeat","background-position":"center center","background-size":"auto","background-attachment":"scroll","background-type":"","background-media":"","overlay-type":"","overlay-color":"","overlay-gradient":""},"mobile":{"background-color":"var(--ast-global-color-5)","background-image":"","background-repeat":"repeat","background-position":"center center","background-size":"auto","background-attachment":"scroll","background-type":"","background-media":"","overlay-type":"","overlay-color":"","overlay-gradient":""}},"footnotes":""},"uagb_featured_image_src":{"full":["https:\/\/ibomberdefensepacific.standardof.net\/wp-content\/uploads\/sites\/6\/2020\/10\/iBomber-Defense-Pacific-Campaign-Mission-11-Santa-Cruz-5.jpg",1280,800,false],"thumbnail":["https:\/\/ibomberdefensepacific.standardof.net\/wp-content\/uploads\/sites\/6\/2020\/10\/iBomber-Defense-Pacific-Campaign-Mission-11-Santa-Cruz-5-200x125.jpg",200,125,true],"medium":["https:\/\/ibomberdefensepacific.standardof.net\/wp-content\/uploads\/sites\/6\/2020\/10\/iBomber-Defense-Pacific-Campaign-Mission-11-Santa-Cruz-5-512x320.jpg",512,320,true],"medium_large":["https:\/\/ibomberdefensepacific.standardof.net\/wp-content\/uploads\/sites\/6\/2020\/10\/iBomber-Defense-Pacific-Campaign-Mission-11-Santa-Cruz-5-768x480.jpg",768,480,true],"large":["https:\/\/ibomberdefensepacific.standardof.net\/wp-content\/uploads\/sites\/6\/2020\/10\/iBomber-Defense-Pacific-Campaign-Mission-11-Santa-Cruz-5-800x500.jpg",800,500,true],"1536x1536":["https:\/\/ibomberdefensepacific.standardof.net\/wp-content\/uploads\/sites\/6\/2020\/10\/iBomber-Defense-Pacific-Campaign-Mission-11-Santa-Cruz-5.jpg",1280,800,false],"2048x2048":["https:\/\/ibomberdefensepacific.standardof.net\/wp-content\/uploads\/sites\/6\/2020\/10\/iBomber-Defense-Pacific-Campaign-Mission-11-Santa-Cruz-5.jpg",1280,800,false],"trp-custom-language-flag":["https:\/\/ibomberdefensepacific.standardof.net\/wp-content\/uploads\/sites\/6\/2020\/10\/iBomber-Defense-Pacific-Campaign-Mission-11-Santa-Cruz-5-16x10.jpg",16,10,true]},"uagb_author_info":{"display_name":"SOE","author_link":"https:\/\/ibomberdefensepacific.standardof.net\/pt\/author\/k-tastic\/"},"uagb_comment_info":0,"uagb_excerpt":"Santa Cruz: Sea Attack! Break the stalemate and gain a decisive victory. Hold your position in the Solomons. In Santa Cruz, you will be defending your base against 25 waves of nothing but naval units, mostly larger well-armored ones, coming from the top center and top right portions of the map and heading to your&hellip;","_links":{"self":[{"href":"https:\/\/ibomberdefensepacific.standardof.net\/pt\/wp-json\/wp\/v2\/pages\/208"}],"collection":[{"href":"https:\/\/ibomberdefensepacific.standardof.net\/pt\/wp-json\/wp\/v2\/pages"}],"about":[{"href":"https:\/\/ibomberdefensepacific.standardof.net\/pt\/wp-json\/wp\/v2\/types\/page"}],"author":[{"embeddable":true,"href":"https:\/\/ibomberdefensepacific.standardof.net\/pt\/wp-json\/wp\/v2\/users\/1"}],"replies":[{"embeddable":true,"href":"https:\/\/ibomberdefensepacific.standardof.net\/pt\/wp-json\/wp\/v2\/comments?post=208"}],"version-history":[{"count":0,"href":"https:\/\/ibomberdefensepacific.standardof.net\/pt\/wp-json\/wp\/v2\/pages\/208\/revisions"}],"up":[{"embeddable":true,"href":"https:\/\/ibomberdefensepacific.standardof.net\/pt\/wp-json\/wp\/v2\/pages\/164"}],"wp:featuredmedia":[{"embeddable":true,"href":"https:\/\/ibomberdefensepacific.standardof.net\/pt\/wp-json\/wp\/v2\/media\/85"}],"wp:attachment":[{"href":"https:\/\/ibomberdefensepacific.standardof.net\/pt\/wp-json\/wp\/v2\/media?parent=208"}],"curies":[{"name":"wp","href":"https:\/\/api.w.org\/{rel}","templated":true}]}}