{"id":207,"date":"2020-10-21T13:33:25","date_gmt":"2020-10-21T13:33:25","guid":{"rendered":"https:\/\/ibomberdefensepacific.standardof.net\/?page_id=207"},"modified":"2020-10-21T17:21:25","modified_gmt":"2020-10-21T17:21:25","slug":"campaign-mission-10-alligator-creek-watchtower","status":"publish","type":"page","link":"https:\/\/ibomberdefensepacific.standardof.net\/pt\/guide\/campaign-mission-10-alligator-creek-watchtower\/","title":{"rendered":"Miss\u00e3o da campanha 10: Torre de Vigia \u201cAlligator Creek\u201d"},"content":{"rendered":"<h2 class=\"wp-block-heading\">Alligator Creek: Watchtower<\/h2>\n\n\n\n<div class=\"wp-block-image\"><figure class=\"aligncenter size-large\"><a href=\"https:\/\/ibomberdefensepacific.standardof.net\/pt\/guide\/campaign-mission-10-alligator-creek-watchtower\/ibomber-defense-pacific-campaign-mission-10-alligator-creek-1-copy\/\"><img decoding=\"async\" width=\"800\" height=\"500\" src=\"https:\/\/ibomberdefensepacific.standardof.net\/wp-content\/uploads\/sites\/6\/2020\/10\/iBomber-Defense-Pacific-Campaign-Mission-10-Alligator-Creek-1-copy-800x500.jpg\" alt=\"&quot;iBomber Defense Pacific&quot; - Miss\u00e3o de campanha 10 - &quot;Alligator Creek&quot; (1)\" class=\"wp-image-76\" srcset=\"https:\/\/ibomberdefensepacific.standardof.net\/wp-content\/uploads\/sites\/6\/2020\/10\/iBomber-Defense-Pacific-Campaign-Mission-10-Alligator-Creek-1-copy-800x500.jpg 800w, https:\/\/ibomberdefensepacific.standardof.net\/wp-content\/uploads\/sites\/6\/2020\/10\/iBomber-Defense-Pacific-Campaign-Mission-10-Alligator-Creek-1-copy-512x320.jpg 512w, https:\/\/ibomberdefensepacific.standardof.net\/wp-content\/uploads\/sites\/6\/2020\/10\/iBomber-Defense-Pacific-Campaign-Mission-10-Alligator-Creek-1-copy-200x125.jpg 200w, https:\/\/ibomberdefensepacific.standardof.net\/wp-content\/uploads\/sites\/6\/2020\/10\/iBomber-Defense-Pacific-Campaign-Mission-10-Alligator-Creek-1-copy-768x480.jpg 768w, https:\/\/ibomberdefensepacific.standardof.net\/wp-content\/uploads\/sites\/6\/2020\/10\/iBomber-Defense-Pacific-Campaign-Mission-10-Alligator-Creek-1-copy-16x10.jpg 16w, https:\/\/ibomberdefensepacific.standardof.net\/wp-content\/uploads\/sites\/6\/2020\/10\/iBomber-Defense-Pacific-Campaign-Mission-10-Alligator-Creek-1-copy.jpg 1280w\" sizes=\"(max-width: 800px) 100vw, 800px\" \/><\/a><figcaption>Os dois caminhos das ondas inimigas em Alligator Creek que formam o W quando convergem para a base.<\/figcaption><\/figure><\/div>\n\n\n\n<p><em>Proteja as rotas de abastecimento entre os EUA, Austr\u00e1lia e Nova Zel\u00e2ndia, mantendo posi\u00e7\u00e3o nas Ilhas Salom\u00e3o.<\/em><\/p>\n\n\n\n<p>Em Alligator Creek, voc\u00ea estar\u00e1 protegendo sua base no caminho central superior de um par de caminhos de solo que se curvam de ambos os lados em forma de W. A defesa se concentrar\u00e1 no ponto convergente e voc\u00ea desejar\u00e1 criar um corredor da morte que funciona com efic\u00e1cia, n\u00e3o importa de qual dire\u00e7\u00e3o o inimigo venha.<\/p>\n\n\n\n<p>Esta \u00e9 uma miss\u00e3o inicial importante para aprendermos em termos de colocar suas torres nas posi\u00e7\u00f5es mais econ\u00f4micas. A maioria dos jogos de defesa de torre gira fortemente em torno do gerenciamento de uma renda fixa determinada pelos inimigos que aparecem em cada mapa. Da mesma forma, a sa\u00fade de atacar os inimigos e o dano potencial das torres que voc\u00ea pode usar tamb\u00e9m s\u00e3o fortemente calculados para garantir que haja um desafio na \u201cresolu\u00e7\u00e3o de quebra-cabe\u00e7as\u201d dos problemas matem\u00e1ticos subjacentes.<\/p>\n\n\n\n<p>Este guia cobrir\u00e1 como obter um Full House, que \u00e9 uma rodada perfeita com todas as medalhas e 20 pontos de vit\u00f3ria, no n\u00edvel de Alligator Creek do <em>iBomber Defense Pacific<\/em> campanha, jogada na dificuldade Veteran. Al\u00e9m disso, este guia de miss\u00e3o tamb\u00e9m cobrir\u00e1 o objetivo secund\u00e1rio e o alvo oculto, juntamente com um v\u00eddeo passo a passo.<\/p>\n\n\n\t\t\t\t<div class=\"wp-block-uagb-table-of-contents uagb-toc__align-left uagb-toc__columns-1  uagb-block-c5ea399f\"\n\t\t\t\t\tdata-scroll= \"1\"\n\t\t\t\t\tdata-offset= \"30\"\n\t\t\t\t\tstyle=\"\"\n\t\t\t\t>\n\t\t\t\t<div class=\"uagb-toc__wrap\">\n\t\t\t\t\t\t<div class=\"uagb-toc__title\">\n\t\t\t\t\t\t\tNavega\u00e7\u00e3o do guia passo a passo:\t\t\t\t\t\t<\/div>\n\t\t\t\t\t\t\t\t\t\t\t\t\t\t\t\t<div class=\"uagb-toc__list-wrap\">\n\t\t\t\t\t\t<ol class=\"uagb-toc__list\"><li class=\"uagb-toc__list\"><a href=\"#secondary-objective\" class=\"uagb-toc-link__trigger\">Objetivo Secund\u00e1rio<\/a><li class=\"uagb-toc__list\"><a href=\"#perks-used-for-this-mission\" class=\"uagb-toc-link__trigger\">Benef\u00edcios usados para esta miss\u00e3o:<\/a><li class=\"uagb-toc__list\"><a href=\"#hidden-target\" class=\"uagb-toc-link__trigger\">Alvo Oculto<\/a><li class=\"uagb-toc__list\"><a href=\"#turret-placement\" class=\"uagb-toc-link__trigger\">Posicionamento da Torre<\/a><li class=\"uagb-toc__list\"><a href=\"#veteran-difficulty-video-guide\" class=\"uagb-toc-link__trigger\">Veteran Difficulty Video Guide<\/a><\/ol>\t\t\t\t\t<\/div>\n\t\t\t\t\t\t\t\t\t<\/div>\n\t\t\t\t<\/div>\n\t\t\t\n\n\n<hr class=\"wp-block-separator is-style-wide\"\/>\n\n\n\n<h3 class=\"wp-block-heading\">Objetivo Secund\u00e1rio<\/h3>\n\n\n\n<p><em>Proteja seu acampamento.<\/em><\/p>\n\n\n\n<p>H\u00e1 uma s\u00e9rie de edif\u00edcios na pastagem aberta entre sua base e o ponto de converg\u00eancia que precisar\u00e1 ser protegido durante a miss\u00e3o. Al\u00e9m de seu corredor interno protegendo as estruturas internas, um par de torres MG em cada lado dessas estruturas servir\u00e3o como escudos eficientes. (Veja as fotos abaixo para detalhes de posicionamento.)<\/p>\n\n\n\n<p><strong>Caixas de suprimentos:<\/strong> 6<\/p>\n\n\n\n<p><strong>Pontos de vit\u00f3ria at\u00e9 agora:<\/strong> 180 (20 n\u00e3o gasto)<\/p>\n\n\n\n<ul><li>Metralhadora lvl 3<br><sup>Especializa\u00e7\u00e3o X2 Power vs Flamed<\/sup><\/li><li>Canh\u00e3o lvl 3<\/li><li>Bomba lvl 2<\/li><li>Flamer lvl 3<\/li><li>Comms lvl 3<\/li><\/ul>\n\n\n\n<hr class=\"wp-block-separator is-style-wide\"\/>\n\n\n\n<h3 class=\"wp-block-heading\">Benef\u00edcios usados para esta miss\u00e3o:<\/h3>\n\n\n\n<ul><li>Greenback II<\/li><li>Eagle Eye I<\/li><li>Entrega especial<\/li><\/ul>\n\n\n\n<p>No in\u00edcio do jogo, nossas op\u00e7\u00f5es de vantagens ainda s\u00e3o limitadas, mas o dinheiro extra e torres melhores que voc\u00ea poder\u00e1 pagar gra\u00e7as ao Greenback quase nunca s\u00e3o uma op\u00e7\u00e3o ruim. O privil\u00e9gio Bombardier \u00e9 deixado na poeira no in\u00edcio do jogo conforme benef\u00edcios como o Eagle Eye se tornam dispon\u00edveis, o que \u00e9 crucial para aplicar danos assim que um inimigo estiver ao alcance gra\u00e7as ao b\u00f4nus de mira mais r\u00e1pido.<\/p>\n\n\n\n<hr class=\"wp-block-separator is-style-wide\"\/>\n\n\n\n<h3 class=\"wp-block-heading\">Alvo Oculto<\/h3>\n\n\n\n<p>O alvo oculto \u00e9 outra pequena cabana neste n\u00edvel. Ele est\u00e1 escondido ao longo do lado direito do mapa pela borda da floresta enquanto o caminho da onda do inimigo direito se curva.<\/p>\n\n\n\n<div class=\"wp-block-image\"><figure class=\"aligncenter size-large\"><a href=\"https:\/\/ibomberdefensepacific.standardof.net\/pt\/guide\/campaign-mission-10-alligator-creek-watchtower\/ibomber-defense-pacific-campaign-mission-10-alligator-creek-2\/\"><img decoding=\"async\" width=\"255\" height=\"193\" src=\"https:\/\/ibomberdefensepacific.standardof.net\/wp-content\/uploads\/sites\/6\/2020\/10\/iBomber-Defense-Pacific-Campaign-Mission-10-Alligator-Creek-2.jpg\" alt=\"&quot;iBomber Defense Pacific&quot; - Miss\u00e3o de campanha 10 - &quot;Alligator Creek&quot; (2)\" class=\"wp-image-77\" srcset=\"https:\/\/ibomberdefensepacific.standardof.net\/wp-content\/uploads\/sites\/6\/2020\/10\/iBomber-Defense-Pacific-Campaign-Mission-10-Alligator-Creek-2.jpg 255w, https:\/\/ibomberdefensepacific.standardof.net\/wp-content\/uploads\/sites\/6\/2020\/10\/iBomber-Defense-Pacific-Campaign-Mission-10-Alligator-Creek-2-200x151.jpg 200w, https:\/\/ibomberdefensepacific.standardof.net\/wp-content\/uploads\/sites\/6\/2020\/10\/iBomber-Defense-Pacific-Campaign-Mission-10-Alligator-Creek-2-16x12.jpg 16w\" sizes=\"(max-width: 255px) 100vw, 255px\" \/><\/a><figcaption>O pequeno alvo escondido.<\/figcaption><\/figure><\/div>\n\n\n\n<hr class=\"wp-block-separator is-style-wide\"\/>\n\n\n\n<h3 class=\"wp-block-heading\">Posicionamento da Torre<\/h3>\n\n\n\n<figure class=\"wp-block-gallery columns-2 is-cropped wp-block-gallery-1 is-layout-flex wp-block-gallery-is-layout-flex\"><ul class=\"blocks-gallery-grid\"><li class=\"blocks-gallery-item\"><figure><a href=\"https:\/\/ibomberdefensepacific.standardof.net\/pt\/guide\/campaign-mission-10-alligator-creek-watchtower\/ibomber-defense-pacific-campaign-mission-10-alligator-creek-3\/\"><img decoding=\"async\" width=\"800\" height=\"500\" src=\"https:\/\/ibomberdefensepacific.standardof.net\/wp-content\/uploads\/sites\/6\/2020\/10\/iBomber-Defense-Pacific-Campaign-Mission-10-Alligator-Creek-3-800x500.jpg\" alt=\"&quot;iBomber Defense Pacific&quot; - Miss\u00e3o de campanha 10 - &quot;Alligator Creek&quot; (3)\" data-id=\"78\" data-full-url=\"https:\/\/ibomberdefensepacific.standardof.net\/wp-content\/uploads\/sites\/6\/2020\/10\/iBomber-Defense-Pacific-Campaign-Mission-10-Alligator-Creek-3.jpg\" data-link=\"https:\/\/ibomberdefensepacific.standardof.net\/guide\/campaign-mission-10-alligator-creek-watchtower\/ibomber-defense-pacific-campaign-mission-10-alligator-creek-3\/\" class=\"wp-image-78\" srcset=\"https:\/\/ibomberdefensepacific.standardof.net\/wp-content\/uploads\/sites\/6\/2020\/10\/iBomber-Defense-Pacific-Campaign-Mission-10-Alligator-Creek-3-800x500.jpg 800w, https:\/\/ibomberdefensepacific.standardof.net\/wp-content\/uploads\/sites\/6\/2020\/10\/iBomber-Defense-Pacific-Campaign-Mission-10-Alligator-Creek-3-512x320.jpg 512w, https:\/\/ibomberdefensepacific.standardof.net\/wp-content\/uploads\/sites\/6\/2020\/10\/iBomber-Defense-Pacific-Campaign-Mission-10-Alligator-Creek-3-200x125.jpg 200w, https:\/\/ibomberdefensepacific.standardof.net\/wp-content\/uploads\/sites\/6\/2020\/10\/iBomber-Defense-Pacific-Campaign-Mission-10-Alligator-Creek-3-768x480.jpg 768w, https:\/\/ibomberdefensepacific.standardof.net\/wp-content\/uploads\/sites\/6\/2020\/10\/iBomber-Defense-Pacific-Campaign-Mission-10-Alligator-Creek-3-16x10.jpg 16w, https:\/\/ibomberdefensepacific.standardof.net\/wp-content\/uploads\/sites\/6\/2020\/10\/iBomber-Defense-Pacific-Campaign-Mission-10-Alligator-Creek-3.jpg 1280w\" sizes=\"(max-width: 800px) 100vw, 800px\" \/><\/a><figcaption class=\"blocks-gallery-item__caption\">Posicionamento da torre Wave 8 em Alligator Creek.<\/figcaption><\/figure><\/li><li class=\"blocks-gallery-item\"><figure><a href=\"https:\/\/ibomberdefensepacific.standardof.net\/pt\/guide\/campaign-mission-10-alligator-creek-watchtower\/ibomber-defense-pacific-campaign-mission-10-alligator-creek-4\/\"><img decoding=\"async\" width=\"800\" height=\"500\" src=\"https:\/\/ibomberdefensepacific.standardof.net\/wp-content\/uploads\/sites\/6\/2020\/10\/iBomber-Defense-Pacific-Campaign-Mission-10-Alligator-Creek-4-800x500.jpg\" alt=\"&quot;iBomber Defense Pacific&quot; - Miss\u00e3o de campanha 10 - &quot;Alligator Creek&quot; (4)\" data-id=\"79\" data-full-url=\"https:\/\/ibomberdefensepacific.standardof.net\/wp-content\/uploads\/sites\/6\/2020\/10\/iBomber-Defense-Pacific-Campaign-Mission-10-Alligator-Creek-4.jpg\" data-link=\"https:\/\/ibomberdefensepacific.standardof.net\/guide\/campaign-mission-10-alligator-creek-watchtower\/ibomber-defense-pacific-campaign-mission-10-alligator-creek-4\/\" class=\"wp-image-79\" srcset=\"https:\/\/ibomberdefensepacific.standardof.net\/wp-content\/uploads\/sites\/6\/2020\/10\/iBomber-Defense-Pacific-Campaign-Mission-10-Alligator-Creek-4-800x500.jpg 800w, https:\/\/ibomberdefensepacific.standardof.net\/wp-content\/uploads\/sites\/6\/2020\/10\/iBomber-Defense-Pacific-Campaign-Mission-10-Alligator-Creek-4-512x320.jpg 512w, https:\/\/ibomberdefensepacific.standardof.net\/wp-content\/uploads\/sites\/6\/2020\/10\/iBomber-Defense-Pacific-Campaign-Mission-10-Alligator-Creek-4-200x125.jpg 200w, https:\/\/ibomberdefensepacific.standardof.net\/wp-content\/uploads\/sites\/6\/2020\/10\/iBomber-Defense-Pacific-Campaign-Mission-10-Alligator-Creek-4-768x480.jpg 768w, https:\/\/ibomberdefensepacific.standardof.net\/wp-content\/uploads\/sites\/6\/2020\/10\/iBomber-Defense-Pacific-Campaign-Mission-10-Alligator-Creek-4-16x10.jpg 16w, https:\/\/ibomberdefensepacific.standardof.net\/wp-content\/uploads\/sites\/6\/2020\/10\/iBomber-Defense-Pacific-Campaign-Mission-10-Alligator-Creek-4.jpg 1280w\" sizes=\"(max-width: 800px) 100vw, 800px\" \/><\/a><figcaption class=\"blocks-gallery-item__caption\">Posicionamento da torre Wave 16.<\/figcaption><\/figure><\/li><\/ul><\/figure>\n\n\n\n<p>Como mencionado acima, a coloca\u00e7\u00e3o da torre se concentrar\u00e1 em um corredor da morte ao longo das duas linhas em cada lado do caminho convergido, mais o pequeno trecho de terra ao sul do ponto de encontro dos dois caminhos principais neste mapa. Uma coisa a estar ciente \u00e9 que mais tarde haver\u00e1 um contra-ataque neste n\u00edvel e, portanto, voc\u00ea deve evitar construir nos 3 primeiros pontos de cada lado do caminho convergente pr\u00f3ximo \u00e0 sua base, exceto para uma ou duas torres de Bomba. (As raz\u00f5es para isso s\u00e3o abordadas no guia dessa miss\u00e3o.)<\/p>\n\n\n\n<p>Al\u00e9m de colocar um par de metralhadoras, uma de cada lado do interior do W antes da converg\u00eancia (para que protejam a base de seu objetivo secund\u00e1rio), construa MGs, canh\u00f5es e alguns lan\u00e7adores de foguetes em torno deste caminho central. Coloque uma \u00fanica torre de flamer no canto do ponto de encontro para obter uma grande zona de morte. Certifique-se de adicionar suporte de comunica\u00e7\u00e3o com a cobertura mais forte poss\u00edvel e voc\u00ea estar\u00e1 bem.<\/p>\n\n\n\n<div class=\"wp-block-image\"><figure class=\"aligncenter size-large\"><a href=\"https:\/\/ibomberdefensepacific.standardof.net\/pt\/guide\/campaign-mission-10-alligator-creek-watchtower\/ibomber-defense-pacific-campaign-mission-10-alligator-creek-5\/\"><img decoding=\"async\" width=\"800\" height=\"500\" src=\"https:\/\/ibomberdefensepacific.standardof.net\/wp-content\/uploads\/sites\/6\/2020\/10\/iBomber-Defense-Pacific-Campaign-Mission-10-Alligator-Creek-5-800x500.jpg\" alt=\"&quot;iBomber Defense Pacific&quot; - Miss\u00e3o de campanha 10 - &quot;Alligator Creek&quot; (5)\" class=\"wp-image-80\" srcset=\"https:\/\/ibomberdefensepacific.standardof.net\/wp-content\/uploads\/sites\/6\/2020\/10\/iBomber-Defense-Pacific-Campaign-Mission-10-Alligator-Creek-5-800x500.jpg 800w, https:\/\/ibomberdefensepacific.standardof.net\/wp-content\/uploads\/sites\/6\/2020\/10\/iBomber-Defense-Pacific-Campaign-Mission-10-Alligator-Creek-5-512x320.jpg 512w, https:\/\/ibomberdefensepacific.standardof.net\/wp-content\/uploads\/sites\/6\/2020\/10\/iBomber-Defense-Pacific-Campaign-Mission-10-Alligator-Creek-5-200x125.jpg 200w, https:\/\/ibomberdefensepacific.standardof.net\/wp-content\/uploads\/sites\/6\/2020\/10\/iBomber-Defense-Pacific-Campaign-Mission-10-Alligator-Creek-5-768x480.jpg 768w, https:\/\/ibomberdefensepacific.standardof.net\/wp-content\/uploads\/sites\/6\/2020\/10\/iBomber-Defense-Pacific-Campaign-Mission-10-Alligator-Creek-5-16x10.jpg 16w, https:\/\/ibomberdefensepacific.standardof.net\/wp-content\/uploads\/sites\/6\/2020\/10\/iBomber-Defense-Pacific-Campaign-Mission-10-Alligator-Creek-5.jpg 1280w\" sizes=\"(max-width: 800px) 100vw, 800px\" \/><\/a><figcaption>Posicionamento da torre Wave 24.<\/figcaption><\/figure><\/div>\n\n\n\n<hr class=\"wp-block-separator is-style-wide\"\/>\n\n\n\n<h3 class=\"has-text-align-center wp-block-heading\" id=\"4-veteran-difficulty-video-guide\">Veteran Difficulty Video Guide<\/h3>\n\n\n\n<figure class=\"wp-block-embed-youtube wp-block-embed is-type-video is-provider-youtube wp-embed-aspect-16-9 wp-has-aspect-ratio\"><div class=\"wp-block-embed__wrapper\">\n<div class=\"ast-oembed-container\" style=\"height: 100%;\"><iframe title=\"Alligator Creek - M10 iBomber Defense Pacific - Demonstra\u00e7\u00e3o completa de veteranos\" width=\"500\" height=\"375\" src=\"https:\/\/www.youtube.com\/embed\/1GWjWMY_Mo4?feature=oembed\" frameborder=\"0\" allow=\"accelerometer; autoplay; clipboard-write; encrypted-media; gyroscope; picture-in-picture; web-share\" referrerpolicy=\"strict-origin-when-cross-origin\" allowfullscreen><\/iframe><\/div>\n<\/div><\/figure>","protected":false},"excerpt":{"rendered":"<p>Alligator Creek: Watchtower Protect supply routes between the U.S., Australia and New Zealand by holding position in the Solomons. In Alligator Creek, you will be protecting your base at the top central path from a pair of ground paths that curve from either side in the shape of a W. Defense will focus on the [&hellip;]<\/p>","protected":false},"author":1,"featured_media":80,"parent":164,"menu_order":10,"comment_status":"open","ping_status":"closed","template":"","meta":{"_uag_custom_page_level_css":"","site-sidebar-layout":"default","site-content-layout":"default","ast-site-content-layout":"","site-content-style":"default","site-sidebar-style":"default","ast-global-header-display":"","ast-banner-title-visibility":"","ast-main-header-display":"","ast-hfb-above-header-display":"","ast-hfb-below-header-display":"","ast-hfb-mobile-header-display":"","site-post-title":"","ast-breadcrumbs-content":"","ast-featured-img":"","footer-sml-layout":"","theme-transparent-header-meta":"default","adv-header-id-meta":"","stick-header-meta":"","header-above-stick-meta":"","header-main-stick-meta":"","header-below-stick-meta":"","astra-migrate-meta-layouts":"default","ast-page-background-enabled":"default","ast-page-background-meta":{"desktop":{"background-color":"","background-image":"","background-repeat":"repeat","background-position":"center center","background-size":"auto","background-attachment":"scroll","background-type":"","background-media":"","overlay-type":"","overlay-color":"","overlay-gradient":""},"tablet":{"background-color":"","background-image":"","background-repeat":"repeat","background-position":"center center","background-size":"auto","background-attachment":"scroll","background-type":"","background-media":"","overlay-type":"","overlay-color":"","overlay-gradient":""},"mobile":{"background-color":"","background-image":"","background-repeat":"repeat","background-position":"center center","background-size":"auto","background-attachment":"scroll","background-type":"","background-media":"","overlay-type":"","overlay-color":"","overlay-gradient":""}},"ast-content-background-meta":{"desktop":{"background-color":"var(--ast-global-color-5)","background-image":"","background-repeat":"repeat","background-position":"center center","background-size":"auto","background-attachment":"scroll","background-type":"","background-media":"","overlay-type":"","overlay-color":"","overlay-gradient":""},"tablet":{"background-color":"var(--ast-global-color-5)","background-image":"","background-repeat":"repeat","background-position":"center center","background-size":"auto","background-attachment":"scroll","background-type":"","background-media":"","overlay-type":"","overlay-color":"","overlay-gradient":""},"mobile":{"background-color":"var(--ast-global-color-5)","background-image":"","background-repeat":"repeat","background-position":"center center","background-size":"auto","background-attachment":"scroll","background-type":"","background-media":"","overlay-type":"","overlay-color":"","overlay-gradient":""}},"footnotes":""},"uagb_featured_image_src":{"full":["https:\/\/ibomberdefensepacific.standardof.net\/wp-content\/uploads\/sites\/6\/2020\/10\/iBomber-Defense-Pacific-Campaign-Mission-10-Alligator-Creek-5.jpg",1280,800,false],"thumbnail":["https:\/\/ibomberdefensepacific.standardof.net\/wp-content\/uploads\/sites\/6\/2020\/10\/iBomber-Defense-Pacific-Campaign-Mission-10-Alligator-Creek-5-200x125.jpg",200,125,true],"medium":["https:\/\/ibomberdefensepacific.standardof.net\/wp-content\/uploads\/sites\/6\/2020\/10\/iBomber-Defense-Pacific-Campaign-Mission-10-Alligator-Creek-5-512x320.jpg",512,320,true],"medium_large":["https:\/\/ibomberdefensepacific.standardof.net\/wp-content\/uploads\/sites\/6\/2020\/10\/iBomber-Defense-Pacific-Campaign-Mission-10-Alligator-Creek-5-768x480.jpg",768,480,true],"large":["https:\/\/ibomberdefensepacific.standardof.net\/wp-content\/uploads\/sites\/6\/2020\/10\/iBomber-Defense-Pacific-Campaign-Mission-10-Alligator-Creek-5-800x500.jpg",800,500,true],"1536x1536":["https:\/\/ibomberdefensepacific.standardof.net\/wp-content\/uploads\/sites\/6\/2020\/10\/iBomber-Defense-Pacific-Campaign-Mission-10-Alligator-Creek-5.jpg",1280,800,false],"2048x2048":["https:\/\/ibomberdefensepacific.standardof.net\/wp-content\/uploads\/sites\/6\/2020\/10\/iBomber-Defense-Pacific-Campaign-Mission-10-Alligator-Creek-5.jpg",1280,800,false],"trp-custom-language-flag":["https:\/\/ibomberdefensepacific.standardof.net\/wp-content\/uploads\/sites\/6\/2020\/10\/iBomber-Defense-Pacific-Campaign-Mission-10-Alligator-Creek-5-16x10.jpg",16,10,true]},"uagb_author_info":{"display_name":"SOE","author_link":"https:\/\/ibomberdefensepacific.standardof.net\/pt\/author\/k-tastic\/"},"uagb_comment_info":0,"uagb_excerpt":"Alligator Creek: Watchtower Protect supply routes between the U.S., Australia and New Zealand by holding position in the Solomons. In Alligator Creek, you will be protecting your base at the top central path from a pair of ground paths that curve from either side in the shape of a W. Defense will focus on the&hellip;","_links":{"self":[{"href":"https:\/\/ibomberdefensepacific.standardof.net\/pt\/wp-json\/wp\/v2\/pages\/207"}],"collection":[{"href":"https:\/\/ibomberdefensepacific.standardof.net\/pt\/wp-json\/wp\/v2\/pages"}],"about":[{"href":"https:\/\/ibomberdefensepacific.standardof.net\/pt\/wp-json\/wp\/v2\/types\/page"}],"author":[{"embeddable":true,"href":"https:\/\/ibomberdefensepacific.standardof.net\/pt\/wp-json\/wp\/v2\/users\/1"}],"replies":[{"embeddable":true,"href":"https:\/\/ibomberdefensepacific.standardof.net\/pt\/wp-json\/wp\/v2\/comments?post=207"}],"version-history":[{"count":0,"href":"https:\/\/ibomberdefensepacific.standardof.net\/pt\/wp-json\/wp\/v2\/pages\/207\/revisions"}],"up":[{"embeddable":true,"href":"https:\/\/ibomberdefensepacific.standardof.net\/pt\/wp-json\/wp\/v2\/pages\/164"}],"wp:featuredmedia":[{"embeddable":true,"href":"https:\/\/ibomberdefensepacific.standardof.net\/pt\/wp-json\/wp\/v2\/media\/80"}],"wp:attachment":[{"href":"https:\/\/ibomberdefensepacific.standardof.net\/pt\/wp-json\/wp\/v2\/media?parent=207"}],"curies":[{"name":"wp","href":"https:\/\/api.w.org\/{rel}","templated":true}]}}