{"id":199,"date":"2020-10-21T13:32:06","date_gmt":"2020-10-21T13:32:06","guid":{"rendered":"https:\/\/ibomberdefensepacific.standardof.net\/?page_id=199"},"modified":"2020-10-21T17:21:04","modified_gmt":"2020-10-21T17:21:04","slug":"campaign-mission-08-operation-mai-counterattack","status":"publish","type":"page","link":"https:\/\/ibomberdefensepacific.standardof.net\/pt\/guide\/campanha-missao-08-operacao-mai-contra-ataque\/","title":{"rendered":"Miss\u00e3o da campanha 08: Contra-ataque \u201cOpera\u00e7\u00e3o Mai\u201d"},"content":{"rendered":"<h2 class=\"wp-block-heading\">Opera\u00e7\u00e3o Mai: Contra-ataque<\/h2>\n\n\n\n<div class=\"wp-block-image\"><figure class=\"aligncenter size-large\"><a href=\"https:\/\/ibomberdefensepacific.standardof.net\/pt\/guide\/campanha-missao-08-operacao-mai-contra-ataque\/ibomber-defense-pacific-campaign-mission-08-operation-mai-1-copy\/\"><img decoding=\"async\" width=\"800\" height=\"500\" src=\"https:\/\/ibomberdefensepacific.standardof.net\/wp-content\/uploads\/sites\/6\/2020\/10\/iBomber-Defense-Pacific-Campaign-Mission-08-Operation-Mai-1-copy-800x500.jpg\" alt=\"&quot;iBomber Defense Pacific&quot; - Miss\u00e3o de campanha 08 - &quot;Opera\u00e7\u00e3o Mai&quot; (1)\" class=\"wp-image-69\" srcset=\"https:\/\/ibomberdefensepacific.standardof.net\/wp-content\/uploads\/sites\/6\/2020\/10\/iBomber-Defense-Pacific-Campaign-Mission-08-Operation-Mai-1-copy-800x500.jpg 800w, https:\/\/ibomberdefensepacific.standardof.net\/wp-content\/uploads\/sites\/6\/2020\/10\/iBomber-Defense-Pacific-Campaign-Mission-08-Operation-Mai-1-copy-512x320.jpg 512w, https:\/\/ibomberdefensepacific.standardof.net\/wp-content\/uploads\/sites\/6\/2020\/10\/iBomber-Defense-Pacific-Campaign-Mission-08-Operation-Mai-1-copy-200x125.jpg 200w, https:\/\/ibomberdefensepacific.standardof.net\/wp-content\/uploads\/sites\/6\/2020\/10\/iBomber-Defense-Pacific-Campaign-Mission-08-Operation-Mai-1-copy-768x480.jpg 768w, https:\/\/ibomberdefensepacific.standardof.net\/wp-content\/uploads\/sites\/6\/2020\/10\/iBomber-Defense-Pacific-Campaign-Mission-08-Operation-Mai-1-copy-16x10.jpg 16w, https:\/\/ibomberdefensepacific.standardof.net\/wp-content\/uploads\/sites\/6\/2020\/10\/iBomber-Defense-Pacific-Campaign-Mission-08-Operation-Mai-1-copy.jpg 1280w\" sizes=\"(max-width: 800px) 100vw, 800px\" \/><\/a><figcaption>Os caminhos das ondas inimigas na miss\u00e3o Opera\u00e7\u00e3o Mai em \u201ciBomber Defense Pacific.\u201d<\/figcaption><\/figure><\/div>\n\n\n\n<p><em>N\u00e3o deixe pistas de pouso vitais ca\u00edrem nas m\u00e3os do inimigo.<\/em><\/p>\n\n\n\n<p>Opera\u00e7\u00e3o Mai \u00e9 a primeira miss\u00e3o de contra-ataque em <em>iBomber Defense Pacific<\/em>campanha de, sendo bastante semelhante ao conceito do jogo anterior de retornar a um campo de batalha anterior para outra rodada. Neste n\u00edvel, voc\u00ea retornar\u00e1 a <strong><a href=\"https:\/\/ibomberdefensepacific.standardof.net\/pt\/guide\/campaign-mission-05-midway-atoll-sea-attack\/\" class=\"rank-math-link\">Atol de Midway<\/a><\/strong>, exceto que agora voc\u00ea est\u00e1 lutando contra inimigos tanto no solo quanto no mar por 20 ondas. A tela est\u00e1 deslocada da vez anterior em que voc\u00ea esteve aqui, mas a maioria de suas defesas permanecer\u00e3o na luta, come\u00e7ando voc\u00ea com for\u00e7a.<\/p>\n\n\n\n<p>Por causa da maneira como os contra-ataques funcionam, \u00e9 importante que voc\u00ea tenha certeza de terminar as miss\u00f5es o melhor poss\u00edvel, uma vez que terminar uma com o p\u00e9 ruim pode fazer com que voc\u00ea fracasse quando voltar para o contra-ataque. Isso se torna especialmente importante em n\u00edveis posteriores, quando os inimigos que voc\u00ea enfrenta tornam-se incrivelmente fortes e exigem fogo coordenado pesado para abat\u00ea-los.<\/p>\n\n\n\n<p>Uma coisa que pode ser confusa (mas \u00e9 importante lembrar) \u00e9 que voc\u00ea nem sempre retorna \u00e0 miss\u00e3o mais recente para um contra-ataque. \u00c0s vezes, como neste caso, voc\u00ea est\u00e1 voltando 2 ou mais n\u00edveis de onde estava na campanha.<\/p>\n\n\n\n<p>Este guia cobrir\u00e1 como conseguir um Full House, que \u00e9 uma rodada perfeita com todas as medalhas e 20 pontos de vit\u00f3ria, no n\u00edvel de Contra-ataque da Opera\u00e7\u00e3o Mai do <em>iBomber Defense Pacific<\/em> campanha, jogada na dificuldade Veteran. Al\u00e9m disso, este guia de miss\u00e3o tamb\u00e9m cobrir\u00e1 o objetivo secund\u00e1rio e fornecer\u00e1 um v\u00eddeo passo a passo.<\/p>\n\n\n\t\t\t\t<div class=\"wp-block-uagb-table-of-contents uagb-toc__align-left uagb-toc__columns-1  uagb-block-fcbd21ad\"\n\t\t\t\t\tdata-scroll= \"1\"\n\t\t\t\t\tdata-offset= \"30\"\n\t\t\t\t\tstyle=\"\"\n\t\t\t\t>\n\t\t\t\t<div class=\"uagb-toc__wrap\">\n\t\t\t\t\t\t<div class=\"uagb-toc__title\">\n\t\t\t\t\t\t\tNavega\u00e7\u00e3o do guia passo a passo:\t\t\t\t\t\t<\/div>\n\t\t\t\t\t\t\t\t\t\t\t\t\t\t\t\t<div class=\"uagb-toc__list-wrap\">\n\t\t\t\t\t\t<ol class=\"uagb-toc__list\"><li class=\"uagb-toc__list\"><a href=\"#secondary-objective\" class=\"uagb-toc-link__trigger\">Objetivo Secund\u00e1rio<\/a><li class=\"uagb-toc__list\"><a href=\"#perks-used-for-this-mission\" class=\"uagb-toc-link__trigger\">Benef\u00edcios usados para esta miss\u00e3o:<\/a><li class=\"uagb-toc__list\"><a href=\"#hidden-target\" class=\"uagb-toc-link__trigger\">Alvo Oculto<\/a><li class=\"uagb-toc__list\"><a href=\"#turret-placement\" class=\"uagb-toc-link__trigger\">Posicionamento da Torre<\/a><li class=\"uagb-toc__list\"><a href=\"#veteran-difficulty-video-guide\" class=\"uagb-toc-link__trigger\">Veteran Difficulty Video Guide<\/a><\/ol>\t\t\t\t\t<\/div>\n\t\t\t\t\t\t\t\t\t<\/div>\n\t\t\t\t<\/div>\n\t\t\t\n\n\n<hr class=\"wp-block-separator is-style-wide\"\/>\n\n\n\n<h3 class=\"wp-block-heading\">Objetivo Secund\u00e1rio<\/h3>\n\n\n\n<p><em>Proteja seus avi\u00f5es.<\/em><\/p>\n\n\n\n<p>Existem v\u00e1rias alas de avi\u00f5es de ca\u00e7a estacionadas no solo no lado esquerdo do mapa, ao longo dos caminhos das unidades terrestres inimigas. Por meio da coloca\u00e7\u00e3o estrat\u00e9gica de torres, voc\u00ea precisar\u00e1 proteg\u00ea-los contra danos, al\u00e9m de ser extremamente cuidadoso onde solta suas bombas. \u00c9 necess\u00e1rio apenas manter um punhado ou mais vivo, pois h\u00e1 muito a ser poupado.<\/p>\n\n\n\n<p><strong>Caixas de suprimentos:<\/strong> 4<\/p>\n\n\n\n<p><strong>Pontos de vit\u00f3ria at\u00e9 agora:<\/strong> 140<\/p>\n\n\n\n<ul><li>Metralhadora lvl 3<br><sup>Especializa\u00e7\u00e3o X2 Power vs Flamed<\/sup><\/li><li>Canh\u00e3o lvl 3<\/li><li>Bomba lvl 2<\/li><li>Flamer lvl 2<\/li><li>Comms lvl 3<\/li><\/ul>\n\n\n\n<hr class=\"wp-block-separator is-style-wide\"\/>\n\n\n\n<h3 class=\"wp-block-heading\">Benef\u00edcios usados para esta miss\u00e3o:<\/h3>\n\n\n\n<ul><li>Greenback I<\/li><li>Eagle Eye I<\/li><li>Entrega especial<\/li><\/ul>\n\n\n\n<p>A entrega especial \u00e9 provavelmente a mais potencialmente troc\u00e1vel, j\u00e1 que Fast Fingers seria outra excelente escolha, considerando que h\u00e1 apenas 4 caixas neste n\u00edvel; no entanto, Eagle Eye \u00e9 importante para a movimenta\u00e7\u00e3o r\u00e1pida entre os alvos necess\u00e1rios para quando alguns dos ataques furtivos aparecem. Como sempre, o Greenback \u00e9 uma atualiza\u00e7\u00e3o praticamente necess\u00e1ria para tornar as coisas mais f\u00e1ceis para n\u00f3s, em termos de finan\u00e7as.<\/p>\n\n\n\n<hr class=\"wp-block-separator is-style-wide\"\/>\n\n\n\n<h3 class=\"wp-block-heading\">Alvo Oculto<\/h3>\n\n\n\n<p>N\u00e3o h\u00e1 nenhum alvo oculto na Opera\u00e7\u00e3o Mai. Por ser uma miss\u00e3o de contra-ataque, voc\u00ea tecnicamente j\u00e1 cuidou do alvo escondido da \u00faltima vez que esteve aqui. Isso \u00e9 o mesmo para todas as outras miss\u00f5es de contra-ataque.<\/p>\n\n\n\n<hr class=\"wp-block-separator is-style-wide\"\/>\n\n\n\n<h3 class=\"wp-block-heading\">Posicionamento da Torre<\/h3>\n\n\n\n<figure class=\"wp-block-gallery columns-2 is-cropped wp-block-gallery-1 is-layout-flex wp-block-gallery-is-layout-flex\"><ul class=\"blocks-gallery-grid\"><li class=\"blocks-gallery-item\"><figure><a href=\"https:\/\/ibomberdefensepacific.standardof.net\/pt\/guide\/campanha-missao-08-operacao-mai-contra-ataque\/ibomber-defense-pacific-campaign-mission-08-operation-mai-2\/\"><img decoding=\"async\" width=\"800\" height=\"500\" src=\"https:\/\/ibomberdefensepacific.standardof.net\/wp-content\/uploads\/sites\/6\/2020\/10\/iBomber-Defense-Pacific-Campaign-Mission-08-Operation-Mai-2-800x500.jpg\" alt=\"&quot;iBomber Defense Pacific&quot; - Miss\u00e3o de campanha 08 - &quot;Opera\u00e7\u00e3o Mai&quot; (2)\" data-id=\"70\" data-full-url=\"https:\/\/ibomberdefensepacific.standardof.net\/wp-content\/uploads\/sites\/6\/2020\/10\/iBomber-Defense-Pacific-Campaign-Mission-08-Operation-Mai-2.jpg\" data-link=\"https:\/\/ibomberdefensepacific.standardof.net\/guide\/campaign-mission-08-operation-mai-counterattack\/ibomber-defense-pacific-campaign-mission-08-operation-mai-2\/\" class=\"wp-image-70\" srcset=\"https:\/\/ibomberdefensepacific.standardof.net\/wp-content\/uploads\/sites\/6\/2020\/10\/iBomber-Defense-Pacific-Campaign-Mission-08-Operation-Mai-2-800x500.jpg 800w, https:\/\/ibomberdefensepacific.standardof.net\/wp-content\/uploads\/sites\/6\/2020\/10\/iBomber-Defense-Pacific-Campaign-Mission-08-Operation-Mai-2-512x320.jpg 512w, https:\/\/ibomberdefensepacific.standardof.net\/wp-content\/uploads\/sites\/6\/2020\/10\/iBomber-Defense-Pacific-Campaign-Mission-08-Operation-Mai-2-200x125.jpg 200w, https:\/\/ibomberdefensepacific.standardof.net\/wp-content\/uploads\/sites\/6\/2020\/10\/iBomber-Defense-Pacific-Campaign-Mission-08-Operation-Mai-2-768x480.jpg 768w, https:\/\/ibomberdefensepacific.standardof.net\/wp-content\/uploads\/sites\/6\/2020\/10\/iBomber-Defense-Pacific-Campaign-Mission-08-Operation-Mai-2-16x10.jpg 16w, https:\/\/ibomberdefensepacific.standardof.net\/wp-content\/uploads\/sites\/6\/2020\/10\/iBomber-Defense-Pacific-Campaign-Mission-08-Operation-Mai-2.jpg 1280w\" sizes=\"(max-width: 800px) 100vw, 800px\" \/><\/a><figcaption class=\"blocks-gallery-item__caption\">Posicionamento da torre da onda 10 na Opera\u00e7\u00e3o Mai. <\/figcaption><\/figure><\/li><li class=\"blocks-gallery-item\"><figure><a href=\"https:\/\/ibomberdefensepacific.standardof.net\/pt\/guide\/campanha-missao-08-operacao-mai-contra-ataque\/ibomber-defense-pacific-campaign-mission-08-operation-mai-3\/\"><img decoding=\"async\" width=\"800\" height=\"500\" src=\"https:\/\/ibomberdefensepacific.standardof.net\/wp-content\/uploads\/sites\/6\/2020\/10\/iBomber-Defense-Pacific-Campaign-Mission-08-Operation-Mai-3-800x500.jpg\" alt=\"&quot;iBomber Defense Pacific&quot; - Miss\u00e3o de campanha 08 - &quot;Opera\u00e7\u00e3o Mai&quot; (3)\" data-id=\"71\" data-full-url=\"https:\/\/ibomberdefensepacific.standardof.net\/wp-content\/uploads\/sites\/6\/2020\/10\/iBomber-Defense-Pacific-Campaign-Mission-08-Operation-Mai-3.jpg\" data-link=\"https:\/\/ibomberdefensepacific.standardof.net\/guide\/campaign-mission-08-operation-mai-counterattack\/ibomber-defense-pacific-campaign-mission-08-operation-mai-3\/\" class=\"wp-image-71\" srcset=\"https:\/\/ibomberdefensepacific.standardof.net\/wp-content\/uploads\/sites\/6\/2020\/10\/iBomber-Defense-Pacific-Campaign-Mission-08-Operation-Mai-3-800x500.jpg 800w, https:\/\/ibomberdefensepacific.standardof.net\/wp-content\/uploads\/sites\/6\/2020\/10\/iBomber-Defense-Pacific-Campaign-Mission-08-Operation-Mai-3-512x320.jpg 512w, https:\/\/ibomberdefensepacific.standardof.net\/wp-content\/uploads\/sites\/6\/2020\/10\/iBomber-Defense-Pacific-Campaign-Mission-08-Operation-Mai-3-200x125.jpg 200w, https:\/\/ibomberdefensepacific.standardof.net\/wp-content\/uploads\/sites\/6\/2020\/10\/iBomber-Defense-Pacific-Campaign-Mission-08-Operation-Mai-3-768x480.jpg 768w, https:\/\/ibomberdefensepacific.standardof.net\/wp-content\/uploads\/sites\/6\/2020\/10\/iBomber-Defense-Pacific-Campaign-Mission-08-Operation-Mai-3-16x10.jpg 16w, https:\/\/ibomberdefensepacific.standardof.net\/wp-content\/uploads\/sites\/6\/2020\/10\/iBomber-Defense-Pacific-Campaign-Mission-08-Operation-Mai-3.jpg 1280w\" sizes=\"(max-width: 800px) 100vw, 800px\" \/><\/a><figcaption class=\"blocks-gallery-item__caption\">Posicionamento da torre Wave 20.<\/figcaption><\/figure><\/li><\/ul><\/figure>\n\n\n\n<p>A coloca\u00e7\u00e3o da torre aqui na Opera\u00e7\u00e3o Mai se concentrar\u00e1 principalmente na constru\u00e7\u00e3o de alguma defesa de solo substancial ao longo das 2 linhas de ondas terrestres, enquanto investindo uma pequena quantia na ilha que cobre o caminho naval. Consulte o guia do Atol de Midway no link acima se quiser saber mais sobre as torres com as quais este n\u00edvel come\u00e7a, que s\u00e3o transportadas do final dessa miss\u00e3o.<\/p>\n\n\n\n<p>Como visto nas duas fotos acima, existem 2 linhas nas quais voc\u00ea deseja fazer suas torres de solo, o que ajuda a fornecer um escudo para proteger as mesmas linhas de avi\u00f5es estacionados ao redor de sua base para o objetivo secund\u00e1rio. As bombas ser\u00e3o mais bem seguradas para quando ataques furtivos aparecerem, j\u00e1 que eles v\u00eam de v\u00e1rias dire\u00e7\u00f5es e frequentemente aqui. Finalmente, tente acumular alguns juros pesados quando poss\u00edvel, pois este n\u00edvel definitivamente apresenta algumas oportunidades para tal, o que ir\u00e1 subsequentemente refor\u00e7ar suas op\u00e7\u00f5es defensivas.<\/p>\n\n\n\n<hr class=\"wp-block-separator is-style-wide\"\/>\n\n\n\n<h3 class=\"has-text-align-center wp-block-heading\" id=\"4-veteran-difficulty-video-guide\">Veteran Difficulty Video Guide<\/h3>\n\n\n\n<figure class=\"wp-block-embed-youtube wp-block-embed is-type-video is-provider-youtube wp-embed-aspect-16-9 wp-has-aspect-ratio\"><div class=\"wp-block-embed__wrapper\">\n<div class=\"ast-oembed-container\" style=\"height: 100%;\"><iframe title=\"Opera\u00e7\u00e3o Mai - M8 iBomber Defense Pacific - Demonstra\u00e7\u00e3o de Full House para veteranos\" width=\"500\" height=\"375\" src=\"https:\/\/www.youtube.com\/embed\/NO4H2rDcIeI?feature=oembed\" frameborder=\"0\" allow=\"accelerometer; autoplay; clipboard-write; encrypted-media; gyroscope; picture-in-picture; web-share\" referrerpolicy=\"strict-origin-when-cross-origin\" allowfullscreen><\/iframe><\/div>\n<\/div><\/figure>","protected":false},"excerpt":{"rendered":"<p>Operation Mai: Counterattack Don&#8217;t let vital airstrips fall into enemy hands. Operation Mai is the first counterattack mission in iBomber Defense Pacific&#8216;s campaign, being quite similar to the previous game&#8217;s concept of returning to a previous battlefield for another round. In this level, you will return to Midway Atoll, except now you&#8217;re fighting enemies from [&hellip;]<\/p>","protected":false},"author":1,"featured_media":71,"parent":164,"menu_order":8,"comment_status":"open","ping_status":"closed","template":"","meta":{"_uag_custom_page_level_css":"","site-sidebar-layout":"default","site-content-layout":"default","ast-site-content-layout":"","site-content-style":"default","site-sidebar-style":"default","ast-global-header-display":"","ast-banner-title-visibility":"","ast-main-header-display":"","ast-hfb-above-header-display":"","ast-hfb-below-header-display":"","ast-hfb-mobile-header-display":"","site-post-title":"","ast-breadcrumbs-content":"","ast-featured-img":"","footer-sml-layout":"","theme-transparent-header-meta":"default","adv-header-id-meta":"","stick-header-meta":"","header-above-stick-meta":"","header-main-stick-meta":"","header-below-stick-meta":"","astra-migrate-meta-layouts":"default","ast-page-background-enabled":"default","ast-page-background-meta":{"desktop":{"background-color":"","background-image":"","background-repeat":"repeat","background-position":"center center","background-size":"auto","background-attachment":"scroll","background-type":"","background-media":"","overlay-type":"","overlay-color":"","overlay-gradient":""},"tablet":{"background-color":"","background-image":"","background-repeat":"repeat","background-position":"center center","background-size":"auto","background-attachment":"scroll","background-type":"","background-media":"","overlay-type":"","overlay-color":"","overlay-gradient":""},"mobile":{"background-color":"","background-image":"","background-repeat":"repeat","background-position":"center center","background-size":"auto","background-attachment":"scroll","background-type":"","background-media":"","overlay-type":"","overlay-color":"","overlay-gradient":""}},"ast-content-background-meta":{"desktop":{"background-color":"var(--ast-global-color-5)","background-image":"","background-repeat":"repeat","background-position":"center center","background-size":"auto","background-attachment":"scroll","background-type":"","background-media":"","overlay-type":"","overlay-color":"","overlay-gradient":""},"tablet":{"background-color":"var(--ast-global-color-5)","background-image":"","background-repeat":"repeat","background-position":"center center","background-size":"auto","background-attachment":"scroll","background-type":"","background-media":"","overlay-type":"","overlay-color":"","overlay-gradient":""},"mobile":{"background-color":"var(--ast-global-color-5)","background-image":"","background-repeat":"repeat","background-position":"center center","background-size":"auto","background-attachment":"scroll","background-type":"","background-media":"","overlay-type":"","overlay-color":"","overlay-gradient":""}},"footnotes":""},"uagb_featured_image_src":{"full":["https:\/\/ibomberdefensepacific.standardof.net\/wp-content\/uploads\/sites\/6\/2020\/10\/iBomber-Defense-Pacific-Campaign-Mission-08-Operation-Mai-3.jpg",1280,800,false],"thumbnail":["https:\/\/ibomberdefensepacific.standardof.net\/wp-content\/uploads\/sites\/6\/2020\/10\/iBomber-Defense-Pacific-Campaign-Mission-08-Operation-Mai-3-200x125.jpg",200,125,true],"medium":["https:\/\/ibomberdefensepacific.standardof.net\/wp-content\/uploads\/sites\/6\/2020\/10\/iBomber-Defense-Pacific-Campaign-Mission-08-Operation-Mai-3-512x320.jpg",512,320,true],"medium_large":["https:\/\/ibomberdefensepacific.standardof.net\/wp-content\/uploads\/sites\/6\/2020\/10\/iBomber-Defense-Pacific-Campaign-Mission-08-Operation-Mai-3-768x480.jpg",768,480,true],"large":["https:\/\/ibomberdefensepacific.standardof.net\/wp-content\/uploads\/sites\/6\/2020\/10\/iBomber-Defense-Pacific-Campaign-Mission-08-Operation-Mai-3-800x500.jpg",800,500,true],"1536x1536":["https:\/\/ibomberdefensepacific.standardof.net\/wp-content\/uploads\/sites\/6\/2020\/10\/iBomber-Defense-Pacific-Campaign-Mission-08-Operation-Mai-3.jpg",1280,800,false],"2048x2048":["https:\/\/ibomberdefensepacific.standardof.net\/wp-content\/uploads\/sites\/6\/2020\/10\/iBomber-Defense-Pacific-Campaign-Mission-08-Operation-Mai-3.jpg",1280,800,false],"trp-custom-language-flag":["https:\/\/ibomberdefensepacific.standardof.net\/wp-content\/uploads\/sites\/6\/2020\/10\/iBomber-Defense-Pacific-Campaign-Mission-08-Operation-Mai-3-16x10.jpg",16,10,true]},"uagb_author_info":{"display_name":"SOE","author_link":"https:\/\/ibomberdefensepacific.standardof.net\/pt\/author\/k-tastic\/"},"uagb_comment_info":0,"uagb_excerpt":"Operation Mai: Counterattack Don&#8217;t let vital airstrips fall into enemy hands. Operation Mai is the first counterattack mission in iBomber Defense Pacific&#8216;s campaign, being quite similar to the previous game&#8217;s concept of returning to a previous battlefield for another round. In this level, you will return to Midway Atoll, except now you&#8217;re fighting enemies from&hellip;","_links":{"self":[{"href":"https:\/\/ibomberdefensepacific.standardof.net\/pt\/wp-json\/wp\/v2\/pages\/199"}],"collection":[{"href":"https:\/\/ibomberdefensepacific.standardof.net\/pt\/wp-json\/wp\/v2\/pages"}],"about":[{"href":"https:\/\/ibomberdefensepacific.standardof.net\/pt\/wp-json\/wp\/v2\/types\/page"}],"author":[{"embeddable":true,"href":"https:\/\/ibomberdefensepacific.standardof.net\/pt\/wp-json\/wp\/v2\/users\/1"}],"replies":[{"embeddable":true,"href":"https:\/\/ibomberdefensepacific.standardof.net\/pt\/wp-json\/wp\/v2\/comments?post=199"}],"version-history":[{"count":0,"href":"https:\/\/ibomberdefensepacific.standardof.net\/pt\/wp-json\/wp\/v2\/pages\/199\/revisions"}],"up":[{"embeddable":true,"href":"https:\/\/ibomberdefensepacific.standardof.net\/pt\/wp-json\/wp\/v2\/pages\/164"}],"wp:featuredmedia":[{"embeddable":true,"href":"https:\/\/ibomberdefensepacific.standardof.net\/pt\/wp-json\/wp\/v2\/media\/71"}],"wp:attachment":[{"href":"https:\/\/ibomberdefensepacific.standardof.net\/pt\/wp-json\/wp\/v2\/media?parent=199"}],"curies":[{"name":"wp","href":"https:\/\/api.w.org\/{rel}","templated":true}]}}