{"id":196,"date":"2020-10-21T13:31:09","date_gmt":"2020-10-21T13:31:09","guid":{"rendered":"https:\/\/ibomberdefensepacific.standardof.net\/?page_id=196"},"modified":"2020-10-21T17:20:32","modified_gmt":"2020-10-21T17:20:32","slug":"campaign-mission-05-midway-atoll-sea-attack","status":"publish","type":"page","link":"https:\/\/ibomberdefensepacific.standardof.net\/pt\/guide\/campaign-mission-05-midway-atoll-sea-attack\/","title":{"rendered":"Miss\u00e3o da campanha 05: Ataque mar\u00edtimo do \u201cAtol intermedi\u00e1rio\u201d!"},"content":{"rendered":"<h2 class=\"wp-block-heading\">Atol de Midway: Sea Attack!<\/h2>\n\n\n\n<div class=\"wp-block-image\"><figure class=\"aligncenter size-large\"><a href=\"https:\/\/ibomberdefensepacific.standardof.net\/pt\/guide\/campaign-mission-05-midway-atoll-sea-attack\/ibomber-defense-pacific-campaign-mission-05-midway-atoll-1\/\"><img decoding=\"async\" width=\"800\" height=\"450\" src=\"https:\/\/ibomberdefensepacific.standardof.net\/wp-content\/uploads\/sites\/6\/2020\/10\/iBomber-Defense-Pacific-Campaign-Mission-05-Midway-Atoll-1-800x450.jpg\" alt=\"&quot;iBomber Defense Pacific&quot; - Miss\u00e3o de campanha 05 - &quot;Midway Atoll&quot; (1)\" class=\"wp-image-55\" srcset=\"https:\/\/ibomberdefensepacific.standardof.net\/wp-content\/uploads\/sites\/6\/2020\/10\/iBomber-Defense-Pacific-Campaign-Mission-05-Midway-Atoll-1-800x450.jpg 800w, https:\/\/ibomberdefensepacific.standardof.net\/wp-content\/uploads\/sites\/6\/2020\/10\/iBomber-Defense-Pacific-Campaign-Mission-05-Midway-Atoll-1-512x288.jpg 512w, https:\/\/ibomberdefensepacific.standardof.net\/wp-content\/uploads\/sites\/6\/2020\/10\/iBomber-Defense-Pacific-Campaign-Mission-05-Midway-Atoll-1-200x113.jpg 200w, https:\/\/ibomberdefensepacific.standardof.net\/wp-content\/uploads\/sites\/6\/2020\/10\/iBomber-Defense-Pacific-Campaign-Mission-05-Midway-Atoll-1-768x432.jpg 768w, https:\/\/ibomberdefensepacific.standardof.net\/wp-content\/uploads\/sites\/6\/2020\/10\/iBomber-Defense-Pacific-Campaign-Mission-05-Midway-Atoll-1-16x9.jpg 16w, https:\/\/ibomberdefensepacific.standardof.net\/wp-content\/uploads\/sites\/6\/2020\/10\/iBomber-Defense-Pacific-Campaign-Mission-05-Midway-Atoll-1.jpg 1280w\" sizes=\"(max-width: 800px) 100vw, 800px\" \/><\/a><figcaption>Os caminhos da unidade naval inimiga desenhados em vermelho \u00e0 medida que se aproximam da base em Midway Atoll.<\/figcaption><\/figure><\/div>\n\n\n\n<p><em>Proteja sua posi\u00e7\u00e3o em Midway para impedir que o inimigo estenda seu per\u00edmetro defensivo.<\/em><\/p>\n\n\n\n<p>Em Midway Atoll, voc\u00ea est\u00e1 enfrentando dois caminhos principais de ondas de unidades navais que v\u00eam da parte inferior direita e do centro superior do mapa em dire\u00e7\u00e3o \u00e0 sua base na parte inferior esquerda de 20 ondas. Existem duas ilhas, a maior das quais \u00e9 melhor para colocar torres. O caminho de cima tamb\u00e9m se dividir\u00e1 entre a ilha pequena e a grande para, ocasionalmente, se curvar em ambos os lados, portanto, tenha isso em mente. Finalmente, h\u00e1 uma base de solo sua vista no terreno principal \u00e0 esquerda, mas pode ser ignorada, pois permanecer\u00e1 intocada e funcionar\u00e1 como nada mais do que cen\u00e1rio neste n\u00edvel.<\/p>\n\n\n\n<p>Este guia cobrir\u00e1 como obter um Full House, que \u00e9 uma rodada perfeita com todas as medalhas e 20 pontos de vit\u00f3ria, no n\u00edvel do Atol de Midway do <em>iBomber Defense Pacific<\/em> campanha, jogada na dificuldade Veteran. Al\u00e9m disso, este guia de miss\u00e3o cobrir\u00e1 o objetivo secund\u00e1rio e o alvo oculto junto com um v\u00eddeo passo a passo.<\/p>\n\n\n\t\t\t\t<div class=\"wp-block-uagb-table-of-contents uagb-toc__align-left uagb-toc__columns-1  uagb-block-a73a7bfa\"\n\t\t\t\t\tdata-scroll= \"1\"\n\t\t\t\t\tdata-offset= \"30\"\n\t\t\t\t\tstyle=\"\"\n\t\t\t\t>\n\t\t\t\t<div class=\"uagb-toc__wrap\">\n\t\t\t\t\t\t<div class=\"uagb-toc__title\">\n\t\t\t\t\t\t\tNavega\u00e7\u00e3o do guia passo a passo:\t\t\t\t\t\t<\/div>\n\t\t\t\t\t\t\t\t\t\t\t\t\t\t\t\t<div class=\"uagb-toc__list-wrap\">\n\t\t\t\t\t\t<ol class=\"uagb-toc__list\"><li class=\"uagb-toc__list\"><a href=\"#secondary-objective\" class=\"uagb-toc-link__trigger\">Objetivo Secund\u00e1rio<\/a><li class=\"uagb-toc__list\"><a href=\"#perks-used-for-this-mission\" class=\"uagb-toc-link__trigger\">Benef\u00edcios usados para esta miss\u00e3o:<\/a><li class=\"uagb-toc__list\"><a href=\"#hidden-target\" class=\"uagb-toc-link__trigger\">Alvo Oculto<\/a><li class=\"uagb-toc__list\"><a href=\"#turret-placement\" class=\"uagb-toc-link__trigger\">Posicionamento da Torre<\/a><li class=\"uagb-toc__list\"><a href=\"#veteran-difficulty-video-guide\" class=\"uagb-toc-link__trigger\">Veteran Difficulty Video Guide<\/a><\/ol>\t\t\t\t\t<\/div>\n\t\t\t\t\t\t\t\t\t<\/div>\n\t\t\t\t<\/div>\n\t\t\t\n\n\n<hr class=\"wp-block-separator is-style-wide\"\/>\n\n\n\n<h3 class=\"wp-block-heading\">Objetivo Secund\u00e1rio<\/h3>\n\n\n\n<p><em>Proteja seus navios de abastecimento.<\/em><\/p>\n\n\n\n<p>Na parte inferior direita do mapa, h\u00e1 uma s\u00e9rie de barcos estacionados em uma doca; estes s\u00e3o os navios de abastecimento que voc\u00ea ter\u00e1 que proteger para o objetivo secund\u00e1rio. A melhor maneira de fazer isso \u00e9 com uma torre no final de cada uma das docas de madeira no in\u00edcio e na de concreto com o tempo. Al\u00e9m disso, \u00e9 melhor destruir a caixa nas docas com tiros de armas regulares, pois o lan\u00e7amento de uma bomba tem uma chance muito alta de danos colaterais.<\/p>\n\n\n\n<div class=\"wp-block-image\"><figure class=\"aligncenter size-large\"><a href=\"https:\/\/ibomberdefensepacific.standardof.net\/pt\/guide\/campaign-mission-05-midway-atoll-sea-attack\/ibomber-defense-pacific-campaign-mission-05-midway-atoll-2\/\"><img decoding=\"async\" width=\"444\" height=\"215\" src=\"https:\/\/ibomberdefensepacific.standardof.net\/wp-content\/uploads\/sites\/6\/2020\/10\/iBomber-Defense-Pacific-Campaign-Mission-05-Midway-Atoll-2.jpg\" alt=\"&quot;iBomber Defense Pacific&quot; - Miss\u00e3o de campanha 05 - &quot;Midway Atoll&quot; (2)\" class=\"wp-image-56\" srcset=\"https:\/\/ibomberdefensepacific.standardof.net\/wp-content\/uploads\/sites\/6\/2020\/10\/iBomber-Defense-Pacific-Campaign-Mission-05-Midway-Atoll-2.jpg 444w, https:\/\/ibomberdefensepacific.standardof.net\/wp-content\/uploads\/sites\/6\/2020\/10\/iBomber-Defense-Pacific-Campaign-Mission-05-Midway-Atoll-2-200x97.jpg 200w, https:\/\/ibomberdefensepacific.standardof.net\/wp-content\/uploads\/sites\/6\/2020\/10\/iBomber-Defense-Pacific-Campaign-Mission-05-Midway-Atoll-2-16x8.jpg 16w\" sizes=\"(max-width: 444px) 100vw, 444px\" \/><\/a><figcaption>Os navios de abastecimento que voc\u00ea precisa proteger para o objetivo secund\u00e1rio.<\/figcaption><\/figure><\/div>\n\n\n\n<p><strong>Caixas de suprimentos:<\/strong> 6<\/p>\n\n\n\n<p><strong>Pontos de vit\u00f3ria gastos:<\/strong> 80<\/p>\n\n\n\n<ul><li>Metralhadora lvl 3<\/li><li>Canh\u00e3o lvl 3<\/li><li>Bomba lvl 3<\/li><\/ul>\n\n\n\n<hr class=\"wp-block-separator is-style-wide\"\/>\n\n\n\n<h3 class=\"wp-block-heading\">Benef\u00edcios usados para esta miss\u00e3o:<\/h3>\n\n\n\n<ul><li>Greenback I<\/li><li>Eagle Eye I<\/li><\/ul>\n\n\n\n<p>Como sempre, o dinheiro extra no in\u00edcio do n\u00edvel pode fazer uma grande diferen\u00e7a. Agora trocamos a bomba extra por uma mira mais r\u00e1pida em todas as torres, pois h\u00e1 mais tempo para construir bombas para usar, de qualquer maneira. Esse privil\u00e9gio \u00e9 \u00fatil para tirar o m\u00e1ximo proveito de algumas armas bem posicionadas.<\/p>\n\n\n\n<hr class=\"wp-block-separator is-style-wide\"\/>\n\n\n\n<h3 class=\"wp-block-heading\">Alvo Oculto<\/h3>\n\n\n\n<p>O alvo oculto \u00e9 muito f\u00e1cil de encontrar (contanto que voc\u00ea saiba o que procurar) nesta miss\u00e3o. Na parte inferior central do mapa, na parte sul do continente, voc\u00ea encontrar\u00e1 o armaz\u00e9m laranja na imagem acima. Bombas largadas.<\/p>\n\n\n\n<div class=\"wp-block-image\"><figure class=\"aligncenter size-large\"><a href=\"https:\/\/ibomberdefensepacific.standardof.net\/pt\/guide\/campaign-mission-05-midway-atoll-sea-attack\/ibomber-defense-pacific-campaign-mission-05-midway-atoll-3\/\"><img decoding=\"async\" width=\"248\" height=\"190\" src=\"https:\/\/ibomberdefensepacific.standardof.net\/wp-content\/uploads\/sites\/6\/2020\/10\/iBomber-Defense-Pacific-Campaign-Mission-05-Midway-Atoll-3.jpg\" alt=\"&quot;iBomber Defense Pacific&quot; - Miss\u00e3o de campanha 05 - &quot;Midway Atoll&quot; (3)\" class=\"wp-image-57\" srcset=\"https:\/\/ibomberdefensepacific.standardof.net\/wp-content\/uploads\/sites\/6\/2020\/10\/iBomber-Defense-Pacific-Campaign-Mission-05-Midway-Atoll-3.jpg 248w, https:\/\/ibomberdefensepacific.standardof.net\/wp-content\/uploads\/sites\/6\/2020\/10\/iBomber-Defense-Pacific-Campaign-Mission-05-Midway-Atoll-3-200x153.jpg 200w, https:\/\/ibomberdefensepacific.standardof.net\/wp-content\/uploads\/sites\/6\/2020\/10\/iBomber-Defense-Pacific-Campaign-Mission-05-Midway-Atoll-3-16x12.jpg 16w\" sizes=\"(max-width: 248px) 100vw, 248px\" \/><\/a><figcaption>O alvo secreto do armaz\u00e9m laranja em Midway Atoll.<\/figcaption><\/figure><\/div>\n\n\n\n<hr class=\"wp-block-separator is-style-wide\"\/>\n\n\n\n<h3 class=\"wp-block-heading\">Posicionamento da Torre<\/h3>\n\n\n\n<figure class=\"wp-block-gallery columns-2 is-cropped wp-block-gallery-1 is-layout-flex wp-block-gallery-is-layout-flex\"><ul class=\"blocks-gallery-grid\"><li class=\"blocks-gallery-item\"><figure><a href=\"https:\/\/ibomberdefensepacific.standardof.net\/pt\/guide\/campaign-mission-05-midway-atoll-sea-attack\/ibomber-defense-pacific-campaign-mission-05-midway-atoll-4\/\"><img decoding=\"async\" width=\"800\" height=\"450\" src=\"https:\/\/ibomberdefensepacific.standardof.net\/wp-content\/uploads\/sites\/6\/2020\/10\/iBomber-Defense-Pacific-Campaign-Mission-05-Midway-Atoll-4-800x450.jpg\" alt=\"&quot;iBomber Defense Pacific&quot; - Miss\u00e3o de campanha 05 - &quot;Midway Atoll&quot; (4)\" data-id=\"58\" data-full-url=\"https:\/\/ibomberdefensepacific.standardof.net\/wp-content\/uploads\/sites\/6\/2020\/10\/iBomber-Defense-Pacific-Campaign-Mission-05-Midway-Atoll-4.jpg\" data-link=\"https:\/\/ibomberdefensepacific.standardof.net\/guide\/campaign-mission-05-midway-atoll-sea-attack\/ibomber-defense-pacific-campaign-mission-05-midway-atoll-4\/\" class=\"wp-image-58\" srcset=\"https:\/\/ibomberdefensepacific.standardof.net\/wp-content\/uploads\/sites\/6\/2020\/10\/iBomber-Defense-Pacific-Campaign-Mission-05-Midway-Atoll-4-800x450.jpg 800w, https:\/\/ibomberdefensepacific.standardof.net\/wp-content\/uploads\/sites\/6\/2020\/10\/iBomber-Defense-Pacific-Campaign-Mission-05-Midway-Atoll-4-512x288.jpg 512w, https:\/\/ibomberdefensepacific.standardof.net\/wp-content\/uploads\/sites\/6\/2020\/10\/iBomber-Defense-Pacific-Campaign-Mission-05-Midway-Atoll-4-200x113.jpg 200w, https:\/\/ibomberdefensepacific.standardof.net\/wp-content\/uploads\/sites\/6\/2020\/10\/iBomber-Defense-Pacific-Campaign-Mission-05-Midway-Atoll-4-768x432.jpg 768w, https:\/\/ibomberdefensepacific.standardof.net\/wp-content\/uploads\/sites\/6\/2020\/10\/iBomber-Defense-Pacific-Campaign-Mission-05-Midway-Atoll-4-16x9.jpg 16w, https:\/\/ibomberdefensepacific.standardof.net\/wp-content\/uploads\/sites\/6\/2020\/10\/iBomber-Defense-Pacific-Campaign-Mission-05-Midway-Atoll-4.jpg 1280w\" sizes=\"(max-width: 800px) 100vw, 800px\" \/><\/a><figcaption class=\"blocks-gallery-item__caption\">Posicionamento da torre Wave 10.<\/figcaption><\/figure><\/li><li class=\"blocks-gallery-item\"><figure><a href=\"https:\/\/ibomberdefensepacific.standardof.net\/pt\/guide\/campaign-mission-05-midway-atoll-sea-attack\/ibomber-defense-pacific-campaign-mission-05-midway-atoll-5\/\"><img decoding=\"async\" width=\"800\" height=\"450\" src=\"https:\/\/ibomberdefensepacific.standardof.net\/wp-content\/uploads\/sites\/6\/2020\/10\/iBomber-Defense-Pacific-Campaign-Mission-05-Midway-Atoll-5-800x450.jpg\" alt=\"&quot;iBomber Defense Pacific&quot; - Miss\u00e3o de campanha 05 - &quot;Midway Atoll&quot; (5)\" data-id=\"59\" data-full-url=\"https:\/\/ibomberdefensepacific.standardof.net\/wp-content\/uploads\/sites\/6\/2020\/10\/iBomber-Defense-Pacific-Campaign-Mission-05-Midway-Atoll-5.jpg\" data-link=\"https:\/\/ibomberdefensepacific.standardof.net\/guide\/campaign-mission-05-midway-atoll-sea-attack\/ibomber-defense-pacific-campaign-mission-05-midway-atoll-5\/\" class=\"wp-image-59\" srcset=\"https:\/\/ibomberdefensepacific.standardof.net\/wp-content\/uploads\/sites\/6\/2020\/10\/iBomber-Defense-Pacific-Campaign-Mission-05-Midway-Atoll-5-800x450.jpg 800w, https:\/\/ibomberdefensepacific.standardof.net\/wp-content\/uploads\/sites\/6\/2020\/10\/iBomber-Defense-Pacific-Campaign-Mission-05-Midway-Atoll-5-512x288.jpg 512w, https:\/\/ibomberdefensepacific.standardof.net\/wp-content\/uploads\/sites\/6\/2020\/10\/iBomber-Defense-Pacific-Campaign-Mission-05-Midway-Atoll-5-200x113.jpg 200w, https:\/\/ibomberdefensepacific.standardof.net\/wp-content\/uploads\/sites\/6\/2020\/10\/iBomber-Defense-Pacific-Campaign-Mission-05-Midway-Atoll-5-768x432.jpg 768w, https:\/\/ibomberdefensepacific.standardof.net\/wp-content\/uploads\/sites\/6\/2020\/10\/iBomber-Defense-Pacific-Campaign-Mission-05-Midway-Atoll-5-16x9.jpg 16w, https:\/\/ibomberdefensepacific.standardof.net\/wp-content\/uploads\/sites\/6\/2020\/10\/iBomber-Defense-Pacific-Campaign-Mission-05-Midway-Atoll-5.jpg 1280w\" sizes=\"(max-width: 800px) 100vw, 800px\" \/><\/a><figcaption class=\"blocks-gallery-item__caption\">Posicionamento da torre Wave 20.<\/figcaption><\/figure><\/li><\/ul><\/figure>\n\n\n\n<p>Colocar torres no Atol de Midway no veterano se concentrar\u00e1 em primeiro obter um par de metralhadoras em cada uma das extremidades das docas de madeira pelos navios de abastecimento e, em seguida, manter essas torres reparadas. No entanto, mantenha-os no n\u00edvel 1 para a maior parte da miss\u00e3o, j\u00e1 que eles s\u00e3o apenas para absorver o fogo por enquanto.<\/p>\n\n\n\n<p>Outro par de metralhadoras, desta vez com upgrade, pode ser colocado nos lados norte e sul da grande ilha, com as atualiza\u00e7\u00f5es da torre do sul priorizadas. Em seguida, trabalhe em um canh\u00e3o no centro da ilha, de modo que cubra os dois caminhos principais e um segundo na extremidade do p\u00eder de concreto para dar aos seus navios de abastecimento um escudo de torre completo. Uma \u00fanica torre de bomba ser\u00e1 suficiente, atualizada ocasionalmente, para ajudar a abrir algumas das caixas e atingir o alvo oculto.<\/p>\n\n\n\n<p>Conforme voc\u00ea trabalha em dire\u00e7\u00e3o \u00e0 Onda 20, tente obter outro Canh\u00e3o (com um dos dois sendo atualizado) na ilha central, onde ambos t\u00eam cobertura de ambos os caminhos principais. Esta ilha \u00e9 o melhor ponto para canalizar a maior parte de seus fundos, j\u00e1 que h\u00e1 a melhor cobertura de torre aqui. Finalmente, colocar algum dinheiro em uma segunda torre de bomba e uma das duas no n\u00edvel 3 permitir\u00e1 que voc\u00ea termine de quebrar as caixas abertas e depois passe a ajudar na defesa com bombas bem colocadas.<\/p>\n\n\n\n<hr class=\"wp-block-separator is-style-wide\"\/>\n\n\n\n<h3 class=\"has-text-align-center wp-block-heading\" id=\"4-veteran-difficulty-video-guide\">Veteran Difficulty Video Guide<\/h3>\n\n\n\n<figure class=\"wp-block-embed-youtube wp-block-embed is-type-video is-provider-youtube wp-embed-aspect-4-3 wp-has-aspect-ratio\"><div class=\"wp-block-embed__wrapper\">\n<div class=\"ast-oembed-container\" style=\"height: 100%;\"><iframe title=\"Atol de Midway - M5 iBomber Defense Pacific - Passo a passo de veterano Full House\" width=\"500\" height=\"375\" src=\"https:\/\/www.youtube.com\/embed\/20I4_NaAHFk?feature=oembed\" frameborder=\"0\" allow=\"accelerometer; autoplay; clipboard-write; encrypted-media; gyroscope; picture-in-picture; web-share\" referrerpolicy=\"strict-origin-when-cross-origin\" allowfullscreen><\/iframe><\/div>\n<\/div><\/figure>","protected":false},"excerpt":{"rendered":"<p>Midway Atoll: Sea Attack! Protect your position on Midway to stop the enemy from extending their defensive perimeter. In Midway Atoll, you are facing two main paths of naval unit waves that come from the bottom right and top center of the map towards your base in the bottom left for 20 waves. There are [&hellip;]<\/p>","protected":false},"author":1,"featured_media":59,"parent":164,"menu_order":5,"comment_status":"open","ping_status":"closed","template":"","meta":{"_uag_custom_page_level_css":"","site-sidebar-layout":"default","site-content-layout":"default","ast-site-content-layout":"","site-content-style":"default","site-sidebar-style":"default","ast-global-header-display":"","ast-banner-title-visibility":"","ast-main-header-display":"","ast-hfb-above-header-display":"","ast-hfb-below-header-display":"","ast-hfb-mobile-header-display":"","site-post-title":"","ast-breadcrumbs-content":"","ast-featured-img":"","footer-sml-layout":"","theme-transparent-header-meta":"default","adv-header-id-meta":"","stick-header-meta":"","header-above-stick-meta":"","header-main-stick-meta":"","header-below-stick-meta":"","astra-migrate-meta-layouts":"default","ast-page-background-enabled":"default","ast-page-background-meta":{"desktop":{"background-color":"","background-image":"","background-repeat":"repeat","background-position":"center center","background-size":"auto","background-attachment":"scroll","background-type":"","background-media":"","overlay-type":"","overlay-color":"","overlay-gradient":""},"tablet":{"background-color":"","background-image":"","background-repeat":"repeat","background-position":"center center","background-size":"auto","background-attachment":"scroll","background-type":"","background-media":"","overlay-type":"","overlay-color":"","overlay-gradient":""},"mobile":{"background-color":"","background-image":"","background-repeat":"repeat","background-position":"center center","background-size":"auto","background-attachment":"scroll","background-type":"","background-media":"","overlay-type":"","overlay-color":"","overlay-gradient":""}},"ast-content-background-meta":{"desktop":{"background-color":"var(--ast-global-color-5)","background-image":"","background-repeat":"repeat","background-position":"center center","background-size":"auto","background-attachment":"scroll","background-type":"","background-media":"","overlay-type":"","overlay-color":"","overlay-gradient":""},"tablet":{"background-color":"var(--ast-global-color-5)","background-image":"","background-repeat":"repeat","background-position":"center center","background-size":"auto","background-attachment":"scroll","background-type":"","background-media":"","overlay-type":"","overlay-color":"","overlay-gradient":""},"mobile":{"background-color":"var(--ast-global-color-5)","background-image":"","background-repeat":"repeat","background-position":"center center","background-size":"auto","background-attachment":"scroll","background-type":"","background-media":"","overlay-type":"","overlay-color":"","overlay-gradient":""}},"footnotes":""},"uagb_featured_image_src":{"full":["https:\/\/ibomberdefensepacific.standardof.net\/wp-content\/uploads\/sites\/6\/2020\/10\/iBomber-Defense-Pacific-Campaign-Mission-05-Midway-Atoll-5.jpg",1280,720,false],"thumbnail":["https:\/\/ibomberdefensepacific.standardof.net\/wp-content\/uploads\/sites\/6\/2020\/10\/iBomber-Defense-Pacific-Campaign-Mission-05-Midway-Atoll-5-200x113.jpg",200,113,true],"medium":["https:\/\/ibomberdefensepacific.standardof.net\/wp-content\/uploads\/sites\/6\/2020\/10\/iBomber-Defense-Pacific-Campaign-Mission-05-Midway-Atoll-5-512x288.jpg",512,288,true],"medium_large":["https:\/\/ibomberdefensepacific.standardof.net\/wp-content\/uploads\/sites\/6\/2020\/10\/iBomber-Defense-Pacific-Campaign-Mission-05-Midway-Atoll-5-768x432.jpg",768,432,true],"large":["https:\/\/ibomberdefensepacific.standardof.net\/wp-content\/uploads\/sites\/6\/2020\/10\/iBomber-Defense-Pacific-Campaign-Mission-05-Midway-Atoll-5-800x450.jpg",800,450,true],"1536x1536":["https:\/\/ibomberdefensepacific.standardof.net\/wp-content\/uploads\/sites\/6\/2020\/10\/iBomber-Defense-Pacific-Campaign-Mission-05-Midway-Atoll-5.jpg",1280,720,false],"2048x2048":["https:\/\/ibomberdefensepacific.standardof.net\/wp-content\/uploads\/sites\/6\/2020\/10\/iBomber-Defense-Pacific-Campaign-Mission-05-Midway-Atoll-5.jpg",1280,720,false],"trp-custom-language-flag":["https:\/\/ibomberdefensepacific.standardof.net\/wp-content\/uploads\/sites\/6\/2020\/10\/iBomber-Defense-Pacific-Campaign-Mission-05-Midway-Atoll-5-16x9.jpg",16,9,true]},"uagb_author_info":{"display_name":"SOE","author_link":"https:\/\/ibomberdefensepacific.standardof.net\/pt\/author\/k-tastic\/"},"uagb_comment_info":0,"uagb_excerpt":"Midway Atoll: Sea Attack! Protect your position on Midway to stop the enemy from extending their defensive perimeter. In Midway Atoll, you are facing two main paths of naval unit waves that come from the bottom right and top center of the map towards your base in the bottom left for 20 waves. There are&hellip;","_links":{"self":[{"href":"https:\/\/ibomberdefensepacific.standardof.net\/pt\/wp-json\/wp\/v2\/pages\/196"}],"collection":[{"href":"https:\/\/ibomberdefensepacific.standardof.net\/pt\/wp-json\/wp\/v2\/pages"}],"about":[{"href":"https:\/\/ibomberdefensepacific.standardof.net\/pt\/wp-json\/wp\/v2\/types\/page"}],"author":[{"embeddable":true,"href":"https:\/\/ibomberdefensepacific.standardof.net\/pt\/wp-json\/wp\/v2\/users\/1"}],"replies":[{"embeddable":true,"href":"https:\/\/ibomberdefensepacific.standardof.net\/pt\/wp-json\/wp\/v2\/comments?post=196"}],"version-history":[{"count":0,"href":"https:\/\/ibomberdefensepacific.standardof.net\/pt\/wp-json\/wp\/v2\/pages\/196\/revisions"}],"up":[{"embeddable":true,"href":"https:\/\/ibomberdefensepacific.standardof.net\/pt\/wp-json\/wp\/v2\/pages\/164"}],"wp:featuredmedia":[{"embeddable":true,"href":"https:\/\/ibomberdefensepacific.standardof.net\/pt\/wp-json\/wp\/v2\/media\/59"}],"wp:attachment":[{"href":"https:\/\/ibomberdefensepacific.standardof.net\/pt\/wp-json\/wp\/v2\/media?parent=196"}],"curies":[{"name":"wp","href":"https:\/\/api.w.org\/{rel}","templated":true}]}}