{"id":194,"date":"2020-10-21T13:30:15","date_gmt":"2020-10-21T13:30:15","guid":{"rendered":"https:\/\/ibomberdefensepacific.standardof.net\/?page_id=194"},"modified":"2020-10-21T17:20:02","modified_gmt":"2020-10-21T17:20:02","slug":"campaign-mission-03-battle-of-savo-island-ironbottom-sound","status":"publish","type":"page","link":"https:\/\/ibomberdefensepacific.standardof.net\/pt\/guide\/campaign-mission-03-battle-of-savo-island-ironbottom-sound\/","title":{"rendered":"Miss\u00e3o da campanha 03: \u201cBatalha da Ilha de Savo\u201d Ironbottom Sound"},"content":{"rendered":"<h2 class=\"wp-block-heading\">Batalha da Ilha de Savo - Ironbottom Sound<\/h2>\n\n\n\n<div class=\"wp-block-image\"><figure class=\"aligncenter size-large\"><a href=\"https:\/\/ibomberdefensepacific.standardof.net\/pt\/guide\/campaign-mission-03-battle-of-savo-island-ironbottom-sound\/ibomber-defense-pacific-campaign-mission-03-savo-island-1\/\"><img decoding=\"async\" width=\"800\" height=\"450\" src=\"https:\/\/ibomberdefensepacific.standardof.net\/wp-content\/uploads\/sites\/6\/2020\/10\/iBomber-Defense-Pacific-Campaign-Mission-03-Savo-Island-1-800x450.jpg\" alt=\"Um mapa do n\u00edvel de campanha da Batalha de Savo Island, com setas desenhadas mostrando os caminhos que as unidades inimigas percorrem em dire\u00e7\u00e3o \u00e0 base que voc\u00ea deve defender no videogame &quot;iBomber Defense Pacific&quot;.\" class=\"wp-image-49\" srcset=\"https:\/\/ibomberdefensepacific.standardof.net\/wp-content\/uploads\/sites\/6\/2020\/10\/iBomber-Defense-Pacific-Campaign-Mission-03-Savo-Island-1-800x450.jpg 800w, https:\/\/ibomberdefensepacific.standardof.net\/wp-content\/uploads\/sites\/6\/2020\/10\/iBomber-Defense-Pacific-Campaign-Mission-03-Savo-Island-1-512x288.jpg 512w, https:\/\/ibomberdefensepacific.standardof.net\/wp-content\/uploads\/sites\/6\/2020\/10\/iBomber-Defense-Pacific-Campaign-Mission-03-Savo-Island-1-200x113.jpg 200w, https:\/\/ibomberdefensepacific.standardof.net\/wp-content\/uploads\/sites\/6\/2020\/10\/iBomber-Defense-Pacific-Campaign-Mission-03-Savo-Island-1-768x432.jpg 768w, https:\/\/ibomberdefensepacific.standardof.net\/wp-content\/uploads\/sites\/6\/2020\/10\/iBomber-Defense-Pacific-Campaign-Mission-03-Savo-Island-1-16x9.jpg 16w, https:\/\/ibomberdefensepacific.standardof.net\/wp-content\/uploads\/sites\/6\/2020\/10\/iBomber-Defense-Pacific-Campaign-Mission-03-Savo-Island-1.jpg 1280w\" sizes=\"(max-width: 800px) 100vw, 800px\" \/><\/a><figcaption>Caminho das unidades navais inimigas que se aproximam na Ilha da Batalha de Savo.<\/figcaption><\/figure><\/div>\n\n\n\n<p><em>Proteja suas linhas de abastecimento em Guadalcanal.<\/em><\/p>\n\n\n\n<p>Este n\u00edvel \u00e9 considerado o primeiro desafio real, os dois primeiros n\u00edveis sendo considerados tutoriais. \u00c9 tamb\u00e9m o primeiro n\u00edvel de unidade naval, com dois caminhos de unidades exclusivamente navais se aproximando do canto superior direito, unindo-se na parte delgada da enseada e, em seguida, dividindo-se novamente onde a mini-ilha fica no meio da parte mais larga de o caminho da \u00e1gua antes de se encontrar novamente na base. Voc\u00ea tamb\u00e9m encontrar\u00e1 essas unidades inimigas de ataque furtivo que n\u00e3o se dirigem para sua base, mas ficar\u00e3o sentadas atirando em suas torres, discern\u00edveis por seus contornos vermelhos.<\/p>\n\n\n\t\t\t\t<div class=\"wp-block-uagb-table-of-contents uagb-toc__align-left uagb-toc__columns-1  uagb-block-69b76d12\"\n\t\t\t\t\tdata-scroll= \"1\"\n\t\t\t\t\tdata-offset= \"30\"\n\t\t\t\t\tstyle=\"\"\n\t\t\t\t>\n\t\t\t\t<div class=\"uagb-toc__wrap\">\n\t\t\t\t\t\t<div class=\"uagb-toc__title\">\n\t\t\t\t\t\t\tNavega\u00e7\u00e3o do guia passo a passo:\t\t\t\t\t\t<\/div>\n\t\t\t\t\t\t\t\t\t\t\t\t\t\t\t\t<div class=\"uagb-toc__list-wrap\">\n\t\t\t\t\t\t<ol class=\"uagb-toc__list\"><li class=\"uagb-toc__list\"><a href=\"#secondary-objective\" class=\"uagb-toc-link__trigger\">Objetivo Secund\u00e1rio<\/a><li class=\"uagb-toc__list\"><a href=\"#perks-used-for-this-mission\" class=\"uagb-toc-link__trigger\">Benef\u00edcios usados para esta miss\u00e3o:<\/a><li class=\"uagb-toc__list\"><a href=\"#hidden-target\" class=\"uagb-toc-link__trigger\">Alvo Oculto<\/a><li class=\"uagb-toc__list\"><a href=\"#turret-placement\" class=\"uagb-toc-link__trigger\">Posicionamento da Torre<\/a><li class=\"uagb-toc__list\"><a href=\"#veteran-difficulty-video-guide\" class=\"uagb-toc-link__trigger\">Veteran Difficulty Video Guide<\/a><\/ol>\t\t\t\t\t<\/div>\n\t\t\t\t\t\t\t\t\t<\/div>\n\t\t\t\t<\/div>\n\t\t\t\n\n\n<hr class=\"wp-block-separator is-style-wide\"\/>\n\n\n\n<h3 class=\"wp-block-heading\">Objetivo Secund\u00e1rio<\/h3>\n\n\n\n<p><em>Os suprimentos est\u00e3o baixos. Colete todos eles para ajudar no esfor\u00e7o de guerra.<\/em><\/p>\n\n\n\n<p>Voc\u00ea precisar\u00e1 utilizar bombas e uma coloca\u00e7\u00e3o cuidadosa da torre para abrir todas as caixas espalhadas pelo mapa antes do final do n\u00edvel para completar este objetivo secund\u00e1rio.<\/p>\n\n\n\n<p><strong>Caixas de suprimentos: <\/strong>5<\/p>\n\n\n\n<p><strong>Pontos de vit\u00f3ria gastos:<\/strong> 40<\/p>\n\n\n\n<ul><li>Metralhadora N\u00edv. 3<\/li><li>Canh\u00e3o lvl 2<\/li><li>Torre de Bomba n\u00edvel 2<\/li><\/ul>\n\n\n\n<hr class=\"wp-block-separator is-style-wide\"\/>\n\n\n\n<h3 class=\"wp-block-heading\">Benef\u00edcios usados para esta miss\u00e3o:<\/h3>\n\n\n\n<p>Greenback I, Bombardier I<br>Como na miss\u00e3o anterior, ter uma bomba extra e dinheiro inicial extra \u00e9 incrivelmente \u00fatil. Nesse caso, a bomba \u00e9 outra grande ajuda para o objetivo secund\u00e1rio tamb\u00e9m.<\/p>\n\n\n\n<hr class=\"wp-block-separator is-style-wide\"\/>\n\n\n\n<h3 class=\"wp-block-heading\">Alvo Oculto<\/h3>\n\n\n\n<p>A constru\u00e7\u00e3o secreta de alvos ocultos na Ilha da Batalha de Savo pode ser encontrada no canto inferior direito de sua base. O pr\u00e9dio \u00e9 marrom, pequeno, do tipo dep\u00f3sito, quase completamente coberto pelas \u00e1rvores pr\u00f3ximas, perto de onde um dos grupos de tr\u00eas soldados vai atacar furtivamente.<\/p>\n\n\n\n<div class=\"wp-block-image\"><figure class=\"aligncenter size-large is-resized\"><a href=\"https:\/\/ibomberdefensepacific.standardof.net\/pt\/guide\/campaign-mission-03-battle-of-savo-island-ironbottom-sound\/ibomber-defense-pacific-campaign-mission-03-savo-island-2\/\"><img decoding=\"async\" src=\"https:\/\/ibomberdefensepacific.standardof.net\/wp-content\/uploads\/sites\/6\/2020\/10\/iBomber-Defense-Pacific-Campaign-Mission-03-Savo-Island-2.jpg\" alt=\"Captura de tela do edif\u00edcio Hidden Target no n\u00edvel da campanha Battle of Savo Island do videogame &quot;iBomber Defense Pacific&quot;.\" class=\"wp-image-46\" width=\"269\" height=\"198\" srcset=\"https:\/\/ibomberdefensepacific.standardof.net\/wp-content\/uploads\/sites\/6\/2020\/10\/iBomber-Defense-Pacific-Campaign-Mission-03-Savo-Island-2.jpg 269w, https:\/\/ibomberdefensepacific.standardof.net\/wp-content\/uploads\/sites\/6\/2020\/10\/iBomber-Defense-Pacific-Campaign-Mission-03-Savo-Island-2-200x147.jpg 200w, https:\/\/ibomberdefensepacific.standardof.net\/wp-content\/uploads\/sites\/6\/2020\/10\/iBomber-Defense-Pacific-Campaign-Mission-03-Savo-Island-2-16x12.jpg 16w\" sizes=\"(max-width: 269px) 100vw, 269px\" \/><\/a><figcaption>Alvo oculto<\/figcaption><\/figure><\/div>\n\n\n\n<hr class=\"wp-block-separator is-style-wide\"\/>\n\n\n\n<h3 class=\"wp-block-heading\">Posicionamento da Torre<\/h3>\n\n\n\n<figure class=\"wp-block-gallery columns-2 is-cropped wp-block-gallery-1 is-layout-flex wp-block-gallery-is-layout-flex\"><ul class=\"blocks-gallery-grid\"><li class=\"blocks-gallery-item\"><figure><a href=\"https:\/\/ibomberdefensepacific.standardof.net\/pt\/guide\/campaign-mission-03-battle-of-savo-island-ironbottom-sound\/ibomber-defense-pacific-campaign-mission-03-savo-island-3\/\"><img decoding=\"async\" width=\"800\" height=\"450\" src=\"https:\/\/ibomberdefensepacific.standardof.net\/wp-content\/uploads\/sites\/6\/2020\/10\/iBomber-Defense-Pacific-Campaign-Mission-03-Savo-Island-3-800x450.jpg\" alt=\"Captura de tela do posicionamento sugerido da torre ao atingir a onda 8 no n\u00edvel de campanha da Ilha da Batalha de Savo do videogame &quot;iBomber Defense Pacific&quot;.\" data-id=\"47\" data-full-url=\"https:\/\/ibomberdefensepacific.standardof.net\/wp-content\/uploads\/sites\/6\/2020\/10\/iBomber-Defense-Pacific-Campaign-Mission-03-Savo-Island-3.jpg\" data-link=\"https:\/\/ibomberdefensepacific.standardof.net\/guide\/campaign-mission-03-battle-of-savo-island-ironbottom-sound\/ibomber-defense-pacific-campaign-mission-03-savo-island-3\/\" class=\"wp-image-47\" srcset=\"https:\/\/ibomberdefensepacific.standardof.net\/wp-content\/uploads\/sites\/6\/2020\/10\/iBomber-Defense-Pacific-Campaign-Mission-03-Savo-Island-3-800x450.jpg 800w, https:\/\/ibomberdefensepacific.standardof.net\/wp-content\/uploads\/sites\/6\/2020\/10\/iBomber-Defense-Pacific-Campaign-Mission-03-Savo-Island-3-512x288.jpg 512w, https:\/\/ibomberdefensepacific.standardof.net\/wp-content\/uploads\/sites\/6\/2020\/10\/iBomber-Defense-Pacific-Campaign-Mission-03-Savo-Island-3-200x113.jpg 200w, https:\/\/ibomberdefensepacific.standardof.net\/wp-content\/uploads\/sites\/6\/2020\/10\/iBomber-Defense-Pacific-Campaign-Mission-03-Savo-Island-3-768x432.jpg 768w, https:\/\/ibomberdefensepacific.standardof.net\/wp-content\/uploads\/sites\/6\/2020\/10\/iBomber-Defense-Pacific-Campaign-Mission-03-Savo-Island-3-16x9.jpg 16w, https:\/\/ibomberdefensepacific.standardof.net\/wp-content\/uploads\/sites\/6\/2020\/10\/iBomber-Defense-Pacific-Campaign-Mission-03-Savo-Island-3.jpg 1280w\" sizes=\"(max-width: 800px) 100vw, 800px\" \/><\/a><figcaption class=\"blocks-gallery-item__caption\">Posicionamento da torre da onda 8 na Ilha da Batalha de Savo.<\/figcaption><\/figure><\/li><li class=\"blocks-gallery-item\"><figure><a href=\"https:\/\/ibomberdefensepacific.standardof.net\/pt\/guide\/campaign-mission-03-battle-of-savo-island-ironbottom-sound\/ibomber-defense-pacific-campaign-mission-03-savo-island-4\/\"><img decoding=\"async\" width=\"800\" height=\"450\" src=\"https:\/\/ibomberdefensepacific.standardof.net\/wp-content\/uploads\/sites\/6\/2020\/10\/iBomber-Defense-Pacific-Campaign-Mission-03-Savo-Island-4-800x450.jpg\" alt=\"Captura de tela do posicionamento sugerido da torre ao atingir a onda 14 no n\u00edvel de campanha da Ilha da Batalha de Savo do videogame &quot;iBomber Defense Pacific&quot;.\" data-id=\"48\" data-full-url=\"https:\/\/ibomberdefensepacific.standardof.net\/wp-content\/uploads\/sites\/6\/2020\/10\/iBomber-Defense-Pacific-Campaign-Mission-03-Savo-Island-4.jpg\" data-link=\"https:\/\/ibomberdefensepacific.standardof.net\/guide\/campaign-mission-03-battle-of-savo-island-ironbottom-sound\/ibomber-defense-pacific-campaign-mission-03-savo-island-4\/\" class=\"wp-image-48\" srcset=\"https:\/\/ibomberdefensepacific.standardof.net\/wp-content\/uploads\/sites\/6\/2020\/10\/iBomber-Defense-Pacific-Campaign-Mission-03-Savo-Island-4-800x450.jpg 800w, https:\/\/ibomberdefensepacific.standardof.net\/wp-content\/uploads\/sites\/6\/2020\/10\/iBomber-Defense-Pacific-Campaign-Mission-03-Savo-Island-4-512x288.jpg 512w, https:\/\/ibomberdefensepacific.standardof.net\/wp-content\/uploads\/sites\/6\/2020\/10\/iBomber-Defense-Pacific-Campaign-Mission-03-Savo-Island-4-200x113.jpg 200w, https:\/\/ibomberdefensepacific.standardof.net\/wp-content\/uploads\/sites\/6\/2020\/10\/iBomber-Defense-Pacific-Campaign-Mission-03-Savo-Island-4-768x432.jpg 768w, https:\/\/ibomberdefensepacific.standardof.net\/wp-content\/uploads\/sites\/6\/2020\/10\/iBomber-Defense-Pacific-Campaign-Mission-03-Savo-Island-4-16x9.jpg 16w, https:\/\/ibomberdefensepacific.standardof.net\/wp-content\/uploads\/sites\/6\/2020\/10\/iBomber-Defense-Pacific-Campaign-Mission-03-Savo-Island-4.jpg 1280w\" sizes=\"(max-width: 800px) 100vw, 800px\" \/><\/a><figcaption class=\"blocks-gallery-item__caption\">Posicionamento da torre da onda 14.<\/figcaption><\/figure><\/li><\/ul><\/figure>\n\n\n\n<p>A coloca\u00e7\u00e3o da torre neste n\u00edvel \u00e9 bastante direta e simples. Coloque um par de torres de metralhadora perto do ponto de estrangulamento onde os caminhos se fundem e a entrada fica mais fina. Um deles no lado sul atualizado para o n\u00edvel 3 pode segurar as poucas ondas iniciais enquanto sua torre de cima atira em caixas pr\u00f3ximas. Tamb\u00e9m tente obter um par de torres de bomba na primeira onda ou assim. Concentre-se em jogar bombas nas caixas perto dessas torres primeiro, eventualmente atingindo um dos grupos de ataque furtivo que se estacionam perto da caixa ao lado do caminho de terra em forma de Y que atravessa a floresta. Quando voc\u00ea estiver na onda 6, as duas torres MG s\u00e3o necess\u00e1rias para afastar as ondas. As bombas s\u00e3o um grande neg\u00f3cio aqui, ent\u00e3o, quando voc\u00ea conseguir tirar os dois MGs da frente para o n\u00edvel 3, trabalhe em seu par de torres de bomba e leve-os para o n\u00edvel 2.<\/p>\n\n\n\n<p>A onda 8 trar\u00e1 o ataque furtivo de uma das grandes embarca\u00e7\u00f5es do tamanho de um cruzador, que se parecer\u00e1 com uma unidade de onda normal, mas parar\u00e1 perto de sua base, estacionando na parte larga da \u00e1gua perto da mini-ilha. Voc\u00ea deve tentar ignor\u00e1-lo por enquanto enquanto se concentra em seu objetivo secund\u00e1rio, mas eventualmente uma torre MG colocada logo ao norte dela pode derrubar o cruzador e ajudar a atirar na caixa pr\u00f3xima. Aprimore aquele MG colocado por aquela caixa para o n\u00edvel 2 e encontre os fundos para um Canh\u00e3o colocado na entrada de sua base, o que tamb\u00e9m ajudar\u00e1 a atirar na caixa pr\u00f3xima no lado oeste da entrada em sua base, e voc\u00ea \u00e9 praticamente o molho para esta miss\u00e3o.<\/p>\n\n\n\n<hr class=\"wp-block-separator is-style-wide\"\/>\n\n\n\n<h3 class=\"has-text-align-center wp-block-heading\" id=\"4-veteran-difficulty-video-guide\">Veteran Difficulty Video Guide<\/h3>\n\n\n\n<figure class=\"wp-block-embed-youtube wp-block-embed is-type-video is-provider-youtube wp-embed-aspect-16-9 wp-has-aspect-ratio\"><div class=\"wp-block-embed__wrapper\">\n<div class=\"ast-oembed-container\" style=\"height: 100%;\"><iframe title=\"Batalha da Ilha de Savo - M3 iBomber Defense Pacific - Passo a passo de Veteran Full House\" width=\"500\" height=\"375\" src=\"https:\/\/www.youtube.com\/embed\/-QjPl5nCqEc?feature=oembed\" frameborder=\"0\" allow=\"accelerometer; autoplay; clipboard-write; encrypted-media; gyroscope; picture-in-picture; web-share\" referrerpolicy=\"strict-origin-when-cross-origin\" allowfullscreen><\/iframe><\/div>\n<\/div><\/figure>","protected":false},"excerpt":{"rendered":"<p>Battle of Savo Island &#8211; Ironbottom Sound Protect your supply lines into Guadalcanal. This level is considered the first real challenge, the first two levels being considered tutorials. It is also the first naval unit level, with two paths of exclusively naval units approaching from the top right corner, coming together at the thin part [&hellip;]<\/p>","protected":false},"author":1,"featured_media":47,"parent":164,"menu_order":3,"comment_status":"open","ping_status":"closed","template":"","meta":{"_uag_custom_page_level_css":"","site-sidebar-layout":"default","site-content-layout":"default","ast-site-content-layout":"","site-content-style":"default","site-sidebar-style":"default","ast-global-header-display":"","ast-banner-title-visibility":"","ast-main-header-display":"","ast-hfb-above-header-display":"","ast-hfb-below-header-display":"","ast-hfb-mobile-header-display":"","site-post-title":"","ast-breadcrumbs-content":"","ast-featured-img":"","footer-sml-layout":"","theme-transparent-header-meta":"default","adv-header-id-meta":"","stick-header-meta":"","header-above-stick-meta":"","header-main-stick-meta":"","header-below-stick-meta":"","astra-migrate-meta-layouts":"default","ast-page-background-enabled":"default","ast-page-background-meta":{"desktop":{"background-color":"","background-image":"","background-repeat":"repeat","background-position":"center center","background-size":"auto","background-attachment":"scroll","background-type":"","background-media":"","overlay-type":"","overlay-color":"","overlay-gradient":""},"tablet":{"background-color":"","background-image":"","background-repeat":"repeat","background-position":"center center","background-size":"auto","background-attachment":"scroll","background-type":"","background-media":"","overlay-type":"","overlay-color":"","overlay-gradient":""},"mobile":{"background-color":"","background-image":"","background-repeat":"repeat","background-position":"center center","background-size":"auto","background-attachment":"scroll","background-type":"","background-media":"","overlay-type":"","overlay-color":"","overlay-gradient":""}},"ast-content-background-meta":{"desktop":{"background-color":"var(--ast-global-color-5)","background-image":"","background-repeat":"repeat","background-position":"center center","background-size":"auto","background-attachment":"scroll","background-type":"","background-media":"","overlay-type":"","overlay-color":"","overlay-gradient":""},"tablet":{"background-color":"var(--ast-global-color-5)","background-image":"","background-repeat":"repeat","background-position":"center center","background-size":"auto","background-attachment":"scroll","background-type":"","background-media":"","overlay-type":"","overlay-color":"","overlay-gradient":""},"mobile":{"background-color":"var(--ast-global-color-5)","background-image":"","background-repeat":"repeat","background-position":"center center","background-size":"auto","background-attachment":"scroll","background-type":"","background-media":"","overlay-type":"","overlay-color":"","overlay-gradient":""}},"footnotes":""},"uagb_featured_image_src":{"full":["https:\/\/ibomberdefensepacific.standardof.net\/wp-content\/uploads\/sites\/6\/2020\/10\/iBomber-Defense-Pacific-Campaign-Mission-03-Savo-Island-3.jpg",1280,720,false],"thumbnail":["https:\/\/ibomberdefensepacific.standardof.net\/wp-content\/uploads\/sites\/6\/2020\/10\/iBomber-Defense-Pacific-Campaign-Mission-03-Savo-Island-3-200x113.jpg",200,113,true],"medium":["https:\/\/ibomberdefensepacific.standardof.net\/wp-content\/uploads\/sites\/6\/2020\/10\/iBomber-Defense-Pacific-Campaign-Mission-03-Savo-Island-3-512x288.jpg",512,288,true],"medium_large":["https:\/\/ibomberdefensepacific.standardof.net\/wp-content\/uploads\/sites\/6\/2020\/10\/iBomber-Defense-Pacific-Campaign-Mission-03-Savo-Island-3-768x432.jpg",768,432,true],"large":["https:\/\/ibomberdefensepacific.standardof.net\/wp-content\/uploads\/sites\/6\/2020\/10\/iBomber-Defense-Pacific-Campaign-Mission-03-Savo-Island-3-800x450.jpg",800,450,true],"1536x1536":["https:\/\/ibomberdefensepacific.standardof.net\/wp-content\/uploads\/sites\/6\/2020\/10\/iBomber-Defense-Pacific-Campaign-Mission-03-Savo-Island-3.jpg",1280,720,false],"2048x2048":["https:\/\/ibomberdefensepacific.standardof.net\/wp-content\/uploads\/sites\/6\/2020\/10\/iBomber-Defense-Pacific-Campaign-Mission-03-Savo-Island-3.jpg",1280,720,false],"trp-custom-language-flag":["https:\/\/ibomberdefensepacific.standardof.net\/wp-content\/uploads\/sites\/6\/2020\/10\/iBomber-Defense-Pacific-Campaign-Mission-03-Savo-Island-3-16x9.jpg",16,9,true]},"uagb_author_info":{"display_name":"SOE","author_link":"https:\/\/ibomberdefensepacific.standardof.net\/pt\/author\/k-tastic\/"},"uagb_comment_info":0,"uagb_excerpt":"Battle of Savo Island &#8211; Ironbottom Sound Protect your supply lines into Guadalcanal. This level is considered the first real challenge, the first two levels being considered tutorials. It is also the first naval unit level, with two paths of exclusively naval units approaching from the top right corner, coming together at the thin part&hellip;","_links":{"self":[{"href":"https:\/\/ibomberdefensepacific.standardof.net\/pt\/wp-json\/wp\/v2\/pages\/194"}],"collection":[{"href":"https:\/\/ibomberdefensepacific.standardof.net\/pt\/wp-json\/wp\/v2\/pages"}],"about":[{"href":"https:\/\/ibomberdefensepacific.standardof.net\/pt\/wp-json\/wp\/v2\/types\/page"}],"author":[{"embeddable":true,"href":"https:\/\/ibomberdefensepacific.standardof.net\/pt\/wp-json\/wp\/v2\/users\/1"}],"replies":[{"embeddable":true,"href":"https:\/\/ibomberdefensepacific.standardof.net\/pt\/wp-json\/wp\/v2\/comments?post=194"}],"version-history":[{"count":0,"href":"https:\/\/ibomberdefensepacific.standardof.net\/pt\/wp-json\/wp\/v2\/pages\/194\/revisions"}],"up":[{"embeddable":true,"href":"https:\/\/ibomberdefensepacific.standardof.net\/pt\/wp-json\/wp\/v2\/pages\/164"}],"wp:featuredmedia":[{"embeddable":true,"href":"https:\/\/ibomberdefensepacific.standardof.net\/pt\/wp-json\/wp\/v2\/media\/47"}],"wp:attachment":[{"href":"https:\/\/ibomberdefensepacific.standardof.net\/pt\/wp-json\/wp\/v2\/media?parent=194"}],"curies":[{"name":"wp","href":"https:\/\/api.w.org\/{rel}","templated":true}]}}