{"id":189,"date":"2020-10-20T13:33:39","date_gmt":"2020-10-20T13:33:39","guid":{"rendered":"https:\/\/ibomberdefensepacific.standardof.net\/?page_id=189"},"modified":"2020-10-21T17:19:38","modified_gmt":"2020-10-21T17:19:38","slug":"campaign-mission-02-buna-gona","status":"publish","type":"page","link":"https:\/\/ibomberdefensepacific.standardof.net\/pt\/guide\/campanha-missao-02-buna-gona\/","title":{"rendered":"Miss\u00e3o da campanha 02: Per\u00edmetro \u201cBuna Gona\u201d"},"content":{"rendered":"<h2 class=\"wp-block-heading\">Buna Gona - Per\u00edmetro<\/h2>\n\n\n\n<div class=\"wp-block-image\"><figure class=\"aligncenter size-large\"><a href=\"https:\/\/ibomberdefensepacific.standardof.net\/pt\/guide\/campanha-missao-02-buna-gona\/ibomber-defense-pacific-campaign-mission-02-buna-gona-1\/\"><img decoding=\"async\" width=\"800\" height=\"450\" src=\"https:\/\/ibomberdefensepacific.standardof.net\/wp-content\/uploads\/sites\/6\/2020\/10\/iBomber-Defense-Pacific-Campaign-Mission-02-Buna-Gona-1-800x450.jpg\" alt=\"iBomber Defense Pacific - Campaign Mission 02 - Buna Gona (1)\" class=\"wp-image-41\" srcset=\"https:\/\/ibomberdefensepacific.standardof.net\/wp-content\/uploads\/sites\/6\/2020\/10\/iBomber-Defense-Pacific-Campaign-Mission-02-Buna-Gona-1-800x450.jpg 800w, https:\/\/ibomberdefensepacific.standardof.net\/wp-content\/uploads\/sites\/6\/2020\/10\/iBomber-Defense-Pacific-Campaign-Mission-02-Buna-Gona-1-512x288.jpg 512w, https:\/\/ibomberdefensepacific.standardof.net\/wp-content\/uploads\/sites\/6\/2020\/10\/iBomber-Defense-Pacific-Campaign-Mission-02-Buna-Gona-1-200x113.jpg 200w, https:\/\/ibomberdefensepacific.standardof.net\/wp-content\/uploads\/sites\/6\/2020\/10\/iBomber-Defense-Pacific-Campaign-Mission-02-Buna-Gona-1-768x432.jpg 768w, https:\/\/ibomberdefensepacific.standardof.net\/wp-content\/uploads\/sites\/6\/2020\/10\/iBomber-Defense-Pacific-Campaign-Mission-02-Buna-Gona-1-16x9.jpg 16w, https:\/\/ibomberdefensepacific.standardof.net\/wp-content\/uploads\/sites\/6\/2020\/10\/iBomber-Defense-Pacific-Campaign-Mission-02-Buna-Gona-1.jpg 1280w\" sizes=\"(max-width: 800px) 100vw, 800px\" \/><\/a><figcaption>O caminho vermelho mostrando a rota seguida pelas for\u00e7as inimigas que se aproximam em Buna Gona.<\/figcaption><\/figure><\/div>\n\n\n\n<p><em>Proteja sua posi\u00e7\u00e3o em Buna, Nova Guin\u00e9.<\/em><\/p>\n\n\n\n<p>O n\u00edvel Buna Gona ter\u00e1 as for\u00e7as terrestres inimigas se aproximando de sua base em um caminho em espiral que come\u00e7a no centro do topo do mapa, terminando perto do centro, quase fazendo um loop completo. Esta miss\u00e3o ir\u00e1 apresentar a Torre de Bomba e como utiliz\u00e1-la, sendo a \u00faltima metade das miss\u00f5es do tutorial necess\u00e1rias para desbloquear a conquista do Treinamento B\u00e1sico.<\/p>\n\n\n\t\t\t\t<div class=\"wp-block-uagb-table-of-contents uagb-toc__align-left uagb-toc__columns-1  uagb-block-e609e29d\"\n\t\t\t\t\tdata-scroll= \"1\"\n\t\t\t\t\tdata-offset= \"30\"\n\t\t\t\t\tstyle=\"\"\n\t\t\t\t>\n\t\t\t\t<div class=\"uagb-toc__wrap\">\n\t\t\t\t\t\t<div class=\"uagb-toc__title\">\n\t\t\t\t\t\t\tNavega\u00e7\u00e3o do guia passo a passo:\t\t\t\t\t\t<\/div>\n\t\t\t\t\t\t\t\t\t\t\t\t\t\t\t\t<div class=\"uagb-toc__list-wrap\">\n\t\t\t\t\t\t<ol class=\"uagb-toc__list\"><li class=\"uagb-toc__list\"><a href=\"#secondary-objective\" class=\"uagb-toc-link__trigger\">Objetivo Secund\u00e1rio<\/a><li class=\"uagb-toc__list\"><a href=\"#victory-points\" class=\"uagb-toc-link__trigger\">Pontos de Vit\u00f3ria<\/a><li class=\"uagb-toc__list\"><a href=\"#perks-used-for-this-mission\" class=\"uagb-toc-link__trigger\">Benef\u00edcios usados para esta miss\u00e3o:<\/a><li class=\"uagb-toc__list\"><a href=\"#hidden-target\" class=\"uagb-toc-link__trigger\">Alvo Oculto<\/a><li class=\"uagb-toc__list\"><a href=\"#turret-placement\" class=\"uagb-toc-link__trigger\">Posicionamento da Torre<\/a><li class=\"uagb-toc__list\"><a href=\"#basic-training-achievement\" class=\"uagb-toc-link__trigger\">Conquista de treinamento b\u00e1sico<\/a><li class=\"uagb-toc__list\"><a href=\"#veteran-difficulty-video-guide\" class=\"uagb-toc-link__trigger\">Veteran Difficulty Video Guide<\/a><\/ol>\t\t\t\t\t<\/div>\n\t\t\t\t\t\t\t\t\t<\/div>\n\t\t\t\t<\/div>\n\t\t\t\n\n\n<hr class=\"wp-block-separator is-style-wide\"\/>\n\n\n\n<h3 class=\"wp-block-heading\">Objetivo Secund\u00e1rio<\/h3>\n\n\n\n<p><em>Destrua todos os bunkers japoneses na \u00e1rea.<\/em><\/p>\n\n\n\n<p>Este objetivo exigir\u00e1 o uso de suas bombas. Melhor feito o mais r\u00e1pido poss\u00edvel, embora n\u00e3o \u00e0 custa de ignorar completamente as caixas de suprimentos at\u00e9 terminar. Basta jogar uma \u00fanica bomba sobre cada uma das tr\u00eas formas hexagonais elevadas que est\u00e3o localizadas na floresta, longe do caminho e de suas torres, com a clareira circular em torno de cada uma.<\/p>\n\n\n\n<div class=\"wp-block-image\"><figure class=\"aligncenter size-large\"><a href=\"https:\/\/ibomberdefensepacific.standardof.net\/pt\/guide\/campanha-missao-02-buna-gona\/ibomber-defense-pacific-campaign-mission-02-buna-gona-3\/\"><img decoding=\"async\" width=\"244\" height=\"230\" src=\"https:\/\/ibomberdefensepacific.standardof.net\/wp-content\/uploads\/sites\/6\/2020\/10\/iBomber-Defense-Pacific-Campaign-Mission-02-Buna-Gona-3.jpg\" alt=\"Captura de tela de um dos bunkers que voc\u00ea deve destruir para o objetivo secund\u00e1rio no n\u00edvel de campanha Buna-Gona do videogame &quot;iBomber Defense Pacific&quot;.\" class=\"wp-image-43\" srcset=\"https:\/\/ibomberdefensepacific.standardof.net\/wp-content\/uploads\/sites\/6\/2020\/10\/iBomber-Defense-Pacific-Campaign-Mission-02-Buna-Gona-3.jpg 244w, https:\/\/ibomberdefensepacific.standardof.net\/wp-content\/uploads\/sites\/6\/2020\/10\/iBomber-Defense-Pacific-Campaign-Mission-02-Buna-Gona-3-200x189.jpg 200w, https:\/\/ibomberdefensepacific.standardof.net\/wp-content\/uploads\/sites\/6\/2020\/10\/iBomber-Defense-Pacific-Campaign-Mission-02-Buna-Gona-3-13x12.jpg 13w\" sizes=\"(max-width: 244px) 100vw, 244px\" \/><\/a><figcaption>Um dos bunkers japoneses voc\u00ea deve destruir com bombas para o objetivo secund\u00e1rio.<\/figcaption><\/figure><\/div>\n\n\n\n<h3 class=\"wp-block-heading\">Pontos de Vit\u00f3ria<\/h3>\n\n\n\n<ul><li>Metralhadora lvl 3<\/li><\/ul>\n\n\n\n<p>20 pontos no total<\/p>\n\n\n\n<hr class=\"wp-block-separator is-style-wide\"\/>\n\n\n\n<h3 class=\"wp-block-heading\">Benef\u00edcios usados para esta miss\u00e3o:<\/h3>\n\n\n\n<p>Greenback I, Bombardier I<br>O dinheiro extra com a vantagem Greenback \u00e9 sempre uma escolha valiosa, enquanto uma bomba extra ir\u00e1 percorrer um longo caminho em um n\u00edvel que requer uma boa quantidade de seu uso em um curto per\u00edodo de tempo.<\/p>\n\n\n\n<hr class=\"wp-block-separator is-style-wide\"\/>\n\n\n\n<h3 class=\"wp-block-heading\">Alvo Oculto<\/h3>\n\n\n\n<p>Este \u00e9 o primeiro n\u00edvel que possui uma estrutura especial colocada de forma discreta ao redor do mapa que, se destru\u00edda (por lan\u00e7ar uma bomba), serve como um b\u00f4nus para uma conquista. O alvo escondido em Buna-Gona \u00e9 uma pequena cabana entre as \u00e1rvores, logo \u00e0 esquerda de sua base.<\/p>\n\n\n\n<div class=\"wp-block-image is-style-default\"><figure class=\"aligncenter size-large\"><a href=\"https:\/\/ibomberdefensepacific.standardof.net\/pt\/guide\/campanha-missao-02-buna-gona\/ibomber-defense-pacific-campaign-mission-02-buna-gona-2\/\"><img decoding=\"async\" width=\"221\" height=\"229\" src=\"https:\/\/ibomberdefensepacific.standardof.net\/wp-content\/uploads\/sites\/6\/2020\/10\/iBomber-Defense-Pacific-Campaign-Mission-02-Buna-Gona-2.jpg\" alt=\"Captura de tela do edif\u00edcio Hidden Target no n\u00edvel de campanha Buna-Gona do videogame &quot;iBomber Defense Pacific&quot;.\" class=\"wp-image-42\" srcset=\"https:\/\/ibomberdefensepacific.standardof.net\/wp-content\/uploads\/sites\/6\/2020\/10\/iBomber-Defense-Pacific-Campaign-Mission-02-Buna-Gona-2.jpg 221w, https:\/\/ibomberdefensepacific.standardof.net\/wp-content\/uploads\/sites\/6\/2020\/10\/iBomber-Defense-Pacific-Campaign-Mission-02-Buna-Gona-2-193x200.jpg 193w, https:\/\/ibomberdefensepacific.standardof.net\/wp-content\/uploads\/sites\/6\/2020\/10\/iBomber-Defense-Pacific-Campaign-Mission-02-Buna-Gona-2-12x12.jpg 12w\" sizes=\"(max-width: 221px) 100vw, 221px\" \/><\/a><figcaption>O alvo oculto, escondido perto do centro do mapa em Buna-Gona.<\/figcaption><\/figure><\/div>\n\n\n\n<hr class=\"wp-block-separator is-style-wide\"\/>\n\n\n\n<h3 class=\"wp-block-heading\">Posicionamento da Torre<\/h3>\n\n\n\n<figure class=\"wp-block-gallery columns-2 is-cropped wp-block-gallery-1 is-layout-flex wp-block-gallery-is-layout-flex\"><ul class=\"blocks-gallery-grid\"><li class=\"blocks-gallery-item\"><figure><a href=\"https:\/\/ibomberdefensepacific.standardof.net\/pt\/guide\/campanha-missao-02-buna-gona\/ibomber-defense-pacific-campaign-mission-02-buna-gona-4\/\"><img decoding=\"async\" width=\"800\" height=\"450\" src=\"https:\/\/ibomberdefensepacific.standardof.net\/wp-content\/uploads\/sites\/6\/2020\/10\/iBomber-Defense-Pacific-Campaign-Mission-02-Buna-Gona-4-800x450.jpg\" alt=\"Captura de tela do posicionamento sugerido da torre ao atingir a onda 5 no n\u00edvel de campanha Buna-Gona do videogame &quot;iBomber Defense Pacific&quot;.\" data-id=\"44\" data-full-url=\"https:\/\/ibomberdefensepacific.standardof.net\/wp-content\/uploads\/sites\/6\/2020\/10\/iBomber-Defense-Pacific-Campaign-Mission-02-Buna-Gona-4.jpg\" data-link=\"https:\/\/ibomberdefensepacific.standardof.net\/guide\/campaign-mission-02-buna-gona\/ibomber-defense-pacific-campaign-mission-02-buna-gona-4\/\" class=\"wp-image-44\" srcset=\"https:\/\/ibomberdefensepacific.standardof.net\/wp-content\/uploads\/sites\/6\/2020\/10\/iBomber-Defense-Pacific-Campaign-Mission-02-Buna-Gona-4-800x450.jpg 800w, https:\/\/ibomberdefensepacific.standardof.net\/wp-content\/uploads\/sites\/6\/2020\/10\/iBomber-Defense-Pacific-Campaign-Mission-02-Buna-Gona-4-512x288.jpg 512w, https:\/\/ibomberdefensepacific.standardof.net\/wp-content\/uploads\/sites\/6\/2020\/10\/iBomber-Defense-Pacific-Campaign-Mission-02-Buna-Gona-4-200x113.jpg 200w, https:\/\/ibomberdefensepacific.standardof.net\/wp-content\/uploads\/sites\/6\/2020\/10\/iBomber-Defense-Pacific-Campaign-Mission-02-Buna-Gona-4-768x432.jpg 768w, https:\/\/ibomberdefensepacific.standardof.net\/wp-content\/uploads\/sites\/6\/2020\/10\/iBomber-Defense-Pacific-Campaign-Mission-02-Buna-Gona-4-16x9.jpg 16w, https:\/\/ibomberdefensepacific.standardof.net\/wp-content\/uploads\/sites\/6\/2020\/10\/iBomber-Defense-Pacific-Campaign-Mission-02-Buna-Gona-4.jpg 1280w\" sizes=\"(max-width: 800px) 100vw, 800px\" \/><\/a><figcaption class=\"blocks-gallery-item__caption\">Posicionamento da torre na onda 5.<\/figcaption><\/figure><\/li><li class=\"blocks-gallery-item\"><figure><a href=\"https:\/\/ibomberdefensepacific.standardof.net\/pt\/guide\/campanha-missao-02-buna-gona\/ibomber-defense-pacific-campaign-mission-02-buna-gona-5\/\"><img decoding=\"async\" width=\"800\" height=\"450\" src=\"https:\/\/ibomberdefensepacific.standardof.net\/wp-content\/uploads\/sites\/6\/2020\/10\/iBomber-Defense-Pacific-Campaign-Mission-02-Buna-Gona-5-800x450.jpg\" alt=\"Captura de tela do posicionamento sugerido da torre ao atingir a onda 10 no n\u00edvel de campanha Buna-Gona do videogame &quot;iBomber Defense Pacific&quot;.\" data-id=\"45\" data-full-url=\"https:\/\/ibomberdefensepacific.standardof.net\/wp-content\/uploads\/sites\/6\/2020\/10\/iBomber-Defense-Pacific-Campaign-Mission-02-Buna-Gona-5.jpg\" data-link=\"https:\/\/ibomberdefensepacific.standardof.net\/guide\/campaign-mission-02-buna-gona\/ibomber-defense-pacific-campaign-mission-02-buna-gona-5\/\" class=\"wp-image-45\" srcset=\"https:\/\/ibomberdefensepacific.standardof.net\/wp-content\/uploads\/sites\/6\/2020\/10\/iBomber-Defense-Pacific-Campaign-Mission-02-Buna-Gona-5-800x450.jpg 800w, https:\/\/ibomberdefensepacific.standardof.net\/wp-content\/uploads\/sites\/6\/2020\/10\/iBomber-Defense-Pacific-Campaign-Mission-02-Buna-Gona-5-512x288.jpg 512w, https:\/\/ibomberdefensepacific.standardof.net\/wp-content\/uploads\/sites\/6\/2020\/10\/iBomber-Defense-Pacific-Campaign-Mission-02-Buna-Gona-5-200x113.jpg 200w, https:\/\/ibomberdefensepacific.standardof.net\/wp-content\/uploads\/sites\/6\/2020\/10\/iBomber-Defense-Pacific-Campaign-Mission-02-Buna-Gona-5-768x432.jpg 768w, https:\/\/ibomberdefensepacific.standardof.net\/wp-content\/uploads\/sites\/6\/2020\/10\/iBomber-Defense-Pacific-Campaign-Mission-02-Buna-Gona-5-16x9.jpg 16w, https:\/\/ibomberdefensepacific.standardof.net\/wp-content\/uploads\/sites\/6\/2020\/10\/iBomber-Defense-Pacific-Campaign-Mission-02-Buna-Gona-5.jpg 1280w\" sizes=\"(max-width: 800px) 100vw, 800px\" \/><\/a><figcaption class=\"blocks-gallery-item__caption\">Posicionamento da torre na onda 10.<\/figcaption><\/figure><\/li><\/ul><\/figure>\n\n\n\n<p>Com seus fundos iniciais, voc\u00ea vai querer colocar um par de torres de bomba perto de sua base, onde \u00e9 menos prov\u00e1vel que sejam disparadas por inimigos que avan\u00e7am, j\u00e1 que voc\u00ea precisar\u00e1 de mais do que apenas uma para bombardear todos os alvos e caixas a tempo. Pegue o que resta e coloque uma metralhadora no caminho antes da primeira caixa de suprimentos, atualizando-a para o n\u00edvel 3. Pegue seus pr\u00f3ximos fundos e fa\u00e7a outro MG e, eventualmente, um canh\u00e3o pr\u00f3ximo ao par de caixas, fazendo-os atirar nas caixas quando os inimigos estiverem n\u00e3o est\u00e1 presente para trabalhar no sentido de obter as guloseimas para dentro.<\/p>\n\n\n\n<p>As ondas nesta miss\u00e3o v\u00e3o r\u00e1pido, ent\u00e3o certifique-se de lan\u00e7ar suas bombas nos alvos que voc\u00ea precisa atingir conforme eles s\u00e3o feitos. Voc\u00ea pode acabar danificando suas pr\u00f3prias torres ao atingir as caixas de suprimentos, mas certifique-se de n\u00e3o esperar muito para abrir as caixas, pois os fundos que elas cont\u00eam s\u00e3o uma boa ajuda. Voc\u00ea deve tentar encerrar esta miss\u00e3o com um par de MGs de n\u00edvel 2 e 3 e um par de Canh\u00f5es, sem contar as torres de bombas.<\/p>\n\n\n\n<hr class=\"wp-block-separator is-style-wide\"\/>\n\n\n\n<h3 class=\"wp-block-heading\">Conquista de treinamento b\u00e1sico<\/h3>\n\n\n\n<p>Depois de concluir este e o n\u00edvel anterior, a Pista de Kokada ir\u00e1 recompens\u00e1-lo com a conquista Treinamento B\u00e1sico por concluir os dois n\u00edveis de tutorial do jogo. N\u00e3o importa em que dificuldade voc\u00ea vencer\u00e1 essas miss\u00f5es.<\/p>\n\n\n\n<hr class=\"wp-block-separator is-style-wide\"\/>\n\n\n\n<h3 class=\"has-text-align-center wp-block-heading\" id=\"4-veteran-difficulty-video-guide\">Veteran Difficulty Video Guide<\/h3>\n\n\n\n<figure class=\"wp-block-embed-youtube wp-block-embed is-type-video is-provider-youtube wp-embed-aspect-16-9 wp-has-aspect-ratio\"><div class=\"wp-block-embed__wrapper\">\n<div class=\"ast-oembed-container\" style=\"height: 100%;\"><iframe title=\"Buna Gona - M2 iBomber Defense Pacific - passo a passo veterano full house\" width=\"500\" height=\"375\" src=\"https:\/\/www.youtube.com\/embed\/Z7bDZOrR9j0?feature=oembed\" frameborder=\"0\" allow=\"accelerometer; autoplay; clipboard-write; encrypted-media; gyroscope; picture-in-picture; web-share\" referrerpolicy=\"strict-origin-when-cross-origin\" allowfullscreen><\/iframe><\/div>\n<\/div><\/figure>","protected":false},"excerpt":{"rendered":"<p>Buna Gona &#8211; Perimeter Protect your position in Buna, New Guinea. The level Buna Gona will have the enemy land forces approaching your base in a spiraling path that starts at the center-top of the map, ending near the center, almost making a complete loop. This mission will introduce the Bomb Turret and how to [&hellip;]<\/p>","protected":false},"author":1,"featured_media":45,"parent":164,"menu_order":2,"comment_status":"open","ping_status":"closed","template":"","meta":{"_uag_custom_page_level_css":"","site-sidebar-layout":"default","site-content-layout":"default","ast-site-content-layout":"","site-content-style":"default","site-sidebar-style":"default","ast-global-header-display":"","ast-banner-title-visibility":"","ast-main-header-display":"","ast-hfb-above-header-display":"","ast-hfb-below-header-display":"","ast-hfb-mobile-header-display":"","site-post-title":"","ast-breadcrumbs-content":"","ast-featured-img":"","footer-sml-layout":"","theme-transparent-header-meta":"default","adv-header-id-meta":"","stick-header-meta":"","header-above-stick-meta":"","header-main-stick-meta":"","header-below-stick-meta":"","astra-migrate-meta-layouts":"default","ast-page-background-enabled":"default","ast-page-background-meta":{"desktop":{"background-color":"","background-image":"","background-repeat":"repeat","background-position":"center center","background-size":"auto","background-attachment":"scroll","background-type":"","background-media":"","overlay-type":"","overlay-color":"","overlay-gradient":""},"tablet":{"background-color":"","background-image":"","background-repeat":"repeat","background-position":"center center","background-size":"auto","background-attachment":"scroll","background-type":"","background-media":"","overlay-type":"","overlay-color":"","overlay-gradient":""},"mobile":{"background-color":"","background-image":"","background-repeat":"repeat","background-position":"center center","background-size":"auto","background-attachment":"scroll","background-type":"","background-media":"","overlay-type":"","overlay-color":"","overlay-gradient":""}},"ast-content-background-meta":{"desktop":{"background-color":"var(--ast-global-color-5)","background-image":"","background-repeat":"repeat","background-position":"center center","background-size":"auto","background-attachment":"scroll","background-type":"","background-media":"","overlay-type":"","overlay-color":"","overlay-gradient":""},"tablet":{"background-color":"var(--ast-global-color-5)","background-image":"","background-repeat":"repeat","background-position":"center center","background-size":"auto","background-attachment":"scroll","background-type":"","background-media":"","overlay-type":"","overlay-color":"","overlay-gradient":""},"mobile":{"background-color":"var(--ast-global-color-5)","background-image":"","background-repeat":"repeat","background-position":"center center","background-size":"auto","background-attachment":"scroll","background-type":"","background-media":"","overlay-type":"","overlay-color":"","overlay-gradient":""}},"footnotes":""},"uagb_featured_image_src":{"full":["https:\/\/ibomberdefensepacific.standardof.net\/wp-content\/uploads\/sites\/6\/2020\/10\/iBomber-Defense-Pacific-Campaign-Mission-02-Buna-Gona-5.jpg",1280,720,false],"thumbnail":["https:\/\/ibomberdefensepacific.standardof.net\/wp-content\/uploads\/sites\/6\/2020\/10\/iBomber-Defense-Pacific-Campaign-Mission-02-Buna-Gona-5-200x113.jpg",200,113,true],"medium":["https:\/\/ibomberdefensepacific.standardof.net\/wp-content\/uploads\/sites\/6\/2020\/10\/iBomber-Defense-Pacific-Campaign-Mission-02-Buna-Gona-5-512x288.jpg",512,288,true],"medium_large":["https:\/\/ibomberdefensepacific.standardof.net\/wp-content\/uploads\/sites\/6\/2020\/10\/iBomber-Defense-Pacific-Campaign-Mission-02-Buna-Gona-5-768x432.jpg",768,432,true],"large":["https:\/\/ibomberdefensepacific.standardof.net\/wp-content\/uploads\/sites\/6\/2020\/10\/iBomber-Defense-Pacific-Campaign-Mission-02-Buna-Gona-5-800x450.jpg",800,450,true],"1536x1536":["https:\/\/ibomberdefensepacific.standardof.net\/wp-content\/uploads\/sites\/6\/2020\/10\/iBomber-Defense-Pacific-Campaign-Mission-02-Buna-Gona-5.jpg",1280,720,false],"2048x2048":["https:\/\/ibomberdefensepacific.standardof.net\/wp-content\/uploads\/sites\/6\/2020\/10\/iBomber-Defense-Pacific-Campaign-Mission-02-Buna-Gona-5.jpg",1280,720,false],"trp-custom-language-flag":["https:\/\/ibomberdefensepacific.standardof.net\/wp-content\/uploads\/sites\/6\/2020\/10\/iBomber-Defense-Pacific-Campaign-Mission-02-Buna-Gona-5-16x9.jpg",16,9,true]},"uagb_author_info":{"display_name":"SOE","author_link":"https:\/\/ibomberdefensepacific.standardof.net\/pt\/author\/k-tastic\/"},"uagb_comment_info":0,"uagb_excerpt":"Buna Gona &#8211; Perimeter Protect your position in Buna, New Guinea. The level Buna Gona will have the enemy land forces approaching your base in a spiraling path that starts at the center-top of the map, ending near the center, almost making a complete loop. This mission will introduce the Bomb Turret and how to&hellip;","_links":{"self":[{"href":"https:\/\/ibomberdefensepacific.standardof.net\/pt\/wp-json\/wp\/v2\/pages\/189"}],"collection":[{"href":"https:\/\/ibomberdefensepacific.standardof.net\/pt\/wp-json\/wp\/v2\/pages"}],"about":[{"href":"https:\/\/ibomberdefensepacific.standardof.net\/pt\/wp-json\/wp\/v2\/types\/page"}],"author":[{"embeddable":true,"href":"https:\/\/ibomberdefensepacific.standardof.net\/pt\/wp-json\/wp\/v2\/users\/1"}],"replies":[{"embeddable":true,"href":"https:\/\/ibomberdefensepacific.standardof.net\/pt\/wp-json\/wp\/v2\/comments?post=189"}],"version-history":[{"count":0,"href":"https:\/\/ibomberdefensepacific.standardof.net\/pt\/wp-json\/wp\/v2\/pages\/189\/revisions"}],"up":[{"embeddable":true,"href":"https:\/\/ibomberdefensepacific.standardof.net\/pt\/wp-json\/wp\/v2\/pages\/164"}],"wp:featuredmedia":[{"embeddable":true,"href":"https:\/\/ibomberdefensepacific.standardof.net\/pt\/wp-json\/wp\/v2\/media\/45"}],"wp:attachment":[{"href":"https:\/\/ibomberdefensepacific.standardof.net\/pt\/wp-json\/wp\/v2\/media?parent=189"}],"curies":[{"name":"wp","href":"https:\/\/api.w.org\/{rel}","templated":true}]}}