{"id":183,"date":"2020-10-20T13:10:23","date_gmt":"2020-10-20T13:10:23","guid":{"rendered":"https:\/\/ibomberdefensepacific.standardof.net\/?page_id=183"},"modified":"2020-10-21T17:19:18","modified_gmt":"2020-10-21T17:19:18","slug":"campaign-mission-01-kokoda-track","status":"publish","type":"page","link":"https:\/\/ibomberdefensepacific.standardof.net\/pt\/guide\/campaign-mission-01-kokoda-track\/","title":{"rendered":"Miss\u00e3o da campanha 01: \u201cKokoda Track\u201d na Nova Guin\u00e9"},"content":{"rendered":"<h2 class=\"wp-block-heading\">Trilha Kokoda: Nova Guin\u00e9<\/h2>\n\n\n\n<div class=\"wp-block-image\"><figure class=\"aligncenter size-large\"><a href=\"https:\/\/ibomberdefensepacific.standardof.net\/pt\/guide\/campaign-mission-01-kokoda-track\/ibomber-defense-pacific-campaign-mission-01-kokoda-track-1\/\"><img decoding=\"async\" width=\"800\" height=\"450\" src=\"https:\/\/ibomberdefensepacific.standardof.net\/wp-content\/uploads\/sites\/6\/2020\/10\/iBomber-Defense-Pacific-Campaign-Mission-01-Kokoda-Track-1-800x450.jpg\" alt=\"Um mapa do n\u00edvel de campanha Kokoda Track, com setas desenhadas mostrando os caminhos que as unidades inimigas tomam em dire\u00e7\u00e3o \u00e0 base que voc\u00ea deve defender no videogame &quot;iBomber Defense Pacific&quot;.\" class=\"wp-image-38\" srcset=\"https:\/\/ibomberdefensepacific.standardof.net\/wp-content\/uploads\/sites\/6\/2020\/10\/iBomber-Defense-Pacific-Campaign-Mission-01-Kokoda-Track-1-800x450.jpg 800w, https:\/\/ibomberdefensepacific.standardof.net\/wp-content\/uploads\/sites\/6\/2020\/10\/iBomber-Defense-Pacific-Campaign-Mission-01-Kokoda-Track-1-512x288.jpg 512w, https:\/\/ibomberdefensepacific.standardof.net\/wp-content\/uploads\/sites\/6\/2020\/10\/iBomber-Defense-Pacific-Campaign-Mission-01-Kokoda-Track-1-200x113.jpg 200w, https:\/\/ibomberdefensepacific.standardof.net\/wp-content\/uploads\/sites\/6\/2020\/10\/iBomber-Defense-Pacific-Campaign-Mission-01-Kokoda-Track-1-768x432.jpg 768w, https:\/\/ibomberdefensepacific.standardof.net\/wp-content\/uploads\/sites\/6\/2020\/10\/iBomber-Defense-Pacific-Campaign-Mission-01-Kokoda-Track-1-16x9.jpg 16w, https:\/\/ibomberdefensepacific.standardof.net\/wp-content\/uploads\/sites\/6\/2020\/10\/iBomber-Defense-Pacific-Campaign-Mission-01-Kokoda-Track-1.jpg 1280w\" sizes=\"(max-width: 800px) 100vw, 800px\" \/><\/a><figcaption>A dire\u00e7\u00e3o tomada pelas unidades inimigas no n\u00edvel Kokoda Track.<\/figcaption><\/figure><\/div>\n\n\n\n<p><em>Proteja a ba\u00eda de Milne e evite que as for\u00e7as japonesas estabele\u00e7am uma base no leste da Nova Guin\u00e9.<\/em><\/p>\n\n\n\n<p>Voc\u00ea estar\u00e1 defendendo um \u00fanico caminho que se curva da parte superior esquerda do mapa at\u00e9 sua base na parte inferior direita para 8 ondas de unidades principalmente leves. Esta \u00e9 a primeira de duas miss\u00f5es tutoriais que s\u00e3o relativamente f\u00e1ceis (mesmo na dificuldade Veteran) e servem para apresentar aos novos jogadores a mec\u00e2nica do jogo. N\u00e3o h\u00e1 alvos especiais ou caixas de suprimentos para falar nesta miss\u00e3o.<\/p>\n\n\n\t\t\t\t<div class=\"wp-block-uagb-table-of-contents uagb-toc__align-left uagb-toc__columns-1  uagb-block-9b8f349e\"\n\t\t\t\t\tdata-scroll= \"1\"\n\t\t\t\t\tdata-offset= \"30\"\n\t\t\t\t\tstyle=\"\"\n\t\t\t\t>\n\t\t\t\t<div class=\"uagb-toc__wrap\">\n\t\t\t\t\t\t<div class=\"uagb-toc__title\">\n\t\t\t\t\t\t\tNavega\u00e7\u00e3o do guia passo a passo:\t\t\t\t\t\t<\/div>\n\t\t\t\t\t\t\t\t\t\t\t\t\t\t\t\t<div class=\"uagb-toc__list-wrap\">\n\t\t\t\t\t\t<ol class=\"uagb-toc__list\"><li class=\"uagb-toc__list\"><a href=\"#secondary-objective\" class=\"uagb-toc-link__trigger\">Objetivo Secund\u00e1rio<\/a><li class=\"uagb-toc__list\"><a href=\"#turret-placement\" class=\"uagb-toc-link__trigger\">Posicionamento da Torre<\/a><li class=\"uagb-toc__list\"><a href=\"#veteran-difficulty-video-guide\" class=\"uagb-toc-link__trigger\">Veteran Difficulty Video Guide<\/a><\/ol>\t\t\t\t\t<\/div>\n\t\t\t\t\t\t\t\t\t<\/div>\n\t\t\t\t<\/div>\n\t\t\t\n\n\n<hr class=\"wp-block-separator is-style-wide\"\/>\n\n\n\n<h3 class=\"wp-block-heading\">Objetivo Secund\u00e1rio<\/h3>\n\n\n\n<p><em>Proteja o dep\u00f3sito de suprimentos.<\/em><\/p>\n\n\n\n<p>Esse objetivo consiste em defender o edif\u00edcio marrom ao sul da curva da estrada ap\u00f3s a ponte. Tudo o que voc\u00ea precisa fazer \u00e9 colocar algumas torres na frente dele para evitar que sofra qualquer dano.<\/p>\n\n\n\n<div class=\"wp-block-image\"><figure class=\"aligncenter size-large\"><a href=\"https:\/\/ibomberdefensepacific.standardof.net\/pt\/guide\/campaign-mission-01-kokoda-track\/ibomber-defense-pacific-campaign-mission-01-kokoda-track-3\/\"><img decoding=\"async\" width=\"224\" height=\"140\" src=\"https:\/\/ibomberdefensepacific.standardof.net\/wp-content\/uploads\/sites\/6\/2020\/10\/iBomber-Defense-Pacific-Campaign-Mission-01-Kokoda-Track-3.jpg\" alt=\"Captura de tela da constru\u00e7\u00e3o do alvo do objetivo secund\u00e1rio no n\u00edvel da campanha Kokoda Track no videogame &quot;iBomber Defense Pacific&quot;.\" class=\"wp-image-40\" srcset=\"https:\/\/ibomberdefensepacific.standardof.net\/wp-content\/uploads\/sites\/6\/2020\/10\/iBomber-Defense-Pacific-Campaign-Mission-01-Kokoda-Track-3.jpg 224w, https:\/\/ibomberdefensepacific.standardof.net\/wp-content\/uploads\/sites\/6\/2020\/10\/iBomber-Defense-Pacific-Campaign-Mission-01-Kokoda-Track-3-200x125.jpg 200w, https:\/\/ibomberdefensepacific.standardof.net\/wp-content\/uploads\/sites\/6\/2020\/10\/iBomber-Defense-Pacific-Campaign-Mission-01-Kokoda-Track-3-16x10.jpg 16w\" sizes=\"(max-width: 224px) 100vw, 224px\" \/><\/a><figcaption>Objetivo Secund\u00e1rio<\/figcaption><\/figure><\/div>\n\n\n\n<hr class=\"wp-block-separator is-style-wide\"\/>\n\n\n\n<h3 class=\"wp-block-heading\">Posicionamento da Torre<\/h3>\n\n\n\n<div class=\"wp-block-image\"><figure class=\"aligncenter size-large\"><a href=\"https:\/\/ibomberdefensepacific.standardof.net\/pt\/guide\/campaign-mission-01-kokoda-track\/ibomber-defense-pacific-campaign-mission-01-kokoda-track-2\/\"><img decoding=\"async\" width=\"800\" height=\"450\" src=\"https:\/\/ibomberdefensepacific.standardof.net\/wp-content\/uploads\/sites\/6\/2020\/10\/iBomber-Defense-Pacific-Campaign-Mission-01-Kokoda-Track-2-800x450.jpg\" alt=\"Captura de tela da sugest\u00e3o de posicionamento da torre ao atingir a onda 8 no n\u00edvel de campanha Kokoda Track do videogame &quot;iBomber Defense Pacific&quot;.\" class=\"wp-image-39\" srcset=\"https:\/\/ibomberdefensepacific.standardof.net\/wp-content\/uploads\/sites\/6\/2020\/10\/iBomber-Defense-Pacific-Campaign-Mission-01-Kokoda-Track-2-800x450.jpg 800w, https:\/\/ibomberdefensepacific.standardof.net\/wp-content\/uploads\/sites\/6\/2020\/10\/iBomber-Defense-Pacific-Campaign-Mission-01-Kokoda-Track-2-512x288.jpg 512w, https:\/\/ibomberdefensepacific.standardof.net\/wp-content\/uploads\/sites\/6\/2020\/10\/iBomber-Defense-Pacific-Campaign-Mission-01-Kokoda-Track-2-200x113.jpg 200w, https:\/\/ibomberdefensepacific.standardof.net\/wp-content\/uploads\/sites\/6\/2020\/10\/iBomber-Defense-Pacific-Campaign-Mission-01-Kokoda-Track-2-768x432.jpg 768w, https:\/\/ibomberdefensepacific.standardof.net\/wp-content\/uploads\/sites\/6\/2020\/10\/iBomber-Defense-Pacific-Campaign-Mission-01-Kokoda-Track-2-16x9.jpg 16w, https:\/\/ibomberdefensepacific.standardof.net\/wp-content\/uploads\/sites\/6\/2020\/10\/iBomber-Defense-Pacific-Campaign-Mission-01-Kokoda-Track-2.jpg 1280w\" sizes=\"(max-width: 800px) 100vw, 800px\" \/><\/a><figcaption>Posicionamento da torre onda 8.<\/figcaption><\/figure><\/div>\n\n\n\n<p>Colocar as torres neste n\u00edvel \u00e9 muito simples e direto. Basta colocar at\u00e9 4 metralhadoras adicionais nos espa\u00e7os abertos ao longo da estrada, de prefer\u00eancia pelo menos uma na frente do armaz\u00e9m para proteg\u00ea-lo de danos. Atualize-os para o n\u00edvel 2 conforme a miss\u00e3o avan\u00e7a. Ao se aproximar do n\u00edvel 7, economize dinheiro para colocar um \u00fanico Canh\u00e3o ao longo da estrada para ajudar a lidar com as unidades mais pesadas que ocupam as ondas finais.<\/p>\n\n\n\n<p><strong>Pontos de vit\u00f3ria no final<\/strong><\/p>\n\n\n\n<p>+20 pontos por completar Kokoda Track com Full House.<br>20 pontos no total.<\/p>\n\n\n\n<p><strong>Upgrades adquiridos<\/strong><\/p>\n\n\n\n<ul><li>Metralhadora N\u00edvel 3<\/li><\/ul>\n\n\n\n<hr class=\"wp-block-separator is-style-wide\"\/>\n\n\n\n<h3 class=\"has-text-align-center wp-block-heading\">Veteran Difficulty Video Guide<\/h3>\n\n\n\n<figure class=\"wp-block-embed-youtube wp-block-embed is-type-video is-provider-youtube wp-embed-aspect-4-3 wp-has-aspect-ratio\"><div class=\"wp-block-embed__wrapper\">\n<div class=\"ast-oembed-container\" style=\"height: 100%;\"><iframe title=\"Pista Kokoda - M1 iBomber Defense Pacific - Passo a passo de veterano Full House\" width=\"500\" height=\"375\" src=\"https:\/\/www.youtube.com\/embed\/AUt2ODO-224?feature=oembed\" frameborder=\"0\" allow=\"accelerometer; autoplay; clipboard-write; encrypted-media; gyroscope; picture-in-picture; web-share\" referrerpolicy=\"strict-origin-when-cross-origin\" allowfullscreen><\/iframe><\/div>\n<\/div><\/figure>","protected":false},"excerpt":{"rendered":"<p>Kokoda Track: New Guinea Protect Milne bay and prevent Japanese forces establishing a base in Eastern New Guinea. You will be defending a single path that curves from the top left part of the map down to your base at the bottom right for 8 waves of mostly light units. This is the first of [&hellip;]<\/p>","protected":false},"author":1,"featured_media":39,"parent":164,"menu_order":1,"comment_status":"open","ping_status":"closed","template":"","meta":{"_uag_custom_page_level_css":"","site-sidebar-layout":"default","site-content-layout":"default","ast-site-content-layout":"","site-content-style":"default","site-sidebar-style":"default","ast-global-header-display":"","ast-banner-title-visibility":"","ast-main-header-display":"","ast-hfb-above-header-display":"","ast-hfb-below-header-display":"","ast-hfb-mobile-header-display":"","site-post-title":"","ast-breadcrumbs-content":"","ast-featured-img":"","footer-sml-layout":"","theme-transparent-header-meta":"default","adv-header-id-meta":"","stick-header-meta":"","header-above-stick-meta":"","header-main-stick-meta":"","header-below-stick-meta":"","astra-migrate-meta-layouts":"default","ast-page-background-enabled":"default","ast-page-background-meta":{"desktop":{"background-color":"","background-image":"","background-repeat":"repeat","background-position":"center center","background-size":"auto","background-attachment":"scroll","background-type":"","background-media":"","overlay-type":"","overlay-color":"","overlay-gradient":""},"tablet":{"background-color":"","background-image":"","background-repeat":"repeat","background-position":"center center","background-size":"auto","background-attachment":"scroll","background-type":"","background-media":"","overlay-type":"","overlay-color":"","overlay-gradient":""},"mobile":{"background-color":"","background-image":"","background-repeat":"repeat","background-position":"center center","background-size":"auto","background-attachment":"scroll","background-type":"","background-media":"","overlay-type":"","overlay-color":"","overlay-gradient":""}},"ast-content-background-meta":{"desktop":{"background-color":"var(--ast-global-color-5)","background-image":"","background-repeat":"repeat","background-position":"center center","background-size":"auto","background-attachment":"scroll","background-type":"","background-media":"","overlay-type":"","overlay-color":"","overlay-gradient":""},"tablet":{"background-color":"var(--ast-global-color-5)","background-image":"","background-repeat":"repeat","background-position":"center center","background-size":"auto","background-attachment":"scroll","background-type":"","background-media":"","overlay-type":"","overlay-color":"","overlay-gradient":""},"mobile":{"background-color":"var(--ast-global-color-5)","background-image":"","background-repeat":"repeat","background-position":"center center","background-size":"auto","background-attachment":"scroll","background-type":"","background-media":"","overlay-type":"","overlay-color":"","overlay-gradient":""}},"footnotes":""},"uagb_featured_image_src":{"full":["https:\/\/ibomberdefensepacific.standardof.net\/wp-content\/uploads\/sites\/6\/2020\/10\/iBomber-Defense-Pacific-Campaign-Mission-01-Kokoda-Track-2.jpg",1280,720,false],"thumbnail":["https:\/\/ibomberdefensepacific.standardof.net\/wp-content\/uploads\/sites\/6\/2020\/10\/iBomber-Defense-Pacific-Campaign-Mission-01-Kokoda-Track-2-200x113.jpg",200,113,true],"medium":["https:\/\/ibomberdefensepacific.standardof.net\/wp-content\/uploads\/sites\/6\/2020\/10\/iBomber-Defense-Pacific-Campaign-Mission-01-Kokoda-Track-2-512x288.jpg",512,288,true],"medium_large":["https:\/\/ibomberdefensepacific.standardof.net\/wp-content\/uploads\/sites\/6\/2020\/10\/iBomber-Defense-Pacific-Campaign-Mission-01-Kokoda-Track-2-768x432.jpg",768,432,true],"large":["https:\/\/ibomberdefensepacific.standardof.net\/wp-content\/uploads\/sites\/6\/2020\/10\/iBomber-Defense-Pacific-Campaign-Mission-01-Kokoda-Track-2-800x450.jpg",800,450,true],"1536x1536":["https:\/\/ibomberdefensepacific.standardof.net\/wp-content\/uploads\/sites\/6\/2020\/10\/iBomber-Defense-Pacific-Campaign-Mission-01-Kokoda-Track-2.jpg",1280,720,false],"2048x2048":["https:\/\/ibomberdefensepacific.standardof.net\/wp-content\/uploads\/sites\/6\/2020\/10\/iBomber-Defense-Pacific-Campaign-Mission-01-Kokoda-Track-2.jpg",1280,720,false],"trp-custom-language-flag":["https:\/\/ibomberdefensepacific.standardof.net\/wp-content\/uploads\/sites\/6\/2020\/10\/iBomber-Defense-Pacific-Campaign-Mission-01-Kokoda-Track-2-16x9.jpg",16,9,true]},"uagb_author_info":{"display_name":"SOE","author_link":"https:\/\/ibomberdefensepacific.standardof.net\/pt\/author\/k-tastic\/"},"uagb_comment_info":0,"uagb_excerpt":"Kokoda Track: New Guinea Protect Milne bay and prevent Japanese forces establishing a base in Eastern New Guinea. You will be defending a single path that curves from the top left part of the map down to your base at the bottom right for 8 waves of mostly light units. This is the first of&hellip;","_links":{"self":[{"href":"https:\/\/ibomberdefensepacific.standardof.net\/pt\/wp-json\/wp\/v2\/pages\/183"}],"collection":[{"href":"https:\/\/ibomberdefensepacific.standardof.net\/pt\/wp-json\/wp\/v2\/pages"}],"about":[{"href":"https:\/\/ibomberdefensepacific.standardof.net\/pt\/wp-json\/wp\/v2\/types\/page"}],"author":[{"embeddable":true,"href":"https:\/\/ibomberdefensepacific.standardof.net\/pt\/wp-json\/wp\/v2\/users\/1"}],"replies":[{"embeddable":true,"href":"https:\/\/ibomberdefensepacific.standardof.net\/pt\/wp-json\/wp\/v2\/comments?post=183"}],"version-history":[{"count":0,"href":"https:\/\/ibomberdefensepacific.standardof.net\/pt\/wp-json\/wp\/v2\/pages\/183\/revisions"}],"up":[{"embeddable":true,"href":"https:\/\/ibomberdefensepacific.standardof.net\/pt\/wp-json\/wp\/v2\/pages\/164"}],"wp:featuredmedia":[{"embeddable":true,"href":"https:\/\/ibomberdefensepacific.standardof.net\/pt\/wp-json\/wp\/v2\/media\/39"}],"wp:attachment":[{"href":"https:\/\/ibomberdefensepacific.standardof.net\/pt\/wp-json\/wp\/v2\/media?parent=183"}],"curies":[{"name":"wp","href":"https:\/\/api.w.org\/{rel}","templated":true}]}}