{"id":439,"date":"2020-11-12T00:05:32","date_gmt":"2020-11-12T00:05:32","guid":{"rendered":"https:\/\/ibomberdefensepacific.standardof.net\/?page_id=439"},"modified":"2020-11-12T00:11:39","modified_gmt":"2020-11-12T00:11:39","slug":"contact-us","status":"publish","type":"page","link":"https:\/\/ibomberdefensepacific.standardof.net\/hu\/lepjen-kapcsolatba-velunk\/","title":{"rendered":"L\u00e9pjen kapcsolatba vel\u00fcnk"},"content":{"rendered":"<p>Ha k\u00e9rd\u00e9seivel vagy agg\u00e1lyaival szeretne kapcsolatba l\u00e9pni vel\u00fcnk, haszn\u00e1lhatja az al\u00e1bbi \u0171rlapot. Felh\u00edvjuk figyelm\u00e9t, hogy a GPDR-szab\u00e1lyoz\u00e1snak megfelel\u0151en t\u00e1j\u00e9koztatni k\u00edv\u00e1njuk \u00d6nt a kapcsolattart\u00e1si \u0171rlapr\u00f3l, amely harmadik f\u00e9lt\u0151l sz\u00e1rmaz\u00f3 s\u00fctiket haszn\u00e1l<a href=\"https:\/\/policies.google.com\/privacy\" class=\"rank-math-link\" target=\"_blank\" rel=\"noopener\">Google \u0171rlapok<\/a>) a v\u00e1lasz napl\u00f3z\u00e1sa c\u00e9lj\u00e1b\u00f3l. <\/p>\n\n\n\n<a href=\"https:\/\/docs.google.com\/forms\/d\/e\/1FAIpQLSd8gHz2kdENeYSgsvHvK4hdIf-DYXc9COSNVeTrr-9Iw6r-TQ\/viewform?embedded=true\" target=\"contactform\" rel=\"noopener noreferrer\">Ha beleegyezik harmadik f\u00e9l s\u00fctik haszn\u00e1lat\u00e1ba, kattintson ide a kapcsolattart\u00e1si \u0171rlap bet\u00f6lt\u00e9s\u00e9hez.<\/a>\n\n\n\n<section class=\"wp-block-uagb-columns uagb-columns__wrap uagb-columns__background-undefined uagb-columns__stack-mobile uagb-columns__valign-undefined uagb-columns__gap-10 alignundefined uagb-block-86522910\"><div class=\"uagb-columns__overlay\"><\/div><div class=\"uagb-columns__inner-wrap uagb-columns__columns-1\">\n<div class=\"wp-block-uagb-column uagb-column__wrap uagb-column__background-color uagb-block-3cd13bb6\"><div class=\"uagb-column__overlay\"><\/div><div class=\"uagb-column__inner-wrap\">\n<p align=\"center\"><iframe name=\"contactform\" src=\"about:blank\" marginheight=\"0\" marginwidth=\"0\" width=\"640\" height=\"980\" frameborder=\"0\">Bet\u00f6lt\u00e9s\u2026<\/iframe><\/p>\n<\/div><\/div>\n<\/div><\/section>","protected":false},"excerpt":{"rendered":"<p>If you would like to reach us with questions or concerns, you may use the form below. Please note, as per GPDR regulation, we wish to inform you the contact form uses 3rd party cookies (Google Forms) for the purposes of logging your response. If you consent to the use of 3rd party cookies, Click [&hellip;]<\/p>","protected":false},"author":1,"featured_media":0,"parent":0,"menu_order":0,"comment_status":"closed","ping_status":"closed","template":"","meta":{"_uag_custom_page_level_css":"","site-sidebar-layout":"default","site-content-layout":"default","ast-site-content-layout":"","site-content-style":"default","site-sidebar-style":"default","ast-global-header-display":"","ast-banner-title-visibility":"","ast-main-header-display":"","ast-hfb-above-header-display":"","ast-hfb-below-header-display":"","ast-hfb-mobile-header-display":"","site-post-title":"","ast-breadcrumbs-content":"","ast-featured-img":"","footer-sml-layout":"","theme-transparent-header-meta":"default","adv-header-id-meta":"","stick-header-meta":"","header-above-stick-meta":"","header-main-stick-meta":"","header-below-stick-meta":"","astra-migrate-meta-layouts":"default","ast-page-background-enabled":"default","ast-page-background-meta":{"desktop":{"background-color":"","background-image":"","background-repeat":"repeat","background-position":"center center","background-size":"auto","background-attachment":"scroll","background-type":"","background-media":"","overlay-type":"","overlay-color":"","overlay-gradient":""},"tablet":{"background-color":"","background-image":"","background-repeat":"repeat","background-position":"center center","background-size":"auto","background-attachment":"scroll","background-type":"","background-media":"","overlay-type":"","overlay-color":"","overlay-gradient":""},"mobile":{"background-color":"","background-image":"","background-repeat":"repeat","background-position":"center center","background-size":"auto","background-attachment":"scroll","background-type":"","background-media":"","overlay-type":"","overlay-color":"","overlay-gradient":""}},"ast-content-background-meta":{"desktop":{"background-color":"var(--ast-global-color-5)","background-image":"","background-repeat":"repeat","background-position":"center center","background-size":"auto","background-attachment":"scroll","background-type":"","background-media":"","overlay-type":"","overlay-color":"","overlay-gradient":""},"tablet":{"background-color":"var(--ast-global-color-5)","background-image":"","background-repeat":"repeat","background-position":"center center","background-size":"auto","background-attachment":"scroll","background-type":"","background-media":"","overlay-type":"","overlay-color":"","overlay-gradient":""},"mobile":{"background-color":"var(--ast-global-color-5)","background-image":"","background-repeat":"repeat","background-position":"center center","background-size":"auto","background-attachment":"scroll","background-type":"","background-media":"","overlay-type":"","overlay-color":"","overlay-gradient":""}},"footnotes":""},"uagb_featured_image_src":{"full":false,"thumbnail":false,"medium":false,"medium_large":false,"large":false,"1536x1536":false,"2048x2048":false,"trp-custom-language-flag":false},"uagb_author_info":{"display_name":"SOE","author_link":"https:\/\/ibomberdefensepacific.standardof.net\/hu\/author\/k-tastic\/"},"uagb_comment_info":0,"uagb_excerpt":"If you would like to reach us with questions or concerns, you may use the form below. Please note, as per GPDR regulation, we wish to inform you the contact form uses 3rd party cookies (Google Forms) for the purposes of logging your response. If you consent to the use of 3rd party cookies, Click&hellip;","_links":{"self":[{"href":"https:\/\/ibomberdefensepacific.standardof.net\/hu\/wp-json\/wp\/v2\/pages\/439"}],"collection":[{"href":"https:\/\/ibomberdefensepacific.standardof.net\/hu\/wp-json\/wp\/v2\/pages"}],"about":[{"href":"https:\/\/ibomberdefensepacific.standardof.net\/hu\/wp-json\/wp\/v2\/types\/page"}],"author":[{"embeddable":true,"href":"https:\/\/ibomberdefensepacific.standardof.net\/hu\/wp-json\/wp\/v2\/users\/1"}],"replies":[{"embeddable":true,"href":"https:\/\/ibomberdefensepacific.standardof.net\/hu\/wp-json\/wp\/v2\/comments?post=439"}],"version-history":[{"count":2,"href":"https:\/\/ibomberdefensepacific.standardof.net\/hu\/wp-json\/wp\/v2\/pages\/439\/revisions"}],"predecessor-version":[{"id":442,"href":"https:\/\/ibomberdefensepacific.standardof.net\/hu\/wp-json\/wp\/v2\/pages\/439\/revisions\/442"}],"wp:attachment":[{"href":"https:\/\/ibomberdefensepacific.standardof.net\/hu\/wp-json\/wp\/v2\/media?parent=439"}],"curies":[{"name":"wp","href":"https:\/\/api.w.org\/{rel}","templated":true}]}}