{"id":225,"date":"2020-10-21T13:39:39","date_gmt":"2020-10-21T13:39:39","guid":{"rendered":"https:\/\/ibomberdefensepacific.standardof.net\/?page_id=225"},"modified":"2020-10-21T17:23:23","modified_gmt":"2020-10-21T17:23:23","slug":"campaign-mission-19-operation-a-go-counterattack","status":"publish","type":"page","link":"https:\/\/ibomberdefensepacific.standardof.net\/hu\/guide\/kampany-kuldetes-19-hadmuvelet-ellentamadas\/","title":{"rendered":"19. kamp\u00e1nymisszi\u00f3: \u201eOperation A-Go\u201d ellent\u00e1mad\u00e1s"},"content":{"rendered":"<h2 class=\"wp-block-heading\"><strong>A-Go m\u0171velet: Kontrat\u00e1mad\u00e1s<\/strong><\/h2>\n\n\n\n<div class=\"wp-block-image\"><figure class=\"aligncenter size-large\"><a href=\"https:\/\/ibomberdefensepacific.standardof.net\/hu\/guide\/kampany-kuldetes-19-hadmuvelet-ellentamadas\/ibomber-defense-pacific-campaign-mission-19-operation-a-go-1-copy\/\"><img decoding=\"async\" width=\"800\" height=\"500\" src=\"https:\/\/ibomberdefensepacific.standardof.net\/wp-content\/uploads\/sites\/6\/2020\/10\/iBomber-Defense-Pacific-Campaign-Mission-19-Operation-A-Go-1-copy-800x500.jpg\" alt=\"&quot;iBomber Defense Pacific&quot; - 19. kamp\u00e1nymisszi\u00f3 - &quot;A-Go m\u0171velet&quot; (1)\" class=\"wp-image-129\" srcset=\"https:\/\/ibomberdefensepacific.standardof.net\/wp-content\/uploads\/sites\/6\/2020\/10\/iBomber-Defense-Pacific-Campaign-Mission-19-Operation-A-Go-1-copy-800x500.jpg 800w, https:\/\/ibomberdefensepacific.standardof.net\/wp-content\/uploads\/sites\/6\/2020\/10\/iBomber-Defense-Pacific-Campaign-Mission-19-Operation-A-Go-1-copy-512x320.jpg 512w, https:\/\/ibomberdefensepacific.standardof.net\/wp-content\/uploads\/sites\/6\/2020\/10\/iBomber-Defense-Pacific-Campaign-Mission-19-Operation-A-Go-1-copy-200x125.jpg 200w, https:\/\/ibomberdefensepacific.standardof.net\/wp-content\/uploads\/sites\/6\/2020\/10\/iBomber-Defense-Pacific-Campaign-Mission-19-Operation-A-Go-1-copy-768x480.jpg 768w, https:\/\/ibomberdefensepacific.standardof.net\/wp-content\/uploads\/sites\/6\/2020\/10\/iBomber-Defense-Pacific-Campaign-Mission-19-Operation-A-Go-1-copy-16x10.jpg 16w, https:\/\/ibomberdefensepacific.standardof.net\/wp-content\/uploads\/sites\/6\/2020\/10\/iBomber-Defense-Pacific-Campaign-Mission-19-Operation-A-Go-1-copy.jpg 1200w\" sizes=\"(max-width: 800px) 100vw, 800px\" \/><\/a><figcaption>Az ellens\u00e9ges megk\u00f6zel\u00edt\u00e9sek pontosan ugyanazok az A-Go m\u0171veletn\u00e9l, mint a Pokol zseb\u00e9b\u0151l.<\/figcaption><\/figure><\/div>\n\n\n\n<p><em>A jap\u00e1nok teljes k\u00f6r\u0171 t\u00e1mad\u00e1st ind\u00edtanak \u00e1ll\u00e1spontunk ellen. V\u00e9dje meg minden\u00e1ron.<\/em><\/p>\n\n\n\n<p>Visszat\u00e9rt a Pokol zseb\u00e9hez ehhez az utols\u00f3 ellent\u00e1mad\u00e1si k\u00fcldet\u00e9shez, \u00e9s a v\u00e9dekez\u00e9s\u00e9t egy m\u00e1sodik, 14 vegyes f\u00f6ldi \u00e9s l\u00e9gi hull\u00e1m hull\u00e1m\u00e1hoz \u00e1ll\u00edtja. A t\u00f6bbi ellent\u00e1mad\u00e1shoz hasonl\u00f3an els\u0151dleges c\u00e9lja a v\u00e9dekez\u00e9s meger\u0151s\u00edt\u00e9se, amelyet az el\u0151z\u0151 alkalommal itt hagyott, \u00e9s ugyanazokra a strat\u00e9gi\u00e1kra b\u0151v\u00fclt.<\/p>\n\n\n\n<p>Ez az \u00fatmutat\u00f3 kit\u00e9r arra, hogy mik\u00e9nt juthatunk telth\u00e1zhoz, amely minden \u00e9remmel \u00e9s 20 gy\u0151zelmi ponttal t\u00f6k\u00e9letes fordul\u00f3 az Operation A-Go szintj\u00e9n. <em>iBomber Defense Pacific<\/em> kamp\u00e1ny, a Veter\u00e1n neh\u00e9zs\u00e9geken j\u00e1tszott. Ezenk\u00edv\u00fcl ez a k\u00fcldet\u00e9si \u00fatmutat\u00f3 a m\u00e1sodlagos \u00e9s rejtett c\u00e9lokat, valamint egy \u00e1ttekint\u0151 vide\u00f3t is tartalmaz.<\/p>\n\n\n\t\t\t\t<div class=\"wp-block-uagb-table-of-contents uagb-toc__align-left uagb-toc__columns-1  uagb-block-01f245ac\"\n\t\t\t\t\tdata-scroll= \"1\"\n\t\t\t\t\tdata-offset= \"30\"\n\t\t\t\t\tstyle=\"\"\n\t\t\t\t>\n\t\t\t\t<div class=\"uagb-toc__wrap\">\n\t\t\t\t\t\t<div class=\"uagb-toc__title\">\n\t\t\t\t\t\t\t\u00datmutat\u00f3 navig\u00e1ci\u00f3:\t\t\t\t\t\t<\/div>\n\t\t\t\t\t\t\t\t\t\t\t\t\t\t\t\t<div class=\"uagb-toc__list-wrap\">\n\t\t\t\t\t\t<ol class=\"uagb-toc__list\"><li class=\"uagb-toc__list\"><a href=\"#secondary-objective\" class=\"uagb-toc-link__trigger\">M\u00e1sodlagos c\u00e9l<\/a><li class=\"uagb-toc__list\"><a href=\"#perks-used-for-this-mission\" class=\"uagb-toc-link__trigger\">A k\u00fcldet\u00e9shez haszn\u00e1lt juttat\u00e1sok:<\/a><li class=\"uagb-toc__list\"><a href=\"#hidden-target\" class=\"uagb-toc-link__trigger\">Rejtett c\u00e9l<\/a><li class=\"uagb-toc__list\"><a href=\"#turret-placement\" class=\"uagb-toc-link__trigger\">Torony elhelyez\u00e9se<\/a><li class=\"uagb-toc__list\"><a href=\"#veteran-difficulty-video-guide\" class=\"uagb-toc-link__trigger\">Veter\u00e1n Neh\u00e9zs\u00e9gi \u00fatmutat\u00f3 Vide\u00f3<\/a><\/ol>\t\t\t\t\t<\/div>\n\t\t\t\t\t\t\t\t\t<\/div>\n\t\t\t\t<\/div>\n\t\t\t\n\n\n<hr class=\"wp-block-separator is-style-wide\"\/>\n\n\n\n<h3 class=\"wp-block-heading\"><strong>M\u00e1sodlagos c\u00e9l<\/strong><\/h3>\n\n\n\n<p><em>Puszt\u00edtsd el a jap\u00e1n t\u00fcz\u00e9rs\u00e9get, miel\u0151tt elpuszt\u00edtan\u00e1k a tornyaidat.<\/em><\/p>\n\n\n\n<p>A norm\u00e1l meglepet\u00e9sszer\u0171 t\u00e1mad\u00e1si d\u00edj helyett, amely ellent\u00e1mad\u00e1st ind\u00edt ellens\u00e9ges bomb\u00e1z\u00f3kkal, amelyek elrontj\u00e1k a v\u00e9dekez\u00e9sedet, ehelyett csak c\u00e9ltalanul rep\u00fclnek a b\u00e1zisod felett, mik\u00f6zben 5 er\u0151s t\u00fcz\u00e9rs\u00e9gi j\u00e1rm\u0171 mozog. Fel\u00fclr\u0151l, egyet balra \u00e9s jobbra tal\u00e1lsz. , kett\u0151 pedig az als\u00f3 magaslaton helyezkedik el. Sz\u00fcks\u00e9ge lesz egy j\u00f3 maroknyi bomb\u00e1ra, hogy kezelje azokat a darabokat, amelyeket a torny\u00f3i nem tudnak el\u00e9rni.<\/p>\n\n\n\n<p><strong>Ell\u00e1t\u00f3 l\u00e1d\u00e1k:<\/strong> egyik sem<\/p>\n\n\n\n<p><strong>Eddigi gy\u0151zelmi pontok:<\/strong> 360<\/p>\n\n\n\n<ul><li>G\u00e9pfegyver lvl 3<br><sup>X2 Power vs Flamed specializ\u00e1ci\u00f3<\/sup><\/li><li>\u00c1gy\u00fa lvl 3<\/li><li>Bomba lvl 3<\/li><li>Flamer lvl 3<br><sup>Lassabb ellens\u00e9g specializ\u00e1ci\u00f3.<\/sup><\/li><li>Comms lvl 3<br><sup>Fokozott \u00e9rdekl\u0151d\u00e9si specializ\u00e1ci\u00f3<\/sup><\/li><li>Rak\u00e9ta lvl 3<br><sup>Gyorsabb rak\u00e9t\u00e1k szakosod\u00e1sa<\/sup><\/li><li>L\u00e9gellenes lvl 3<\/li><\/ul>\n\n\n\n<hr class=\"wp-block-separator is-style-wide\"\/>\n\n\n\n<h3 class=\"wp-block-heading\"><strong>A k\u00fcldet\u00e9shez haszn\u00e1lt juttat\u00e1sok:<\/strong><\/h3>\n\n\n\n<ul><li>Ironback II<\/li><li>El\u00e1rasztott II<\/li><li>Phantom Strike<\/li><\/ul>\n\n\n\n<p>Ez a k\u00fcldet\u00e9s a kor\u00e1bbiakn\u00e1l sokkal nagyobb k\u00e1rokat fog okozni tornyaiban, er\u0151s ellens\u00e9gekkel \u00e9s a jap\u00e1n t\u00fcz\u00e9rs\u00e9gi darabokkal val\u00f3ban az egekbe sz\u00f6knek a jav\u00edt\u00e1si sz\u00e1ml\u00e1i. Emiatt nagyon fontos az Ironback felv\u00e9tele.<\/p>\n\n\n\n<p>Az Entrenched II komoly k\u00e1rb\u00f3nuszokat ad az \u00e1sott tornyoknak, amelyek hihetetlen\u00fcl hasznosak lesznek a szuper er\u0151sen p\u00e1nc\u00e9lozott tankok ellen, m\u00edg a Phantom Strike ugyanolyan okokb\u00f3l m\u00e9g mindig ugyanolyan hasznos, mint az el\u0151z\u0151 k\u00fcldet\u00e9sek sor\u00e1n.<\/p>\n\n\n\n<hr class=\"wp-block-separator is-style-wide\"\/>\n\n\n\n<h3 class=\"wp-block-heading\">Rejtett c\u00e9l<\/h3>\n\n\n\n<p>Itt nincs rejtett c\u00e9l, mivel ez a szint ellent\u00e1mad\u00e1s.<\/p>\n\n\n\n<hr class=\"wp-block-separator is-style-wide\"\/>\n\n\n\n<h3 class=\"wp-block-heading\">Torony elhelyez\u00e9se<\/h3>\n\n\n\n<figure class=\"wp-block-gallery aligncenter columns-2 wp-block-gallery-1 is-layout-flex wp-block-gallery-is-layout-flex\"><ul class=\"blocks-gallery-grid\"><li class=\"blocks-gallery-item\"><figure><a href=\"https:\/\/ibomberdefensepacific.standardof.net\/hu\/guide\/kampany-kuldetes-19-hadmuvelet-ellentamadas\/ibomber-defense-pacific-campaign-mission-19-operation-a-go-2\/\"><img decoding=\"async\" width=\"800\" height=\"500\" src=\"https:\/\/ibomberdefensepacific.standardof.net\/wp-content\/uploads\/sites\/6\/2020\/10\/iBomber-Defense-Pacific-Campaign-Mission-19-Operation-A-Go-2-800x500.jpg\" alt=\"&quot;iBomber Defense Pacific&quot; - 19. kamp\u00e1nymisszi\u00f3 - &quot;A-Go m\u0171velet&quot; (2)\" data-id=\"130\" data-full-url=\"https:\/\/ibomberdefensepacific.standardof.net\/wp-content\/uploads\/sites\/6\/2020\/10\/iBomber-Defense-Pacific-Campaign-Mission-19-Operation-A-Go-2.jpg\" data-link=\"https:\/\/ibomberdefensepacific.standardof.net\/guide\/campaign-mission-19-operation-a-go-counterattack\/ibomber-defense-pacific-campaign-mission-19-operation-a-go-2\/\" class=\"wp-image-130\" srcset=\"https:\/\/ibomberdefensepacific.standardof.net\/wp-content\/uploads\/sites\/6\/2020\/10\/iBomber-Defense-Pacific-Campaign-Mission-19-Operation-A-Go-2-800x500.jpg 800w, https:\/\/ibomberdefensepacific.standardof.net\/wp-content\/uploads\/sites\/6\/2020\/10\/iBomber-Defense-Pacific-Campaign-Mission-19-Operation-A-Go-2-512x320.jpg 512w, https:\/\/ibomberdefensepacific.standardof.net\/wp-content\/uploads\/sites\/6\/2020\/10\/iBomber-Defense-Pacific-Campaign-Mission-19-Operation-A-Go-2-200x125.jpg 200w, https:\/\/ibomberdefensepacific.standardof.net\/wp-content\/uploads\/sites\/6\/2020\/10\/iBomber-Defense-Pacific-Campaign-Mission-19-Operation-A-Go-2-768x480.jpg 768w, https:\/\/ibomberdefensepacific.standardof.net\/wp-content\/uploads\/sites\/6\/2020\/10\/iBomber-Defense-Pacific-Campaign-Mission-19-Operation-A-Go-2-16x10.jpg 16w, https:\/\/ibomberdefensepacific.standardof.net\/wp-content\/uploads\/sites\/6\/2020\/10\/iBomber-Defense-Pacific-Campaign-Mission-19-Operation-A-Go-2.jpg 1280w\" sizes=\"(max-width: 800px) 100vw, 800px\" \/><\/a><figcaption class=\"blocks-gallery-item__caption\">Kezd\u0151 v\u00e9dekez\u00e9sek az A-Go m\u0171veletben, amelyek \u00e1tvittek. A jobb als\u00f3 sarokban l\u00e9v\u0151 bomb\u00e1t egyel\u0151re mozgatni kell, mivel ki van t\u00e9ve a t\u00fcz\u00e9rs\u00e9gnek.<\/figcaption><\/figure><\/li><li class=\"blocks-gallery-item\"><figure><a href=\"https:\/\/ibomberdefensepacific.standardof.net\/hu\/guide\/kampany-kuldetes-19-hadmuvelet-ellentamadas\/ibomber-defense-pacific-campaign-mission-19-operation-a-go-3\/\"><img decoding=\"async\" width=\"800\" height=\"500\" src=\"https:\/\/ibomberdefensepacific.standardof.net\/wp-content\/uploads\/sites\/6\/2020\/10\/iBomber-Defense-Pacific-Campaign-Mission-19-Operation-A-Go-3-800x500.jpg\" alt=\"&quot;iBomber Defense Pacific&quot; - 19. kamp\u00e1nymisszi\u00f3 - &quot;A-Go m\u0171velet&quot; (3)\" data-id=\"131\" data-full-url=\"https:\/\/ibomberdefensepacific.standardof.net\/wp-content\/uploads\/sites\/6\/2020\/10\/iBomber-Defense-Pacific-Campaign-Mission-19-Operation-A-Go-3.jpg\" data-link=\"https:\/\/ibomberdefensepacific.standardof.net\/guide\/campaign-mission-19-operation-a-go-counterattack\/ibomber-defense-pacific-campaign-mission-19-operation-a-go-3\/\" class=\"wp-image-131\" srcset=\"https:\/\/ibomberdefensepacific.standardof.net\/wp-content\/uploads\/sites\/6\/2020\/10\/iBomber-Defense-Pacific-Campaign-Mission-19-Operation-A-Go-3-800x500.jpg 800w, https:\/\/ibomberdefensepacific.standardof.net\/wp-content\/uploads\/sites\/6\/2020\/10\/iBomber-Defense-Pacific-Campaign-Mission-19-Operation-A-Go-3-512x320.jpg 512w, https:\/\/ibomberdefensepacific.standardof.net\/wp-content\/uploads\/sites\/6\/2020\/10\/iBomber-Defense-Pacific-Campaign-Mission-19-Operation-A-Go-3-200x125.jpg 200w, https:\/\/ibomberdefensepacific.standardof.net\/wp-content\/uploads\/sites\/6\/2020\/10\/iBomber-Defense-Pacific-Campaign-Mission-19-Operation-A-Go-3-768x480.jpg 768w, https:\/\/ibomberdefensepacific.standardof.net\/wp-content\/uploads\/sites\/6\/2020\/10\/iBomber-Defense-Pacific-Campaign-Mission-19-Operation-A-Go-3-16x10.jpg 16w, https:\/\/ibomberdefensepacific.standardof.net\/wp-content\/uploads\/sites\/6\/2020\/10\/iBomber-Defense-Pacific-Campaign-Mission-19-Operation-A-Go-3.jpg 1280w\" sizes=\"(max-width: 800px) 100vw, 800px\" \/><\/a><figcaption class=\"blocks-gallery-item__caption\">5. hull\u00e1m torony elhelyez\u00e9se.<\/figcaption><\/figure><\/li><\/ul><\/figure>\n\n\n\n<p>A torony elhelyez\u00e9se az A-Go m\u0171veletben elm\u00e9letileg viszonylag egyszer\u0171, b\u00e1r a dolgok kiss\u00e9 sz\u0151r\u00f6ss\u00e9 v\u00e1lhatnak, amikor bej\u00f6nnek az igaz\u00e1n kem\u00e9ny harckocsik, vagy az els\u0151 n\u00e9h\u00e1ny hull\u00e1m sor\u00e1n, amikor a t\u00fcz\u00e9rs\u00e9gi darabok m\u00e9g mindig fent vannak \u00e9s r\u00e1d l\u0151nek. Mint minden ellent\u00e1mad\u00e1s, strat\u00e9gi\u00e1ja is az lesz, hogy fel\u00e9p\u00edtsen a v\u00e9dekez\u00e9sei k\u00f6r\u00e9, amelyekb\u0151l \u00e1tment <strong><a href=\"https:\/\/ibomberdefensepacific.standardof.net\/hu\/guide\/kampany-kuldetes-17-pokol-zseb-saipan\/\" class=\"rank-math-link\">Pokol zseb\u00e9ben<\/a><\/strong>. El\u0151fordulhat, hogy egyes giccses tornyokat, p\u00e9ld\u00e1ul a bomb\u00e1kat, el kell adni \u00e9s m\u00e1shov\u00e1 kell helyezni, ha a t\u00fcz\u00e9rs\u00e9g l\u0151 r\u00e1juk, hogy megakad\u00e1lyozz\u00e1k a t\u00falzott m\u00e9rt\u00e9k\u0171 p\u00e9nzeszk\u00f6z\u00f6k elpazarl\u00e1s\u00e1t, am\u00edg \u00e9letben tartj\u00e1k \u0151ket, am\u00edg nem tud foglalkozni a t\u00fcz\u00e9rs\u00e9ggel.<\/p>\n\n\n\n<p>A t\u00fcz\u00e9rs\u00e9gi elemek k\u00f6z\u00fcl legal\u00e1bb egynek a torony hat\u00f3t\u00e1vols\u00e1g\u00e1n bel\u00fcl kell lennie (jobbra). A fels\u0151 darab k\u00f6zvetlen\u00fcl egy megemelt hely mellett parkol, ami nagyszer\u0171 egy \u00e1gy\u00fahoz, amelyet egy l\u00e1ngol\u00f3 t\u00e1mogat \u00e9s alatta vessz\u0151zik. Ez n\u00f6veli a v\u00e9delmet \u00e9s megment n\u00e9h\u00e1ny bomb\u00e1t, mivel az \u00e1gy\u00fa el\u00e9g gyorsan pokolba robbanthatja a t\u00fcz\u00e9rs\u00e9get.<\/p>\n\n\n\n<p>Amint a darabok megsemmis\u00fclnek \u00e9s a jav\u00edt\u00e1sokt\u00f3l megszabadulnak az alapok, kezdjen el tov\u00e1bbi rak\u00e9t\u00e1kat \u00e9p\u00edteni komm-t\u00e1mogat\u00e1ssal, \u00e9s \u00e1ssa be \u0151ket, a lefel\u00e9 haladva. Itt felbecs\u00fclhetetlen \u00e9rt\u00e9k\u0171ek lesznek. Amellett, hogy megn\u00f6veli a f\u00f6ldet \u00e9r\u0151 k\u00e1rokat, gy\u0151z\u0151dj\u00f6n meg arr\u00f3l, hogy a 3. hull\u00e1mban adjon hozz\u00e1 egy m\u00e1sodik AA-t, amelyet a k\u00f6vetkez\u0151 n\u00e9h\u00e1ny hull\u00e1mban lvl 3-ra friss\u00edtett. Harmadik AA-ra lesz sz\u00fcks\u00e9g a 13. hull\u00e1m v\u00e9g\u00e9re, friss\u00edtve lvl 3-ra is a j\u00f3 m\u00e9r\u00e9s \u00e9rdek\u00e9ben.<\/p>\n\n\n\n<figure class=\"wp-block-gallery aligncenter columns-2 wp-block-gallery-2 is-layout-flex wp-block-gallery-is-layout-flex\"><ul class=\"blocks-gallery-grid\"><li class=\"blocks-gallery-item\"><figure><a href=\"https:\/\/ibomberdefensepacific.standardof.net\/hu\/guide\/kampany-kuldetes-19-hadmuvelet-ellentamadas\/ibomber-defense-pacific-campaign-mission-19-operation-a-go-4\/\"><img decoding=\"async\" width=\"800\" height=\"500\" src=\"https:\/\/ibomberdefensepacific.standardof.net\/wp-content\/uploads\/sites\/6\/2020\/10\/iBomber-Defense-Pacific-Campaign-Mission-19-Operation-A-Go-4-800x500.jpg\" alt=\"&quot;iBomber Defense Pacific&quot; - 19. kamp\u00e1nymisszi\u00f3 - &quot;A-Go m\u0171velet&quot; (4)\" data-id=\"132\" data-full-url=\"https:\/\/ibomberdefensepacific.standardof.net\/wp-content\/uploads\/sites\/6\/2020\/10\/iBomber-Defense-Pacific-Campaign-Mission-19-Operation-A-Go-4.jpg\" data-link=\"https:\/\/ibomberdefensepacific.standardof.net\/guide\/campaign-mission-19-operation-a-go-counterattack\/ibomber-defense-pacific-campaign-mission-19-operation-a-go-4\/\" class=\"wp-image-132\" srcset=\"https:\/\/ibomberdefensepacific.standardof.net\/wp-content\/uploads\/sites\/6\/2020\/10\/iBomber-Defense-Pacific-Campaign-Mission-19-Operation-A-Go-4-800x500.jpg 800w, https:\/\/ibomberdefensepacific.standardof.net\/wp-content\/uploads\/sites\/6\/2020\/10\/iBomber-Defense-Pacific-Campaign-Mission-19-Operation-A-Go-4-512x320.jpg 512w, https:\/\/ibomberdefensepacific.standardof.net\/wp-content\/uploads\/sites\/6\/2020\/10\/iBomber-Defense-Pacific-Campaign-Mission-19-Operation-A-Go-4-200x125.jpg 200w, https:\/\/ibomberdefensepacific.standardof.net\/wp-content\/uploads\/sites\/6\/2020\/10\/iBomber-Defense-Pacific-Campaign-Mission-19-Operation-A-Go-4-768x480.jpg 768w, https:\/\/ibomberdefensepacific.standardof.net\/wp-content\/uploads\/sites\/6\/2020\/10\/iBomber-Defense-Pacific-Campaign-Mission-19-Operation-A-Go-4-16x10.jpg 16w, https:\/\/ibomberdefensepacific.standardof.net\/wp-content\/uploads\/sites\/6\/2020\/10\/iBomber-Defense-Pacific-Campaign-Mission-19-Operation-A-Go-4.jpg 1280w\" sizes=\"(max-width: 800px) 100vw, 800px\" \/><\/a><figcaption class=\"blocks-gallery-item__caption\">10. hull\u00e1m.<\/figcaption><\/figure><\/li><li class=\"blocks-gallery-item\"><figure><a href=\"https:\/\/ibomberdefensepacific.standardof.net\/hu\/guide\/kampany-kuldetes-19-hadmuvelet-ellentamadas\/ibomber-defense-pacific-campaign-mission-19-operation-a-go-5\/\"><img decoding=\"async\" width=\"800\" height=\"500\" src=\"https:\/\/ibomberdefensepacific.standardof.net\/wp-content\/uploads\/sites\/6\/2020\/10\/iBomber-Defense-Pacific-Campaign-Mission-19-Operation-A-Go-5-800x500.jpg\" alt=\"&quot;iBomber Defense Pacific&quot; - 19. kamp\u00e1nymisszi\u00f3 - &quot;A-Go m\u0171velet&quot; (5)\" data-id=\"133\" data-full-url=\"https:\/\/ibomberdefensepacific.standardof.net\/wp-content\/uploads\/sites\/6\/2020\/10\/iBomber-Defense-Pacific-Campaign-Mission-19-Operation-A-Go-5.jpg\" data-link=\"https:\/\/ibomberdefensepacific.standardof.net\/guide\/campaign-mission-19-operation-a-go-counterattack\/ibomber-defense-pacific-campaign-mission-19-operation-a-go-5\/\" class=\"wp-image-133\" srcset=\"https:\/\/ibomberdefensepacific.standardof.net\/wp-content\/uploads\/sites\/6\/2020\/10\/iBomber-Defense-Pacific-Campaign-Mission-19-Operation-A-Go-5-800x500.jpg 800w, https:\/\/ibomberdefensepacific.standardof.net\/wp-content\/uploads\/sites\/6\/2020\/10\/iBomber-Defense-Pacific-Campaign-Mission-19-Operation-A-Go-5-512x320.jpg 512w, https:\/\/ibomberdefensepacific.standardof.net\/wp-content\/uploads\/sites\/6\/2020\/10\/iBomber-Defense-Pacific-Campaign-Mission-19-Operation-A-Go-5-200x125.jpg 200w, https:\/\/ibomberdefensepacific.standardof.net\/wp-content\/uploads\/sites\/6\/2020\/10\/iBomber-Defense-Pacific-Campaign-Mission-19-Operation-A-Go-5-768x480.jpg 768w, https:\/\/ibomberdefensepacific.standardof.net\/wp-content\/uploads\/sites\/6\/2020\/10\/iBomber-Defense-Pacific-Campaign-Mission-19-Operation-A-Go-5-16x10.jpg 16w, https:\/\/ibomberdefensepacific.standardof.net\/wp-content\/uploads\/sites\/6\/2020\/10\/iBomber-Defense-Pacific-Campaign-Mission-19-Operation-A-Go-5.jpg 1280w\" sizes=\"(max-width: 800px) 100vw, 800px\" \/><\/a><figcaption class=\"blocks-gallery-item__caption\">14. hull\u00e1m.<\/figcaption><\/figure><\/li><\/ul><\/figure>\n\n\n\n<hr class=\"wp-block-separator is-style-wide\"\/>\n\n\n\n<h3 class=\"has-text-align-center wp-block-heading\" id=\"4-veteran-difficulty-video-guide\">Veter\u00e1n Neh\u00e9zs\u00e9gi \u00fatmutat\u00f3 Vide\u00f3<\/h3>\n\n\n\n<figure class=\"wp-block-embed-youtube wp-block-embed is-type-video is-provider-youtube wp-embed-aspect-16-9 wp-has-aspect-ratio\"><div class=\"wp-block-embed__wrapper\">\n<div class=\"ast-oembed-container\" style=\"height: 100%;\"><iframe title=\"A Go hadm\u0171velet - M19 iBomber Defense Pacific - Veter\u00e1n telt h\u00e1z \u00e1ttekint\u00e9s\" width=\"500\" height=\"375\" src=\"https:\/\/www.youtube.com\/embed\/4Rf8jA3hGNA?feature=oembed\" frameborder=\"0\" allow=\"accelerometer; autoplay; clipboard-write; encrypted-media; gyroscope; picture-in-picture; web-share\" referrerpolicy=\"strict-origin-when-cross-origin\" allowfullscreen><\/iframe><\/div>\n<\/div><\/figure>","protected":false},"excerpt":{"rendered":"<p>Operation A-Go: Counterattack The Japanese are launching a full scale assault on our position. Defend it at all costs. It&#8217;s back to the Hell&#8217;s pocket for this final counterattack mission, pitting your defenses against a second set of 14 waves of mixed ground and air units. Like the other counterattack missions, your primary focus revolves [&hellip;]<\/p>","protected":false},"author":1,"featured_media":133,"parent":164,"menu_order":19,"comment_status":"open","ping_status":"closed","template":"","meta":{"_uag_custom_page_level_css":"","site-sidebar-layout":"default","site-content-layout":"default","ast-site-content-layout":"","site-content-style":"default","site-sidebar-style":"default","ast-global-header-display":"","ast-banner-title-visibility":"","ast-main-header-display":"","ast-hfb-above-header-display":"","ast-hfb-below-header-display":"","ast-hfb-mobile-header-display":"","site-post-title":"","ast-breadcrumbs-content":"","ast-featured-img":"","footer-sml-layout":"","theme-transparent-header-meta":"default","adv-header-id-meta":"","stick-header-meta":"","header-above-stick-meta":"","header-main-stick-meta":"","header-below-stick-meta":"","astra-migrate-meta-layouts":"default","ast-page-background-enabled":"default","ast-page-background-meta":{"desktop":{"background-color":"","background-image":"","background-repeat":"repeat","background-position":"center center","background-size":"auto","background-attachment":"scroll","background-type":"","background-media":"","overlay-type":"","overlay-color":"","overlay-gradient":""},"tablet":{"background-color":"","background-image":"","background-repeat":"repeat","background-position":"center center","background-size":"auto","background-attachment":"scroll","background-type":"","background-media":"","overlay-type":"","overlay-color":"","overlay-gradient":""},"mobile":{"background-color":"","background-image":"","background-repeat":"repeat","background-position":"center center","background-size":"auto","background-attachment":"scroll","background-type":"","background-media":"","overlay-type":"","overlay-color":"","overlay-gradient":""}},"ast-content-background-meta":{"desktop":{"background-color":"var(--ast-global-color-5)","background-image":"","background-repeat":"repeat","background-position":"center center","background-size":"auto","background-attachment":"scroll","background-type":"","background-media":"","overlay-type":"","overlay-color":"","overlay-gradient":""},"tablet":{"background-color":"var(--ast-global-color-5)","background-image":"","background-repeat":"repeat","background-position":"center center","background-size":"auto","background-attachment":"scroll","background-type":"","background-media":"","overlay-type":"","overlay-color":"","overlay-gradient":""},"mobile":{"background-color":"var(--ast-global-color-5)","background-image":"","background-repeat":"repeat","background-position":"center center","background-size":"auto","background-attachment":"scroll","background-type":"","background-media":"","overlay-type":"","overlay-color":"","overlay-gradient":""}},"footnotes":""},"uagb_featured_image_src":{"full":["https:\/\/ibomberdefensepacific.standardof.net\/wp-content\/uploads\/sites\/6\/2020\/10\/iBomber-Defense-Pacific-Campaign-Mission-19-Operation-A-Go-5.jpg",1280,800,false],"thumbnail":["https:\/\/ibomberdefensepacific.standardof.net\/wp-content\/uploads\/sites\/6\/2020\/10\/iBomber-Defense-Pacific-Campaign-Mission-19-Operation-A-Go-5-200x125.jpg",200,125,true],"medium":["https:\/\/ibomberdefensepacific.standardof.net\/wp-content\/uploads\/sites\/6\/2020\/10\/iBomber-Defense-Pacific-Campaign-Mission-19-Operation-A-Go-5-512x320.jpg",512,320,true],"medium_large":["https:\/\/ibomberdefensepacific.standardof.net\/wp-content\/uploads\/sites\/6\/2020\/10\/iBomber-Defense-Pacific-Campaign-Mission-19-Operation-A-Go-5-768x480.jpg",768,480,true],"large":["https:\/\/ibomberdefensepacific.standardof.net\/wp-content\/uploads\/sites\/6\/2020\/10\/iBomber-Defense-Pacific-Campaign-Mission-19-Operation-A-Go-5-800x500.jpg",800,500,true],"1536x1536":["https:\/\/ibomberdefensepacific.standardof.net\/wp-content\/uploads\/sites\/6\/2020\/10\/iBomber-Defense-Pacific-Campaign-Mission-19-Operation-A-Go-5.jpg",1280,800,false],"2048x2048":["https:\/\/ibomberdefensepacific.standardof.net\/wp-content\/uploads\/sites\/6\/2020\/10\/iBomber-Defense-Pacific-Campaign-Mission-19-Operation-A-Go-5.jpg",1280,800,false],"trp-custom-language-flag":["https:\/\/ibomberdefensepacific.standardof.net\/wp-content\/uploads\/sites\/6\/2020\/10\/iBomber-Defense-Pacific-Campaign-Mission-19-Operation-A-Go-5-16x10.jpg",16,10,true]},"uagb_author_info":{"display_name":"SOE","author_link":"https:\/\/ibomberdefensepacific.standardof.net\/hu\/author\/k-tastic\/"},"uagb_comment_info":0,"uagb_excerpt":"Operation A-Go: Counterattack The Japanese are launching a full scale assault on our position. Defend it at all costs. It&#8217;s back to the Hell&#8217;s pocket for this final counterattack mission, pitting your defenses against a second set of 14 waves of mixed ground and air units. Like the other counterattack missions, your primary focus revolves&hellip;","_links":{"self":[{"href":"https:\/\/ibomberdefensepacific.standardof.net\/hu\/wp-json\/wp\/v2\/pages\/225"}],"collection":[{"href":"https:\/\/ibomberdefensepacific.standardof.net\/hu\/wp-json\/wp\/v2\/pages"}],"about":[{"href":"https:\/\/ibomberdefensepacific.standardof.net\/hu\/wp-json\/wp\/v2\/types\/page"}],"author":[{"embeddable":true,"href":"https:\/\/ibomberdefensepacific.standardof.net\/hu\/wp-json\/wp\/v2\/users\/1"}],"replies":[{"embeddable":true,"href":"https:\/\/ibomberdefensepacific.standardof.net\/hu\/wp-json\/wp\/v2\/comments?post=225"}],"version-history":[{"count":0,"href":"https:\/\/ibomberdefensepacific.standardof.net\/hu\/wp-json\/wp\/v2\/pages\/225\/revisions"}],"up":[{"embeddable":true,"href":"https:\/\/ibomberdefensepacific.standardof.net\/hu\/wp-json\/wp\/v2\/pages\/164"}],"wp:featuredmedia":[{"embeddable":true,"href":"https:\/\/ibomberdefensepacific.standardof.net\/hu\/wp-json\/wp\/v2\/media\/133"}],"wp:attachment":[{"href":"https:\/\/ibomberdefensepacific.standardof.net\/hu\/wp-json\/wp\/v2\/media?parent=225"}],"curies":[{"name":"wp","href":"https:\/\/api.w.org\/{rel}","templated":true}]}}