{"id":223,"date":"2020-10-21T13:38:29","date_gmt":"2020-10-21T13:38:29","guid":{"rendered":"https:\/\/ibomberdefensepacific.standardof.net\/?page_id=223"},"modified":"2020-10-21T17:23:05","modified_gmt":"2020-10-21T17:23:05","slug":"campaign-mission-17-hells-pocket-saipan","status":"publish","type":"page","link":"https:\/\/ibomberdefensepacific.standardof.net\/hu\/guide\/kampany-kuldetes-17-pokol-zseb-saipan\/","title":{"rendered":"17. kamp\u00e1nymisszi\u00f3: \u201ePokolzseb\u201d, Saipan"},"content":{"rendered":"<h2 class=\"wp-block-heading\">Pokol zsebe: Saipan<\/h2>\n\n\n\n<div class=\"wp-block-image\"><figure class=\"aligncenter size-large\"><a href=\"https:\/\/ibomberdefensepacific.standardof.net\/hu\/guide\/kampany-kuldetes-17-pokol-zseb-saipan\/ibomber-defense-pacific-campaign-mission-17-hells-pocket-1-copy\/\"><img decoding=\"async\" width=\"800\" height=\"500\" src=\"https:\/\/ibomberdefensepacific.standardof.net\/wp-content\/uploads\/sites\/6\/2020\/10\/iBomber-Defense-Pacific-Campaign-Mission-17-Hells-Pocket-1-copy-800x500.jpg\" alt=\"&quot;iBomber Defense Pacific&quot; - 17. kamp\u00e1nymisszi\u00f3 - &quot;Pokol zsebe&quot; (1)\" class=\"wp-image-115\" srcset=\"https:\/\/ibomberdefensepacific.standardof.net\/wp-content\/uploads\/sites\/6\/2020\/10\/iBomber-Defense-Pacific-Campaign-Mission-17-Hells-Pocket-1-copy-800x500.jpg 800w, https:\/\/ibomberdefensepacific.standardof.net\/wp-content\/uploads\/sites\/6\/2020\/10\/iBomber-Defense-Pacific-Campaign-Mission-17-Hells-Pocket-1-copy-512x320.jpg 512w, https:\/\/ibomberdefensepacific.standardof.net\/wp-content\/uploads\/sites\/6\/2020\/10\/iBomber-Defense-Pacific-Campaign-Mission-17-Hells-Pocket-1-copy-200x125.jpg 200w, https:\/\/ibomberdefensepacific.standardof.net\/wp-content\/uploads\/sites\/6\/2020\/10\/iBomber-Defense-Pacific-Campaign-Mission-17-Hells-Pocket-1-copy-768x480.jpg 768w, https:\/\/ibomberdefensepacific.standardof.net\/wp-content\/uploads\/sites\/6\/2020\/10\/iBomber-Defense-Pacific-Campaign-Mission-17-Hells-Pocket-1-copy-16x10.jpg 16w, https:\/\/ibomberdefensepacific.standardof.net\/wp-content\/uploads\/sites\/6\/2020\/10\/iBomber-Defense-Pacific-Campaign-Mission-17-Hells-Pocket-1-copy.jpg 1280w\" sizes=\"(max-width: 800px) 100vw, 800px\" \/><\/a><figcaption>A Pokol zseb\u00e9nek f\u00f6ldi egys\u00e9gei piros sz\u00ednnel, a l\u00e9gi egys\u00e9gek k\u00e9k sz\u00ednnel \u00e9s rejtett (m\u00e1sodlagos) bunkerekkel lila sz\u00ednben k\u00f6r\u00f6znek.<\/figcaption><\/figure><\/div>\n\n\n\n<p><em>Saipan \u00f3ri\u00e1si strat\u00e9giai jelent\u0151s\u00e9ggel b\u00edr. V\u00e9dje helyzet\u00e9t minden\u00e1ron.<\/em><\/p>\n\n\n\n<p>A Pokol zseb\u00e9ben meg kell v\u00e9denie b\u00e1zis\u00e1t a k\u00f6zeled\u0151 f\u00f6ldi egys\u00e9gek 2 f\u0151 \u00fatj\u00e1t\u00f3l, 26 leveg\u0151h\u00f6z kevert leveg\u0151vel. A j\u00f3 l\u0151helyekb\u0151l hi\u00e1ny van itt, ez\u00e9rt a b\u00e1zis k\u00f6zel\u00e9ben l\u00e9v\u0151 fenns\u00edk jelent\u0151sen ki\u00e9p\u00fcl, mivel az emelt talajra helyezett tornyok nagy kiterjed\u00e9s\u0171 v\u00e9dekez\u00e9s\u00e9nek gerinc\u00e9t alkotj\u00e1k.<\/p>\n\n\n\n<p>Ez az \u00fatmutat\u00f3 kit\u00e9r arra, hogy mik\u00e9nt juthatunk telth\u00e1zhoz, amely minden \u00e9remmel \u00e9s 20 gy\u0151zelmi ponttal t\u00f6k\u00e9letes fordul\u00f3 a Pokol Zseb\u00e9ben. <em>iBomber Defense Pacific<\/em> kamp\u00e1ny, a Veter\u00e1n neh\u00e9zs\u00e9geken j\u00e1tszott. Ezenk\u00edv\u00fcl ez a k\u00fcldet\u00e9si \u00fatmutat\u00f3 a m\u00e1sodlagos \u00e9s rejtett c\u00e9lokat, valamint egy \u00e1ttekint\u0151 vide\u00f3t is tartalmaz.<\/p>\n\n\n\t\t\t\t<div class=\"wp-block-uagb-table-of-contents uagb-toc__align-left uagb-toc__columns-1  uagb-block-0ff6ccc7\"\n\t\t\t\t\tdata-scroll= \"1\"\n\t\t\t\t\tdata-offset= \"30\"\n\t\t\t\t\tstyle=\"\"\n\t\t\t\t>\n\t\t\t\t<div class=\"uagb-toc__wrap\">\n\t\t\t\t\t\t<div class=\"uagb-toc__title\">\n\t\t\t\t\t\t\t\u00datmutat\u00f3 navig\u00e1ci\u00f3:\t\t\t\t\t\t<\/div>\n\t\t\t\t\t\t\t\t\t\t\t\t\t\t\t\t<div class=\"uagb-toc__list-wrap\">\n\t\t\t\t\t\t<ol class=\"uagb-toc__list\"><li class=\"uagb-toc__list\"><a href=\"#secondary-objective\" class=\"uagb-toc-link__trigger\">M\u00e1sodlagos c\u00e9l<\/a><li class=\"uagb-toc__list\"><a href=\"#perks-used-for-this-mission\" class=\"uagb-toc-link__trigger\">A k\u00fcldet\u00e9shez haszn\u00e1lt juttat\u00e1sok:<\/a><li class=\"uagb-toc__list\"><a href=\"#hidden-target\" class=\"uagb-toc-link__trigger\">Rejtett c\u00e9l<\/a><li class=\"uagb-toc__list\"><a href=\"#turret-placement\" class=\"uagb-toc-link__trigger\">Torony elhelyez\u00e9se<\/a><li class=\"uagb-toc__list\"><a href=\"#veteran-difficulty-video-guide\" class=\"uagb-toc-link__trigger\">Veter\u00e1n Neh\u00e9zs\u00e9gi \u00fatmutat\u00f3 Vide\u00f3<\/a><li class=\"uagb-toc__list\"><a href=\"#credits\" class=\"uagb-toc-link__trigger\">Hitelek:<\/a><\/ol>\t\t\t\t\t<\/div>\n\t\t\t\t\t\t\t\t\t<\/div>\n\t\t\t\t<\/div>\n\t\t\t\n\n\n<hr class=\"wp-block-separator is-style-wide\"\/>\n\n\n\n<h3 class=\"wp-block-heading\">M\u00e1sodlagos c\u00e9l<\/h3>\n\n\n\n<p><em>Puszt\u00edtsd el az \u00f6sszes rejtett bunkert.<\/em><\/p>\n\n\n\n<p>Jelenleg 5 hatsz\u00f6glet\u0171 bunker van f\u00e9lig \u00e1lc\u00e1zva a k\u00f6rnyez\u0151 f\u0171vel, amely ezen a t\u00e9rk\u00e9pen tal\u00e1lhat\u00f3. A m\u00e1sodlagos c\u00e9l \u00e9rdek\u00e9ben mind az 5-\u00f6t el kell puszt\u00edtania, mindegyik 2 bomb\u00e1t vesz az \u00f6l\u00e9shez, \u00e9s \u00fagy viselkedik, mint egy mini ell\u00e1t\u00f3 l\u00e1da, \u00e9s \u00f6l\u00e9senk\u00e9nt 10$-t ad neked. A t\u00e9rk\u00e9p bal oldal\u00e1n 3 van, az egyik a jobb oldalon jobbra, a b\u00e1zist\u00f3l d\u00e9lre, az \u00f6t\u00f6dik pedig a t\u00e9rk\u00e9p als\u00f3 k\u00f6zep\u00e9n.<\/p>\n\n\n\n<p><strong>Ell\u00e1t\u00f3 l\u00e1d\u00e1k:<\/strong> egyik sem<\/p>\n\n\n\n<p><strong>Eddigi gy\u0151zelmi pontok:<\/strong> 320<\/p>\n\n\n\n<ul><li>G\u00e9pfegyver lvl 3<br><sup>X2 Power vs Flamed specializ\u00e1ci\u00f3<\/sup><\/li><li>\u00c1gy\u00fa lvl 3<\/li><li>Bomba lvl 3<\/li><li>Flamer lvl 3<\/li><li>Comms lvl 3<br><sup>Fokozott \u00e9rdekl\u0151d\u00e9si specializ\u00e1ci\u00f3<\/sup><\/li><li>Rak\u00e9ta lvl 3<br><sup>Gyorsabb rak\u00e9t\u00e1k szakosod\u00e1sa<\/sup><\/li><li>L\u00e9gellenes lvl 3<\/li><\/ul>\n\n\n\n<hr class=\"wp-block-separator is-style-wide\"\/>\n\n\n\n<h3 class=\"wp-block-heading\">A k\u00fcldet\u00e9shez haszn\u00e1lt juttat\u00e1sok:<\/h3>\n\n\n\n<ul><li>Bombadier II<\/li><li>Greenback II<\/li><li>Phantom Strike<\/li><\/ul>\n\n\n\n<p>A Bombardier bevallottan szokatlan v\u00e1laszt\u00e1s egy misszi\u00f3hoz; a Pokol zseb\u00e9ben azonban seg\u00edts\u00e9get ny\u00fajt egy siralmasan alulfinansz\u00edrozott korai k\u00fcldet\u00e9shez, amelyhez nagy sz\u00fcks\u00e9g van t\u00f6bb toronyra, amelyeket egy\u00e9bk\u00e9nt nehezen tudna biztos\u00edtani. A Phantom Strike seg\u00edt megoldani a rossz t\u00fczhelyzet probl\u00e9m\u00e1nkat az\u00e1ltal, hogy sokkal nagyobb \u00e1tfed\u0151 t\u0171ztereket tesz lehet\u0151v\u00e9.<\/p>\n\n\n\n<hr class=\"wp-block-separator is-style-wide\"\/>\n\n\n\n<h3 class=\"wp-block-heading\">Rejtett c\u00e9l<\/h3>\n\n\n\n<p>Ezen a t\u00e9rk\u00e9pen h\u00e1rom kis szalmakunyh\u00f3 tal\u00e1lhat\u00f3. Rejtett c\u00e9lpontja a bunkert\u0151l balra tal\u00e1lhat\u00f3 kis kunyh\u00f3 lesz, amely a t\u00e9rk\u00e9p alj\u00e1n k\u00f6z\u00e9pen helyezkedik el.<\/p>\n\n\n\n<div class=\"wp-block-image\"><figure class=\"aligncenter size-large\"><a href=\"https:\/\/ibomberdefensepacific.standardof.net\/hu\/guide\/kampany-kuldetes-17-pokol-zseb-saipan\/ibomber-defense-pacific-campaign-mission-17-hells-pocket-2\/\"><img decoding=\"async\" width=\"245\" height=\"183\" src=\"https:\/\/ibomberdefensepacific.standardof.net\/wp-content\/uploads\/sites\/6\/2020\/10\/iBomber-Defense-Pacific-Campaign-Mission-17-Hells-Pocket-2.jpg\" alt=\"&quot;iBomber Defense Pacific&quot; - 17. kamp\u00e1nymisszi\u00f3 - &quot;Pokol zsebe&quot; (2)\" class=\"wp-image-116\" srcset=\"https:\/\/ibomberdefensepacific.standardof.net\/wp-content\/uploads\/sites\/6\/2020\/10\/iBomber-Defense-Pacific-Campaign-Mission-17-Hells-Pocket-2.jpg 245w, https:\/\/ibomberdefensepacific.standardof.net\/wp-content\/uploads\/sites\/6\/2020\/10\/iBomber-Defense-Pacific-Campaign-Mission-17-Hells-Pocket-2-200x149.jpg 200w, https:\/\/ibomberdefensepacific.standardof.net\/wp-content\/uploads\/sites\/6\/2020\/10\/iBomber-Defense-Pacific-Campaign-Mission-17-Hells-Pocket-2-16x12.jpg 16w\" sizes=\"(max-width: 245px) 100vw, 245px\" \/><\/a><figcaption>A szalma kunyh\u00f3 rejtett c\u00e9lpontja.<\/figcaption><\/figure><\/div>\n\n\n\n<hr class=\"wp-block-separator is-style-wide\"\/>\n\n\n\n<h3 class=\"wp-block-heading\">Torony elhelyez\u00e9se<\/h3>\n\n\n\n<figure class=\"wp-block-gallery columns-2 is-cropped wp-block-gallery-1 is-layout-flex wp-block-gallery-is-layout-flex\"><ul class=\"blocks-gallery-grid\"><li class=\"blocks-gallery-item\"><figure><a href=\"https:\/\/ibomberdefensepacific.standardof.net\/hu\/guide\/kampany-kuldetes-17-pokol-zseb-saipan\/ibomber-defense-pacific-campaign-mission-17-hells-pocket-3\/\"><img decoding=\"async\" width=\"800\" height=\"500\" src=\"https:\/\/ibomberdefensepacific.standardof.net\/wp-content\/uploads\/sites\/6\/2020\/10\/iBomber-Defense-Pacific-Campaign-Mission-17-Hells-Pocket-3-800x500.jpg\" alt=\"&quot;iBomber Defense Pacific&quot; - 17. kamp\u00e1nymisszi\u00f3 - &quot;Pokol zsebe&quot; (3)\" data-id=\"117\" data-full-url=\"https:\/\/ibomberdefensepacific.standardof.net\/wp-content\/uploads\/sites\/6\/2020\/10\/iBomber-Defense-Pacific-Campaign-Mission-17-Hells-Pocket-3.jpg\" data-link=\"https:\/\/ibomberdefensepacific.standardof.net\/guide\/campaign-mission-17-hells-pocket-saipan\/ibomber-defense-pacific-campaign-mission-17-hells-pocket-3\/\" class=\"wp-image-117\" srcset=\"https:\/\/ibomberdefensepacific.standardof.net\/wp-content\/uploads\/sites\/6\/2020\/10\/iBomber-Defense-Pacific-Campaign-Mission-17-Hells-Pocket-3-800x500.jpg 800w, https:\/\/ibomberdefensepacific.standardof.net\/wp-content\/uploads\/sites\/6\/2020\/10\/iBomber-Defense-Pacific-Campaign-Mission-17-Hells-Pocket-3-512x320.jpg 512w, https:\/\/ibomberdefensepacific.standardof.net\/wp-content\/uploads\/sites\/6\/2020\/10\/iBomber-Defense-Pacific-Campaign-Mission-17-Hells-Pocket-3-200x125.jpg 200w, https:\/\/ibomberdefensepacific.standardof.net\/wp-content\/uploads\/sites\/6\/2020\/10\/iBomber-Defense-Pacific-Campaign-Mission-17-Hells-Pocket-3-768x480.jpg 768w, https:\/\/ibomberdefensepacific.standardof.net\/wp-content\/uploads\/sites\/6\/2020\/10\/iBomber-Defense-Pacific-Campaign-Mission-17-Hells-Pocket-3-16x10.jpg 16w, https:\/\/ibomberdefensepacific.standardof.net\/wp-content\/uploads\/sites\/6\/2020\/10\/iBomber-Defense-Pacific-Campaign-Mission-17-Hells-Pocket-3.jpg 1280w\" sizes=\"(max-width: 800px) 100vw, 800px\" \/><\/a><figcaption class=\"blocks-gallery-item__caption\">6. hull\u00e1m torony elhelyez\u00e9se.<\/figcaption><\/figure><\/li><li class=\"blocks-gallery-item\"><figure><a href=\"https:\/\/ibomberdefensepacific.standardof.net\/hu\/guide\/kampany-kuldetes-17-pokol-zseb-saipan\/ibomber-defense-pacific-campaign-mission-17-hells-pocket-4\/\"><img decoding=\"async\" width=\"800\" height=\"500\" src=\"https:\/\/ibomberdefensepacific.standardof.net\/wp-content\/uploads\/sites\/6\/2020\/10\/iBomber-Defense-Pacific-Campaign-Mission-17-Hells-Pocket-4-800x500.jpg\" alt=\"iBomber Defense Pacific - 17. kamp\u00e1nymisszi\u00f3 - Pokolzseb (4)\" data-id=\"118\" data-full-url=\"https:\/\/ibomberdefensepacific.standardof.net\/wp-content\/uploads\/sites\/6\/2020\/10\/iBomber-Defense-Pacific-Campaign-Mission-17-Hells-Pocket-4.jpg\" data-link=\"https:\/\/ibomberdefensepacific.standardof.net\/guide\/campaign-mission-17-hells-pocket-saipan\/ibomber-defense-pacific-campaign-mission-17-hells-pocket-4\/\" class=\"wp-image-118\" srcset=\"https:\/\/ibomberdefensepacific.standardof.net\/wp-content\/uploads\/sites\/6\/2020\/10\/iBomber-Defense-Pacific-Campaign-Mission-17-Hells-Pocket-4-800x500.jpg 800w, https:\/\/ibomberdefensepacific.standardof.net\/wp-content\/uploads\/sites\/6\/2020\/10\/iBomber-Defense-Pacific-Campaign-Mission-17-Hells-Pocket-4-512x320.jpg 512w, https:\/\/ibomberdefensepacific.standardof.net\/wp-content\/uploads\/sites\/6\/2020\/10\/iBomber-Defense-Pacific-Campaign-Mission-17-Hells-Pocket-4-200x125.jpg 200w, https:\/\/ibomberdefensepacific.standardof.net\/wp-content\/uploads\/sites\/6\/2020\/10\/iBomber-Defense-Pacific-Campaign-Mission-17-Hells-Pocket-4-768x480.jpg 768w, https:\/\/ibomberdefensepacific.standardof.net\/wp-content\/uploads\/sites\/6\/2020\/10\/iBomber-Defense-Pacific-Campaign-Mission-17-Hells-Pocket-4-16x10.jpg 16w, https:\/\/ibomberdefensepacific.standardof.net\/wp-content\/uploads\/sites\/6\/2020\/10\/iBomber-Defense-Pacific-Campaign-Mission-17-Hells-Pocket-4.jpg 1280w\" sizes=\"(max-width: 800px) 100vw, 800px\" \/><\/a><figcaption class=\"blocks-gallery-item__caption\">13. hull\u00e1m.<\/figcaption><\/figure><\/li><\/ul><\/figure>\n\n\n\n<p>A tornyok elhelyez\u00e9se azzal kezd\u0151dik, hogy sz\u00fcneteltetj\u00fck a k\u00fcldet\u00e9st annak nyit\u00e1sakor, \u00e9s felhaszn\u00e1ljuk a juttat\u00e1saitok \u00e1ltal biztos\u00edtott k\u00e9t bomb\u00e1t, egyet-egyet a k\u00e9t l\u00e1d\u00e1n, amelyek a b\u00e1zis k\u00f6zel\u00e9ben l\u00e9v\u0151 emelt f\u00f6ld\u00f6n \u00fclnek, \u00e9s amelyekre f\u0151leg \u00e9p\u00edt\u00fcnk. Miut\u00e1n mindkett\u0151 jelent\u0151sen megs\u00e9r\u00fclt, tegyen egy-egy g\u00e9pfegyvert, mindegyik mell\u00e9 egyet, \u00e9s l\u0151je le a megfelel\u0151 l\u00e1d\u00e1jukat, ha nem l\u00f6vik az el\u0151renyomul\u00f3 ellens\u00e9geket. A k\u00fcldet\u00e9s kezdetekor bombatorn\u00e1ra is sz\u00fcks\u00e9g lesz, \u00edgy id\u0151ben elpuszt\u00edthatja az \u00f6sszes l\u00e1d\u00e1t, bunkert \u00e9s rejtett c\u00e9lpontot.<\/p>\n\n\n\n<p>A k\u00fcldet\u00e9s t\u00f6bbi r\u00e9sz\u00e9nek \u00fagy kell j\u00e1tszania, hogy a fenns\u00edk teljesen tornyokkal van felszerelve, a k\u00f6zpontban tal\u00e1lhat\u00f3 vessz\u0151kkel az ezen a ter\u00fcleten tal\u00e1lhat\u00f3 \u00f6sszes torony friss\u00edthet\u0151, \u00e9s v\u00e9g\u00fcl egy rak\u00e9tap\u00e1r, amelyet a b\u00e1zis bej\u00e1rata k\u00f6zel\u00e9ben helyeznek el, teljesen fel\u00faj\u00edtva \u00e9s be\u00e1sva. hogy mindegyik bej\u00e1rja a b\u00e1zis fel\u00e9 vezet\u0151 k\u00e9t \u00fat egyik\u00e9t.<\/p>\n\n\n\n<p>MEGJEGYZ\u00c9S: B\u00e1r a fenti k\u00e9pek seg\u00edtenek a r\u00e9szletes elhelyez\u00e9sben, ez a k\u00fcldet\u00e9s meglehet\u0151sen neh\u00e9z lehet. Ne felejtsd el megn\u00e9zni az al\u00e1bbi vide\u00f3t, ha nehezen \u00e9rzed magad; a vide\u00f3 teljes eg\u00e9sz\u00e9ben lefedi a szintet.<\/p>\n\n\n\n<figure class=\"wp-block-gallery columns-2 is-cropped wp-block-gallery-2 is-layout-flex wp-block-gallery-is-layout-flex\"><ul class=\"blocks-gallery-grid\"><li class=\"blocks-gallery-item\"><figure><a href=\"https:\/\/ibomberdefensepacific.standardof.net\/hu\/guide\/kampany-kuldetes-17-pokol-zseb-saipan\/ibomber-defense-pacific-campaign-mission-17-hells-pocket-5\/\"><img decoding=\"async\" width=\"800\" height=\"500\" src=\"https:\/\/ibomberdefensepacific.standardof.net\/wp-content\/uploads\/sites\/6\/2020\/10\/iBomber-Defense-Pacific-Campaign-Mission-17-Hells-Pocket-5-800x500.jpg\" alt=\"&quot;iBomber Defense Pacific&quot; - 17. kamp\u00e1nymisszi\u00f3 - &quot;Pokolzseb&quot; (5)\" data-id=\"119\" data-full-url=\"https:\/\/ibomberdefensepacific.standardof.net\/wp-content\/uploads\/sites\/6\/2020\/10\/iBomber-Defense-Pacific-Campaign-Mission-17-Hells-Pocket-5.jpg\" data-link=\"https:\/\/ibomberdefensepacific.standardof.net\/guide\/campaign-mission-17-hells-pocket-saipan\/ibomber-defense-pacific-campaign-mission-17-hells-pocket-5\/\" class=\"wp-image-119\" srcset=\"https:\/\/ibomberdefensepacific.standardof.net\/wp-content\/uploads\/sites\/6\/2020\/10\/iBomber-Defense-Pacific-Campaign-Mission-17-Hells-Pocket-5-800x500.jpg 800w, https:\/\/ibomberdefensepacific.standardof.net\/wp-content\/uploads\/sites\/6\/2020\/10\/iBomber-Defense-Pacific-Campaign-Mission-17-Hells-Pocket-5-512x320.jpg 512w, https:\/\/ibomberdefensepacific.standardof.net\/wp-content\/uploads\/sites\/6\/2020\/10\/iBomber-Defense-Pacific-Campaign-Mission-17-Hells-Pocket-5-200x125.jpg 200w, https:\/\/ibomberdefensepacific.standardof.net\/wp-content\/uploads\/sites\/6\/2020\/10\/iBomber-Defense-Pacific-Campaign-Mission-17-Hells-Pocket-5-768x480.jpg 768w, https:\/\/ibomberdefensepacific.standardof.net\/wp-content\/uploads\/sites\/6\/2020\/10\/iBomber-Defense-Pacific-Campaign-Mission-17-Hells-Pocket-5-16x10.jpg 16w, https:\/\/ibomberdefensepacific.standardof.net\/wp-content\/uploads\/sites\/6\/2020\/10\/iBomber-Defense-Pacific-Campaign-Mission-17-Hells-Pocket-5.jpg 1280w\" sizes=\"(max-width: 800px) 100vw, 800px\" \/><\/a><figcaption class=\"blocks-gallery-item__caption\">20. hull\u00e1m.<\/figcaption><\/figure><\/li><li class=\"blocks-gallery-item\"><figure><a href=\"https:\/\/ibomberdefensepacific.standardof.net\/hu\/guide\/kampany-kuldetes-17-pokol-zseb-saipan\/ibomber-defense-pacific-campaign-mission-17-hells-pocket-6\/\"><img decoding=\"async\" width=\"800\" height=\"500\" src=\"https:\/\/ibomberdefensepacific.standardof.net\/wp-content\/uploads\/sites\/6\/2020\/10\/iBomber-Defense-Pacific-Campaign-Mission-17-Hells-Pocket-6-800x500.jpg\" alt=\"&quot;iBomber Defense Pacific&quot; - 17. kamp\u00e1ny misszi\u00f3 - &quot;Pokol zsebe&quot; (6)\" data-id=\"120\" data-full-url=\"https:\/\/ibomberdefensepacific.standardof.net\/wp-content\/uploads\/sites\/6\/2020\/10\/iBomber-Defense-Pacific-Campaign-Mission-17-Hells-Pocket-6.jpg\" data-link=\"https:\/\/ibomberdefensepacific.standardof.net\/guide\/campaign-mission-17-hells-pocket-saipan\/ibomber-defense-pacific-campaign-mission-17-hells-pocket-6\/\" class=\"wp-image-120\" srcset=\"https:\/\/ibomberdefensepacific.standardof.net\/wp-content\/uploads\/sites\/6\/2020\/10\/iBomber-Defense-Pacific-Campaign-Mission-17-Hells-Pocket-6-800x500.jpg 800w, https:\/\/ibomberdefensepacific.standardof.net\/wp-content\/uploads\/sites\/6\/2020\/10\/iBomber-Defense-Pacific-Campaign-Mission-17-Hells-Pocket-6-512x320.jpg 512w, https:\/\/ibomberdefensepacific.standardof.net\/wp-content\/uploads\/sites\/6\/2020\/10\/iBomber-Defense-Pacific-Campaign-Mission-17-Hells-Pocket-6-200x125.jpg 200w, https:\/\/ibomberdefensepacific.standardof.net\/wp-content\/uploads\/sites\/6\/2020\/10\/iBomber-Defense-Pacific-Campaign-Mission-17-Hells-Pocket-6-768x480.jpg 768w, https:\/\/ibomberdefensepacific.standardof.net\/wp-content\/uploads\/sites\/6\/2020\/10\/iBomber-Defense-Pacific-Campaign-Mission-17-Hells-Pocket-6-16x10.jpg 16w, https:\/\/ibomberdefensepacific.standardof.net\/wp-content\/uploads\/sites\/6\/2020\/10\/iBomber-Defense-Pacific-Campaign-Mission-17-Hells-Pocket-6.jpg 1280w\" sizes=\"(max-width: 800px) 100vw, 800px\" \/><\/a><figcaption class=\"blocks-gallery-item__caption\">26. hull\u00e1m.<\/figcaption><\/figure><\/li><\/ul><\/figure>\n\n\n\n<hr class=\"wp-block-separator is-style-wide\"\/>\n\n\n\n<h3 class=\"has-text-align-center wp-block-heading\" id=\"4-veteran-difficulty-video-guide\">Veter\u00e1n Neh\u00e9zs\u00e9gi \u00fatmutat\u00f3 Vide\u00f3<\/h3>\n\n\n\n<figure class=\"wp-block-embed-youtube wp-block-embed is-type-video is-provider-youtube wp-embed-aspect-16-9 wp-has-aspect-ratio\"><div class=\"wp-block-embed__wrapper\">\n<div class=\"ast-oembed-container\" style=\"height: 100%;\"><iframe title=\"Hell &amp; #039; zseb - M17 iBomber Defense Pacific - Veter\u00e1n telt h\u00e1z\" width=\"500\" height=\"375\" src=\"https:\/\/www.youtube.com\/embed\/cr-nlWCKDMM?feature=oembed\" frameborder=\"0\" allow=\"accelerometer; autoplay; clipboard-write; encrypted-media; gyroscope; picture-in-picture; web-share\" referrerpolicy=\"strict-origin-when-cross-origin\" allowfullscreen><\/iframe><\/div>\n<\/div><\/figure>\n\n\n\n<hr class=\"wp-block-separator is-style-wide\"\/>\n\n\n\n<h3 class=\"wp-block-heading\">Hitelek:<\/h3>\n\n\n\n<p>hwoosh - Jav\u00edt\u00e1sok.<\/p>","protected":false},"excerpt":{"rendered":"<p>Hell&#8217;s Pocket: Saipan Saipan holds enormous strategic importance. Protect your position at all costs. In Hell&#8217;s Pocket, you will need to defend your base from 2 main paths of approaching ground units with some air mixed in for 26 waves. Good firing spots are in short supply here, so the plateau near your base will [&hellip;]<\/p>","protected":false},"author":1,"featured_media":120,"parent":164,"menu_order":17,"comment_status":"open","ping_status":"closed","template":"","meta":{"_uag_custom_page_level_css":"","site-sidebar-layout":"default","site-content-layout":"default","ast-site-content-layout":"","site-content-style":"default","site-sidebar-style":"default","ast-global-header-display":"","ast-banner-title-visibility":"","ast-main-header-display":"","ast-hfb-above-header-display":"","ast-hfb-below-header-display":"","ast-hfb-mobile-header-display":"","site-post-title":"","ast-breadcrumbs-content":"","ast-featured-img":"","footer-sml-layout":"","theme-transparent-header-meta":"default","adv-header-id-meta":"","stick-header-meta":"","header-above-stick-meta":"","header-main-stick-meta":"","header-below-stick-meta":"","astra-migrate-meta-layouts":"default","ast-page-background-enabled":"default","ast-page-background-meta":{"desktop":{"background-color":"","background-image":"","background-repeat":"repeat","background-position":"center center","background-size":"auto","background-attachment":"scroll","background-type":"","background-media":"","overlay-type":"","overlay-color":"","overlay-gradient":""},"tablet":{"background-color":"","background-image":"","background-repeat":"repeat","background-position":"center center","background-size":"auto","background-attachment":"scroll","background-type":"","background-media":"","overlay-type":"","overlay-color":"","overlay-gradient":""},"mobile":{"background-color":"","background-image":"","background-repeat":"repeat","background-position":"center center","background-size":"auto","background-attachment":"scroll","background-type":"","background-media":"","overlay-type":"","overlay-color":"","overlay-gradient":""}},"ast-content-background-meta":{"desktop":{"background-color":"var(--ast-global-color-5)","background-image":"","background-repeat":"repeat","background-position":"center center","background-size":"auto","background-attachment":"scroll","background-type":"","background-media":"","overlay-type":"","overlay-color":"","overlay-gradient":""},"tablet":{"background-color":"var(--ast-global-color-5)","background-image":"","background-repeat":"repeat","background-position":"center center","background-size":"auto","background-attachment":"scroll","background-type":"","background-media":"","overlay-type":"","overlay-color":"","overlay-gradient":""},"mobile":{"background-color":"var(--ast-global-color-5)","background-image":"","background-repeat":"repeat","background-position":"center center","background-size":"auto","background-attachment":"scroll","background-type":"","background-media":"","overlay-type":"","overlay-color":"","overlay-gradient":""}},"footnotes":""},"uagb_featured_image_src":{"full":["https:\/\/ibomberdefensepacific.standardof.net\/wp-content\/uploads\/sites\/6\/2020\/10\/iBomber-Defense-Pacific-Campaign-Mission-17-Hells-Pocket-6.jpg",1280,800,false],"thumbnail":["https:\/\/ibomberdefensepacific.standardof.net\/wp-content\/uploads\/sites\/6\/2020\/10\/iBomber-Defense-Pacific-Campaign-Mission-17-Hells-Pocket-6-200x125.jpg",200,125,true],"medium":["https:\/\/ibomberdefensepacific.standardof.net\/wp-content\/uploads\/sites\/6\/2020\/10\/iBomber-Defense-Pacific-Campaign-Mission-17-Hells-Pocket-6-512x320.jpg",512,320,true],"medium_large":["https:\/\/ibomberdefensepacific.standardof.net\/wp-content\/uploads\/sites\/6\/2020\/10\/iBomber-Defense-Pacific-Campaign-Mission-17-Hells-Pocket-6-768x480.jpg",768,480,true],"large":["https:\/\/ibomberdefensepacific.standardof.net\/wp-content\/uploads\/sites\/6\/2020\/10\/iBomber-Defense-Pacific-Campaign-Mission-17-Hells-Pocket-6-800x500.jpg",800,500,true],"1536x1536":["https:\/\/ibomberdefensepacific.standardof.net\/wp-content\/uploads\/sites\/6\/2020\/10\/iBomber-Defense-Pacific-Campaign-Mission-17-Hells-Pocket-6.jpg",1280,800,false],"2048x2048":["https:\/\/ibomberdefensepacific.standardof.net\/wp-content\/uploads\/sites\/6\/2020\/10\/iBomber-Defense-Pacific-Campaign-Mission-17-Hells-Pocket-6.jpg",1280,800,false],"trp-custom-language-flag":["https:\/\/ibomberdefensepacific.standardof.net\/wp-content\/uploads\/sites\/6\/2020\/10\/iBomber-Defense-Pacific-Campaign-Mission-17-Hells-Pocket-6-16x10.jpg",16,10,true]},"uagb_author_info":{"display_name":"SOE","author_link":"https:\/\/ibomberdefensepacific.standardof.net\/hu\/author\/k-tastic\/"},"uagb_comment_info":0,"uagb_excerpt":"Hell&#8217;s Pocket: Saipan Saipan holds enormous strategic importance. Protect your position at all costs. In Hell&#8217;s Pocket, you will need to defend your base from 2 main paths of approaching ground units with some air mixed in for 26 waves. Good firing spots are in short supply here, so the plateau near your base will&hellip;","_links":{"self":[{"href":"https:\/\/ibomberdefensepacific.standardof.net\/hu\/wp-json\/wp\/v2\/pages\/223"}],"collection":[{"href":"https:\/\/ibomberdefensepacific.standardof.net\/hu\/wp-json\/wp\/v2\/pages"}],"about":[{"href":"https:\/\/ibomberdefensepacific.standardof.net\/hu\/wp-json\/wp\/v2\/types\/page"}],"author":[{"embeddable":true,"href":"https:\/\/ibomberdefensepacific.standardof.net\/hu\/wp-json\/wp\/v2\/users\/1"}],"replies":[{"embeddable":true,"href":"https:\/\/ibomberdefensepacific.standardof.net\/hu\/wp-json\/wp\/v2\/comments?post=223"}],"version-history":[{"count":0,"href":"https:\/\/ibomberdefensepacific.standardof.net\/hu\/wp-json\/wp\/v2\/pages\/223\/revisions"}],"up":[{"embeddable":true,"href":"https:\/\/ibomberdefensepacific.standardof.net\/hu\/wp-json\/wp\/v2\/pages\/164"}],"wp:featuredmedia":[{"embeddable":true,"href":"https:\/\/ibomberdefensepacific.standardof.net\/hu\/wp-json\/wp\/v2\/media\/120"}],"wp:attachment":[{"href":"https:\/\/ibomberdefensepacific.standardof.net\/hu\/wp-json\/wp\/v2\/media?parent=223"}],"curies":[{"name":"wp","href":"https:\/\/api.w.org\/{rel}","templated":true}]}}