{"id":213,"date":"2020-10-21T13:35:29","date_gmt":"2020-10-21T13:35:29","guid":{"rendered":"https:\/\/ibomberdefensepacific.standardof.net\/?page_id=213"},"modified":"2020-10-21T17:22:42","modified_gmt":"2020-10-21T17:22:42","slug":"campaign-mission-16-truk-lagoon-counterattack","status":"publish","type":"page","link":"https:\/\/ibomberdefensepacific.standardof.net\/hu\/guide\/kampany-kuldetes-16-truk-laguna-ellentamadas\/","title":{"rendered":"16. kamp\u00e1nymisszi\u00f3: \u201eTruk Lagoon\u201d ellent\u00e1mad\u00e1s"},"content":{"rendered":"<h2 class=\"wp-block-heading\">Truki lag\u00fana: Kontrat\u00e1mad\u00e1s<\/h2>\n\n\n\n<div class=\"wp-block-image\"><figure class=\"aligncenter size-large\"><a href=\"https:\/\/ibomberdefensepacific.standardof.net\/hu\/guide\/kampany-kuldetes-16-truk-laguna-ellentamadas\/ibomber-defense-pacific-campaign-mission-16-truk-lagoon-1-copy\/\"><img decoding=\"async\" width=\"800\" height=\"500\" src=\"https:\/\/ibomberdefensepacific.standardof.net\/wp-content\/uploads\/sites\/6\/2020\/10\/iBomber-Defense-Pacific-Campaign-Mission-16-Truk-Lagoon-1-copy-800x500.jpg\" alt=\"&quot;iBomber Defense Pacific&quot; - 16. kamp\u00e1nymisszi\u00f3 - &quot;Truki lag\u00fana&quot; (1)\" class=\"wp-image-111\" srcset=\"https:\/\/ibomberdefensepacific.standardof.net\/wp-content\/uploads\/sites\/6\/2020\/10\/iBomber-Defense-Pacific-Campaign-Mission-16-Truk-Lagoon-1-copy-800x500.jpg 800w, https:\/\/ibomberdefensepacific.standardof.net\/wp-content\/uploads\/sites\/6\/2020\/10\/iBomber-Defense-Pacific-Campaign-Mission-16-Truk-Lagoon-1-copy-512x320.jpg 512w, https:\/\/ibomberdefensepacific.standardof.net\/wp-content\/uploads\/sites\/6\/2020\/10\/iBomber-Defense-Pacific-Campaign-Mission-16-Truk-Lagoon-1-copy-200x125.jpg 200w, https:\/\/ibomberdefensepacific.standardof.net\/wp-content\/uploads\/sites\/6\/2020\/10\/iBomber-Defense-Pacific-Campaign-Mission-16-Truk-Lagoon-1-copy-768x480.jpg 768w, https:\/\/ibomberdefensepacific.standardof.net\/wp-content\/uploads\/sites\/6\/2020\/10\/iBomber-Defense-Pacific-Campaign-Mission-16-Truk-Lagoon-1-copy-16x10.jpg 16w, https:\/\/ibomberdefensepacific.standardof.net\/wp-content\/uploads\/sites\/6\/2020\/10\/iBomber-Defense-Pacific-Campaign-Mission-16-Truk-Lagoon-1-copy.jpg 1280w\" sizes=\"(max-width: 800px) 100vw, 800px\" \/><\/a><figcaption>Az ellens\u00e9ges egys\u00e9gek \u00fatja a Truk-lag\u00fan\u00e1ban, piros a tenger, a k\u00e9k pedig a leveg\u0151.<\/figcaption><\/figure><\/div>\n\n\n\n<p><em>V\u00e9dje Trukot az ellens\u00e9g meglepet\u00e9sszer\u0171 ellent\u00e1mad\u00e1s\u00e1val szemben.<\/em><\/p>\n\n\n\n<p>Itt az ideje visszat\u00e9rni a r\u00e9gi b\u00e1zisra <strong><a href=\"https:\/\/ibomberdefensepacific.standardof.net\/hu\/guide\/kampany-kuldetes-14-muvelet-jegeso-truk-sziget\/\" class=\"rank-math-link\">Hailstone m\u0171velet<\/a><\/strong> \u00e9s j\u00f6jj\u00f6n vissza harcolni tov\u00e1bbi 10 l\u00e9gi \u00e9s tengeri egys\u00e9g hull\u00e1m\u00e1val. K\u00e9t \u00faj \u00fatvonalat nyitnak meg a t\u00e9rk\u00e9p alj\u00e1n, ahonnan a haditenger\u00e9szeti egys\u00e9gek megk\u00f6zel\u00edthetik, ami megnehez\u00edti a dolgokat, mivel sz\u00e9lesebb lefedetts\u00e9get k\u00f6vetelnek a tornyait\u00f3l, \u00e9s r\u00f6videbb t\u00e1vols\u00e1got kell megtenni\u00fck a b\u00e1zis el\u00e9r\u00e9se \u00e9rdek\u00e9ben. Egy kis megtakar\u00edt\u00e1si kegyelem, amellett, hogy mindennel elkezd\u0151dik, ami a m\u00e1sik szint v\u00e9g\u00e9n volt, az, hogy tov\u00e1bbra is meglesz az AA t\u00e1mogat\u00e1si b\u00e1zisa az egek tiszt\u00e1ntart\u00e1s\u00e1hoz.<\/p>\n\n\n\n<p>Ez az \u00fatmutat\u00f3 kit\u00e9r arra, hogy mik\u00e9nt juthatunk telth\u00e1zhoz, amely minden \u00e9remmel \u00e9s 20 gy\u0151zelmi ponttal t\u00f6k\u00e9letes fordul\u00f3 a Truk-lag\u00fana szintj\u00e9n. <em>iBomber Defense Pacific<\/em> kamp\u00e1ny, a Veter\u00e1n neh\u00e9zs\u00e9geken j\u00e1tszott. Ezenk\u00edv\u00fcl ez a k\u00fcldet\u00e9s \u00fatmutat\u00f3 a m\u00e1sodlagos \u00e9s rejtett c\u00e9lokat, valamint egy \u00e1ttekint\u0151 vide\u00f3t tartalmaz.<\/p>\n\n\n\t\t\t\t<div class=\"wp-block-uagb-table-of-contents uagb-toc__align-left uagb-toc__columns-1  uagb-block-6fa2e770\"\n\t\t\t\t\tdata-scroll= \"1\"\n\t\t\t\t\tdata-offset= \"30\"\n\t\t\t\t\tstyle=\"\"\n\t\t\t\t>\n\t\t\t\t<div class=\"uagb-toc__wrap\">\n\t\t\t\t\t\t<div class=\"uagb-toc__title\">\n\t\t\t\t\t\t\t\u00datmutat\u00f3 navig\u00e1ci\u00f3:\t\t\t\t\t\t<\/div>\n\t\t\t\t\t\t\t\t\t\t\t\t\t\t\t\t<div class=\"uagb-toc__list-wrap\">\n\t\t\t\t\t\t<ol class=\"uagb-toc__list\"><li class=\"uagb-toc__list\"><a href=\"#secondary-objective\" class=\"uagb-toc-link__trigger\">M\u00e1sodlagos c\u00e9l<\/a><li class=\"uagb-toc__list\"><a href=\"#perks-used-for-this-mission\" class=\"uagb-toc-link__trigger\">A k\u00fcldet\u00e9shez haszn\u00e1lt juttat\u00e1sok:<\/a><li class=\"uagb-toc__list\"><a href=\"#hidden-target\" class=\"uagb-toc-link__trigger\">Rejtett c\u00e9l<\/a><li class=\"uagb-toc__list\"><a href=\"#turret-placement\" class=\"uagb-toc-link__trigger\">Torony elhelyez\u00e9se<\/a><li class=\"uagb-toc__list\"><a href=\"#veteran-difficulty-video-guide\" class=\"uagb-toc-link__trigger\">Veter\u00e1n Neh\u00e9zs\u00e9gi \u00fatmutat\u00f3 Vide\u00f3<\/a><\/ol>\t\t\t\t\t<\/div>\n\t\t\t\t\t\t\t\t\t<\/div>\n\t\t\t\t<\/div>\n\t\t\t\n\n\n<hr class=\"wp-block-separator is-style-wide\"\/>\n\n\n\n<h3 class=\"wp-block-heading\">M\u00e1sodlagos c\u00e9l<\/h3>\n\n\n\n<p><em>A lehet\u0151 legt\u00f6bb er\u0151forr\u00e1st felhalmozza a h\u00e1bor\u00fas er\u0151fesz\u00edt\u00e9sek el\u0151seg\u00edt\u00e9s\u00e9re.<\/em><\/p>\n\n\n\n<p>Ez egy m\u00e1sik k\u00e9szp\u00e9nzes c\u00e9l, \u00e9s megk\u00f6veteli, hogy a szint v\u00e9g\u00e9n a 200$ legyen mentve a teljes\u00edt\u00e9shez. Mint mindig, ennek legegyszer\u0171bb m\u00f3dja a sz\u00fcnet a legv\u00e9g\u00e9n, amikor csak egy egys\u00e9g van h\u00e1tra, vagy \u00e9ppen akkor, amikor megsemmis\u00fcl, \u00e9s eladja n\u00e9h\u00e1ny tornyot, hogy megkaphassa a sz\u00fcks\u00e9ges p\u00e9nzt.<\/p>\n\n\n\n<p><strong>Ell\u00e1t\u00f3 l\u00e1d\u00e1k:<\/strong> egyik sem<\/p>\n\n\n\n<p><strong>Eddigi gy\u0151zelmi pontok:<\/strong> 300 (20 el nem k\u00f6lt\u00f6tt)<\/p>\n\n\n\n<ul><li>G\u00e9pfegyver lvl 3<br><sup>X2 Power vs Flamed specializ\u00e1ci\u00f3<\/sup><\/li><li>\u00c1gy\u00fa lvl 3<\/li><li>Bomba lvl 3<\/li><li>Flamer lvl 3<\/li><li>Comms lvl 3<br><sup>Fokozott \u00e9rdekl\u0151d\u00e9si specializ\u00e1ci\u00f3<\/sup><\/li><li>Rak\u00e9ta lvl 3<\/li><li>L\u00e9gellenes lvl 3<\/li><\/ul>\n\n\n\n<hr class=\"wp-block-separator is-style-wide\"\/>\n\n\n\n<h3 class=\"wp-block-heading\">A k\u00fcldet\u00e9shez haszn\u00e1lt juttat\u00e1sok:<\/h3>\n\n\n\n<ul><li>Ironback II<\/li><li>Sasszem II<\/li><li>Phantom Strike<\/li><\/ul>\n\n\n\n<p>Ez az els\u0151 k\u00fcldet\u00e9s, ahol az elej\u00e9n nem fogjuk a Greenback-et plusz p\u00e9nz fogad\u00e1s\u00e1ra haszn\u00e1lni, mivel a p\u00e9nzeszk\u00f6z\u00f6k ez\u00fattal kev\u00e9sb\u00e9 k\u00e9rd\u00e9sesek. Ehelyett azt a c\u00e9lt v\u00e1lasztjuk, hogy seg\u00edtsen egyszerre t\u00f6bb utat lefedni ugyanazokkal a tornyokkal \u00e9s az Ironback-szel, hogy \u00e9letben tartsuk \u0151ket az ellens\u00e9g \u00e1ltal itt kiosztott hatalmas t\u0171zer\u0151 alatt. A Phantom Strike tov\u00e1bbra is hasznos, mint kor\u00e1bban ugyanazon okok miatt.<\/p>\n\n\n\n<hr class=\"wp-block-separator is-style-wide\"\/>\n\n\n\n<h3 class=\"wp-block-heading\">Rejtett c\u00e9l<\/h3>\n\n\n\n<p>Ebben az ellent\u00e1mad\u00e1sban nincs rejtett c\u00e9lpont, mivel technikailag m\u00e1r legut\u00f3bb itt voltunk.<\/p>\n\n\n\n<hr class=\"wp-block-separator is-style-wide\"\/>\n\n\n\n<h3 class=\"wp-block-heading\">Torony elhelyez\u00e9se<\/h3>\n\n\n\n<figure class=\"wp-block-gallery aligncenter columns-2 wp-block-gallery-1 is-layout-flex wp-block-gallery-is-layout-flex\"><ul class=\"blocks-gallery-grid\"><li class=\"blocks-gallery-item\"><figure><a href=\"https:\/\/ibomberdefensepacific.standardof.net\/hu\/guide\/kampany-kuldetes-16-truk-laguna-ellentamadas\/ibomber-defense-pacific-campaign-mission-16-truk-lagoon-2\/\"><img decoding=\"async\" width=\"800\" height=\"500\" src=\"https:\/\/ibomberdefensepacific.standardof.net\/wp-content\/uploads\/sites\/6\/2020\/10\/iBomber-Defense-Pacific-Campaign-Mission-16-Truk-Lagoon-2-800x500.jpg\" alt=\"&quot;iBomber Defense Pacific&quot; - 16. kamp\u00e1nymisszi\u00f3 - &quot;Truki lag\u00fana&quot; (2)\" data-id=\"112\" data-full-url=\"https:\/\/ibomberdefensepacific.standardof.net\/wp-content\/uploads\/sites\/6\/2020\/10\/iBomber-Defense-Pacific-Campaign-Mission-16-Truk-Lagoon-2.jpg\" data-link=\"https:\/\/ibomberdefensepacific.standardof.net\/guide\/campaign-mission-16-truk-lagoon-counterattack\/ibomber-defense-pacific-campaign-mission-16-truk-lagoon-2\/\" class=\"wp-image-112\" srcset=\"https:\/\/ibomberdefensepacific.standardof.net\/wp-content\/uploads\/sites\/6\/2020\/10\/iBomber-Defense-Pacific-Campaign-Mission-16-Truk-Lagoon-2-800x500.jpg 800w, https:\/\/ibomberdefensepacific.standardof.net\/wp-content\/uploads\/sites\/6\/2020\/10\/iBomber-Defense-Pacific-Campaign-Mission-16-Truk-Lagoon-2-512x320.jpg 512w, https:\/\/ibomberdefensepacific.standardof.net\/wp-content\/uploads\/sites\/6\/2020\/10\/iBomber-Defense-Pacific-Campaign-Mission-16-Truk-Lagoon-2-200x125.jpg 200w, https:\/\/ibomberdefensepacific.standardof.net\/wp-content\/uploads\/sites\/6\/2020\/10\/iBomber-Defense-Pacific-Campaign-Mission-16-Truk-Lagoon-2-768x480.jpg 768w, https:\/\/ibomberdefensepacific.standardof.net\/wp-content\/uploads\/sites\/6\/2020\/10\/iBomber-Defense-Pacific-Campaign-Mission-16-Truk-Lagoon-2-16x10.jpg 16w, https:\/\/ibomberdefensepacific.standardof.net\/wp-content\/uploads\/sites\/6\/2020\/10\/iBomber-Defense-Pacific-Campaign-Mission-16-Truk-Lagoon-2.jpg 1280w\" sizes=\"(max-width: 800px) 100vw, 800px\" \/><\/a><figcaption class=\"blocks-gallery-item__caption\">1. hull\u00e1m torony elhelyez\u00e9se.<\/figcaption><\/figure><\/li><li class=\"blocks-gallery-item\"><figure><a href=\"https:\/\/ibomberdefensepacific.standardof.net\/hu\/guide\/kampany-kuldetes-16-truk-laguna-ellentamadas\/ibomber-defense-pacific-campaign-mission-16-truk-lagoon-3\/\"><img decoding=\"async\" width=\"800\" height=\"500\" src=\"https:\/\/ibomberdefensepacific.standardof.net\/wp-content\/uploads\/sites\/6\/2020\/10\/iBomber-Defense-Pacific-Campaign-Mission-16-Truk-Lagoon-3-800x500.jpg\" alt=\"&quot;iBomber Defense Pacific&quot; - 16. kamp\u00e1nymisszi\u00f3 - &quot;Truki lag\u00fana&quot; (3)\" data-id=\"113\" data-full-url=\"https:\/\/ibomberdefensepacific.standardof.net\/wp-content\/uploads\/sites\/6\/2020\/10\/iBomber-Defense-Pacific-Campaign-Mission-16-Truk-Lagoon-3.jpg\" data-link=\"https:\/\/ibomberdefensepacific.standardof.net\/guide\/campaign-mission-16-truk-lagoon-counterattack\/ibomber-defense-pacific-campaign-mission-16-truk-lagoon-3\/\" class=\"wp-image-113\" srcset=\"https:\/\/ibomberdefensepacific.standardof.net\/wp-content\/uploads\/sites\/6\/2020\/10\/iBomber-Defense-Pacific-Campaign-Mission-16-Truk-Lagoon-3-800x500.jpg 800w, https:\/\/ibomberdefensepacific.standardof.net\/wp-content\/uploads\/sites\/6\/2020\/10\/iBomber-Defense-Pacific-Campaign-Mission-16-Truk-Lagoon-3-512x320.jpg 512w, https:\/\/ibomberdefensepacific.standardof.net\/wp-content\/uploads\/sites\/6\/2020\/10\/iBomber-Defense-Pacific-Campaign-Mission-16-Truk-Lagoon-3-200x125.jpg 200w, https:\/\/ibomberdefensepacific.standardof.net\/wp-content\/uploads\/sites\/6\/2020\/10\/iBomber-Defense-Pacific-Campaign-Mission-16-Truk-Lagoon-3-768x480.jpg 768w, https:\/\/ibomberdefensepacific.standardof.net\/wp-content\/uploads\/sites\/6\/2020\/10\/iBomber-Defense-Pacific-Campaign-Mission-16-Truk-Lagoon-3-16x10.jpg 16w, https:\/\/ibomberdefensepacific.standardof.net\/wp-content\/uploads\/sites\/6\/2020\/10\/iBomber-Defense-Pacific-Campaign-Mission-16-Truk-Lagoon-3.jpg 1280w\" sizes=\"(max-width: 800px) 100vw, 800px\" \/><\/a><figcaption class=\"blocks-gallery-item__caption\">5. hull\u00e1m<\/figcaption><\/figure><\/li><\/ul><\/figure>\n\n\n\n<p>Fegyver\u00e9nek Truk-lag\u00fan\u00e1ba helyez\u00e9se el\u0151sz\u00f6r a k\u00f6zponti sziget meger\u0151s\u00edt\u00e9s\u00e9b\u0151l \u00e1ll, ha marad m\u00e9g friss\u00edt\u00e9s, miut\u00e1n elv\u00e9gezte a kezd\u0151 bomb\u00e1z\u00f3 t\u00e1mad\u00e1s \u00e1ltal elszenvedett k\u00e1rok kijav\u00edt\u00e1s\u00e1t. Ut\u00e1na \u00e1gy\u00fasorok \u00e9p\u00edt\u00e9s\u00e9n kell dolgoznia, amelyeket a d\u00e9li \u00e9s az \u00e9szaki fel\u00e9p\u00edthet\u0151 cser\u00e9p ment\u00e9n h\u00faz\u00f3d\u00f3 vessz\u0151k t\u00e1masztanak al\u00e1, az alapt\u00f3l kifel\u00e9 haladva.<\/p>\n\n\n\n<p>A szint lej\u00e1rta el\u0151tt itt elengedhetetlen lesz egy m\u00e1sik AA szintre emelt szint, m\u00e9ghozz\u00e1 egy p\u00e1r l\u00e1ngtorony mellett, amely fedi a k\u00e9t \u00faj d\u00e9li haditenger\u00e9szeti egys\u00e9g \u00fatj\u00e1nak ny\u00edl\u00e1s\u00e1t. A bomb\u00e1k j\u00f3l j\u00f6nnek a kem\u00e9ny hull\u00e1mok gyors elpuszt\u00edt\u00e1s\u00e1hoz, az alkalmi besurran\u00f3 t\u00e1mad\u00e1sok kezel\u00e9s\u00e9hez, \u00e9s a kem\u00e9ny ellens\u00e9gek megakad\u00e1lyoz\u00e1s\u00e1hoz, hogy elcs\u00fasszanak a v\u00e9dekez\u00e9s mellett, amikor a dolgok kiss\u00e9 felpezsd\u00fclnek. Ne felejtsen el sz\u00fcnetet tartani a v\u00e9ge k\u00f6zel\u00e9ben, \u00e9s eladni a tornyokat, ha m\u00e1r majdnem meg\u00f6lte (vagy jobbra, amikor az utols\u00f3 csap\u00e1st m\u00e9ri) a 10. hull\u00e1m utols\u00f3 egys\u00e9g\u00e9t, hogy kiel\u00e9g\u00edtse a m\u00e1sodlagosat.<\/p>\n\n\n\n<figure class=\"wp-block-gallery aligncenter columns-1 wp-block-gallery-2 is-layout-flex wp-block-gallery-is-layout-flex\"><ul class=\"blocks-gallery-grid\"><li class=\"blocks-gallery-item\"><figure><a href=\"https:\/\/ibomberdefensepacific.standardof.net\/hu\/guide\/kampany-kuldetes-16-truk-laguna-ellentamadas\/ibomber-defense-pacific-campaign-mission-16-truk-lagoon-4\/\"><img decoding=\"async\" width=\"800\" height=\"500\" src=\"https:\/\/ibomberdefensepacific.standardof.net\/wp-content\/uploads\/sites\/6\/2020\/10\/iBomber-Defense-Pacific-Campaign-Mission-16-Truk-Lagoon-4-800x500.jpg\" alt=\"&quot;iBomber Defense Pacific&quot; - 16. kamp\u00e1nymisszi\u00f3 - &quot;Truki lag\u00fana&quot; (4)\" data-id=\"114\" data-full-url=\"https:\/\/ibomberdefensepacific.standardof.net\/wp-content\/uploads\/sites\/6\/2020\/10\/iBomber-Defense-Pacific-Campaign-Mission-16-Truk-Lagoon-4.jpg\" data-link=\"https:\/\/ibomberdefensepacific.standardof.net\/guide\/campaign-mission-16-truk-lagoon-counterattack\/ibomber-defense-pacific-campaign-mission-16-truk-lagoon-4\/\" class=\"wp-image-114\" srcset=\"https:\/\/ibomberdefensepacific.standardof.net\/wp-content\/uploads\/sites\/6\/2020\/10\/iBomber-Defense-Pacific-Campaign-Mission-16-Truk-Lagoon-4-800x500.jpg 800w, https:\/\/ibomberdefensepacific.standardof.net\/wp-content\/uploads\/sites\/6\/2020\/10\/iBomber-Defense-Pacific-Campaign-Mission-16-Truk-Lagoon-4-512x320.jpg 512w, https:\/\/ibomberdefensepacific.standardof.net\/wp-content\/uploads\/sites\/6\/2020\/10\/iBomber-Defense-Pacific-Campaign-Mission-16-Truk-Lagoon-4-200x125.jpg 200w, https:\/\/ibomberdefensepacific.standardof.net\/wp-content\/uploads\/sites\/6\/2020\/10\/iBomber-Defense-Pacific-Campaign-Mission-16-Truk-Lagoon-4-768x480.jpg 768w, https:\/\/ibomberdefensepacific.standardof.net\/wp-content\/uploads\/sites\/6\/2020\/10\/iBomber-Defense-Pacific-Campaign-Mission-16-Truk-Lagoon-4-16x10.jpg 16w, https:\/\/ibomberdefensepacific.standardof.net\/wp-content\/uploads\/sites\/6\/2020\/10\/iBomber-Defense-Pacific-Campaign-Mission-16-Truk-Lagoon-4.jpg 1280w\" sizes=\"(max-width: 800px) 100vw, 800px\" \/><\/a><figcaption class=\"blocks-gallery-item__caption\">10. hull\u00e1mtorony elhelyez\u00e9se a Truk-lag\u00fan\u00e1ban.<\/figcaption><\/figure><\/li><\/ul><\/figure>\n\n\n\n<hr class=\"wp-block-separator is-style-wide\"\/>\n\n\n\n<h3 class=\"has-text-align-center wp-block-heading\" id=\"4-veteran-difficulty-video-guide\">Veter\u00e1n Neh\u00e9zs\u00e9gi \u00fatmutat\u00f3 Vide\u00f3<\/h3>\n\n\n\n<figure class=\"wp-block-embed-youtube wp-block-embed is-type-video is-provider-youtube wp-embed-aspect-4-3 wp-has-aspect-ratio\"><div class=\"wp-block-embed__wrapper\">\n<div class=\"ast-oembed-container\" style=\"height: 100%;\"><iframe title=\"Truk lag\u00fana - M16 iBomber Defense Pacific - Veter\u00e1n telt h\u00e1z \u00e1ttekint\u00e9s\" width=\"500\" height=\"375\" src=\"https:\/\/www.youtube.com\/embed\/CfuNS7rK3Nc?feature=oembed\" frameborder=\"0\" allow=\"accelerometer; autoplay; clipboard-write; encrypted-media; gyroscope; picture-in-picture; web-share\" referrerpolicy=\"strict-origin-when-cross-origin\" allowfullscreen><\/iframe><\/div>\n<\/div><\/figure>","protected":false},"excerpt":{"rendered":"<p>Truk Lagoon: Ellent\u00e1mad\u00e1s V\u00e9dd Trukot a meglepet\u00e9sszer\u0171 ellens\u00e9ges ellent\u00e1mad\u00e1st\u00f3l. Itt az ideje, hogy visszat\u00e9rj r\u00e9gi b\u00e1zisodra a Hailstone hadm\u0171veletb\u0151l, \u00e9s j\u00f6jj vissza, hogy megk\u00fczdj \u00fajabb 10 l\u00e9gi \u00e9s haditenger\u00e9szeti egys\u00e9ggel. A t\u00e9rk\u00e9p alj\u00e1n k\u00e9t \u00faj \u00fatvonal ny\u00edlik meg, ahonnan a haditenger\u00e9szeti egys\u00e9gek megk\u00f6zel\u00edthetik, \u00edgy [\u2026]<\/p>","protected":false},"author":1,"featured_media":114,"parent":164,"menu_order":16,"comment_status":"open","ping_status":"closed","template":"","meta":{"_uag_custom_page_level_css":"","site-sidebar-layout":"default","site-content-layout":"default","ast-site-content-layout":"","site-content-style":"default","site-sidebar-style":"default","ast-global-header-display":"","ast-banner-title-visibility":"","ast-main-header-display":"","ast-hfb-above-header-display":"","ast-hfb-below-header-display":"","ast-hfb-mobile-header-display":"","site-post-title":"","ast-breadcrumbs-content":"","ast-featured-img":"","footer-sml-layout":"","theme-transparent-header-meta":"default","adv-header-id-meta":"","stick-header-meta":"","header-above-stick-meta":"","header-main-stick-meta":"","header-below-stick-meta":"","astra-migrate-meta-layouts":"default","ast-page-background-enabled":"default","ast-page-background-meta":{"desktop":{"background-color":"","background-image":"","background-repeat":"repeat","background-position":"center center","background-size":"auto","background-attachment":"scroll","background-type":"","background-media":"","overlay-type":"","overlay-color":"","overlay-gradient":""},"tablet":{"background-color":"","background-image":"","background-repeat":"repeat","background-position":"center center","background-size":"auto","background-attachment":"scroll","background-type":"","background-media":"","overlay-type":"","overlay-color":"","overlay-gradient":""},"mobile":{"background-color":"","background-image":"","background-repeat":"repeat","background-position":"center center","background-size":"auto","background-attachment":"scroll","background-type":"","background-media":"","overlay-type":"","overlay-color":"","overlay-gradient":""}},"ast-content-background-meta":{"desktop":{"background-color":"var(--ast-global-color-5)","background-image":"","background-repeat":"repeat","background-position":"center center","background-size":"auto","background-attachment":"scroll","background-type":"","background-media":"","overlay-type":"","overlay-color":"","overlay-gradient":""},"tablet":{"background-color":"var(--ast-global-color-5)","background-image":"","background-repeat":"repeat","background-position":"center center","background-size":"auto","background-attachment":"scroll","background-type":"","background-media":"","overlay-type":"","overlay-color":"","overlay-gradient":""},"mobile":{"background-color":"var(--ast-global-color-5)","background-image":"","background-repeat":"repeat","background-position":"center center","background-size":"auto","background-attachment":"scroll","background-type":"","background-media":"","overlay-type":"","overlay-color":"","overlay-gradient":""}},"footnotes":""},"uagb_featured_image_src":{"full":["https:\/\/ibomberdefensepacific.standardof.net\/wp-content\/uploads\/sites\/6\/2020\/10\/iBomber-Defense-Pacific-Campaign-Mission-16-Truk-Lagoon-4.jpg",1280,800,false],"thumbnail":["https:\/\/ibomberdefensepacific.standardof.net\/wp-content\/uploads\/sites\/6\/2020\/10\/iBomber-Defense-Pacific-Campaign-Mission-16-Truk-Lagoon-4-200x125.jpg",200,125,true],"medium":["https:\/\/ibomberdefensepacific.standardof.net\/wp-content\/uploads\/sites\/6\/2020\/10\/iBomber-Defense-Pacific-Campaign-Mission-16-Truk-Lagoon-4-512x320.jpg",512,320,true],"medium_large":["https:\/\/ibomberdefensepacific.standardof.net\/wp-content\/uploads\/sites\/6\/2020\/10\/iBomber-Defense-Pacific-Campaign-Mission-16-Truk-Lagoon-4-768x480.jpg",768,480,true],"large":["https:\/\/ibomberdefensepacific.standardof.net\/wp-content\/uploads\/sites\/6\/2020\/10\/iBomber-Defense-Pacific-Campaign-Mission-16-Truk-Lagoon-4-800x500.jpg",800,500,true],"1536x1536":["https:\/\/ibomberdefensepacific.standardof.net\/wp-content\/uploads\/sites\/6\/2020\/10\/iBomber-Defense-Pacific-Campaign-Mission-16-Truk-Lagoon-4.jpg",1280,800,false],"2048x2048":["https:\/\/ibomberdefensepacific.standardof.net\/wp-content\/uploads\/sites\/6\/2020\/10\/iBomber-Defense-Pacific-Campaign-Mission-16-Truk-Lagoon-4.jpg",1280,800,false],"trp-custom-language-flag":["https:\/\/ibomberdefensepacific.standardof.net\/wp-content\/uploads\/sites\/6\/2020\/10\/iBomber-Defense-Pacific-Campaign-Mission-16-Truk-Lagoon-4-16x10.jpg",16,10,true]},"uagb_author_info":{"display_name":"SOE","author_link":"https:\/\/ibomberdefensepacific.standardof.net\/hu\/author\/k-tastic\/"},"uagb_comment_info":0,"uagb_excerpt":"Truk Lagoon: Counterattack Protect Truk against the surprise enemy counterattack. It&#8217;s time to return to your old base from Operation Hailstone and come back to fight another 10 waves of air and naval units. There will be two new routes opened up at the bottom of the map for naval units to approach from, making&hellip;","_links":{"self":[{"href":"https:\/\/ibomberdefensepacific.standardof.net\/hu\/wp-json\/wp\/v2\/pages\/213"}],"collection":[{"href":"https:\/\/ibomberdefensepacific.standardof.net\/hu\/wp-json\/wp\/v2\/pages"}],"about":[{"href":"https:\/\/ibomberdefensepacific.standardof.net\/hu\/wp-json\/wp\/v2\/types\/page"}],"author":[{"embeddable":true,"href":"https:\/\/ibomberdefensepacific.standardof.net\/hu\/wp-json\/wp\/v2\/users\/1"}],"replies":[{"embeddable":true,"href":"https:\/\/ibomberdefensepacific.standardof.net\/hu\/wp-json\/wp\/v2\/comments?post=213"}],"version-history":[{"count":0,"href":"https:\/\/ibomberdefensepacific.standardof.net\/hu\/wp-json\/wp\/v2\/pages\/213\/revisions"}],"up":[{"embeddable":true,"href":"https:\/\/ibomberdefensepacific.standardof.net\/hu\/wp-json\/wp\/v2\/pages\/164"}],"wp:featuredmedia":[{"embeddable":true,"href":"https:\/\/ibomberdefensepacific.standardof.net\/hu\/wp-json\/wp\/v2\/media\/114"}],"wp:attachment":[{"href":"https:\/\/ibomberdefensepacific.standardof.net\/hu\/wp-json\/wp\/v2\/media?parent=213"}],"curies":[{"name":"wp","href":"https:\/\/api.w.org\/{rel}","templated":true}]}}