{"id":210,"date":"2020-10-21T13:34:20","date_gmt":"2020-10-21T13:34:20","guid":{"rendered":"https:\/\/ibomberdefensepacific.standardof.net\/?page_id=210"},"modified":"2020-10-21T17:22:16","modified_gmt":"2020-10-21T17:22:16","slug":"campaign-mission-13-tarawa-gilbert-islands","status":"publish","type":"page","link":"https:\/\/ibomberdefensepacific.standardof.net\/hu\/guide\/kampany-kuldetes-13-tarawa-gilbert-szigetek\/","title":{"rendered":"Kamp\u00e1nymisszi\u00f3 13: \u201eTarawa\u201d Gilbert-szigetek"},"content":{"rendered":"<h2 class=\"wp-block-heading\">Tarawa: Gilbert-szigetek<\/h2>\n\n\n\n<div class=\"wp-block-image\"><figure class=\"aligncenter size-large\"><a href=\"https:\/\/ibomberdefensepacific.standardof.net\/hu\/guide\/kampany-kuldetes-13-tarawa-gilbert-szigetek\/ibomber-defense-pacific-campaign-mission-13-tarawa-1-copy\/\"><img decoding=\"async\" width=\"800\" height=\"500\" src=\"https:\/\/ibomberdefensepacific.standardof.net\/wp-content\/uploads\/sites\/6\/2020\/10\/iBomber-Defense-Pacific-Campaign-Mission-13-Tarawa-1-copy-800x500.jpg\" alt=\"&quot;iBomber Defense Pacific&quot; - 13. kamp\u00e1ny misszi\u00f3 - &quot;Tarawa&quot; (1)\" class=\"wp-image-91\" srcset=\"https:\/\/ibomberdefensepacific.standardof.net\/wp-content\/uploads\/sites\/6\/2020\/10\/iBomber-Defense-Pacific-Campaign-Mission-13-Tarawa-1-copy-800x500.jpg 800w, https:\/\/ibomberdefensepacific.standardof.net\/wp-content\/uploads\/sites\/6\/2020\/10\/iBomber-Defense-Pacific-Campaign-Mission-13-Tarawa-1-copy-512x320.jpg 512w, https:\/\/ibomberdefensepacific.standardof.net\/wp-content\/uploads\/sites\/6\/2020\/10\/iBomber-Defense-Pacific-Campaign-Mission-13-Tarawa-1-copy-200x125.jpg 200w, https:\/\/ibomberdefensepacific.standardof.net\/wp-content\/uploads\/sites\/6\/2020\/10\/iBomber-Defense-Pacific-Campaign-Mission-13-Tarawa-1-copy-768x480.jpg 768w, https:\/\/ibomberdefensepacific.standardof.net\/wp-content\/uploads\/sites\/6\/2020\/10\/iBomber-Defense-Pacific-Campaign-Mission-13-Tarawa-1-copy-16x10.jpg 16w, https:\/\/ibomberdefensepacific.standardof.net\/wp-content\/uploads\/sites\/6\/2020\/10\/iBomber-Defense-Pacific-Campaign-Mission-13-Tarawa-1-copy.jpg 1280w\" sizes=\"(max-width: 800px) 100vw, 800px\" \/><\/a><figcaption>Az ellens\u00e9ges egys\u00e9gek \u00f6sv\u00e9nyei Tarav\u00e1ban, v\u00f6r\u00f6s sz\u00ednnel, leveg\u0151 k\u00e9k sz\u00ednnel.<\/figcaption><\/figure><\/div>\n\n\n\n<p><em>V\u00e9dje meg poz\u00edci\u00f3j\u00e1t a Gilbert-szigeteken, mivel t\u00e1mogat\u00e1sra lesz sz\u00fcks\u00e9ge a k\u00f6z\u00e9p-csendes-\u00f3ce\u00e1ni t\u00e9rs\u00e9g eg\u00e9sz ter\u00fclet\u00e9n zajl\u00f3 m\u0171veletekhez.<\/em><\/p>\n\n\n\n<p>Taraw\u00e1ban 26 f\u00f6ldi \u00e9s l\u00e9gi egys\u00e9g hull\u00e1m\u00e1val kell szemben\u00e9znie egy sivatagi st\u00edlus\u00fa t\u00e9rk\u00e9pen, tr\u00fckk\u00f6s \u00e9p\u00edt\u00e9si terekkel. N\u00e9gy k\u00fcl\u00f6nb\u00f6z\u0151 f\u0151 \u00fat sz\u00f6vi kett\u00e9 az utat k\u00f6zvetlen\u00fcl a b\u00e1zis el\u0151tt, korl\u00e1tozott lefedetts\u00e9ggel, hogy hat\u00e9konyan kezelje az ellens\u00e9get. Ennek \u00e9rdek\u00e9ben a v\u00e9delem az \u00e1llom\u00e1sod el\u0151tti utols\u00f3 szakaszra fog \u00f6sszpontos\u00edtani.<\/p>\n\n\n\n<p>Ez az \u00fatmutat\u00f3 kit\u00e9r arra, hogy mik\u00e9nt juthatunk telth\u00e1zhoz, amely minden \u00e9remmel \u00e9s 20 gy\u0151zelmi ponttal t\u00f6k\u00e9letes fordul\u00f3 a Tarawa szintj\u00e9n.<em> iBomber Defense Pacific<\/em> kamp\u00e1ny, a Veter\u00e1n neh\u00e9zs\u00e9geken j\u00e1tszott. Ezenk\u00edv\u00fcl ez a k\u00fcldet\u00e9s \u00fatmutat\u00f3 a m\u00e1sodlagos \u00e9s rejtett c\u00e9lokat, valamint egy \u00e1ttekint\u0151 vide\u00f3t tartalmaz.<\/p>\n\n\n\t\t\t\t<div class=\"wp-block-uagb-table-of-contents uagb-toc__align-left uagb-toc__columns-1  uagb-block-13850721\"\n\t\t\t\t\tdata-scroll= \"1\"\n\t\t\t\t\tdata-offset= \"30\"\n\t\t\t\t\tstyle=\"\"\n\t\t\t\t>\n\t\t\t\t<div class=\"uagb-toc__wrap\">\n\t\t\t\t\t\t<div class=\"uagb-toc__title\">\n\t\t\t\t\t\t\t\u00datmutat\u00f3 navig\u00e1ci\u00f3:\t\t\t\t\t\t<\/div>\n\t\t\t\t\t\t\t\t\t\t\t\t\t\t\t\t<div class=\"uagb-toc__list-wrap\">\n\t\t\t\t\t\t<ol class=\"uagb-toc__list\"><li class=\"uagb-toc__list\"><a href=\"#secondary-objective\" class=\"uagb-toc-link__trigger\">M\u00e1sodlagos c\u00e9l<\/a><li class=\"uagb-toc__list\"><a href=\"#perks-used-for-this-mission\" class=\"uagb-toc-link__trigger\">A k\u00fcldet\u00e9shez haszn\u00e1lt juttat\u00e1sok:<\/a><li class=\"uagb-toc__list\"><a href=\"#hidden-target\" class=\"uagb-toc-link__trigger\">Rejtett c\u00e9l<\/a><li class=\"uagb-toc__list\"><a href=\"#turret-placement\" class=\"uagb-toc-link__trigger\">Torony elhelyez\u00e9se<\/a><li class=\"uagb-toc__list\"><a href=\"#veteran-difficulty-video-guide\" class=\"uagb-toc-link__trigger\">Veter\u00e1n Neh\u00e9zs\u00e9gi \u00fatmutat\u00f3 Vide\u00f3<\/a><li class=\"uagb-toc__list\"><a href=\"#daredevil-achievement\" class=\"uagb-toc-link__trigger\">Daredevil Achievement<\/a><\/ol>\t\t\t\t\t<\/div>\n\t\t\t\t\t\t\t\t\t<\/div>\n\t\t\t\t<\/div>\n\t\t\t\n\n\n<hr class=\"wp-block-separator is-style-wide\"\/>\n\n\n\n<h3 class=\"wp-block-heading\">M\u00e1sodlagos c\u00e9l<\/h3>\n\n\n\n<p><em>A h\u00e1bor\u00fas er\u0151fesz\u00edt\u00e9sek forr\u00e1sa mindig alacsony. A lehet\u0151 legt\u00f6bb forr\u00e1st gy\u0171jtse \u00f6ssze a seg\u00edts\u00e9gny\u00fajt\u00e1s \u00e9rdek\u00e9ben.<\/em><\/p>\n\n\n\n<p>Ha eml\u00e9kszik az el\u0151z\u0151 k\u00fcldet\u00e9sre, ahol a szintet meghat\u00e1rozott \u00f6sszeg\u0171 p\u00e9nzzel kellett befejezn\u00fcnk, ez nagyj\u00e1b\u00f3l ugyanaz. Ne agg\u00f3djon az id\u0151 m\u00fal\u00e1s\u00e1val t\u00f6rt\u00e9n\u0151 megtakar\u00edt\u00e1s miatt, mert egyszer\u0171en sz\u00fcneteltethetj\u00fck a j\u00e1t\u00e9kot, mivel az utols\u00f3 hull\u00e1m utols\u00f3 ellens\u00e9ge megsemmis\u00fcl, \u00e9s annyi tornyot eladhatunk, amennyi a 300$ m\u00e1sodlagos c\u00e9lkit\u0171z\u00e9s teljes\u00edt\u00e9s\u00e9hez sz\u00fcks\u00e9ges.<\/p>\n\n\n\n<p><strong>Ell\u00e1t\u00f3 l\u00e1d\u00e1k:<\/strong> 6.<\/p>\n\n\n\n<p><strong>Eddigi gy\u0151zelmi pontok:<\/strong> 240<\/p>\n\n\n\n<ul><li>G\u00e9pfegyver lvl 3<br><sup>X2 Power vs Flamed specializ\u00e1ci\u00f3<\/sup><\/li><li>\u00c1gy\u00fa lvl 3<\/li><li>Bomba lvl 3<\/li><li>Flamer lvl 3<\/li><li>Comms lvl 3<br><sup>Fokozott \u00e9rdekl\u0151d\u00e9si specializ\u00e1ci\u00f3<\/sup><\/li><li>Rak\u00e9ta lvl 2<\/li><li>Leveg\u0151ellenes lvl 2<\/li><\/ul>\n\n\n\n<hr class=\"wp-block-separator is-style-wide\"\/>\n\n\n\n<h3 class=\"wp-block-heading\">A k\u00fcldet\u00e9shez haszn\u00e1lt juttat\u00e1sok:<\/h3>\n\n\n\n<ul><li>Greenback II<\/li><li>Sasszem II<\/li><li>Gyors ujjak<\/li><\/ul>\n\n\n\n<p>A Fast Fingers seg\u00edt abban, hogy a k\u00e1rok \u00f6sszess\u00e9ge olyan szinten legyen, amire nagy sz\u00fcks\u00e9ge van, m\u00edg a Greenback seg\u00edt a korl\u00e1tozott p\u00e9nzeszk\u00f6z\u00f6kkel kapcsolatos probl\u00e9m\u00e1k megold\u00e1s\u00e1ban. A Sasszem lehet\u0151v\u00e9 teszi, hogy a tornyok hat\u00e9konyabban fedj\u00e9k le a k\u00ednos megk\u00f6zel\u00edt\u00e9seket.<\/p>\n\n\n\n<hr class=\"wp-block-separator is-style-wide\"\/>\n\n\n\n<h3 class=\"wp-block-heading\">Rejtett c\u00e9l<\/h3>\n\n\n\n<p>A rejtett c\u00e9lpontnak a sz\u00fcrke toronynak kell lennie, amely a b\u00e1zis jobb als\u00f3 sark\u00e1ban tal\u00e1lhat\u00f3.<\/p>\n\n\n\n<p>MEGJEGYZ\u00c9S: Megtal\u00e1ltam ezt, \u00e9s k\u00e9s\u0151bb elfelejtettem, melyik \u00e9p\u00fclet volt; Biztos vagyok benne, hogy ez a torony, de ha valaki meg tudja er\u0151s\u00edteni ezt a megjegyz\u00e9sekben, itt hagyok neked k\u00f6sz\u00f6n\u0151levelet.<\/p>\n\n\n\n<div class=\"wp-block-image\"><figure class=\"aligncenter size-large\"><a href=\"https:\/\/ibomberdefensepacific.standardof.net\/hu\/guide\/kampany-kuldetes-13-tarawa-gilbert-szigetek\/ibomber-defense-pacific-campaign-mission-13-tarawa-2\/\"><img decoding=\"async\" width=\"265\" height=\"224\" src=\"https:\/\/ibomberdefensepacific.standardof.net\/wp-content\/uploads\/sites\/6\/2020\/10\/iBomber-Defense-Pacific-Campaign-Mission-13-Tarawa-2.jpg\" alt=\"&quot;iBomber Defense Pacific&quot; - 13. kamp\u00e1nymisszi\u00f3 - &quot;Tarawa&quot; (2)\" class=\"wp-image-92\" srcset=\"https:\/\/ibomberdefensepacific.standardof.net\/wp-content\/uploads\/sites\/6\/2020\/10\/iBomber-Defense-Pacific-Campaign-Mission-13-Tarawa-2.jpg 265w, https:\/\/ibomberdefensepacific.standardof.net\/wp-content\/uploads\/sites\/6\/2020\/10\/iBomber-Defense-Pacific-Campaign-Mission-13-Tarawa-2-200x169.jpg 200w, https:\/\/ibomberdefensepacific.standardof.net\/wp-content\/uploads\/sites\/6\/2020\/10\/iBomber-Defense-Pacific-Campaign-Mission-13-Tarawa-2-14x12.jpg 14w\" sizes=\"(max-width: 265px) 100vw, 265px\" \/><\/a><figcaption>A rejtett c\u00e9lpont: sz\u00fcrke torony a b\u00e1zis jobb als\u00f3 sark\u00e1ban.<\/figcaption><\/figure><\/div>\n\n\n\n<hr class=\"wp-block-separator is-style-wide\"\/>\n\n\n\n<h3 class=\"wp-block-heading\">Torony elhelyez\u00e9se<\/h3>\n\n\n\n<figure class=\"wp-block-gallery columns-2 is-cropped wp-block-gallery-1 is-layout-flex wp-block-gallery-is-layout-flex\"><ul class=\"blocks-gallery-grid\"><li class=\"blocks-gallery-item\"><figure><a href=\"https:\/\/ibomberdefensepacific.standardof.net\/hu\/guide\/kampany-kuldetes-13-tarawa-gilbert-szigetek\/ibomber-defense-pacific-campaign-mission-13-tarawa-3\/\"><img decoding=\"async\" width=\"800\" height=\"500\" src=\"https:\/\/ibomberdefensepacific.standardof.net\/wp-content\/uploads\/sites\/6\/2020\/10\/iBomber-Defense-Pacific-Campaign-Mission-13-Tarawa-3-800x500.jpg\" alt=\"&quot;iBomber Defense Pacific&quot; - 13. kamp\u00e1nymisszi\u00f3 - &quot;Tarawa&quot; (3)\" data-id=\"93\" data-full-url=\"https:\/\/ibomberdefensepacific.standardof.net\/wp-content\/uploads\/sites\/6\/2020\/10\/iBomber-Defense-Pacific-Campaign-Mission-13-Tarawa-3.jpg\" data-link=\"https:\/\/ibomberdefensepacific.standardof.net\/guide\/campaign-mission-13-tarawa-gilbert-islands\/ibomber-defense-pacific-campaign-mission-13-tarawa-3\/\" class=\"wp-image-93\" srcset=\"https:\/\/ibomberdefensepacific.standardof.net\/wp-content\/uploads\/sites\/6\/2020\/10\/iBomber-Defense-Pacific-Campaign-Mission-13-Tarawa-3-800x500.jpg 800w, https:\/\/ibomberdefensepacific.standardof.net\/wp-content\/uploads\/sites\/6\/2020\/10\/iBomber-Defense-Pacific-Campaign-Mission-13-Tarawa-3-512x320.jpg 512w, https:\/\/ibomberdefensepacific.standardof.net\/wp-content\/uploads\/sites\/6\/2020\/10\/iBomber-Defense-Pacific-Campaign-Mission-13-Tarawa-3-200x125.jpg 200w, https:\/\/ibomberdefensepacific.standardof.net\/wp-content\/uploads\/sites\/6\/2020\/10\/iBomber-Defense-Pacific-Campaign-Mission-13-Tarawa-3-768x480.jpg 768w, https:\/\/ibomberdefensepacific.standardof.net\/wp-content\/uploads\/sites\/6\/2020\/10\/iBomber-Defense-Pacific-Campaign-Mission-13-Tarawa-3-16x10.jpg 16w, https:\/\/ibomberdefensepacific.standardof.net\/wp-content\/uploads\/sites\/6\/2020\/10\/iBomber-Defense-Pacific-Campaign-Mission-13-Tarawa-3.jpg 1280w\" sizes=\"(max-width: 800px) 100vw, 800px\" \/><\/a><figcaption class=\"blocks-gallery-item__caption\">A 7. hull\u00e1m torony elhelyez\u00e9se Taraw\u00e1ban.<\/figcaption><\/figure><\/li><li class=\"blocks-gallery-item\"><figure><a href=\"https:\/\/ibomberdefensepacific.standardof.net\/hu\/guide\/kampany-kuldetes-13-tarawa-gilbert-szigetek\/ibomber-defense-pacific-campaign-mission-13-tarawa-4\/\"><img decoding=\"async\" width=\"800\" height=\"500\" src=\"https:\/\/ibomberdefensepacific.standardof.net\/wp-content\/uploads\/sites\/6\/2020\/10\/iBomber-Defense-Pacific-Campaign-Mission-13-Tarawa-4-800x500.jpg\" alt=\"&quot;iBomber Defense Pacific&quot; - 13. kamp\u00e1nymisszi\u00f3 - &quot;Tarawa&quot; (4)\" data-id=\"94\" data-full-url=\"https:\/\/ibomberdefensepacific.standardof.net\/wp-content\/uploads\/sites\/6\/2020\/10\/iBomber-Defense-Pacific-Campaign-Mission-13-Tarawa-4.jpg\" data-link=\"https:\/\/ibomberdefensepacific.standardof.net\/guide\/campaign-mission-13-tarawa-gilbert-islands\/ibomber-defense-pacific-campaign-mission-13-tarawa-4\/\" class=\"wp-image-94\" srcset=\"https:\/\/ibomberdefensepacific.standardof.net\/wp-content\/uploads\/sites\/6\/2020\/10\/iBomber-Defense-Pacific-Campaign-Mission-13-Tarawa-4-800x500.jpg 800w, https:\/\/ibomberdefensepacific.standardof.net\/wp-content\/uploads\/sites\/6\/2020\/10\/iBomber-Defense-Pacific-Campaign-Mission-13-Tarawa-4-512x320.jpg 512w, https:\/\/ibomberdefensepacific.standardof.net\/wp-content\/uploads\/sites\/6\/2020\/10\/iBomber-Defense-Pacific-Campaign-Mission-13-Tarawa-4-200x125.jpg 200w, https:\/\/ibomberdefensepacific.standardof.net\/wp-content\/uploads\/sites\/6\/2020\/10\/iBomber-Defense-Pacific-Campaign-Mission-13-Tarawa-4-768x480.jpg 768w, https:\/\/ibomberdefensepacific.standardof.net\/wp-content\/uploads\/sites\/6\/2020\/10\/iBomber-Defense-Pacific-Campaign-Mission-13-Tarawa-4-16x10.jpg 16w, https:\/\/ibomberdefensepacific.standardof.net\/wp-content\/uploads\/sites\/6\/2020\/10\/iBomber-Defense-Pacific-Campaign-Mission-13-Tarawa-4.jpg 1280w\" sizes=\"(max-width: 800px) 100vw, 800px\" \/><\/a><figcaption class=\"blocks-gallery-item__caption\">14. hull\u00e1m.<\/figcaption><\/figure><\/li><\/ul><\/figure>\n\n\n\n<p>A torony elhelyez\u00e9se teljes eg\u00e9sz\u00e9ben a meg\u00e9p\u00edthet\u0151 f\u00f6ldter\u00fclet utols\u00f3 szakasz\u00e1ra \u00f6sszpontos\u00edt, m\u00e9g miel\u0151tt az ellens\u00e9ges hull\u00e1mutak eljutn\u00e1nak a b\u00e1zisodra, mivel ezek eg\u00e9szen addig nem konverg\u00e1lnak, ami miatt a tornyok m\u00e1shova helyez\u00e9se az er\u0151forr\u00e1sok \u00e9s a rendelkez\u00e9sre \u00e1ll\u00f3 t\u0171zer\u0151 elvezet\u00e9s\u00e9t eredm\u00e9nyezi. Sz\u00fcks\u00e9g lesz n\u00e9h\u00e1ny bombatorn\u00e1ra a bal sz\u00e9len, mik\u00f6zben szabad helyet hagy egy olyan vessz\u0151s torony sz\u00e1m\u00e1ra, amely n\u00f6velheti a t\u00f6bbi tornyotok t\u00falnyom\u00f3 r\u00e9sz\u00e9t. Egy p\u00e1r l\u00e1ngol\u00f3ra is felt\u00e9tlen\u00fcl sz\u00fcks\u00e9g lesz. A tornyok, p\u00e9ld\u00e1ul a g\u00e9ppuska \u00e9s a rak\u00e9t\u00e1k \u00e1s\u00e1sa a megk\u00f6zel\u00edt\u00e9s k\u00e9t f\u0151 sz\u00f6ge ment\u00e9n jelent\u0151sen seg\u00edt.<\/p>\n\n\n\n<p>Egyetlen l\u00e9gv\u00e9delmi torony a k\u00fcldet\u00e9s nagy r\u00e9sz\u00e9ben el\u00e9g j\u00f3l \u00e1ll majd \u00d6nnek. R\u00f6videsen a szintre kell friss\u00edteni a 2. szintre (egyel\u0151re max.), De a legutols\u00f3 hull\u00e1mig nem lesz sz\u00fcks\u00e9g partnerre az els\u0151 szinten.<\/p>\n\n\n\n<p>Ne felejtse el azonnal sz\u00fcneteltetni a j\u00e1t\u00e9kot, amikor az utols\u00f3 ellens\u00e9ges egys\u00e9g megsemmis\u00fcl (kapcsolja gyorsan el\u0151re, \u00e9s tartsa a kurzort a sz\u00fcnet gomb k\u00f6zel\u00e9ben) ahhoz, hogy elegend\u0151 tornyot adjon el a 300$ visszaszerz\u00e9s\u00e9hez, amire sz\u00fcks\u00e9ge van a m\u00e1sodlagos c\u00e9l el\u00e9r\u00e9s\u00e9hez.<\/p>\n\n\n\n<p>V\u00e9g\u00fcl az elhelyez\u00e9s kulcsfontoss\u00e1g\u00fa itt, ez\u00e9rt ne felejtse el ellen\u0151rizni a k\u00e9peket.<\/p>\n\n\n\n<figure class=\"wp-block-gallery columns-2 is-cropped wp-block-gallery-2 is-layout-flex wp-block-gallery-is-layout-flex\"><ul class=\"blocks-gallery-grid\"><li class=\"blocks-gallery-item\"><figure><a href=\"https:\/\/ibomberdefensepacific.standardof.net\/hu\/guide\/kampany-kuldetes-13-tarawa-gilbert-szigetek\/ibomber-defense-pacific-campaign-mission-13-tarawa-5\/\"><img decoding=\"async\" width=\"800\" height=\"500\" src=\"https:\/\/ibomberdefensepacific.standardof.net\/wp-content\/uploads\/sites\/6\/2020\/10\/iBomber-Defense-Pacific-Campaign-Mission-13-Tarawa-5-800x500.jpg\" alt=\"&quot;iBomber Defense Pacific&quot; - 13. kamp\u00e1nymisszi\u00f3 - &quot;Tarawa&quot; (5)\" data-id=\"95\" data-full-url=\"https:\/\/ibomberdefensepacific.standardof.net\/wp-content\/uploads\/sites\/6\/2020\/10\/iBomber-Defense-Pacific-Campaign-Mission-13-Tarawa-5.jpg\" data-link=\"https:\/\/ibomberdefensepacific.standardof.net\/guide\/campaign-mission-13-tarawa-gilbert-islands\/ibomber-defense-pacific-campaign-mission-13-tarawa-5\/\" class=\"wp-image-95\" srcset=\"https:\/\/ibomberdefensepacific.standardof.net\/wp-content\/uploads\/sites\/6\/2020\/10\/iBomber-Defense-Pacific-Campaign-Mission-13-Tarawa-5-800x500.jpg 800w, https:\/\/ibomberdefensepacific.standardof.net\/wp-content\/uploads\/sites\/6\/2020\/10\/iBomber-Defense-Pacific-Campaign-Mission-13-Tarawa-5-512x320.jpg 512w, https:\/\/ibomberdefensepacific.standardof.net\/wp-content\/uploads\/sites\/6\/2020\/10\/iBomber-Defense-Pacific-Campaign-Mission-13-Tarawa-5-200x125.jpg 200w, https:\/\/ibomberdefensepacific.standardof.net\/wp-content\/uploads\/sites\/6\/2020\/10\/iBomber-Defense-Pacific-Campaign-Mission-13-Tarawa-5-768x480.jpg 768w, https:\/\/ibomberdefensepacific.standardof.net\/wp-content\/uploads\/sites\/6\/2020\/10\/iBomber-Defense-Pacific-Campaign-Mission-13-Tarawa-5-16x10.jpg 16w, https:\/\/ibomberdefensepacific.standardof.net\/wp-content\/uploads\/sites\/6\/2020\/10\/iBomber-Defense-Pacific-Campaign-Mission-13-Tarawa-5.jpg 1280w\" sizes=\"(max-width: 800px) 100vw, 800px\" \/><\/a><figcaption class=\"blocks-gallery-item__caption\">21. hull\u00e1m<\/figcaption><\/figure><\/li><li class=\"blocks-gallery-item\"><figure><a href=\"https:\/\/ibomberdefensepacific.standardof.net\/hu\/guide\/kampany-kuldetes-13-tarawa-gilbert-szigetek\/ibomber-defense-pacific-campaign-mission-13-tarawa-6\/\"><img decoding=\"async\" width=\"800\" height=\"500\" src=\"https:\/\/ibomberdefensepacific.standardof.net\/wp-content\/uploads\/sites\/6\/2020\/10\/iBomber-Defense-Pacific-Campaign-Mission-13-Tarawa-6-800x500.jpg\" alt=\"&quot;iBomber Defense Pacific&quot; - 13. kamp\u00e1nymisszi\u00f3 - &quot;Tarawa&quot; (6)\" data-id=\"96\" data-full-url=\"https:\/\/ibomberdefensepacific.standardof.net\/wp-content\/uploads\/sites\/6\/2020\/10\/iBomber-Defense-Pacific-Campaign-Mission-13-Tarawa-6.jpg\" data-link=\"https:\/\/ibomberdefensepacific.standardof.net\/guide\/campaign-mission-13-tarawa-gilbert-islands\/ibomber-defense-pacific-campaign-mission-13-tarawa-6\/\" class=\"wp-image-96\" srcset=\"https:\/\/ibomberdefensepacific.standardof.net\/wp-content\/uploads\/sites\/6\/2020\/10\/iBomber-Defense-Pacific-Campaign-Mission-13-Tarawa-6-800x500.jpg 800w, https:\/\/ibomberdefensepacific.standardof.net\/wp-content\/uploads\/sites\/6\/2020\/10\/iBomber-Defense-Pacific-Campaign-Mission-13-Tarawa-6-512x320.jpg 512w, https:\/\/ibomberdefensepacific.standardof.net\/wp-content\/uploads\/sites\/6\/2020\/10\/iBomber-Defense-Pacific-Campaign-Mission-13-Tarawa-6-200x125.jpg 200w, https:\/\/ibomberdefensepacific.standardof.net\/wp-content\/uploads\/sites\/6\/2020\/10\/iBomber-Defense-Pacific-Campaign-Mission-13-Tarawa-6-768x480.jpg 768w, https:\/\/ibomberdefensepacific.standardof.net\/wp-content\/uploads\/sites\/6\/2020\/10\/iBomber-Defense-Pacific-Campaign-Mission-13-Tarawa-6-16x10.jpg 16w, https:\/\/ibomberdefensepacific.standardof.net\/wp-content\/uploads\/sites\/6\/2020\/10\/iBomber-Defense-Pacific-Campaign-Mission-13-Tarawa-6.jpg 1280w\" sizes=\"(max-width: 800px) 100vw, 800px\" \/><\/a><figcaption class=\"blocks-gallery-item__caption\">26. hull\u00e1m.<\/figcaption><\/figure><\/li><\/ul><\/figure>\n\n\n\n<hr class=\"wp-block-separator is-style-wide\"\/>\n\n\n\n<h3 class=\"has-text-align-center wp-block-heading\" id=\"4-veteran-difficulty-video-guide\">Veter\u00e1n Neh\u00e9zs\u00e9gi \u00fatmutat\u00f3 Vide\u00f3<\/h3>\n\n\n\n<figure class=\"wp-block-embed-youtube wp-block-embed is-type-video is-provider-youtube wp-embed-aspect-4-3 wp-has-aspect-ratio\"><div class=\"wp-block-embed__wrapper\">\n<div class=\"ast-oembed-container\" style=\"height: 100%;\"><iframe title=\"Tarawa - M13 iBomber Defense Pacific - Veter\u00e1n telt h\u00e1z \u00e1ttekint\u00e9s\" width=\"500\" height=\"375\" src=\"https:\/\/www.youtube.com\/embed\/SNsGQvz63ZY?feature=oembed\" frameborder=\"0\" allow=\"accelerometer; autoplay; clipboard-write; encrypted-media; gyroscope; picture-in-picture; web-share\" referrerpolicy=\"strict-origin-when-cross-origin\" allowfullscreen><\/iframe><\/div>\n<\/div><\/figure>\n\n\n\n<hr class=\"wp-block-separator is-style-wide\"\/>\n\n\n\n<h3 class=\"has-text-align-center wp-block-heading\" id=\"47217884_title\">Daredevil Achievement<\/h3>\n\n\n\n<p>Ehhez a k\u00fcldet\u00e9shez kapcsol\u00f3dik egy k\u00fcl\u00f6nleges eredm\u00e9ny, a Daredevil, amelyet \u00fagy szerezhet meg, hogy legy\u0151zi a k\u00fcldet\u00e9st an\u00e9lk\u00fcl, hogy b\u00e1rmilyen tov\u00e1bbfejlesztett tornyot haszn\u00e1lna. Mivel ehhez eg\u00e9szen m\u00e1s strat\u00e9gi\u00e1ra van sz\u00fcks\u00e9g, amely nagyobb kih\u00edv\u00e1st jelent a norm\u00e1ln\u00e1l, ehhez k\u00fcl\u00f6n \u00e1ttekint\u00e9st tal\u00e1lhat az al\u00e1bbi vide\u00f3 \u00fatmutat\u00f3ban.<\/p>\n\n\n\n<figure class=\"wp-block-embed-youtube wp-block-embed is-type-video is-provider-youtube wp-embed-aspect-16-9 wp-has-aspect-ratio\"><div class=\"wp-block-embed__wrapper\">\n<div class=\"ast-oembed-container\" style=\"height: 100%;\"><iframe title=\"Daredevil Achievement Guide - iBomber Defense Pacific - Veteran Perfect Walkthrough\" width=\"500\" height=\"281\" src=\"https:\/\/www.youtube.com\/embed\/GZN-vxWgRY8?feature=oembed\" frameborder=\"0\" allow=\"accelerometer; autoplay; clipboard-write; encrypted-media; gyroscope; picture-in-picture; web-share\" referrerpolicy=\"strict-origin-when-cross-origin\" allowfullscreen><\/iframe><\/div>\n<\/div><\/figure>","protected":false},"excerpt":{"rendered":"<p>Tarawa: Gilbert Islands Protect your position in the Gilbert Islands as you will need support for operations across the mid-pacific. In Tarawa, you will be facing 26 waves of ground and air units in a desert-style map with tricky building spaces. Four different main paths weave their way into two just before your base, with [&hellip;]<\/p>","protected":false},"author":1,"featured_media":96,"parent":164,"menu_order":13,"comment_status":"open","ping_status":"closed","template":"","meta":{"_uag_custom_page_level_css":"","site-sidebar-layout":"default","site-content-layout":"default","ast-site-content-layout":"","site-content-style":"default","site-sidebar-style":"default","ast-global-header-display":"","ast-banner-title-visibility":"","ast-main-header-display":"","ast-hfb-above-header-display":"","ast-hfb-below-header-display":"","ast-hfb-mobile-header-display":"","site-post-title":"","ast-breadcrumbs-content":"","ast-featured-img":"","footer-sml-layout":"","theme-transparent-header-meta":"default","adv-header-id-meta":"","stick-header-meta":"","header-above-stick-meta":"","header-main-stick-meta":"","header-below-stick-meta":"","astra-migrate-meta-layouts":"default","ast-page-background-enabled":"default","ast-page-background-meta":{"desktop":{"background-color":"","background-image":"","background-repeat":"repeat","background-position":"center center","background-size":"auto","background-attachment":"scroll","background-type":"","background-media":"","overlay-type":"","overlay-color":"","overlay-gradient":""},"tablet":{"background-color":"","background-image":"","background-repeat":"repeat","background-position":"center center","background-size":"auto","background-attachment":"scroll","background-type":"","background-media":"","overlay-type":"","overlay-color":"","overlay-gradient":""},"mobile":{"background-color":"","background-image":"","background-repeat":"repeat","background-position":"center center","background-size":"auto","background-attachment":"scroll","background-type":"","background-media":"","overlay-type":"","overlay-color":"","overlay-gradient":""}},"ast-content-background-meta":{"desktop":{"background-color":"var(--ast-global-color-5)","background-image":"","background-repeat":"repeat","background-position":"center center","background-size":"auto","background-attachment":"scroll","background-type":"","background-media":"","overlay-type":"","overlay-color":"","overlay-gradient":""},"tablet":{"background-color":"var(--ast-global-color-5)","background-image":"","background-repeat":"repeat","background-position":"center center","background-size":"auto","background-attachment":"scroll","background-type":"","background-media":"","overlay-type":"","overlay-color":"","overlay-gradient":""},"mobile":{"background-color":"var(--ast-global-color-5)","background-image":"","background-repeat":"repeat","background-position":"center center","background-size":"auto","background-attachment":"scroll","background-type":"","background-media":"","overlay-type":"","overlay-color":"","overlay-gradient":""}},"footnotes":""},"uagb_featured_image_src":{"full":["https:\/\/ibomberdefensepacific.standardof.net\/wp-content\/uploads\/sites\/6\/2020\/10\/iBomber-Defense-Pacific-Campaign-Mission-13-Tarawa-6.jpg",1280,800,false],"thumbnail":["https:\/\/ibomberdefensepacific.standardof.net\/wp-content\/uploads\/sites\/6\/2020\/10\/iBomber-Defense-Pacific-Campaign-Mission-13-Tarawa-6-200x125.jpg",200,125,true],"medium":["https:\/\/ibomberdefensepacific.standardof.net\/wp-content\/uploads\/sites\/6\/2020\/10\/iBomber-Defense-Pacific-Campaign-Mission-13-Tarawa-6-512x320.jpg",512,320,true],"medium_large":["https:\/\/ibomberdefensepacific.standardof.net\/wp-content\/uploads\/sites\/6\/2020\/10\/iBomber-Defense-Pacific-Campaign-Mission-13-Tarawa-6-768x480.jpg",768,480,true],"large":["https:\/\/ibomberdefensepacific.standardof.net\/wp-content\/uploads\/sites\/6\/2020\/10\/iBomber-Defense-Pacific-Campaign-Mission-13-Tarawa-6-800x500.jpg",800,500,true],"1536x1536":["https:\/\/ibomberdefensepacific.standardof.net\/wp-content\/uploads\/sites\/6\/2020\/10\/iBomber-Defense-Pacific-Campaign-Mission-13-Tarawa-6.jpg",1280,800,false],"2048x2048":["https:\/\/ibomberdefensepacific.standardof.net\/wp-content\/uploads\/sites\/6\/2020\/10\/iBomber-Defense-Pacific-Campaign-Mission-13-Tarawa-6.jpg",1280,800,false],"trp-custom-language-flag":["https:\/\/ibomberdefensepacific.standardof.net\/wp-content\/uploads\/sites\/6\/2020\/10\/iBomber-Defense-Pacific-Campaign-Mission-13-Tarawa-6-16x10.jpg",16,10,true]},"uagb_author_info":{"display_name":"SOE","author_link":"https:\/\/ibomberdefensepacific.standardof.net\/hu\/author\/k-tastic\/"},"uagb_comment_info":1,"uagb_excerpt":"Tarawa: Gilbert Islands Protect your position in the Gilbert Islands as you will need support for operations across the mid-pacific. In Tarawa, you will be facing 26 waves of ground and air units in a desert-style map with tricky building spaces. Four different main paths weave their way into two just before your base, with&hellip;","_links":{"self":[{"href":"https:\/\/ibomberdefensepacific.standardof.net\/hu\/wp-json\/wp\/v2\/pages\/210"}],"collection":[{"href":"https:\/\/ibomberdefensepacific.standardof.net\/hu\/wp-json\/wp\/v2\/pages"}],"about":[{"href":"https:\/\/ibomberdefensepacific.standardof.net\/hu\/wp-json\/wp\/v2\/types\/page"}],"author":[{"embeddable":true,"href":"https:\/\/ibomberdefensepacific.standardof.net\/hu\/wp-json\/wp\/v2\/users\/1"}],"replies":[{"embeddable":true,"href":"https:\/\/ibomberdefensepacific.standardof.net\/hu\/wp-json\/wp\/v2\/comments?post=210"}],"version-history":[{"count":0,"href":"https:\/\/ibomberdefensepacific.standardof.net\/hu\/wp-json\/wp\/v2\/pages\/210\/revisions"}],"up":[{"embeddable":true,"href":"https:\/\/ibomberdefensepacific.standardof.net\/hu\/wp-json\/wp\/v2\/pages\/164"}],"wp:featuredmedia":[{"embeddable":true,"href":"https:\/\/ibomberdefensepacific.standardof.net\/hu\/wp-json\/wp\/v2\/media\/96"}],"wp:attachment":[{"href":"https:\/\/ibomberdefensepacific.standardof.net\/hu\/wp-json\/wp\/v2\/media?parent=210"}],"curies":[{"name":"wp","href":"https:\/\/api.w.org\/{rel}","templated":true}]}}