{"id":209,"date":"2020-10-21T13:34:00","date_gmt":"2020-10-21T13:34:00","guid":{"rendered":"https:\/\/ibomberdefensepacific.standardof.net\/?page_id=209"},"modified":"2020-10-21T17:22:07","modified_gmt":"2020-10-21T17:22:07","slug":"campaign-mission-12-battle-of-tenaru-watchtower","status":"publish","type":"page","link":"https:\/\/ibomberdefensepacific.standardof.net\/hu\/guide\/hadjarat-misszio-12-tenaru-ortorony\/","title":{"rendered":"12. kamp\u00e1nymisszi\u00f3: \u201eTenaru csata\u201d \u0150rtorony"},"content":{"rendered":"<h2 class=\"wp-block-heading\">Tenaru csata: \u0150rtorony<\/h2>\n\n\n\n<div class=\"wp-block-image\"><figure class=\"aligncenter size-large\"><a href=\"https:\/\/ibomberdefensepacific.standardof.net\/hu\/guide\/hadjarat-misszio-12-tenaru-ortorony\/ibomber-defense-pacific-campaign-mission-12-battle-of-tenaru-1-copy\/\"><img decoding=\"async\" width=\"800\" height=\"500\" src=\"https:\/\/ibomberdefensepacific.standardof.net\/wp-content\/uploads\/sites\/6\/2020\/10\/iBomber-Defense-Pacific-Campaign-Mission-12-Battle-of-Tenaru-1-copy-800x500.jpg\" alt=\"&quot;iBomber Defense Pacific&quot; - 12. kamp\u00e1ny misszi\u00f3 - &quot;Tenarui csata&quot; (1)\" class=\"wp-image-86\" srcset=\"https:\/\/ibomberdefensepacific.standardof.net\/wp-content\/uploads\/sites\/6\/2020\/10\/iBomber-Defense-Pacific-Campaign-Mission-12-Battle-of-Tenaru-1-copy-800x500.jpg 800w, https:\/\/ibomberdefensepacific.standardof.net\/wp-content\/uploads\/sites\/6\/2020\/10\/iBomber-Defense-Pacific-Campaign-Mission-12-Battle-of-Tenaru-1-copy-512x320.jpg 512w, https:\/\/ibomberdefensepacific.standardof.net\/wp-content\/uploads\/sites\/6\/2020\/10\/iBomber-Defense-Pacific-Campaign-Mission-12-Battle-of-Tenaru-1-copy-200x125.jpg 200w, https:\/\/ibomberdefensepacific.standardof.net\/wp-content\/uploads\/sites\/6\/2020\/10\/iBomber-Defense-Pacific-Campaign-Mission-12-Battle-of-Tenaru-1-copy-768x480.jpg 768w, https:\/\/ibomberdefensepacific.standardof.net\/wp-content\/uploads\/sites\/6\/2020\/10\/iBomber-Defense-Pacific-Campaign-Mission-12-Battle-of-Tenaru-1-copy-16x10.jpg 16w, https:\/\/ibomberdefensepacific.standardof.net\/wp-content\/uploads\/sites\/6\/2020\/10\/iBomber-Defense-Pacific-Campaign-Mission-12-Battle-of-Tenaru-1-copy.jpg 1280w\" sizes=\"(max-width: 800px) 100vw, 800px\" \/><\/a><figcaption>Az ellens\u00e9g hull\u00e1mvonalakat vezet a Tenaru csata ellent\u00e1mad\u00e1s\u00e1ban. A piros vonalak a f\u00f6ldet mutatj\u00e1k, a k\u00e9k pedig a leveg\u0151t.<\/figcaption><\/figure><\/div>\n\n\n\n<p><em>V\u00e9dje meg a Salamon helyzet\u00e9t egy v\u00e1ratlan ellent\u00e1mad\u00e1s ellen.<\/em><\/p>\n\n\n\n<p>A Tenaru-i csat\u00e1ban visszat\u00e9r az el\u0151z\u0151 szintre <strong><a href=\"https:\/\/ibomberdefensepacific.standardof.net\/hu\/guide\/kampany-kuldetes-10-aligator-patak-ortorony\/\" class=\"rank-math-link\">Alig\u00e1tor patak<\/a><\/strong>, kieg\u00e9sz\u00edtve azokkal a tornyokkal, amelyek a k\u00fcldet\u00e9s v\u00e9g\u00e9n maradtak, hogy megvegyenek tov\u00e1bbi 15 vegyes f\u00f6ld \u00e9s leveg\u0151 hull\u00e1mot. Az egys\u00e9geidet a szint nyit\u00f3 pillanataiban bomb\u00e1zz\u00e1k, elpuszt\u00edtva azt a b\u00e1zist, amelynek v\u00e9delm\u00e9ben oly kem\u00e9nyen dolgozt\u00e1l a m\u00faltkor. Mindent azonnal jav\u00edtson meg.<\/p>\n\n\n\n<p>Ez az \u00fatmutat\u00f3 kit\u00e9r arra, hogy mik\u00e9nt juthatunk telth\u00e1zhoz, amely minden \u00e9remmel \u00e9s 20 gy\u0151zelmi ponttal t\u00f6k\u00e9letes fordul\u00f3 a Tenaru csata szintj\u00e9n. <em>iBomber Defense Pacific<\/em> kamp\u00e1ny, a Veter\u00e1n neh\u00e9zs\u00e9geken j\u00e1tszott. Ezenk\u00edv\u00fcl ez a k\u00fcldet\u00e9s \u00fatmutat\u00f3 a m\u00e1sodlagos \u00e9s rejtett c\u00e9lokat, valamint egy \u00e1ttekint\u0151 vide\u00f3t tartalmaz.<\/p>\n\n\n\t\t\t\t<div class=\"wp-block-uagb-table-of-contents uagb-toc__align-left uagb-toc__columns-1  uagb-block-96140d9f\"\n\t\t\t\t\tdata-scroll= \"1\"\n\t\t\t\t\tdata-offset= \"30\"\n\t\t\t\t\tstyle=\"\"\n\t\t\t\t>\n\t\t\t\t<div class=\"uagb-toc__wrap\">\n\t\t\t\t\t\t<div class=\"uagb-toc__title\">\n\t\t\t\t\t\t\t\u00datmutat\u00f3 navig\u00e1ci\u00f3:\t\t\t\t\t\t<\/div>\n\t\t\t\t\t\t\t\t\t\t\t\t\t\t\t\t<div class=\"uagb-toc__list-wrap\">\n\t\t\t\t\t\t<ol class=\"uagb-toc__list\"><li class=\"uagb-toc__list\"><a href=\"#secondary-objective\" class=\"uagb-toc-link__trigger\">M\u00e1sodlagos c\u00e9l<\/a><li class=\"uagb-toc__list\"><a href=\"#perks-used-for-this-mission\" class=\"uagb-toc-link__trigger\">A k\u00fcldet\u00e9shez haszn\u00e1lt juttat\u00e1sok:<\/a><li class=\"uagb-toc__list\"><a href=\"#hidden-target\" class=\"uagb-toc-link__trigger\">Rejtett c\u00e9l<\/a><li class=\"uagb-toc__list\"><a href=\"#turret-placement\" class=\"uagb-toc-link__trigger\">Torony elhelyez\u00e9se<\/a><li class=\"uagb-toc__list\"><a href=\"#veteran-difficulty-video-guide\" class=\"uagb-toc-link__trigger\">Veter\u00e1n Neh\u00e9zs\u00e9gi \u00fatmutat\u00f3 Vide\u00f3<\/a><\/ol>\t\t\t\t\t<\/div>\n\t\t\t\t\t\t\t\t\t<\/div>\n\t\t\t\t<\/div>\n\t\t\t\n\n\n<hr class=\"wp-block-separator is-style-wide\"\/>\n\n\n\n<h3 class=\"wp-block-heading\">M\u00e1sodlagos c\u00e9l<\/h3>\n\n\n\n<p><em>A ter\u00fcleten megn\u0151tt a jap\u00e1n l\u00e9ger\u0151. \u00c9p\u00edtsen AA tornyokat, hogy megv\u00e9dje helyzet\u00fcnket Guadalcanalon.<\/em><\/p>\n\n\n\n<p>Amint azt az eredeti hull\u00e1mk\u00e9szlet \u00fatmutat\u00f3j\u00e1ban eml\u00edtett\u00fck ezen a helyen, az alapjaihoz legk\u00f6zelebb es\u0151 6 helyet (az \u00f6sv\u00e9ny utols\u00f3 bitje ment\u00e9n) nyitva kell tartania az AA tornyok \u00e9p\u00edt\u00e9s\u00e9hez. El\u0151fordulhat, hogy el kell adnia n\u00e9h\u00e1ny tornyot, ha ide \u00e9p\u00fclt, mivel m\u00e1shov\u00e1 helyezve sajn\u00e1latos m\u00f3don kiteszi \u0151ket rendk\u00edv\u00fcli k\u00e1rok \u00e9s k\u00f6lts\u00e9ges jav\u00edt\u00e1si sz\u00e1ml\u00e1k miatt.<\/p>\n\n\n\n<p><strong>Ell\u00e1t\u00f3 l\u00e1d\u00e1k:<\/strong> egyik sem<\/p>\n\n\n\n<p><strong>Eddigi gy\u0151zelmi pontok:<\/strong> 220<\/p>\n\n\n\n<ul><li>G\u00e9pfegyver lvl 3<br><sup>X2 Power vs Flamed specializ\u00e1ci\u00f3<\/sup><\/li><li>\u00c1gy\u00fa lvl 3<\/li><li>Bomba lvl 3<\/li><li>Flamer lvl 3<\/li><li>Comms lvl 3<br><sup>Fokozott \u00e9rdekl\u0151d\u00e9si specializ\u00e1ci\u00f3<\/sup><\/li><li>Rak\u00e9ta lvl 1<\/li><\/ul>\n\n\n\n<hr class=\"wp-block-separator is-style-wide\"\/>\n\n\n\n<h3 class=\"wp-block-heading\">A k\u00fcldet\u00e9shez haszn\u00e1lt juttat\u00e1sok:<\/h3>\n\n\n\n<ul><li>Greenback II<\/li><li>Vash\u00e1t II<\/li><li>Gyors ujjak<\/li><\/ul>\n\n\n\n<p>Ez egy m\u00e1sik szint, ahol s\u00falyos k\u00e1rok keletkeznek a tornyokkal, ez\u00e1ltal az er\u0151s\u00edt\u00e9s val\u00f3di p\u00e9nzmegtakar\u00edt\u00f3v\u00e1 v\u00e1lik. A Fast Fingers n\u00f6veli az \u00e1ltal\u00e1nos sebz\u00e9st, ami hasznos lehet ezen a szinten er\u0151sen p\u00e1nc\u00e9lozott ellens\u00e9gekkel szemben.<\/p>\n\n\n\n<hr class=\"wp-block-separator is-style-wide\"\/>\n\n\n\n<h3 class=\"wp-block-heading\">Rejtett c\u00e9l<\/h3>\n\n\n\n<p>Az ellent\u00e1mad\u00e1sban nincs rejtett c\u00e9lpont.<\/p>\n\n\n\n<hr class=\"wp-block-separator is-style-wide\"\/>\n\n\n\n<h3 class=\"wp-block-heading\">Torony elhelyez\u00e9se<\/h3>\n\n\n\n<figure class=\"wp-block-gallery columns-2 is-cropped wp-block-gallery-1 is-layout-flex wp-block-gallery-is-layout-flex\"><ul class=\"blocks-gallery-grid\"><li class=\"blocks-gallery-item\"><figure><a href=\"https:\/\/ibomberdefensepacific.standardof.net\/hu\/guide\/hadjarat-misszio-12-tenaru-ortorony\/ibomber-defense-pacific-campaign-mission-12-battle-of-tenaru-2\/\"><img decoding=\"async\" width=\"800\" height=\"500\" src=\"https:\/\/ibomberdefensepacific.standardof.net\/wp-content\/uploads\/sites\/6\/2020\/10\/iBomber-Defense-Pacific-Campaign-Mission-12-Battle-of-Tenaru-2-800x500.jpg\" alt=\"&quot;iBomber Defense Pacific&quot; - 12. kamp\u00e1ny misszi\u00f3 - &quot;Tenaru csata&quot; (2)\" data-id=\"87\" data-full-url=\"https:\/\/ibomberdefensepacific.standardof.net\/wp-content\/uploads\/sites\/6\/2020\/10\/iBomber-Defense-Pacific-Campaign-Mission-12-Battle-of-Tenaru-2.jpg\" data-link=\"https:\/\/ibomberdefensepacific.standardof.net\/guide\/campaign-mission-12-battle-of-tenaru-watchtower\/ibomber-defense-pacific-campaign-mission-12-battle-of-tenaru-2\/\" class=\"wp-image-87\" srcset=\"https:\/\/ibomberdefensepacific.standardof.net\/wp-content\/uploads\/sites\/6\/2020\/10\/iBomber-Defense-Pacific-Campaign-Mission-12-Battle-of-Tenaru-2-800x500.jpg 800w, https:\/\/ibomberdefensepacific.standardof.net\/wp-content\/uploads\/sites\/6\/2020\/10\/iBomber-Defense-Pacific-Campaign-Mission-12-Battle-of-Tenaru-2-512x320.jpg 512w, https:\/\/ibomberdefensepacific.standardof.net\/wp-content\/uploads\/sites\/6\/2020\/10\/iBomber-Defense-Pacific-Campaign-Mission-12-Battle-of-Tenaru-2-200x125.jpg 200w, https:\/\/ibomberdefensepacific.standardof.net\/wp-content\/uploads\/sites\/6\/2020\/10\/iBomber-Defense-Pacific-Campaign-Mission-12-Battle-of-Tenaru-2-768x480.jpg 768w, https:\/\/ibomberdefensepacific.standardof.net\/wp-content\/uploads\/sites\/6\/2020\/10\/iBomber-Defense-Pacific-Campaign-Mission-12-Battle-of-Tenaru-2-16x10.jpg 16w, https:\/\/ibomberdefensepacific.standardof.net\/wp-content\/uploads\/sites\/6\/2020\/10\/iBomber-Defense-Pacific-Campaign-Mission-12-Battle-of-Tenaru-2.jpg 1280w\" sizes=\"(max-width: 800px) 100vw, 800px\" \/><\/a><figcaption class=\"blocks-gallery-item__caption\">Az elhelyez\u00e9s megkezd\u00e9se.<\/figcaption><\/figure><\/li><li class=\"blocks-gallery-item\"><figure><a href=\"https:\/\/ibomberdefensepacific.standardof.net\/hu\/guide\/hadjarat-misszio-12-tenaru-ortorony\/ibomber-defense-pacific-campaign-mission-12-battle-of-tenaru-3\/\"><img decoding=\"async\" width=\"800\" height=\"500\" src=\"https:\/\/ibomberdefensepacific.standardof.net\/wp-content\/uploads\/sites\/6\/2020\/10\/iBomber-Defense-Pacific-Campaign-Mission-12-Battle-of-Tenaru-3-800x500.jpg\" alt=\"&quot;iBomber Defense Pacific&quot; - 12. kamp\u00e1ny misszi\u00f3 - &quot;Tenarui csata&quot; (3)\" data-id=\"88\" data-full-url=\"https:\/\/ibomberdefensepacific.standardof.net\/wp-content\/uploads\/sites\/6\/2020\/10\/iBomber-Defense-Pacific-Campaign-Mission-12-Battle-of-Tenaru-3.jpg\" data-link=\"https:\/\/ibomberdefensepacific.standardof.net\/guide\/campaign-mission-12-battle-of-tenaru-watchtower\/ibomber-defense-pacific-campaign-mission-12-battle-of-tenaru-3\/\" class=\"wp-image-88\" srcset=\"https:\/\/ibomberdefensepacific.standardof.net\/wp-content\/uploads\/sites\/6\/2020\/10\/iBomber-Defense-Pacific-Campaign-Mission-12-Battle-of-Tenaru-3-800x500.jpg 800w, https:\/\/ibomberdefensepacific.standardof.net\/wp-content\/uploads\/sites\/6\/2020\/10\/iBomber-Defense-Pacific-Campaign-Mission-12-Battle-of-Tenaru-3-512x320.jpg 512w, https:\/\/ibomberdefensepacific.standardof.net\/wp-content\/uploads\/sites\/6\/2020\/10\/iBomber-Defense-Pacific-Campaign-Mission-12-Battle-of-Tenaru-3-200x125.jpg 200w, https:\/\/ibomberdefensepacific.standardof.net\/wp-content\/uploads\/sites\/6\/2020\/10\/iBomber-Defense-Pacific-Campaign-Mission-12-Battle-of-Tenaru-3-768x480.jpg 768w, https:\/\/ibomberdefensepacific.standardof.net\/wp-content\/uploads\/sites\/6\/2020\/10\/iBomber-Defense-Pacific-Campaign-Mission-12-Battle-of-Tenaru-3-16x10.jpg 16w, https:\/\/ibomberdefensepacific.standardof.net\/wp-content\/uploads\/sites\/6\/2020\/10\/iBomber-Defense-Pacific-Campaign-Mission-12-Battle-of-Tenaru-3.jpg 1280w\" sizes=\"(max-width: 800px) 100vw, 800px\" \/><\/a><figcaption class=\"blocks-gallery-item__caption\">5. hull\u00e1m.<\/figcaption><\/figure><\/li><\/ul><\/figure>\n\n\n\n<p>El\u0151sz\u00f6r is, gy\u0151z\u0151dj\u00f6n meg r\u00f3la, hogy gyorsan megn\u00e9zte a <strong><a href=\"https:\/\/ibomberdefensepacific.standardof.net\/hu\/guide\/kampany-kuldetes-10-aligator-patak-ortorony\/\" class=\"rank-math-link\">Alig\u00e1tor patak<\/a><\/strong> \u00fatmutat\u00f3, ha ezt m\u00e9g nem tette meg; sokat fog kapcsol\u00f3dni ehhez az \u00fatmutat\u00f3hoz, mivel a tornyok \u00e1tker\u00fclnek erre a szintre. Ez a k\u00fcldet\u00e9s f\u0151k\u00e9nt a hal\u00e1l folyos\u00f3j\u00e1nak jav\u00edt\u00e1s\u00e1ra \u00f6sszpontos\u00edt, amelyet kor\u00e1bban er\u0151sebb fegyverekkel hoztunk l\u00e9tre, mik\u00f6zben a k\u00f6zponti \u00f6sv\u00e9ny teteje k\u00f6zel\u00e9ben nyitva hagyott 6 szabad hely\u00fcnket l\u00e9gv\u00e9delmi tornyokkal eg\u00e9sz\u00edtett\u00fck ki. Adja el azt a g\u00e9ppuska-p\u00e1rt, amelyet a k\u00f6zponti \u00fat sz\u00e9l\u00e9re helyeztek, hogy megv\u00e9dje az ex-b\u00e1zist, amely kor\u00e1bban itt m\u00e1sodlagos c\u00e9l volt.<\/p>\n\n\n\n<p>Az els\u0151 2 AA toronynak azonnal le kell mennie, mivel az els\u0151 hull\u00e1mban leveg\u0151 j\u00f6n (term\u00e9szetesen amint mindent megjav\u00edtanak, term\u00e9szetesen). Az utols\u00f3 n\u00e9gynek fel kell mennie a 8. \u2013 10. Hull\u00e1mra, mivel a l\u00e9ger\u0151 addigra jelent\u0151sen er\u0151sebb lesz. Emellett pr\u00f3b\u00e1ljon meg sp\u00f3rolni egy kis p\u00e9nzt a kamat felhalmoz\u00e1sa \u00e9rdek\u00e9ben, \u00e9s t\u00e1guljon a folyos\u00f3n, \u00faj tornyokat k\u00e9sz\u00edtve az \u00f6sv\u00e9ny alja fel\u00e9, hogy fenntartsa a f\u00fcrt\u00f6s t\u0171zvonalat. V\u00e9g\u00fcl a rak\u00e9tatorn\u00e1kat be lehet \u00e1sni \u00e9s elhelyezni, hogy l\u0151jenek a sik\u00e1torban (ha m\u00e9g nem) komolyan s\u00falyos k\u00e1rok\u00e9rt.<\/p>\n\n\n\n<figure class=\"wp-block-gallery columns-2 is-cropped wp-block-gallery-2 is-layout-flex wp-block-gallery-is-layout-flex\"><ul class=\"blocks-gallery-grid\"><li class=\"blocks-gallery-item\"><figure><a href=\"https:\/\/ibomberdefensepacific.standardof.net\/hu\/guide\/hadjarat-misszio-12-tenaru-ortorony\/ibomber-defense-pacific-campaign-mission-12-battle-of-tenaru-4\/\"><img decoding=\"async\" width=\"800\" height=\"500\" src=\"https:\/\/ibomberdefensepacific.standardof.net\/wp-content\/uploads\/sites\/6\/2020\/10\/iBomber-Defense-Pacific-Campaign-Mission-12-Battle-of-Tenaru-4-800x500.jpg\" alt=\"&quot;iBomber Defense Pacific&quot; - 12. kamp\u00e1nymisszi\u00f3 - &quot;Tenarui csata&quot; (4)\" data-id=\"89\" data-full-url=\"https:\/\/ibomberdefensepacific.standardof.net\/wp-content\/uploads\/sites\/6\/2020\/10\/iBomber-Defense-Pacific-Campaign-Mission-12-Battle-of-Tenaru-4.jpg\" data-link=\"https:\/\/ibomberdefensepacific.standardof.net\/guide\/campaign-mission-12-battle-of-tenaru-watchtower\/ibomber-defense-pacific-campaign-mission-12-battle-of-tenaru-4\/\" class=\"wp-image-89\" srcset=\"https:\/\/ibomberdefensepacific.standardof.net\/wp-content\/uploads\/sites\/6\/2020\/10\/iBomber-Defense-Pacific-Campaign-Mission-12-Battle-of-Tenaru-4-800x500.jpg 800w, https:\/\/ibomberdefensepacific.standardof.net\/wp-content\/uploads\/sites\/6\/2020\/10\/iBomber-Defense-Pacific-Campaign-Mission-12-Battle-of-Tenaru-4-512x320.jpg 512w, https:\/\/ibomberdefensepacific.standardof.net\/wp-content\/uploads\/sites\/6\/2020\/10\/iBomber-Defense-Pacific-Campaign-Mission-12-Battle-of-Tenaru-4-200x125.jpg 200w, https:\/\/ibomberdefensepacific.standardof.net\/wp-content\/uploads\/sites\/6\/2020\/10\/iBomber-Defense-Pacific-Campaign-Mission-12-Battle-of-Tenaru-4-768x480.jpg 768w, https:\/\/ibomberdefensepacific.standardof.net\/wp-content\/uploads\/sites\/6\/2020\/10\/iBomber-Defense-Pacific-Campaign-Mission-12-Battle-of-Tenaru-4-16x10.jpg 16w, https:\/\/ibomberdefensepacific.standardof.net\/wp-content\/uploads\/sites\/6\/2020\/10\/iBomber-Defense-Pacific-Campaign-Mission-12-Battle-of-Tenaru-4.jpg 1280w\" sizes=\"(max-width: 800px) 100vw, 800px\" \/><\/a><figcaption class=\"blocks-gallery-item__caption\">10. hull\u00e1m torony elhelyez\u00e9se.<\/figcaption><\/figure><\/li><li class=\"blocks-gallery-item\"><figure><a href=\"https:\/\/ibomberdefensepacific.standardof.net\/hu\/guide\/hadjarat-misszio-12-tenaru-ortorony\/ibomber-defense-pacific-campaign-mission-12-battle-of-tenaru-5\/\"><img decoding=\"async\" width=\"800\" height=\"500\" src=\"https:\/\/ibomberdefensepacific.standardof.net\/wp-content\/uploads\/sites\/6\/2020\/10\/iBomber-Defense-Pacific-Campaign-Mission-12-Battle-of-Tenaru-5-800x500.jpg\" alt=\"&quot;iBomber Defense Pacific&quot; - 12. kamp\u00e1nymisszi\u00f3 - &quot;Tenarui csata&quot; (5)\" data-id=\"90\" data-full-url=\"https:\/\/ibomberdefensepacific.standardof.net\/wp-content\/uploads\/sites\/6\/2020\/10\/iBomber-Defense-Pacific-Campaign-Mission-12-Battle-of-Tenaru-5.jpg\" data-link=\"https:\/\/ibomberdefensepacific.standardof.net\/guide\/campaign-mission-12-battle-of-tenaru-watchtower\/ibomber-defense-pacific-campaign-mission-12-battle-of-tenaru-5\/\" class=\"wp-image-90\" srcset=\"https:\/\/ibomberdefensepacific.standardof.net\/wp-content\/uploads\/sites\/6\/2020\/10\/iBomber-Defense-Pacific-Campaign-Mission-12-Battle-of-Tenaru-5-800x500.jpg 800w, https:\/\/ibomberdefensepacific.standardof.net\/wp-content\/uploads\/sites\/6\/2020\/10\/iBomber-Defense-Pacific-Campaign-Mission-12-Battle-of-Tenaru-5-512x320.jpg 512w, https:\/\/ibomberdefensepacific.standardof.net\/wp-content\/uploads\/sites\/6\/2020\/10\/iBomber-Defense-Pacific-Campaign-Mission-12-Battle-of-Tenaru-5-200x125.jpg 200w, https:\/\/ibomberdefensepacific.standardof.net\/wp-content\/uploads\/sites\/6\/2020\/10\/iBomber-Defense-Pacific-Campaign-Mission-12-Battle-of-Tenaru-5-768x480.jpg 768w, https:\/\/ibomberdefensepacific.standardof.net\/wp-content\/uploads\/sites\/6\/2020\/10\/iBomber-Defense-Pacific-Campaign-Mission-12-Battle-of-Tenaru-5-16x10.jpg 16w, https:\/\/ibomberdefensepacific.standardof.net\/wp-content\/uploads\/sites\/6\/2020\/10\/iBomber-Defense-Pacific-Campaign-Mission-12-Battle-of-Tenaru-5.jpg 1280w\" sizes=\"(max-width: 800px) 100vw, 800px\" \/><\/a><figcaption class=\"blocks-gallery-item__caption\">15. hull\u00e1m.<\/figcaption><\/figure><\/li><\/ul><\/figure>\n\n\n\n<hr class=\"wp-block-separator is-style-wide\"\/>\n\n\n\n<h3 class=\"has-text-align-center wp-block-heading\" id=\"4-veteran-difficulty-video-guide\">Veter\u00e1n Neh\u00e9zs\u00e9gi \u00fatmutat\u00f3 Vide\u00f3<\/h3>\n\n\n\n<figure class=\"wp-block-embed-youtube wp-block-embed is-type-video is-provider-youtube wp-embed-aspect-4-3 wp-has-aspect-ratio\"><div class=\"wp-block-embed__wrapper\">\n<div class=\"ast-oembed-container\" style=\"height: 100%;\"><iframe title=\"Tenaru csata - M12 iBomber Defense Pacific - Veter\u00e1n telt h\u00e1z \u00e1ttekint\u00e9s\" width=\"500\" height=\"375\" src=\"https:\/\/www.youtube.com\/embed\/mcRYP73hcUY?feature=oembed\" frameborder=\"0\" allow=\"accelerometer; autoplay; clipboard-write; encrypted-media; gyroscope; picture-in-picture; web-share\" referrerpolicy=\"strict-origin-when-cross-origin\" allowfullscreen><\/iframe><\/div>\n<\/div><\/figure>","protected":false},"excerpt":{"rendered":"<p>Battle of Tenaru: Watchtower Protect your position in the Solomons against an unexpected counterattack. In Battle of Tenaru, you will be returning to the previous level of Alligator Creek, complete with the turrets you had leftover at the end of the mission, to fight another 15 waves of mixed ground and air. Your units will [&hellip;]<\/p>","protected":false},"author":1,"featured_media":90,"parent":164,"menu_order":12,"comment_status":"open","ping_status":"closed","template":"","meta":{"_uag_custom_page_level_css":"","site-sidebar-layout":"default","site-content-layout":"default","ast-site-content-layout":"","site-content-style":"default","site-sidebar-style":"default","ast-global-header-display":"","ast-banner-title-visibility":"","ast-main-header-display":"","ast-hfb-above-header-display":"","ast-hfb-below-header-display":"","ast-hfb-mobile-header-display":"","site-post-title":"","ast-breadcrumbs-content":"","ast-featured-img":"","footer-sml-layout":"","theme-transparent-header-meta":"default","adv-header-id-meta":"","stick-header-meta":"","header-above-stick-meta":"","header-main-stick-meta":"","header-below-stick-meta":"","astra-migrate-meta-layouts":"default","ast-page-background-enabled":"default","ast-page-background-meta":{"desktop":{"background-color":"","background-image":"","background-repeat":"repeat","background-position":"center center","background-size":"auto","background-attachment":"scroll","background-type":"","background-media":"","overlay-type":"","overlay-color":"","overlay-gradient":""},"tablet":{"background-color":"","background-image":"","background-repeat":"repeat","background-position":"center center","background-size":"auto","background-attachment":"scroll","background-type":"","background-media":"","overlay-type":"","overlay-color":"","overlay-gradient":""},"mobile":{"background-color":"","background-image":"","background-repeat":"repeat","background-position":"center center","background-size":"auto","background-attachment":"scroll","background-type":"","background-media":"","overlay-type":"","overlay-color":"","overlay-gradient":""}},"ast-content-background-meta":{"desktop":{"background-color":"var(--ast-global-color-5)","background-image":"","background-repeat":"repeat","background-position":"center center","background-size":"auto","background-attachment":"scroll","background-type":"","background-media":"","overlay-type":"","overlay-color":"","overlay-gradient":""},"tablet":{"background-color":"var(--ast-global-color-5)","background-image":"","background-repeat":"repeat","background-position":"center center","background-size":"auto","background-attachment":"scroll","background-type":"","background-media":"","overlay-type":"","overlay-color":"","overlay-gradient":""},"mobile":{"background-color":"var(--ast-global-color-5)","background-image":"","background-repeat":"repeat","background-position":"center center","background-size":"auto","background-attachment":"scroll","background-type":"","background-media":"","overlay-type":"","overlay-color":"","overlay-gradient":""}},"footnotes":""},"uagb_featured_image_src":{"full":["https:\/\/ibomberdefensepacific.standardof.net\/wp-content\/uploads\/sites\/6\/2020\/10\/iBomber-Defense-Pacific-Campaign-Mission-12-Battle-of-Tenaru-5.jpg",1280,800,false],"thumbnail":["https:\/\/ibomberdefensepacific.standardof.net\/wp-content\/uploads\/sites\/6\/2020\/10\/iBomber-Defense-Pacific-Campaign-Mission-12-Battle-of-Tenaru-5-200x125.jpg",200,125,true],"medium":["https:\/\/ibomberdefensepacific.standardof.net\/wp-content\/uploads\/sites\/6\/2020\/10\/iBomber-Defense-Pacific-Campaign-Mission-12-Battle-of-Tenaru-5-512x320.jpg",512,320,true],"medium_large":["https:\/\/ibomberdefensepacific.standardof.net\/wp-content\/uploads\/sites\/6\/2020\/10\/iBomber-Defense-Pacific-Campaign-Mission-12-Battle-of-Tenaru-5-768x480.jpg",768,480,true],"large":["https:\/\/ibomberdefensepacific.standardof.net\/wp-content\/uploads\/sites\/6\/2020\/10\/iBomber-Defense-Pacific-Campaign-Mission-12-Battle-of-Tenaru-5-800x500.jpg",800,500,true],"1536x1536":["https:\/\/ibomberdefensepacific.standardof.net\/wp-content\/uploads\/sites\/6\/2020\/10\/iBomber-Defense-Pacific-Campaign-Mission-12-Battle-of-Tenaru-5.jpg",1280,800,false],"2048x2048":["https:\/\/ibomberdefensepacific.standardof.net\/wp-content\/uploads\/sites\/6\/2020\/10\/iBomber-Defense-Pacific-Campaign-Mission-12-Battle-of-Tenaru-5.jpg",1280,800,false],"trp-custom-language-flag":["https:\/\/ibomberdefensepacific.standardof.net\/wp-content\/uploads\/sites\/6\/2020\/10\/iBomber-Defense-Pacific-Campaign-Mission-12-Battle-of-Tenaru-5-16x10.jpg",16,10,true]},"uagb_author_info":{"display_name":"SOE","author_link":"https:\/\/ibomberdefensepacific.standardof.net\/hu\/author\/k-tastic\/"},"uagb_comment_info":0,"uagb_excerpt":"Battle of Tenaru: Watchtower Protect your position in the Solomons against an unexpected counterattack. In Battle of Tenaru, you will be returning to the previous level of Alligator Creek, complete with the turrets you had leftover at the end of the mission, to fight another 15 waves of mixed ground and air. Your units will&hellip;","_links":{"self":[{"href":"https:\/\/ibomberdefensepacific.standardof.net\/hu\/wp-json\/wp\/v2\/pages\/209"}],"collection":[{"href":"https:\/\/ibomberdefensepacific.standardof.net\/hu\/wp-json\/wp\/v2\/pages"}],"about":[{"href":"https:\/\/ibomberdefensepacific.standardof.net\/hu\/wp-json\/wp\/v2\/types\/page"}],"author":[{"embeddable":true,"href":"https:\/\/ibomberdefensepacific.standardof.net\/hu\/wp-json\/wp\/v2\/users\/1"}],"replies":[{"embeddable":true,"href":"https:\/\/ibomberdefensepacific.standardof.net\/hu\/wp-json\/wp\/v2\/comments?post=209"}],"version-history":[{"count":0,"href":"https:\/\/ibomberdefensepacific.standardof.net\/hu\/wp-json\/wp\/v2\/pages\/209\/revisions"}],"up":[{"embeddable":true,"href":"https:\/\/ibomberdefensepacific.standardof.net\/hu\/wp-json\/wp\/v2\/pages\/164"}],"wp:featuredmedia":[{"embeddable":true,"href":"https:\/\/ibomberdefensepacific.standardof.net\/hu\/wp-json\/wp\/v2\/media\/90"}],"wp:attachment":[{"href":"https:\/\/ibomberdefensepacific.standardof.net\/hu\/wp-json\/wp\/v2\/media?parent=209"}],"curies":[{"name":"wp","href":"https:\/\/api.w.org\/{rel}","templated":true}]}}