{"id":208,"date":"2020-10-21T13:33:41","date_gmt":"2020-10-21T13:33:41","guid":{"rendered":"https:\/\/ibomberdefensepacific.standardof.net\/?page_id=208"},"modified":"2020-10-21T17:21:42","modified_gmt":"2020-10-21T17:21:42","slug":"campaign-mission-11-santa-cruz-sea-attack","status":"publish","type":"page","link":"https:\/\/ibomberdefensepacific.standardof.net\/hu\/guide\/kampany-kuldetes-11-santa-cruz-tengeri-tamadas\/","title":{"rendered":"11. kamp\u00e1nymisszi\u00f3: \u201eSanta Cruz\u201d tengeri t\u00e1mad\u00e1s!"},"content":{"rendered":"<h2 class=\"wp-block-heading\">Santa Cruz: Tengeri t\u00e1mad\u00e1s!<\/h2>\n\n\n\n<div class=\"wp-block-image\"><figure class=\"aligncenter size-large\"><img decoding=\"async\" width=\"800\" height=\"500\" src=\"https:\/\/ibomberdefensepacific.standardof.net\/wp-content\/uploads\/sites\/6\/2020\/10\/iBomber-Defense-Pacific-Campaign-Mission-11-Santa-Cruz-1-copy-800x500.jpg\" alt=\"&quot;iBomber Defense Pacific&quot; - 11. kamp\u00e1ny misszi\u00f3 - &quot;Santa Cruz&quot; (1)\" class=\"wp-image-81\" srcset=\"https:\/\/ibomberdefensepacific.standardof.net\/wp-content\/uploads\/sites\/6\/2020\/10\/iBomber-Defense-Pacific-Campaign-Mission-11-Santa-Cruz-1-copy-800x500.jpg 800w, https:\/\/ibomberdefensepacific.standardof.net\/wp-content\/uploads\/sites\/6\/2020\/10\/iBomber-Defense-Pacific-Campaign-Mission-11-Santa-Cruz-1-copy-512x320.jpg 512w, https:\/\/ibomberdefensepacific.standardof.net\/wp-content\/uploads\/sites\/6\/2020\/10\/iBomber-Defense-Pacific-Campaign-Mission-11-Santa-Cruz-1-copy-200x125.jpg 200w, https:\/\/ibomberdefensepacific.standardof.net\/wp-content\/uploads\/sites\/6\/2020\/10\/iBomber-Defense-Pacific-Campaign-Mission-11-Santa-Cruz-1-copy-768x480.jpg 768w, https:\/\/ibomberdefensepacific.standardof.net\/wp-content\/uploads\/sites\/6\/2020\/10\/iBomber-Defense-Pacific-Campaign-Mission-11-Santa-Cruz-1-copy-16x10.jpg 16w, https:\/\/ibomberdefensepacific.standardof.net\/wp-content\/uploads\/sites\/6\/2020\/10\/iBomber-Defense-Pacific-Campaign-Mission-11-Santa-Cruz-1-copy.jpg 1280w\" sizes=\"(max-width: 800px) 100vw, 800px\" \/><figcaption>Az ellens\u00e9ges hadihaj\u00f3 \u00fatjai a Santa Cruz misszi\u00f3ban, az \u201eiBomber Defense Pacific\u201d -ben.<\/figcaption><\/figure><\/div>\n\n\n\n<p><em>T\u00f6rd meg a patthelyzetet, \u00e9s szerezz d\u00f6nt\u0151 gy\u0151zelmet. Tartsa meg poz\u00edci\u00f3j\u00e1t a Salamonokban.<\/em><\/p>\n\n\n\n<p>Santa Cruzban megv\u00e9di b\u00e1zis\u00e1t 25 m\u00e1s hull\u00e1m ellen, csak a haditenger\u00e9szeti egys\u00e9gek ellen, t\u00f6bbnyire nagyobb, j\u00f3l p\u00e1nc\u00e9lozott egys\u00e9gek ellen, amelyek a t\u00e9rk\u00e9p fels\u0151 \u00e9s jobb fels\u0151 r\u00e9sz\u00e9b\u0151l \u00e9rkeznek, \u00e9s balra indulnak a b\u00e1zis fel\u00e9. Ezen a szinten a j\u00f3 l\u0151helyzet korl\u00e1tozott.<\/p>\n\n\n\n<p>Ez az \u00fatmutat\u00f3 bemutatja, hogyan lehet egy teljes h\u00e1zat megszerezni, amely minden \u00e9remmel \u00e9s 20 gy\u0151zelmi ponttal t\u00f6k\u00e9letes fordul\u00f3, a Santa Cruz szintj\u00e9n. <em>iBomber Defense Pacific<\/em> kamp\u00e1ny, a Veter\u00e1n neh\u00e9zs\u00e9geken j\u00e1tszott. Ezenk\u00edv\u00fcl ez a k\u00fcldet\u00e9s \u00fatmutat\u00f3 a m\u00e1sodlagos \u00e9s rejtett c\u00e9lokat, valamint egy \u00e1ttekint\u0151 vide\u00f3t tartalmaz.<\/p>\n\n\n\t\t\t\t<div class=\"wp-block-uagb-table-of-contents uagb-toc__align-left uagb-toc__columns-1  uagb-block-5f36fb38\"\n\t\t\t\t\tdata-scroll= \"1\"\n\t\t\t\t\tdata-offset= \"30\"\n\t\t\t\t\tstyle=\"\"\n\t\t\t\t>\n\t\t\t\t<div class=\"uagb-toc__wrap\">\n\t\t\t\t\t\t<div class=\"uagb-toc__title\">\n\t\t\t\t\t\t\t\u00datmutat\u00f3 navig\u00e1ci\u00f3:\t\t\t\t\t\t<\/div>\n\t\t\t\t\t\t\t\t\t\t\t\t\t\t\t\t<div class=\"uagb-toc__list-wrap\">\n\t\t\t\t\t\t<ol class=\"uagb-toc__list\"><li class=\"uagb-toc__list\"><a href=\"#secondary-objective\" class=\"uagb-toc-link__trigger\">M\u00e1sodlagos c\u00e9l<\/a><li class=\"uagb-toc__list\"><a href=\"#perks-used-for-this-mission\" class=\"uagb-toc-link__trigger\">A k\u00fcldet\u00e9shez haszn\u00e1lt juttat\u00e1sok:<\/a><li class=\"uagb-toc__list\"><a href=\"#hidden-target\" class=\"uagb-toc-link__trigger\">Rejtett c\u00e9l<\/a><li class=\"uagb-toc__list\"><a href=\"#turret-placement\" class=\"uagb-toc-link__trigger\">Torony elhelyez\u00e9se<\/a><li class=\"uagb-toc__list\"><a href=\"#veteran-difficulty-video-guide\" class=\"uagb-toc-link__trigger\">Veter\u00e1n Neh\u00e9zs\u00e9gi \u00fatmutat\u00f3 Vide\u00f3<\/a><li class=\"uagb-toc__list\"><a href=\"#sharp-shooter-achievement\" class=\"uagb-toc-link__trigger\">Sharp Shooter teljes\u00edtm\u00e9ny<\/a><\/ol>\t\t\t\t\t<\/div>\n\t\t\t\t\t\t\t\t\t<\/div>\n\t\t\t\t<\/div>\n\t\t\t\n\n\n<hr class=\"wp-block-separator is-style-wide\"\/>\n\n\n\n<h3 class=\"wp-block-heading\">M\u00e1sodlagos c\u00e9l<\/h3>\n\n\n\n<p><em>A h\u00edd v\u00e9delme elengedhetetlen a Santa Cruz-i sz\u00f6vets\u00e9ges m\u0171veletek sz\u00e1m\u00e1ra. V\u00e9dje meg minden\u00e1ron.<\/em><\/p>\n\n\n\n<p>Van egy fah\u00edd, amely \u00f6sszek\u00f6ti a k\u00e9t f\u0151 f\u00f6lddarabot ezen a szinten. Viszonylag hajlamos az ellens\u00e9ges t\u0171zre \u00e9s gyorsan elpusztulhat, de t\u00f6bb szakaszb\u00f3l \u00e1ll, amelyeknek csak n\u00e9h\u00e1ny\u00e1t kell megmenteni a c\u00e9l el\u00e9r\u00e9se \u00e9rdek\u00e9ben. Arra sz\u00e1m\u00edthat, hogy elvesz\u00edti a h\u00edd fel\u00e9t, \u00e9s pr\u00f3b\u00e1ljon meg nem stresszelni ezen t\u00fal sokat.<\/p>\n\n\n\n<p><strong>Ell\u00e1t\u00f3 l\u00e1d\u00e1k:<\/strong> 7<\/p>\n\n\n\n<p><strong>Eddigi gy\u0151zelmi pontok:<\/strong> 200<\/p>\n\n\n\n<ul><li>G\u00e9pfegyver lvl 3<br>X2 Power vs Flamed specializ\u00e1ci\u00f3<\/li><li>\u00c1gy\u00fa lvl 3<\/li><li>Bomba lvl 3<\/li><li>Flamer lvl 3<\/li><li>Comms lvl 3<\/li><li>Rak\u00e9ta lvl 1<\/li><\/ul>\n\n\n\n<hr class=\"wp-block-separator is-style-wide\"\/>\n\n\n\n<h3 class=\"wp-block-heading\">A k\u00fcldet\u00e9shez haszn\u00e1lt juttat\u00e1sok:<\/h3>\n\n\n\n<ul><li>Greenback II<\/li><li>Vash\u00e1t II<\/li><li>Speci\u00e1lis k\u00e9zbes\u00edt\u00e9s<\/li><\/ul>\n\n\n\n<p>A jelenleg m\u00e1sodik helyen \u00e1ll\u00f3 Greenback \u00e9s a Special Delivery jelent\u0151s seg\u00edts\u00e9get ny\u00fajt az er\u0151sebb v\u00e9dekez\u00e9shez \u00e9s a h\u00edd egyidej\u0171 fedez\u00e9s\u00e9hez sz\u00fcks\u00e9ges forr\u00e1sokkal. Az Ironback II hasznos az ellens\u00e9g \u00e1ltal ezen a szinten el\u00e9rt jelent\u0151s k\u00e1rok miatt, \u00e9s rengeteg p\u00e9nzt takar\u00edt meg a jav\u00edt\u00e1sokon, amelyek ellenkez\u0151 esetben megr\u00f6vid\u00edthetik a v\u00e9dekez\u00e9st.<\/p>\n\n\n\n<hr class=\"wp-block-separator is-style-wide\"\/>\n\n\n\n<h3 class=\"wp-block-heading\">Rejtett c\u00e9l<\/h3>\n\n\n\n<p>A rejtett c\u00e9lpontot Santa Cruzban nagyon k\u00f6nny\u0171 megtal\u00e1lni, tekintve, hogy ezen a t\u00e9rk\u00e9pen a b\u00e1zis\u00e1n \u00e9s a h\u00eddon k\u00edv\u00fcl nincsenek m\u00e1s \u00e9p\u00edtm\u00e9nyek, amelyeket abszol\u00fat nem szabad bomb\u00e1kat dobni a k\u00f6zel\u00e9be. N\u00e9zlek . . .<\/p>\n\n\n\n<p>N\u00e9zze meg a keleti, nagyobb f\u00f6lddarabot, \u00e9s tal\u00e1ljon egy p\u00e1r fa\u00e9p\u00fcletet, amelyek rejtve vannak n\u00e9h\u00e1ny fa k\u00f6z\u00f6tt, amelyek nem igaz\u00e1n rejtettek, tekintve, hogy ny\u00edlt terep veszi k\u00f6r\u00fcl \u0151ket. Neh\u00e9z megmondani, hogy a p\u00e1r melyik szerkezete a t\u00e9nyleges c\u00e9l; azonban el\u00e9g k\u00f6nny\u0171 mindkett\u0151t eltal\u00e1lni egy bomb\u00e1val.<\/p>\n\n\n\n<div class=\"wp-block-image\"><figure class=\"aligncenter size-large\"><a href=\"https:\/\/ibomberdefensepacific.standardof.net\/hu\/guide\/kampany-kuldetes-11-santa-cruz-tengeri-tamadas\/ibomber-defense-pacific-campaign-mission-11-santa-cruz-2\/\"><img decoding=\"async\" width=\"340\" height=\"211\" src=\"https:\/\/ibomberdefensepacific.standardof.net\/wp-content\/uploads\/sites\/6\/2020\/10\/iBomber-Defense-Pacific-Campaign-Mission-11-Santa-Cruz-2.jpg\" alt=\"&quot;iBomber Defense Pacific&quot; - 11. kamp\u00e1ny misszi\u00f3 - &quot;Santa Cruz&quot; (2)\" class=\"wp-image-82\" srcset=\"https:\/\/ibomberdefensepacific.standardof.net\/wp-content\/uploads\/sites\/6\/2020\/10\/iBomber-Defense-Pacific-Campaign-Mission-11-Santa-Cruz-2.jpg 340w, https:\/\/ibomberdefensepacific.standardof.net\/wp-content\/uploads\/sites\/6\/2020\/10\/iBomber-Defense-Pacific-Campaign-Mission-11-Santa-Cruz-2-200x124.jpg 200w, https:\/\/ibomberdefensepacific.standardof.net\/wp-content\/uploads\/sites\/6\/2020\/10\/iBomber-Defense-Pacific-Campaign-Mission-11-Santa-Cruz-2-16x10.jpg 16w\" sizes=\"(max-width: 340px) 100vw, 340px\" \/><\/a><figcaption>A nem \u00e9ppen elrejtett c\u00e9lpont Santa Cruzban.<\/figcaption><\/figure><\/div>\n\n\n\n<hr class=\"wp-block-separator is-style-wide\"\/>\n\n\n\n<h3 class=\"wp-block-heading\">Torony elhelyez\u00e9se<\/h3>\n\n\n\n<figure class=\"wp-block-gallery columns-2 is-cropped wp-block-gallery-1 is-layout-flex wp-block-gallery-is-layout-flex\"><ul class=\"blocks-gallery-grid\"><li class=\"blocks-gallery-item\"><figure><a href=\"https:\/\/ibomberdefensepacific.standardof.net\/hu\/guide\/kampany-kuldetes-11-santa-cruz-tengeri-tamadas\/ibomber-defense-pacific-campaign-mission-11-santa-cruz-3\/\"><img decoding=\"async\" width=\"800\" height=\"500\" src=\"https:\/\/ibomberdefensepacific.standardof.net\/wp-content\/uploads\/sites\/6\/2020\/10\/iBomber-Defense-Pacific-Campaign-Mission-11-Santa-Cruz-3-800x500.jpg\" alt=\"&quot;iBomber Defense Pacific&quot; - 11. kamp\u00e1ny misszi\u00f3 - &quot;Santa Cruz&quot; (3)\" data-id=\"83\" data-full-url=\"https:\/\/ibomberdefensepacific.standardof.net\/wp-content\/uploads\/sites\/6\/2020\/10\/iBomber-Defense-Pacific-Campaign-Mission-11-Santa-Cruz-3.jpg\" data-link=\"https:\/\/ibomberdefensepacific.standardof.net\/guide\/campaign-mission-11-santa-cruz-sea-attack\/ibomber-defense-pacific-campaign-mission-11-santa-cruz-3\/\" class=\"wp-image-83\" srcset=\"https:\/\/ibomberdefensepacific.standardof.net\/wp-content\/uploads\/sites\/6\/2020\/10\/iBomber-Defense-Pacific-Campaign-Mission-11-Santa-Cruz-3-800x500.jpg 800w, https:\/\/ibomberdefensepacific.standardof.net\/wp-content\/uploads\/sites\/6\/2020\/10\/iBomber-Defense-Pacific-Campaign-Mission-11-Santa-Cruz-3-512x320.jpg 512w, https:\/\/ibomberdefensepacific.standardof.net\/wp-content\/uploads\/sites\/6\/2020\/10\/iBomber-Defense-Pacific-Campaign-Mission-11-Santa-Cruz-3-200x125.jpg 200w, https:\/\/ibomberdefensepacific.standardof.net\/wp-content\/uploads\/sites\/6\/2020\/10\/iBomber-Defense-Pacific-Campaign-Mission-11-Santa-Cruz-3-768x480.jpg 768w, https:\/\/ibomberdefensepacific.standardof.net\/wp-content\/uploads\/sites\/6\/2020\/10\/iBomber-Defense-Pacific-Campaign-Mission-11-Santa-Cruz-3-16x10.jpg 16w, https:\/\/ibomberdefensepacific.standardof.net\/wp-content\/uploads\/sites\/6\/2020\/10\/iBomber-Defense-Pacific-Campaign-Mission-11-Santa-Cruz-3.jpg 1280w\" sizes=\"(max-width: 800px) 100vw, 800px\" \/><\/a><figcaption class=\"blocks-gallery-item__caption\">8. hull\u00e1m torony elhelyez\u00e9se.<\/figcaption><\/figure><\/li><li class=\"blocks-gallery-item\"><figure><a href=\"https:\/\/ibomberdefensepacific.standardof.net\/hu\/guide\/kampany-kuldetes-11-santa-cruz-tengeri-tamadas\/ibomber-defense-pacific-campaign-mission-11-santa-cruz-4\/\"><img decoding=\"async\" width=\"800\" height=\"500\" src=\"https:\/\/ibomberdefensepacific.standardof.net\/wp-content\/uploads\/sites\/6\/2020\/10\/iBomber-Defense-Pacific-Campaign-Mission-11-Santa-Cruz-4-800x500.jpg\" alt=\"&quot;iBomber Defense Pacific&quot; - 11. kamp\u00e1ny misszi\u00f3 - &quot;Santa Cruz&quot; (4)\" data-id=\"84\" data-full-url=\"https:\/\/ibomberdefensepacific.standardof.net\/wp-content\/uploads\/sites\/6\/2020\/10\/iBomber-Defense-Pacific-Campaign-Mission-11-Santa-Cruz-4.jpg\" data-link=\"https:\/\/ibomberdefensepacific.standardof.net\/guide\/campaign-mission-11-santa-cruz-sea-attack\/ibomber-defense-pacific-campaign-mission-11-santa-cruz-4\/\" class=\"wp-image-84\" srcset=\"https:\/\/ibomberdefensepacific.standardof.net\/wp-content\/uploads\/sites\/6\/2020\/10\/iBomber-Defense-Pacific-Campaign-Mission-11-Santa-Cruz-4-800x500.jpg 800w, https:\/\/ibomberdefensepacific.standardof.net\/wp-content\/uploads\/sites\/6\/2020\/10\/iBomber-Defense-Pacific-Campaign-Mission-11-Santa-Cruz-4-512x320.jpg 512w, https:\/\/ibomberdefensepacific.standardof.net\/wp-content\/uploads\/sites\/6\/2020\/10\/iBomber-Defense-Pacific-Campaign-Mission-11-Santa-Cruz-4-200x125.jpg 200w, https:\/\/ibomberdefensepacific.standardof.net\/wp-content\/uploads\/sites\/6\/2020\/10\/iBomber-Defense-Pacific-Campaign-Mission-11-Santa-Cruz-4-768x480.jpg 768w, https:\/\/ibomberdefensepacific.standardof.net\/wp-content\/uploads\/sites\/6\/2020\/10\/iBomber-Defense-Pacific-Campaign-Mission-11-Santa-Cruz-4-16x10.jpg 16w, https:\/\/ibomberdefensepacific.standardof.net\/wp-content\/uploads\/sites\/6\/2020\/10\/iBomber-Defense-Pacific-Campaign-Mission-11-Santa-Cruz-4.jpg 1280w\" sizes=\"(max-width: 800px) 100vw, 800px\" \/><\/a><figcaption class=\"blocks-gallery-item__caption\">18. hull\u00e1m torony elhelyez\u00e9se.<\/figcaption><\/figure><\/li><\/ul><\/figure>\n\n\n\n<p>A torony elhelyez\u00e9se arra \u00f6sszpontos\u00edt, hogy er\u0151teljesen mutasson er\u0151szakot a kisebb szigeten, amely k\u00f6zel van a b\u00e1zis\u00e1hoz, \u00e9s egy korai bombatorn\u00e1t helyezzen el, hogy elkezdje dolgozni a l\u00e1d\u00e1kat, \u00e9s id\u0151nk\u00e9nt besurran\u00f3 t\u00e1mad\u00e1sokat hajtson v\u00e9gre. Helyezzen egy l\u00e1ngol\u00f3t a h\u00edd jobb oldal\u00e1n a r\u00f6videbb \u00fatr\u00f3l \u00e9rkez\u0151 lass\u00fa egys\u00e9gek fel\u00e9, \u00edgy t\u00f6bb tornya t\u00f6bb id\u0151t biztos\u00edt a l\u00f6v\u00e9sre.<\/p>\n\n\n\n<p>Az alapok korl\u00e1tozottak lesznek, \u00edgy csak egy maroknyi tov\u00e1bbfejlesztett toronnyal fejezed be a k\u00fcldet\u00e9st. Helyezzen 3 \u00e1gy\u00fat az \u00f6sszevont \u00f6sv\u00e9ny kis r\u00e9sze ment\u00e9n - az els\u0151 p\u00e1r a kis sz\u00e1razf\u00f6ld jobb oldal\u00e1n, a harmadik pedig a kis szigeten -, hogy az els\u0151 kett\u0151 kihaszn\u00e1lhassa a Comms-tornyot, amely el\u0151bb n\u00f6veli ennek els\u0151 r\u00e9sz\u00e9t csoport.<\/p>\n\n\n\n<p>A h\u00edd d\u00e9li oldal\u00e1n elhelyezett egyetlen g\u00e9ppuska-torony seg\u00edt megv\u00e9deni a m\u00e1sodlagos c\u00e9lt, mik\u00f6zben a hosszabb \u00f6sv\u00e9nyr\u0151l \u00e9rkez\u0151 egys\u00e9geket l\u0151 ki - b\u00e1r a fent eml\u00edtettek szerint v\u00e1rhat\u00f3, hogy a h\u00edd m\u00e9g mindig viszonylag kis, elker\u00fclhetetlen k\u00e1rokat okoz.<\/p>\n\n\n\n<figure class=\"wp-block-gallery aligncenter columns-1 is-cropped wp-block-gallery-2 is-layout-flex wp-block-gallery-is-layout-flex\"><ul class=\"blocks-gallery-grid\"><li class=\"blocks-gallery-item\"><figure><a href=\"https:\/\/ibomberdefensepacific.standardof.net\/hu\/guide\/kampany-kuldetes-11-santa-cruz-tengeri-tamadas\/ibomber-defense-pacific-campaign-mission-11-santa-cruz-5\/\"><img decoding=\"async\" width=\"800\" height=\"500\" src=\"https:\/\/ibomberdefensepacific.standardof.net\/wp-content\/uploads\/sites\/6\/2020\/10\/iBomber-Defense-Pacific-Campaign-Mission-11-Santa-Cruz-5-800x500.jpg\" alt=\"&quot;iBomber Defense Pacific&quot; - 11. kamp\u00e1ny misszi\u00f3 - &quot;Santa Cruz&quot; (5)\" data-id=\"85\" data-full-url=\"https:\/\/ibomberdefensepacific.standardof.net\/wp-content\/uploads\/sites\/6\/2020\/10\/iBomber-Defense-Pacific-Campaign-Mission-11-Santa-Cruz-5.jpg\" data-link=\"https:\/\/ibomberdefensepacific.standardof.net\/guide\/campaign-mission-11-santa-cruz-sea-attack\/ibomber-defense-pacific-campaign-mission-11-santa-cruz-5\/\" class=\"wp-image-85\" srcset=\"https:\/\/ibomberdefensepacific.standardof.net\/wp-content\/uploads\/sites\/6\/2020\/10\/iBomber-Defense-Pacific-Campaign-Mission-11-Santa-Cruz-5-800x500.jpg 800w, https:\/\/ibomberdefensepacific.standardof.net\/wp-content\/uploads\/sites\/6\/2020\/10\/iBomber-Defense-Pacific-Campaign-Mission-11-Santa-Cruz-5-512x320.jpg 512w, https:\/\/ibomberdefensepacific.standardof.net\/wp-content\/uploads\/sites\/6\/2020\/10\/iBomber-Defense-Pacific-Campaign-Mission-11-Santa-Cruz-5-200x125.jpg 200w, https:\/\/ibomberdefensepacific.standardof.net\/wp-content\/uploads\/sites\/6\/2020\/10\/iBomber-Defense-Pacific-Campaign-Mission-11-Santa-Cruz-5-768x480.jpg 768w, https:\/\/ibomberdefensepacific.standardof.net\/wp-content\/uploads\/sites\/6\/2020\/10\/iBomber-Defense-Pacific-Campaign-Mission-11-Santa-Cruz-5-16x10.jpg 16w, https:\/\/ibomberdefensepacific.standardof.net\/wp-content\/uploads\/sites\/6\/2020\/10\/iBomber-Defense-Pacific-Campaign-Mission-11-Santa-Cruz-5.jpg 1280w\" sizes=\"(max-width: 800px) 100vw, 800px\" \/><\/a><figcaption class=\"blocks-gallery-item__caption\">A 26. hull\u00e1mtorony elhelyez\u00e9se Santa Cruzban.<\/figcaption><\/figure><\/li><\/ul><\/figure>\n\n\n\n<hr class=\"wp-block-separator is-style-wide\"\/>\n\n\n\n<h3 class=\"has-text-align-center wp-block-heading\" id=\"4-veteran-difficulty-video-guide\">Veter\u00e1n Neh\u00e9zs\u00e9gi \u00fatmutat\u00f3 Vide\u00f3<\/h3>\n\n\n\n<figure class=\"wp-block-embed-youtube wp-block-embed is-type-video is-provider-youtube wp-embed-aspect-4-3 wp-has-aspect-ratio\"><div class=\"wp-block-embed__wrapper\">\n<div class=\"ast-oembed-container\" style=\"height: 100%;\"><iframe title=\"Santa Cruz - M11 iBomber Defense Pacific - Veter\u00e1n telt h\u00e1z \u00e1ttekint\u00e9s\" width=\"500\" height=\"375\" src=\"https:\/\/www.youtube.com\/embed\/5Zxh4HjtIss?feature=oembed\" frameborder=\"0\" allow=\"accelerometer; autoplay; clipboard-write; encrypted-media; gyroscope; picture-in-picture; web-share\" referrerpolicy=\"strict-origin-when-cross-origin\" allowfullscreen><\/iframe><\/div>\n<\/div><\/figure>\n\n\n\n<hr class=\"wp-block-separator is-style-wide\"\/>\n\n\n\n<h3 class=\"wp-block-heading\">Sharp Shooter teljes\u00edtm\u00e9ny<\/h3>\n\n\n\n<p>Van egy k\u00fcl\u00f6nleges eredm\u00e9ny ebben a k\u00fcldet\u00e9sben, a Sharp Shooter, amelyet csak g\u00e9ppuska-torony haszn\u00e1lat\u00e1val \u00e9rhet el. A v\u00e9grehajt\u00e1s megtekint\u00e9s\u00e9hez n\u00e9zze meg az al\u00e1bbi speci\u00e1lis video \u00fatmutat\u00f3t.<\/p>\n\n\n\n<figure class=\"wp-block-embed-youtube wp-block-embed is-type-video is-provider-youtube wp-embed-aspect-16-9 wp-has-aspect-ratio\"><div class=\"wp-block-embed__wrapper\">\n<div class=\"ast-oembed-container\" style=\"height: 100%;\"><iframe title=\"Sharp Shooter Achievement Guide - iBomber Defense Pacific - Veter\u00e1n t\u00f6k\u00e9letes \u00e1ttekint\u00e9s\" width=\"500\" height=\"281\" src=\"https:\/\/www.youtube.com\/embed\/vhOP6VQCwg8?feature=oembed\" frameborder=\"0\" allow=\"accelerometer; autoplay; clipboard-write; encrypted-media; gyroscope; picture-in-picture; web-share\" referrerpolicy=\"strict-origin-when-cross-origin\" allowfullscreen><\/iframe><\/div>\n<\/div><\/figure>","protected":false},"excerpt":{"rendered":"<p>Santa Cruz: Sea Attack! Break the stalemate and gain a decisive victory. Hold your position in the Solomons. In Santa Cruz, you will be defending your base against 25 waves of nothing but naval units, mostly larger well-armored ones, coming from the top center and top right portions of the map and heading to your [&hellip;]<\/p>","protected":false},"author":1,"featured_media":85,"parent":164,"menu_order":11,"comment_status":"open","ping_status":"closed","template":"","meta":{"_uag_custom_page_level_css":"","site-sidebar-layout":"default","site-content-layout":"default","ast-site-content-layout":"","site-content-style":"default","site-sidebar-style":"default","ast-global-header-display":"","ast-banner-title-visibility":"","ast-main-header-display":"","ast-hfb-above-header-display":"","ast-hfb-below-header-display":"","ast-hfb-mobile-header-display":"","site-post-title":"","ast-breadcrumbs-content":"","ast-featured-img":"","footer-sml-layout":"","theme-transparent-header-meta":"default","adv-header-id-meta":"","stick-header-meta":"","header-above-stick-meta":"","header-main-stick-meta":"","header-below-stick-meta":"","astra-migrate-meta-layouts":"default","ast-page-background-enabled":"default","ast-page-background-meta":{"desktop":{"background-color":"","background-image":"","background-repeat":"repeat","background-position":"center center","background-size":"auto","background-attachment":"scroll","background-type":"","background-media":"","overlay-type":"","overlay-color":"","overlay-gradient":""},"tablet":{"background-color":"","background-image":"","background-repeat":"repeat","background-position":"center center","background-size":"auto","background-attachment":"scroll","background-type":"","background-media":"","overlay-type":"","overlay-color":"","overlay-gradient":""},"mobile":{"background-color":"","background-image":"","background-repeat":"repeat","background-position":"center center","background-size":"auto","background-attachment":"scroll","background-type":"","background-media":"","overlay-type":"","overlay-color":"","overlay-gradient":""}},"ast-content-background-meta":{"desktop":{"background-color":"var(--ast-global-color-5)","background-image":"","background-repeat":"repeat","background-position":"center center","background-size":"auto","background-attachment":"scroll","background-type":"","background-media":"","overlay-type":"","overlay-color":"","overlay-gradient":""},"tablet":{"background-color":"var(--ast-global-color-5)","background-image":"","background-repeat":"repeat","background-position":"center center","background-size":"auto","background-attachment":"scroll","background-type":"","background-media":"","overlay-type":"","overlay-color":"","overlay-gradient":""},"mobile":{"background-color":"var(--ast-global-color-5)","background-image":"","background-repeat":"repeat","background-position":"center center","background-size":"auto","background-attachment":"scroll","background-type":"","background-media":"","overlay-type":"","overlay-color":"","overlay-gradient":""}},"footnotes":""},"uagb_featured_image_src":{"full":["https:\/\/ibomberdefensepacific.standardof.net\/wp-content\/uploads\/sites\/6\/2020\/10\/iBomber-Defense-Pacific-Campaign-Mission-11-Santa-Cruz-5.jpg",1280,800,false],"thumbnail":["https:\/\/ibomberdefensepacific.standardof.net\/wp-content\/uploads\/sites\/6\/2020\/10\/iBomber-Defense-Pacific-Campaign-Mission-11-Santa-Cruz-5-200x125.jpg",200,125,true],"medium":["https:\/\/ibomberdefensepacific.standardof.net\/wp-content\/uploads\/sites\/6\/2020\/10\/iBomber-Defense-Pacific-Campaign-Mission-11-Santa-Cruz-5-512x320.jpg",512,320,true],"medium_large":["https:\/\/ibomberdefensepacific.standardof.net\/wp-content\/uploads\/sites\/6\/2020\/10\/iBomber-Defense-Pacific-Campaign-Mission-11-Santa-Cruz-5-768x480.jpg",768,480,true],"large":["https:\/\/ibomberdefensepacific.standardof.net\/wp-content\/uploads\/sites\/6\/2020\/10\/iBomber-Defense-Pacific-Campaign-Mission-11-Santa-Cruz-5-800x500.jpg",800,500,true],"1536x1536":["https:\/\/ibomberdefensepacific.standardof.net\/wp-content\/uploads\/sites\/6\/2020\/10\/iBomber-Defense-Pacific-Campaign-Mission-11-Santa-Cruz-5.jpg",1280,800,false],"2048x2048":["https:\/\/ibomberdefensepacific.standardof.net\/wp-content\/uploads\/sites\/6\/2020\/10\/iBomber-Defense-Pacific-Campaign-Mission-11-Santa-Cruz-5.jpg",1280,800,false],"trp-custom-language-flag":["https:\/\/ibomberdefensepacific.standardof.net\/wp-content\/uploads\/sites\/6\/2020\/10\/iBomber-Defense-Pacific-Campaign-Mission-11-Santa-Cruz-5-16x10.jpg",16,10,true]},"uagb_author_info":{"display_name":"SOE","author_link":"https:\/\/ibomberdefensepacific.standardof.net\/hu\/author\/k-tastic\/"},"uagb_comment_info":0,"uagb_excerpt":"Santa Cruz: Sea Attack! Break the stalemate and gain a decisive victory. Hold your position in the Solomons. In Santa Cruz, you will be defending your base against 25 waves of nothing but naval units, mostly larger well-armored ones, coming from the top center and top right portions of the map and heading to your&hellip;","_links":{"self":[{"href":"https:\/\/ibomberdefensepacific.standardof.net\/hu\/wp-json\/wp\/v2\/pages\/208"}],"collection":[{"href":"https:\/\/ibomberdefensepacific.standardof.net\/hu\/wp-json\/wp\/v2\/pages"}],"about":[{"href":"https:\/\/ibomberdefensepacific.standardof.net\/hu\/wp-json\/wp\/v2\/types\/page"}],"author":[{"embeddable":true,"href":"https:\/\/ibomberdefensepacific.standardof.net\/hu\/wp-json\/wp\/v2\/users\/1"}],"replies":[{"embeddable":true,"href":"https:\/\/ibomberdefensepacific.standardof.net\/hu\/wp-json\/wp\/v2\/comments?post=208"}],"version-history":[{"count":0,"href":"https:\/\/ibomberdefensepacific.standardof.net\/hu\/wp-json\/wp\/v2\/pages\/208\/revisions"}],"up":[{"embeddable":true,"href":"https:\/\/ibomberdefensepacific.standardof.net\/hu\/wp-json\/wp\/v2\/pages\/164"}],"wp:featuredmedia":[{"embeddable":true,"href":"https:\/\/ibomberdefensepacific.standardof.net\/hu\/wp-json\/wp\/v2\/media\/85"}],"wp:attachment":[{"href":"https:\/\/ibomberdefensepacific.standardof.net\/hu\/wp-json\/wp\/v2\/media?parent=208"}],"curies":[{"name":"wp","href":"https:\/\/api.w.org\/{rel}","templated":true}]}}