{"id":207,"date":"2020-10-21T13:33:25","date_gmt":"2020-10-21T13:33:25","guid":{"rendered":"https:\/\/ibomberdefensepacific.standardof.net\/?page_id=207"},"modified":"2020-10-21T17:21:25","modified_gmt":"2020-10-21T17:21:25","slug":"campaign-mission-10-alligator-creek-watchtower","status":"publish","type":"page","link":"https:\/\/ibomberdefensepacific.standardof.net\/hu\/guide\/kampany-kuldetes-10-aligator-patak-ortorony\/","title":{"rendered":"10. kamp\u00e1nymisszi\u00f3: \u201eAlligator Creek\u201d \u0150rtorony"},"content":{"rendered":"<h2 class=\"wp-block-heading\">Alig\u00e1tor patak: \u0150rtorony<\/h2>\n\n\n\n<div class=\"wp-block-image\"><figure class=\"aligncenter size-large\"><a href=\"https:\/\/ibomberdefensepacific.standardof.net\/hu\/guide\/kampany-kuldetes-10-aligator-patak-ortorony\/ibomber-defense-pacific-campaign-mission-10-alligator-creek-1-copy\/\"><img decoding=\"async\" width=\"800\" height=\"500\" src=\"https:\/\/ibomberdefensepacific.standardof.net\/wp-content\/uploads\/sites\/6\/2020\/10\/iBomber-Defense-Pacific-Campaign-Mission-10-Alligator-Creek-1-copy-800x500.jpg\" alt=\"&quot;iBomber Defense Pacific&quot; - 10. kamp\u00e1ny misszi\u00f3 - &quot;Alligator Creek&quot; (1)\" class=\"wp-image-76\" srcset=\"https:\/\/ibomberdefensepacific.standardof.net\/wp-content\/uploads\/sites\/6\/2020\/10\/iBomber-Defense-Pacific-Campaign-Mission-10-Alligator-Creek-1-copy-800x500.jpg 800w, https:\/\/ibomberdefensepacific.standardof.net\/wp-content\/uploads\/sites\/6\/2020\/10\/iBomber-Defense-Pacific-Campaign-Mission-10-Alligator-Creek-1-copy-512x320.jpg 512w, https:\/\/ibomberdefensepacific.standardof.net\/wp-content\/uploads\/sites\/6\/2020\/10\/iBomber-Defense-Pacific-Campaign-Mission-10-Alligator-Creek-1-copy-200x125.jpg 200w, https:\/\/ibomberdefensepacific.standardof.net\/wp-content\/uploads\/sites\/6\/2020\/10\/iBomber-Defense-Pacific-Campaign-Mission-10-Alligator-Creek-1-copy-768x480.jpg 768w, https:\/\/ibomberdefensepacific.standardof.net\/wp-content\/uploads\/sites\/6\/2020\/10\/iBomber-Defense-Pacific-Campaign-Mission-10-Alligator-Creek-1-copy-16x10.jpg 16w, https:\/\/ibomberdefensepacific.standardof.net\/wp-content\/uploads\/sites\/6\/2020\/10\/iBomber-Defense-Pacific-Campaign-Mission-10-Alligator-Creek-1-copy.jpg 1280w\" sizes=\"(max-width: 800px) 100vw, 800px\" \/><\/a><figcaption>Az ellens\u00e9ges hull\u00e1mok k\u00e9t \u00fatja az Alligator Creek-ben, amelyek a b\u00e1zis fel\u00e9 konverg\u00e1lva a Ny-t alkotj\u00e1k.<\/figcaption><\/figure><\/div>\n\n\n\n<p><em>V\u00e9dje az Egyes\u00fclt \u00c1llamok, Ausztr\u00e1lia \u00e9s \u00daj-Z\u00e9land k\u00f6z\u00f6tti ell\u00e1t\u00e1si \u00fatvonalakat az\u00e1ltal, hogy megtartja poz\u00edci\u00f3j\u00e1t a Salamonokban.<\/em><\/p>\n\n\n\n<p>Az Alligator Creekben a fels\u0151 k\u00f6z\u00e9ps\u0151 \u00f6sv\u00e9nyen l\u00e9v\u0151 b\u00e1zist megv\u00e9di egy p\u00e1r f\u00f6ldutakt\u00f3l, amelyek mindk\u00e9t oldalr\u00f3l g\u00f6rb\u00fclnek W alakban. A v\u00e9delem a konverg\u00e1l\u00f3 pontra fog \u00f6sszpontos\u00edtani, \u00e9s \u00e9rdemes folyos\u00f3t l\u00e9trehozni. a hal\u00e1l hat\u00e9konyan m\u0171k\u00f6dik, f\u00fcggetlen\u00fcl att\u00f3l, hogy az ellens\u00e9g mely ir\u00e1nyb\u00f3l sz\u00e1rmazik.<\/p>\n\n\n\n<p>Ez egy fontos korai k\u00fcldet\u00e9s, amelyb\u0151l tanuls\u00e1gokat lehet levonni a tornyok legk\u00f6lts\u00e9ghat\u00e9konyabb poz\u00edci\u00f3ba helyez\u00e9s\u00e9vel kapcsolatban. A legt\u00f6bb torony-v\u00e9delmi j\u00e1t\u00e9k er\u0151sen a fix j\u00f6vedelem kezel\u00e9se k\u00f6r\u00fcl mozog, amelyet az egyes t\u00e9rk\u00e9peken \u00edv\u0151 ellens\u00e9gek hat\u00e1roznak meg. Hasonl\u00f3k\u00e9ppen, a t\u00e1mad\u00f3 ellens\u00e9gek eg\u00e9szs\u00e9gi \u00e1llapota \u00e9s a tornyok esetleges k\u00e1rosod\u00e1sa is nagym\u00e9rt\u00e9kben kisz\u00e1m\u00edt\u00e1sra ker\u00fcl, hogy megbizonyosodjon arr\u00f3l, hogy kih\u00edv\u00e1st jelent-e az alapul szolg\u00e1l\u00f3 matematikai probl\u00e9m\u00e1k \u201ekirak\u00f3s megold\u00e1sa\u201d.<\/p>\n\n\n\n<p>Ez az \u00fatmutat\u00f3 kit\u00e9r arra, hogy mik\u00e9nt juthatunk telth\u00e1zhoz, amely minden \u00e9remmel \u00e9s 20 gy\u0151zelmi ponttal t\u00f6k\u00e9letes fordul\u00f3 az Alligator Creek szintj\u00e9n. <em>iBomber Defense Pacific<\/em> kamp\u00e1ny, a Veter\u00e1n neh\u00e9zs\u00e9geken j\u00e1tszott. Ezenk\u00edv\u00fcl ez a k\u00fcldet\u00e9si \u00fatmutat\u00f3 a m\u00e1sodlagos \u00e9s rejtett c\u00e9lokat, valamint egy \u00e1ttekint\u0151 vide\u00f3t is tartalmaz.<\/p>\n\n\n\t\t\t\t<div class=\"wp-block-uagb-table-of-contents uagb-toc__align-left uagb-toc__columns-1  uagb-block-c5ea399f\"\n\t\t\t\t\tdata-scroll= \"1\"\n\t\t\t\t\tdata-offset= \"30\"\n\t\t\t\t\tstyle=\"\"\n\t\t\t\t>\n\t\t\t\t<div class=\"uagb-toc__wrap\">\n\t\t\t\t\t\t<div class=\"uagb-toc__title\">\n\t\t\t\t\t\t\t\u00datmutat\u00f3 navig\u00e1ci\u00f3:\t\t\t\t\t\t<\/div>\n\t\t\t\t\t\t\t\t\t\t\t\t\t\t\t\t<div class=\"uagb-toc__list-wrap\">\n\t\t\t\t\t\t<ol class=\"uagb-toc__list\"><li class=\"uagb-toc__list\"><a href=\"#secondary-objective\" class=\"uagb-toc-link__trigger\">M\u00e1sodlagos c\u00e9l<\/a><li class=\"uagb-toc__list\"><a href=\"#perks-used-for-this-mission\" class=\"uagb-toc-link__trigger\">A k\u00fcldet\u00e9shez haszn\u00e1lt juttat\u00e1sok:<\/a><li class=\"uagb-toc__list\"><a href=\"#hidden-target\" class=\"uagb-toc-link__trigger\">Rejtett c\u00e9l<\/a><li class=\"uagb-toc__list\"><a href=\"#turret-placement\" class=\"uagb-toc-link__trigger\">Torony elhelyez\u00e9se<\/a><li class=\"uagb-toc__list\"><a href=\"#veteran-difficulty-video-guide\" class=\"uagb-toc-link__trigger\">Veter\u00e1n Neh\u00e9zs\u00e9gi \u00fatmutat\u00f3 Vide\u00f3<\/a><\/ol>\t\t\t\t\t<\/div>\n\t\t\t\t\t\t\t\t\t<\/div>\n\t\t\t\t<\/div>\n\t\t\t\n\n\n<hr class=\"wp-block-separator is-style-wide\"\/>\n\n\n\n<h3 class=\"wp-block-heading\">M\u00e1sodlagos c\u00e9l<\/h3>\n\n\n\n<p><em>\u00d3vja t\u00e1bor\u00e1t.<\/em><\/p>\n\n\n\n<p>A b\u00e1zisa \u00e9s a konvergencia helye k\u00f6z\u00f6tt a ny\u00edlt gyepter\u00fcleten egy sor \u00e9p\u00fclet tal\u00e1lhat\u00f3, amelyeket v\u00e9deni kell a k\u00fcldet\u00e9s sor\u00e1n. A bels\u0151 strukt\u00far\u00e1kat v\u00e9d\u0151 bels\u0151 folyos\u00f3d mellett ezen szerkezetek k\u00e9t oldal\u00e1n egy p\u00e1r MG torony szolg\u00e1l hat\u00e9kony pajzsk\u00e9nt. (Az elhelyez\u00e9s r\u00e9szleteit l\u00e1sd az al\u00e1bbi k\u00e9peken.)<\/p>\n\n\n\n<p><strong>Ell\u00e1t\u00f3 l\u00e1d\u00e1k:<\/strong> 6.<\/p>\n\n\n\n<p><strong>Eddigi gy\u0151zelmi pontok:<\/strong> 180 (20 el nem k\u00f6lt\u00f6tt)<\/p>\n\n\n\n<ul><li>G\u00e9pfegyver lvl 3<br><sup>X2 Power vs Flamed specializ\u00e1ci\u00f3<\/sup><\/li><li>\u00c1gy\u00fa lvl 3<\/li><li>Bomba lvl 2<\/li><li>Flamer lvl 3<\/li><li>Comms lvl 3<\/li><\/ul>\n\n\n\n<hr class=\"wp-block-separator is-style-wide\"\/>\n\n\n\n<h3 class=\"wp-block-heading\">A k\u00fcldet\u00e9shez haszn\u00e1lt juttat\u00e1sok:<\/h3>\n\n\n\n<ul><li>Greenback II<\/li><li>Sasszem I.<\/li><li>Speci\u00e1lis k\u00e9zbes\u00edt\u00e9s<\/li><\/ul>\n\n\n\n<p>A j\u00e1t\u00e9k kezdet\u00e9n a perk lehet\u0151s\u00e9geink m\u00e9g mindig korl\u00e1tozottak, de az extra k\u00e9szp\u00e9nz \u00e9s a jobb tornyok, amelyeket megengedhet mag\u00e1nak a Greenbacknek k\u00f6sz\u00f6nhet\u0151en, szinte soha nem rossz lehet\u0151s\u00e9g. A Bombardier perk a j\u00e1t\u00e9k elej\u00e9n marad a porban, amikor el\u00e9rhet\u0151v\u00e9 v\u00e1lnak az Eagle Eye-hez hasonl\u00f3 juttat\u00e1sok, ami kulcsfontoss\u00e1g\u00fa a sebz\u00e9shez, amint egy ellens\u00e9g a hat\u00f3t\u00e1vols\u00e1gon bel\u00fcl van a gyorsabb c\u00e9lz\u00e1si b\u00f3nusznak k\u00f6sz\u00f6nhet\u0151en.<\/p>\n\n\n\n<hr class=\"wp-block-separator is-style-wide\"\/>\n\n\n\n<h3 class=\"wp-block-heading\">Rejtett c\u00e9l<\/h3>\n\n\n\n<p>A rejtett c\u00e9l egy m\u00e1sik kis kunyh\u00f3 ezen a szinten. A t\u00e9rk\u00e9p jobb oldal\u00e1n az erd\u0151 sz\u00e9le elrejti, ahogy a jobb ellens\u00e9ges hull\u00e1m\u00fat kanyarodik.<\/p>\n\n\n\n<div class=\"wp-block-image\"><figure class=\"aligncenter size-large\"><a href=\"https:\/\/ibomberdefensepacific.standardof.net\/hu\/guide\/kampany-kuldetes-10-aligator-patak-ortorony\/ibomber-defense-pacific-campaign-mission-10-alligator-creek-2\/\"><img decoding=\"async\" width=\"255\" height=\"193\" src=\"https:\/\/ibomberdefensepacific.standardof.net\/wp-content\/uploads\/sites\/6\/2020\/10\/iBomber-Defense-Pacific-Campaign-Mission-10-Alligator-Creek-2.jpg\" alt=\"&quot;iBomber Defense Pacific&quot; - 10. kamp\u00e1ny misszi\u00f3 - &quot;Alligator Creek&quot; (2)\" class=\"wp-image-77\" srcset=\"https:\/\/ibomberdefensepacific.standardof.net\/wp-content\/uploads\/sites\/6\/2020\/10\/iBomber-Defense-Pacific-Campaign-Mission-10-Alligator-Creek-2.jpg 255w, https:\/\/ibomberdefensepacific.standardof.net\/wp-content\/uploads\/sites\/6\/2020\/10\/iBomber-Defense-Pacific-Campaign-Mission-10-Alligator-Creek-2-200x151.jpg 200w, https:\/\/ibomberdefensepacific.standardof.net\/wp-content\/uploads\/sites\/6\/2020\/10\/iBomber-Defense-Pacific-Campaign-Mission-10-Alligator-Creek-2-16x12.jpg 16w\" sizes=\"(max-width: 255px) 100vw, 255px\" \/><\/a><figcaption>A kis kunyh\u00f3 elrejtett c\u00e9lpontja.<\/figcaption><\/figure><\/div>\n\n\n\n<hr class=\"wp-block-separator is-style-wide\"\/>\n\n\n\n<h3 class=\"wp-block-heading\">Torony elhelyez\u00e9se<\/h3>\n\n\n\n<figure class=\"wp-block-gallery columns-2 is-cropped wp-block-gallery-1 is-layout-flex wp-block-gallery-is-layout-flex\"><ul class=\"blocks-gallery-grid\"><li class=\"blocks-gallery-item\"><figure><a href=\"https:\/\/ibomberdefensepacific.standardof.net\/hu\/guide\/kampany-kuldetes-10-aligator-patak-ortorony\/ibomber-defense-pacific-campaign-mission-10-alligator-creek-3\/\"><img decoding=\"async\" width=\"800\" height=\"500\" src=\"https:\/\/ibomberdefensepacific.standardof.net\/wp-content\/uploads\/sites\/6\/2020\/10\/iBomber-Defense-Pacific-Campaign-Mission-10-Alligator-Creek-3-800x500.jpg\" alt=\"&quot;iBomber Defense Pacific&quot; - 10. kamp\u00e1nymisszi\u00f3 - &quot;Alligator Creek&quot; (3)\" data-id=\"78\" data-full-url=\"https:\/\/ibomberdefensepacific.standardof.net\/wp-content\/uploads\/sites\/6\/2020\/10\/iBomber-Defense-Pacific-Campaign-Mission-10-Alligator-Creek-3.jpg\" data-link=\"https:\/\/ibomberdefensepacific.standardof.net\/guide\/campaign-mission-10-alligator-creek-watchtower\/ibomber-defense-pacific-campaign-mission-10-alligator-creek-3\/\" class=\"wp-image-78\" srcset=\"https:\/\/ibomberdefensepacific.standardof.net\/wp-content\/uploads\/sites\/6\/2020\/10\/iBomber-Defense-Pacific-Campaign-Mission-10-Alligator-Creek-3-800x500.jpg 800w, https:\/\/ibomberdefensepacific.standardof.net\/wp-content\/uploads\/sites\/6\/2020\/10\/iBomber-Defense-Pacific-Campaign-Mission-10-Alligator-Creek-3-512x320.jpg 512w, https:\/\/ibomberdefensepacific.standardof.net\/wp-content\/uploads\/sites\/6\/2020\/10\/iBomber-Defense-Pacific-Campaign-Mission-10-Alligator-Creek-3-200x125.jpg 200w, https:\/\/ibomberdefensepacific.standardof.net\/wp-content\/uploads\/sites\/6\/2020\/10\/iBomber-Defense-Pacific-Campaign-Mission-10-Alligator-Creek-3-768x480.jpg 768w, https:\/\/ibomberdefensepacific.standardof.net\/wp-content\/uploads\/sites\/6\/2020\/10\/iBomber-Defense-Pacific-Campaign-Mission-10-Alligator-Creek-3-16x10.jpg 16w, https:\/\/ibomberdefensepacific.standardof.net\/wp-content\/uploads\/sites\/6\/2020\/10\/iBomber-Defense-Pacific-Campaign-Mission-10-Alligator-Creek-3.jpg 1280w\" sizes=\"(max-width: 800px) 100vw, 800px\" \/><\/a><figcaption class=\"blocks-gallery-item__caption\">8. hull\u00e1mtorony elhelyez\u00e9se az Alligator Creekben.<\/figcaption><\/figure><\/li><li class=\"blocks-gallery-item\"><figure><a href=\"https:\/\/ibomberdefensepacific.standardof.net\/hu\/guide\/kampany-kuldetes-10-aligator-patak-ortorony\/ibomber-defense-pacific-campaign-mission-10-alligator-creek-4\/\"><img decoding=\"async\" width=\"800\" height=\"500\" src=\"https:\/\/ibomberdefensepacific.standardof.net\/wp-content\/uploads\/sites\/6\/2020\/10\/iBomber-Defense-Pacific-Campaign-Mission-10-Alligator-Creek-4-800x500.jpg\" alt=\"&quot;iBomber Defense Pacific&quot; - 10. kamp\u00e1nymisszi\u00f3 - &quot;Alligator Creek&quot; (4)\" data-id=\"79\" data-full-url=\"https:\/\/ibomberdefensepacific.standardof.net\/wp-content\/uploads\/sites\/6\/2020\/10\/iBomber-Defense-Pacific-Campaign-Mission-10-Alligator-Creek-4.jpg\" data-link=\"https:\/\/ibomberdefensepacific.standardof.net\/guide\/campaign-mission-10-alligator-creek-watchtower\/ibomber-defense-pacific-campaign-mission-10-alligator-creek-4\/\" class=\"wp-image-79\" srcset=\"https:\/\/ibomberdefensepacific.standardof.net\/wp-content\/uploads\/sites\/6\/2020\/10\/iBomber-Defense-Pacific-Campaign-Mission-10-Alligator-Creek-4-800x500.jpg 800w, https:\/\/ibomberdefensepacific.standardof.net\/wp-content\/uploads\/sites\/6\/2020\/10\/iBomber-Defense-Pacific-Campaign-Mission-10-Alligator-Creek-4-512x320.jpg 512w, https:\/\/ibomberdefensepacific.standardof.net\/wp-content\/uploads\/sites\/6\/2020\/10\/iBomber-Defense-Pacific-Campaign-Mission-10-Alligator-Creek-4-200x125.jpg 200w, https:\/\/ibomberdefensepacific.standardof.net\/wp-content\/uploads\/sites\/6\/2020\/10\/iBomber-Defense-Pacific-Campaign-Mission-10-Alligator-Creek-4-768x480.jpg 768w, https:\/\/ibomberdefensepacific.standardof.net\/wp-content\/uploads\/sites\/6\/2020\/10\/iBomber-Defense-Pacific-Campaign-Mission-10-Alligator-Creek-4-16x10.jpg 16w, https:\/\/ibomberdefensepacific.standardof.net\/wp-content\/uploads\/sites\/6\/2020\/10\/iBomber-Defense-Pacific-Campaign-Mission-10-Alligator-Creek-4.jpg 1280w\" sizes=\"(max-width: 800px) 100vw, 800px\" \/><\/a><figcaption class=\"blocks-gallery-item__caption\">16. hull\u00e1m torony elhelyez\u00e9se.<\/figcaption><\/figure><\/li><\/ul><\/figure>\n\n\n\n<p>Mint fentebb eml\u00edtett\u00fck, a torony elhelyez\u00e9se a hal\u00e1l folyos\u00f3j\u00e1ra \u00f6sszpontosul a konverg\u00e1lt \u00fat k\u00e9t oldal\u00e1n l\u00e9v\u0151 k\u00e9t vonal ment\u00e9n, plusz a t\u00e9rk\u00e9pen tal\u00e1lhat\u00f3 k\u00e9t f\u0151 \u00fat tal\u00e1lkoz\u00e1si pontj\u00e1t\u00f3l d\u00e9lre tal\u00e1lhat\u00f3 kis f\u00f6ldter\u00fclet. Egy dologgal tiszt\u00e1ban kell lenni azzal, hogy k\u00e9s\u0151bb ellent\u00e1mad\u00e1s lesz ezen a szinten, \u00e9s ez\u00e9rt ker\u00fclni kell a fel\u00e9p\u00fcl\u00e9st a konverg\u00e1lt \u00f6sv\u00e9ny mindk\u00e9t oldal\u00e1n a fels\u0151 3 helyen, k\u00f6zvetlen\u00fcl a b\u00e1zisa mellett, kiv\u00e9ve a k\u00e9t vagy k\u00e9t furcsa Bomb tornyot. (Ennek okait a misszi\u00f3 \u00fatmutat\u00f3ja t\u00e1rgyalja.)<\/p>\n\n\n\n<p>A konvergencia el\u0151tt egy p\u00e1r g\u00e9ppuska elhelyez\u00e9s\u00e9vel, az egyik a W bels\u0151 oldal\u00e1nak mindk\u00e9t oldal\u00e1n (\u00edgy megv\u00e9dik az alapot a m\u00e1sodlagos c\u00e9lkit\u0171z\u00e9shez), \u00e9p\u00edtsen MG-ket, \u00e1gy\u00fakat \u00e9s p\u00e1r rak\u00e9tavet\u0151t ezen a k\u00f6zponti \u00f6sv\u00e9nyen. Helyezzen egyetlen l\u00e1ngtornyot a tal\u00e1lkoz\u00e1si pont sark\u00e1ra, hogy nagyszer\u0171 \u00f6l\u00e9si z\u00f3n\u00e1t szerezzen mag\u00e1nak. Gy\u0151z\u0151dj\u00f6n meg arr\u00f3l, hogy a Comms t\u00e1mogat\u00e1st a lehet\u0151 leger\u0151sebb lefedetts\u00e9ggel eg\u00e9sz\u00edti ki, \u00e9s akkor minden rendben lesz.<\/p>\n\n\n\n<div class=\"wp-block-image\"><figure class=\"aligncenter size-large\"><a href=\"https:\/\/ibomberdefensepacific.standardof.net\/hu\/guide\/kampany-kuldetes-10-aligator-patak-ortorony\/ibomber-defense-pacific-campaign-mission-10-alligator-creek-5\/\"><img decoding=\"async\" width=\"800\" height=\"500\" src=\"https:\/\/ibomberdefensepacific.standardof.net\/wp-content\/uploads\/sites\/6\/2020\/10\/iBomber-Defense-Pacific-Campaign-Mission-10-Alligator-Creek-5-800x500.jpg\" alt=\"&quot;iBomber Defense Pacific&quot; - 10. kamp\u00e1nymisszi\u00f3 - &quot;Alligator Creek&quot; (5)\" class=\"wp-image-80\" srcset=\"https:\/\/ibomberdefensepacific.standardof.net\/wp-content\/uploads\/sites\/6\/2020\/10\/iBomber-Defense-Pacific-Campaign-Mission-10-Alligator-Creek-5-800x500.jpg 800w, https:\/\/ibomberdefensepacific.standardof.net\/wp-content\/uploads\/sites\/6\/2020\/10\/iBomber-Defense-Pacific-Campaign-Mission-10-Alligator-Creek-5-512x320.jpg 512w, https:\/\/ibomberdefensepacific.standardof.net\/wp-content\/uploads\/sites\/6\/2020\/10\/iBomber-Defense-Pacific-Campaign-Mission-10-Alligator-Creek-5-200x125.jpg 200w, https:\/\/ibomberdefensepacific.standardof.net\/wp-content\/uploads\/sites\/6\/2020\/10\/iBomber-Defense-Pacific-Campaign-Mission-10-Alligator-Creek-5-768x480.jpg 768w, https:\/\/ibomberdefensepacific.standardof.net\/wp-content\/uploads\/sites\/6\/2020\/10\/iBomber-Defense-Pacific-Campaign-Mission-10-Alligator-Creek-5-16x10.jpg 16w, https:\/\/ibomberdefensepacific.standardof.net\/wp-content\/uploads\/sites\/6\/2020\/10\/iBomber-Defense-Pacific-Campaign-Mission-10-Alligator-Creek-5.jpg 1280w\" sizes=\"(max-width: 800px) 100vw, 800px\" \/><\/a><figcaption>24. hull\u00e1mtorony elhelyez\u00e9se.<\/figcaption><\/figure><\/div>\n\n\n\n<hr class=\"wp-block-separator is-style-wide\"\/>\n\n\n\n<h3 class=\"has-text-align-center wp-block-heading\" id=\"4-veteran-difficulty-video-guide\">Veter\u00e1n Neh\u00e9zs\u00e9gi \u00fatmutat\u00f3 Vide\u00f3<\/h3>\n\n\n\n<figure class=\"wp-block-embed-youtube wp-block-embed is-type-video is-provider-youtube wp-embed-aspect-16-9 wp-has-aspect-ratio\"><div class=\"wp-block-embed__wrapper\">\n<div class=\"ast-oembed-container\" style=\"height: 100%;\"><iframe title=\"Alligator Creek - M10 iBomber Defense Pacific - Veteran Full House Walkthrough\" width=\"500\" height=\"375\" src=\"https:\/\/www.youtube.com\/embed\/1GWjWMY_Mo4?feature=oembed\" frameborder=\"0\" allow=\"accelerometer; autoplay; clipboard-write; encrypted-media; gyroscope; picture-in-picture; web-share\" referrerpolicy=\"strict-origin-when-cross-origin\" allowfullscreen><\/iframe><\/div>\n<\/div><\/figure>","protected":false},"excerpt":{"rendered":"<p>Alligator Creek: Watchtower Protect supply routes between the U.S., Australia and New Zealand by holding position in the Solomons. In Alligator Creek, you will be protecting your base at the top central path from a pair of ground paths that curve from either side in the shape of a W. Defense will focus on the [&hellip;]<\/p>","protected":false},"author":1,"featured_media":80,"parent":164,"menu_order":10,"comment_status":"open","ping_status":"closed","template":"","meta":{"_uag_custom_page_level_css":"","site-sidebar-layout":"default","site-content-layout":"default","ast-site-content-layout":"","site-content-style":"default","site-sidebar-style":"default","ast-global-header-display":"","ast-banner-title-visibility":"","ast-main-header-display":"","ast-hfb-above-header-display":"","ast-hfb-below-header-display":"","ast-hfb-mobile-header-display":"","site-post-title":"","ast-breadcrumbs-content":"","ast-featured-img":"","footer-sml-layout":"","theme-transparent-header-meta":"default","adv-header-id-meta":"","stick-header-meta":"","header-above-stick-meta":"","header-main-stick-meta":"","header-below-stick-meta":"","astra-migrate-meta-layouts":"default","ast-page-background-enabled":"default","ast-page-background-meta":{"desktop":{"background-color":"","background-image":"","background-repeat":"repeat","background-position":"center center","background-size":"auto","background-attachment":"scroll","background-type":"","background-media":"","overlay-type":"","overlay-color":"","overlay-gradient":""},"tablet":{"background-color":"","background-image":"","background-repeat":"repeat","background-position":"center center","background-size":"auto","background-attachment":"scroll","background-type":"","background-media":"","overlay-type":"","overlay-color":"","overlay-gradient":""},"mobile":{"background-color":"","background-image":"","background-repeat":"repeat","background-position":"center center","background-size":"auto","background-attachment":"scroll","background-type":"","background-media":"","overlay-type":"","overlay-color":"","overlay-gradient":""}},"ast-content-background-meta":{"desktop":{"background-color":"var(--ast-global-color-5)","background-image":"","background-repeat":"repeat","background-position":"center center","background-size":"auto","background-attachment":"scroll","background-type":"","background-media":"","overlay-type":"","overlay-color":"","overlay-gradient":""},"tablet":{"background-color":"var(--ast-global-color-5)","background-image":"","background-repeat":"repeat","background-position":"center center","background-size":"auto","background-attachment":"scroll","background-type":"","background-media":"","overlay-type":"","overlay-color":"","overlay-gradient":""},"mobile":{"background-color":"var(--ast-global-color-5)","background-image":"","background-repeat":"repeat","background-position":"center center","background-size":"auto","background-attachment":"scroll","background-type":"","background-media":"","overlay-type":"","overlay-color":"","overlay-gradient":""}},"footnotes":""},"uagb_featured_image_src":{"full":["https:\/\/ibomberdefensepacific.standardof.net\/wp-content\/uploads\/sites\/6\/2020\/10\/iBomber-Defense-Pacific-Campaign-Mission-10-Alligator-Creek-5.jpg",1280,800,false],"thumbnail":["https:\/\/ibomberdefensepacific.standardof.net\/wp-content\/uploads\/sites\/6\/2020\/10\/iBomber-Defense-Pacific-Campaign-Mission-10-Alligator-Creek-5-200x125.jpg",200,125,true],"medium":["https:\/\/ibomberdefensepacific.standardof.net\/wp-content\/uploads\/sites\/6\/2020\/10\/iBomber-Defense-Pacific-Campaign-Mission-10-Alligator-Creek-5-512x320.jpg",512,320,true],"medium_large":["https:\/\/ibomberdefensepacific.standardof.net\/wp-content\/uploads\/sites\/6\/2020\/10\/iBomber-Defense-Pacific-Campaign-Mission-10-Alligator-Creek-5-768x480.jpg",768,480,true],"large":["https:\/\/ibomberdefensepacific.standardof.net\/wp-content\/uploads\/sites\/6\/2020\/10\/iBomber-Defense-Pacific-Campaign-Mission-10-Alligator-Creek-5-800x500.jpg",800,500,true],"1536x1536":["https:\/\/ibomberdefensepacific.standardof.net\/wp-content\/uploads\/sites\/6\/2020\/10\/iBomber-Defense-Pacific-Campaign-Mission-10-Alligator-Creek-5.jpg",1280,800,false],"2048x2048":["https:\/\/ibomberdefensepacific.standardof.net\/wp-content\/uploads\/sites\/6\/2020\/10\/iBomber-Defense-Pacific-Campaign-Mission-10-Alligator-Creek-5.jpg",1280,800,false],"trp-custom-language-flag":["https:\/\/ibomberdefensepacific.standardof.net\/wp-content\/uploads\/sites\/6\/2020\/10\/iBomber-Defense-Pacific-Campaign-Mission-10-Alligator-Creek-5-16x10.jpg",16,10,true]},"uagb_author_info":{"display_name":"SOE","author_link":"https:\/\/ibomberdefensepacific.standardof.net\/hu\/author\/k-tastic\/"},"uagb_comment_info":0,"uagb_excerpt":"Alligator Creek: Watchtower Protect supply routes between the U.S., Australia and New Zealand by holding position in the Solomons. In Alligator Creek, you will be protecting your base at the top central path from a pair of ground paths that curve from either side in the shape of a W. Defense will focus on the&hellip;","_links":{"self":[{"href":"https:\/\/ibomberdefensepacific.standardof.net\/hu\/wp-json\/wp\/v2\/pages\/207"}],"collection":[{"href":"https:\/\/ibomberdefensepacific.standardof.net\/hu\/wp-json\/wp\/v2\/pages"}],"about":[{"href":"https:\/\/ibomberdefensepacific.standardof.net\/hu\/wp-json\/wp\/v2\/types\/page"}],"author":[{"embeddable":true,"href":"https:\/\/ibomberdefensepacific.standardof.net\/hu\/wp-json\/wp\/v2\/users\/1"}],"replies":[{"embeddable":true,"href":"https:\/\/ibomberdefensepacific.standardof.net\/hu\/wp-json\/wp\/v2\/comments?post=207"}],"version-history":[{"count":0,"href":"https:\/\/ibomberdefensepacific.standardof.net\/hu\/wp-json\/wp\/v2\/pages\/207\/revisions"}],"up":[{"embeddable":true,"href":"https:\/\/ibomberdefensepacific.standardof.net\/hu\/wp-json\/wp\/v2\/pages\/164"}],"wp:featuredmedia":[{"embeddable":true,"href":"https:\/\/ibomberdefensepacific.standardof.net\/hu\/wp-json\/wp\/v2\/media\/80"}],"wp:attachment":[{"href":"https:\/\/ibomberdefensepacific.standardof.net\/hu\/wp-json\/wp\/v2\/media?parent=207"}],"curies":[{"name":"wp","href":"https:\/\/api.w.org\/{rel}","templated":true}]}}