{"id":206,"date":"2020-10-21T13:33:01","date_gmt":"2020-10-21T13:33:01","guid":{"rendered":"https:\/\/ibomberdefensepacific.standardof.net\/?page_id=206"},"modified":"2020-10-21T17:21:13","modified_gmt":"2020-10-21T17:21:13","slug":"campaign-mission-09-coral-sea-sea-attack","status":"publish","type":"page","link":"https:\/\/ibomberdefensepacific.standardof.net\/hu\/guide\/kampany-kuldetes-09-korall-tenger-tenger-tamadas\/","title":{"rendered":"Kamp\u00e1nymisszi\u00f3 09: \u201eKorall-tenger\u201d tengeri t\u00e1mad\u00e1s"},"content":{"rendered":"<h2 class=\"wp-block-heading\">Korall-tenger: Tengeri t\u00e1mad\u00e1s<\/h2>\n\n\n\n<div class=\"wp-block-image\"><figure class=\"aligncenter size-large\"><a href=\"https:\/\/ibomberdefensepacific.standardof.net\/hu\/guide\/kampany-kuldetes-09-korall-tenger-tenger-tamadas\/ibomber-defense-pacific-campaign-mission-09-coral-sea-1-copy\/\"><img decoding=\"async\" width=\"800\" height=\"500\" src=\"https:\/\/ibomberdefensepacific.standardof.net\/wp-content\/uploads\/sites\/6\/2020\/10\/iBomber-Defense-Pacific-Campaign-Mission-09-Coral-Sea-1-copy-800x500.jpg\" alt=\"&quot;iBomber Defense Pacific&quot; - 09. kamp\u00e1nymisszi\u00f3 - &quot;Korall-tenger&quot; (1)\" class=\"wp-image-72\" srcset=\"https:\/\/ibomberdefensepacific.standardof.net\/wp-content\/uploads\/sites\/6\/2020\/10\/iBomber-Defense-Pacific-Campaign-Mission-09-Coral-Sea-1-copy-800x500.jpg 800w, https:\/\/ibomberdefensepacific.standardof.net\/wp-content\/uploads\/sites\/6\/2020\/10\/iBomber-Defense-Pacific-Campaign-Mission-09-Coral-Sea-1-copy-512x320.jpg 512w, https:\/\/ibomberdefensepacific.standardof.net\/wp-content\/uploads\/sites\/6\/2020\/10\/iBomber-Defense-Pacific-Campaign-Mission-09-Coral-Sea-1-copy-200x125.jpg 200w, https:\/\/ibomberdefensepacific.standardof.net\/wp-content\/uploads\/sites\/6\/2020\/10\/iBomber-Defense-Pacific-Campaign-Mission-09-Coral-Sea-1-copy-768x480.jpg 768w, https:\/\/ibomberdefensepacific.standardof.net\/wp-content\/uploads\/sites\/6\/2020\/10\/iBomber-Defense-Pacific-Campaign-Mission-09-Coral-Sea-1-copy-16x10.jpg 16w, https:\/\/ibomberdefensepacific.standardof.net\/wp-content\/uploads\/sites\/6\/2020\/10\/iBomber-Defense-Pacific-Campaign-Mission-09-Coral-Sea-1-copy.jpg 1280w\" sizes=\"(max-width: 800px) 100vw, 800px\" \/><\/a><figcaption>A Korall-tenger f\u0151hull\u00e1m-ellens\u00e9gei pirosakkal \u00e9s z\u00f6ld nyilakkal vannak kih\u00fazva, amelyek azt mutatj\u00e1k, hogy mik\u00e9nt fognak k\u00f6zeledni a lopakod\u00f3 t\u00e1mad\u00e1sok.<\/figcaption><\/figure><\/div>\n\n\n\n<p><em>\u00c1ll\u00edtsa le az ellens\u00e9ges inv\u00e1zi\u00f3t, amely meger\u0151s\u00edtett v\u00e9delmi poz\u00edci\u00f3jukhoz vezet a Csendes-\u00f3ce\u00e1n d\u00e9li r\u00e9sz\u00e9n.<\/em><\/p>\n\n\n\n<p>A Korall-tengeren 20 ellens\u00e9ges haditenger\u00e9szeti hull\u00e1mmal kell szemben\u00e9znie, amelyek f\u0151leg egyetlen r\u00f6gz\u00edtett \u00f6sv\u00e9nyen haladnak, amely a t\u00e9rk\u00e9p k\u00f6zep\u00e9n egy lapos U-t tesz. A sunyi t\u00e1mad\u00e1sok kiss\u00e9 megdobj\u00e1k a dolgokat, mivel szinte minden m\u00e1s ir\u00e1nyb\u00f3l bej\u00f6nnek, kiv\u00e9ve nyugatot. Ezeket az elcs\u00e9pelt t\u00e1mad\u00e1sokat kiss\u00e9 kev\u00e9sb\u00e9 lehet vesz\u00e9lyess\u00e9 tenni, ha megfelel\u0151 bombaell\u00e1t\u00e1ssal k\u00e9sz\u00fclsz fel.<\/p>\n\n\n\n<p>A haditenger\u00e9szeti egys\u00e9gek \u00fatj\u00e1nak gyenge terep\u00e9nek k\u00f6sz\u00f6nhet\u0151en val\u00f3ban nincsenek nagyszer\u0171 fed\u00e9si helyek a tornyok elhelyez\u00e9s\u00e9re. Kombin\u00e1lva a haditenger\u00e9szeti misszi\u00f3kban megszokott korl\u00e1tozott j\u00f6vedelemmel \u00e9s a bombatoronyok sz\u00fcks\u00e9gess\u00e9g\u00e9vel az alattomos t\u00e1mad\u00e1sok kezel\u00e9s\u00e9hez, a f\u00f6ld egy kis r\u00e9sz\u00e9nek a meger\u00f5s\u00edt\u00e9s\u00e9re szor\u00edtkozik, ahol a haditenger\u00e9szeti \u00f6sv\u00e9nyt mindk\u00e9t oldalon szigetek veszik k\u00f6r\u00fcl.<\/p>\n\n\n\n<p>Ez az \u00fatmutat\u00f3 kit\u00e9r arra, hogy mik\u00e9nt juthat el a Teleh\u00e1zhoz, amely minden \u00e9remmel \u00e9s 20 gy\u0151zelmi ponttal t\u00f6k\u00e9letes fordul\u00f3 a Korall-tenger szintj\u00e9n. <em>iBomber Defense Pacific<\/em> kamp\u00e1ny, a Veter\u00e1n neh\u00e9zs\u00e9geken j\u00e1tszott. Ezenk\u00edv\u00fcl ez a k\u00fcldet\u00e9si \u00fatmutat\u00f3 a m\u00e1sodlagos \u00e9s rejtett c\u00e9lokat, valamint egy \u00e1ttekint\u0151 vide\u00f3t is tartalmaz.<\/p>\n\n\n\t\t\t\t<div class=\"wp-block-uagb-table-of-contents uagb-toc__align-left uagb-toc__columns-1  uagb-block-6325e60f\"\n\t\t\t\t\tdata-scroll= \"1\"\n\t\t\t\t\tdata-offset= \"30\"\n\t\t\t\t\tstyle=\"\"\n\t\t\t\t>\n\t\t\t\t<div class=\"uagb-toc__wrap\">\n\t\t\t\t\t\t<div class=\"uagb-toc__title\">\n\t\t\t\t\t\t\t\u00datmutat\u00f3 navig\u00e1ci\u00f3:\t\t\t\t\t\t<\/div>\n\t\t\t\t\t\t\t\t\t\t\t\t\t\t\t\t<div class=\"uagb-toc__list-wrap\">\n\t\t\t\t\t\t<ol class=\"uagb-toc__list\"><li class=\"uagb-toc__list\"><a href=\"#secondary-objective\" class=\"uagb-toc-link__trigger\">M\u00e1sodlagos c\u00e9l<\/a><li class=\"uagb-toc__list\"><a href=\"#perks-used-for-this-mission\" class=\"uagb-toc-link__trigger\">A k\u00fcldet\u00e9shez haszn\u00e1lt juttat\u00e1sok:<\/a><li class=\"uagb-toc__list\"><a href=\"#hidden-target\" class=\"uagb-toc-link__trigger\">Rejtett c\u00e9l<\/a><li class=\"uagb-toc__list\"><a href=\"#turret-placement\" class=\"uagb-toc-link__trigger\">Torony elhelyez\u00e9se<\/a><li class=\"uagb-toc__list\"><a href=\"#veteran-difficulty-video-guide\" class=\"uagb-toc-link__trigger\">Veter\u00e1n Neh\u00e9zs\u00e9gi \u00fatmutat\u00f3 Vide\u00f3<\/a><\/ol>\t\t\t\t\t<\/div>\n\t\t\t\t\t\t\t\t\t<\/div>\n\t\t\t\t<\/div>\n\t\t\t\n\n\n<hr class=\"wp-block-separator is-style-wide\"\/>\n\n\n\n<h3 class=\"wp-block-heading\">M\u00e1sodlagos c\u00e9l<\/h3>\n\n\n\n<p><em>Az ell\u00e1t\u00e1s sz\u00e9tsz\u00f3r\u00f3dott a szigeteken. Gy\u0171jtsd \u00f6ssze mindet.<\/em><\/p>\n\n\n\n<p>Mint fentebb eml\u00edtett\u00fck, ezen a szinten elengedhetetlen a sz\u00e9p bombaell\u00e1t\u00e1s. Ezeknek a l\u00e1d\u00e1knak a t\u00f6bbs\u00e9g\u00e9t bomb\u00e1kkal kell \u00f6sszegy\u0171jteni, nem csak a v\u00e9delem szoros fenntart\u00e1sa \u00e9rdek\u00e9ben, hanem bizonyos helyeken is szabad helyet kell biztos\u00edtani, amelyeket jobban szolg\u00e1lnak a tornyokkal. Ez mindenk\u00e9ppen az eddigi egyik legnagyobb mennyis\u00e9g\u0171 l\u00e1daszint, ami kiad\u00f3s j\u00f6vedelem-k\u00edn\u00e1latot jelent.<\/p>\n\n\n\n<p><strong>Ell\u00e1t\u00f3 l\u00e1d\u00e1k:<\/strong> 9.<\/p>\n\n\n\n<p><strong>Eddigi gy\u0151zelmi pontok:<\/strong> 160<\/p>\n\n\n\n<ul><li>G\u00e9pfegyver lvl 3<br><sup>X2 Power vs Flamed specializ\u00e1ci\u00f3<\/sup><\/li><li>\u00c1gy\u00fa lvl 3<\/li><li>Bomba lvl 2<\/li><li>Flamer lvl 3<\/li><li>Comms lvl 3<\/li><\/ul>\n\n\n\n<hr class=\"wp-block-separator is-style-wide\"\/>\n\n\n\n<h3 class=\"wp-block-heading\">A k\u00fcldet\u00e9shez haszn\u00e1lt juttat\u00e1sok:<\/h3>\n\n\n\n<ul><li>Greenback II<\/li><li>Sasszem I.<\/li><li>Speci\u00e1lis k\u00e9zbes\u00edt\u00e9s<\/li><\/ul>\n\n\n\n<p>Mivel ezen a szinten sok l\u00e1da lesz, a Special Delivery term\u00e9szetes v\u00e1laszt\u00e1s. A Sasszem \u00e9s a most feloldott Greenback II csak \u00e1ltal\u00e1ban el\u0151ny\u00f6s v\u00e1laszt\u00e1s erre a szintre.<\/p>\n\n\n\n<hr class=\"wp-block-separator is-style-wide\"\/>\n\n\n\n<h3 class=\"wp-block-heading\">Rejtett c\u00e9l<\/h3>\n\n\n\n<p>A sziget k\u00f6zponti sorozat\u00e1ban k\u00e9t kis kunyh\u00f3 tal\u00e1lhat\u00f3, amelyek a t\u00e9rk\u00e9p k\u00f6z\u00e9ps\u0151 r\u00e9sz\u00e9t alkotj\u00e1k. A jobb fels\u0151 sarokban tal\u00e1lhat\u00f3 nagyobb kunyh\u00f3 a rejtett c\u00e9lpontod, amelyet a Korall-tengeren kell bomb\u00e1znod.<\/p>\n\n\n\n<div class=\"wp-block-image\"><figure class=\"aligncenter size-large\"><a href=\"https:\/\/ibomberdefensepacific.standardof.net\/hu\/guide\/kampany-kuldetes-09-korall-tenger-tenger-tamadas\/ibomber-defense-pacific-campaign-mission-09-coral-sea-2\/\"><img decoding=\"async\" width=\"302\" height=\"253\" src=\"https:\/\/ibomberdefensepacific.standardof.net\/wp-content\/uploads\/sites\/6\/2020\/10\/iBomber-Defense-Pacific-Campaign-Mission-09-Coral-Sea-2.jpg\" alt=\"&quot;iBomber Defense Pacific&quot; - Kamp\u00e1nymisszi\u00f3 09 - &quot;Korall-tenger&quot; (2)\" class=\"wp-image-73\" srcset=\"https:\/\/ibomberdefensepacific.standardof.net\/wp-content\/uploads\/sites\/6\/2020\/10\/iBomber-Defense-Pacific-Campaign-Mission-09-Coral-Sea-2.jpg 302w, https:\/\/ibomberdefensepacific.standardof.net\/wp-content\/uploads\/sites\/6\/2020\/10\/iBomber-Defense-Pacific-Campaign-Mission-09-Coral-Sea-2-200x168.jpg 200w, https:\/\/ibomberdefensepacific.standardof.net\/wp-content\/uploads\/sites\/6\/2020\/10\/iBomber-Defense-Pacific-Campaign-Mission-09-Coral-Sea-2-14x12.jpg 14w\" sizes=\"(max-width: 302px) 100vw, 302px\" \/><\/a><figcaption>Ez a kis kunyh\u00f3 a rejtett c\u00e9lpontod ezen a szinten.<\/figcaption><\/figure><\/div>\n\n\n\n<hr class=\"wp-block-separator is-style-wide\"\/>\n\n\n\n<h3 class=\"wp-block-heading\">Torony elhelyez\u00e9se<\/h3>\n\n\n\n<figure class=\"wp-block-gallery columns-2 is-cropped wp-block-gallery-1 is-layout-flex wp-block-gallery-is-layout-flex\"><ul class=\"blocks-gallery-grid\"><li class=\"blocks-gallery-item\"><figure><a href=\"https:\/\/ibomberdefensepacific.standardof.net\/hu\/guide\/kampany-kuldetes-09-korall-tenger-tenger-tamadas\/ibomber-defense-pacific-campaign-mission-09-coral-sea-3\/\"><img decoding=\"async\" width=\"800\" height=\"500\" src=\"https:\/\/ibomberdefensepacific.standardof.net\/wp-content\/uploads\/sites\/6\/2020\/10\/iBomber-Defense-Pacific-Campaign-Mission-09-Coral-Sea-3-800x500.jpg\" alt=\"&quot;iBomber Defense Pacific&quot; - 09. kamp\u00e1nymisszi\u00f3 - &quot;Korall-tenger&quot; (3)\" data-id=\"74\" data-full-url=\"https:\/\/ibomberdefensepacific.standardof.net\/wp-content\/uploads\/sites\/6\/2020\/10\/iBomber-Defense-Pacific-Campaign-Mission-09-Coral-Sea-3.jpg\" data-link=\"https:\/\/ibomberdefensepacific.standardof.net\/guide\/campaign-mission-09-coral-sea-sea-attack\/ibomber-defense-pacific-campaign-mission-09-coral-sea-3\/\" class=\"wp-image-74\" srcset=\"https:\/\/ibomberdefensepacific.standardof.net\/wp-content\/uploads\/sites\/6\/2020\/10\/iBomber-Defense-Pacific-Campaign-Mission-09-Coral-Sea-3-800x500.jpg 800w, https:\/\/ibomberdefensepacific.standardof.net\/wp-content\/uploads\/sites\/6\/2020\/10\/iBomber-Defense-Pacific-Campaign-Mission-09-Coral-Sea-3-512x320.jpg 512w, https:\/\/ibomberdefensepacific.standardof.net\/wp-content\/uploads\/sites\/6\/2020\/10\/iBomber-Defense-Pacific-Campaign-Mission-09-Coral-Sea-3-200x125.jpg 200w, https:\/\/ibomberdefensepacific.standardof.net\/wp-content\/uploads\/sites\/6\/2020\/10\/iBomber-Defense-Pacific-Campaign-Mission-09-Coral-Sea-3-768x480.jpg 768w, https:\/\/ibomberdefensepacific.standardof.net\/wp-content\/uploads\/sites\/6\/2020\/10\/iBomber-Defense-Pacific-Campaign-Mission-09-Coral-Sea-3-16x10.jpg 16w, https:\/\/ibomberdefensepacific.standardof.net\/wp-content\/uploads\/sites\/6\/2020\/10\/iBomber-Defense-Pacific-Campaign-Mission-09-Coral-Sea-3.jpg 1280w\" sizes=\"(max-width: 800px) 100vw, 800px\" \/><\/a><figcaption class=\"blocks-gallery-item__caption\">10. hull\u00e1m torony elhelyez\u00e9se a Korall-tengeren.<\/figcaption><\/figure><\/li><li class=\"blocks-gallery-item\"><figure><a href=\"https:\/\/ibomberdefensepacific.standardof.net\/hu\/guide\/kampany-kuldetes-09-korall-tenger-tenger-tamadas\/ibomber-defense-pacific-campaign-mission-09-coral-sea-4\/\"><img decoding=\"async\" width=\"800\" height=\"500\" src=\"https:\/\/ibomberdefensepacific.standardof.net\/wp-content\/uploads\/sites\/6\/2020\/10\/iBomber-Defense-Pacific-Campaign-Mission-09-Coral-Sea-4-800x500.jpg\" alt=\"&quot;iBomber Defense Pacific&quot; - 09. kamp\u00e1nymisszi\u00f3 - &quot;Korall-tenger&quot; (4)\" data-id=\"75\" data-full-url=\"https:\/\/ibomberdefensepacific.standardof.net\/wp-content\/uploads\/sites\/6\/2020\/10\/iBomber-Defense-Pacific-Campaign-Mission-09-Coral-Sea-4.jpg\" data-link=\"https:\/\/ibomberdefensepacific.standardof.net\/guide\/campaign-mission-09-coral-sea-sea-attack\/ibomber-defense-pacific-campaign-mission-09-coral-sea-4\/\" class=\"wp-image-75\" srcset=\"https:\/\/ibomberdefensepacific.standardof.net\/wp-content\/uploads\/sites\/6\/2020\/10\/iBomber-Defense-Pacific-Campaign-Mission-09-Coral-Sea-4-800x500.jpg 800w, https:\/\/ibomberdefensepacific.standardof.net\/wp-content\/uploads\/sites\/6\/2020\/10\/iBomber-Defense-Pacific-Campaign-Mission-09-Coral-Sea-4-512x320.jpg 512w, https:\/\/ibomberdefensepacific.standardof.net\/wp-content\/uploads\/sites\/6\/2020\/10\/iBomber-Defense-Pacific-Campaign-Mission-09-Coral-Sea-4-200x125.jpg 200w, https:\/\/ibomberdefensepacific.standardof.net\/wp-content\/uploads\/sites\/6\/2020\/10\/iBomber-Defense-Pacific-Campaign-Mission-09-Coral-Sea-4-768x480.jpg 768w, https:\/\/ibomberdefensepacific.standardof.net\/wp-content\/uploads\/sites\/6\/2020\/10\/iBomber-Defense-Pacific-Campaign-Mission-09-Coral-Sea-4-16x10.jpg 16w, https:\/\/ibomberdefensepacific.standardof.net\/wp-content\/uploads\/sites\/6\/2020\/10\/iBomber-Defense-Pacific-Campaign-Mission-09-Coral-Sea-4.jpg 1200w\" sizes=\"(max-width: 800px) 100vw, 800px\" \/><\/a><figcaption class=\"blocks-gallery-item__caption\">20. hull\u00e1mtorony elhelyez\u00e9se.<\/figcaption><\/figure><\/li><\/ul><\/figure>\n\n\n\n<p>Pontosabban ennek a szintnek azzal kell kezd\u0151dnie, hogy egy g\u00e9ppuska-p\u00e1rot kell elhelyezni a legd\u00e9lebbi sziget k\u00e9t ny\u00edlt hely\u00e9re, a flamert pedig a t\u0151l\u00fck \u00e9szakra fekv\u0151 sziget homokos \u00f6sv\u00e9ny\u00e9n kell elhelyezni. Ezenk\u00edv\u00fcl helyezzen el egy bomba-tornyot a sziget legt\u00e1volabbi \u00e9szaknyugati v\u00e9g\u00e9hez, amely a legk\u00f6zelebb van a b\u00e1zis\u00e1hoz, amennyire csak lehets\u00e9ges. Haszn\u00e1lja a tornyokat, hogy kitiszt\u00edtsa a l\u00e1d\u00e1kat, hogy teret ny\u00fajtson egy esetleges Comms \u00e9s Cannon sz\u00e1m\u00e1ra.<\/p>\n\n\n\n<p>A bomb\u00e1kat val\u00f3sz\u00edn\u0171leg el\u0151sz\u00f6r rangsorolni fogj\u00e1k n\u00e9h\u00e1ny besurran\u00f3 t\u00e1mad\u00e1s eset\u00e9ben; azonban tartsa addig, am\u00edg kiveszi a j\u00e1r\u0151rhaj\u00f3kat, amelyek azonnal megjelennek az \u00fct\u0151t\u0151l, am\u00edg nagyobb cirk\u00e1l\u00f3 m\u00e9ret\u0171 testv\u00e9reik meg nem jelennek. Ellenkez\u0151 esetben haszn\u00e1ljon bomb\u00e1kat a l\u00e1d\u00e1k kitiszt\u00edt\u00e1s\u00e1hoz a szigetekr\u0151l, kezdve a bal oldali szigetekkel \u00e9s a sz\u00e9ls\u0151jobb szigeten. A szint v\u00e9ge fel\u00e9 dolgozzon annak a d\u00e9li szigetnek a korszer\u0171s\u00edt\u00e9s\u00e9n, mik\u00f6zben hozz\u00e1ad egy hasonl\u00f3 g\u00e9ppuska, \u00e1gy\u00fa \u00e9s komm parancssorot a bal fels\u0151 szigethez, a kicsiben pedig egy MG-vel, \u00e9s el\u00e9gg\u00e9 sz\u00f3szosnak kell lennie.<\/p>\n\n\n\n<hr class=\"wp-block-separator is-style-wide\"\/>\n\n\n\n<h3 class=\"has-text-align-center wp-block-heading\" id=\"4-veteran-difficulty-video-guide\">Veter\u00e1n Neh\u00e9zs\u00e9gi \u00fatmutat\u00f3 Vide\u00f3<\/h3>\n\n\n\n<figure class=\"wp-block-embed-youtube wp-block-embed is-type-video is-provider-youtube wp-embed-aspect-4-3 wp-has-aspect-ratio\"><div class=\"wp-block-embed__wrapper\">\n<div class=\"ast-oembed-container\" style=\"height: 100%;\"><iframe title=\"Korall-tenger - M9 iBomber Defense Pacific - Veter\u00e1n telt h\u00e1z \u00e1ttekint\u00e9s\" width=\"500\" height=\"375\" src=\"https:\/\/www.youtube.com\/embed\/LlAmhLZY_ck?feature=oembed\" frameborder=\"0\" allow=\"accelerometer; autoplay; clipboard-write; encrypted-media; gyroscope; picture-in-picture; web-share\" referrerpolicy=\"strict-origin-when-cross-origin\" allowfullscreen><\/iframe><\/div>\n<\/div><\/figure>","protected":false},"excerpt":{"rendered":"<p>Coral Sea: Sea Attack Stop the enemy invasion which would lead to their strengthened defensive position in the South Pacific. In Coral Sea, you will be facing 20 waves of enemy naval units, which mainly proceed along a single fixed path that makes a flattened-out U across the middle of the map. Sneak attacks will [&hellip;]<\/p>","protected":false},"author":1,"featured_media":75,"parent":164,"menu_order":9,"comment_status":"open","ping_status":"closed","template":"","meta":{"_uag_custom_page_level_css":"","site-sidebar-layout":"default","site-content-layout":"default","ast-site-content-layout":"","site-content-style":"default","site-sidebar-style":"default","ast-global-header-display":"","ast-banner-title-visibility":"","ast-main-header-display":"","ast-hfb-above-header-display":"","ast-hfb-below-header-display":"","ast-hfb-mobile-header-display":"","site-post-title":"","ast-breadcrumbs-content":"","ast-featured-img":"","footer-sml-layout":"","theme-transparent-header-meta":"default","adv-header-id-meta":"","stick-header-meta":"","header-above-stick-meta":"","header-main-stick-meta":"","header-below-stick-meta":"","astra-migrate-meta-layouts":"default","ast-page-background-enabled":"default","ast-page-background-meta":{"desktop":{"background-color":"","background-image":"","background-repeat":"repeat","background-position":"center center","background-size":"auto","background-attachment":"scroll","background-type":"","background-media":"","overlay-type":"","overlay-color":"","overlay-gradient":""},"tablet":{"background-color":"","background-image":"","background-repeat":"repeat","background-position":"center center","background-size":"auto","background-attachment":"scroll","background-type":"","background-media":"","overlay-type":"","overlay-color":"","overlay-gradient":""},"mobile":{"background-color":"","background-image":"","background-repeat":"repeat","background-position":"center center","background-size":"auto","background-attachment":"scroll","background-type":"","background-media":"","overlay-type":"","overlay-color":"","overlay-gradient":""}},"ast-content-background-meta":{"desktop":{"background-color":"var(--ast-global-color-5)","background-image":"","background-repeat":"repeat","background-position":"center center","background-size":"auto","background-attachment":"scroll","background-type":"","background-media":"","overlay-type":"","overlay-color":"","overlay-gradient":""},"tablet":{"background-color":"var(--ast-global-color-5)","background-image":"","background-repeat":"repeat","background-position":"center center","background-size":"auto","background-attachment":"scroll","background-type":"","background-media":"","overlay-type":"","overlay-color":"","overlay-gradient":""},"mobile":{"background-color":"var(--ast-global-color-5)","background-image":"","background-repeat":"repeat","background-position":"center center","background-size":"auto","background-attachment":"scroll","background-type":"","background-media":"","overlay-type":"","overlay-color":"","overlay-gradient":""}},"footnotes":""},"uagb_featured_image_src":{"full":["https:\/\/ibomberdefensepacific.standardof.net\/wp-content\/uploads\/sites\/6\/2020\/10\/iBomber-Defense-Pacific-Campaign-Mission-09-Coral-Sea-4.jpg",1200,750,false],"thumbnail":["https:\/\/ibomberdefensepacific.standardof.net\/wp-content\/uploads\/sites\/6\/2020\/10\/iBomber-Defense-Pacific-Campaign-Mission-09-Coral-Sea-4-200x125.jpg",200,125,true],"medium":["https:\/\/ibomberdefensepacific.standardof.net\/wp-content\/uploads\/sites\/6\/2020\/10\/iBomber-Defense-Pacific-Campaign-Mission-09-Coral-Sea-4-512x320.jpg",512,320,true],"medium_large":["https:\/\/ibomberdefensepacific.standardof.net\/wp-content\/uploads\/sites\/6\/2020\/10\/iBomber-Defense-Pacific-Campaign-Mission-09-Coral-Sea-4-768x480.jpg",768,480,true],"large":["https:\/\/ibomberdefensepacific.standardof.net\/wp-content\/uploads\/sites\/6\/2020\/10\/iBomber-Defense-Pacific-Campaign-Mission-09-Coral-Sea-4-800x500.jpg",800,500,true],"1536x1536":["https:\/\/ibomberdefensepacific.standardof.net\/wp-content\/uploads\/sites\/6\/2020\/10\/iBomber-Defense-Pacific-Campaign-Mission-09-Coral-Sea-4.jpg",1200,750,false],"2048x2048":["https:\/\/ibomberdefensepacific.standardof.net\/wp-content\/uploads\/sites\/6\/2020\/10\/iBomber-Defense-Pacific-Campaign-Mission-09-Coral-Sea-4.jpg",1200,750,false],"trp-custom-language-flag":["https:\/\/ibomberdefensepacific.standardof.net\/wp-content\/uploads\/sites\/6\/2020\/10\/iBomber-Defense-Pacific-Campaign-Mission-09-Coral-Sea-4-16x10.jpg",16,10,true]},"uagb_author_info":{"display_name":"SOE","author_link":"https:\/\/ibomberdefensepacific.standardof.net\/hu\/author\/k-tastic\/"},"uagb_comment_info":0,"uagb_excerpt":"Coral Sea: Sea Attack Stop the enemy invasion which would lead to their strengthened defensive position in the South Pacific. In Coral Sea, you will be facing 20 waves of enemy naval units, which mainly proceed along a single fixed path that makes a flattened-out U across the middle of the map. Sneak attacks will&hellip;","_links":{"self":[{"href":"https:\/\/ibomberdefensepacific.standardof.net\/hu\/wp-json\/wp\/v2\/pages\/206"}],"collection":[{"href":"https:\/\/ibomberdefensepacific.standardof.net\/hu\/wp-json\/wp\/v2\/pages"}],"about":[{"href":"https:\/\/ibomberdefensepacific.standardof.net\/hu\/wp-json\/wp\/v2\/types\/page"}],"author":[{"embeddable":true,"href":"https:\/\/ibomberdefensepacific.standardof.net\/hu\/wp-json\/wp\/v2\/users\/1"}],"replies":[{"embeddable":true,"href":"https:\/\/ibomberdefensepacific.standardof.net\/hu\/wp-json\/wp\/v2\/comments?post=206"}],"version-history":[{"count":0,"href":"https:\/\/ibomberdefensepacific.standardof.net\/hu\/wp-json\/wp\/v2\/pages\/206\/revisions"}],"up":[{"embeddable":true,"href":"https:\/\/ibomberdefensepacific.standardof.net\/hu\/wp-json\/wp\/v2\/pages\/164"}],"wp:featuredmedia":[{"embeddable":true,"href":"https:\/\/ibomberdefensepacific.standardof.net\/hu\/wp-json\/wp\/v2\/media\/75"}],"wp:attachment":[{"href":"https:\/\/ibomberdefensepacific.standardof.net\/hu\/wp-json\/wp\/v2\/media?parent=206"}],"curies":[{"name":"wp","href":"https:\/\/api.w.org\/{rel}","templated":true}]}}