{"id":199,"date":"2020-10-21T13:32:06","date_gmt":"2020-10-21T13:32:06","guid":{"rendered":"https:\/\/ibomberdefensepacific.standardof.net\/?page_id=199"},"modified":"2020-10-21T17:21:04","modified_gmt":"2020-10-21T17:21:04","slug":"campaign-mission-08-operation-mai-counterattack","status":"publish","type":"page","link":"https:\/\/ibomberdefensepacific.standardof.net\/hu\/guide\/kampany-kuldetes-08-muvelet-mai-ellentamadas\/","title":{"rendered":"Kamp\u00e1nymisszi\u00f3 08: \u201eMai m\u0171velet\u201d ellent\u00e1mad\u00e1s"},"content":{"rendered":"<h2 class=\"wp-block-heading\">Mai m\u0171velet: ellent\u00e1mad\u00e1s<\/h2>\n\n\n\n<div class=\"wp-block-image\"><figure class=\"aligncenter size-large\"><a href=\"https:\/\/ibomberdefensepacific.standardof.net\/hu\/guide\/kampany-kuldetes-08-muvelet-mai-ellentamadas\/ibomber-defense-pacific-campaign-mission-08-operation-mai-1-copy\/\"><img decoding=\"async\" width=\"800\" height=\"500\" src=\"https:\/\/ibomberdefensepacific.standardof.net\/wp-content\/uploads\/sites\/6\/2020\/10\/iBomber-Defense-Pacific-Campaign-Mission-08-Operation-Mai-1-copy-800x500.jpg\" alt=\"&quot;iBomber Defense Pacific&quot; - Kamp\u00e1nymisszi\u00f3 08 - &quot;Mai m\u0171velet&quot; (1)\" class=\"wp-image-69\" srcset=\"https:\/\/ibomberdefensepacific.standardof.net\/wp-content\/uploads\/sites\/6\/2020\/10\/iBomber-Defense-Pacific-Campaign-Mission-08-Operation-Mai-1-copy-800x500.jpg 800w, https:\/\/ibomberdefensepacific.standardof.net\/wp-content\/uploads\/sites\/6\/2020\/10\/iBomber-Defense-Pacific-Campaign-Mission-08-Operation-Mai-1-copy-512x320.jpg 512w, https:\/\/ibomberdefensepacific.standardof.net\/wp-content\/uploads\/sites\/6\/2020\/10\/iBomber-Defense-Pacific-Campaign-Mission-08-Operation-Mai-1-copy-200x125.jpg 200w, https:\/\/ibomberdefensepacific.standardof.net\/wp-content\/uploads\/sites\/6\/2020\/10\/iBomber-Defense-Pacific-Campaign-Mission-08-Operation-Mai-1-copy-768x480.jpg 768w, https:\/\/ibomberdefensepacific.standardof.net\/wp-content\/uploads\/sites\/6\/2020\/10\/iBomber-Defense-Pacific-Campaign-Mission-08-Operation-Mai-1-copy-16x10.jpg 16w, https:\/\/ibomberdefensepacific.standardof.net\/wp-content\/uploads\/sites\/6\/2020\/10\/iBomber-Defense-Pacific-Campaign-Mission-08-Operation-Mai-1-copy.jpg 1280w\" sizes=\"(max-width: 800px) 100vw, 800px\" \/><\/a><figcaption>Az \u201eiBomber Defense Pacific\u201d Mai hadm\u0171veletben az ellens\u00e9g hull\u00e1mai hull\u00e1moznak.<\/figcaption><\/figure><\/div>\n\n\n\n<p><em>Ne hagyja, hogy a l\u00e9tfontoss\u00e1g\u00fa lesz\u00e1ll\u00f3p\u00e1ly\u00e1k ellens\u00e9g kez\u00e9be ker\u00fcljenek.<\/em><\/p>\n\n\n\n<p>A Mai m\u0171velet az els\u0151 ellent\u00e1mad\u00e1si misszi\u00f3 Lengyelorsz\u00e1gban <em>iBomber Defense Pacific<\/em>kamp\u00e1nya, amely meglehet\u0151sen hasonl\u00edt az el\u0151z\u0151 j\u00e1t\u00e9k koncepci\u00f3j\u00e1hoz, miszerint visszat\u00e9r egy el\u0151z\u0151 csatat\u00e9rre egy \u00fajabb fordul\u00f3ra. Ezen a szinten visszat\u00e9r <strong><a href=\"https:\/\/ibomberdefensepacific.standardof.net\/hu\/guide\/kampany-kuldetes-05-feluton-atoll-tengeri-tamadas\/\" class=\"rank-math-link\">Midway Atoll<\/a><\/strong>, kiv\u00e9ve most, hogy mind a f\u00f6ld, mind a tenger ellens\u00e9geivel harcolsz 20 hull\u00e1m erej\u00e9ig. A k\u00e9perny\u0151 eltol\u00f3dik az el\u0151z\u0151 alkalommal, amikor itt volt\u00e1l, de a v\u00e9dekez\u00e9sed t\u00f6bbs\u00e9ge megmarad a harcban, er\u0151sen elind\u00edtva.<\/p>\n\n\n\n<p>Az ellent\u00e1mad\u00e1sok m\u0171k\u00f6d\u00e9se miatt fontos, hogy a k\u00fcldet\u00e9seket a lehet\u0151 legjobban befejezze, mivel az egyik rossz l\u00e1bon t\u00f6rt\u00e9n\u0151 befejez\u00e9se kudarcot okozhat, amikor visszat\u00e9r az ellent\u00e1mad\u00e1shoz. Ez k\u00fcl\u00f6n\u00f6sen fontos a k\u00e9s\u0151bbi szinteken, amikor az ellens\u00e9gek, akikkel szembes\u00fclsz, \u0151r\u00fclten er\u0151sekk\u00e9 v\u00e1lnak, \u00e9s neh\u00e9z, \u00f6sszehangolt t\u00fczet ig\u00e9nyelnek.<\/p>\n\n\n\n<p>Egy dolog, ami zavar\u00f3 lehet (de fontos megjegyezni), hogy nem mindig t\u00e9r vissza a legut\u00f3bbi feladathoz egy ellent\u00e1mad\u00e1s c\u00e9lj\u00e1b\u00f3l. N\u00e9ha, mint ebben az esetben, 2 vagy ann\u00e1l t\u00f6bb szintre t\u00e9r vissza onnan, ahol \u00e9ppen volt a kamp\u00e1nyban.<\/p>\n\n\n\n<p>Ez az \u00fatmutat\u00f3 kit\u00e9r arra, hogy mik\u00e9nt juthatunk hozz\u00e1 a telt h\u00e1zhoz, amely minden \u00e9remmel \u00e9s 20 gy\u0151zelmi ponttal t\u00f6k\u00e9letes fordul\u00f3 az Oper Mai Mai ellent\u00e1mad\u00e1s szintj\u00e9n. <em>iBomber Defense Pacific<\/em> kamp\u00e1ny, a Veter\u00e1n neh\u00e9zs\u00e9geken j\u00e1tszott. Ezenk\u00edv\u00fcl ez a misszi\u00f3s \u00fatmutat\u00f3 kit\u00e9r a m\u00e1sodlagos c\u00e9lkit\u0171z\u00e9sre \u00e9s \u00e1ttekint\u0151 vide\u00f3t is tartalmaz.<\/p>\n\n\n\t\t\t\t<div class=\"wp-block-uagb-table-of-contents uagb-toc__align-left uagb-toc__columns-1  uagb-block-fcbd21ad\"\n\t\t\t\t\tdata-scroll= \"1\"\n\t\t\t\t\tdata-offset= \"30\"\n\t\t\t\t\tstyle=\"\"\n\t\t\t\t>\n\t\t\t\t<div class=\"uagb-toc__wrap\">\n\t\t\t\t\t\t<div class=\"uagb-toc__title\">\n\t\t\t\t\t\t\t\u00datmutat\u00f3 navig\u00e1ci\u00f3:\t\t\t\t\t\t<\/div>\n\t\t\t\t\t\t\t\t\t\t\t\t\t\t\t\t<div class=\"uagb-toc__list-wrap\">\n\t\t\t\t\t\t<ol class=\"uagb-toc__list\"><li class=\"uagb-toc__list\"><a href=\"#secondary-objective\" class=\"uagb-toc-link__trigger\">M\u00e1sodlagos c\u00e9l<\/a><li class=\"uagb-toc__list\"><a href=\"#perks-used-for-this-mission\" class=\"uagb-toc-link__trigger\">A k\u00fcldet\u00e9shez haszn\u00e1lt juttat\u00e1sok:<\/a><li class=\"uagb-toc__list\"><a href=\"#hidden-target\" class=\"uagb-toc-link__trigger\">Rejtett c\u00e9l<\/a><li class=\"uagb-toc__list\"><a href=\"#turret-placement\" class=\"uagb-toc-link__trigger\">Torony elhelyez\u00e9se<\/a><li class=\"uagb-toc__list\"><a href=\"#veteran-difficulty-video-guide\" class=\"uagb-toc-link__trigger\">Veter\u00e1n Neh\u00e9zs\u00e9gi \u00fatmutat\u00f3 Vide\u00f3<\/a><\/ol>\t\t\t\t\t<\/div>\n\t\t\t\t\t\t\t\t\t<\/div>\n\t\t\t\t<\/div>\n\t\t\t\n\n\n<hr class=\"wp-block-separator is-style-wide\"\/>\n\n\n\n<h3 class=\"wp-block-heading\">M\u00e1sodlagos c\u00e9l<\/h3>\n\n\n\n<p><em>V\u00e9dje a g\u00e9peit.<\/em><\/p>\n\n\n\n<p>A f\u00f6ld bal oldal\u00e1n, a t\u00e9rk\u00e9p bal oldal\u00e1n, az ellens\u00e9ges f\u00f6ldi egys\u00e9gek \u00f6sv\u00e9nyei ment\u00e9n a vad\u00e1szrep\u00fcl\u0151k t\u00f6bb sz\u00e1rnya \u00e1ll. A torony strat\u00e9giai elhelyez\u00e9s\u00e9vel meg kell v\u00e9denie \u0151ket a s\u00e9r\u00fcl\u00e9sekt\u0151l, valamint fokozottan \u00f3vatosnak kell lennie a bomb\u00e1k eldob\u00e1sakor. Csak egy maroknyi \u00e9letet kell tartani, mivel rengeteg mindent kell megsp\u00f3rolni.<\/p>\n\n\n\n<p><strong>Ell\u00e1t\u00f3 l\u00e1d\u00e1k:<\/strong> 4<\/p>\n\n\n\n<p><strong>Eddigi gy\u0151zelmi pontok:<\/strong> 140<\/p>\n\n\n\n<ul><li>G\u00e9pfegyver lvl 3<br><sup>X2 Power vs Flamed specializ\u00e1ci\u00f3<\/sup><\/li><li>\u00c1gy\u00fa lvl 3<\/li><li>Bomba lvl 2<\/li><li>Flamer lvl 2<\/li><li>Comms lvl 3<\/li><\/ul>\n\n\n\n<hr class=\"wp-block-separator is-style-wide\"\/>\n\n\n\n<h3 class=\"wp-block-heading\">A k\u00fcldet\u00e9shez haszn\u00e1lt juttat\u00e1sok:<\/h3>\n\n\n\n<ul><li>Greenback I<\/li><li>Sasszem I.<\/li><li>Speci\u00e1lis k\u00e9zbes\u00edt\u00e9s<\/li><\/ul>\n\n\n\n<p>A k\u00fcl\u00f6nleges sz\u00e1ll\u00edt\u00e1s val\u00f3sz\u00edn\u0171leg a legink\u00e1bb cser\u00e9lhet\u0151, mivel a Fast Fingers egy m\u00e1sik kiv\u00e1l\u00f3 v\u00e1laszt\u00e1s lenne, tekintve, hogy ezen a szinten csak 4 rekesz van; Az Eagle Eye azonban fontos a c\u00e9lok k\u00f6z\u00f6tti gyors mozg\u00e1shoz, amelyre sz\u00fcks\u00e9g van, amikor n\u00e9h\u00e1ny besurran\u00f3 t\u00e1mad\u00e1s megjelenik. Mint mindig, a Greenback is nagyon sz\u00fcks\u00e9ges friss\u00edt\u00e9s, hogy a p\u00e9nz\u00fcgyek szempontj\u00e1b\u00f3l k\u00f6nnyebb dolgunk legyen.<\/p>\n\n\n\n<hr class=\"wp-block-separator is-style-wide\"\/>\n\n\n\n<h3 class=\"wp-block-heading\">Rejtett c\u00e9l<\/h3>\n\n\n\n<p>A Mai m\u0171veletben nincs rejtett c\u00e9lpont. Mivel ez egy kontrat\u00e1mad\u00e1s, technikailag m\u00e1r \u00d6n is gondoskodott a rejtett c\u00e9lpontr\u00f3l, amikor legut\u00f3bb itt volt. Ugyanez vonatkozik minden m\u00e1s ellent\u00e1mad\u00e1sra.<\/p>\n\n\n\n<hr class=\"wp-block-separator is-style-wide\"\/>\n\n\n\n<h3 class=\"wp-block-heading\">Torony elhelyez\u00e9se<\/h3>\n\n\n\n<figure class=\"wp-block-gallery columns-2 is-cropped wp-block-gallery-1 is-layout-flex wp-block-gallery-is-layout-flex\"><ul class=\"blocks-gallery-grid\"><li class=\"blocks-gallery-item\"><figure><a href=\"https:\/\/ibomberdefensepacific.standardof.net\/hu\/guide\/kampany-kuldetes-08-muvelet-mai-ellentamadas\/ibomber-defense-pacific-campaign-mission-08-operation-mai-2\/\"><img decoding=\"async\" width=\"800\" height=\"500\" src=\"https:\/\/ibomberdefensepacific.standardof.net\/wp-content\/uploads\/sites\/6\/2020\/10\/iBomber-Defense-Pacific-Campaign-Mission-08-Operation-Mai-2-800x500.jpg\" alt=\"&quot;iBomber Defense Pacific&quot; - Kamp\u00e1nymisszi\u00f3 08 - &quot;Mai m\u0171velet&quot; (2)\" data-id=\"70\" data-full-url=\"https:\/\/ibomberdefensepacific.standardof.net\/wp-content\/uploads\/sites\/6\/2020\/10\/iBomber-Defense-Pacific-Campaign-Mission-08-Operation-Mai-2.jpg\" data-link=\"https:\/\/ibomberdefensepacific.standardof.net\/guide\/campaign-mission-08-operation-mai-counterattack\/ibomber-defense-pacific-campaign-mission-08-operation-mai-2\/\" class=\"wp-image-70\" srcset=\"https:\/\/ibomberdefensepacific.standardof.net\/wp-content\/uploads\/sites\/6\/2020\/10\/iBomber-Defense-Pacific-Campaign-Mission-08-Operation-Mai-2-800x500.jpg 800w, https:\/\/ibomberdefensepacific.standardof.net\/wp-content\/uploads\/sites\/6\/2020\/10\/iBomber-Defense-Pacific-Campaign-Mission-08-Operation-Mai-2-512x320.jpg 512w, https:\/\/ibomberdefensepacific.standardof.net\/wp-content\/uploads\/sites\/6\/2020\/10\/iBomber-Defense-Pacific-Campaign-Mission-08-Operation-Mai-2-200x125.jpg 200w, https:\/\/ibomberdefensepacific.standardof.net\/wp-content\/uploads\/sites\/6\/2020\/10\/iBomber-Defense-Pacific-Campaign-Mission-08-Operation-Mai-2-768x480.jpg 768w, https:\/\/ibomberdefensepacific.standardof.net\/wp-content\/uploads\/sites\/6\/2020\/10\/iBomber-Defense-Pacific-Campaign-Mission-08-Operation-Mai-2-16x10.jpg 16w, https:\/\/ibomberdefensepacific.standardof.net\/wp-content\/uploads\/sites\/6\/2020\/10\/iBomber-Defense-Pacific-Campaign-Mission-08-Operation-Mai-2.jpg 1280w\" sizes=\"(max-width: 800px) 100vw, 800px\" \/><\/a><figcaption class=\"blocks-gallery-item__caption\">10. hull\u00e1mtorony elhelyez\u00e9se a Mai m\u0171veletben. <\/figcaption><\/figure><\/li><li class=\"blocks-gallery-item\"><figure><a href=\"https:\/\/ibomberdefensepacific.standardof.net\/hu\/guide\/kampany-kuldetes-08-muvelet-mai-ellentamadas\/ibomber-defense-pacific-campaign-mission-08-operation-mai-3\/\"><img decoding=\"async\" width=\"800\" height=\"500\" src=\"https:\/\/ibomberdefensepacific.standardof.net\/wp-content\/uploads\/sites\/6\/2020\/10\/iBomber-Defense-Pacific-Campaign-Mission-08-Operation-Mai-3-800x500.jpg\" alt=\"&quot;iBomber Defense Pacific&quot; - Kamp\u00e1nymisszi\u00f3 08 - &quot;Mai m\u0171velet&quot; (3)\" data-id=\"71\" data-full-url=\"https:\/\/ibomberdefensepacific.standardof.net\/wp-content\/uploads\/sites\/6\/2020\/10\/iBomber-Defense-Pacific-Campaign-Mission-08-Operation-Mai-3.jpg\" data-link=\"https:\/\/ibomberdefensepacific.standardof.net\/guide\/campaign-mission-08-operation-mai-counterattack\/ibomber-defense-pacific-campaign-mission-08-operation-mai-3\/\" class=\"wp-image-71\" srcset=\"https:\/\/ibomberdefensepacific.standardof.net\/wp-content\/uploads\/sites\/6\/2020\/10\/iBomber-Defense-Pacific-Campaign-Mission-08-Operation-Mai-3-800x500.jpg 800w, https:\/\/ibomberdefensepacific.standardof.net\/wp-content\/uploads\/sites\/6\/2020\/10\/iBomber-Defense-Pacific-Campaign-Mission-08-Operation-Mai-3-512x320.jpg 512w, https:\/\/ibomberdefensepacific.standardof.net\/wp-content\/uploads\/sites\/6\/2020\/10\/iBomber-Defense-Pacific-Campaign-Mission-08-Operation-Mai-3-200x125.jpg 200w, https:\/\/ibomberdefensepacific.standardof.net\/wp-content\/uploads\/sites\/6\/2020\/10\/iBomber-Defense-Pacific-Campaign-Mission-08-Operation-Mai-3-768x480.jpg 768w, https:\/\/ibomberdefensepacific.standardof.net\/wp-content\/uploads\/sites\/6\/2020\/10\/iBomber-Defense-Pacific-Campaign-Mission-08-Operation-Mai-3-16x10.jpg 16w, https:\/\/ibomberdefensepacific.standardof.net\/wp-content\/uploads\/sites\/6\/2020\/10\/iBomber-Defense-Pacific-Campaign-Mission-08-Operation-Mai-3.jpg 1280w\" sizes=\"(max-width: 800px) 100vw, 800px\" \/><\/a><figcaption class=\"blocks-gallery-item__caption\">20. hull\u00e1mtorony elhelyez\u00e9se.<\/figcaption><\/figure><\/li><\/ul><\/figure>\n\n\n\n<p>A torony elhelyez\u00e9se itt, a Mai hadm\u0171veletben f\u0151k\u00e9nt n\u00e9h\u00e1ny jelent\u0151s f\u00f6ldv\u00e9delem ki\u00e9p\u00edt\u00e9s\u00e9re \u00f6sszpontos\u00edt a 2 f\u00f6ldhull\u00e1m vonala ment\u00e9n, mik\u00f6zben egy kis \u00f6sszeget fektet be a tenger\u00e9szeti \u00f6sv\u00e9nyt lefed\u0151 szigetbe. Tekintse meg a fent linkelt Midway Atoll \u00fatmutat\u00f3t, ha t\u00f6bbet szeretne tudni azokr\u00f3l a tornyokr\u00f3l, amelyekkel ez a szint kezd\u0151dik, \u00e9s amelyeket a k\u00fcldet\u00e9s v\u00e9g\u00e9t\u0151l \u00e1tvisznek.<\/p>\n\n\n\n<p>Amint az a fenti k\u00e9t k\u00e9pen l\u00e1that\u00f3, van 2 sor, amibe be akarja \u00e9p\u00edteni a tornyait, ami seg\u00edt egy pajzs biztos\u00edt\u00e1s\u00e1ban, amely megv\u00e9di a b\u00e1zisa k\u00f6r\u00fcl elhelyezett ugyanazon s\u00edkokat a m\u00e1sodlagos c\u00e9l \u00e9rdek\u00e9ben. A bomb\u00e1kat akkor lehet a legjobban megtartani, amikor a lopakod\u00f3 t\u00e1mad\u00e1sok megjelennek, mivel sokfel\u0151l \u00e9s gyakran itt \u00e9rkeznek. V\u00e9g\u00fcl pr\u00f3b\u00e1ljon meg komoly \u00e9rdekl\u0151d\u00e9st kiv\u00e1ltani, amikor csak lehets\u00e9ges, mivel ez a szint mindenk\u00e9ppen k\u00edn\u00e1l bizonyos lehet\u0151s\u00e9geket az ilyenekre, amelyek k\u00e9s\u0151bb meger\u0151s\u00edtik v\u00e9dekez\u00e9si lehet\u0151s\u00e9geit.<\/p>\n\n\n\n<hr class=\"wp-block-separator is-style-wide\"\/>\n\n\n\n<h3 class=\"has-text-align-center wp-block-heading\" id=\"4-veteran-difficulty-video-guide\">Veter\u00e1n Neh\u00e9zs\u00e9gi \u00fatmutat\u00f3 Vide\u00f3<\/h3>\n\n\n\n<figure class=\"wp-block-embed-youtube wp-block-embed is-type-video is-provider-youtube wp-embed-aspect-16-9 wp-has-aspect-ratio\"><div class=\"wp-block-embed__wrapper\">\n<div class=\"ast-oembed-container\" style=\"height: 100%;\"><iframe title=\"Mai m\u0171velet - M8 iBomber Defense Pacific - Veteran Full House Walkthrough\" width=\"500\" height=\"375\" src=\"https:\/\/www.youtube.com\/embed\/NO4H2rDcIeI?feature=oembed\" frameborder=\"0\" allow=\"accelerometer; autoplay; clipboard-write; encrypted-media; gyroscope; picture-in-picture; web-share\" referrerpolicy=\"strict-origin-when-cross-origin\" allowfullscreen><\/iframe><\/div>\n<\/div><\/figure>","protected":false},"excerpt":{"rendered":"<p>Operation Mai: Counterattack Don&#8217;t let vital airstrips fall into enemy hands. Operation Mai is the first counterattack mission in iBomber Defense Pacific&#8216;s campaign, being quite similar to the previous game&#8217;s concept of returning to a previous battlefield for another round. In this level, you will return to Midway Atoll, except now you&#8217;re fighting enemies from [&hellip;]<\/p>","protected":false},"author":1,"featured_media":71,"parent":164,"menu_order":8,"comment_status":"open","ping_status":"closed","template":"","meta":{"_uag_custom_page_level_css":"","site-sidebar-layout":"default","site-content-layout":"default","ast-site-content-layout":"","site-content-style":"default","site-sidebar-style":"default","ast-global-header-display":"","ast-banner-title-visibility":"","ast-main-header-display":"","ast-hfb-above-header-display":"","ast-hfb-below-header-display":"","ast-hfb-mobile-header-display":"","site-post-title":"","ast-breadcrumbs-content":"","ast-featured-img":"","footer-sml-layout":"","theme-transparent-header-meta":"default","adv-header-id-meta":"","stick-header-meta":"","header-above-stick-meta":"","header-main-stick-meta":"","header-below-stick-meta":"","astra-migrate-meta-layouts":"default","ast-page-background-enabled":"default","ast-page-background-meta":{"desktop":{"background-color":"","background-image":"","background-repeat":"repeat","background-position":"center center","background-size":"auto","background-attachment":"scroll","background-type":"","background-media":"","overlay-type":"","overlay-color":"","overlay-gradient":""},"tablet":{"background-color":"","background-image":"","background-repeat":"repeat","background-position":"center center","background-size":"auto","background-attachment":"scroll","background-type":"","background-media":"","overlay-type":"","overlay-color":"","overlay-gradient":""},"mobile":{"background-color":"","background-image":"","background-repeat":"repeat","background-position":"center center","background-size":"auto","background-attachment":"scroll","background-type":"","background-media":"","overlay-type":"","overlay-color":"","overlay-gradient":""}},"ast-content-background-meta":{"desktop":{"background-color":"var(--ast-global-color-5)","background-image":"","background-repeat":"repeat","background-position":"center center","background-size":"auto","background-attachment":"scroll","background-type":"","background-media":"","overlay-type":"","overlay-color":"","overlay-gradient":""},"tablet":{"background-color":"var(--ast-global-color-5)","background-image":"","background-repeat":"repeat","background-position":"center center","background-size":"auto","background-attachment":"scroll","background-type":"","background-media":"","overlay-type":"","overlay-color":"","overlay-gradient":""},"mobile":{"background-color":"var(--ast-global-color-5)","background-image":"","background-repeat":"repeat","background-position":"center center","background-size":"auto","background-attachment":"scroll","background-type":"","background-media":"","overlay-type":"","overlay-color":"","overlay-gradient":""}},"footnotes":""},"uagb_featured_image_src":{"full":["https:\/\/ibomberdefensepacific.standardof.net\/wp-content\/uploads\/sites\/6\/2020\/10\/iBomber-Defense-Pacific-Campaign-Mission-08-Operation-Mai-3.jpg",1280,800,false],"thumbnail":["https:\/\/ibomberdefensepacific.standardof.net\/wp-content\/uploads\/sites\/6\/2020\/10\/iBomber-Defense-Pacific-Campaign-Mission-08-Operation-Mai-3-200x125.jpg",200,125,true],"medium":["https:\/\/ibomberdefensepacific.standardof.net\/wp-content\/uploads\/sites\/6\/2020\/10\/iBomber-Defense-Pacific-Campaign-Mission-08-Operation-Mai-3-512x320.jpg",512,320,true],"medium_large":["https:\/\/ibomberdefensepacific.standardof.net\/wp-content\/uploads\/sites\/6\/2020\/10\/iBomber-Defense-Pacific-Campaign-Mission-08-Operation-Mai-3-768x480.jpg",768,480,true],"large":["https:\/\/ibomberdefensepacific.standardof.net\/wp-content\/uploads\/sites\/6\/2020\/10\/iBomber-Defense-Pacific-Campaign-Mission-08-Operation-Mai-3-800x500.jpg",800,500,true],"1536x1536":["https:\/\/ibomberdefensepacific.standardof.net\/wp-content\/uploads\/sites\/6\/2020\/10\/iBomber-Defense-Pacific-Campaign-Mission-08-Operation-Mai-3.jpg",1280,800,false],"2048x2048":["https:\/\/ibomberdefensepacific.standardof.net\/wp-content\/uploads\/sites\/6\/2020\/10\/iBomber-Defense-Pacific-Campaign-Mission-08-Operation-Mai-3.jpg",1280,800,false],"trp-custom-language-flag":["https:\/\/ibomberdefensepacific.standardof.net\/wp-content\/uploads\/sites\/6\/2020\/10\/iBomber-Defense-Pacific-Campaign-Mission-08-Operation-Mai-3-16x10.jpg",16,10,true]},"uagb_author_info":{"display_name":"SOE","author_link":"https:\/\/ibomberdefensepacific.standardof.net\/hu\/author\/k-tastic\/"},"uagb_comment_info":0,"uagb_excerpt":"Operation Mai: Counterattack Don&#8217;t let vital airstrips fall into enemy hands. Operation Mai is the first counterattack mission in iBomber Defense Pacific&#8216;s campaign, being quite similar to the previous game&#8217;s concept of returning to a previous battlefield for another round. In this level, you will return to Midway Atoll, except now you&#8217;re fighting enemies from&hellip;","_links":{"self":[{"href":"https:\/\/ibomberdefensepacific.standardof.net\/hu\/wp-json\/wp\/v2\/pages\/199"}],"collection":[{"href":"https:\/\/ibomberdefensepacific.standardof.net\/hu\/wp-json\/wp\/v2\/pages"}],"about":[{"href":"https:\/\/ibomberdefensepacific.standardof.net\/hu\/wp-json\/wp\/v2\/types\/page"}],"author":[{"embeddable":true,"href":"https:\/\/ibomberdefensepacific.standardof.net\/hu\/wp-json\/wp\/v2\/users\/1"}],"replies":[{"embeddable":true,"href":"https:\/\/ibomberdefensepacific.standardof.net\/hu\/wp-json\/wp\/v2\/comments?post=199"}],"version-history":[{"count":0,"href":"https:\/\/ibomberdefensepacific.standardof.net\/hu\/wp-json\/wp\/v2\/pages\/199\/revisions"}],"up":[{"embeddable":true,"href":"https:\/\/ibomberdefensepacific.standardof.net\/hu\/wp-json\/wp\/v2\/pages\/164"}],"wp:featuredmedia":[{"embeddable":true,"href":"https:\/\/ibomberdefensepacific.standardof.net\/hu\/wp-json\/wp\/v2\/media\/71"}],"wp:attachment":[{"href":"https:\/\/ibomberdefensepacific.standardof.net\/hu\/wp-json\/wp\/v2\/media?parent=199"}],"curies":[{"name":"wp","href":"https:\/\/api.w.org\/{rel}","templated":true}]}}