{"id":198,"date":"2020-10-21T13:31:47","date_gmt":"2020-10-21T13:31:47","guid":{"rendered":"https:\/\/ibomberdefensepacific.standardof.net\/?page_id=198"},"modified":"2020-10-21T17:20:52","modified_gmt":"2020-10-21T17:20:52","slug":"campaign-mission-07-edsons-ridge-watchtower","status":"publish","type":"page","link":"https:\/\/ibomberdefensepacific.standardof.net\/hu\/guide\/kampany-kuldetes-07-edsons-gerinc-ortorony\/","title":{"rendered":"Kamp\u00e1nymisszi\u00f3 07: \u201eEdsons Ridge\u201d \u0150rtorony"},"content":{"rendered":"<h2 class=\"wp-block-heading\">Edsons Ridge: \u0150rtorony<\/h2>\n\n\n\n<div class=\"wp-block-image\"><figure class=\"aligncenter size-large\"><a href=\"https:\/\/ibomberdefensepacific.standardof.net\/hu\/guide\/kampany-kuldetes-07-edsons-gerinc-ortorony\/ibomber-defense-pacific-campaign-mission-07-edsons-ridge-1-copy\/\"><img decoding=\"async\" width=\"800\" height=\"500\" src=\"https:\/\/ibomberdefensepacific.standardof.net\/wp-content\/uploads\/sites\/6\/2020\/10\/iBomber-Defense-Pacific-Campaign-Mission-07-Edsons-Ridge-1-copy-800x500.jpg\" alt=\"&quot;iBomber Defense Pacific&quot; - Kamp\u00e1nymisszi\u00f3 07 - &quot;Edsons Ridge&quot; (1)\" class=\"wp-image-65\" srcset=\"https:\/\/ibomberdefensepacific.standardof.net\/wp-content\/uploads\/sites\/6\/2020\/10\/iBomber-Defense-Pacific-Campaign-Mission-07-Edsons-Ridge-1-copy-800x500.jpg 800w, https:\/\/ibomberdefensepacific.standardof.net\/wp-content\/uploads\/sites\/6\/2020\/10\/iBomber-Defense-Pacific-Campaign-Mission-07-Edsons-Ridge-1-copy-512x320.jpg 512w, https:\/\/ibomberdefensepacific.standardof.net\/wp-content\/uploads\/sites\/6\/2020\/10\/iBomber-Defense-Pacific-Campaign-Mission-07-Edsons-Ridge-1-copy-200x125.jpg 200w, https:\/\/ibomberdefensepacific.standardof.net\/wp-content\/uploads\/sites\/6\/2020\/10\/iBomber-Defense-Pacific-Campaign-Mission-07-Edsons-Ridge-1-copy-768x480.jpg 768w, https:\/\/ibomberdefensepacific.standardof.net\/wp-content\/uploads\/sites\/6\/2020\/10\/iBomber-Defense-Pacific-Campaign-Mission-07-Edsons-Ridge-1-copy-16x10.jpg 16w, https:\/\/ibomberdefensepacific.standardof.net\/wp-content\/uploads\/sites\/6\/2020\/10\/iBomber-Defense-Pacific-Campaign-Mission-07-Edsons-Ridge-1-copy.jpg 1280w\" sizes=\"(max-width: 800px) 100vw, 800px\" \/><\/a><figcaption>Piros sz\u00ednnel rajzolt ellens\u00e9ges egys\u00e9gek t\u00e1mad\u00e1si \u00fatja k\u00e9k ny\u00edllal rajzolt titkos t\u00e1mad\u00e1si \u00fatvonalakkal az Edsons Ridge-ben.<\/figcaption><\/figure><\/div>\n\n\n\n<p><em>V\u00e9dje az Egyes\u00fclt \u00c1llamok, Ausztr\u00e1lia \u00e9s \u00daj-Z\u00e9land k\u00f6z\u00f6tti kommunik\u00e1ci\u00f3s \u00fatvonalakat az\u00e1ltal, hogy a Salamonokon tart\u00f3zkodik.<\/em><\/p>\n\n\n\n<p>Az Edsons Ridge-ben azt a feladatot kapja, hogy megv\u00e9dje a t\u00e9rk\u00e9p jobb fels\u0151 r\u00e9sz\u00e9n l\u00e9v\u0151 b\u00e1zis\u00e1t a bal alulr\u00f3l megk\u00f6zel\u00fcl\u0151 f\u00f6ldi egys\u00e9gek egyetlen \u00fatj\u00e1t\u00f3l, majdnem 90 fokos g\u00f6rb\u00e9t k\u00e9sz\u00edtve a t\u00e9rk\u00e9p k\u00f6zep\u00e9n 20 hull\u00e1mra. A besurran\u00f3 t\u00e1mad\u00f3 egys\u00e9geknek k\u00e9t f\u0151 megk\u00f6zel\u00edt\u00e9se lesz: a bal fels\u0151 sarokb\u00f3l a t\u00e9rk\u00e9p k\u00f6zepe fel\u00e9 vezet\u0151 \u00fat \u00e9s a t\u00f3 k\u00f6r\u00fcli \u00f6sv\u00e9ny, valamint maga a t\u00f3, amikor v\u00e9g\u00fcl egyetlen tengeri egys\u00e9g jelenik meg.<\/p>\n\n\n\n<p>Ez az \u00fatmutat\u00f3 kit\u00e9r arra, hogyan lehet egy teljes h\u00e1zat megszerezni, amely minden \u00e9remmel \u00e9s 20 gy\u0151zelmi ponttal t\u00f6k\u00e9letes fordul\u00f3 az Edsons Ridge szintj\u00e9n. <em>iBomber Defense Pacific<\/em> kamp\u00e1ny, a Veter\u00e1n neh\u00e9zs\u00e9geken j\u00e1tszott. Ezenk\u00edv\u00fcl ez a k\u00fcldet\u00e9s \u00fatmutat\u00f3 a m\u00e1sodlagos \u00e9s rejtett c\u00e9lokat, valamint egy \u00e1ttekint\u0151 vide\u00f3t tartalmaz.<\/p>\n\n\n\t\t\t\t<div class=\"wp-block-uagb-table-of-contents uagb-toc__align-left uagb-toc__columns-1  uagb-block-00ab8ad6\"\n\t\t\t\t\tdata-scroll= \"1\"\n\t\t\t\t\tdata-offset= \"30\"\n\t\t\t\t\tstyle=\"\"\n\t\t\t\t>\n\t\t\t\t<div class=\"uagb-toc__wrap\">\n\t\t\t\t\t\t<div class=\"uagb-toc__title\">\n\t\t\t\t\t\t\t\u00datmutat\u00f3 navig\u00e1ci\u00f3:\t\t\t\t\t\t<\/div>\n\t\t\t\t\t\t\t\t\t\t\t\t\t\t\t\t<div class=\"uagb-toc__list-wrap\">\n\t\t\t\t\t\t<ol class=\"uagb-toc__list\"><li class=\"uagb-toc__list\"><a href=\"#secondary-objective\" class=\"uagb-toc-link__trigger\">M\u00e1sodlagos c\u00e9l<\/a><li class=\"uagb-toc__list\"><a href=\"#perks-used-for-this-mission\" class=\"uagb-toc-link__trigger\">A k\u00fcldet\u00e9shez haszn\u00e1lt juttat\u00e1sok:<\/a><li class=\"uagb-toc__list\"><a href=\"#hidden-target\" class=\"uagb-toc-link__trigger\">Rejtett c\u00e9l<\/a><li class=\"uagb-toc__list\"><a href=\"#turret-placement\" class=\"uagb-toc-link__trigger\">Torony elhelyez\u00e9se<\/a><li class=\"uagb-toc__list\"><a href=\"#veteran-difficulty-video-guide\" class=\"uagb-toc-link__trigger\">Veter\u00e1n Neh\u00e9zs\u00e9gi \u00fatmutat\u00f3 Vide\u00f3<\/a><\/ol>\t\t\t\t\t<\/div>\n\t\t\t\t\t\t\t\t\t<\/div>\n\t\t\t\t<\/div>\n\t\t\t\n\n\n<hr class=\"wp-block-separator is-style-wide\"\/>\n\n\n\n<h3 class=\"wp-block-heading\">M\u00e1sodlagos c\u00e9l<\/h3>\n\n\n\n<p><em>A k\u00f6rny\u00e9ken gyenge a kommunik\u00e1ci\u00f3. Build Comms. tornyok a h\u00e1bor\u00fas er\u0151fesz\u00edt\u00e9sek seg\u00edt\u00e9s\u00e9re.<\/em><\/p>\n\n\n\n<p>Edsons Ridge bemutatja a Comms Tower-t a kamp\u00e1nyban, amely n\u00f6velni fogja a hat\u00f3t\u00e1vols\u00e1g\u00fa tornyok hat\u00e9konys\u00e1g\u00e1t (a bomb\u00e1k kiv\u00e9tel\u00e9vel), valamint seg\u00edt minden kamat felhalmoz\u00e1s\u00e1ban minden hull\u00e1m v\u00e9g\u00e9n megtakar\u00edtott alapokb\u00f3l. M\u00e1sodlagos c\u00e9lkit\u0171z\u00e9seinek kiel\u00e9g\u00edt\u00e9s\u00e9hez 5 ilyen tornyot kell elhelyeznie a t\u00e9rk\u00e9p k\u00f6r\u00fcl, \u00e9s fenn kell tartania \u0151ket a szint v\u00e9g\u00e9ig.<\/p>\n\n\n\n<p><strong>Ell\u00e1t\u00f3 l\u00e1d\u00e1k:<\/strong> 5.<\/p>\n\n\n\n<p><strong>Eddigi gy\u0151zelmi pontok:<\/strong> 120<\/p>\n\n\n\n<ul><li>G\u00e9pfegyver lvl 3<br>X2 Power vs Flamed specializ\u00e1ci\u00f3<\/li><li>\u00c1gy\u00fa lvl 3<\/li><li>Bomba lvl 2<\/li><li>Flamer lvl 2<\/li><\/ul>\n\n\n\n<hr class=\"wp-block-separator is-style-wide\"\/>\n\n\n\n<h3 class=\"wp-block-heading\">A k\u00fcldet\u00e9shez haszn\u00e1lt juttat\u00e1sok:<\/h3>\n\n\n\n<ul><li>Greenback I<\/li><li>Sasszem I.<\/li><li>Speci\u00e1lis k\u00e9zbes\u00edt\u00e9s<\/li><\/ul>\n\n\n\n<p>A speci\u00e1lis k\u00e9zbes\u00edt\u00e9st most fel kell oldani, amely lehet\u0151v\u00e9 teszi, hogy a felt\u00f6rt ell\u00e1t\u00e1si l\u00e1d\u00e1k \u00e9rt\u00e9k\u00e9t 20-r\u00f3l 30 kreditre n\u00f6velje, ami jelent\u0151s seg\u00edts\u00e9get jelent mind az \u00f6t comms-toronyhoz sz\u00fcks\u00e9ges p\u00e9nzeszk\u00f6z\u00f6k felhalmoz\u00e1s\u00e1ban. A gyorsabb c\u00e9lz\u00e1s seg\u00edt a tornyokkal kiss\u00e9 gyorsabban j\u00e1tszani a sorsol\u00e1son, amire sz\u00fcks\u00e9ged lesz, ha p\u00e9nzeszk\u00f6z\u00f6k nagy r\u00e9sze a nem s\u00e9rt\u0151 vessz\u0151tornyokba ker\u00fcl.<\/p>\n\n\n\n<hr class=\"wp-block-separator is-style-wide\"\/>\n\n\n\n<h3 class=\"wp-block-heading\">Rejtett c\u00e9l<\/h3>\n\n\n\n<p>A rejtett c\u00e9lzatot kiss\u00e9 neh\u00e9z \u00e1tl\u00e1tni, de ha megn\u00e9zz\u00fck a t\u00e9rk\u00e9pen a kis v\u00edzt\u00f6meg 2 \u00f3r\u00e1s helyzet\u00e9t, akkor egy kis partot, majd egyetlen kis kunyh\u00f3t l\u00e1tunk, amelyet r\u00e9szben f\u00e1k bor\u00edtanak a erd\u0151 vonala. Ez a kis kunyh\u00f3 a rejtett c\u00e9lpontod.<\/p>\n\n\n\n<div class=\"wp-block-image\"><figure class=\"aligncenter size-large\"><a href=\"https:\/\/ibomberdefensepacific.standardof.net\/hu\/guide\/kampany-kuldetes-07-edsons-gerinc-ortorony\/ibomber-defense-pacific-campaign-mission-07-edsons-ridge-2\/\"><img decoding=\"async\" width=\"393\" height=\"271\" src=\"https:\/\/ibomberdefensepacific.standardof.net\/wp-content\/uploads\/sites\/6\/2020\/10\/iBomber-Defense-Pacific-Campaign-Mission-07-Edsons-Ridge-2.jpg\" alt=\"&quot;iBomber Defense Pacific&quot; - 07. kamp\u00e1nymisszi\u00f3 - &quot;Edsons Ridge&quot; (2)\" class=\"wp-image-66\" srcset=\"https:\/\/ibomberdefensepacific.standardof.net\/wp-content\/uploads\/sites\/6\/2020\/10\/iBomber-Defense-Pacific-Campaign-Mission-07-Edsons-Ridge-2.jpg 393w, https:\/\/ibomberdefensepacific.standardof.net\/wp-content\/uploads\/sites\/6\/2020\/10\/iBomber-Defense-Pacific-Campaign-Mission-07-Edsons-Ridge-2-200x138.jpg 200w, https:\/\/ibomberdefensepacific.standardof.net\/wp-content\/uploads\/sites\/6\/2020\/10\/iBomber-Defense-Pacific-Campaign-Mission-07-Edsons-Ridge-2-16x12.jpg 16w\" sizes=\"(max-width: 393px) 100vw, 393px\" \/><\/a><figcaption>Az elrejtett c\u00e9l, egy kis kunyh\u00f3, a v\u00edzpart ment\u00e9n a fasorba h\u00faz\u00f3dik.<\/figcaption><\/figure><\/div>\n\n\n\n<hr class=\"wp-block-separator is-style-wide\"\/>\n\n\n\n<h3 class=\"wp-block-heading\">Torony elhelyez\u00e9se<\/h3>\n\n\n\n<figure class=\"wp-block-gallery columns-2 is-cropped wp-block-gallery-1 is-layout-flex wp-block-gallery-is-layout-flex\"><ul class=\"blocks-gallery-grid\"><li class=\"blocks-gallery-item\"><figure><a href=\"https:\/\/ibomberdefensepacific.standardof.net\/hu\/guide\/kampany-kuldetes-07-edsons-gerinc-ortorony\/ibomber-defense-pacific-campaign-mission-07-edsons-ridge-3\/\"><img decoding=\"async\" width=\"800\" height=\"500\" src=\"https:\/\/ibomberdefensepacific.standardof.net\/wp-content\/uploads\/sites\/6\/2020\/10\/iBomber-Defense-Pacific-Campaign-Mission-07-Edsons-Ridge-3-800x500.jpg\" alt=\"&quot;iBomber Defense Pacific&quot; - Kamp\u00e1nymisszi\u00f3 07 - &quot;Edsons Ridge&quot; (3)\" data-id=\"67\" data-full-url=\"https:\/\/ibomberdefensepacific.standardof.net\/wp-content\/uploads\/sites\/6\/2020\/10\/iBomber-Defense-Pacific-Campaign-Mission-07-Edsons-Ridge-3.jpg\" data-link=\"https:\/\/ibomberdefensepacific.standardof.net\/guide\/campaign-mission-07-edsons-ridge-watchtower\/ibomber-defense-pacific-campaign-mission-07-edsons-ridge-3\/\" class=\"wp-image-67\" srcset=\"https:\/\/ibomberdefensepacific.standardof.net\/wp-content\/uploads\/sites\/6\/2020\/10\/iBomber-Defense-Pacific-Campaign-Mission-07-Edsons-Ridge-3-800x500.jpg 800w, https:\/\/ibomberdefensepacific.standardof.net\/wp-content\/uploads\/sites\/6\/2020\/10\/iBomber-Defense-Pacific-Campaign-Mission-07-Edsons-Ridge-3-512x320.jpg 512w, https:\/\/ibomberdefensepacific.standardof.net\/wp-content\/uploads\/sites\/6\/2020\/10\/iBomber-Defense-Pacific-Campaign-Mission-07-Edsons-Ridge-3-200x125.jpg 200w, https:\/\/ibomberdefensepacific.standardof.net\/wp-content\/uploads\/sites\/6\/2020\/10\/iBomber-Defense-Pacific-Campaign-Mission-07-Edsons-Ridge-3-768x480.jpg 768w, https:\/\/ibomberdefensepacific.standardof.net\/wp-content\/uploads\/sites\/6\/2020\/10\/iBomber-Defense-Pacific-Campaign-Mission-07-Edsons-Ridge-3-16x10.jpg 16w, https:\/\/ibomberdefensepacific.standardof.net\/wp-content\/uploads\/sites\/6\/2020\/10\/iBomber-Defense-Pacific-Campaign-Mission-07-Edsons-Ridge-3.jpg 1280w\" sizes=\"(max-width: 800px) 100vw, 800px\" \/><\/a><figcaption class=\"blocks-gallery-item__caption\">10. hull\u00e1mtorony elhelyez\u00e9se Edsons Ridge-ben.<\/figcaption><\/figure><\/li><li class=\"blocks-gallery-item\"><figure><a href=\"https:\/\/ibomberdefensepacific.standardof.net\/hu\/guide\/kampany-kuldetes-07-edsons-gerinc-ortorony\/ibomber-defense-pacific-campaign-mission-07-edsons-ridge-4\/\"><img decoding=\"async\" width=\"800\" height=\"500\" src=\"https:\/\/ibomberdefensepacific.standardof.net\/wp-content\/uploads\/sites\/6\/2020\/10\/iBomber-Defense-Pacific-Campaign-Mission-07-Edsons-Ridge-4-800x500.jpg\" alt=\"&quot;iBomber Defense Pacific&quot; - Kamp\u00e1nymisszi\u00f3 07 - &quot;Edsons Ridge&quot; (4)\" data-id=\"68\" data-full-url=\"https:\/\/ibomberdefensepacific.standardof.net\/wp-content\/uploads\/sites\/6\/2020\/10\/iBomber-Defense-Pacific-Campaign-Mission-07-Edsons-Ridge-4.jpg\" data-link=\"https:\/\/ibomberdefensepacific.standardof.net\/guide\/campaign-mission-07-edsons-ridge-watchtower\/ibomber-defense-pacific-campaign-mission-07-edsons-ridge-4\/\" class=\"wp-image-68\" srcset=\"https:\/\/ibomberdefensepacific.standardof.net\/wp-content\/uploads\/sites\/6\/2020\/10\/iBomber-Defense-Pacific-Campaign-Mission-07-Edsons-Ridge-4-800x500.jpg 800w, https:\/\/ibomberdefensepacific.standardof.net\/wp-content\/uploads\/sites\/6\/2020\/10\/iBomber-Defense-Pacific-Campaign-Mission-07-Edsons-Ridge-4-512x320.jpg 512w, https:\/\/ibomberdefensepacific.standardof.net\/wp-content\/uploads\/sites\/6\/2020\/10\/iBomber-Defense-Pacific-Campaign-Mission-07-Edsons-Ridge-4-200x125.jpg 200w, https:\/\/ibomberdefensepacific.standardof.net\/wp-content\/uploads\/sites\/6\/2020\/10\/iBomber-Defense-Pacific-Campaign-Mission-07-Edsons-Ridge-4-768x480.jpg 768w, https:\/\/ibomberdefensepacific.standardof.net\/wp-content\/uploads\/sites\/6\/2020\/10\/iBomber-Defense-Pacific-Campaign-Mission-07-Edsons-Ridge-4-16x10.jpg 16w, https:\/\/ibomberdefensepacific.standardof.net\/wp-content\/uploads\/sites\/6\/2020\/10\/iBomber-Defense-Pacific-Campaign-Mission-07-Edsons-Ridge-4.jpg 1280w\" sizes=\"(max-width: 800px) 100vw, 800px\" \/><\/a><figcaption class=\"blocks-gallery-item__caption\">Hull\u00e1m 20 torony elhelyez\u00e9se mind az 5 Comms torony lefel\u00e9.<\/figcaption><\/figure><\/li><\/ul><\/figure>\n\n\n\n<p>A torony elhelyez\u00e9s\u00e9t az Edsons Ridge-ben el kell kezdeni egy g\u00e9ppuska \u00e9s egy Comms fel\u00e1ll\u00edt\u00e1s\u00e1val a kanyar mellett a t\u00e9rk\u00e9p k\u00f6zep\u00e9n tal\u00e1lhat\u00f3 kis sziklafenns\u00edkon, mivel ez a t\u00e9rk\u00e9p legjobb l\u0151helye. A legjobb, ha a Comms-ot kor\u00e1n kezdj\u00fck el elhelyezni, mivel lend\u00fclet\u00fck \u00e9s \u00e9rdekl\u0151d\u00e9s\u00fck hossz\u00fa t\u00e1von seg\u00edt. Ezekkel a tornyokkal nyissa ki a rekeszeket, amelyek elz\u00e1rj\u00e1k a hull\u00e1mok k\u00f6z\u00f6tt a magas f\u00f6ld utols\u00f3 k\u00e9t pontj\u00e1t, hogy v\u00e9g\u00fcl egy \u00e1gy\u00fat is elhelyezzenek.<\/p>\n\n\n\n<p>A m\u00e1sik k\u00e9t fontos elhelyez\u00e9si strat\u00e9gia itt egy p\u00e1r bombatorn\u00e1n dolgozik, amelyek a rekeszek \u00e9s a titkos t\u00e1mad\u00e1sok kezel\u00e9s\u00e9re szolg\u00e1lnak, valamint a g\u00e9pfegyverb\u0151l \u00e9s a flamerb\u0151l \u00e1ll\u00f3 fenns\u00edk csoport el\u0151tti b\u00e1zison, hogy lass\u00edts\u00e1k az el\u0151rehalad\u00f3 hull\u00e1mokat. V\u00e9g\u00fcl bomb\u00e1kra lesz sz\u00fcks\u00e9ged az utols\u00f3 hull\u00e1mhoz, amikor elkezded eldobni a p\u00e9nzed nagy r\u00e9sz\u00e9t a Comms-ra, mivel az elveszi az alapokat a sz\u00fcks\u00e9ges k\u00e1rt okoz\u00f3 tornyokt\u00f3l.<\/p>\n\n\n\n<hr class=\"wp-block-separator is-style-wide\"\/>\n\n\n\n<h3 class=\"has-text-align-center wp-block-heading\" id=\"4-veteran-difficulty-video-guide\">Veter\u00e1n Neh\u00e9zs\u00e9gi \u00fatmutat\u00f3 Vide\u00f3<\/h3>\n\n\n\n<figure class=\"wp-block-embed-youtube wp-block-embed is-type-video is-provider-youtube wp-embed-aspect-16-9 wp-has-aspect-ratio\"><div class=\"wp-block-embed__wrapper\">\n<div class=\"ast-oembed-container\" style=\"height: 100%;\"><iframe title=\"Edsons Ridge - M7 iBomber Defense Pacific - Veter\u00e1n telt h\u00e1z \u00e1ttekint\u00e9s\" width=\"500\" height=\"375\" src=\"https:\/\/www.youtube.com\/embed\/1aC9t3RIrVo?feature=oembed\" frameborder=\"0\" allow=\"accelerometer; autoplay; clipboard-write; encrypted-media; gyroscope; picture-in-picture; web-share\" referrerpolicy=\"strict-origin-when-cross-origin\" allowfullscreen><\/iframe><\/div>\n<\/div><\/figure>","protected":false},"excerpt":{"rendered":"<p>Edsons Ridge: Watchtower Protect communication routes between the U.S., Australia, and New Zealand by holding position in the Solomons. In Edsons Ridge, you are tasked with protecting your base in the top right portion of the map from a single path of ground units that approach from the bottom left, making an almost 90-degree curve [&hellip;]<\/p>","protected":false},"author":1,"featured_media":68,"parent":164,"menu_order":7,"comment_status":"open","ping_status":"closed","template":"","meta":{"_uag_custom_page_level_css":"","site-sidebar-layout":"default","site-content-layout":"default","ast-site-content-layout":"","site-content-style":"default","site-sidebar-style":"default","ast-global-header-display":"","ast-banner-title-visibility":"","ast-main-header-display":"","ast-hfb-above-header-display":"","ast-hfb-below-header-display":"","ast-hfb-mobile-header-display":"","site-post-title":"","ast-breadcrumbs-content":"","ast-featured-img":"","footer-sml-layout":"","theme-transparent-header-meta":"default","adv-header-id-meta":"","stick-header-meta":"","header-above-stick-meta":"","header-main-stick-meta":"","header-below-stick-meta":"","astra-migrate-meta-layouts":"default","ast-page-background-enabled":"default","ast-page-background-meta":{"desktop":{"background-color":"","background-image":"","background-repeat":"repeat","background-position":"center center","background-size":"auto","background-attachment":"scroll","background-type":"","background-media":"","overlay-type":"","overlay-color":"","overlay-gradient":""},"tablet":{"background-color":"","background-image":"","background-repeat":"repeat","background-position":"center center","background-size":"auto","background-attachment":"scroll","background-type":"","background-media":"","overlay-type":"","overlay-color":"","overlay-gradient":""},"mobile":{"background-color":"","background-image":"","background-repeat":"repeat","background-position":"center center","background-size":"auto","background-attachment":"scroll","background-type":"","background-media":"","overlay-type":"","overlay-color":"","overlay-gradient":""}},"ast-content-background-meta":{"desktop":{"background-color":"var(--ast-global-color-5)","background-image":"","background-repeat":"repeat","background-position":"center center","background-size":"auto","background-attachment":"scroll","background-type":"","background-media":"","overlay-type":"","overlay-color":"","overlay-gradient":""},"tablet":{"background-color":"var(--ast-global-color-5)","background-image":"","background-repeat":"repeat","background-position":"center center","background-size":"auto","background-attachment":"scroll","background-type":"","background-media":"","overlay-type":"","overlay-color":"","overlay-gradient":""},"mobile":{"background-color":"var(--ast-global-color-5)","background-image":"","background-repeat":"repeat","background-position":"center center","background-size":"auto","background-attachment":"scroll","background-type":"","background-media":"","overlay-type":"","overlay-color":"","overlay-gradient":""}},"footnotes":""},"uagb_featured_image_src":{"full":["https:\/\/ibomberdefensepacific.standardof.net\/wp-content\/uploads\/sites\/6\/2020\/10\/iBomber-Defense-Pacific-Campaign-Mission-07-Edsons-Ridge-4.jpg",1280,800,false],"thumbnail":["https:\/\/ibomberdefensepacific.standardof.net\/wp-content\/uploads\/sites\/6\/2020\/10\/iBomber-Defense-Pacific-Campaign-Mission-07-Edsons-Ridge-4-200x125.jpg",200,125,true],"medium":["https:\/\/ibomberdefensepacific.standardof.net\/wp-content\/uploads\/sites\/6\/2020\/10\/iBomber-Defense-Pacific-Campaign-Mission-07-Edsons-Ridge-4-512x320.jpg",512,320,true],"medium_large":["https:\/\/ibomberdefensepacific.standardof.net\/wp-content\/uploads\/sites\/6\/2020\/10\/iBomber-Defense-Pacific-Campaign-Mission-07-Edsons-Ridge-4-768x480.jpg",768,480,true],"large":["https:\/\/ibomberdefensepacific.standardof.net\/wp-content\/uploads\/sites\/6\/2020\/10\/iBomber-Defense-Pacific-Campaign-Mission-07-Edsons-Ridge-4-800x500.jpg",800,500,true],"1536x1536":["https:\/\/ibomberdefensepacific.standardof.net\/wp-content\/uploads\/sites\/6\/2020\/10\/iBomber-Defense-Pacific-Campaign-Mission-07-Edsons-Ridge-4.jpg",1280,800,false],"2048x2048":["https:\/\/ibomberdefensepacific.standardof.net\/wp-content\/uploads\/sites\/6\/2020\/10\/iBomber-Defense-Pacific-Campaign-Mission-07-Edsons-Ridge-4.jpg",1280,800,false],"trp-custom-language-flag":["https:\/\/ibomberdefensepacific.standardof.net\/wp-content\/uploads\/sites\/6\/2020\/10\/iBomber-Defense-Pacific-Campaign-Mission-07-Edsons-Ridge-4-16x10.jpg",16,10,true]},"uagb_author_info":{"display_name":"SOE","author_link":"https:\/\/ibomberdefensepacific.standardof.net\/hu\/author\/k-tastic\/"},"uagb_comment_info":0,"uagb_excerpt":"Edsons Ridge: Watchtower Protect communication routes between the U.S., Australia, and New Zealand by holding position in the Solomons. In Edsons Ridge, you are tasked with protecting your base in the top right portion of the map from a single path of ground units that approach from the bottom left, making an almost 90-degree curve&hellip;","_links":{"self":[{"href":"https:\/\/ibomberdefensepacific.standardof.net\/hu\/wp-json\/wp\/v2\/pages\/198"}],"collection":[{"href":"https:\/\/ibomberdefensepacific.standardof.net\/hu\/wp-json\/wp\/v2\/pages"}],"about":[{"href":"https:\/\/ibomberdefensepacific.standardof.net\/hu\/wp-json\/wp\/v2\/types\/page"}],"author":[{"embeddable":true,"href":"https:\/\/ibomberdefensepacific.standardof.net\/hu\/wp-json\/wp\/v2\/users\/1"}],"replies":[{"embeddable":true,"href":"https:\/\/ibomberdefensepacific.standardof.net\/hu\/wp-json\/wp\/v2\/comments?post=198"}],"version-history":[{"count":0,"href":"https:\/\/ibomberdefensepacific.standardof.net\/hu\/wp-json\/wp\/v2\/pages\/198\/revisions"}],"up":[{"embeddable":true,"href":"https:\/\/ibomberdefensepacific.standardof.net\/hu\/wp-json\/wp\/v2\/pages\/164"}],"wp:featuredmedia":[{"embeddable":true,"href":"https:\/\/ibomberdefensepacific.standardof.net\/hu\/wp-json\/wp\/v2\/media\/68"}],"wp:attachment":[{"href":"https:\/\/ibomberdefensepacific.standardof.net\/hu\/wp-json\/wp\/v2\/media?parent=198"}],"curies":[{"name":"wp","href":"https:\/\/api.w.org\/{rel}","templated":true}]}}