{"id":197,"date":"2020-10-21T13:31:27","date_gmt":"2020-10-21T13:31:27","guid":{"rendered":"https:\/\/ibomberdefensepacific.standardof.net\/?page_id=197"},"modified":"2020-10-21T17:20:42","modified_gmt":"2020-10-21T17:20:42","slug":"campaign-mission-06-tulagi-south-pacific","status":"publish","type":"page","link":"https:\/\/ibomberdefensepacific.standardof.net\/hu\/guide\/kampany-kuldetes-06-tulagi-del-csendes-oceani\/","title":{"rendered":"Kamp\u00e1nymisszi\u00f3 06: \u201eTulagi\u201d Csendes-\u00f3ce\u00e1n d\u00e9li r\u00e9sze"},"content":{"rendered":"<h2 class=\"wp-block-heading\">Tulagi: Csendes-\u00f3ce\u00e1n d\u00e9li r\u00e9sze<\/h2>\n\n\n\n<div class=\"wp-block-image\"><figure class=\"aligncenter size-large\"><a href=\"https:\/\/ibomberdefensepacific.standardof.net\/hu\/guide\/kampany-kuldetes-06-tulagi-del-csendes-oceani\/ibomber-defense-pacific-campaign-mission-06-tulagi-1\/\"><img decoding=\"async\" width=\"800\" height=\"450\" src=\"https:\/\/ibomberdefensepacific.standardof.net\/wp-content\/uploads\/sites\/6\/2020\/10\/iBomber-Defense-Pacific-Campaign-Mission-06-Tulagi-1-800x450.jpg\" alt=\"&quot;iBomber Defense Pacific&quot; - 06-os kamp\u00e1nymisszi\u00f3 - &quot;Tulagi&quot; (1)\" class=\"wp-image-60\" srcset=\"https:\/\/ibomberdefensepacific.standardof.net\/wp-content\/uploads\/sites\/6\/2020\/10\/iBomber-Defense-Pacific-Campaign-Mission-06-Tulagi-1-800x450.jpg 800w, https:\/\/ibomberdefensepacific.standardof.net\/wp-content\/uploads\/sites\/6\/2020\/10\/iBomber-Defense-Pacific-Campaign-Mission-06-Tulagi-1-512x288.jpg 512w, https:\/\/ibomberdefensepacific.standardof.net\/wp-content\/uploads\/sites\/6\/2020\/10\/iBomber-Defense-Pacific-Campaign-Mission-06-Tulagi-1-200x113.jpg 200w, https:\/\/ibomberdefensepacific.standardof.net\/wp-content\/uploads\/sites\/6\/2020\/10\/iBomber-Defense-Pacific-Campaign-Mission-06-Tulagi-1-768x432.jpg 768w, https:\/\/ibomberdefensepacific.standardof.net\/wp-content\/uploads\/sites\/6\/2020\/10\/iBomber-Defense-Pacific-Campaign-Mission-06-Tulagi-1-16x9.jpg 16w, https:\/\/ibomberdefensepacific.standardof.net\/wp-content\/uploads\/sites\/6\/2020\/10\/iBomber-Defense-Pacific-Campaign-Mission-06-Tulagi-1.jpg 1280w\" sizes=\"(max-width: 800px) 100vw, 800px\" \/><\/a><figcaption>Az ellens\u00e9g f\u0151 hull\u00e1m\u00fatja Tulagiban piros sz\u00ednnel rajzolt.<\/figcaption><\/figure><\/div>\n\n\n\n<p><em>\u00c1ll\u00edtsd meg az ellens\u00e9get abban, hogy \u00e1tvegye Tulagi ir\u00e1ny\u00edt\u00e1s\u00e1t \u00e9s hidropl\u00e1n b\u00e1zist \u00e9p\u00edtsen.<\/em><\/p>\n\n\n\n<p>Tulagiban a b\u00e1zisod a t\u00e9rk\u00e9p bal oldal\u00e1n helyezkedik el, abb\u00f3l p\u00e1r \u00f6sv\u00e9ny g\u00f6rb\u00fcl ki: az egyik r\u00f6vid \u00e9s \u00e9szaki, a m\u00e1sik hosszabb \u00e9s d\u00e9l fel\u00e9 \u00edvelt, miel\u0151tt \u00e9szakkelet fel\u00e9 tartana. Csak a f\u00f6ldi egys\u00e9gek t\u00e1madj\u00e1k meg az egyetlen, hosszabb utat; m\u00e1s ir\u00e1ny\u00fa t\u00e1mad\u00e1sokat azonban el kell \u00e9rnie. A b\u00e1zisod k\u00f6zel\u00e9ben l\u00e9v\u0151 k\u00e9t sz\u00f6vets\u00e9ges k\u00fclsej\u0171 harckocsi csak bemutat\u00e1sra szolg\u00e1l.<\/p>\n\n\n\n<p>Ez az \u00fatmutat\u00f3 kit\u00e9r arra, hogyan lehet egy teljes h\u00e1zat megszerezni, amely minden \u00e9remmel \u00e9s 20 gy\u0151zelmi ponttal t\u00f6k\u00e9letes fordul\u00f3, a <em>iBomber Defense Pacific<\/em> kamp\u00e1ny, a Veter\u00e1n neh\u00e9zs\u00e9geken j\u00e1tszott. Ezenk\u00edv\u00fcl ez a k\u00fcldet\u00e9s \u00fatmutat\u00f3 a m\u00e1sodlagos \u00e9s rejtett c\u00e9lokat, valamint egy \u00e1ttekint\u0151 vide\u00f3t tartalmaz.<\/p>\n\n\n\t\t\t\t<div class=\"wp-block-uagb-table-of-contents uagb-toc__align-left uagb-toc__columns-1  uagb-block-ae3afce6\"\n\t\t\t\t\tdata-scroll= \"1\"\n\t\t\t\t\tdata-offset= \"30\"\n\t\t\t\t\tstyle=\"\"\n\t\t\t\t>\n\t\t\t\t<div class=\"uagb-toc__wrap\">\n\t\t\t\t\t\t<div class=\"uagb-toc__title\">\n\t\t\t\t\t\t\t\u00datmutat\u00f3 navig\u00e1ci\u00f3:\t\t\t\t\t\t<\/div>\n\t\t\t\t\t\t\t\t\t\t\t\t\t\t\t\t<div class=\"uagb-toc__list-wrap\">\n\t\t\t\t\t\t<ol class=\"uagb-toc__list\"><li class=\"uagb-toc__list\"><a href=\"#secondary-objective\" class=\"uagb-toc-link__trigger\">M\u00e1sodlagos c\u00e9l<\/a><li class=\"uagb-toc__list\"><a href=\"#perks-used-for-this-mission\" class=\"uagb-toc-link__trigger\">A k\u00fcldet\u00e9shez haszn\u00e1lt juttat\u00e1sok:<\/a><li class=\"uagb-toc__list\"><a href=\"#hidden-target\" class=\"uagb-toc-link__trigger\">Rejtett c\u00e9l<\/a><li class=\"uagb-toc__list\"><a href=\"#turret-placement\" class=\"uagb-toc-link__trigger\">Torony elhelyez\u00e9se<\/a><li class=\"uagb-toc__list\"><a href=\"#veteran-difficulty-video-guide\" class=\"uagb-toc-link__trigger\">Veter\u00e1n Neh\u00e9zs\u00e9gi \u00fatmutat\u00f3 Vide\u00f3<\/a><\/ol>\t\t\t\t\t<\/div>\n\t\t\t\t\t\t\t\t\t<\/div>\n\t\t\t\t<\/div>\n\t\t\t\n\n\n<hr class=\"wp-block-separator is-style-wide\"\/>\n\n\n\n<h3 class=\"wp-block-heading\">M\u00e1sodlagos c\u00e9l<\/h3>\n\n\n\n<p><em>Puszt\u00edtsd el az ellens\u00e9g k\u00f6zpontj\u00e1t.<\/em><\/p>\n\n\n\n<p>Ezen a szinten egy ellens\u00e9ges b\u00e1zis lesz a jobb oldalt\u00f3l, a f\u0151 hull\u00e1m\u00fat ellent\u00e9tes oldal\u00e1n, ahov\u00e1 a tornyait elhelyezheti, \u00e9s amelyet meg kell semmis\u00edtenie ennek a m\u00e1sodlagos c\u00e9lnak a megval\u00f3s\u00edt\u00e1s\u00e1hoz. \u00d6sszess\u00e9g\u00e9ben csak 3 j\u00f3l elhelyezett bomb\u00e1ra van sz\u00fcks\u00e9g az alap megsz\u00fcntet\u00e9s\u00e9hez \u00e9s a c\u00e9lok teljes\u00edt\u00e9s\u00e9hez. Ne feledje, hogy az alapot a teljes \u00e9p\u00fcletcsoport alkotja, nem csak maga a f\u0151 l\u00e9tes\u00edtm\u00e9ny.<\/p>\n\n\n\n<div class=\"wp-block-image\"><figure class=\"aligncenter size-large\"><a href=\"https:\/\/ibomberdefensepacific.standardof.net\/hu\/guide\/kampany-kuldetes-06-tulagi-del-csendes-oceani\/ibomber-defense-pacific-campaign-mission-06-tulagi-2\/\"><img decoding=\"async\" width=\"407\" height=\"323\" src=\"https:\/\/ibomberdefensepacific.standardof.net\/wp-content\/uploads\/sites\/6\/2020\/10\/iBomber-Defense-Pacific-Campaign-Mission-06-Tulagi-2.jpg\" alt=\"&quot;iBomber Defense Pacific&quot; - Kamp\u00e1nymisszi\u00f3 06 - &quot;Tulagi&quot; (2)\" class=\"wp-image-61\" srcset=\"https:\/\/ibomberdefensepacific.standardof.net\/wp-content\/uploads\/sites\/6\/2020\/10\/iBomber-Defense-Pacific-Campaign-Mission-06-Tulagi-2.jpg 407w, https:\/\/ibomberdefensepacific.standardof.net\/wp-content\/uploads\/sites\/6\/2020\/10\/iBomber-Defense-Pacific-Campaign-Mission-06-Tulagi-2-200x159.jpg 200w, https:\/\/ibomberdefensepacific.standardof.net\/wp-content\/uploads\/sites\/6\/2020\/10\/iBomber-Defense-Pacific-Campaign-Mission-06-Tulagi-2-16x12.jpg 16w\" sizes=\"(max-width: 407px) 100vw, 407px\" \/><\/a><figcaption>Az ellens\u00e9ges b\u00e1zist el kell puszt\u00edtania a m\u00e1sodlagos c\u00e9l \u00e9rdek\u00e9ben, piros X-k\u00e9nt rajzolt bombabeoszt\u00e1si jel\u00f6l\u0151kkel.<\/figcaption><\/figure><\/div>\n\n\n\n<p><strong>Ell\u00e1t\u00f3 l\u00e1d\u00e1k:<\/strong> 4<\/p>\n\n\n\n<p><strong>Elk\u00f6lt\u00f6tt gy\u0151zelmi pontok:<\/strong> 100<\/p>\n\n\n\n<ul><li>G\u00e9pfegyver lvl 3<br>X2 Power vs Flamed specializ\u00e1ci\u00f3<\/li><li>\u00c1gy\u00fa lvl 3<\/li><li>Bomba lvl 2<\/li><\/ul>\n\n\n\n<hr class=\"wp-block-separator is-style-wide\"\/>\n\n\n\n<h3 class=\"wp-block-heading\">A k\u00fcldet\u00e9shez haszn\u00e1lt juttat\u00e1sok:<\/h3>\n\n\n\n<ul><li>Greenback I<\/li><li>Sasszem I.<\/li><\/ul>\n\n\n\n<p>Ezen a ponton, az els\u0151 v\u00e1laszt\u00e1sodra, a Greenback p\u00e9nzb\u00f3nusz felv\u00e9tele m\u00e9g mindig felbecs\u00fclhetetlen. Ek\u00f6zben a tornyok megn\u00f6vekedett c\u00e9lsebess\u00e9ge az Eagle Eye el\u0151ny\u00e9b\u0151l seg\u00edt, ha olyan lopakod\u00f3 t\u00e1mad\u00e1sokkal foglalkozik, amelyek megpr\u00f3b\u00e1lj\u00e1k elterelni a tornyait.<\/p>\n\n\n\n<hr class=\"wp-block-separator is-style-wide\"\/>\n\n\n\n<h3 class=\"wp-block-heading\">Rejtett c\u00e9l<\/h3>\n\n\n\n<p>A rejtett c\u00e9l a szabadban van itt, Tulagiban; ez az egyetlen kunyh\u00f3, amely a nagy z\u00f6ld mez\u0151 k\u00f6zep\u00e9n \u00e1ll, k\u00f6zvetlen\u00fcl a b\u00e1zisodt\u00f3l jobbra. V\u00e9g\u00fcl egyes egys\u00e9gek itt fognak t\u00e1madni, ami lehet\u0151s\u00e9get jelent egy 2 az 1-re k\u00fcl\u00f6n megrendez\u00e9sre.<\/p>\n\n\n\n<div class=\"wp-block-image\"><figure class=\"aligncenter size-large\"><a href=\"https:\/\/ibomberdefensepacific.standardof.net\/hu\/guide\/kampany-kuldetes-06-tulagi-del-csendes-oceani\/ibomber-defense-pacific-campaign-mission-06-tulagi-3\/\"><img decoding=\"async\" width=\"305\" height=\"246\" src=\"https:\/\/ibomberdefensepacific.standardof.net\/wp-content\/uploads\/sites\/6\/2020\/10\/iBomber-Defense-Pacific-Campaign-Mission-06-Tulagi-3.jpg\" alt=\"&quot;iBomber Defense Pacific&quot; - 06-os kamp\u00e1nymisszi\u00f3 - &quot;Tulagi&quot; (3)\" class=\"wp-image-62\" srcset=\"https:\/\/ibomberdefensepacific.standardof.net\/wp-content\/uploads\/sites\/6\/2020\/10\/iBomber-Defense-Pacific-Campaign-Mission-06-Tulagi-3.jpg 305w, https:\/\/ibomberdefensepacific.standardof.net\/wp-content\/uploads\/sites\/6\/2020\/10\/iBomber-Defense-Pacific-Campaign-Mission-06-Tulagi-3-200x161.jpg 200w, https:\/\/ibomberdefensepacific.standardof.net\/wp-content\/uploads\/sites\/6\/2020\/10\/iBomber-Defense-Pacific-Campaign-Mission-06-Tulagi-3-16x12.jpg 16w\" sizes=\"(max-width: 305px) 100vw, 305px\" \/><\/a><figcaption>Az a kis kunyh\u00f3, amely Tulagi rejtett c\u00e9lpontja.<\/figcaption><\/figure><\/div>\n\n\n\n<hr class=\"wp-block-separator is-style-wide\"\/>\n\n\n\n<h3 class=\"wp-block-heading\">Torony elhelyez\u00e9se<\/h3>\n\n\n\n<figure class=\"wp-block-gallery columns-2 is-cropped wp-block-gallery-1 is-layout-flex wp-block-gallery-is-layout-flex\"><ul class=\"blocks-gallery-grid\"><li class=\"blocks-gallery-item\"><figure><a href=\"https:\/\/ibomberdefensepacific.standardof.net\/hu\/guide\/kampany-kuldetes-06-tulagi-del-csendes-oceani\/ibomber-defense-pacific-campaign-mission-06-tulagi-4\/\"><img decoding=\"async\" width=\"800\" height=\"450\" src=\"https:\/\/ibomberdefensepacific.standardof.net\/wp-content\/uploads\/sites\/6\/2020\/10\/iBomber-Defense-Pacific-Campaign-Mission-06-Tulagi-4-800x450.jpg\" alt=\"&quot;iBomber Defense Pacific&quot; - 06-os kamp\u00e1nymisszi\u00f3 - &quot;Tulagi&quot; (4)\" data-id=\"63\" data-full-url=\"https:\/\/ibomberdefensepacific.standardof.net\/wp-content\/uploads\/sites\/6\/2020\/10\/iBomber-Defense-Pacific-Campaign-Mission-06-Tulagi-4.jpg\" data-link=\"https:\/\/ibomberdefensepacific.standardof.net\/guide\/campaign-mission-06-tulagi-south-pacific\/ibomber-defense-pacific-campaign-mission-06-tulagi-4\/\" class=\"wp-image-63\" srcset=\"https:\/\/ibomberdefensepacific.standardof.net\/wp-content\/uploads\/sites\/6\/2020\/10\/iBomber-Defense-Pacific-Campaign-Mission-06-Tulagi-4-800x450.jpg 800w, https:\/\/ibomberdefensepacific.standardof.net\/wp-content\/uploads\/sites\/6\/2020\/10\/iBomber-Defense-Pacific-Campaign-Mission-06-Tulagi-4-512x288.jpg 512w, https:\/\/ibomberdefensepacific.standardof.net\/wp-content\/uploads\/sites\/6\/2020\/10\/iBomber-Defense-Pacific-Campaign-Mission-06-Tulagi-4-200x113.jpg 200w, https:\/\/ibomberdefensepacific.standardof.net\/wp-content\/uploads\/sites\/6\/2020\/10\/iBomber-Defense-Pacific-Campaign-Mission-06-Tulagi-4-768x432.jpg 768w, https:\/\/ibomberdefensepacific.standardof.net\/wp-content\/uploads\/sites\/6\/2020\/10\/iBomber-Defense-Pacific-Campaign-Mission-06-Tulagi-4-16x9.jpg 16w, https:\/\/ibomberdefensepacific.standardof.net\/wp-content\/uploads\/sites\/6\/2020\/10\/iBomber-Defense-Pacific-Campaign-Mission-06-Tulagi-4.jpg 1280w\" sizes=\"(max-width: 800px) 100vw, 800px\" \/><\/a><figcaption class=\"blocks-gallery-item__caption\">10. hull\u00e1m torony elhelyez\u00e9se.<\/figcaption><\/figure><\/li><li class=\"blocks-gallery-item\"><figure><a href=\"https:\/\/ibomberdefensepacific.standardof.net\/hu\/guide\/kampany-kuldetes-06-tulagi-del-csendes-oceani\/ibomber-defense-pacific-campaign-mission-06-tulagi-5\/\"><img decoding=\"async\" width=\"800\" height=\"450\" src=\"https:\/\/ibomberdefensepacific.standardof.net\/wp-content\/uploads\/sites\/6\/2020\/10\/iBomber-Defense-Pacific-Campaign-Mission-06-Tulagi-5-800x450.jpg\" alt=\"&quot;iBomber Defense Pacific&quot; - 06-os kamp\u00e1nymisszi\u00f3 - &quot;Tulagi&quot; (5)\" data-id=\"64\" data-full-url=\"https:\/\/ibomberdefensepacific.standardof.net\/wp-content\/uploads\/sites\/6\/2020\/10\/iBomber-Defense-Pacific-Campaign-Mission-06-Tulagi-5.jpg\" data-link=\"https:\/\/ibomberdefensepacific.standardof.net\/guide\/campaign-mission-06-tulagi-south-pacific\/ibomber-defense-pacific-campaign-mission-06-tulagi-5\/\" class=\"wp-image-64\" srcset=\"https:\/\/ibomberdefensepacific.standardof.net\/wp-content\/uploads\/sites\/6\/2020\/10\/iBomber-Defense-Pacific-Campaign-Mission-06-Tulagi-5-800x450.jpg 800w, https:\/\/ibomberdefensepacific.standardof.net\/wp-content\/uploads\/sites\/6\/2020\/10\/iBomber-Defense-Pacific-Campaign-Mission-06-Tulagi-5-512x288.jpg 512w, https:\/\/ibomberdefensepacific.standardof.net\/wp-content\/uploads\/sites\/6\/2020\/10\/iBomber-Defense-Pacific-Campaign-Mission-06-Tulagi-5-200x113.jpg 200w, https:\/\/ibomberdefensepacific.standardof.net\/wp-content\/uploads\/sites\/6\/2020\/10\/iBomber-Defense-Pacific-Campaign-Mission-06-Tulagi-5-768x432.jpg 768w, https:\/\/ibomberdefensepacific.standardof.net\/wp-content\/uploads\/sites\/6\/2020\/10\/iBomber-Defense-Pacific-Campaign-Mission-06-Tulagi-5-16x9.jpg 16w, https:\/\/ibomberdefensepacific.standardof.net\/wp-content\/uploads\/sites\/6\/2020\/10\/iBomber-Defense-Pacific-Campaign-Mission-06-Tulagi-5.jpg 1280w\" sizes=\"(max-width: 800px) 100vw, 800px\" \/><\/a><figcaption class=\"blocks-gallery-item__caption\">20. hull\u00e1mtorony elhelyez\u00e9se.<\/figcaption><\/figure><\/li><\/ul><\/figure>\n\n\n\n<p>A torony elhelyez\u00e9se ennek a szintnek meglehet\u0151sen egyszer\u0171 \u00e9s korl\u00e1tozott, els\u0151sorban az \u00e1gy\u00fak \u00e9s g\u00e9pfegyverek klaszter\u00e9nek l\u00e9trehoz\u00e1s\u00e1ra \u00f6sszpontos\u00edt, amelyet egyes l\u00e1ngtornyok t\u00e1mogatnak (egyenletesen elosztva a legjobb lefedetts\u00e9g \u00e9rdek\u00e9ben) az ellens\u00e9ges b\u00e1zis szemk\u00f6zti oldal\u00e1n l\u00e9v\u0151 magas\u00edtott gerinc ment\u00e9n. f\u0151 \u00fat. Egyetlen, a k\u00fcldet\u00e9s sor\u00e1n tov\u00e1bbfejlesztett \u00e9s a t\u00e1maszpontja \u00e1ltal elhelyezett bombatorn\u00e1nak elegend\u0151nek kell lennie ahhoz, hogy rengeteg l\u0151szerrel l\u00e1ssa el a titkos c\u00e9lt, az ellens\u00e9ges t\u00e1maszt \u00e9s a tulagi l\u00e1d\u00e1kat kinyitva. V\u00e9g\u00fcl a szint m\u00e1sodik fele fel\u00e9 el\u0151ny\u00f6s partneret adni a Bomb torny\u00e1nak.<\/p>\n\n\n\n<p>Amellett, hogy a fent eml\u00edtett tornyok kever\u00e9k\u00e9re k\u00f6lti a p\u00e9nzt a megemelt gerincen, egyetlen g\u00e9ppuska elhelyez\u00e9se az ell\u00e1t\u00e1si l\u00e1da bal als\u00f3 r\u00e9sz\u00e9n, a ny\u00edlt t\u00e9ren, k\u00f6zvetlen\u00fcl a b\u00e1zisa k\u00f6zel\u00e9ben, j\u00f3 v\u00e9delemk\u00e9nt szolg\u00e1l minden potenci\u00e1lis csal\u00f3 sz\u00e1m\u00e1ra. \u00e1tjutni. Fel fogja nyitni az eml\u00edtett sz\u00e1ll\u00edt\u00f3 l\u00e1d\u00e1t, \u00e9s megsemmis\u00edt egy besurran\u00f3 t\u00e1mad\u00e1st.<\/p>\n\n\n\n<hr class=\"wp-block-separator is-style-wide\"\/>\n\n\n\n<h3 class=\"has-text-align-center wp-block-heading\" id=\"4-veteran-difficulty-video-guide\">Veter\u00e1n Neh\u00e9zs\u00e9gi \u00fatmutat\u00f3 Vide\u00f3<\/h3>\n\n\n\n<figure class=\"wp-block-embed-youtube wp-block-embed is-type-video is-provider-youtube wp-embed-aspect-4-3 wp-has-aspect-ratio\"><div class=\"wp-block-embed__wrapper\">\n<div class=\"ast-oembed-container\" style=\"height: 100%;\"><iframe title=\"Talugi - M6 iBomber Defense Pacific - Veter\u00e1n telt h\u00e1z \u00e1ttekint\u00e9s\" width=\"500\" height=\"375\" src=\"https:\/\/www.youtube.com\/embed\/4_mKTZbTxto?feature=oembed\" frameborder=\"0\" allow=\"accelerometer; autoplay; clipboard-write; encrypted-media; gyroscope; picture-in-picture; web-share\" referrerpolicy=\"strict-origin-when-cross-origin\" allowfullscreen><\/iframe><\/div>\n<\/div><\/figure>","protected":false},"excerpt":{"rendered":"<p>Tulagi: South Pacific Stop the enemy from taking control of Tulagi and building a seaplane base. In Tulagi, your base is positioned to the left of the map, with a pair of paths curving out of it: one short and to the north, the other longer and curving around the south before heading northeast. You [&hellip;]<\/p>","protected":false},"author":1,"featured_media":64,"parent":164,"menu_order":6,"comment_status":"open","ping_status":"closed","template":"","meta":{"_uag_custom_page_level_css":"","site-sidebar-layout":"default","site-content-layout":"default","ast-site-content-layout":"","site-content-style":"default","site-sidebar-style":"default","ast-global-header-display":"","ast-banner-title-visibility":"","ast-main-header-display":"","ast-hfb-above-header-display":"","ast-hfb-below-header-display":"","ast-hfb-mobile-header-display":"","site-post-title":"","ast-breadcrumbs-content":"","ast-featured-img":"","footer-sml-layout":"","theme-transparent-header-meta":"default","adv-header-id-meta":"","stick-header-meta":"","header-above-stick-meta":"","header-main-stick-meta":"","header-below-stick-meta":"","astra-migrate-meta-layouts":"default","ast-page-background-enabled":"default","ast-page-background-meta":{"desktop":{"background-color":"","background-image":"","background-repeat":"repeat","background-position":"center center","background-size":"auto","background-attachment":"scroll","background-type":"","background-media":"","overlay-type":"","overlay-color":"","overlay-gradient":""},"tablet":{"background-color":"","background-image":"","background-repeat":"repeat","background-position":"center center","background-size":"auto","background-attachment":"scroll","background-type":"","background-media":"","overlay-type":"","overlay-color":"","overlay-gradient":""},"mobile":{"background-color":"","background-image":"","background-repeat":"repeat","background-position":"center center","background-size":"auto","background-attachment":"scroll","background-type":"","background-media":"","overlay-type":"","overlay-color":"","overlay-gradient":""}},"ast-content-background-meta":{"desktop":{"background-color":"var(--ast-global-color-5)","background-image":"","background-repeat":"repeat","background-position":"center center","background-size":"auto","background-attachment":"scroll","background-type":"","background-media":"","overlay-type":"","overlay-color":"","overlay-gradient":""},"tablet":{"background-color":"var(--ast-global-color-5)","background-image":"","background-repeat":"repeat","background-position":"center center","background-size":"auto","background-attachment":"scroll","background-type":"","background-media":"","overlay-type":"","overlay-color":"","overlay-gradient":""},"mobile":{"background-color":"var(--ast-global-color-5)","background-image":"","background-repeat":"repeat","background-position":"center center","background-size":"auto","background-attachment":"scroll","background-type":"","background-media":"","overlay-type":"","overlay-color":"","overlay-gradient":""}},"footnotes":""},"uagb_featured_image_src":{"full":["https:\/\/ibomberdefensepacific.standardof.net\/wp-content\/uploads\/sites\/6\/2020\/10\/iBomber-Defense-Pacific-Campaign-Mission-06-Tulagi-5.jpg",1280,720,false],"thumbnail":["https:\/\/ibomberdefensepacific.standardof.net\/wp-content\/uploads\/sites\/6\/2020\/10\/iBomber-Defense-Pacific-Campaign-Mission-06-Tulagi-5-200x113.jpg",200,113,true],"medium":["https:\/\/ibomberdefensepacific.standardof.net\/wp-content\/uploads\/sites\/6\/2020\/10\/iBomber-Defense-Pacific-Campaign-Mission-06-Tulagi-5-512x288.jpg",512,288,true],"medium_large":["https:\/\/ibomberdefensepacific.standardof.net\/wp-content\/uploads\/sites\/6\/2020\/10\/iBomber-Defense-Pacific-Campaign-Mission-06-Tulagi-5-768x432.jpg",768,432,true],"large":["https:\/\/ibomberdefensepacific.standardof.net\/wp-content\/uploads\/sites\/6\/2020\/10\/iBomber-Defense-Pacific-Campaign-Mission-06-Tulagi-5-800x450.jpg",800,450,true],"1536x1536":["https:\/\/ibomberdefensepacific.standardof.net\/wp-content\/uploads\/sites\/6\/2020\/10\/iBomber-Defense-Pacific-Campaign-Mission-06-Tulagi-5.jpg",1280,720,false],"2048x2048":["https:\/\/ibomberdefensepacific.standardof.net\/wp-content\/uploads\/sites\/6\/2020\/10\/iBomber-Defense-Pacific-Campaign-Mission-06-Tulagi-5.jpg",1280,720,false],"trp-custom-language-flag":["https:\/\/ibomberdefensepacific.standardof.net\/wp-content\/uploads\/sites\/6\/2020\/10\/iBomber-Defense-Pacific-Campaign-Mission-06-Tulagi-5-16x9.jpg",16,9,true]},"uagb_author_info":{"display_name":"SOE","author_link":"https:\/\/ibomberdefensepacific.standardof.net\/hu\/author\/k-tastic\/"},"uagb_comment_info":0,"uagb_excerpt":"Tulagi: South Pacific Stop the enemy from taking control of Tulagi and building a seaplane base. In Tulagi, your base is positioned to the left of the map, with a pair of paths curving out of it: one short and to the north, the other longer and curving around the south before heading northeast. You&hellip;","_links":{"self":[{"href":"https:\/\/ibomberdefensepacific.standardof.net\/hu\/wp-json\/wp\/v2\/pages\/197"}],"collection":[{"href":"https:\/\/ibomberdefensepacific.standardof.net\/hu\/wp-json\/wp\/v2\/pages"}],"about":[{"href":"https:\/\/ibomberdefensepacific.standardof.net\/hu\/wp-json\/wp\/v2\/types\/page"}],"author":[{"embeddable":true,"href":"https:\/\/ibomberdefensepacific.standardof.net\/hu\/wp-json\/wp\/v2\/users\/1"}],"replies":[{"embeddable":true,"href":"https:\/\/ibomberdefensepacific.standardof.net\/hu\/wp-json\/wp\/v2\/comments?post=197"}],"version-history":[{"count":0,"href":"https:\/\/ibomberdefensepacific.standardof.net\/hu\/wp-json\/wp\/v2\/pages\/197\/revisions"}],"up":[{"embeddable":true,"href":"https:\/\/ibomberdefensepacific.standardof.net\/hu\/wp-json\/wp\/v2\/pages\/164"}],"wp:featuredmedia":[{"embeddable":true,"href":"https:\/\/ibomberdefensepacific.standardof.net\/hu\/wp-json\/wp\/v2\/media\/64"}],"wp:attachment":[{"href":"https:\/\/ibomberdefensepacific.standardof.net\/hu\/wp-json\/wp\/v2\/media?parent=197"}],"curies":[{"name":"wp","href":"https:\/\/api.w.org\/{rel}","templated":true}]}}