{"id":196,"date":"2020-10-21T13:31:09","date_gmt":"2020-10-21T13:31:09","guid":{"rendered":"https:\/\/ibomberdefensepacific.standardof.net\/?page_id=196"},"modified":"2020-10-21T17:20:32","modified_gmt":"2020-10-21T17:20:32","slug":"campaign-mission-05-midway-atoll-sea-attack","status":"publish","type":"page","link":"https:\/\/ibomberdefensepacific.standardof.net\/hu\/guide\/kampany-kuldetes-05-feluton-atoll-tengeri-tamadas\/","title":{"rendered":"Kamp\u00e1nymisszi\u00f3 05: \u201eMidway Atoll\u201d tengeri t\u00e1mad\u00e1s!"},"content":{"rendered":"<h2 class=\"wp-block-heading\">Midway Atoll: Tengeri t\u00e1mad\u00e1s!<\/h2>\n\n\n\n<div class=\"wp-block-image\"><figure class=\"aligncenter size-large\"><a href=\"https:\/\/ibomberdefensepacific.standardof.net\/hu\/guide\/kampany-kuldetes-05-feluton-atoll-tengeri-tamadas\/ibomber-defense-pacific-campaign-mission-05-midway-atoll-1\/\"><img decoding=\"async\" width=\"800\" height=\"450\" src=\"https:\/\/ibomberdefensepacific.standardof.net\/wp-content\/uploads\/sites\/6\/2020\/10\/iBomber-Defense-Pacific-Campaign-Mission-05-Midway-Atoll-1-800x450.jpg\" alt=\"&quot;iBomber Defense Pacific&quot; - 05. kamp\u00e1nymisszi\u00f3 - &quot;Midway Atoll&quot; (1)\" class=\"wp-image-55\" srcset=\"https:\/\/ibomberdefensepacific.standardof.net\/wp-content\/uploads\/sites\/6\/2020\/10\/iBomber-Defense-Pacific-Campaign-Mission-05-Midway-Atoll-1-800x450.jpg 800w, https:\/\/ibomberdefensepacific.standardof.net\/wp-content\/uploads\/sites\/6\/2020\/10\/iBomber-Defense-Pacific-Campaign-Mission-05-Midway-Atoll-1-512x288.jpg 512w, https:\/\/ibomberdefensepacific.standardof.net\/wp-content\/uploads\/sites\/6\/2020\/10\/iBomber-Defense-Pacific-Campaign-Mission-05-Midway-Atoll-1-200x113.jpg 200w, https:\/\/ibomberdefensepacific.standardof.net\/wp-content\/uploads\/sites\/6\/2020\/10\/iBomber-Defense-Pacific-Campaign-Mission-05-Midway-Atoll-1-768x432.jpg 768w, https:\/\/ibomberdefensepacific.standardof.net\/wp-content\/uploads\/sites\/6\/2020\/10\/iBomber-Defense-Pacific-Campaign-Mission-05-Midway-Atoll-1-16x9.jpg 16w, https:\/\/ibomberdefensepacific.standardof.net\/wp-content\/uploads\/sites\/6\/2020\/10\/iBomber-Defense-Pacific-Campaign-Mission-05-Midway-Atoll-1.jpg 1280w\" sizes=\"(max-width: 800px) 100vw, 800px\" \/><\/a><figcaption>Az ellens\u00e9ges haditenger\u00e9szeti egys\u00e9gek \u00f6sv\u00e9nyei piros sz\u00ednnel rajzol\u00f3dtak ki, amikor a Midway Atoll b\u00e1zis\u00e1hoz k\u00f6zeledtek.<\/figcaption><\/figure><\/div>\n\n\n\n<p><em>V\u00e9dje meg poz\u00edci\u00f3j\u00e1t a Midway-en, hogy megakad\u00e1lyozza az ellens\u00e9get abban, hogy meghosszabb\u00edtsa v\u00e9dekez\u00e9si k\u00f6rzet\u00fcket.<\/em><\/p>\n\n\n\n<p>A Midway-atollon a haditenger\u00e9szeti egys\u00e9gek k\u00e9t f\u0151 \u00fatj\u00e1val \u00e1llsz szemben, amelyek a t\u00e9rk\u00e9p jobb als\u00f3 \u00e9s fels\u0151 k\u00f6z\u00e9ps\u0151 r\u00e9sz\u00e9b\u0151l indulnak a b\u00e1zis fel\u00e9 a bal als\u00f3 sarokban 20 hull\u00e1mra. K\u00e9t sziget van, amelyek k\u00f6z\u00fcl a nagyobb jobb a tornyok elhelyez\u00e9s\u00e9re. A legfels\u0151 \u00f6sv\u00e9ny a kis \u00e9s a nagy sziget k\u00f6z\u00f6tt is kett\u00e9v\u00e1lik, hogy id\u0151nk\u00e9nt mindk\u00e9t oldal k\u00f6r\u00fcl kanyarodjon, ez\u00e9rt tartsa ezt szem el\u0151tt. V\u00e9g\u00fcl van egy f\u00f6ldi alapod a bal oldalon l\u00e9v\u0151 f\u0151f\u00f6ld\u00f6n, de figyelmen k\u00edv\u00fcl hagyhat\u00f3, mivel \u00e9rintetlen marad, \u00e9s csak ezen a szinten d\u00edszletk\u00e9nt funkcion\u00e1l.<\/p>\n\n\n\n<p>Ez az \u00fatmutat\u00f3 kit\u00e9r arra, hogy mik\u00e9nt juthatunk hozz\u00e1 a telt h\u00e1zhoz, amely minden \u00e9remmel \u00e9s 20 gy\u0151zelmi ponttal t\u00f6k\u00e9letes fordul\u00f3 a Midway Atoll szintj\u00e9n. <em>iBomber Defense Pacific<\/em> kamp\u00e1ny, a Veter\u00e1n neh\u00e9zs\u00e9geken j\u00e1tszott. Ezenk\u00edv\u00fcl ez a k\u00fcldet\u00e9s \u00fatmutat\u00f3 a m\u00e1sodlagos \u00e9s rejtett c\u00e9lokat, valamint egy \u00e1ttekint\u0151 vide\u00f3t tartalmaz.<\/p>\n\n\n\t\t\t\t<div class=\"wp-block-uagb-table-of-contents uagb-toc__align-left uagb-toc__columns-1  uagb-block-a73a7bfa\"\n\t\t\t\t\tdata-scroll= \"1\"\n\t\t\t\t\tdata-offset= \"30\"\n\t\t\t\t\tstyle=\"\"\n\t\t\t\t>\n\t\t\t\t<div class=\"uagb-toc__wrap\">\n\t\t\t\t\t\t<div class=\"uagb-toc__title\">\n\t\t\t\t\t\t\t\u00datmutat\u00f3 navig\u00e1ci\u00f3:\t\t\t\t\t\t<\/div>\n\t\t\t\t\t\t\t\t\t\t\t\t\t\t\t\t<div class=\"uagb-toc__list-wrap\">\n\t\t\t\t\t\t<ol class=\"uagb-toc__list\"><li class=\"uagb-toc__list\"><a href=\"#secondary-objective\" class=\"uagb-toc-link__trigger\">M\u00e1sodlagos c\u00e9l<\/a><li class=\"uagb-toc__list\"><a href=\"#perks-used-for-this-mission\" class=\"uagb-toc-link__trigger\">A k\u00fcldet\u00e9shez haszn\u00e1lt juttat\u00e1sok:<\/a><li class=\"uagb-toc__list\"><a href=\"#hidden-target\" class=\"uagb-toc-link__trigger\">Rejtett c\u00e9l<\/a><li class=\"uagb-toc__list\"><a href=\"#turret-placement\" class=\"uagb-toc-link__trigger\">Torony elhelyez\u00e9se<\/a><li class=\"uagb-toc__list\"><a href=\"#veteran-difficulty-video-guide\" class=\"uagb-toc-link__trigger\">Veter\u00e1n Neh\u00e9zs\u00e9gi \u00fatmutat\u00f3 Vide\u00f3<\/a><\/ol>\t\t\t\t\t<\/div>\n\t\t\t\t\t\t\t\t\t<\/div>\n\t\t\t\t<\/div>\n\t\t\t\n\n\n<hr class=\"wp-block-separator is-style-wide\"\/>\n\n\n\n<h3 class=\"wp-block-heading\">M\u00e1sodlagos c\u00e9l<\/h3>\n\n\n\n<p><em>V\u00e9dje sz\u00e1ll\u00edt\u00f3haj\u00f3it.<\/em><\/p>\n\n\n\n<p>A t\u00e9rk\u00e9p jobb als\u00f3 r\u00e9sz\u00e9n egy sor parkol\u00f3 haj\u00f3 tal\u00e1lhat\u00f3 a dokkol\u00f3n\u00e1l; ezeket kell ell\u00e1tni a m\u00e1sodlagos c\u00e9l \u00e9rdek\u00e9ben. Erre a legjobb m\u00f3d az els\u0151, a fa dokkok v\u00e9g\u00e9n l\u00e9v\u0151 torony, az id\u0151 el\u0151rehaladt\u00e1val pedig a beton. A legjobb, ha rendes fegyvert\u0171zzel semmis\u00edtj\u00fck meg a dokkokban l\u00e9v\u0151 l\u00e1d\u00e1t, mivel a bomba eldob\u00e1sa nagyon nagy es\u00e9llyel j\u00e1rul\u00e9kos k\u00e1rokat okozhat.<\/p>\n\n\n\n<div class=\"wp-block-image\"><figure class=\"aligncenter size-large\"><a href=\"https:\/\/ibomberdefensepacific.standardof.net\/hu\/guide\/kampany-kuldetes-05-feluton-atoll-tengeri-tamadas\/ibomber-defense-pacific-campaign-mission-05-midway-atoll-2\/\"><img decoding=\"async\" width=\"444\" height=\"215\" src=\"https:\/\/ibomberdefensepacific.standardof.net\/wp-content\/uploads\/sites\/6\/2020\/10\/iBomber-Defense-Pacific-Campaign-Mission-05-Midway-Atoll-2.jpg\" alt=\"&quot;iBomber Defense Pacific&quot; - 05. kamp\u00e1nymisszi\u00f3 - &quot;Midway Atoll&quot; (2)\" class=\"wp-image-56\" srcset=\"https:\/\/ibomberdefensepacific.standardof.net\/wp-content\/uploads\/sites\/6\/2020\/10\/iBomber-Defense-Pacific-Campaign-Mission-05-Midway-Atoll-2.jpg 444w, https:\/\/ibomberdefensepacific.standardof.net\/wp-content\/uploads\/sites\/6\/2020\/10\/iBomber-Defense-Pacific-Campaign-Mission-05-Midway-Atoll-2-200x97.jpg 200w, https:\/\/ibomberdefensepacific.standardof.net\/wp-content\/uploads\/sites\/6\/2020\/10\/iBomber-Defense-Pacific-Campaign-Mission-05-Midway-Atoll-2-16x8.jpg 16w\" sizes=\"(max-width: 444px) 100vw, 444px\" \/><\/a><figcaption>Az ell\u00e1t\u00e1si haj\u00f3k, amelyeket meg kell v\u00e9denie a m\u00e1sodlagos c\u00e9l \u00e9rdek\u00e9ben.<\/figcaption><\/figure><\/div>\n\n\n\n<p><strong>Ell\u00e1t\u00f3 l\u00e1d\u00e1k:<\/strong> 6.<\/p>\n\n\n\n<p><strong>Elk\u00f6lt\u00f6tt gy\u0151zelmi pontok:<\/strong> 80<\/p>\n\n\n\n<ul><li>G\u00e9pfegyver lvl 3<\/li><li>\u00c1gy\u00fa lvl 3<\/li><li>Bomba lvl 3<\/li><\/ul>\n\n\n\n<hr class=\"wp-block-separator is-style-wide\"\/>\n\n\n\n<h3 class=\"wp-block-heading\">A k\u00fcldet\u00e9shez haszn\u00e1lt juttat\u00e1sok:<\/h3>\n\n\n\n<ul><li>Greenback I<\/li><li>Sasszem I.<\/li><\/ul>\n\n\n\n<p>Mint mindig, a szint elej\u00e9n l\u00e9v\u0151 plusz p\u00e9nz nagy v\u00e1ltoz\u00e1st hozhat. Most felcser\u00e9lj\u00fck az extra bomb\u00e1t az \u00f6sszes torony gyorsabb c\u00e9lz\u00e1s\u00e1ra, mivel \u00edgy is t\u00f6bb id\u0151 marad a bomb\u00e1k fel\u00e9p\u00edt\u00e9s\u00e9re. Ez az el\u0151ny hasznos ahhoz, hogy a legt\u00f6bbet kihaszn\u00e1lhassa n\u00e9h\u00e1ny j\u00f3l elhelyezett fegyverb\u0151l.<\/p>\n\n\n\n<hr class=\"wp-block-separator is-style-wide\"\/>\n\n\n\n<h3 class=\"wp-block-heading\">Rejtett c\u00e9l<\/h3>\n\n\n\n<p>A rejtett c\u00e9lpontot val\u00f3ban k\u00f6nny\u0171 megtal\u00e1lni (mindaddig, am\u00edg tudja, mire kell figyelni) ebben a k\u00fcldet\u00e9sben. A sz\u00e1razf\u00f6ld d\u00e9li r\u00e9sz\u00e9n tal\u00e1lhat\u00f3 t\u00e9rk\u00e9p alj\u00e1n k\u00f6z\u00e9pen a fenti k\u00e9pen tal\u00e1lhat\u00f3 narancss\u00e1rga rakt\u00e1r tal\u00e1lhat\u00f3. Bomba el.<\/p>\n\n\n\n<div class=\"wp-block-image\"><figure class=\"aligncenter size-large\"><a href=\"https:\/\/ibomberdefensepacific.standardof.net\/hu\/guide\/kampany-kuldetes-05-feluton-atoll-tengeri-tamadas\/ibomber-defense-pacific-campaign-mission-05-midway-atoll-3\/\"><img decoding=\"async\" width=\"248\" height=\"190\" src=\"https:\/\/ibomberdefensepacific.standardof.net\/wp-content\/uploads\/sites\/6\/2020\/10\/iBomber-Defense-Pacific-Campaign-Mission-05-Midway-Atoll-3.jpg\" alt=\"&quot;iBomber Defense Pacific&quot; - 05. kamp\u00e1nymisszi\u00f3 - &quot;Midway Atoll&quot; (3)\" class=\"wp-image-57\" srcset=\"https:\/\/ibomberdefensepacific.standardof.net\/wp-content\/uploads\/sites\/6\/2020\/10\/iBomber-Defense-Pacific-Campaign-Mission-05-Midway-Atoll-3.jpg 248w, https:\/\/ibomberdefensepacific.standardof.net\/wp-content\/uploads\/sites\/6\/2020\/10\/iBomber-Defense-Pacific-Campaign-Mission-05-Midway-Atoll-3-200x153.jpg 200w, https:\/\/ibomberdefensepacific.standardof.net\/wp-content\/uploads\/sites\/6\/2020\/10\/iBomber-Defense-Pacific-Campaign-Mission-05-Midway-Atoll-3-16x12.jpg 16w\" sizes=\"(max-width: 248px) 100vw, 248px\" \/><\/a><figcaption>A narancss\u00e1rga rakt\u00e1r titkos rejtett c\u00e9lpontja a Midway Atollon.<\/figcaption><\/figure><\/div>\n\n\n\n<hr class=\"wp-block-separator is-style-wide\"\/>\n\n\n\n<h3 class=\"wp-block-heading\">Torony elhelyez\u00e9se<\/h3>\n\n\n\n<figure class=\"wp-block-gallery columns-2 is-cropped wp-block-gallery-1 is-layout-flex wp-block-gallery-is-layout-flex\"><ul class=\"blocks-gallery-grid\"><li class=\"blocks-gallery-item\"><figure><a href=\"https:\/\/ibomberdefensepacific.standardof.net\/hu\/guide\/kampany-kuldetes-05-feluton-atoll-tengeri-tamadas\/ibomber-defense-pacific-campaign-mission-05-midway-atoll-4\/\"><img decoding=\"async\" width=\"800\" height=\"450\" src=\"https:\/\/ibomberdefensepacific.standardof.net\/wp-content\/uploads\/sites\/6\/2020\/10\/iBomber-Defense-Pacific-Campaign-Mission-05-Midway-Atoll-4-800x450.jpg\" alt=\"&quot;iBomber Defense Pacific&quot; - 05. kamp\u00e1nymisszi\u00f3 - &quot;Midway Atoll&quot; (4)\" data-id=\"58\" data-full-url=\"https:\/\/ibomberdefensepacific.standardof.net\/wp-content\/uploads\/sites\/6\/2020\/10\/iBomber-Defense-Pacific-Campaign-Mission-05-Midway-Atoll-4.jpg\" data-link=\"https:\/\/ibomberdefensepacific.standardof.net\/guide\/campaign-mission-05-midway-atoll-sea-attack\/ibomber-defense-pacific-campaign-mission-05-midway-atoll-4\/\" class=\"wp-image-58\" srcset=\"https:\/\/ibomberdefensepacific.standardof.net\/wp-content\/uploads\/sites\/6\/2020\/10\/iBomber-Defense-Pacific-Campaign-Mission-05-Midway-Atoll-4-800x450.jpg 800w, https:\/\/ibomberdefensepacific.standardof.net\/wp-content\/uploads\/sites\/6\/2020\/10\/iBomber-Defense-Pacific-Campaign-Mission-05-Midway-Atoll-4-512x288.jpg 512w, https:\/\/ibomberdefensepacific.standardof.net\/wp-content\/uploads\/sites\/6\/2020\/10\/iBomber-Defense-Pacific-Campaign-Mission-05-Midway-Atoll-4-200x113.jpg 200w, https:\/\/ibomberdefensepacific.standardof.net\/wp-content\/uploads\/sites\/6\/2020\/10\/iBomber-Defense-Pacific-Campaign-Mission-05-Midway-Atoll-4-768x432.jpg 768w, https:\/\/ibomberdefensepacific.standardof.net\/wp-content\/uploads\/sites\/6\/2020\/10\/iBomber-Defense-Pacific-Campaign-Mission-05-Midway-Atoll-4-16x9.jpg 16w, https:\/\/ibomberdefensepacific.standardof.net\/wp-content\/uploads\/sites\/6\/2020\/10\/iBomber-Defense-Pacific-Campaign-Mission-05-Midway-Atoll-4.jpg 1280w\" sizes=\"(max-width: 800px) 100vw, 800px\" \/><\/a><figcaption class=\"blocks-gallery-item__caption\">10. hull\u00e1m torony elhelyez\u00e9se.<\/figcaption><\/figure><\/li><li class=\"blocks-gallery-item\"><figure><a href=\"https:\/\/ibomberdefensepacific.standardof.net\/hu\/guide\/kampany-kuldetes-05-feluton-atoll-tengeri-tamadas\/ibomber-defense-pacific-campaign-mission-05-midway-atoll-5\/\"><img decoding=\"async\" width=\"800\" height=\"450\" src=\"https:\/\/ibomberdefensepacific.standardof.net\/wp-content\/uploads\/sites\/6\/2020\/10\/iBomber-Defense-Pacific-Campaign-Mission-05-Midway-Atoll-5-800x450.jpg\" alt=\"&quot;iBomber Defense Pacific&quot; - 05. kamp\u00e1nymisszi\u00f3 - &quot;Midway Atoll&quot; (5)\" data-id=\"59\" data-full-url=\"https:\/\/ibomberdefensepacific.standardof.net\/wp-content\/uploads\/sites\/6\/2020\/10\/iBomber-Defense-Pacific-Campaign-Mission-05-Midway-Atoll-5.jpg\" data-link=\"https:\/\/ibomberdefensepacific.standardof.net\/guide\/campaign-mission-05-midway-atoll-sea-attack\/ibomber-defense-pacific-campaign-mission-05-midway-atoll-5\/\" class=\"wp-image-59\" srcset=\"https:\/\/ibomberdefensepacific.standardof.net\/wp-content\/uploads\/sites\/6\/2020\/10\/iBomber-Defense-Pacific-Campaign-Mission-05-Midway-Atoll-5-800x450.jpg 800w, https:\/\/ibomberdefensepacific.standardof.net\/wp-content\/uploads\/sites\/6\/2020\/10\/iBomber-Defense-Pacific-Campaign-Mission-05-Midway-Atoll-5-512x288.jpg 512w, https:\/\/ibomberdefensepacific.standardof.net\/wp-content\/uploads\/sites\/6\/2020\/10\/iBomber-Defense-Pacific-Campaign-Mission-05-Midway-Atoll-5-200x113.jpg 200w, https:\/\/ibomberdefensepacific.standardof.net\/wp-content\/uploads\/sites\/6\/2020\/10\/iBomber-Defense-Pacific-Campaign-Mission-05-Midway-Atoll-5-768x432.jpg 768w, https:\/\/ibomberdefensepacific.standardof.net\/wp-content\/uploads\/sites\/6\/2020\/10\/iBomber-Defense-Pacific-Campaign-Mission-05-Midway-Atoll-5-16x9.jpg 16w, https:\/\/ibomberdefensepacific.standardof.net\/wp-content\/uploads\/sites\/6\/2020\/10\/iBomber-Defense-Pacific-Campaign-Mission-05-Midway-Atoll-5.jpg 1280w\" sizes=\"(max-width: 800px) 100vw, 800px\" \/><\/a><figcaption class=\"blocks-gallery-item__caption\">20. hull\u00e1mtorony elhelyez\u00e9se.<\/figcaption><\/figure><\/li><\/ul><\/figure>\n\n\n\n<p>A tornyokat a Midway Atollon veter\u00e1nra helyezve arra \u00f6sszpontos\u00edtanak, hogy el\u0151sz\u00f6r egy g\u00e9ppusk\u00e1t szerezzenek a fa dokkok mindk\u00e9t v\u00e9g\u00e9re az ut\u00e1np\u00f3tl\u00e1s haj\u00f3i \u00e1ltal, majd ezeket a tornyokat megjav\u00edtva tarts\u00e1k. Azonban tartsa \u0151ket az 1. szinten a k\u00fcldet\u00e9s nagy r\u00e9sz\u00e9ben, mivel ezek c\u00e9lja, hogy egyel\u0151re egyszer\u0171en felsz\u00edvj\u00e1k a t\u00fczet.<\/p>\n\n\n\n<p>Egy m\u00e1sik, ez\u00fattal korszer\u0171s\u00edtett g\u00e9pfegyverp\u00e1r helyezhet\u0151 el a nagy sziget \u00e9szaki \u00e9s d\u00e9li oldal\u00e1n, a d\u00e9li torony fejleszt\u00e9seinek kiemelt fontoss\u00e1g\u00fa. Ezut\u00e1n dolgozzon egy \u00e1gy\u00fan a sziget k\u00f6zep\u00e9n, hogy az lefedje mindk\u00e9t f\u0151 utat, \u00e9s egy m\u00e1sodpercet a beton m\u00f3l\u00f3 v\u00e9g\u00e9n, hogy az ut\u00e1np\u00f3tl\u00e1s haj\u00f3i teljes toronypajzsot kapjanak. Egyetlen bomba-torony elegend\u0151 lesz, alkalmank\u00e9nt korszer\u0171s\u00edtve, hogy el\u0151seg\u00edtse a l\u00e1d\u00e1k egy r\u00e9sz\u00e9nek kinyit\u00e1s\u00e1t \u00e9s az elrejtett c\u00e9lpont el\u00e9r\u00e9s\u00e9t.<\/p>\n\n\n\n<p>Amikor a 20. hull\u00e1m fel\u00e9 igyekszik, pr\u00f3b\u00e1ljon meg \u00fajabb \u00e1gy\u00fat szerezni (a kett\u0151 egyik\u00e9nek korszer\u0171s\u00edt\u00e9s\u00e9vel) a k\u00f6zponti szigeten, ahol mindkett\u0151 lefedi mindk\u00e9t f\u0151 utat. Ez a sziget a legjobb pont arra, hogy a legt\u00f6bb p\u00e9nzt t\u00f6ltse fel, mivel itt van a legjobb torony lefedetts\u00e9g. V\u00e9g\u00fcl, ha beteszel egy kis p\u00e9nzt egy m\u00e1sodik bombatart\u00f3ba, \u00e9s a kett\u0151 egyike a 3. szinten lehet\u0151v\u00e9 teszi, hogy befejezd a nyitott l\u00e1d\u00e1k felt\u00f6r\u00e9s\u00e9t, majd j\u00f3l elhelyezett bomb\u00e1kkal seg\u00edts a v\u00e9dekez\u00e9sben.<\/p>\n\n\n\n<hr class=\"wp-block-separator is-style-wide\"\/>\n\n\n\n<h3 class=\"has-text-align-center wp-block-heading\" id=\"4-veteran-difficulty-video-guide\">Veter\u00e1n Neh\u00e9zs\u00e9gi \u00fatmutat\u00f3 Vide\u00f3<\/h3>\n\n\n\n<figure class=\"wp-block-embed-youtube wp-block-embed is-type-video is-provider-youtube wp-embed-aspect-4-3 wp-has-aspect-ratio\"><div class=\"wp-block-embed__wrapper\">\n<div class=\"ast-oembed-container\" style=\"height: 100%;\"><iframe title=\"Midway Atoll - M5 iBomber Defense Pacific - Veter\u00e1n telt h\u00e1z \u00e1ttekint\u00e9s\" width=\"500\" height=\"375\" src=\"https:\/\/www.youtube.com\/embed\/20I4_NaAHFk?feature=oembed\" frameborder=\"0\" allow=\"accelerometer; autoplay; clipboard-write; encrypted-media; gyroscope; picture-in-picture; web-share\" referrerpolicy=\"strict-origin-when-cross-origin\" allowfullscreen><\/iframe><\/div>\n<\/div><\/figure>","protected":false},"excerpt":{"rendered":"<p>Midway Atoll: Sea Attack! Protect your position on Midway to stop the enemy from extending their defensive perimeter. In Midway Atoll, you are facing two main paths of naval unit waves that come from the bottom right and top center of the map towards your base in the bottom left for 20 waves. There are [&hellip;]<\/p>","protected":false},"author":1,"featured_media":59,"parent":164,"menu_order":5,"comment_status":"open","ping_status":"closed","template":"","meta":{"_uag_custom_page_level_css":"","site-sidebar-layout":"default","site-content-layout":"default","ast-site-content-layout":"","site-content-style":"default","site-sidebar-style":"default","ast-global-header-display":"","ast-banner-title-visibility":"","ast-main-header-display":"","ast-hfb-above-header-display":"","ast-hfb-below-header-display":"","ast-hfb-mobile-header-display":"","site-post-title":"","ast-breadcrumbs-content":"","ast-featured-img":"","footer-sml-layout":"","theme-transparent-header-meta":"default","adv-header-id-meta":"","stick-header-meta":"","header-above-stick-meta":"","header-main-stick-meta":"","header-below-stick-meta":"","astra-migrate-meta-layouts":"default","ast-page-background-enabled":"default","ast-page-background-meta":{"desktop":{"background-color":"","background-image":"","background-repeat":"repeat","background-position":"center center","background-size":"auto","background-attachment":"scroll","background-type":"","background-media":"","overlay-type":"","overlay-color":"","overlay-gradient":""},"tablet":{"background-color":"","background-image":"","background-repeat":"repeat","background-position":"center center","background-size":"auto","background-attachment":"scroll","background-type":"","background-media":"","overlay-type":"","overlay-color":"","overlay-gradient":""},"mobile":{"background-color":"","background-image":"","background-repeat":"repeat","background-position":"center center","background-size":"auto","background-attachment":"scroll","background-type":"","background-media":"","overlay-type":"","overlay-color":"","overlay-gradient":""}},"ast-content-background-meta":{"desktop":{"background-color":"var(--ast-global-color-5)","background-image":"","background-repeat":"repeat","background-position":"center center","background-size":"auto","background-attachment":"scroll","background-type":"","background-media":"","overlay-type":"","overlay-color":"","overlay-gradient":""},"tablet":{"background-color":"var(--ast-global-color-5)","background-image":"","background-repeat":"repeat","background-position":"center center","background-size":"auto","background-attachment":"scroll","background-type":"","background-media":"","overlay-type":"","overlay-color":"","overlay-gradient":""},"mobile":{"background-color":"var(--ast-global-color-5)","background-image":"","background-repeat":"repeat","background-position":"center center","background-size":"auto","background-attachment":"scroll","background-type":"","background-media":"","overlay-type":"","overlay-color":"","overlay-gradient":""}},"footnotes":""},"uagb_featured_image_src":{"full":["https:\/\/ibomberdefensepacific.standardof.net\/wp-content\/uploads\/sites\/6\/2020\/10\/iBomber-Defense-Pacific-Campaign-Mission-05-Midway-Atoll-5.jpg",1280,720,false],"thumbnail":["https:\/\/ibomberdefensepacific.standardof.net\/wp-content\/uploads\/sites\/6\/2020\/10\/iBomber-Defense-Pacific-Campaign-Mission-05-Midway-Atoll-5-200x113.jpg",200,113,true],"medium":["https:\/\/ibomberdefensepacific.standardof.net\/wp-content\/uploads\/sites\/6\/2020\/10\/iBomber-Defense-Pacific-Campaign-Mission-05-Midway-Atoll-5-512x288.jpg",512,288,true],"medium_large":["https:\/\/ibomberdefensepacific.standardof.net\/wp-content\/uploads\/sites\/6\/2020\/10\/iBomber-Defense-Pacific-Campaign-Mission-05-Midway-Atoll-5-768x432.jpg",768,432,true],"large":["https:\/\/ibomberdefensepacific.standardof.net\/wp-content\/uploads\/sites\/6\/2020\/10\/iBomber-Defense-Pacific-Campaign-Mission-05-Midway-Atoll-5-800x450.jpg",800,450,true],"1536x1536":["https:\/\/ibomberdefensepacific.standardof.net\/wp-content\/uploads\/sites\/6\/2020\/10\/iBomber-Defense-Pacific-Campaign-Mission-05-Midway-Atoll-5.jpg",1280,720,false],"2048x2048":["https:\/\/ibomberdefensepacific.standardof.net\/wp-content\/uploads\/sites\/6\/2020\/10\/iBomber-Defense-Pacific-Campaign-Mission-05-Midway-Atoll-5.jpg",1280,720,false],"trp-custom-language-flag":["https:\/\/ibomberdefensepacific.standardof.net\/wp-content\/uploads\/sites\/6\/2020\/10\/iBomber-Defense-Pacific-Campaign-Mission-05-Midway-Atoll-5-16x9.jpg",16,9,true]},"uagb_author_info":{"display_name":"SOE","author_link":"https:\/\/ibomberdefensepacific.standardof.net\/hu\/author\/k-tastic\/"},"uagb_comment_info":0,"uagb_excerpt":"Midway Atoll: Sea Attack! Protect your position on Midway to stop the enemy from extending their defensive perimeter. In Midway Atoll, you are facing two main paths of naval unit waves that come from the bottom right and top center of the map towards your base in the bottom left for 20 waves. There are&hellip;","_links":{"self":[{"href":"https:\/\/ibomberdefensepacific.standardof.net\/hu\/wp-json\/wp\/v2\/pages\/196"}],"collection":[{"href":"https:\/\/ibomberdefensepacific.standardof.net\/hu\/wp-json\/wp\/v2\/pages"}],"about":[{"href":"https:\/\/ibomberdefensepacific.standardof.net\/hu\/wp-json\/wp\/v2\/types\/page"}],"author":[{"embeddable":true,"href":"https:\/\/ibomberdefensepacific.standardof.net\/hu\/wp-json\/wp\/v2\/users\/1"}],"replies":[{"embeddable":true,"href":"https:\/\/ibomberdefensepacific.standardof.net\/hu\/wp-json\/wp\/v2\/comments?post=196"}],"version-history":[{"count":0,"href":"https:\/\/ibomberdefensepacific.standardof.net\/hu\/wp-json\/wp\/v2\/pages\/196\/revisions"}],"up":[{"embeddable":true,"href":"https:\/\/ibomberdefensepacific.standardof.net\/hu\/wp-json\/wp\/v2\/pages\/164"}],"wp:featuredmedia":[{"embeddable":true,"href":"https:\/\/ibomberdefensepacific.standardof.net\/hu\/wp-json\/wp\/v2\/media\/59"}],"wp:attachment":[{"href":"https:\/\/ibomberdefensepacific.standardof.net\/hu\/wp-json\/wp\/v2\/media?parent=196"}],"curies":[{"name":"wp","href":"https:\/\/api.w.org\/{rel}","templated":true}]}}