{"id":195,"date":"2020-10-21T13:30:46","date_gmt":"2020-10-21T13:30:46","guid":{"rendered":"https:\/\/ibomberdefensepacific.standardof.net\/?page_id=195"},"modified":"2020-10-21T17:20:21","modified_gmt":"2020-10-21T17:20:21","slug":"campaign-mission-04-guadalcanal-watchtower","status":"publish","type":"page","link":"https:\/\/ibomberdefensepacific.standardof.net\/hu\/guide\/kampany-kuldetes-04-guadalcanal-ortorony\/","title":{"rendered":"Kamp\u00e1nymisszi\u00f3 04: \u201eGuadalcanal\u201d \u0150rtorony"},"content":{"rendered":"<h2 class=\"wp-block-heading\">Guadalcanal: \u0150rtorony<\/h2>\n\n\n\n<div class=\"wp-block-image\"><figure class=\"aligncenter size-large\"><a href=\"https:\/\/ibomberdefensepacific.standardof.net\/hu\/guide\/kampany-kuldetes-04-guadalcanal-ortorony\/ibomber-defense-pacific-campaign-mission-04-guadalcanal-1\/\"><img decoding=\"async\" width=\"800\" height=\"450\" src=\"https:\/\/ibomberdefensepacific.standardof.net\/wp-content\/uploads\/sites\/6\/2020\/10\/iBomber-Defense-Pacific-Campaign-Mission-04-Guadalcanal-1-800x450.jpg\" alt=\"&quot;iBomber Defense Pacific&quot; - 04-es kamp\u00e1nymisszi\u00f3 - &quot;Guadalcanal&quot; (1)\" class=\"wp-image-50\" srcset=\"https:\/\/ibomberdefensepacific.standardof.net\/wp-content\/uploads\/sites\/6\/2020\/10\/iBomber-Defense-Pacific-Campaign-Mission-04-Guadalcanal-1-800x450.jpg 800w, https:\/\/ibomberdefensepacific.standardof.net\/wp-content\/uploads\/sites\/6\/2020\/10\/iBomber-Defense-Pacific-Campaign-Mission-04-Guadalcanal-1-512x288.jpg 512w, https:\/\/ibomberdefensepacific.standardof.net\/wp-content\/uploads\/sites\/6\/2020\/10\/iBomber-Defense-Pacific-Campaign-Mission-04-Guadalcanal-1-200x113.jpg 200w, https:\/\/ibomberdefensepacific.standardof.net\/wp-content\/uploads\/sites\/6\/2020\/10\/iBomber-Defense-Pacific-Campaign-Mission-04-Guadalcanal-1-768x432.jpg 768w, https:\/\/ibomberdefensepacific.standardof.net\/wp-content\/uploads\/sites\/6\/2020\/10\/iBomber-Defense-Pacific-Campaign-Mission-04-Guadalcanal-1-16x9.jpg 16w, https:\/\/ibomberdefensepacific.standardof.net\/wp-content\/uploads\/sites\/6\/2020\/10\/iBomber-Defense-Pacific-Campaign-Mission-04-Guadalcanal-1.jpg 1280w\" sizes=\"(max-width: 800px) 100vw, 800px\" \/><\/a><figcaption>A f\u0151hull\u00e1m ellens\u00e9ges \u00fatvonala piros sz\u00ednnel, k\u00e9k vonalakkal rajzolva mutatja be a k\u00fcl\u00f6nleges besurran\u00f3 t\u00e1mad\u00e1si \u00fatvonalakat.<\/figcaption><\/figure><\/div>\n\n\n\n<p><em>V\u00e9dje meg helyzet\u00e9t Guadalcanalban, \u00e9s akad\u00e1lyozza meg, hogy jap\u00e1n fellegv\u00e1r legyen.<\/em><\/p>\n\n\n\n<p>Ezen a szinten 16 ellens\u00e9ges sz\u00e1razf\u00f6ldi egys\u00e9g hull\u00e1m\u00e1val n\u00e9z szembe, amelyek a bal fels\u0151 sarok fel\u00e9 k\u00f6zelednek, \u00e9s \u00f3ri\u00e1si \u00edvet g\u00f6rb\u00edtenek a t\u00e9rk\u00e9p jobb oldal\u00e1n, miel\u0151tt tal\u00e1lkozn\u00e1nak a b\u00e1zissal a k\u00f6z\u00e9ps\u0151 alj\u00e1n. Itt ismerkedhet meg a L\u00e1ngsz\u00f3r\u00f3 torny\u00e1val, amely j\u00f3l j\u00f6n ennek a b\u00e1zisnak a v\u00e9delm\u00e9ben, \u00e9s a j\u00f6v\u0151beni strat\u00e9gi\u00e1k elengedhetetlen r\u00e9sz\u00e9v\u00e9 v\u00e1lik.<\/p>\n\n\n\n<p>Ez az \u00fatmutat\u00f3 kit\u00e9r arra, hogyan juthatunk telth\u00e1zhoz, amely minden \u00e9remmel \u00e9s 20 gy\u0151zelmi ponttal t\u00f6k\u00e9letes fordul\u00f3 a Guadalcanal szintj\u00e9n. <em>iBomber Defense Pacific<\/em> kamp\u00e1ny, a Veter\u00e1n neh\u00e9zs\u00e9geken j\u00e1tszott. Ezenk\u00edv\u00fcl ez a misszi\u00f3s \u00fatmutat\u00f3 a m\u00e1sodlagos \u00e9s a rejtett c\u00e9lokra is kit\u00e9r.<\/p>\n\n\n\t\t\t\t<div class=\"wp-block-uagb-table-of-contents uagb-toc__align-left uagb-toc__columns-1  uagb-block-5eabf030\"\n\t\t\t\t\tdata-scroll= \"1\"\n\t\t\t\t\tdata-offset= \"30\"\n\t\t\t\t\tstyle=\"\"\n\t\t\t\t>\n\t\t\t\t<div class=\"uagb-toc__wrap\">\n\t\t\t\t\t\t<div class=\"uagb-toc__title\">\n\t\t\t\t\t\t\t\u00datmutat\u00f3 navig\u00e1ci\u00f3:\t\t\t\t\t\t<\/div>\n\t\t\t\t\t\t\t\t\t\t\t\t\t\t\t\t<div class=\"uagb-toc__list-wrap\">\n\t\t\t\t\t\t<ol class=\"uagb-toc__list\"><li class=\"uagb-toc__list\"><a href=\"#secondary-objective\" class=\"uagb-toc-link__trigger\">M\u00e1sodlagos c\u00e9l<\/a><li class=\"uagb-toc__list\"><a href=\"#perks-used-for-this-mission\" class=\"uagb-toc-link__trigger\">A k\u00fcldet\u00e9shez haszn\u00e1lt juttat\u00e1sok:<\/a><li class=\"uagb-toc__list\"><a href=\"#hidden-target\" class=\"uagb-toc-link__trigger\">Rejtett c\u00e9l<\/a><li class=\"uagb-toc__list\"><a href=\"#turret-placement\" class=\"uagb-toc-link__trigger\">Torony elhelyez\u00e9se<\/a><li class=\"uagb-toc__list\"><a href=\"#veteran-difficulty-video-guide\" class=\"uagb-toc-link__trigger\">Veter\u00e1n Neh\u00e9zs\u00e9gi \u00fatmutat\u00f3 Vide\u00f3<\/a><\/ol>\t\t\t\t\t<\/div>\n\t\t\t\t\t\t\t\t\t<\/div>\n\t\t\t\t<\/div>\n\t\t\t\n\n\n<hr class=\"wp-block-separator is-style-wide\"\/>\n\n\n\n<h3 class=\"wp-block-heading\">M\u00e1sodlagos c\u00e9l<\/h3>\n\n\n\n<p><em>V\u00e9dje az olajfinom\u00edt\u00f3t.<\/em><\/p>\n\n\n\n<p>Az olajfinom\u00edt\u00f3 a b\u00e1zis bal fels\u0151 sark\u00e1ban tal\u00e1lhat\u00f3, jelent\u0151sen nagy \u00e9p\u00fclet. Ennek v\u00e9delme bomb\u00e1k haszn\u00e1lat\u00e1t ig\u00e9nyli, mivel v\u00e9g\u00fcl egy kis besurran\u00f3 t\u00e1mad\u00e1s (7. hull\u00e1m) megk\u00f6zel\u00edti a h\u00e1tulj\u00e1t, a tornyok hat\u00f3sugar\u00e1n k\u00edv\u00fcl. Hossz\u00fa id\u0151be telik a finom\u00edt\u00f3 teljes megsemmis\u00edt\u00e9se, de a legjobb, ha meg\u00f6lik \u0151ket. N\u00e9h\u00e1ny torony elhelyez\u00e9se az \u00e9p\u00fclet el\u0151tt k\u00f6zte \u00e9s a hull\u00e1m\u00fat k\u00f6z\u00f6tt megakad\u00e1lyozza, hogy ebb\u0151l az ir\u00e1nyb\u00f3l t\u00fczet gy\u00fajtson.<\/p>\n\n\n\n<p>V\u00e9g\u00fcl, ha bomb\u00e1kat haszn\u00e1l a finom\u00edt\u00f3 k\u00f6zel\u00e9ben l\u00e9v\u0151 l\u00e1dah\u00e1rmasra, \u00fcgyeljen arra, hogy dobja azokat a lehet\u0151 legt\u00e1volabb az \u00e9p\u00fclett\u0151l; m\u00e9g a saj\u00e1t bomb\u00e1j\u00e1nak robbant\u00e1sa is hatalmas k\u00e1rokat okozhat.<\/p>\n\n\n\n<div class=\"wp-block-image\"><figure class=\"aligncenter size-large\"><a href=\"https:\/\/ibomberdefensepacific.standardof.net\/hu\/guide\/kampany-kuldetes-04-guadalcanal-ortorony\/ibomber-defense-pacific-campaign-mission-04-guadalcanal-2\/\"><img decoding=\"async\" width=\"407\" height=\"242\" src=\"https:\/\/ibomberdefensepacific.standardof.net\/wp-content\/uploads\/sites\/6\/2020\/10\/iBomber-Defense-Pacific-Campaign-Mission-04-Guadalcanal-2.jpg\" alt=\"&quot;iBomber Defense Pacific&quot; - 04-es kamp\u00e1nymisszi\u00f3 - &quot;Guadalcanal&quot; (2)\" class=\"wp-image-51\" srcset=\"https:\/\/ibomberdefensepacific.standardof.net\/wp-content\/uploads\/sites\/6\/2020\/10\/iBomber-Defense-Pacific-Campaign-Mission-04-Guadalcanal-2.jpg 407w, https:\/\/ibomberdefensepacific.standardof.net\/wp-content\/uploads\/sites\/6\/2020\/10\/iBomber-Defense-Pacific-Campaign-Mission-04-Guadalcanal-2-200x119.jpg 200w, https:\/\/ibomberdefensepacific.standardof.net\/wp-content\/uploads\/sites\/6\/2020\/10\/iBomber-Defense-Pacific-Campaign-Mission-04-Guadalcanal-2-16x10.jpg 16w\" sizes=\"(max-width: 407px) 100vw, 407px\" \/><\/a><figcaption>Az olajfinom\u00edt\u00f3.<\/figcaption><\/figure><\/div>\n\n\n\n<p><strong>Ell\u00e1t\u00f3 l\u00e1d\u00e1k:<\/strong> 4<\/p>\n\n\n\n<p><strong>Elk\u00f6lt\u00f6tt gy\u0151zelmi pontok:<\/strong> 60<\/p>\n\n\n\n<ul><li>G\u00e9pfegyver lvl 3<\/li><li>\u00c1gy\u00fa lvl 3<\/li><li>Bomba lvl 2<\/li><\/ul>\n\n\n\n<hr class=\"wp-block-separator is-style-wide\"\/>\n\n\n\n<h3 class=\"wp-block-heading\">A k\u00fcldet\u00e9shez haszn\u00e1lt juttat\u00e1sok:<\/h3>\n\n\n\n<ul><li>Greenback I<\/li><li>I. bomb\u00e1z\u00f3<\/li><\/ul>\n\n\n\n<p>Ism\u00e9t p\u00e9nz \u00e9s bomba - mondta Nuff.<\/p>\n\n\n\n<hr class=\"wp-block-separator is-style-wide\"\/>\n\n\n\n<h3 class=\"wp-block-heading\">Rejtett c\u00e9l<\/h3>\n\n\n\n<p>A guadalcanali rejtett c\u00e9l az egyik kis kunyh\u00f3, amely a t\u00e9rk\u00e9p jobb fels\u0151 r\u00e9sz\u00e9n tal\u00e1lhat\u00f3. Keresse meg az erd\u0151ben lev\u0151 kunyh\u00f3t, amelyet f\u00e1k bor\u00edtanak, szemben azzal a p\u00e1rral, amely a homokos tengerparton van a szabadban. N\u00e9zze meg a p\u00e1r bal als\u00f3 sark\u00e1t, hogy megtal\u00e1lja a f\u00e1kkal bor\u00edtott c\u00e9lpontot (l\u00e1sd a fenti k\u00e9pet).<\/p>\n\n\n\n<div class=\"wp-block-image\"><figure class=\"aligncenter size-large\"><a href=\"https:\/\/ibomberdefensepacific.standardof.net\/hu\/guide\/kampany-kuldetes-04-guadalcanal-ortorony\/ibomber-defense-pacific-campaign-mission-04-guadalcanal-3\/\"><img decoding=\"async\" width=\"245\" height=\"176\" src=\"https:\/\/ibomberdefensepacific.standardof.net\/wp-content\/uploads\/sites\/6\/2020\/10\/iBomber-Defense-Pacific-Campaign-Mission-04-Guadalcanal-3.jpg\" alt=\"&quot;iBomber Defense Pacific&quot; - 04-es kamp\u00e1nymisszi\u00f3 - &quot;Guadalcanal&quot; (3)\" class=\"wp-image-52\" srcset=\"https:\/\/ibomberdefensepacific.standardof.net\/wp-content\/uploads\/sites\/6\/2020\/10\/iBomber-Defense-Pacific-Campaign-Mission-04-Guadalcanal-3.jpg 245w, https:\/\/ibomberdefensepacific.standardof.net\/wp-content\/uploads\/sites\/6\/2020\/10\/iBomber-Defense-Pacific-Campaign-Mission-04-Guadalcanal-3-200x144.jpg 200w, https:\/\/ibomberdefensepacific.standardof.net\/wp-content\/uploads\/sites\/6\/2020\/10\/iBomber-Defense-Pacific-Campaign-Mission-04-Guadalcanal-3-16x12.jpg 16w\" sizes=\"(max-width: 245px) 100vw, 245px\" \/><\/a><figcaption>A bal als\u00f3 sarokban eltakart kunyh\u00f3 a rejtett c\u00e9l Guadalcanalban.<\/figcaption><\/figure><\/div>\n\n\n\n<hr class=\"wp-block-separator is-style-wide\"\/>\n\n\n\n<h3 class=\"wp-block-heading\">Torony elhelyez\u00e9se<\/h3>\n\n\n\n<figure class=\"wp-block-gallery columns-2 is-cropped wp-block-gallery-1 is-layout-flex wp-block-gallery-is-layout-flex\"><ul class=\"blocks-gallery-grid\"><li class=\"blocks-gallery-item\"><figure><a href=\"https:\/\/ibomberdefensepacific.standardof.net\/hu\/guide\/kampany-kuldetes-04-guadalcanal-ortorony\/ibomber-defense-pacific-campaign-mission-04-guadalcanal-4\/\"><img decoding=\"async\" width=\"800\" height=\"450\" src=\"https:\/\/ibomberdefensepacific.standardof.net\/wp-content\/uploads\/sites\/6\/2020\/10\/iBomber-Defense-Pacific-Campaign-Mission-04-Guadalcanal-4-800x450.jpg\" alt=\"&quot;iBomber Defense Pacific&quot; - 04-es kamp\u00e1nymisszi\u00f3 - &quot;Guadalcanal&quot; (4)\" data-id=\"53\" data-full-url=\"https:\/\/ibomberdefensepacific.standardof.net\/wp-content\/uploads\/sites\/6\/2020\/10\/iBomber-Defense-Pacific-Campaign-Mission-04-Guadalcanal-4.jpg\" data-link=\"https:\/\/ibomberdefensepacific.standardof.net\/guide\/campaign-mission-04-guadalcanal-watchtower\/ibomber-defense-pacific-campaign-mission-04-guadalcanal-4\/\" class=\"wp-image-53\" srcset=\"https:\/\/ibomberdefensepacific.standardof.net\/wp-content\/uploads\/sites\/6\/2020\/10\/iBomber-Defense-Pacific-Campaign-Mission-04-Guadalcanal-4-800x450.jpg 800w, https:\/\/ibomberdefensepacific.standardof.net\/wp-content\/uploads\/sites\/6\/2020\/10\/iBomber-Defense-Pacific-Campaign-Mission-04-Guadalcanal-4-512x288.jpg 512w, https:\/\/ibomberdefensepacific.standardof.net\/wp-content\/uploads\/sites\/6\/2020\/10\/iBomber-Defense-Pacific-Campaign-Mission-04-Guadalcanal-4-200x113.jpg 200w, https:\/\/ibomberdefensepacific.standardof.net\/wp-content\/uploads\/sites\/6\/2020\/10\/iBomber-Defense-Pacific-Campaign-Mission-04-Guadalcanal-4-768x432.jpg 768w, https:\/\/ibomberdefensepacific.standardof.net\/wp-content\/uploads\/sites\/6\/2020\/10\/iBomber-Defense-Pacific-Campaign-Mission-04-Guadalcanal-4-16x9.jpg 16w, https:\/\/ibomberdefensepacific.standardof.net\/wp-content\/uploads\/sites\/6\/2020\/10\/iBomber-Defense-Pacific-Campaign-Mission-04-Guadalcanal-4.jpg 1280w\" sizes=\"(max-width: 800px) 100vw, 800px\" \/><\/a><figcaption class=\"blocks-gallery-item__caption\">8. hull\u00e1m torony elhelyez\u00e9se.<\/figcaption><\/figure><\/li><li class=\"blocks-gallery-item\"><figure><a href=\"https:\/\/ibomberdefensepacific.standardof.net\/hu\/guide\/kampany-kuldetes-04-guadalcanal-ortorony\/ibomber-defense-pacific-campaign-mission-04-guadalcanal-5\/\"><img decoding=\"async\" width=\"800\" height=\"450\" src=\"https:\/\/ibomberdefensepacific.standardof.net\/wp-content\/uploads\/sites\/6\/2020\/10\/iBomber-Defense-Pacific-Campaign-Mission-04-Guadalcanal-5-800x450.jpg\" alt=\"&quot;iBomber Defense Pacific&quot; - 04-es kamp\u00e1nymisszi\u00f3 - &quot;Guadalcanal&quot; (5)\" data-id=\"54\" data-full-url=\"https:\/\/ibomberdefensepacific.standardof.net\/wp-content\/uploads\/sites\/6\/2020\/10\/iBomber-Defense-Pacific-Campaign-Mission-04-Guadalcanal-5.jpg\" data-link=\"https:\/\/ibomberdefensepacific.standardof.net\/guide\/campaign-mission-04-guadalcanal-watchtower\/ibomber-defense-pacific-campaign-mission-04-guadalcanal-5\/\" class=\"wp-image-54\" srcset=\"https:\/\/ibomberdefensepacific.standardof.net\/wp-content\/uploads\/sites\/6\/2020\/10\/iBomber-Defense-Pacific-Campaign-Mission-04-Guadalcanal-5-800x450.jpg 800w, https:\/\/ibomberdefensepacific.standardof.net\/wp-content\/uploads\/sites\/6\/2020\/10\/iBomber-Defense-Pacific-Campaign-Mission-04-Guadalcanal-5-512x288.jpg 512w, https:\/\/ibomberdefensepacific.standardof.net\/wp-content\/uploads\/sites\/6\/2020\/10\/iBomber-Defense-Pacific-Campaign-Mission-04-Guadalcanal-5-200x113.jpg 200w, https:\/\/ibomberdefensepacific.standardof.net\/wp-content\/uploads\/sites\/6\/2020\/10\/iBomber-Defense-Pacific-Campaign-Mission-04-Guadalcanal-5-768x432.jpg 768w, https:\/\/ibomberdefensepacific.standardof.net\/wp-content\/uploads\/sites\/6\/2020\/10\/iBomber-Defense-Pacific-Campaign-Mission-04-Guadalcanal-5-16x9.jpg 16w, https:\/\/ibomberdefensepacific.standardof.net\/wp-content\/uploads\/sites\/6\/2020\/10\/iBomber-Defense-Pacific-Campaign-Mission-04-Guadalcanal-5.jpg 1280w\" sizes=\"(max-width: 800px) 100vw, 800px\" \/><\/a><figcaption class=\"blocks-gallery-item__caption\">16. hull\u00e1m torony elhelyez\u00e9se.<\/figcaption><\/figure><\/li><\/ul><\/figure>\n\n\n\n<p>A tornyok ezen a szinten t\u00f6rt\u00e9n\u0151 elhelyez\u00e9se a klaszterez\u00e9s \u00e1ltal\u00e1nos szab\u00e1ly\u00e1t k\u00f6veti, ahol egy g\u00e9ppuska \u00e9s \u00e1gy\u00fa a k\u00f6zeli l\u00e1ngsz\u00f3r\u00f3 mellett \u00fcl, hogy maximaliz\u00e1lja a l\u00e1ng hat\u00e1sainak hat\u00e9konys\u00e1g\u00e1t. Kezdheti csak a g\u00e9pfegyverrel \u00e9s az egyetlen Flamer-rel a hull\u00e1m \u00fatj\u00e1nak legelej\u00e9n, de gyorsan szeretne dolgozni egy bomba-torony mellett a b\u00e1zisa k\u00f6zel\u00e9ben, \u00e9s egy m\u00e1sodik klaszterrel, hogy \u00fclj\u00f6n a finom\u00edt\u00f3 el\u0151tt - nemcsak az\u00e9rt, hogy seg\u00edtsen megv\u00e9deni, de egy nagyon gondosan ledobott bomba mellett a h\u00e1rom l\u00e1da kitiszt\u00edt\u00e1s\u00e1t is. Gy\u0151z\u0151dj\u00f6n meg r\u00f3la, hogy bomb\u00e1t mentett el a lopakod\u00f3 t\u00e1mad\u00e1shoz a finom\u00edt\u00f3 h\u00e1ts\u00f3 r\u00e9sz\u00e9hez a 7. hull\u00e1mn\u00e1l.<\/p>\n\n\n\n<p>A toronycsom\u00f3 elk\u00e9sz\u00edt\u00e9s\u00e9nek m\u00e1sik j\u00f3 helye a t\u00e9rk\u00e9p legkeletibb r\u00e9sz\u00e9hez vezet\u0151 kanyar, az \u00e9les kanyar. K\u00f6zvetlen\u00fcl a kanyarban helyezve a tornyait kiss\u00e9 extra lefedetts\u00e9ggel ruh\u00e1zza fel, vagyis jobban l\u0151ik az ellens\u00e9get, mint az \u00f6sv\u00e9ny egyenes r\u00e9sz\u00e9n. Ne agg\u00f3djon, ha a finom\u00edt\u00f3 okoz n\u00e9mi k\u00e1rt, mivel ez egy bizonyos fokig kem\u00e9ny szerkezet, \u00e9s csak egy sz\u00e1lon kell t\u00fal\u00e9lnie, hogy elnyerje a m\u00e1sodlagos c\u00e9l\u00e9rmet.<\/p>\n\n\n\n<hr class=\"wp-block-separator is-style-wide\"\/>\n\n\n\n<h3 class=\"has-text-align-center wp-block-heading\" id=\"4-veteran-difficulty-video-guide\">Veter\u00e1n Neh\u00e9zs\u00e9gi \u00fatmutat\u00f3 Vide\u00f3<\/h3>\n\n\n\n<figure class=\"wp-block-embed-youtube wp-block-embed is-type-video is-provider-youtube wp-embed-aspect-16-9 wp-has-aspect-ratio\"><div class=\"wp-block-embed__wrapper\">\n<div class=\"ast-oembed-container\" style=\"height: 100%;\"><iframe title=\"Guadalcanal - M4 iBomber Defense Pacific - Veteran Full House Walkthrough\" width=\"500\" height=\"375\" src=\"https:\/\/www.youtube.com\/embed\/TR5DfAdb2SQ?feature=oembed\" frameborder=\"0\" allow=\"accelerometer; autoplay; clipboard-write; encrypted-media; gyroscope; picture-in-picture; web-share\" referrerpolicy=\"strict-origin-when-cross-origin\" allowfullscreen><\/iframe><\/div>\n<\/div><\/figure>","protected":false},"excerpt":{"rendered":"<p>Guadalcanal: Watchtower Protect your position in Guadalcanal and prevent it from becoming a Japanese stronghold. In this level, you are facing 16 waves of enemy land units approaching from the top left and making a giant sharp curve at the right of the map before meeting your base at the central bottom. Here you will [&hellip;]<\/p>","protected":false},"author":1,"featured_media":54,"parent":164,"menu_order":4,"comment_status":"open","ping_status":"closed","template":"","meta":{"_uag_custom_page_level_css":"","site-sidebar-layout":"default","site-content-layout":"default","ast-site-content-layout":"","site-content-style":"default","site-sidebar-style":"default","ast-global-header-display":"","ast-banner-title-visibility":"","ast-main-header-display":"","ast-hfb-above-header-display":"","ast-hfb-below-header-display":"","ast-hfb-mobile-header-display":"","site-post-title":"","ast-breadcrumbs-content":"","ast-featured-img":"","footer-sml-layout":"","theme-transparent-header-meta":"default","adv-header-id-meta":"","stick-header-meta":"","header-above-stick-meta":"","header-main-stick-meta":"","header-below-stick-meta":"","astra-migrate-meta-layouts":"default","ast-page-background-enabled":"default","ast-page-background-meta":{"desktop":{"background-color":"","background-image":"","background-repeat":"repeat","background-position":"center center","background-size":"auto","background-attachment":"scroll","background-type":"","background-media":"","overlay-type":"","overlay-color":"","overlay-gradient":""},"tablet":{"background-color":"","background-image":"","background-repeat":"repeat","background-position":"center center","background-size":"auto","background-attachment":"scroll","background-type":"","background-media":"","overlay-type":"","overlay-color":"","overlay-gradient":""},"mobile":{"background-color":"","background-image":"","background-repeat":"repeat","background-position":"center center","background-size":"auto","background-attachment":"scroll","background-type":"","background-media":"","overlay-type":"","overlay-color":"","overlay-gradient":""}},"ast-content-background-meta":{"desktop":{"background-color":"var(--ast-global-color-5)","background-image":"","background-repeat":"repeat","background-position":"center center","background-size":"auto","background-attachment":"scroll","background-type":"","background-media":"","overlay-type":"","overlay-color":"","overlay-gradient":""},"tablet":{"background-color":"var(--ast-global-color-5)","background-image":"","background-repeat":"repeat","background-position":"center center","background-size":"auto","background-attachment":"scroll","background-type":"","background-media":"","overlay-type":"","overlay-color":"","overlay-gradient":""},"mobile":{"background-color":"var(--ast-global-color-5)","background-image":"","background-repeat":"repeat","background-position":"center center","background-size":"auto","background-attachment":"scroll","background-type":"","background-media":"","overlay-type":"","overlay-color":"","overlay-gradient":""}},"footnotes":""},"uagb_featured_image_src":{"full":["https:\/\/ibomberdefensepacific.standardof.net\/wp-content\/uploads\/sites\/6\/2020\/10\/iBomber-Defense-Pacific-Campaign-Mission-04-Guadalcanal-5.jpg",1280,720,false],"thumbnail":["https:\/\/ibomberdefensepacific.standardof.net\/wp-content\/uploads\/sites\/6\/2020\/10\/iBomber-Defense-Pacific-Campaign-Mission-04-Guadalcanal-5-200x113.jpg",200,113,true],"medium":["https:\/\/ibomberdefensepacific.standardof.net\/wp-content\/uploads\/sites\/6\/2020\/10\/iBomber-Defense-Pacific-Campaign-Mission-04-Guadalcanal-5-512x288.jpg",512,288,true],"medium_large":["https:\/\/ibomberdefensepacific.standardof.net\/wp-content\/uploads\/sites\/6\/2020\/10\/iBomber-Defense-Pacific-Campaign-Mission-04-Guadalcanal-5-768x432.jpg",768,432,true],"large":["https:\/\/ibomberdefensepacific.standardof.net\/wp-content\/uploads\/sites\/6\/2020\/10\/iBomber-Defense-Pacific-Campaign-Mission-04-Guadalcanal-5-800x450.jpg",800,450,true],"1536x1536":["https:\/\/ibomberdefensepacific.standardof.net\/wp-content\/uploads\/sites\/6\/2020\/10\/iBomber-Defense-Pacific-Campaign-Mission-04-Guadalcanal-5.jpg",1280,720,false],"2048x2048":["https:\/\/ibomberdefensepacific.standardof.net\/wp-content\/uploads\/sites\/6\/2020\/10\/iBomber-Defense-Pacific-Campaign-Mission-04-Guadalcanal-5.jpg",1280,720,false],"trp-custom-language-flag":["https:\/\/ibomberdefensepacific.standardof.net\/wp-content\/uploads\/sites\/6\/2020\/10\/iBomber-Defense-Pacific-Campaign-Mission-04-Guadalcanal-5-16x9.jpg",16,9,true]},"uagb_author_info":{"display_name":"SOE","author_link":"https:\/\/ibomberdefensepacific.standardof.net\/hu\/author\/k-tastic\/"},"uagb_comment_info":0,"uagb_excerpt":"Guadalcanal: Watchtower Protect your position in Guadalcanal and prevent it from becoming a Japanese stronghold. In this level, you are facing 16 waves of enemy land units approaching from the top left and making a giant sharp curve at the right of the map before meeting your base at the central bottom. Here you will&hellip;","_links":{"self":[{"href":"https:\/\/ibomberdefensepacific.standardof.net\/hu\/wp-json\/wp\/v2\/pages\/195"}],"collection":[{"href":"https:\/\/ibomberdefensepacific.standardof.net\/hu\/wp-json\/wp\/v2\/pages"}],"about":[{"href":"https:\/\/ibomberdefensepacific.standardof.net\/hu\/wp-json\/wp\/v2\/types\/page"}],"author":[{"embeddable":true,"href":"https:\/\/ibomberdefensepacific.standardof.net\/hu\/wp-json\/wp\/v2\/users\/1"}],"replies":[{"embeddable":true,"href":"https:\/\/ibomberdefensepacific.standardof.net\/hu\/wp-json\/wp\/v2\/comments?post=195"}],"version-history":[{"count":0,"href":"https:\/\/ibomberdefensepacific.standardof.net\/hu\/wp-json\/wp\/v2\/pages\/195\/revisions"}],"up":[{"embeddable":true,"href":"https:\/\/ibomberdefensepacific.standardof.net\/hu\/wp-json\/wp\/v2\/pages\/164"}],"wp:featuredmedia":[{"embeddable":true,"href":"https:\/\/ibomberdefensepacific.standardof.net\/hu\/wp-json\/wp\/v2\/media\/54"}],"wp:attachment":[{"href":"https:\/\/ibomberdefensepacific.standardof.net\/hu\/wp-json\/wp\/v2\/media?parent=195"}],"curies":[{"name":"wp","href":"https:\/\/api.w.org\/{rel}","templated":true}]}}