{"id":194,"date":"2020-10-21T13:30:15","date_gmt":"2020-10-21T13:30:15","guid":{"rendered":"https:\/\/ibomberdefensepacific.standardof.net\/?page_id=194"},"modified":"2020-10-21T17:20:02","modified_gmt":"2020-10-21T17:20:02","slug":"campaign-mission-03-battle-of-savo-island-ironbottom-sound","status":"publish","type":"page","link":"https:\/\/ibomberdefensepacific.standardof.net\/hu\/guide\/kampany-kuldetes-03-csata-a-sajat-szigeterol-vasalo-hang\/","title":{"rendered":"Kamp\u00e1nymisszi\u00f3 03: \u201eSavo-szigeti csata\u201d Iron Bottom Sound"},"content":{"rendered":"<h2 class=\"wp-block-heading\">Savo-szigeti csata - Iron Bottom Sound<\/h2>\n\n\n\n<div class=\"wp-block-image\"><figure class=\"aligncenter size-large\"><a href=\"https:\/\/ibomberdefensepacific.standardof.net\/hu\/guide\/kampany-kuldetes-03-csata-a-sajat-szigeterol-vasalo-hang\/ibomber-defense-pacific-campaign-mission-03-savo-island-1\/\"><img decoding=\"async\" width=\"800\" height=\"450\" src=\"https:\/\/ibomberdefensepacific.standardof.net\/wp-content\/uploads\/sites\/6\/2020\/10\/iBomber-Defense-Pacific-Campaign-Mission-03-Savo-Island-1-800x450.jpg\" alt=\"A Savo Island-i csata kamp\u00e1nyszintj\u00e9nek t\u00e9rk\u00e9pe, nyilakkal rajzolva az utakat az ellens\u00e9ges egys\u00e9gek fel\u00e9 az alap fel\u00e9, amelyet meg kell v\u00e9denie az &quot;iBomber Defense Pacific&quot; videoj\u00e1t\u00e9kban.\" class=\"wp-image-49\" srcset=\"https:\/\/ibomberdefensepacific.standardof.net\/wp-content\/uploads\/sites\/6\/2020\/10\/iBomber-Defense-Pacific-Campaign-Mission-03-Savo-Island-1-800x450.jpg 800w, https:\/\/ibomberdefensepacific.standardof.net\/wp-content\/uploads\/sites\/6\/2020\/10\/iBomber-Defense-Pacific-Campaign-Mission-03-Savo-Island-1-512x288.jpg 512w, https:\/\/ibomberdefensepacific.standardof.net\/wp-content\/uploads\/sites\/6\/2020\/10\/iBomber-Defense-Pacific-Campaign-Mission-03-Savo-Island-1-200x113.jpg 200w, https:\/\/ibomberdefensepacific.standardof.net\/wp-content\/uploads\/sites\/6\/2020\/10\/iBomber-Defense-Pacific-Campaign-Mission-03-Savo-Island-1-768x432.jpg 768w, https:\/\/ibomberdefensepacific.standardof.net\/wp-content\/uploads\/sites\/6\/2020\/10\/iBomber-Defense-Pacific-Campaign-Mission-03-Savo-Island-1-16x9.jpg 16w, https:\/\/ibomberdefensepacific.standardof.net\/wp-content\/uploads\/sites\/6\/2020\/10\/iBomber-Defense-Pacific-Campaign-Mission-03-Savo-Island-1.jpg 1280w\" sizes=\"(max-width: 800px) 100vw, 800px\" \/><\/a><figcaption>Bej\u00f6v\u0151 ellens\u00e9ges haditenger\u00e9szeti egys\u00e9gek \u00fatja a Savo-szigeti csat\u00e1ban.<\/figcaption><\/figure><\/div>\n\n\n\n<p><em>V\u00e9dje a Guadalcanalba vezet\u0151 t\u00e1pvezet\u00e9keit.<\/em><\/p>\n\n\n\n<p>Ezt a szintet tekintik az els\u0151 igazi kih\u00edv\u00e1snak, az els\u0151 k\u00e9t szintet oktat\u00f3anyagnak tekintik. Ez egyben az els\u0151 haditenger\u00e9szeti egys\u00e9gszint, amelynek k\u00e9t, kiz\u00e1r\u00f3lag a haditenger\u00e9szeti egys\u00e9gb\u0151l \u00e1ll\u00f3 \u00fatja a jobb fels\u0151 sarokt\u00f3l k\u00f6zeledik, a bemeneti ny\u00edl\u00e1s v\u00e9kony r\u00e9sz\u00e9n\u00e9l j\u00f6n \u00f6ssze, majd felfel\u00e9 hasad fel, ahol a mini-sziget a sz\u00e9lesebb r\u00e9sz k\u00f6zep\u00e9n \u00fcl. a v\u00edz \u00fatj\u00e1t, miel\u0151tt \u00fajra tal\u00e1lkozn\u00e1nk a b\u00e1zison. Tal\u00e1lkozni fog ezekkel a Sneak Attack ellens\u00e9ges egys\u00e9gekkel is, amelyek nem a b\u00e1zis fel\u00e9 tartanak, hanem a tornyait l\u00f6v\u00f6ld\u00f6zve \u00fclnek k\u00f6r\u00fcl, piros k\u00f6rvonalaik alapj\u00e1n.<\/p>\n\n\n\t\t\t\t<div class=\"wp-block-uagb-table-of-contents uagb-toc__align-left uagb-toc__columns-1  uagb-block-69b76d12\"\n\t\t\t\t\tdata-scroll= \"1\"\n\t\t\t\t\tdata-offset= \"30\"\n\t\t\t\t\tstyle=\"\"\n\t\t\t\t>\n\t\t\t\t<div class=\"uagb-toc__wrap\">\n\t\t\t\t\t\t<div class=\"uagb-toc__title\">\n\t\t\t\t\t\t\t\u00datmutat\u00f3 navig\u00e1ci\u00f3:\t\t\t\t\t\t<\/div>\n\t\t\t\t\t\t\t\t\t\t\t\t\t\t\t\t<div class=\"uagb-toc__list-wrap\">\n\t\t\t\t\t\t<ol class=\"uagb-toc__list\"><li class=\"uagb-toc__list\"><a href=\"#secondary-objective\" class=\"uagb-toc-link__trigger\">M\u00e1sodlagos c\u00e9l<\/a><li class=\"uagb-toc__list\"><a href=\"#perks-used-for-this-mission\" class=\"uagb-toc-link__trigger\">A k\u00fcldet\u00e9shez haszn\u00e1lt juttat\u00e1sok:<\/a><li class=\"uagb-toc__list\"><a href=\"#hidden-target\" class=\"uagb-toc-link__trigger\">Rejtett c\u00e9l<\/a><li class=\"uagb-toc__list\"><a href=\"#turret-placement\" class=\"uagb-toc-link__trigger\">Torony elhelyez\u00e9se<\/a><li class=\"uagb-toc__list\"><a href=\"#veteran-difficulty-video-guide\" class=\"uagb-toc-link__trigger\">Veter\u00e1n Neh\u00e9zs\u00e9gi \u00fatmutat\u00f3 Vide\u00f3<\/a><\/ol>\t\t\t\t\t<\/div>\n\t\t\t\t\t\t\t\t\t<\/div>\n\t\t\t\t<\/div>\n\t\t\t\n\n\n<hr class=\"wp-block-separator is-style-wide\"\/>\n\n\n\n<h3 class=\"wp-block-heading\">M\u00e1sodlagos c\u00e9l<\/h3>\n\n\n\n<p><em>A k\u00e9szlet kev\u00e9s. Gy\u0171jtse \u00f6ssze mindet, hogy seg\u00edtse a h\u00e1bor\u00fas er\u0151fesz\u00edt\u00e9seket.<\/em><\/p>\n\n\n\n<p>Ennek a m\u00e1sodlagos c\u00e9lkit\u0171z\u00e9snek a teljes\u00edt\u00e9s\u00e9hez bomb\u00e1kat \u00e9s a torony gondos elhelyez\u00e9s\u00e9t kell haszn\u00e1lnia, hogy a szint v\u00e9ge el\u0151tt kinyissa a t\u00e9rk\u00e9p k\u00f6r\u00fcl sz\u00e9tsz\u00f3rt \u00f6sszes l\u00e1d\u00e1t.<\/p>\n\n\n\n<p><strong>Ell\u00e1t\u00f3 l\u00e1d\u00e1k: <\/strong>5.<\/p>\n\n\n\n<p><strong>Elk\u00f6lt\u00f6tt gy\u0151zelmi pontok:<\/strong> 40<\/p>\n\n\n\n<ul><li>G\u00e9pfegyver Lvl 3<\/li><li>\u00c1gy\u00fa lvl 2<\/li><li>Bomba Turret lvl 2<\/li><\/ul>\n\n\n\n<hr class=\"wp-block-separator is-style-wide\"\/>\n\n\n\n<h3 class=\"wp-block-heading\">A k\u00fcldet\u00e9shez haszn\u00e1lt juttat\u00e1sok:<\/h3>\n\n\n\n<p>I. H\u00e1tv\u00e9d, I. Bombardier<br>Az el\u0151z\u0151 k\u00fcldet\u00e9shez hasonl\u00f3an hihetetlen\u00fcl hasznos egy extra bomba \u00e9s extra kezd\u0151 k\u00e9szp\u00e9nz. Ebben az esetben a bomba egy m\u00e1sik nagy seg\u00edts\u00e9g a m\u00e1sodlagos c\u00e9l el\u00e9r\u00e9s\u00e9hez is.<\/p>\n\n\n\n<hr class=\"wp-block-separator is-style-wide\"\/>\n\n\n\n<h3 class=\"wp-block-heading\">Rejtett c\u00e9l<\/h3>\n\n\n\n<p>A Savo-szigeti csata titkos rejtett c\u00e9l\u00e9p\u00fclete \u00e9pp a b\u00e1zis jobb als\u00f3 sark\u00e1ban tal\u00e1lhat\u00f3. Az \u00e9p\u00fclet egy barna sz\u00edn\u0171, kis rakt\u00e1r\u00e9p\u00fclet, amelyet szinte teljesen eltakar a k\u00f6zeli f\u00e1k, ahonnan a h\u00e1rom katon\u00e1b\u00f3l \u00e1ll\u00f3 csoport egyik\u00e9nek t\u00e1mad\u00e1sa t\u00e1mad.<\/p>\n\n\n\n<div class=\"wp-block-image\"><figure class=\"aligncenter size-large is-resized\"><a href=\"https:\/\/ibomberdefensepacific.standardof.net\/hu\/guide\/kampany-kuldetes-03-csata-a-sajat-szigeterol-vasalo-hang\/ibomber-defense-pacific-campaign-mission-03-savo-island-2\/\"><img decoding=\"async\" src=\"https:\/\/ibomberdefensepacific.standardof.net\/wp-content\/uploads\/sites\/6\/2020\/10\/iBomber-Defense-Pacific-Campaign-Mission-03-Savo-Island-2.jpg\" alt=\"K\u00e9perny\u0151k\u00e9p a Rejtett C\u00e9l \u00e9p\u00fcletr\u0151l a Savo-i csata kamp\u00e1nyszintj\u00e9n az &quot;iBomber Defense Pacific&quot; videoj\u00e1t\u00e9kban.\" class=\"wp-image-46\" width=\"269\" height=\"198\" srcset=\"https:\/\/ibomberdefensepacific.standardof.net\/wp-content\/uploads\/sites\/6\/2020\/10\/iBomber-Defense-Pacific-Campaign-Mission-03-Savo-Island-2.jpg 269w, https:\/\/ibomberdefensepacific.standardof.net\/wp-content\/uploads\/sites\/6\/2020\/10\/iBomber-Defense-Pacific-Campaign-Mission-03-Savo-Island-2-200x147.jpg 200w, https:\/\/ibomberdefensepacific.standardof.net\/wp-content\/uploads\/sites\/6\/2020\/10\/iBomber-Defense-Pacific-Campaign-Mission-03-Savo-Island-2-16x12.jpg 16w\" sizes=\"(max-width: 269px) 100vw, 269px\" \/><\/a><figcaption>Rejtett c\u00e9l<\/figcaption><\/figure><\/div>\n\n\n\n<hr class=\"wp-block-separator is-style-wide\"\/>\n\n\n\n<h3 class=\"wp-block-heading\">Torony elhelyez\u00e9se<\/h3>\n\n\n\n<figure class=\"wp-block-gallery columns-2 is-cropped wp-block-gallery-1 is-layout-flex wp-block-gallery-is-layout-flex\"><ul class=\"blocks-gallery-grid\"><li class=\"blocks-gallery-item\"><figure><a href=\"https:\/\/ibomberdefensepacific.standardof.net\/hu\/guide\/kampany-kuldetes-03-csata-a-sajat-szigeterol-vasalo-hang\/ibomber-defense-pacific-campaign-mission-03-savo-island-3\/\"><img decoding=\"async\" width=\"800\" height=\"450\" src=\"https:\/\/ibomberdefensepacific.standardof.net\/wp-content\/uploads\/sites\/6\/2020\/10\/iBomber-Defense-Pacific-Campaign-Mission-03-Savo-Island-3-800x450.jpg\" alt=\"Pillanatk\u00e9p a javasolt torony elhelyez\u00e9s\u00e9r\u0151l, amikor el\u00e9rte a 8. hull\u00e1mot a Savo-szigeti csata kamp\u00e1nyszintj\u00e9n az &quot;iBomber Defense Pacific&quot; videoj\u00e1t\u00e9kban.\" data-id=\"47\" data-full-url=\"https:\/\/ibomberdefensepacific.standardof.net\/wp-content\/uploads\/sites\/6\/2020\/10\/iBomber-Defense-Pacific-Campaign-Mission-03-Savo-Island-3.jpg\" data-link=\"https:\/\/ibomberdefensepacific.standardof.net\/guide\/campaign-mission-03-battle-of-savo-island-ironbottom-sound\/ibomber-defense-pacific-campaign-mission-03-savo-island-3\/\" class=\"wp-image-47\" srcset=\"https:\/\/ibomberdefensepacific.standardof.net\/wp-content\/uploads\/sites\/6\/2020\/10\/iBomber-Defense-Pacific-Campaign-Mission-03-Savo-Island-3-800x450.jpg 800w, https:\/\/ibomberdefensepacific.standardof.net\/wp-content\/uploads\/sites\/6\/2020\/10\/iBomber-Defense-Pacific-Campaign-Mission-03-Savo-Island-3-512x288.jpg 512w, https:\/\/ibomberdefensepacific.standardof.net\/wp-content\/uploads\/sites\/6\/2020\/10\/iBomber-Defense-Pacific-Campaign-Mission-03-Savo-Island-3-200x113.jpg 200w, https:\/\/ibomberdefensepacific.standardof.net\/wp-content\/uploads\/sites\/6\/2020\/10\/iBomber-Defense-Pacific-Campaign-Mission-03-Savo-Island-3-768x432.jpg 768w, https:\/\/ibomberdefensepacific.standardof.net\/wp-content\/uploads\/sites\/6\/2020\/10\/iBomber-Defense-Pacific-Campaign-Mission-03-Savo-Island-3-16x9.jpg 16w, https:\/\/ibomberdefensepacific.standardof.net\/wp-content\/uploads\/sites\/6\/2020\/10\/iBomber-Defense-Pacific-Campaign-Mission-03-Savo-Island-3.jpg 1280w\" sizes=\"(max-width: 800px) 100vw, 800px\" \/><\/a><figcaption class=\"blocks-gallery-item__caption\">8. hull\u00e1m torony elhelyez\u00e9se a Savo-szigeti csat\u00e1ban.<\/figcaption><\/figure><\/li><li class=\"blocks-gallery-item\"><figure><a href=\"https:\/\/ibomberdefensepacific.standardof.net\/hu\/guide\/kampany-kuldetes-03-csata-a-sajat-szigeterol-vasalo-hang\/ibomber-defense-pacific-campaign-mission-03-savo-island-4\/\"><img decoding=\"async\" width=\"800\" height=\"450\" src=\"https:\/\/ibomberdefensepacific.standardof.net\/wp-content\/uploads\/sites\/6\/2020\/10\/iBomber-Defense-Pacific-Campaign-Mission-03-Savo-Island-4-800x450.jpg\" alt=\"Pillanatk\u00e9p a javasolt torony elhelyez\u00e9s\u00e9r\u0151l, amikor el\u00e9rj\u00fck a 14. hull\u00e1mot a Savo-i csata kamp\u00e1nyszintj\u00e9n az &quot;iBomber Defense Pacific&quot; videoj\u00e1t\u00e9kban.\" data-id=\"48\" data-full-url=\"https:\/\/ibomberdefensepacific.standardof.net\/wp-content\/uploads\/sites\/6\/2020\/10\/iBomber-Defense-Pacific-Campaign-Mission-03-Savo-Island-4.jpg\" data-link=\"https:\/\/ibomberdefensepacific.standardof.net\/guide\/campaign-mission-03-battle-of-savo-island-ironbottom-sound\/ibomber-defense-pacific-campaign-mission-03-savo-island-4\/\" class=\"wp-image-48\" srcset=\"https:\/\/ibomberdefensepacific.standardof.net\/wp-content\/uploads\/sites\/6\/2020\/10\/iBomber-Defense-Pacific-Campaign-Mission-03-Savo-Island-4-800x450.jpg 800w, https:\/\/ibomberdefensepacific.standardof.net\/wp-content\/uploads\/sites\/6\/2020\/10\/iBomber-Defense-Pacific-Campaign-Mission-03-Savo-Island-4-512x288.jpg 512w, https:\/\/ibomberdefensepacific.standardof.net\/wp-content\/uploads\/sites\/6\/2020\/10\/iBomber-Defense-Pacific-Campaign-Mission-03-Savo-Island-4-200x113.jpg 200w, https:\/\/ibomberdefensepacific.standardof.net\/wp-content\/uploads\/sites\/6\/2020\/10\/iBomber-Defense-Pacific-Campaign-Mission-03-Savo-Island-4-768x432.jpg 768w, https:\/\/ibomberdefensepacific.standardof.net\/wp-content\/uploads\/sites\/6\/2020\/10\/iBomber-Defense-Pacific-Campaign-Mission-03-Savo-Island-4-16x9.jpg 16w, https:\/\/ibomberdefensepacific.standardof.net\/wp-content\/uploads\/sites\/6\/2020\/10\/iBomber-Defense-Pacific-Campaign-Mission-03-Savo-Island-4.jpg 1280w\" sizes=\"(max-width: 800px) 100vw, 800px\" \/><\/a><figcaption class=\"blocks-gallery-item__caption\">14. hull\u00e1m torony elhelyez\u00e9se.<\/figcaption><\/figure><\/li><\/ul><\/figure>\n\n\n\n<p>A torony elhelyez\u00e9se ezen a szinten meglehet\u0151sen egyszer\u0171 \u00e9s egyszer\u0171. Helyezzen egy p\u00e1r g\u00e9ppuska tornyot a fojt\u00f3pont k\u00f6zel\u00e9be, ahol az utak \u00f6sszeolvadnak \u00e9s a bemenet elv\u00e9konyodik. Az egyik\u00fck a d\u00e9li oldalon 3-ra emelt \u00e1llapotban k\u00e9pes visszatartani a n\u00e9h\u00e1ny kezdeti hull\u00e1mot, mik\u00f6zben a fels\u0151 torony a k\u00f6zeli l\u00e1d\u00e1kra l\u0151. Pr\u00f3b\u00e1ljon meg megszerezni egy p\u00e1r Bomb tornyot az els\u0151 hull\u00e1mban. Els\u0151 k\u00f6rben \u00f6sszpontos\u00edtson arra, hogy bomb\u00e1kat dobjon a l\u00e1d\u00e1kra ezekhez a tornyokhoz k\u00f6zelebb, \u00e9s v\u00e9g\u00fcl meg\u00fct egyike azoknak a besurran\u00f3 t\u00e1mad\u00e1si csoportoknak, amelyek a l\u00e1da k\u00f6zel\u00e9ben parkolnak az erd\u0151ben v\u00e9gigfut\u00f3 Y alak\u00fa piszok mellett. Ha a 6. hull\u00e1mn\u00e1l j\u00e1r, mindk\u00e9t MG-toronyra sz\u00fcks\u00e9g van a hull\u00e1mok elh\u00e1r\u00edt\u00e1s\u00e1hoz. A bomb\u00e1k itt nagy gondot jelentenek, \u00edgy ha egyszer mindkett\u0151t le tudod sz\u00e1ll\u00edtani az el\u00fcls\u0151 MG-kr\u0151l a 3. szintre, dolgozzon a Bomb tornyokkal \u00e9s a 2. szintre.<\/p>\n\n\n\n<p>A 8. hull\u00e1m el\u0151id\u00e9zi az egyik nagy cirk\u00e1l\u00f3 m\u00e9ret\u0171 haj\u00f3 t\u00e1mad\u00e1s\u00e1t, amely \u00fagy n\u00e9z ki, mint egy szab\u00e1lyos hull\u00e1megys\u00e9g, de meg\u00e1ll a b\u00e1zisa k\u00f6zel\u00e9ben, \u00e9s a v\u00edz sz\u00e9les r\u00e9sz\u00e9n\u00e9l parkol a mini-szigetn\u00e9l. Meg kell pr\u00f3b\u00e1lnia egyel\u0151re figyelmen k\u00edv\u00fcl hagyni, mik\u00f6zben a m\u00e1sodlagos c\u00e9lkit\u0171z\u00e9sre \u00f6sszpontos\u00edt, de v\u00e9g\u00fcl egy k\u00f6zvetlen\u00fcl att\u00f3l \u00e9szakra elhelyezett MG-torony kiviheti a cirk\u00e1l\u00f3t, \u00e9s el\u0151seg\u00edti a k\u00f6zeli l\u00e1da feldob\u00e1s\u00e1t. Friss\u00edtse az adott l\u00e1da \u00e1ltal elhelyezett MG-t a 2. szintre, \u00e9s keresse meg a b\u00e1zis bej\u00e1rata mellett elhelyezett \u00e1gy\u00fa alapjait, ami szint\u00e9n seg\u00edt a k\u00f6zeli l\u00e1da be\u00f6ml\u0151ny\u00edl\u00e1s\u00e1nak nyugati oldal\u00e1n t\u00f6rt\u00e9n\u0151 l\u0151tet\u00e9s\u00e9ben az alapj\u00e1ba, \u00e9s nagyj\u00e1b\u00f3l sz\u00f3sz erre a k\u00fcldet\u00e9sre.<\/p>\n\n\n\n<hr class=\"wp-block-separator is-style-wide\"\/>\n\n\n\n<h3 class=\"has-text-align-center wp-block-heading\" id=\"4-veteran-difficulty-video-guide\">Veter\u00e1n Neh\u00e9zs\u00e9gi \u00fatmutat\u00f3 Vide\u00f3<\/h3>\n\n\n\n<figure class=\"wp-block-embed-youtube wp-block-embed is-type-video is-provider-youtube wp-embed-aspect-16-9 wp-has-aspect-ratio\"><div class=\"wp-block-embed__wrapper\">\n<div class=\"ast-oembed-container\" style=\"height: 100%;\"><iframe title=\"Savo-szigeti csata - M3 iBomber Defense Pacific - Veter\u00e1n telt h\u00e1z \u00e1ttekint\u00e9s\" width=\"500\" height=\"375\" src=\"https:\/\/www.youtube.com\/embed\/-QjPl5nCqEc?feature=oembed\" frameborder=\"0\" allow=\"accelerometer; autoplay; clipboard-write; encrypted-media; gyroscope; picture-in-picture; web-share\" referrerpolicy=\"strict-origin-when-cross-origin\" allowfullscreen><\/iframe><\/div>\n<\/div><\/figure>","protected":false},"excerpt":{"rendered":"<p>Battle of Savo Island &#8211; Ironbottom Sound Protect your supply lines into Guadalcanal. This level is considered the first real challenge, the first two levels being considered tutorials. It is also the first naval unit level, with two paths of exclusively naval units approaching from the top right corner, coming together at the thin part [&hellip;]<\/p>","protected":false},"author":1,"featured_media":47,"parent":164,"menu_order":3,"comment_status":"open","ping_status":"closed","template":"","meta":{"_uag_custom_page_level_css":"","site-sidebar-layout":"default","site-content-layout":"default","ast-site-content-layout":"","site-content-style":"default","site-sidebar-style":"default","ast-global-header-display":"","ast-banner-title-visibility":"","ast-main-header-display":"","ast-hfb-above-header-display":"","ast-hfb-below-header-display":"","ast-hfb-mobile-header-display":"","site-post-title":"","ast-breadcrumbs-content":"","ast-featured-img":"","footer-sml-layout":"","theme-transparent-header-meta":"default","adv-header-id-meta":"","stick-header-meta":"","header-above-stick-meta":"","header-main-stick-meta":"","header-below-stick-meta":"","astra-migrate-meta-layouts":"default","ast-page-background-enabled":"default","ast-page-background-meta":{"desktop":{"background-color":"","background-image":"","background-repeat":"repeat","background-position":"center center","background-size":"auto","background-attachment":"scroll","background-type":"","background-media":"","overlay-type":"","overlay-color":"","overlay-gradient":""},"tablet":{"background-color":"","background-image":"","background-repeat":"repeat","background-position":"center center","background-size":"auto","background-attachment":"scroll","background-type":"","background-media":"","overlay-type":"","overlay-color":"","overlay-gradient":""},"mobile":{"background-color":"","background-image":"","background-repeat":"repeat","background-position":"center center","background-size":"auto","background-attachment":"scroll","background-type":"","background-media":"","overlay-type":"","overlay-color":"","overlay-gradient":""}},"ast-content-background-meta":{"desktop":{"background-color":"var(--ast-global-color-5)","background-image":"","background-repeat":"repeat","background-position":"center center","background-size":"auto","background-attachment":"scroll","background-type":"","background-media":"","overlay-type":"","overlay-color":"","overlay-gradient":""},"tablet":{"background-color":"var(--ast-global-color-5)","background-image":"","background-repeat":"repeat","background-position":"center center","background-size":"auto","background-attachment":"scroll","background-type":"","background-media":"","overlay-type":"","overlay-color":"","overlay-gradient":""},"mobile":{"background-color":"var(--ast-global-color-5)","background-image":"","background-repeat":"repeat","background-position":"center center","background-size":"auto","background-attachment":"scroll","background-type":"","background-media":"","overlay-type":"","overlay-color":"","overlay-gradient":""}},"footnotes":""},"uagb_featured_image_src":{"full":["https:\/\/ibomberdefensepacific.standardof.net\/wp-content\/uploads\/sites\/6\/2020\/10\/iBomber-Defense-Pacific-Campaign-Mission-03-Savo-Island-3.jpg",1280,720,false],"thumbnail":["https:\/\/ibomberdefensepacific.standardof.net\/wp-content\/uploads\/sites\/6\/2020\/10\/iBomber-Defense-Pacific-Campaign-Mission-03-Savo-Island-3-200x113.jpg",200,113,true],"medium":["https:\/\/ibomberdefensepacific.standardof.net\/wp-content\/uploads\/sites\/6\/2020\/10\/iBomber-Defense-Pacific-Campaign-Mission-03-Savo-Island-3-512x288.jpg",512,288,true],"medium_large":["https:\/\/ibomberdefensepacific.standardof.net\/wp-content\/uploads\/sites\/6\/2020\/10\/iBomber-Defense-Pacific-Campaign-Mission-03-Savo-Island-3-768x432.jpg",768,432,true],"large":["https:\/\/ibomberdefensepacific.standardof.net\/wp-content\/uploads\/sites\/6\/2020\/10\/iBomber-Defense-Pacific-Campaign-Mission-03-Savo-Island-3-800x450.jpg",800,450,true],"1536x1536":["https:\/\/ibomberdefensepacific.standardof.net\/wp-content\/uploads\/sites\/6\/2020\/10\/iBomber-Defense-Pacific-Campaign-Mission-03-Savo-Island-3.jpg",1280,720,false],"2048x2048":["https:\/\/ibomberdefensepacific.standardof.net\/wp-content\/uploads\/sites\/6\/2020\/10\/iBomber-Defense-Pacific-Campaign-Mission-03-Savo-Island-3.jpg",1280,720,false],"trp-custom-language-flag":["https:\/\/ibomberdefensepacific.standardof.net\/wp-content\/uploads\/sites\/6\/2020\/10\/iBomber-Defense-Pacific-Campaign-Mission-03-Savo-Island-3-16x9.jpg",16,9,true]},"uagb_author_info":{"display_name":"SOE","author_link":"https:\/\/ibomberdefensepacific.standardof.net\/hu\/author\/k-tastic\/"},"uagb_comment_info":0,"uagb_excerpt":"Battle of Savo Island &#8211; Ironbottom Sound Protect your supply lines into Guadalcanal. This level is considered the first real challenge, the first two levels being considered tutorials. It is also the first naval unit level, with two paths of exclusively naval units approaching from the top right corner, coming together at the thin part&hellip;","_links":{"self":[{"href":"https:\/\/ibomberdefensepacific.standardof.net\/hu\/wp-json\/wp\/v2\/pages\/194"}],"collection":[{"href":"https:\/\/ibomberdefensepacific.standardof.net\/hu\/wp-json\/wp\/v2\/pages"}],"about":[{"href":"https:\/\/ibomberdefensepacific.standardof.net\/hu\/wp-json\/wp\/v2\/types\/page"}],"author":[{"embeddable":true,"href":"https:\/\/ibomberdefensepacific.standardof.net\/hu\/wp-json\/wp\/v2\/users\/1"}],"replies":[{"embeddable":true,"href":"https:\/\/ibomberdefensepacific.standardof.net\/hu\/wp-json\/wp\/v2\/comments?post=194"}],"version-history":[{"count":0,"href":"https:\/\/ibomberdefensepacific.standardof.net\/hu\/wp-json\/wp\/v2\/pages\/194\/revisions"}],"up":[{"embeddable":true,"href":"https:\/\/ibomberdefensepacific.standardof.net\/hu\/wp-json\/wp\/v2\/pages\/164"}],"wp:featuredmedia":[{"embeddable":true,"href":"https:\/\/ibomberdefensepacific.standardof.net\/hu\/wp-json\/wp\/v2\/media\/47"}],"wp:attachment":[{"href":"https:\/\/ibomberdefensepacific.standardof.net\/hu\/wp-json\/wp\/v2\/media?parent=194"}],"curies":[{"name":"wp","href":"https:\/\/api.w.org\/{rel}","templated":true}]}}