{"id":189,"date":"2020-10-20T13:33:39","date_gmt":"2020-10-20T13:33:39","guid":{"rendered":"https:\/\/ibomberdefensepacific.standardof.net\/?page_id=189"},"modified":"2020-10-21T17:19:38","modified_gmt":"2020-10-21T17:19:38","slug":"campaign-mission-02-buna-gona","status":"publish","type":"page","link":"https:\/\/ibomberdefensepacific.standardof.net\/hu\/guide\/kampany-kuldetes-02-buna-gona\/","title":{"rendered":"Kamp\u00e1nymisszi\u00f3 02: \u201eBuna Gona\u201d ker\u00fclete"},"content":{"rendered":"<h2 class=\"wp-block-heading\">Buna Gona - Ker\u00fclet<\/h2>\n\n\n\n<div class=\"wp-block-image\"><figure class=\"aligncenter size-large\"><a href=\"https:\/\/ibomberdefensepacific.standardof.net\/hu\/guide\/kampany-kuldetes-02-buna-gona\/ibomber-defense-pacific-campaign-mission-02-buna-gona-1\/\"><img decoding=\"async\" width=\"800\" height=\"450\" src=\"https:\/\/ibomberdefensepacific.standardof.net\/wp-content\/uploads\/sites\/6\/2020\/10\/iBomber-Defense-Pacific-Campaign-Mission-02-Buna-Gona-1-800x450.jpg\" alt=\"iBomber Defense Pacific - Kamp\u00e1nymisszi\u00f3 02 - Buna Gona (1)\" class=\"wp-image-41\" srcset=\"https:\/\/ibomberdefensepacific.standardof.net\/wp-content\/uploads\/sites\/6\/2020\/10\/iBomber-Defense-Pacific-Campaign-Mission-02-Buna-Gona-1-800x450.jpg 800w, https:\/\/ibomberdefensepacific.standardof.net\/wp-content\/uploads\/sites\/6\/2020\/10\/iBomber-Defense-Pacific-Campaign-Mission-02-Buna-Gona-1-512x288.jpg 512w, https:\/\/ibomberdefensepacific.standardof.net\/wp-content\/uploads\/sites\/6\/2020\/10\/iBomber-Defense-Pacific-Campaign-Mission-02-Buna-Gona-1-200x113.jpg 200w, https:\/\/ibomberdefensepacific.standardof.net\/wp-content\/uploads\/sites\/6\/2020\/10\/iBomber-Defense-Pacific-Campaign-Mission-02-Buna-Gona-1-768x432.jpg 768w, https:\/\/ibomberdefensepacific.standardof.net\/wp-content\/uploads\/sites\/6\/2020\/10\/iBomber-Defense-Pacific-Campaign-Mission-02-Buna-Gona-1-16x9.jpg 16w, https:\/\/ibomberdefensepacific.standardof.net\/wp-content\/uploads\/sites\/6\/2020\/10\/iBomber-Defense-Pacific-Campaign-Mission-02-Buna-Gona-1.jpg 1280w\" sizes=\"(max-width: 800px) 100vw, 800px\" \/><\/a><figcaption>A piros \u00fat mutatja a bej\u00f6v\u0151 ellens\u00e9ges er\u0151k \u00fatj\u00e1t Buna Gona v\u00e1ros\u00e1ban.<\/figcaption><\/figure><\/div>\n\n\n\n<p><em>V\u00e9dje meg poz\u00edci\u00f3j\u00e1t Buna, \u00daj-Guinea.<\/em><\/p>\n\n\n\n<p>A Buna Gona szintj\u00e9n az ellens\u00e9ges sz\u00e1razf\u00f6ldi er\u0151k spir\u00e1los \u00faton k\u00f6zel\u00edtik meg a b\u00e1zist, amely a t\u00e9rk\u00e9p k\u00f6zep\u00e9t\u0151l a tetej\u00e9n kezd\u0151dik, a k\u00f6z\u00e9ppont k\u00f6zel\u00e9ben \u00e9r v\u00e9get, majdnem teljes k\u00f6rt alkotva. Ez a k\u00fcldet\u00e9s bemutatja a Bomba Tornyot \u00e9s annak felhaszn\u00e1l\u00e1s\u00e1t, mik\u00f6zben az Alapk\u00e9pz\u00e9s teljes\u00edtm\u00e9ny\u00e9nek felold\u00e1s\u00e1hoz sz\u00fcks\u00e9ges oktat\u00f3 k\u00fcldet\u00e9sek utols\u00f3 fele.<\/p>\n\n\n\t\t\t\t<div class=\"wp-block-uagb-table-of-contents uagb-toc__align-left uagb-toc__columns-1  uagb-block-e609e29d\"\n\t\t\t\t\tdata-scroll= \"1\"\n\t\t\t\t\tdata-offset= \"30\"\n\t\t\t\t\tstyle=\"\"\n\t\t\t\t>\n\t\t\t\t<div class=\"uagb-toc__wrap\">\n\t\t\t\t\t\t<div class=\"uagb-toc__title\">\n\t\t\t\t\t\t\t\u00datmutat\u00f3 navig\u00e1ci\u00f3:\t\t\t\t\t\t<\/div>\n\t\t\t\t\t\t\t\t\t\t\t\t\t\t\t\t<div class=\"uagb-toc__list-wrap\">\n\t\t\t\t\t\t<ol class=\"uagb-toc__list\"><li class=\"uagb-toc__list\"><a href=\"#secondary-objective\" class=\"uagb-toc-link__trigger\">M\u00e1sodlagos c\u00e9l<\/a><li class=\"uagb-toc__list\"><a href=\"#victory-points\" class=\"uagb-toc-link__trigger\">Gy\u0151zelmi pontok<\/a><li class=\"uagb-toc__list\"><a href=\"#perks-used-for-this-mission\" class=\"uagb-toc-link__trigger\">A k\u00fcldet\u00e9shez haszn\u00e1lt juttat\u00e1sok:<\/a><li class=\"uagb-toc__list\"><a href=\"#hidden-target\" class=\"uagb-toc-link__trigger\">Rejtett c\u00e9l<\/a><li class=\"uagb-toc__list\"><a href=\"#turret-placement\" class=\"uagb-toc-link__trigger\">Torony elhelyez\u00e9se<\/a><li class=\"uagb-toc__list\"><a href=\"#basic-training-achievement\" class=\"uagb-toc-link__trigger\">Alapk\u00e9pz\u00e9si teljes\u00edtm\u00e9ny<\/a><li class=\"uagb-toc__list\"><a href=\"#veteran-difficulty-video-guide\" class=\"uagb-toc-link__trigger\">Veter\u00e1n Neh\u00e9zs\u00e9gi \u00fatmutat\u00f3 Vide\u00f3<\/a><\/ol>\t\t\t\t\t<\/div>\n\t\t\t\t\t\t\t\t\t<\/div>\n\t\t\t\t<\/div>\n\t\t\t\n\n\n<hr class=\"wp-block-separator is-style-wide\"\/>\n\n\n\n<h3 class=\"wp-block-heading\">M\u00e1sodlagos c\u00e9l<\/h3>\n\n\n\n<p><em>Puszt\u00edtsd el az \u00f6sszes jap\u00e1n bunkert a k\u00f6rny\u00e9ken.<\/em><\/p>\n\n\n\n<p>Ehhez a c\u00e9lhoz a bomb\u00e1id haszn\u00e1lata sz\u00fcks\u00e9ges. Legjobb a lehet\u0151 leghamarabb megtenni, b\u00e1r nem a k\u00e9szletek teljes figyelmen k\u00edv\u00fcl hagy\u00e1s\u00e1nak rov\u00e1s\u00e1ra. Csak dobjon egy bomb\u00e1t mindh\u00e1rom felemelt hatsz\u00f6glet\u0171 alakzatra, amelyek az erd\u0151ben helyezkednek el, t\u00e1vol az \u00f6sv\u00e9nyt\u0151l \u00e9s a tornyokt\u00f3l, k\u00f6rk\u00f6r\u00f6s tiszt\u00edt\u00e1ssal mindegyik k\u00f6r\u00fcl.<\/p>\n\n\n\n<div class=\"wp-block-image\"><figure class=\"aligncenter size-large\"><a href=\"https:\/\/ibomberdefensepacific.standardof.net\/hu\/guide\/kampany-kuldetes-02-buna-gona\/ibomber-defense-pacific-campaign-mission-02-buna-gona-3\/\"><img decoding=\"async\" width=\"244\" height=\"230\" src=\"https:\/\/ibomberdefensepacific.standardof.net\/wp-content\/uploads\/sites\/6\/2020\/10\/iBomber-Defense-Pacific-Campaign-Mission-02-Buna-Gona-3.jpg\" alt=\"K\u00e9perny\u0151k\u00e9p az egyik bunkerr\u0151l, amelyet meg kell semmis\u00edteni az &quot;iBomber Defense Pacific&quot; videoj\u00e1t\u00e9k Buna-Gona kamp\u00e1nyszintj\u00e9n a m\u00e1sodlagos c\u00e9l \u00e9rdek\u00e9ben.\" class=\"wp-image-43\" srcset=\"https:\/\/ibomberdefensepacific.standardof.net\/wp-content\/uploads\/sites\/6\/2020\/10\/iBomber-Defense-Pacific-Campaign-Mission-02-Buna-Gona-3.jpg 244w, https:\/\/ibomberdefensepacific.standardof.net\/wp-content\/uploads\/sites\/6\/2020\/10\/iBomber-Defense-Pacific-Campaign-Mission-02-Buna-Gona-3-200x189.jpg 200w, https:\/\/ibomberdefensepacific.standardof.net\/wp-content\/uploads\/sites\/6\/2020\/10\/iBomber-Defense-Pacific-Campaign-Mission-02-Buna-Gona-3-13x12.jpg 13w\" sizes=\"(max-width: 244px) 100vw, 244px\" \/><\/a><figcaption>Az egyik jap\u00e1n bunkert bomb\u00e1kkal kell megsemmis\u00edteni a m\u00e1sodlagos c\u00e9l \u00e9rdek\u00e9ben.<\/figcaption><\/figure><\/div>\n\n\n\n<h3 class=\"wp-block-heading\">Gy\u0151zelmi pontok<\/h3>\n\n\n\n<ul><li>G\u00e9pfegyver lvl 3<\/li><\/ul>\n\n\n\n<p>20 pont \u00f6sszesen<\/p>\n\n\n\n<hr class=\"wp-block-separator is-style-wide\"\/>\n\n\n\n<h3 class=\"wp-block-heading\">A k\u00fcldet\u00e9shez haszn\u00e1lt juttat\u00e1sok:<\/h3>\n\n\n\n<p>I. H\u00e1tv\u00e9d, I. Bombardier<br>A Greenback-juttat\u00e1ssal j\u00e1r\u00f3 extra k\u00e9szp\u00e9nz mindig \u00e9rt\u00e9kes v\u00e1laszt\u00e1s, m\u00edg egy extra bomba hossz\u00fa utat fog el\u00e9rni olyan szinten, amely r\u00f6vid id\u0151n bel\u00fcl j\u00f3 mennyis\u00e9get ig\u00e9nyel.<\/p>\n\n\n\n<hr class=\"wp-block-separator is-style-wide\"\/>\n\n\n\n<h3 class=\"wp-block-heading\">Rejtett c\u00e9l<\/h3>\n\n\n\n<p>Ez az els\u0151 szint, amelynek egy k\u00fcl\u00f6nleges szerkezete kiss\u00e9 felt\u0171n\u00e9s n\u00e9lk\u00fcl helyezkedik el a t\u00e9rk\u00e9p k\u00f6r\u00fcl, amely ha elpusztul (bomb\u00e1t dobva), b\u00f3nuszk\u00e9nt szolg\u00e1l az eredm\u00e9ny fel\u00e9. A rejtett c\u00e9lpont Buna-Gona-ban egy kis kunyh\u00f3, amely a f\u00e1k k\u00f6z\u00e9 van bedugva, \u00e9ppen a b\u00e1zisodt\u00f3l balra.<\/p>\n\n\n\n<div class=\"wp-block-image is-style-default\"><figure class=\"aligncenter size-large\"><a href=\"https:\/\/ibomberdefensepacific.standardof.net\/hu\/guide\/kampany-kuldetes-02-buna-gona\/ibomber-defense-pacific-campaign-mission-02-buna-gona-2\/\"><img decoding=\"async\" width=\"221\" height=\"229\" src=\"https:\/\/ibomberdefensepacific.standardof.net\/wp-content\/uploads\/sites\/6\/2020\/10\/iBomber-Defense-Pacific-Campaign-Mission-02-Buna-Gona-2.jpg\" alt=\"K\u00e9perny\u0151k\u00e9p a Rejtett C\u00e9l \u00e9p\u00fcletr\u0151l az &quot;iBomber Defense Pacific&quot; videoj\u00e1t\u00e9k Buna-Gona kamp\u00e1nyszintj\u00e9n.\" class=\"wp-image-42\" srcset=\"https:\/\/ibomberdefensepacific.standardof.net\/wp-content\/uploads\/sites\/6\/2020\/10\/iBomber-Defense-Pacific-Campaign-Mission-02-Buna-Gona-2.jpg 221w, https:\/\/ibomberdefensepacific.standardof.net\/wp-content\/uploads\/sites\/6\/2020\/10\/iBomber-Defense-Pacific-Campaign-Mission-02-Buna-Gona-2-193x200.jpg 193w, https:\/\/ibomberdefensepacific.standardof.net\/wp-content\/uploads\/sites\/6\/2020\/10\/iBomber-Defense-Pacific-Campaign-Mission-02-Buna-Gona-2-12x12.jpg 12w\" sizes=\"(max-width: 221px) 100vw, 221px\" \/><\/a><figcaption>A rejtett c\u00e9lpont, a t\u00e9rk\u00e9p k\u00f6zepe k\u00f6zel\u00e9ben, Buna-Gona v\u00e1ros\u00e1ban.<\/figcaption><\/figure><\/div>\n\n\n\n<hr class=\"wp-block-separator is-style-wide\"\/>\n\n\n\n<h3 class=\"wp-block-heading\">Torony elhelyez\u00e9se<\/h3>\n\n\n\n<figure class=\"wp-block-gallery columns-2 is-cropped wp-block-gallery-1 is-layout-flex wp-block-gallery-is-layout-flex\"><ul class=\"blocks-gallery-grid\"><li class=\"blocks-gallery-item\"><figure><a href=\"https:\/\/ibomberdefensepacific.standardof.net\/hu\/guide\/kampany-kuldetes-02-buna-gona\/ibomber-defense-pacific-campaign-mission-02-buna-gona-4\/\"><img decoding=\"async\" width=\"800\" height=\"450\" src=\"https:\/\/ibomberdefensepacific.standardof.net\/wp-content\/uploads\/sites\/6\/2020\/10\/iBomber-Defense-Pacific-Campaign-Mission-02-Buna-Gona-4-800x450.jpg\" alt=\"Pillanatk\u00e9p a javasolt torony elhelyez\u00e9s\u00e9r\u0151l az \u201eiBomber Defense Pacific\u201d videoj\u00e1t\u00e9k Buna-Gona kamp\u00e1nyszintj\u00e9n az 5. hull\u00e1m el\u00e9r\u00e9sekor.\" data-id=\"44\" data-full-url=\"https:\/\/ibomberdefensepacific.standardof.net\/wp-content\/uploads\/sites\/6\/2020\/10\/iBomber-Defense-Pacific-Campaign-Mission-02-Buna-Gona-4.jpg\" data-link=\"https:\/\/ibomberdefensepacific.standardof.net\/guide\/campaign-mission-02-buna-gona\/ibomber-defense-pacific-campaign-mission-02-buna-gona-4\/\" class=\"wp-image-44\" srcset=\"https:\/\/ibomberdefensepacific.standardof.net\/wp-content\/uploads\/sites\/6\/2020\/10\/iBomber-Defense-Pacific-Campaign-Mission-02-Buna-Gona-4-800x450.jpg 800w, https:\/\/ibomberdefensepacific.standardof.net\/wp-content\/uploads\/sites\/6\/2020\/10\/iBomber-Defense-Pacific-Campaign-Mission-02-Buna-Gona-4-512x288.jpg 512w, https:\/\/ibomberdefensepacific.standardof.net\/wp-content\/uploads\/sites\/6\/2020\/10\/iBomber-Defense-Pacific-Campaign-Mission-02-Buna-Gona-4-200x113.jpg 200w, https:\/\/ibomberdefensepacific.standardof.net\/wp-content\/uploads\/sites\/6\/2020\/10\/iBomber-Defense-Pacific-Campaign-Mission-02-Buna-Gona-4-768x432.jpg 768w, https:\/\/ibomberdefensepacific.standardof.net\/wp-content\/uploads\/sites\/6\/2020\/10\/iBomber-Defense-Pacific-Campaign-Mission-02-Buna-Gona-4-16x9.jpg 16w, https:\/\/ibomberdefensepacific.standardof.net\/wp-content\/uploads\/sites\/6\/2020\/10\/iBomber-Defense-Pacific-Campaign-Mission-02-Buna-Gona-4.jpg 1280w\" sizes=\"(max-width: 800px) 100vw, 800px\" \/><\/a><figcaption class=\"blocks-gallery-item__caption\">Torony elhelyez\u00e9se az 5. hull\u00e1mn\u00e1l.<\/figcaption><\/figure><\/li><li class=\"blocks-gallery-item\"><figure><a href=\"https:\/\/ibomberdefensepacific.standardof.net\/hu\/guide\/kampany-kuldetes-02-buna-gona\/ibomber-defense-pacific-campaign-mission-02-buna-gona-5\/\"><img decoding=\"async\" width=\"800\" height=\"450\" src=\"https:\/\/ibomberdefensepacific.standardof.net\/wp-content\/uploads\/sites\/6\/2020\/10\/iBomber-Defense-Pacific-Campaign-Mission-02-Buna-Gona-5-800x450.jpg\" alt=\"Pillanatk\u00e9p a javasolt torony elhelyez\u00e9s\u00e9r\u0151l az \u201eiBomber Defense Pacific\u201d videoj\u00e1t\u00e9k Buna-Gona kamp\u00e1nyszintj\u00e9n a 10. hull\u00e1m el\u00e9r\u00e9sekor.\" data-id=\"45\" data-full-url=\"https:\/\/ibomberdefensepacific.standardof.net\/wp-content\/uploads\/sites\/6\/2020\/10\/iBomber-Defense-Pacific-Campaign-Mission-02-Buna-Gona-5.jpg\" data-link=\"https:\/\/ibomberdefensepacific.standardof.net\/guide\/campaign-mission-02-buna-gona\/ibomber-defense-pacific-campaign-mission-02-buna-gona-5\/\" class=\"wp-image-45\" srcset=\"https:\/\/ibomberdefensepacific.standardof.net\/wp-content\/uploads\/sites\/6\/2020\/10\/iBomber-Defense-Pacific-Campaign-Mission-02-Buna-Gona-5-800x450.jpg 800w, https:\/\/ibomberdefensepacific.standardof.net\/wp-content\/uploads\/sites\/6\/2020\/10\/iBomber-Defense-Pacific-Campaign-Mission-02-Buna-Gona-5-512x288.jpg 512w, https:\/\/ibomberdefensepacific.standardof.net\/wp-content\/uploads\/sites\/6\/2020\/10\/iBomber-Defense-Pacific-Campaign-Mission-02-Buna-Gona-5-200x113.jpg 200w, https:\/\/ibomberdefensepacific.standardof.net\/wp-content\/uploads\/sites\/6\/2020\/10\/iBomber-Defense-Pacific-Campaign-Mission-02-Buna-Gona-5-768x432.jpg 768w, https:\/\/ibomberdefensepacific.standardof.net\/wp-content\/uploads\/sites\/6\/2020\/10\/iBomber-Defense-Pacific-Campaign-Mission-02-Buna-Gona-5-16x9.jpg 16w, https:\/\/ibomberdefensepacific.standardof.net\/wp-content\/uploads\/sites\/6\/2020\/10\/iBomber-Defense-Pacific-Campaign-Mission-02-Buna-Gona-5.jpg 1280w\" sizes=\"(max-width: 800px) 100vw, 800px\" \/><\/a><figcaption class=\"blocks-gallery-item__caption\">Torony elhelyez\u00e9se a 10. hull\u00e1mn\u00e1l.<\/figcaption><\/figure><\/li><\/ul><\/figure>\n\n\n\n<p>Kezd\u0151 alapjaival egy bomba tornyot szeretne elhelyezni a b\u00e1zisa mellett, ahov\u00e1 kev\u00e9sb\u00e9 val\u00f3sz\u00edn\u0171, hogy ellens\u00e9gek el\u0151rehaladt\u00e1val l\u0151ik \u0151ket, mivel nem csak egyre lesz sz\u00fcks\u00e9ge, hogy id\u0151ben lebomb\u00e1zza az \u00f6sszes c\u00e9lt \u00e9s l\u00e1d\u00e1t. Vedd el, ami maradt, \u00e9s tegy\u00e9l egy g\u00e9pfegyvert az els\u0151 sz\u00e1ll\u00edt\u00f3 l\u00e1da el\u0151tt az \u00f6sv\u00e9nyre, friss\u00edtve azt a 3. szintre. Vedd fel a k\u00f6vetkez\u0151 p\u00e9nzeszk\u00f6z\u00f6ket, \u00e9s k\u00e9sz\u00edts egy \u00fajabb MG-t \u00e9s v\u00e9g\u00fcl egy \u00e1gy\u00fat a p\u00e1r l\u00e1da mell\u00e9, ezzel ell\u0151ve \u0151ket nincs jelen, hogy azon dolgozzon, hogy a finoms\u00e1gokat bent lehessen<\/p>\n\n\n\n<p>A k\u00fcldet\u00e9s hull\u00e1mai gyorsan mennek, ez\u00e9rt gy\u0151z\u0151dj\u00f6n meg r\u00f3la, hogy ledobja a bomb\u00e1kat azokra a c\u00e9lpontokra, amelyeket el kell \u00fctnie, amikor elk\u00e9sz\u00fclnek. El\u0151fordulhat, hogy k\u00e9s\u0151bb k\u00e1ros\u00edtja saj\u00e1t tornyait, amikor k\u00e9s\u0151bb eltal\u00e1lja az ell\u00e1t\u00e1si l\u00e1d\u00e1kat, de \u00fcgyeljen arra, hogy ne v\u00e1rjon t\u00fal sok\u00e1ig a l\u00e1d\u00e1k kinyit\u00e1s\u00e1val, mivel a benn\u00fck l\u00e9v\u0151 p\u00e9nzeszk\u00f6z\u00f6k nagy seg\u00edts\u00e9get jelentenek. \u00c9rdemes ezt a k\u00fcldet\u00e9st egy-egy 2. \u00e9s 3. szint\u0171 MG-s p\u00e1rral \u00e9s egy \u00e1gy\u00faval beburkolni, a bomba tornyait nem sz\u00e1m\u00edtva.<\/p>\n\n\n\n<hr class=\"wp-block-separator is-style-wide\"\/>\n\n\n\n<h3 class=\"wp-block-heading\">Alapk\u00e9pz\u00e9si teljes\u00edtm\u00e9ny<\/h3>\n\n\n\n<p>Ennek \u00e9s az el\u0151z\u0151 szintnek a teljes\u00edt\u00e9se ut\u00e1n a Kokada Track megkapja az Alapvet\u0151 edz\u00e9s eredm\u00e9ny\u00e9t, ami\u00e9rt teljes\u00edtette a j\u00e1t\u00e9k mindk\u00e9t oktat\u00f3 szintj\u00e9t. Nem sz\u00e1m\u00edt, melyik neh\u00e9zs\u00e9ggel veri meg ezeket a k\u00fcldet\u00e9seket.<\/p>\n\n\n\n<hr class=\"wp-block-separator is-style-wide\"\/>\n\n\n\n<h3 class=\"has-text-align-center wp-block-heading\" id=\"4-veteran-difficulty-video-guide\">Veter\u00e1n Neh\u00e9zs\u00e9gi \u00fatmutat\u00f3 Vide\u00f3<\/h3>\n\n\n\n<figure class=\"wp-block-embed-youtube wp-block-embed is-type-video is-provider-youtube wp-embed-aspect-16-9 wp-has-aspect-ratio\"><div class=\"wp-block-embed__wrapper\">\n<div class=\"ast-oembed-container\" style=\"height: 100%;\"><iframe title=\"Buna Gona - M2 iBomber Defense Pacific - Veter\u00e1n telt h\u00e1z \u00e1ttekint\u00e9s\" width=\"500\" height=\"375\" src=\"https:\/\/www.youtube.com\/embed\/Z7bDZOrR9j0?feature=oembed\" frameborder=\"0\" allow=\"accelerometer; autoplay; clipboard-write; encrypted-media; gyroscope; picture-in-picture; web-share\" referrerpolicy=\"strict-origin-when-cross-origin\" allowfullscreen><\/iframe><\/div>\n<\/div><\/figure>","protected":false},"excerpt":{"rendered":"<p>Buna Gona &#8211; Perimeter Protect your position in Buna, New Guinea. The level Buna Gona will have the enemy land forces approaching your base in a spiraling path that starts at the center-top of the map, ending near the center, almost making a complete loop. This mission will introduce the Bomb Turret and how to [&hellip;]<\/p>","protected":false},"author":1,"featured_media":45,"parent":164,"menu_order":2,"comment_status":"open","ping_status":"closed","template":"","meta":{"_uag_custom_page_level_css":"","site-sidebar-layout":"default","site-content-layout":"default","ast-site-content-layout":"","site-content-style":"default","site-sidebar-style":"default","ast-global-header-display":"","ast-banner-title-visibility":"","ast-main-header-display":"","ast-hfb-above-header-display":"","ast-hfb-below-header-display":"","ast-hfb-mobile-header-display":"","site-post-title":"","ast-breadcrumbs-content":"","ast-featured-img":"","footer-sml-layout":"","theme-transparent-header-meta":"default","adv-header-id-meta":"","stick-header-meta":"","header-above-stick-meta":"","header-main-stick-meta":"","header-below-stick-meta":"","astra-migrate-meta-layouts":"default","ast-page-background-enabled":"default","ast-page-background-meta":{"desktop":{"background-color":"","background-image":"","background-repeat":"repeat","background-position":"center center","background-size":"auto","background-attachment":"scroll","background-type":"","background-media":"","overlay-type":"","overlay-color":"","overlay-gradient":""},"tablet":{"background-color":"","background-image":"","background-repeat":"repeat","background-position":"center center","background-size":"auto","background-attachment":"scroll","background-type":"","background-media":"","overlay-type":"","overlay-color":"","overlay-gradient":""},"mobile":{"background-color":"","background-image":"","background-repeat":"repeat","background-position":"center center","background-size":"auto","background-attachment":"scroll","background-type":"","background-media":"","overlay-type":"","overlay-color":"","overlay-gradient":""}},"ast-content-background-meta":{"desktop":{"background-color":"var(--ast-global-color-5)","background-image":"","background-repeat":"repeat","background-position":"center center","background-size":"auto","background-attachment":"scroll","background-type":"","background-media":"","overlay-type":"","overlay-color":"","overlay-gradient":""},"tablet":{"background-color":"var(--ast-global-color-5)","background-image":"","background-repeat":"repeat","background-position":"center center","background-size":"auto","background-attachment":"scroll","background-type":"","background-media":"","overlay-type":"","overlay-color":"","overlay-gradient":""},"mobile":{"background-color":"var(--ast-global-color-5)","background-image":"","background-repeat":"repeat","background-position":"center center","background-size":"auto","background-attachment":"scroll","background-type":"","background-media":"","overlay-type":"","overlay-color":"","overlay-gradient":""}},"footnotes":""},"uagb_featured_image_src":{"full":["https:\/\/ibomberdefensepacific.standardof.net\/wp-content\/uploads\/sites\/6\/2020\/10\/iBomber-Defense-Pacific-Campaign-Mission-02-Buna-Gona-5.jpg",1280,720,false],"thumbnail":["https:\/\/ibomberdefensepacific.standardof.net\/wp-content\/uploads\/sites\/6\/2020\/10\/iBomber-Defense-Pacific-Campaign-Mission-02-Buna-Gona-5-200x113.jpg",200,113,true],"medium":["https:\/\/ibomberdefensepacific.standardof.net\/wp-content\/uploads\/sites\/6\/2020\/10\/iBomber-Defense-Pacific-Campaign-Mission-02-Buna-Gona-5-512x288.jpg",512,288,true],"medium_large":["https:\/\/ibomberdefensepacific.standardof.net\/wp-content\/uploads\/sites\/6\/2020\/10\/iBomber-Defense-Pacific-Campaign-Mission-02-Buna-Gona-5-768x432.jpg",768,432,true],"large":["https:\/\/ibomberdefensepacific.standardof.net\/wp-content\/uploads\/sites\/6\/2020\/10\/iBomber-Defense-Pacific-Campaign-Mission-02-Buna-Gona-5-800x450.jpg",800,450,true],"1536x1536":["https:\/\/ibomberdefensepacific.standardof.net\/wp-content\/uploads\/sites\/6\/2020\/10\/iBomber-Defense-Pacific-Campaign-Mission-02-Buna-Gona-5.jpg",1280,720,false],"2048x2048":["https:\/\/ibomberdefensepacific.standardof.net\/wp-content\/uploads\/sites\/6\/2020\/10\/iBomber-Defense-Pacific-Campaign-Mission-02-Buna-Gona-5.jpg",1280,720,false],"trp-custom-language-flag":["https:\/\/ibomberdefensepacific.standardof.net\/wp-content\/uploads\/sites\/6\/2020\/10\/iBomber-Defense-Pacific-Campaign-Mission-02-Buna-Gona-5-16x9.jpg",16,9,true]},"uagb_author_info":{"display_name":"SOE","author_link":"https:\/\/ibomberdefensepacific.standardof.net\/hu\/author\/k-tastic\/"},"uagb_comment_info":0,"uagb_excerpt":"Buna Gona &#8211; Perimeter Protect your position in Buna, New Guinea. The level Buna Gona will have the enemy land forces approaching your base in a spiraling path that starts at the center-top of the map, ending near the center, almost making a complete loop. This mission will introduce the Bomb Turret and how to&hellip;","_links":{"self":[{"href":"https:\/\/ibomberdefensepacific.standardof.net\/hu\/wp-json\/wp\/v2\/pages\/189"}],"collection":[{"href":"https:\/\/ibomberdefensepacific.standardof.net\/hu\/wp-json\/wp\/v2\/pages"}],"about":[{"href":"https:\/\/ibomberdefensepacific.standardof.net\/hu\/wp-json\/wp\/v2\/types\/page"}],"author":[{"embeddable":true,"href":"https:\/\/ibomberdefensepacific.standardof.net\/hu\/wp-json\/wp\/v2\/users\/1"}],"replies":[{"embeddable":true,"href":"https:\/\/ibomberdefensepacific.standardof.net\/hu\/wp-json\/wp\/v2\/comments?post=189"}],"version-history":[{"count":0,"href":"https:\/\/ibomberdefensepacific.standardof.net\/hu\/wp-json\/wp\/v2\/pages\/189\/revisions"}],"up":[{"embeddable":true,"href":"https:\/\/ibomberdefensepacific.standardof.net\/hu\/wp-json\/wp\/v2\/pages\/164"}],"wp:featuredmedia":[{"embeddable":true,"href":"https:\/\/ibomberdefensepacific.standardof.net\/hu\/wp-json\/wp\/v2\/media\/45"}],"wp:attachment":[{"href":"https:\/\/ibomberdefensepacific.standardof.net\/hu\/wp-json\/wp\/v2\/media?parent=189"}],"curies":[{"name":"wp","href":"https:\/\/api.w.org\/{rel}","templated":true}]}}