{"id":183,"date":"2020-10-20T13:10:23","date_gmt":"2020-10-20T13:10:23","guid":{"rendered":"https:\/\/ibomberdefensepacific.standardof.net\/?page_id=183"},"modified":"2020-10-21T17:19:18","modified_gmt":"2020-10-21T17:19:18","slug":"campaign-mission-01-kokoda-track","status":"publish","type":"page","link":"https:\/\/ibomberdefensepacific.standardof.net\/hu\/guide\/kampany-kuldetes-01-kokoda-palya\/","title":{"rendered":"Kamp\u00e1nymisszi\u00f3 01: \u201eKokoda p\u00e1lya\u201d \u00daj-Guinea"},"content":{"rendered":"<h2 class=\"wp-block-heading\">Kokoda p\u00e1lya: \u00daj-Guinea<\/h2>\n\n\n\n<div class=\"wp-block-image\"><figure class=\"aligncenter size-large\"><a href=\"https:\/\/ibomberdefensepacific.standardof.net\/hu\/guide\/kampany-kuldetes-01-kokoda-palya\/ibomber-defense-pacific-campaign-mission-01-kokoda-track-1\/\"><img decoding=\"async\" width=\"800\" height=\"450\" src=\"https:\/\/ibomberdefensepacific.standardof.net\/wp-content\/uploads\/sites\/6\/2020\/10\/iBomber-Defense-Pacific-Campaign-Mission-01-Kokoda-Track-1-800x450.jpg\" alt=\"A Kokoda Track kamp\u00e1nyszintj\u00e9nek t\u00e9rk\u00e9pe, rajzolt nyilakkal, amelyek megmutatj\u00e1k az ellens\u00e9ges egys\u00e9gek \u00fatj\u00e1t a b\u00e1zis fel\u00e9, amelyet meg kell v\u00e9denie az &quot;iBomber Defense Pacific&quot; videoj\u00e1t\u00e9kban.\" class=\"wp-image-38\" srcset=\"https:\/\/ibomberdefensepacific.standardof.net\/wp-content\/uploads\/sites\/6\/2020\/10\/iBomber-Defense-Pacific-Campaign-Mission-01-Kokoda-Track-1-800x450.jpg 800w, https:\/\/ibomberdefensepacific.standardof.net\/wp-content\/uploads\/sites\/6\/2020\/10\/iBomber-Defense-Pacific-Campaign-Mission-01-Kokoda-Track-1-512x288.jpg 512w, https:\/\/ibomberdefensepacific.standardof.net\/wp-content\/uploads\/sites\/6\/2020\/10\/iBomber-Defense-Pacific-Campaign-Mission-01-Kokoda-Track-1-200x113.jpg 200w, https:\/\/ibomberdefensepacific.standardof.net\/wp-content\/uploads\/sites\/6\/2020\/10\/iBomber-Defense-Pacific-Campaign-Mission-01-Kokoda-Track-1-768x432.jpg 768w, https:\/\/ibomberdefensepacific.standardof.net\/wp-content\/uploads\/sites\/6\/2020\/10\/iBomber-Defense-Pacific-Campaign-Mission-01-Kokoda-Track-1-16x9.jpg 16w, https:\/\/ibomberdefensepacific.standardof.net\/wp-content\/uploads\/sites\/6\/2020\/10\/iBomber-Defense-Pacific-Campaign-Mission-01-Kokoda-Track-1.jpg 1280w\" sizes=\"(max-width: 800px) 100vw, 800px\" \/><\/a><figcaption>Az ellens\u00e9ges egys\u00e9gek ir\u00e1nya a Kokoda p\u00e1ly\u00e1n.<\/figcaption><\/figure><\/div>\n\n\n\n<p><em>V\u00e9dje a Milne-\u00f6bl\u00f6t, \u00e9s akad\u00e1lyozza meg, hogy a jap\u00e1n er\u0151k b\u00e1zist hozzanak l\u00e9tre \u00daj-Guinea keleti r\u00e9sz\u00e9n.<\/em><\/p>\n\n\n\n<p>Egyetlen utat fog v\u00e9deni, amely a t\u00e9rk\u00e9p bal fels\u0151 r\u00e9sz\u00e9t\u0151l a jobb als\u00f3 sarokban l\u00e9v\u0151 b\u00e1zis\u00e1ig kanyarodik, 8 nagyr\u00e9szt f\u00e9nyegys\u00e9g-hull\u00e1mra. Ez az els\u0151 a k\u00e9t oktat\u00f3i k\u00fcldet\u00e9s k\u00f6z\u00fcl, amelyek viszonylag k\u00f6nny\u0171ek (m\u00e9g Veter\u00e1n neh\u00e9zs\u00e9gek eset\u00e9n is), \u00e9s \u00faj j\u00e1t\u00e9kosok bemutat\u00e1s\u00e1ra szolg\u00e1lnak a j\u00e1t\u00e9k mechanik\u00e1j\u00e1ban. Ebben a k\u00fcldet\u00e9sben nincsenek speci\u00e1lis c\u00e9lpontok vagy ell\u00e1t\u00e1si l\u00e1d\u00e1k, amelyekr\u0151l besz\u00e9lhetn\u00e9nk.<\/p>\n\n\n\t\t\t\t<div class=\"wp-block-uagb-table-of-contents uagb-toc__align-left uagb-toc__columns-1  uagb-block-9b8f349e\"\n\t\t\t\t\tdata-scroll= \"1\"\n\t\t\t\t\tdata-offset= \"30\"\n\t\t\t\t\tstyle=\"\"\n\t\t\t\t>\n\t\t\t\t<div class=\"uagb-toc__wrap\">\n\t\t\t\t\t\t<div class=\"uagb-toc__title\">\n\t\t\t\t\t\t\t\u00datmutat\u00f3 navig\u00e1ci\u00f3:\t\t\t\t\t\t<\/div>\n\t\t\t\t\t\t\t\t\t\t\t\t\t\t\t\t<div class=\"uagb-toc__list-wrap\">\n\t\t\t\t\t\t<ol class=\"uagb-toc__list\"><li class=\"uagb-toc__list\"><a href=\"#secondary-objective\" class=\"uagb-toc-link__trigger\">M\u00e1sodlagos c\u00e9l<\/a><li class=\"uagb-toc__list\"><a href=\"#turret-placement\" class=\"uagb-toc-link__trigger\">Torony elhelyez\u00e9se<\/a><li class=\"uagb-toc__list\"><a href=\"#veteran-difficulty-video-guide\" class=\"uagb-toc-link__trigger\">Veter\u00e1n Neh\u00e9zs\u00e9gi \u00fatmutat\u00f3 Vide\u00f3<\/a><\/ol>\t\t\t\t\t<\/div>\n\t\t\t\t\t\t\t\t\t<\/div>\n\t\t\t\t<\/div>\n\t\t\t\n\n\n<hr class=\"wp-block-separator is-style-wide\"\/>\n\n\n\n<h3 class=\"wp-block-heading\">M\u00e1sodlagos c\u00e9l<\/h3>\n\n\n\n<p><em>Az ell\u00e1t\u00f3rakt\u00e1r v\u00e9delme.<\/em><\/p>\n\n\n\n<p>Ez a c\u00e9l mag\u00e1ban foglalja a barna \u00e9p\u00fclet v\u00e9delm\u00e9t a h\u00edd ut\u00e1ni kanyart\u00f3l d\u00e9lre. Csak annyit kell tennie, hogy n\u00e9h\u00e1ny torny\u00e1t maga el\u00e9 helyezi, hogy megakad\u00e1lyozza a k\u00e1rosod\u00e1st.<\/p>\n\n\n\n<div class=\"wp-block-image\"><figure class=\"aligncenter size-large\"><a href=\"https:\/\/ibomberdefensepacific.standardof.net\/hu\/guide\/kampany-kuldetes-01-kokoda-palya\/ibomber-defense-pacific-campaign-mission-01-kokoda-track-3\/\"><img decoding=\"async\" width=\"224\" height=\"140\" src=\"https:\/\/ibomberdefensepacific.standardof.net\/wp-content\/uploads\/sites\/6\/2020\/10\/iBomber-Defense-Pacific-Campaign-Mission-01-Kokoda-Track-3.jpg\" alt=\"Pillanatk\u00e9p a m\u00e1sodlagos c\u00e9lkit\u0171z\u00e9s \u00e9p\u00fclet\u00e9r\u0151l a Kokoda Track kamp\u00e1ny szintj\u00e9n az &quot;iBomber Defense Pacific&quot; videoj\u00e1t\u00e9kban.\" class=\"wp-image-40\" srcset=\"https:\/\/ibomberdefensepacific.standardof.net\/wp-content\/uploads\/sites\/6\/2020\/10\/iBomber-Defense-Pacific-Campaign-Mission-01-Kokoda-Track-3.jpg 224w, https:\/\/ibomberdefensepacific.standardof.net\/wp-content\/uploads\/sites\/6\/2020\/10\/iBomber-Defense-Pacific-Campaign-Mission-01-Kokoda-Track-3-200x125.jpg 200w, https:\/\/ibomberdefensepacific.standardof.net\/wp-content\/uploads\/sites\/6\/2020\/10\/iBomber-Defense-Pacific-Campaign-Mission-01-Kokoda-Track-3-16x10.jpg 16w\" sizes=\"(max-width: 224px) 100vw, 224px\" \/><\/a><figcaption>M\u00e1sodlagos c\u00e9l<\/figcaption><\/figure><\/div>\n\n\n\n<hr class=\"wp-block-separator is-style-wide\"\/>\n\n\n\n<h3 class=\"wp-block-heading\">Torony elhelyez\u00e9se<\/h3>\n\n\n\n<div class=\"wp-block-image\"><figure class=\"aligncenter size-large\"><a href=\"https:\/\/ibomberdefensepacific.standardof.net\/hu\/guide\/kampany-kuldetes-01-kokoda-palya\/ibomber-defense-pacific-campaign-mission-01-kokoda-track-2\/\"><img decoding=\"async\" width=\"800\" height=\"450\" src=\"https:\/\/ibomberdefensepacific.standardof.net\/wp-content\/uploads\/sites\/6\/2020\/10\/iBomber-Defense-Pacific-Campaign-Mission-01-Kokoda-Track-2-800x450.jpg\" alt=\"Pillanatk\u00e9p a javasolt torony elhelyez\u00e9s\u00e9r\u0151l az \u201eiBomber Defense Pacific\u201d videoj\u00e1t\u00e9k Kokoda Track kamp\u00e1nyszintj\u00e9n a 8. hull\u00e1m el\u00e9r\u00e9sekor.\" class=\"wp-image-39\" srcset=\"https:\/\/ibomberdefensepacific.standardof.net\/wp-content\/uploads\/sites\/6\/2020\/10\/iBomber-Defense-Pacific-Campaign-Mission-01-Kokoda-Track-2-800x450.jpg 800w, https:\/\/ibomberdefensepacific.standardof.net\/wp-content\/uploads\/sites\/6\/2020\/10\/iBomber-Defense-Pacific-Campaign-Mission-01-Kokoda-Track-2-512x288.jpg 512w, https:\/\/ibomberdefensepacific.standardof.net\/wp-content\/uploads\/sites\/6\/2020\/10\/iBomber-Defense-Pacific-Campaign-Mission-01-Kokoda-Track-2-200x113.jpg 200w, https:\/\/ibomberdefensepacific.standardof.net\/wp-content\/uploads\/sites\/6\/2020\/10\/iBomber-Defense-Pacific-Campaign-Mission-01-Kokoda-Track-2-768x432.jpg 768w, https:\/\/ibomberdefensepacific.standardof.net\/wp-content\/uploads\/sites\/6\/2020\/10\/iBomber-Defense-Pacific-Campaign-Mission-01-Kokoda-Track-2-16x9.jpg 16w, https:\/\/ibomberdefensepacific.standardof.net\/wp-content\/uploads\/sites\/6\/2020\/10\/iBomber-Defense-Pacific-Campaign-Mission-01-Kokoda-Track-2.jpg 1280w\" sizes=\"(max-width: 800px) 100vw, 800px\" \/><\/a><figcaption>8. hull\u00e1m torony elhelyez\u00e9se.<\/figcaption><\/figure><\/div>\n\n\n\n<p>A tornyok elhelyez\u00e9se ezen a szinten nagyon egyszer\u0171 \u00e9s egyszer\u0171. Csak helyezzen be tov\u00e1bbi 4 g\u00e9pfegyvert az \u00fat menti szabad terekre, lehet\u0151leg legal\u00e1bb egyet a rakt\u00e1r el\u00e9, hogy megv\u00e9dje a s\u00e9r\u00fcl\u00e9sekt\u0151l. Friss\u00edtse \u0151ket a 2. szintre a k\u00fcldet\u00e9s el\u0151rehaladt\u00e1val. Ha m\u00e1r a 7. szint k\u00f6zel\u00e9ben j\u00e1r, p\u00e9nzt takar\u00edtson meg, hogy egyetlen \u00e1gy\u00fa az \u00fat ment\u00e9n elhelyezhesse az utols\u00f3 hull\u00e1mokat elfoglal\u00f3 nehezebb egys\u00e9geket.<\/p>\n\n\n\n<p><strong>Gy\u0151zelmi pontok a v\u00e9g\u00e9n<\/strong><\/p>\n\n\n\n<p>+20 pont a Kokoda p\u00e1lya telth\u00e1zas teljes\u00edt\u00e9s\u00e9\u00e9rt.<br>20 pont \u00f6sszesen.<\/p>\n\n\n\n<p><strong>V\u00e1s\u00e1rolt friss\u00edt\u00e9sek<\/strong><\/p>\n\n\n\n<ul><li>G\u00e9pfegyver 3. szint<\/li><\/ul>\n\n\n\n<hr class=\"wp-block-separator is-style-wide\"\/>\n\n\n\n<h3 class=\"has-text-align-center wp-block-heading\">Veter\u00e1n Neh\u00e9zs\u00e9gi \u00fatmutat\u00f3 Vide\u00f3<\/h3>\n\n\n\n<figure class=\"wp-block-embed-youtube wp-block-embed is-type-video is-provider-youtube wp-embed-aspect-4-3 wp-has-aspect-ratio\"><div class=\"wp-block-embed__wrapper\">\n<div class=\"ast-oembed-container\" style=\"height: 100%;\"><iframe title=\"Kokoda p\u00e1lya - M1 iBomber Defense Pacific - Veter\u00e1n telt h\u00e1z \u00e1ttekint\u00e9s\" width=\"500\" height=\"375\" src=\"https:\/\/www.youtube.com\/embed\/AUt2ODO-224?feature=oembed\" frameborder=\"0\" allow=\"accelerometer; autoplay; clipboard-write; encrypted-media; gyroscope; picture-in-picture; web-share\" referrerpolicy=\"strict-origin-when-cross-origin\" allowfullscreen><\/iframe><\/div>\n<\/div><\/figure>","protected":false},"excerpt":{"rendered":"<p>Kokoda Track: New Guinea Protect Milne bay and prevent Japanese forces establishing a base in Eastern New Guinea. You will be defending a single path that curves from the top left part of the map down to your base at the bottom right for 8 waves of mostly light units. This is the first of [&hellip;]<\/p>","protected":false},"author":1,"featured_media":39,"parent":164,"menu_order":1,"comment_status":"open","ping_status":"closed","template":"","meta":{"_uag_custom_page_level_css":"","site-sidebar-layout":"default","site-content-layout":"default","ast-site-content-layout":"","site-content-style":"default","site-sidebar-style":"default","ast-global-header-display":"","ast-banner-title-visibility":"","ast-main-header-display":"","ast-hfb-above-header-display":"","ast-hfb-below-header-display":"","ast-hfb-mobile-header-display":"","site-post-title":"","ast-breadcrumbs-content":"","ast-featured-img":"","footer-sml-layout":"","theme-transparent-header-meta":"default","adv-header-id-meta":"","stick-header-meta":"","header-above-stick-meta":"","header-main-stick-meta":"","header-below-stick-meta":"","astra-migrate-meta-layouts":"default","ast-page-background-enabled":"default","ast-page-background-meta":{"desktop":{"background-color":"","background-image":"","background-repeat":"repeat","background-position":"center center","background-size":"auto","background-attachment":"scroll","background-type":"","background-media":"","overlay-type":"","overlay-color":"","overlay-gradient":""},"tablet":{"background-color":"","background-image":"","background-repeat":"repeat","background-position":"center center","background-size":"auto","background-attachment":"scroll","background-type":"","background-media":"","overlay-type":"","overlay-color":"","overlay-gradient":""},"mobile":{"background-color":"","background-image":"","background-repeat":"repeat","background-position":"center center","background-size":"auto","background-attachment":"scroll","background-type":"","background-media":"","overlay-type":"","overlay-color":"","overlay-gradient":""}},"ast-content-background-meta":{"desktop":{"background-color":"var(--ast-global-color-5)","background-image":"","background-repeat":"repeat","background-position":"center center","background-size":"auto","background-attachment":"scroll","background-type":"","background-media":"","overlay-type":"","overlay-color":"","overlay-gradient":""},"tablet":{"background-color":"var(--ast-global-color-5)","background-image":"","background-repeat":"repeat","background-position":"center center","background-size":"auto","background-attachment":"scroll","background-type":"","background-media":"","overlay-type":"","overlay-color":"","overlay-gradient":""},"mobile":{"background-color":"var(--ast-global-color-5)","background-image":"","background-repeat":"repeat","background-position":"center center","background-size":"auto","background-attachment":"scroll","background-type":"","background-media":"","overlay-type":"","overlay-color":"","overlay-gradient":""}},"footnotes":""},"uagb_featured_image_src":{"full":["https:\/\/ibomberdefensepacific.standardof.net\/wp-content\/uploads\/sites\/6\/2020\/10\/iBomber-Defense-Pacific-Campaign-Mission-01-Kokoda-Track-2.jpg",1280,720,false],"thumbnail":["https:\/\/ibomberdefensepacific.standardof.net\/wp-content\/uploads\/sites\/6\/2020\/10\/iBomber-Defense-Pacific-Campaign-Mission-01-Kokoda-Track-2-200x113.jpg",200,113,true],"medium":["https:\/\/ibomberdefensepacific.standardof.net\/wp-content\/uploads\/sites\/6\/2020\/10\/iBomber-Defense-Pacific-Campaign-Mission-01-Kokoda-Track-2-512x288.jpg",512,288,true],"medium_large":["https:\/\/ibomberdefensepacific.standardof.net\/wp-content\/uploads\/sites\/6\/2020\/10\/iBomber-Defense-Pacific-Campaign-Mission-01-Kokoda-Track-2-768x432.jpg",768,432,true],"large":["https:\/\/ibomberdefensepacific.standardof.net\/wp-content\/uploads\/sites\/6\/2020\/10\/iBomber-Defense-Pacific-Campaign-Mission-01-Kokoda-Track-2-800x450.jpg",800,450,true],"1536x1536":["https:\/\/ibomberdefensepacific.standardof.net\/wp-content\/uploads\/sites\/6\/2020\/10\/iBomber-Defense-Pacific-Campaign-Mission-01-Kokoda-Track-2.jpg",1280,720,false],"2048x2048":["https:\/\/ibomberdefensepacific.standardof.net\/wp-content\/uploads\/sites\/6\/2020\/10\/iBomber-Defense-Pacific-Campaign-Mission-01-Kokoda-Track-2.jpg",1280,720,false],"trp-custom-language-flag":["https:\/\/ibomberdefensepacific.standardof.net\/wp-content\/uploads\/sites\/6\/2020\/10\/iBomber-Defense-Pacific-Campaign-Mission-01-Kokoda-Track-2-16x9.jpg",16,9,true]},"uagb_author_info":{"display_name":"SOE","author_link":"https:\/\/ibomberdefensepacific.standardof.net\/hu\/author\/k-tastic\/"},"uagb_comment_info":0,"uagb_excerpt":"Kokoda Track: New Guinea Protect Milne bay and prevent Japanese forces establishing a base in Eastern New Guinea. You will be defending a single path that curves from the top left part of the map down to your base at the bottom right for 8 waves of mostly light units. This is the first of&hellip;","_links":{"self":[{"href":"https:\/\/ibomberdefensepacific.standardof.net\/hu\/wp-json\/wp\/v2\/pages\/183"}],"collection":[{"href":"https:\/\/ibomberdefensepacific.standardof.net\/hu\/wp-json\/wp\/v2\/pages"}],"about":[{"href":"https:\/\/ibomberdefensepacific.standardof.net\/hu\/wp-json\/wp\/v2\/types\/page"}],"author":[{"embeddable":true,"href":"https:\/\/ibomberdefensepacific.standardof.net\/hu\/wp-json\/wp\/v2\/users\/1"}],"replies":[{"embeddable":true,"href":"https:\/\/ibomberdefensepacific.standardof.net\/hu\/wp-json\/wp\/v2\/comments?post=183"}],"version-history":[{"count":0,"href":"https:\/\/ibomberdefensepacific.standardof.net\/hu\/wp-json\/wp\/v2\/pages\/183\/revisions"}],"up":[{"embeddable":true,"href":"https:\/\/ibomberdefensepacific.standardof.net\/hu\/wp-json\/wp\/v2\/pages\/164"}],"wp:featuredmedia":[{"embeddable":true,"href":"https:\/\/ibomberdefensepacific.standardof.net\/hu\/wp-json\/wp\/v2\/media\/39"}],"wp:attachment":[{"href":"https:\/\/ibomberdefensepacific.standardof.net\/hu\/wp-json\/wp\/v2\/media?parent=183"}],"curies":[{"name":"wp","href":"https:\/\/api.w.org\/{rel}","templated":true}]}}