{"id":225,"date":"2020-10-21T13:39:39","date_gmt":"2020-10-21T13:39:39","guid":{"rendered":"https:\/\/ibomberdefensepacific.standardof.net\/?page_id=225"},"modified":"2020-10-21T17:23:23","modified_gmt":"2020-10-21T17:23:23","slug":"campaign-mission-19-operation-a-go-counterattack","status":"publish","type":"page","link":"https:\/\/ibomberdefensepacific.standardof.net\/fr\/guide\/campagne-mission-19-operation-a-aller-contre-attaque\/","title":{"rendered":"Mission de campagne 19: Contre-attaque \u00abOp\u00e9ration A-Go\u00bb"},"content":{"rendered":"<h2 class=\"wp-block-heading\"><strong>Op\u00e9ration A-Go: contre-attaque<\/strong><\/h2>\n\n\n\n<div class=\"wp-block-image\"><figure class=\"aligncenter size-large\"><a href=\"https:\/\/ibomberdefensepacific.standardof.net\/fr\/guide\/campagne-mission-19-operation-a-aller-contre-attaque\/ibomber-defense-pacific-campaign-mission-19-operation-a-go-1-copy\/\"><img decoding=\"async\" width=\"800\" height=\"500\" src=\"https:\/\/ibomberdefensepacific.standardof.net\/wp-content\/uploads\/sites\/6\/2020\/10\/iBomber-Defense-Pacific-Campaign-Mission-19-Operation-A-Go-1-copy-800x500.jpg\" alt=\"\u00abiBomber Defense Pacific\u00bb - Mission de campagne 19 - \u00abOp\u00e9ration A-Go\u00bb (1)\" class=\"wp-image-129\" srcset=\"https:\/\/ibomberdefensepacific.standardof.net\/wp-content\/uploads\/sites\/6\/2020\/10\/iBomber-Defense-Pacific-Campaign-Mission-19-Operation-A-Go-1-copy-800x500.jpg 800w, https:\/\/ibomberdefensepacific.standardof.net\/wp-content\/uploads\/sites\/6\/2020\/10\/iBomber-Defense-Pacific-Campaign-Mission-19-Operation-A-Go-1-copy-512x320.jpg 512w, https:\/\/ibomberdefensepacific.standardof.net\/wp-content\/uploads\/sites\/6\/2020\/10\/iBomber-Defense-Pacific-Campaign-Mission-19-Operation-A-Go-1-copy-200x125.jpg 200w, https:\/\/ibomberdefensepacific.standardof.net\/wp-content\/uploads\/sites\/6\/2020\/10\/iBomber-Defense-Pacific-Campaign-Mission-19-Operation-A-Go-1-copy-768x480.jpg 768w, https:\/\/ibomberdefensepacific.standardof.net\/wp-content\/uploads\/sites\/6\/2020\/10\/iBomber-Defense-Pacific-Campaign-Mission-19-Operation-A-Go-1-copy-16x10.jpg 16w, https:\/\/ibomberdefensepacific.standardof.net\/wp-content\/uploads\/sites\/6\/2020\/10\/iBomber-Defense-Pacific-Campaign-Mission-19-Operation-A-Go-1-copy.jpg 1200w\" sizes=\"(max-width: 800px) 100vw, 800px\" \/><\/a><figcaption>Les approches ennemies sont exactement les m\u00eames dans l&#039;op\u00e9ration A-Go que depuis Hell&#039;s Pocket.<\/figcaption><\/figure><\/div>\n\n\n\n<p><em>Les Japonais lancent un assaut \u00e0 grande \u00e9chelle contre notre position. D\u00e9fendez-le \u00e0 tout prix.<\/em><\/p>\n\n\n\n<p>C&#039;est de retour dans la poche de l&#039;Enfer pour cette derni\u00e8re mission de contre-attaque, opposant vos d\u00e9fenses \u00e0 un deuxi\u00e8me ensemble de 14 vagues d&#039;unit\u00e9s mixtes terrestres et a\u00e9riennes. \u00c0 l&#039;instar des autres missions de contre-attaque, votre objectif principal consiste \u00e0 renforcer les d\u00e9fenses que vous avez laiss\u00e9es la derni\u00e8re fois que vous \u00e9tiez ici et \u00e0 d\u00e9velopper les m\u00eames strat\u00e9gies.<\/p>\n\n\n\n<p>Ce guide expliquera comment obtenir un Full House, qui est une ronde parfaite avec toutes les m\u00e9dailles et 20 points de victoire, au niveau de l&#039;op\u00e9ration A-Go du <em>iBomber Defense Pacific<\/em> campagne, jou\u00e9e en difficult\u00e9 V\u00e9t\u00e9ran. En outre, ce guide de mission couvrira \u00e9galement l&#039;objectif secondaire et la cible cach\u00e9e avec une vid\u00e9o pas \u00e0 pas.<\/p>\n\n\n\t\t\t\t<div class=\"wp-block-uagb-table-of-contents uagb-toc__align-left uagb-toc__columns-1  uagb-block-01f245ac\"\n\t\t\t\t\tdata-scroll= \"1\"\n\t\t\t\t\tdata-offset= \"30\"\n\t\t\t\t\tstyle=\"\"\n\t\t\t\t>\n\t\t\t\t<div class=\"uagb-toc__wrap\">\n\t\t\t\t\t\t<div class=\"uagb-toc__title\">\n\t\t\t\t\t\t\tNavigation dans le guide pas \u00e0 pas:\t\t\t\t\t\t<\/div>\n\t\t\t\t\t\t\t\t\t\t\t\t\t\t\t\t<div class=\"uagb-toc__list-wrap\">\n\t\t\t\t\t\t<ol class=\"uagb-toc__list\"><li class=\"uagb-toc__list\"><a href=\"#secondary-objective\" class=\"uagb-toc-link__trigger\">Objectif secondaire<\/a><li class=\"uagb-toc__list\"><a href=\"#perks-used-for-this-mission\" class=\"uagb-toc-link__trigger\">Avantages utilis\u00e9s pour cette mission:<\/a><li class=\"uagb-toc__list\"><a href=\"#hidden-target\" class=\"uagb-toc-link__trigger\">Cible cach\u00e9e<\/a><li class=\"uagb-toc__list\"><a href=\"#turret-placement\" class=\"uagb-toc-link__trigger\">Placement de la tourelle<\/a><li class=\"uagb-toc__list\"><a href=\"#veteran-difficulty-video-guide\" class=\"uagb-toc-link__trigger\">Guide vid\u00e9o de difficult\u00e9 v\u00e9t\u00e9ran<\/a><\/ol>\t\t\t\t\t<\/div>\n\t\t\t\t\t\t\t\t\t<\/div>\n\t\t\t\t<\/div>\n\t\t\t\n\n\n<hr class=\"wp-block-separator is-style-wide\"\/>\n\n\n\n<h3 class=\"wp-block-heading\"><strong>Objectif secondaire<\/strong><\/h3>\n\n\n\n<p><em>D\u00e9truisez l&#039;artillerie japonaise avant qu&#039;elle ne d\u00e9truise vos tourelles.<\/em><\/p>\n\n\n\n<p>Au lieu du tarif normal d&#039;attaque surprise qui ouvre une contre-attaque avec des bombardiers ennemis qui g\u00e2chent vos d\u00e9fenses, ils volent simplement sans but au-dessus de votre base tandis que 5 puissants v\u00e9hicules d&#039;artillerie entrent en mouvement. Vous en rencontrerez un du haut, un \u00e0 gauche et \u00e0 droite , et deux positionn\u00e9s sur les hauteurs du bas. Vous aurez besoin d&#039;une belle poign\u00e9e de bombes pour manipuler les pi\u00e8ces que vos tourelles ne peuvent pas atteindre elles-m\u00eames.<\/p>\n\n\n\n<p><strong>Caisses d&#039;approvisionnement:<\/strong> aucun<\/p>\n\n\n\n<p><strong>Points de victoire jusqu&#039;\u00e0 pr\u00e9sent:<\/strong> 360<\/p>\n\n\n\n<ul><li>Mitrailleuse niveau 3<br><sup>Sp\u00e9cialisation X2 Power vs Flamed<\/sup><\/li><li>Canon lvl 3<\/li><li>Bombe niveau 3<\/li><li>Flamer lvl 3<br><sup>Sp\u00e9cialisation des ennemis plus lente.<\/sup><\/li><li>Comms niveau 3<br><sup>Sp\u00e9cialisation accrue des int\u00e9r\u00eats<\/sup><\/li><li>Fus\u00e9e niveau 3<br><sup>Sp\u00e9cialisation des fus\u00e9es plus rapides<\/sup><\/li><li>Anti-Air niveau 3<\/li><\/ul>\n\n\n\n<hr class=\"wp-block-separator is-style-wide\"\/>\n\n\n\n<h3 class=\"wp-block-heading\"><strong>Avantages utilis\u00e9s pour cette mission:<\/strong><\/h3>\n\n\n\n<ul><li>Ironback II<\/li><li>Retranch\u00e9 II<\/li><li>Frappe fant\u00f4me<\/li><\/ul>\n\n\n\n<p>Cette mission va infliger beaucoup plus de d\u00e9g\u00e2ts qu&#039;avant sur vos tourelles, avec des ennemis puissants et des pi\u00e8ces d&#039;artillerie japonaise qui font vraiment monter en fl\u00e8che vos factures de r\u00e9paration. Pour cette raison, il est vraiment important de prendre Ironback.<\/p>\n\n\n\n<p>Trenched II donne de s\u00e9rieux bonus de d\u00e9g\u00e2ts aux tourelles creus\u00e9es, ce qui sera incroyablement utile contre les chars super lourdement blind\u00e9s, tandis que Phantom Strike est toujours aussi utile qu&#039;il l&#039;\u00e9tait dans les missions pr\u00e9c\u00e9dentes pour les m\u00eames raisons.<\/p>\n\n\n\n<hr class=\"wp-block-separator is-style-wide\"\/>\n\n\n\n<h3 class=\"wp-block-heading\">Cible cach\u00e9e<\/h3>\n\n\n\n<p>Il n&#039;y a pas de cible cach\u00e9e ici puisque ce niveau est une contre-attaque.<\/p>\n\n\n\n<hr class=\"wp-block-separator is-style-wide\"\/>\n\n\n\n<h3 class=\"wp-block-heading\">Placement de la tourelle<\/h3>\n\n\n\n<figure class=\"wp-block-gallery aligncenter columns-2 wp-block-gallery-1 is-layout-flex wp-block-gallery-is-layout-flex\"><ul class=\"blocks-gallery-grid\"><li class=\"blocks-gallery-item\"><figure><a href=\"https:\/\/ibomberdefensepacific.standardof.net\/fr\/guide\/campagne-mission-19-operation-a-aller-contre-attaque\/ibomber-defense-pacific-campaign-mission-19-operation-a-go-2\/\"><img decoding=\"async\" width=\"800\" height=\"500\" src=\"https:\/\/ibomberdefensepacific.standardof.net\/wp-content\/uploads\/sites\/6\/2020\/10\/iBomber-Defense-Pacific-Campaign-Mission-19-Operation-A-Go-2-800x500.jpg\" alt=\"\u00abiBomber Defense Pacific\u00bb - Mission de campagne 19 - \u00abOp\u00e9ration A-Go\u00bb (2)\" data-id=\"130\" data-full-url=\"https:\/\/ibomberdefensepacific.standardof.net\/wp-content\/uploads\/sites\/6\/2020\/10\/iBomber-Defense-Pacific-Campaign-Mission-19-Operation-A-Go-2.jpg\" data-link=\"https:\/\/ibomberdefensepacific.standardof.net\/guide\/campaign-mission-19-operation-a-go-counterattack\/ibomber-defense-pacific-campaign-mission-19-operation-a-go-2\/\" class=\"wp-image-130\" srcset=\"https:\/\/ibomberdefensepacific.standardof.net\/wp-content\/uploads\/sites\/6\/2020\/10\/iBomber-Defense-Pacific-Campaign-Mission-19-Operation-A-Go-2-800x500.jpg 800w, https:\/\/ibomberdefensepacific.standardof.net\/wp-content\/uploads\/sites\/6\/2020\/10\/iBomber-Defense-Pacific-Campaign-Mission-19-Operation-A-Go-2-512x320.jpg 512w, https:\/\/ibomberdefensepacific.standardof.net\/wp-content\/uploads\/sites\/6\/2020\/10\/iBomber-Defense-Pacific-Campaign-Mission-19-Operation-A-Go-2-200x125.jpg 200w, https:\/\/ibomberdefensepacific.standardof.net\/wp-content\/uploads\/sites\/6\/2020\/10\/iBomber-Defense-Pacific-Campaign-Mission-19-Operation-A-Go-2-768x480.jpg 768w, https:\/\/ibomberdefensepacific.standardof.net\/wp-content\/uploads\/sites\/6\/2020\/10\/iBomber-Defense-Pacific-Campaign-Mission-19-Operation-A-Go-2-16x10.jpg 16w, https:\/\/ibomberdefensepacific.standardof.net\/wp-content\/uploads\/sites\/6\/2020\/10\/iBomber-Defense-Pacific-Campaign-Mission-19-Operation-A-Go-2.jpg 1280w\" sizes=\"(max-width: 800px) 100vw, 800px\" \/><\/a><figcaption class=\"blocks-gallery-item__caption\">Les d\u00e9fenses de d\u00e9part de l&#039;op\u00e9ration A-Go qui ont \u00e9t\u00e9 report\u00e9es. La bombe en bas \u00e0 droite devra \u00eatre d\u00e9plac\u00e9e pour l&#039;instant, car elle est expos\u00e9e \u00e0 l&#039;artillerie.<\/figcaption><\/figure><\/li><li class=\"blocks-gallery-item\"><figure><a href=\"https:\/\/ibomberdefensepacific.standardof.net\/fr\/guide\/campagne-mission-19-operation-a-aller-contre-attaque\/ibomber-defense-pacific-campaign-mission-19-operation-a-go-3\/\"><img decoding=\"async\" width=\"800\" height=\"500\" src=\"https:\/\/ibomberdefensepacific.standardof.net\/wp-content\/uploads\/sites\/6\/2020\/10\/iBomber-Defense-Pacific-Campaign-Mission-19-Operation-A-Go-3-800x500.jpg\" alt=\"\u00abiBomber Defense Pacific\u00bb - Mission de campagne 19 - \u00abOp\u00e9ration A-Go\u00bb (3)\" data-id=\"131\" data-full-url=\"https:\/\/ibomberdefensepacific.standardof.net\/wp-content\/uploads\/sites\/6\/2020\/10\/iBomber-Defense-Pacific-Campaign-Mission-19-Operation-A-Go-3.jpg\" data-link=\"https:\/\/ibomberdefensepacific.standardof.net\/guide\/campaign-mission-19-operation-a-go-counterattack\/ibomber-defense-pacific-campaign-mission-19-operation-a-go-3\/\" class=\"wp-image-131\" srcset=\"https:\/\/ibomberdefensepacific.standardof.net\/wp-content\/uploads\/sites\/6\/2020\/10\/iBomber-Defense-Pacific-Campaign-Mission-19-Operation-A-Go-3-800x500.jpg 800w, https:\/\/ibomberdefensepacific.standardof.net\/wp-content\/uploads\/sites\/6\/2020\/10\/iBomber-Defense-Pacific-Campaign-Mission-19-Operation-A-Go-3-512x320.jpg 512w, https:\/\/ibomberdefensepacific.standardof.net\/wp-content\/uploads\/sites\/6\/2020\/10\/iBomber-Defense-Pacific-Campaign-Mission-19-Operation-A-Go-3-200x125.jpg 200w, https:\/\/ibomberdefensepacific.standardof.net\/wp-content\/uploads\/sites\/6\/2020\/10\/iBomber-Defense-Pacific-Campaign-Mission-19-Operation-A-Go-3-768x480.jpg 768w, https:\/\/ibomberdefensepacific.standardof.net\/wp-content\/uploads\/sites\/6\/2020\/10\/iBomber-Defense-Pacific-Campaign-Mission-19-Operation-A-Go-3-16x10.jpg 16w, https:\/\/ibomberdefensepacific.standardof.net\/wp-content\/uploads\/sites\/6\/2020\/10\/iBomber-Defense-Pacific-Campaign-Mission-19-Operation-A-Go-3.jpg 1280w\" sizes=\"(max-width: 800px) 100vw, 800px\" \/><\/a><figcaption class=\"blocks-gallery-item__caption\">Placement de la tourelle Wave 5.<\/figcaption><\/figure><\/li><\/ul><\/figure>\n\n\n\n<p>Le placement de la tourelle dans l&#039;op\u00e9ration A-Go est relativement simple en th\u00e9orie, bien que les choses puissent devenir un peu poilues lorsque les chars vraiment durs arrivent, ou pendant les premi\u00e8res vagues lorsque les pi\u00e8ces d&#039;artillerie sont toujours en place et tirent sur vous. Comme toutes les contre-attaques, votre strat\u00e9gie sera de construire autour de vos d\u00e9fenses qui ont \u00e9t\u00e9 report\u00e9es <strong><a href=\"https:\/\/ibomberdefensepacific.standardof.net\/fr\/guide\/campagne-mission-17-hells-pocket-saipan\/\" class=\"rank-math-link\">La poche de l&#039;enfer<\/a><\/strong>. Certaines tourelles spongieuses comme les bombes devront peut-\u00eatre \u00eatre vendues et repositionn\u00e9es ailleurs, si elles sont tir\u00e9es par l&#039;artillerie, pour \u00e9viter de gaspiller une somme exorbitante de fonds pour les maintenir en vie jusqu&#039;\u00e0 ce que vous puissiez g\u00e9rer l&#039;artillerie.<\/p>\n\n\n\n<p>Au moins 1 des pi\u00e8ces d&#039;artillerie doit \u00eatre \u00e0 port\u00e9e de votre tourelle (\u00e0 droite). La pi\u00e8ce sup\u00e9rieure se gare juste \u00e0 c\u00f4t\u00e9 d&#039;un endroit sur\u00e9lev\u00e9, ce qui est id\u00e9al pour un canon soutenu par un lance-flammes et les communications en dessous. Cela ajoute \u00e0 la d\u00e9fense et permet d&#039;\u00e9conomiser des bombes puisque le canon peut faire exploser l&#039;artillerie en enfer assez rapidement.<\/p>\n\n\n\n<p>Au fur et \u00e0 mesure que les pi\u00e8ces sont d\u00e9truites et que les fonds sont lib\u00e9r\u00e9s des r\u00e9parations, commencez \u00e0 construire plus de Rockets avec le soutien de la communication et creusez-les, positionn\u00e9s le long des lignes d&#039;approche. Ils seront pr\u00e9cieux ici. En plus d&#039;augmenter vos d\u00e9g\u00e2ts au sol, assurez-vous d&#039;ajouter un deuxi\u00e8me AA \u00e0 la vague 3, mis \u00e0 niveau au niveau 3 lors des prochaines vagues. Un troisi\u00e8me AA sera n\u00e9cessaire \u00e0 la fin de la vague 13, mis \u00e0 niveau au niveau 3 \u00e9galement pour faire bonne mesure.<\/p>\n\n\n\n<figure class=\"wp-block-gallery aligncenter columns-2 wp-block-gallery-2 is-layout-flex wp-block-gallery-is-layout-flex\"><ul class=\"blocks-gallery-grid\"><li class=\"blocks-gallery-item\"><figure><a href=\"https:\/\/ibomberdefensepacific.standardof.net\/fr\/guide\/campagne-mission-19-operation-a-aller-contre-attaque\/ibomber-defense-pacific-campaign-mission-19-operation-a-go-4\/\"><img decoding=\"async\" width=\"800\" height=\"500\" src=\"https:\/\/ibomberdefensepacific.standardof.net\/wp-content\/uploads\/sites\/6\/2020\/10\/iBomber-Defense-Pacific-Campaign-Mission-19-Operation-A-Go-4-800x500.jpg\" alt=\"\u00abiBomber Defense Pacific\u00bb - Mission de campagne 19 - \u00abOp\u00e9ration A-Go\u00bb (4)\" data-id=\"132\" data-full-url=\"https:\/\/ibomberdefensepacific.standardof.net\/wp-content\/uploads\/sites\/6\/2020\/10\/iBomber-Defense-Pacific-Campaign-Mission-19-Operation-A-Go-4.jpg\" data-link=\"https:\/\/ibomberdefensepacific.standardof.net\/guide\/campaign-mission-19-operation-a-go-counterattack\/ibomber-defense-pacific-campaign-mission-19-operation-a-go-4\/\" class=\"wp-image-132\" srcset=\"https:\/\/ibomberdefensepacific.standardof.net\/wp-content\/uploads\/sites\/6\/2020\/10\/iBomber-Defense-Pacific-Campaign-Mission-19-Operation-A-Go-4-800x500.jpg 800w, https:\/\/ibomberdefensepacific.standardof.net\/wp-content\/uploads\/sites\/6\/2020\/10\/iBomber-Defense-Pacific-Campaign-Mission-19-Operation-A-Go-4-512x320.jpg 512w, https:\/\/ibomberdefensepacific.standardof.net\/wp-content\/uploads\/sites\/6\/2020\/10\/iBomber-Defense-Pacific-Campaign-Mission-19-Operation-A-Go-4-200x125.jpg 200w, https:\/\/ibomberdefensepacific.standardof.net\/wp-content\/uploads\/sites\/6\/2020\/10\/iBomber-Defense-Pacific-Campaign-Mission-19-Operation-A-Go-4-768x480.jpg 768w, https:\/\/ibomberdefensepacific.standardof.net\/wp-content\/uploads\/sites\/6\/2020\/10\/iBomber-Defense-Pacific-Campaign-Mission-19-Operation-A-Go-4-16x10.jpg 16w, https:\/\/ibomberdefensepacific.standardof.net\/wp-content\/uploads\/sites\/6\/2020\/10\/iBomber-Defense-Pacific-Campaign-Mission-19-Operation-A-Go-4.jpg 1280w\" sizes=\"(max-width: 800px) 100vw, 800px\" \/><\/a><figcaption class=\"blocks-gallery-item__caption\">Vague 10.<\/figcaption><\/figure><\/li><li class=\"blocks-gallery-item\"><figure><a href=\"https:\/\/ibomberdefensepacific.standardof.net\/fr\/guide\/campagne-mission-19-operation-a-aller-contre-attaque\/ibomber-defense-pacific-campaign-mission-19-operation-a-go-5\/\"><img decoding=\"async\" width=\"800\" height=\"500\" src=\"https:\/\/ibomberdefensepacific.standardof.net\/wp-content\/uploads\/sites\/6\/2020\/10\/iBomber-Defense-Pacific-Campaign-Mission-19-Operation-A-Go-5-800x500.jpg\" alt=\"\u00abiBomber Defense Pacific\u00bb - Mission de campagne 19 - \u00abOp\u00e9ration A-Go\u00bb (5)\" data-id=\"133\" data-full-url=\"https:\/\/ibomberdefensepacific.standardof.net\/wp-content\/uploads\/sites\/6\/2020\/10\/iBomber-Defense-Pacific-Campaign-Mission-19-Operation-A-Go-5.jpg\" data-link=\"https:\/\/ibomberdefensepacific.standardof.net\/guide\/campaign-mission-19-operation-a-go-counterattack\/ibomber-defense-pacific-campaign-mission-19-operation-a-go-5\/\" class=\"wp-image-133\" srcset=\"https:\/\/ibomberdefensepacific.standardof.net\/wp-content\/uploads\/sites\/6\/2020\/10\/iBomber-Defense-Pacific-Campaign-Mission-19-Operation-A-Go-5-800x500.jpg 800w, https:\/\/ibomberdefensepacific.standardof.net\/wp-content\/uploads\/sites\/6\/2020\/10\/iBomber-Defense-Pacific-Campaign-Mission-19-Operation-A-Go-5-512x320.jpg 512w, https:\/\/ibomberdefensepacific.standardof.net\/wp-content\/uploads\/sites\/6\/2020\/10\/iBomber-Defense-Pacific-Campaign-Mission-19-Operation-A-Go-5-200x125.jpg 200w, https:\/\/ibomberdefensepacific.standardof.net\/wp-content\/uploads\/sites\/6\/2020\/10\/iBomber-Defense-Pacific-Campaign-Mission-19-Operation-A-Go-5-768x480.jpg 768w, https:\/\/ibomberdefensepacific.standardof.net\/wp-content\/uploads\/sites\/6\/2020\/10\/iBomber-Defense-Pacific-Campaign-Mission-19-Operation-A-Go-5-16x10.jpg 16w, https:\/\/ibomberdefensepacific.standardof.net\/wp-content\/uploads\/sites\/6\/2020\/10\/iBomber-Defense-Pacific-Campaign-Mission-19-Operation-A-Go-5.jpg 1280w\" sizes=\"(max-width: 800px) 100vw, 800px\" \/><\/a><figcaption class=\"blocks-gallery-item__caption\">Vague 14.<\/figcaption><\/figure><\/li><\/ul><\/figure>\n\n\n\n<hr class=\"wp-block-separator is-style-wide\"\/>\n\n\n\n<h3 class=\"has-text-align-center wp-block-heading\" id=\"4-veteran-difficulty-video-guide\">Guide vid\u00e9o de difficult\u00e9 v\u00e9t\u00e9ran<\/h3>\n\n\n\n<figure class=\"wp-block-embed-youtube wp-block-embed is-type-video is-provider-youtube wp-embed-aspect-16-9 wp-has-aspect-ratio\"><div class=\"wp-block-embed__wrapper\">\n<div class=\"ast-oembed-container\" style=\"height: 100%;\"><iframe title=\"Operation A Go - M19 iBomber Defense Pacific - Proc\u00e9dure pas \u00e0 pas pour les v\u00e9t\u00e9rans\" width=\"500\" height=\"375\" src=\"https:\/\/www.youtube.com\/embed\/4Rf8jA3hGNA?feature=oembed\" frameborder=\"0\" allow=\"accelerometer; autoplay; clipboard-write; encrypted-media; gyroscope; picture-in-picture; web-share\" referrerpolicy=\"strict-origin-when-cross-origin\" allowfullscreen><\/iframe><\/div>\n<\/div><\/figure>","protected":false},"excerpt":{"rendered":"<p>Operation A-Go: Counterattack The Japanese are launching a full scale assault on our position. Defend it at all costs. It&#8217;s back to the Hell&#8217;s pocket for this final counterattack mission, pitting your defenses against a second set of 14 waves of mixed ground and air units. Like the other counterattack missions, your primary focus revolves [&hellip;]<\/p>","protected":false},"author":1,"featured_media":133,"parent":164,"menu_order":19,"comment_status":"open","ping_status":"closed","template":"","meta":{"_uag_custom_page_level_css":"","site-sidebar-layout":"default","site-content-layout":"default","ast-site-content-layout":"","site-content-style":"default","site-sidebar-style":"default","ast-global-header-display":"","ast-banner-title-visibility":"","ast-main-header-display":"","ast-hfb-above-header-display":"","ast-hfb-below-header-display":"","ast-hfb-mobile-header-display":"","site-post-title":"","ast-breadcrumbs-content":"","ast-featured-img":"","footer-sml-layout":"","theme-transparent-header-meta":"default","adv-header-id-meta":"","stick-header-meta":"","header-above-stick-meta":"","header-main-stick-meta":"","header-below-stick-meta":"","astra-migrate-meta-layouts":"default","ast-page-background-enabled":"default","ast-page-background-meta":{"desktop":{"background-color":"","background-image":"","background-repeat":"repeat","background-position":"center center","background-size":"auto","background-attachment":"scroll","background-type":"","background-media":"","overlay-type":"","overlay-color":"","overlay-gradient":""},"tablet":{"background-color":"","background-image":"","background-repeat":"repeat","background-position":"center center","background-size":"auto","background-attachment":"scroll","background-type":"","background-media":"","overlay-type":"","overlay-color":"","overlay-gradient":""},"mobile":{"background-color":"","background-image":"","background-repeat":"repeat","background-position":"center center","background-size":"auto","background-attachment":"scroll","background-type":"","background-media":"","overlay-type":"","overlay-color":"","overlay-gradient":""}},"ast-content-background-meta":{"desktop":{"background-color":"var(--ast-global-color-5)","background-image":"","background-repeat":"repeat","background-position":"center center","background-size":"auto","background-attachment":"scroll","background-type":"","background-media":"","overlay-type":"","overlay-color":"","overlay-gradient":""},"tablet":{"background-color":"var(--ast-global-color-5)","background-image":"","background-repeat":"repeat","background-position":"center center","background-size":"auto","background-attachment":"scroll","background-type":"","background-media":"","overlay-type":"","overlay-color":"","overlay-gradient":""},"mobile":{"background-color":"var(--ast-global-color-5)","background-image":"","background-repeat":"repeat","background-position":"center center","background-size":"auto","background-attachment":"scroll","background-type":"","background-media":"","overlay-type":"","overlay-color":"","overlay-gradient":""}},"footnotes":""},"uagb_featured_image_src":{"full":["https:\/\/ibomberdefensepacific.standardof.net\/wp-content\/uploads\/sites\/6\/2020\/10\/iBomber-Defense-Pacific-Campaign-Mission-19-Operation-A-Go-5.jpg",1280,800,false],"thumbnail":["https:\/\/ibomberdefensepacific.standardof.net\/wp-content\/uploads\/sites\/6\/2020\/10\/iBomber-Defense-Pacific-Campaign-Mission-19-Operation-A-Go-5-200x125.jpg",200,125,true],"medium":["https:\/\/ibomberdefensepacific.standardof.net\/wp-content\/uploads\/sites\/6\/2020\/10\/iBomber-Defense-Pacific-Campaign-Mission-19-Operation-A-Go-5-512x320.jpg",512,320,true],"medium_large":["https:\/\/ibomberdefensepacific.standardof.net\/wp-content\/uploads\/sites\/6\/2020\/10\/iBomber-Defense-Pacific-Campaign-Mission-19-Operation-A-Go-5-768x480.jpg",768,480,true],"large":["https:\/\/ibomberdefensepacific.standardof.net\/wp-content\/uploads\/sites\/6\/2020\/10\/iBomber-Defense-Pacific-Campaign-Mission-19-Operation-A-Go-5-800x500.jpg",800,500,true],"1536x1536":["https:\/\/ibomberdefensepacific.standardof.net\/wp-content\/uploads\/sites\/6\/2020\/10\/iBomber-Defense-Pacific-Campaign-Mission-19-Operation-A-Go-5.jpg",1280,800,false],"2048x2048":["https:\/\/ibomberdefensepacific.standardof.net\/wp-content\/uploads\/sites\/6\/2020\/10\/iBomber-Defense-Pacific-Campaign-Mission-19-Operation-A-Go-5.jpg",1280,800,false],"trp-custom-language-flag":["https:\/\/ibomberdefensepacific.standardof.net\/wp-content\/uploads\/sites\/6\/2020\/10\/iBomber-Defense-Pacific-Campaign-Mission-19-Operation-A-Go-5-16x10.jpg",16,10,true]},"uagb_author_info":{"display_name":"SOE","author_link":"https:\/\/ibomberdefensepacific.standardof.net\/fr\/author\/k-tastic\/"},"uagb_comment_info":0,"uagb_excerpt":"Operation A-Go: Counterattack The Japanese are launching a full scale assault on our position. Defend it at all costs. It&#8217;s back to the Hell&#8217;s pocket for this final counterattack mission, pitting your defenses against a second set of 14 waves of mixed ground and air units. Like the other counterattack missions, your primary focus revolves&hellip;","_links":{"self":[{"href":"https:\/\/ibomberdefensepacific.standardof.net\/fr\/wp-json\/wp\/v2\/pages\/225"}],"collection":[{"href":"https:\/\/ibomberdefensepacific.standardof.net\/fr\/wp-json\/wp\/v2\/pages"}],"about":[{"href":"https:\/\/ibomberdefensepacific.standardof.net\/fr\/wp-json\/wp\/v2\/types\/page"}],"author":[{"embeddable":true,"href":"https:\/\/ibomberdefensepacific.standardof.net\/fr\/wp-json\/wp\/v2\/users\/1"}],"replies":[{"embeddable":true,"href":"https:\/\/ibomberdefensepacific.standardof.net\/fr\/wp-json\/wp\/v2\/comments?post=225"}],"version-history":[{"count":0,"href":"https:\/\/ibomberdefensepacific.standardof.net\/fr\/wp-json\/wp\/v2\/pages\/225\/revisions"}],"up":[{"embeddable":true,"href":"https:\/\/ibomberdefensepacific.standardof.net\/fr\/wp-json\/wp\/v2\/pages\/164"}],"wp:featuredmedia":[{"embeddable":true,"href":"https:\/\/ibomberdefensepacific.standardof.net\/fr\/wp-json\/wp\/v2\/media\/133"}],"wp:attachment":[{"href":"https:\/\/ibomberdefensepacific.standardof.net\/fr\/wp-json\/wp\/v2\/media?parent=225"}],"curies":[{"name":"wp","href":"https:\/\/api.w.org\/{rel}","templated":true}]}}