{"id":213,"date":"2020-10-21T13:35:29","date_gmt":"2020-10-21T13:35:29","guid":{"rendered":"https:\/\/ibomberdefensepacific.standardof.net\/?page_id=213"},"modified":"2020-10-21T17:22:42","modified_gmt":"2020-10-21T17:22:42","slug":"campaign-mission-16-truk-lagoon-counterattack","status":"publish","type":"page","link":"https:\/\/ibomberdefensepacific.standardof.net\/fr\/guide\/campagne-mission-16-truk-lagoon-contre-attaque\/","title":{"rendered":"Mission de campagne 16: Contre-attaque \u00abTruk Lagoon\u00bb"},"content":{"rendered":"<h2 class=\"wp-block-heading\">Truk Lagoon: Contre-attaque<\/h2>\n\n\n\n<div class=\"wp-block-image\"><figure class=\"aligncenter size-large\"><a href=\"https:\/\/ibomberdefensepacific.standardof.net\/fr\/guide\/campagne-mission-16-truk-lagoon-contre-attaque\/ibomber-defense-pacific-campaign-mission-16-truk-lagoon-1-copy\/\"><img decoding=\"async\" width=\"800\" height=\"500\" src=\"https:\/\/ibomberdefensepacific.standardof.net\/wp-content\/uploads\/sites\/6\/2020\/10\/iBomber-Defense-Pacific-Campaign-Mission-16-Truk-Lagoon-1-copy-800x500.jpg\" alt=\"\u00abiBomber Defense Pacific\u00bb - Mission de campagne 16 - \u00abTruk Lagoon\u00bb (1)\" class=\"wp-image-111\" srcset=\"https:\/\/ibomberdefensepacific.standardof.net\/wp-content\/uploads\/sites\/6\/2020\/10\/iBomber-Defense-Pacific-Campaign-Mission-16-Truk-Lagoon-1-copy-800x500.jpg 800w, https:\/\/ibomberdefensepacific.standardof.net\/wp-content\/uploads\/sites\/6\/2020\/10\/iBomber-Defense-Pacific-Campaign-Mission-16-Truk-Lagoon-1-copy-512x320.jpg 512w, https:\/\/ibomberdefensepacific.standardof.net\/wp-content\/uploads\/sites\/6\/2020\/10\/iBomber-Defense-Pacific-Campaign-Mission-16-Truk-Lagoon-1-copy-200x125.jpg 200w, https:\/\/ibomberdefensepacific.standardof.net\/wp-content\/uploads\/sites\/6\/2020\/10\/iBomber-Defense-Pacific-Campaign-Mission-16-Truk-Lagoon-1-copy-768x480.jpg 768w, https:\/\/ibomberdefensepacific.standardof.net\/wp-content\/uploads\/sites\/6\/2020\/10\/iBomber-Defense-Pacific-Campaign-Mission-16-Truk-Lagoon-1-copy-16x10.jpg 16w, https:\/\/ibomberdefensepacific.standardof.net\/wp-content\/uploads\/sites\/6\/2020\/10\/iBomber-Defense-Pacific-Campaign-Mission-16-Truk-Lagoon-1-copy.jpg 1280w\" sizes=\"(max-width: 800px) 100vw, 800px\" \/><\/a><figcaption>Chemin des unit\u00e9s ennemies dans la lagune de Truk, le rouge \u00e9tant naval et le bleu \u00e9tant l&#039;air.<\/figcaption><\/figure><\/div>\n\n\n\n<p><em>Prot\u00e9gez Truk contre la contre-attaque surprise de l&#039;ennemi.<\/em><\/p>\n\n\n\n<p>Il est temps de retourner \u00e0 votre ancienne base de <strong><a href=\"https:\/\/ibomberdefensepacific.standardof.net\/fr\/guide\/campagne-mission-14-operation-grele-ile-truk\/\" class=\"rank-math-link\">Op\u00e9ration Hailstone<\/a><\/strong> et revenez combattre 10 autres vagues d&#039;unit\u00e9s a\u00e9riennes et navales. Il y aura deux nouvelles routes ouvertes au bas de la carte pour que les unit\u00e9s navales puissent s&#039;approcher, ce qui compliquera les choses car elles exigent une couverture plus large de vos tourelles et ont des distances plus courtes \u00e0 parcourir pour atteindre votre base. Une petite gr\u00e2ce salvatrice, en plus de commencer par tout ce que vous aviez \u00e0 la fin de l&#039;autre niveau, est que vous aurez toujours la base de soutien AA pour garder le ciel d\u00e9gag\u00e9.<\/p>\n\n\n\n<p>Ce guide expliquera comment obtenir un Full House, qui est un tour parfait avec toutes les m\u00e9dailles et 20 points de victoire, au niveau de la lagune de Truk du <em>iBomber Defense Pacific<\/em> campagne, jou\u00e9e en difficult\u00e9 V\u00e9t\u00e9ran. De plus, ce guide de mission couvrira l&#039;objectif secondaire et la cible cach\u00e9e avec une vid\u00e9o pas \u00e0 pas.<\/p>\n\n\n\t\t\t\t<div class=\"wp-block-uagb-table-of-contents uagb-toc__align-left uagb-toc__columns-1  uagb-block-6fa2e770\"\n\t\t\t\t\tdata-scroll= \"1\"\n\t\t\t\t\tdata-offset= \"30\"\n\t\t\t\t\tstyle=\"\"\n\t\t\t\t>\n\t\t\t\t<div class=\"uagb-toc__wrap\">\n\t\t\t\t\t\t<div class=\"uagb-toc__title\">\n\t\t\t\t\t\t\tNavigation dans le guide pas \u00e0 pas:\t\t\t\t\t\t<\/div>\n\t\t\t\t\t\t\t\t\t\t\t\t\t\t\t\t<div class=\"uagb-toc__list-wrap\">\n\t\t\t\t\t\t<ol class=\"uagb-toc__list\"><li class=\"uagb-toc__list\"><a href=\"#secondary-objective\" class=\"uagb-toc-link__trigger\">Objectif secondaire<\/a><li class=\"uagb-toc__list\"><a href=\"#perks-used-for-this-mission\" class=\"uagb-toc-link__trigger\">Avantages utilis\u00e9s pour cette mission:<\/a><li class=\"uagb-toc__list\"><a href=\"#hidden-target\" class=\"uagb-toc-link__trigger\">Cible cach\u00e9e<\/a><li class=\"uagb-toc__list\"><a href=\"#turret-placement\" class=\"uagb-toc-link__trigger\">Placement de la tourelle<\/a><li class=\"uagb-toc__list\"><a href=\"#veteran-difficulty-video-guide\" class=\"uagb-toc-link__trigger\">Guide vid\u00e9o de difficult\u00e9 v\u00e9t\u00e9ran<\/a><\/ol>\t\t\t\t\t<\/div>\n\t\t\t\t\t\t\t\t\t<\/div>\n\t\t\t\t<\/div>\n\t\t\t\n\n\n<hr class=\"wp-block-separator is-style-wide\"\/>\n\n\n\n<h3 class=\"wp-block-heading\">Objectif secondaire<\/h3>\n\n\n\n<p><em>Accumulez autant de ressources que possible pour aider l&#039;effort de guerre.<\/em><\/p>\n\n\n\n<p>Ceci est un autre objectif de tr\u00e9sorerie, et il n\u00e9cessite que vous ayez 200$ sauvegard\u00e9 \u00e0 la fin du niveau pour le terminer. Comme toujours, le moyen le plus simple de le faire est de faire une pause \u00e0 la toute fin quand il ne reste qu&#039;une unit\u00e9 ou juste au moment o\u00f9 elle est d\u00e9truite et de vendre certaines de vos tourelles pour gagner l&#039;argent n\u00e9cessaire.<\/p>\n\n\n\n<p><strong>Caisses d&#039;approvisionnement:<\/strong> aucun<\/p>\n\n\n\n<p><strong>Points de victoire jusqu&#039;\u00e0 pr\u00e9sent:<\/strong> 300 (20 non d\u00e9pens\u00e9s)<\/p>\n\n\n\n<ul><li>Mitrailleuse niveau 3<br><sup>Sp\u00e9cialisation X2 Power vs Flamed<\/sup><\/li><li>Canon lvl 3<\/li><li>Bombe niveau 3<\/li><li>Flamer lvl 3<\/li><li>Comms niveau 3<br><sup>Sp\u00e9cialisation accrue des int\u00e9r\u00eats<\/sup><\/li><li>Fus\u00e9e niveau 3<\/li><li>Anti-Air niveau 3<\/li><\/ul>\n\n\n\n<hr class=\"wp-block-separator is-style-wide\"\/>\n\n\n\n<h3 class=\"wp-block-heading\">Avantages utilis\u00e9s pour cette mission:<\/h3>\n\n\n\n<ul><li>Ironback II<\/li><li>Oeil d&#039;aigle II<\/li><li>Frappe fant\u00f4me<\/li><\/ul>\n\n\n\n<p>C&#039;est la premi\u00e8re mission pour laquelle nous n&#039;utiliserons pas Greenback pour recevoir de l&#039;argent suppl\u00e9mentaire au d\u00e9but, car les fonds sont moins un probl\u00e8me cette fois-ci. Au lieu de cela, nous optons pour le but d&#039;aider \u00e0 couvrir plusieurs chemins avec les m\u00eames tourelles simultan\u00e9ment et Ironback pour les maintenir en vie sous l&#039;immense puissance de feu fournie par l&#039;ennemi ici. Phantom Strike est toujours utile comme avant pour les m\u00eames raisons.<\/p>\n\n\n\n<hr class=\"wp-block-separator is-style-wide\"\/>\n\n\n\n<h3 class=\"wp-block-heading\">Cible cach\u00e9e<\/h3>\n\n\n\n<p>Il n&#039;y a pas de cible cach\u00e9e dans ce niveau de contre-attaque, puisque techniquement nous l&#039;avons d\u00e9j\u00e0 \u00e9limin\u00e9e la derni\u00e8re fois que nous \u00e9tions ici.<\/p>\n\n\n\n<hr class=\"wp-block-separator is-style-wide\"\/>\n\n\n\n<h3 class=\"wp-block-heading\">Placement de la tourelle<\/h3>\n\n\n\n<figure class=\"wp-block-gallery aligncenter columns-2 wp-block-gallery-1 is-layout-flex wp-block-gallery-is-layout-flex\"><ul class=\"blocks-gallery-grid\"><li class=\"blocks-gallery-item\"><figure><a href=\"https:\/\/ibomberdefensepacific.standardof.net\/fr\/guide\/campagne-mission-16-truk-lagoon-contre-attaque\/ibomber-defense-pacific-campaign-mission-16-truk-lagoon-2\/\"><img decoding=\"async\" width=\"800\" height=\"500\" src=\"https:\/\/ibomberdefensepacific.standardof.net\/wp-content\/uploads\/sites\/6\/2020\/10\/iBomber-Defense-Pacific-Campaign-Mission-16-Truk-Lagoon-2-800x500.jpg\" alt=\"\u00abiBomber Defense Pacific\u00bb - Mission de campagne 16 - \u00abTruk Lagoon\u00bb (2)\" data-id=\"112\" data-full-url=\"https:\/\/ibomberdefensepacific.standardof.net\/wp-content\/uploads\/sites\/6\/2020\/10\/iBomber-Defense-Pacific-Campaign-Mission-16-Truk-Lagoon-2.jpg\" data-link=\"https:\/\/ibomberdefensepacific.standardof.net\/guide\/campaign-mission-16-truk-lagoon-counterattack\/ibomber-defense-pacific-campaign-mission-16-truk-lagoon-2\/\" class=\"wp-image-112\" srcset=\"https:\/\/ibomberdefensepacific.standardof.net\/wp-content\/uploads\/sites\/6\/2020\/10\/iBomber-Defense-Pacific-Campaign-Mission-16-Truk-Lagoon-2-800x500.jpg 800w, https:\/\/ibomberdefensepacific.standardof.net\/wp-content\/uploads\/sites\/6\/2020\/10\/iBomber-Defense-Pacific-Campaign-Mission-16-Truk-Lagoon-2-512x320.jpg 512w, https:\/\/ibomberdefensepacific.standardof.net\/wp-content\/uploads\/sites\/6\/2020\/10\/iBomber-Defense-Pacific-Campaign-Mission-16-Truk-Lagoon-2-200x125.jpg 200w, https:\/\/ibomberdefensepacific.standardof.net\/wp-content\/uploads\/sites\/6\/2020\/10\/iBomber-Defense-Pacific-Campaign-Mission-16-Truk-Lagoon-2-768x480.jpg 768w, https:\/\/ibomberdefensepacific.standardof.net\/wp-content\/uploads\/sites\/6\/2020\/10\/iBomber-Defense-Pacific-Campaign-Mission-16-Truk-Lagoon-2-16x10.jpg 16w, https:\/\/ibomberdefensepacific.standardof.net\/wp-content\/uploads\/sites\/6\/2020\/10\/iBomber-Defense-Pacific-Campaign-Mission-16-Truk-Lagoon-2.jpg 1280w\" sizes=\"(max-width: 800px) 100vw, 800px\" \/><\/a><figcaption class=\"blocks-gallery-item__caption\">Placement de la tourelle Wave 1.<\/figcaption><\/figure><\/li><li class=\"blocks-gallery-item\"><figure><a href=\"https:\/\/ibomberdefensepacific.standardof.net\/fr\/guide\/campagne-mission-16-truk-lagoon-contre-attaque\/ibomber-defense-pacific-campaign-mission-16-truk-lagoon-3\/\"><img decoding=\"async\" width=\"800\" height=\"500\" src=\"https:\/\/ibomberdefensepacific.standardof.net\/wp-content\/uploads\/sites\/6\/2020\/10\/iBomber-Defense-Pacific-Campaign-Mission-16-Truk-Lagoon-3-800x500.jpg\" alt=\"\u00abiBomber Defense Pacific\u00bb - Mission de campagne 16 - \u00abTruk Lagoon\u00bb (3)\" data-id=\"113\" data-full-url=\"https:\/\/ibomberdefensepacific.standardof.net\/wp-content\/uploads\/sites\/6\/2020\/10\/iBomber-Defense-Pacific-Campaign-Mission-16-Truk-Lagoon-3.jpg\" data-link=\"https:\/\/ibomberdefensepacific.standardof.net\/guide\/campaign-mission-16-truk-lagoon-counterattack\/ibomber-defense-pacific-campaign-mission-16-truk-lagoon-3\/\" class=\"wp-image-113\" srcset=\"https:\/\/ibomberdefensepacific.standardof.net\/wp-content\/uploads\/sites\/6\/2020\/10\/iBomber-Defense-Pacific-Campaign-Mission-16-Truk-Lagoon-3-800x500.jpg 800w, https:\/\/ibomberdefensepacific.standardof.net\/wp-content\/uploads\/sites\/6\/2020\/10\/iBomber-Defense-Pacific-Campaign-Mission-16-Truk-Lagoon-3-512x320.jpg 512w, https:\/\/ibomberdefensepacific.standardof.net\/wp-content\/uploads\/sites\/6\/2020\/10\/iBomber-Defense-Pacific-Campaign-Mission-16-Truk-Lagoon-3-200x125.jpg 200w, https:\/\/ibomberdefensepacific.standardof.net\/wp-content\/uploads\/sites\/6\/2020\/10\/iBomber-Defense-Pacific-Campaign-Mission-16-Truk-Lagoon-3-768x480.jpg 768w, https:\/\/ibomberdefensepacific.standardof.net\/wp-content\/uploads\/sites\/6\/2020\/10\/iBomber-Defense-Pacific-Campaign-Mission-16-Truk-Lagoon-3-16x10.jpg 16w, https:\/\/ibomberdefensepacific.standardof.net\/wp-content\/uploads\/sites\/6\/2020\/10\/iBomber-Defense-Pacific-Campaign-Mission-16-Truk-Lagoon-3.jpg 1280w\" sizes=\"(max-width: 800px) 100vw, 800px\" \/><\/a><figcaption class=\"blocks-gallery-item__caption\">Vague 5<\/figcaption><\/figure><\/li><\/ul><\/figure>\n\n\n\n<p>Placer vos armes dans la lagune de Truk consistera d&#039;abord \u00e0 fortifier votre \u00eele centrale s&#039;il reste des am\u00e9liorations \u00e0 faire une fois que vous avez termin\u00e9 de r\u00e9parer les d\u00e9g\u00e2ts inflig\u00e9s par l&#039;attaque de bombardier d&#039;ouverture. Ensuite, vous devriez travailler \u00e0 la construction de rang\u00e9es de canons renforc\u00e9es par des communications qui s&#039;\u00e9tendent le long des tuiles \u00e0 construire du sud et du nord, en vous d\u00e9pla\u00e7ant de la base vers l&#039;ext\u00e9rieur.<\/p>\n\n\n\n<p>Une autre tourelle AA am\u00e9lior\u00e9e au niveau 3 sera essentielle ici avant la fin du niveau, ainsi qu&#039;une paire de tourelles \u00e0 flammes - une pour couvrir l&#039;ouverture de chacun des deux nouveaux chemins des unit\u00e9s navales du sud. Les bombes seront utiles pour d\u00e9truire rapidement les vagues difficiles, faire face aux attaques sournoises occasionnelles et emp\u00eacher les ennemis coriaces de passer au-del\u00e0 de vos d\u00e9fenses lorsque les choses deviennent un peu agit\u00e9es. N&#039;oubliez pas de faire une pause vers la fin et de vendre les tourelles une fois que vous avez presque tu\u00e9 (ou juste au moment o\u00f9 vous portez le coup final) la derni\u00e8re unit\u00e9 \u00e0 la vague 10 pour satisfaire le secondaire.<\/p>\n\n\n\n<figure class=\"wp-block-gallery aligncenter columns-1 wp-block-gallery-2 is-layout-flex wp-block-gallery-is-layout-flex\"><ul class=\"blocks-gallery-grid\"><li class=\"blocks-gallery-item\"><figure><a href=\"https:\/\/ibomberdefensepacific.standardof.net\/fr\/guide\/campagne-mission-16-truk-lagoon-contre-attaque\/ibomber-defense-pacific-campaign-mission-16-truk-lagoon-4\/\"><img decoding=\"async\" width=\"800\" height=\"500\" src=\"https:\/\/ibomberdefensepacific.standardof.net\/wp-content\/uploads\/sites\/6\/2020\/10\/iBomber-Defense-Pacific-Campaign-Mission-16-Truk-Lagoon-4-800x500.jpg\" alt=\"\u00abiBomber Defense Pacific\u00bb - Mission de campagne 16 - \u00abTruk Lagoon\u00bb (4)\" data-id=\"114\" data-full-url=\"https:\/\/ibomberdefensepacific.standardof.net\/wp-content\/uploads\/sites\/6\/2020\/10\/iBomber-Defense-Pacific-Campaign-Mission-16-Truk-Lagoon-4.jpg\" data-link=\"https:\/\/ibomberdefensepacific.standardof.net\/guide\/campaign-mission-16-truk-lagoon-counterattack\/ibomber-defense-pacific-campaign-mission-16-truk-lagoon-4\/\" class=\"wp-image-114\" srcset=\"https:\/\/ibomberdefensepacific.standardof.net\/wp-content\/uploads\/sites\/6\/2020\/10\/iBomber-Defense-Pacific-Campaign-Mission-16-Truk-Lagoon-4-800x500.jpg 800w, https:\/\/ibomberdefensepacific.standardof.net\/wp-content\/uploads\/sites\/6\/2020\/10\/iBomber-Defense-Pacific-Campaign-Mission-16-Truk-Lagoon-4-512x320.jpg 512w, https:\/\/ibomberdefensepacific.standardof.net\/wp-content\/uploads\/sites\/6\/2020\/10\/iBomber-Defense-Pacific-Campaign-Mission-16-Truk-Lagoon-4-200x125.jpg 200w, https:\/\/ibomberdefensepacific.standardof.net\/wp-content\/uploads\/sites\/6\/2020\/10\/iBomber-Defense-Pacific-Campaign-Mission-16-Truk-Lagoon-4-768x480.jpg 768w, https:\/\/ibomberdefensepacific.standardof.net\/wp-content\/uploads\/sites\/6\/2020\/10\/iBomber-Defense-Pacific-Campaign-Mission-16-Truk-Lagoon-4-16x10.jpg 16w, https:\/\/ibomberdefensepacific.standardof.net\/wp-content\/uploads\/sites\/6\/2020\/10\/iBomber-Defense-Pacific-Campaign-Mission-16-Truk-Lagoon-4.jpg 1280w\" sizes=\"(max-width: 800px) 100vw, 800px\" \/><\/a><figcaption class=\"blocks-gallery-item__caption\">Placement de la tourelle Wave 10 dans la lagune de Truk.<\/figcaption><\/figure><\/li><\/ul><\/figure>\n\n\n\n<hr class=\"wp-block-separator is-style-wide\"\/>\n\n\n\n<h3 class=\"has-text-align-center wp-block-heading\" id=\"4-veteran-difficulty-video-guide\">Guide vid\u00e9o de difficult\u00e9 v\u00e9t\u00e9ran<\/h3>\n\n\n\n<figure class=\"wp-block-embed-youtube wp-block-embed is-type-video is-provider-youtube wp-embed-aspect-4-3 wp-has-aspect-ratio\"><div class=\"wp-block-embed__wrapper\">\n<div class=\"ast-oembed-container\" style=\"height: 100%;\"><iframe title=\"Truk Lagoon - M16 iBomber Defense Pacific - Proc\u00e9dure pas \u00e0 pas pour les v\u00e9t\u00e9rans\" width=\"500\" height=\"375\" src=\"https:\/\/www.youtube.com\/embed\/CfuNS7rK3Nc?feature=oembed\" frameborder=\"0\" allow=\"accelerometer; autoplay; clipboard-write; encrypted-media; gyroscope; picture-in-picture; web-share\" referrerpolicy=\"strict-origin-when-cross-origin\" allowfullscreen><\/iframe><\/div>\n<\/div><\/figure>","protected":false},"excerpt":{"rendered":"<p>Truk Lagoon: Counterattack Protect Truk against the surprise enemy counterattack. It&#8217;s time to return to your old base from Operation Hailstone and come back to fight another 10 waves of air and naval units. There will be two new routes opened up at the bottom of the map for naval units to approach from, making [&hellip;]<\/p>","protected":false},"author":1,"featured_media":114,"parent":164,"menu_order":16,"comment_status":"open","ping_status":"closed","template":"","meta":{"_uag_custom_page_level_css":"","site-sidebar-layout":"default","site-content-layout":"default","ast-site-content-layout":"","site-content-style":"default","site-sidebar-style":"default","ast-global-header-display":"","ast-banner-title-visibility":"","ast-main-header-display":"","ast-hfb-above-header-display":"","ast-hfb-below-header-display":"","ast-hfb-mobile-header-display":"","site-post-title":"","ast-breadcrumbs-content":"","ast-featured-img":"","footer-sml-layout":"","theme-transparent-header-meta":"default","adv-header-id-meta":"","stick-header-meta":"","header-above-stick-meta":"","header-main-stick-meta":"","header-below-stick-meta":"","astra-migrate-meta-layouts":"default","ast-page-background-enabled":"default","ast-page-background-meta":{"desktop":{"background-color":"","background-image":"","background-repeat":"repeat","background-position":"center center","background-size":"auto","background-attachment":"scroll","background-type":"","background-media":"","overlay-type":"","overlay-color":"","overlay-gradient":""},"tablet":{"background-color":"","background-image":"","background-repeat":"repeat","background-position":"center center","background-size":"auto","background-attachment":"scroll","background-type":"","background-media":"","overlay-type":"","overlay-color":"","overlay-gradient":""},"mobile":{"background-color":"","background-image":"","background-repeat":"repeat","background-position":"center center","background-size":"auto","background-attachment":"scroll","background-type":"","background-media":"","overlay-type":"","overlay-color":"","overlay-gradient":""}},"ast-content-background-meta":{"desktop":{"background-color":"var(--ast-global-color-5)","background-image":"","background-repeat":"repeat","background-position":"center center","background-size":"auto","background-attachment":"scroll","background-type":"","background-media":"","overlay-type":"","overlay-color":"","overlay-gradient":""},"tablet":{"background-color":"var(--ast-global-color-5)","background-image":"","background-repeat":"repeat","background-position":"center center","background-size":"auto","background-attachment":"scroll","background-type":"","background-media":"","overlay-type":"","overlay-color":"","overlay-gradient":""},"mobile":{"background-color":"var(--ast-global-color-5)","background-image":"","background-repeat":"repeat","background-position":"center center","background-size":"auto","background-attachment":"scroll","background-type":"","background-media":"","overlay-type":"","overlay-color":"","overlay-gradient":""}},"footnotes":""},"uagb_featured_image_src":{"full":["https:\/\/ibomberdefensepacific.standardof.net\/wp-content\/uploads\/sites\/6\/2020\/10\/iBomber-Defense-Pacific-Campaign-Mission-16-Truk-Lagoon-4.jpg",1280,800,false],"thumbnail":["https:\/\/ibomberdefensepacific.standardof.net\/wp-content\/uploads\/sites\/6\/2020\/10\/iBomber-Defense-Pacific-Campaign-Mission-16-Truk-Lagoon-4-200x125.jpg",200,125,true],"medium":["https:\/\/ibomberdefensepacific.standardof.net\/wp-content\/uploads\/sites\/6\/2020\/10\/iBomber-Defense-Pacific-Campaign-Mission-16-Truk-Lagoon-4-512x320.jpg",512,320,true],"medium_large":["https:\/\/ibomberdefensepacific.standardof.net\/wp-content\/uploads\/sites\/6\/2020\/10\/iBomber-Defense-Pacific-Campaign-Mission-16-Truk-Lagoon-4-768x480.jpg",768,480,true],"large":["https:\/\/ibomberdefensepacific.standardof.net\/wp-content\/uploads\/sites\/6\/2020\/10\/iBomber-Defense-Pacific-Campaign-Mission-16-Truk-Lagoon-4-800x500.jpg",800,500,true],"1536x1536":["https:\/\/ibomberdefensepacific.standardof.net\/wp-content\/uploads\/sites\/6\/2020\/10\/iBomber-Defense-Pacific-Campaign-Mission-16-Truk-Lagoon-4.jpg",1280,800,false],"2048x2048":["https:\/\/ibomberdefensepacific.standardof.net\/wp-content\/uploads\/sites\/6\/2020\/10\/iBomber-Defense-Pacific-Campaign-Mission-16-Truk-Lagoon-4.jpg",1280,800,false],"trp-custom-language-flag":["https:\/\/ibomberdefensepacific.standardof.net\/wp-content\/uploads\/sites\/6\/2020\/10\/iBomber-Defense-Pacific-Campaign-Mission-16-Truk-Lagoon-4-16x10.jpg",16,10,true]},"uagb_author_info":{"display_name":"SOE","author_link":"https:\/\/ibomberdefensepacific.standardof.net\/fr\/author\/k-tastic\/"},"uagb_comment_info":0,"uagb_excerpt":"Truk Lagoon: Counterattack Protect Truk against the surprise enemy counterattack. It&#8217;s time to return to your old base from Operation Hailstone and come back to fight another 10 waves of air and naval units. There will be two new routes opened up at the bottom of the map for naval units to approach from, making&hellip;","_links":{"self":[{"href":"https:\/\/ibomberdefensepacific.standardof.net\/fr\/wp-json\/wp\/v2\/pages\/213"}],"collection":[{"href":"https:\/\/ibomberdefensepacific.standardof.net\/fr\/wp-json\/wp\/v2\/pages"}],"about":[{"href":"https:\/\/ibomberdefensepacific.standardof.net\/fr\/wp-json\/wp\/v2\/types\/page"}],"author":[{"embeddable":true,"href":"https:\/\/ibomberdefensepacific.standardof.net\/fr\/wp-json\/wp\/v2\/users\/1"}],"replies":[{"embeddable":true,"href":"https:\/\/ibomberdefensepacific.standardof.net\/fr\/wp-json\/wp\/v2\/comments?post=213"}],"version-history":[{"count":0,"href":"https:\/\/ibomberdefensepacific.standardof.net\/fr\/wp-json\/wp\/v2\/pages\/213\/revisions"}],"up":[{"embeddable":true,"href":"https:\/\/ibomberdefensepacific.standardof.net\/fr\/wp-json\/wp\/v2\/pages\/164"}],"wp:featuredmedia":[{"embeddable":true,"href":"https:\/\/ibomberdefensepacific.standardof.net\/fr\/wp-json\/wp\/v2\/media\/114"}],"wp:attachment":[{"href":"https:\/\/ibomberdefensepacific.standardof.net\/fr\/wp-json\/wp\/v2\/media?parent=213"}],"curies":[{"name":"wp","href":"https:\/\/api.w.org\/{rel}","templated":true}]}}