{"id":210,"date":"2020-10-21T13:34:20","date_gmt":"2020-10-21T13:34:20","guid":{"rendered":"https:\/\/ibomberdefensepacific.standardof.net\/?page_id=210"},"modified":"2020-10-21T17:22:16","modified_gmt":"2020-10-21T17:22:16","slug":"campaign-mission-13-tarawa-gilbert-islands","status":"publish","type":"page","link":"https:\/\/ibomberdefensepacific.standardof.net\/fr\/guide\/campagne-mission-13-tarawa-iles-gilbert\/","title":{"rendered":"Mission de campagne 13: \u00celes Gilbert \u00abTarawa\u00bb"},"content":{"rendered":"<h2 class=\"wp-block-heading\">Tarawa: \u00eeles Gilbert<\/h2>\n\n\n\n<div class=\"wp-block-image\"><figure class=\"aligncenter size-large\"><a href=\"https:\/\/ibomberdefensepacific.standardof.net\/fr\/guide\/campagne-mission-13-tarawa-iles-gilbert\/ibomber-defense-pacific-campaign-mission-13-tarawa-1-copy\/\"><img decoding=\"async\" width=\"800\" height=\"500\" src=\"https:\/\/ibomberdefensepacific.standardof.net\/wp-content\/uploads\/sites\/6\/2020\/10\/iBomber-Defense-Pacific-Campaign-Mission-13-Tarawa-1-copy-800x500.jpg\" alt=\"&quot;iBomber Defense Pacific&quot; - Mission de campagne 13 - &quot;Tarawa&quot; (1)\" class=\"wp-image-91\" srcset=\"https:\/\/ibomberdefensepacific.standardof.net\/wp-content\/uploads\/sites\/6\/2020\/10\/iBomber-Defense-Pacific-Campaign-Mission-13-Tarawa-1-copy-800x500.jpg 800w, https:\/\/ibomberdefensepacific.standardof.net\/wp-content\/uploads\/sites\/6\/2020\/10\/iBomber-Defense-Pacific-Campaign-Mission-13-Tarawa-1-copy-512x320.jpg 512w, https:\/\/ibomberdefensepacific.standardof.net\/wp-content\/uploads\/sites\/6\/2020\/10\/iBomber-Defense-Pacific-Campaign-Mission-13-Tarawa-1-copy-200x125.jpg 200w, https:\/\/ibomberdefensepacific.standardof.net\/wp-content\/uploads\/sites\/6\/2020\/10\/iBomber-Defense-Pacific-Campaign-Mission-13-Tarawa-1-copy-768x480.jpg 768w, https:\/\/ibomberdefensepacific.standardof.net\/wp-content\/uploads\/sites\/6\/2020\/10\/iBomber-Defense-Pacific-Campaign-Mission-13-Tarawa-1-copy-16x10.jpg 16w, https:\/\/ibomberdefensepacific.standardof.net\/wp-content\/uploads\/sites\/6\/2020\/10\/iBomber-Defense-Pacific-Campaign-Mission-13-Tarawa-1-copy.jpg 1280w\" sizes=\"(max-width: 800px) 100vw, 800px\" \/><\/a><figcaption>Chemins des unit\u00e9s ennemies \u00e0 Tarawa, sol en rouge, air en bleu.<\/figcaption><\/figure><\/div>\n\n\n\n<p><em>Prot\u00e9gez votre position dans les \u00eeles Gilbert car vous aurez besoin de soutien pour les op\u00e9rations dans le centre du Pacifique.<\/em><\/p>\n\n\n\n<p>\u00c0 Tarawa, vous ferez face \u00e0 26 vagues d&#039;unit\u00e9s terrestres et a\u00e9riennes dans une carte de style d\u00e9sertique avec des espaces de construction difficiles. Quatre chemins principaux diff\u00e9rents se faufilent en deux juste avant votre base, avec des options de couverture limit\u00e9es pour g\u00e9rer efficacement les ennemis. Pour ce faire, la d\u00e9fense se concentrera sur le dernier tron\u00e7on de chemin avant votre base.<\/p>\n\n\n\n<p>Ce guide expliquera comment obtenir un Full House, qui est un tour parfait avec toutes les m\u00e9dailles et 20 points de victoire, au niveau Tarawa de la<em> iBomber Defense Pacific<\/em> campagne, jou\u00e9e en difficult\u00e9 V\u00e9t\u00e9ran. De plus, ce guide de mission couvrira l&#039;objectif secondaire et la cible cach\u00e9e avec une vid\u00e9o pas \u00e0 pas.<\/p>\n\n\n\t\t\t\t<div class=\"wp-block-uagb-table-of-contents uagb-toc__align-left uagb-toc__columns-1  uagb-block-13850721\"\n\t\t\t\t\tdata-scroll= \"1\"\n\t\t\t\t\tdata-offset= \"30\"\n\t\t\t\t\tstyle=\"\"\n\t\t\t\t>\n\t\t\t\t<div class=\"uagb-toc__wrap\">\n\t\t\t\t\t\t<div class=\"uagb-toc__title\">\n\t\t\t\t\t\t\tNavigation dans le guide pas \u00e0 pas:\t\t\t\t\t\t<\/div>\n\t\t\t\t\t\t\t\t\t\t\t\t\t\t\t\t<div class=\"uagb-toc__list-wrap\">\n\t\t\t\t\t\t<ol class=\"uagb-toc__list\"><li class=\"uagb-toc__list\"><a href=\"#secondary-objective\" class=\"uagb-toc-link__trigger\">Objectif secondaire<\/a><li class=\"uagb-toc__list\"><a href=\"#perks-used-for-this-mission\" class=\"uagb-toc-link__trigger\">Avantages utilis\u00e9s pour cette mission:<\/a><li class=\"uagb-toc__list\"><a href=\"#hidden-target\" class=\"uagb-toc-link__trigger\">Cible cach\u00e9e<\/a><li class=\"uagb-toc__list\"><a href=\"#turret-placement\" class=\"uagb-toc-link__trigger\">Placement de la tourelle<\/a><li class=\"uagb-toc__list\"><a href=\"#veteran-difficulty-video-guide\" class=\"uagb-toc-link__trigger\">Guide vid\u00e9o de difficult\u00e9 v\u00e9t\u00e9ran<\/a><li class=\"uagb-toc__list\"><a href=\"#daredevil-achievement\" class=\"uagb-toc-link__trigger\">Succ\u00e8s de Daredevil<\/a><\/ol>\t\t\t\t\t<\/div>\n\t\t\t\t\t\t\t\t\t<\/div>\n\t\t\t\t<\/div>\n\t\t\t\n\n\n<hr class=\"wp-block-separator is-style-wide\"\/>\n\n\n\n<h3 class=\"wp-block-heading\">Objectif secondaire<\/h3>\n\n\n\n<p><em>Le financement de l&#039;effort de guerre est au plus bas. Accumulez autant de ressources que possible pour vous aider.<\/em><\/p>\n\n\n\n<p>Si vous vous souvenez de la mission pr\u00e9c\u00e9dente o\u00f9 nous devions terminer le niveau avec un montant fixe de fonds, c&#039;est \u00e0 peu pr\u00e8s la m\u00eame chose. Ne vous inqui\u00e9tez pas pour \u00e9conomiser au fil du temps, car nous pouvons simplement mettre le jeu en pause lorsque le dernier ennemi de la derni\u00e8re vague est d\u00e9truit et vendre autant de tours que n\u00e9cessaire pour satisfaire l&#039;objectif secondaire 300$.<\/p>\n\n\n\n<p><strong>Caisses d&#039;approvisionnement:<\/strong> 6<\/p>\n\n\n\n<p><strong>Points de victoire jusqu&#039;\u00e0 pr\u00e9sent:<\/strong> 240<\/p>\n\n\n\n<ul><li>Mitrailleuse niveau 3<br><sup>Sp\u00e9cialisation X2 Power vs Flamed<\/sup><\/li><li>Canon lvl 3<\/li><li>Bombe niveau 3<\/li><li>Flamer lvl 3<\/li><li>Comms niveau 3<br><sup>Sp\u00e9cialisation accrue des int\u00e9r\u00eats<\/sup><\/li><li>Fus\u00e9e niveau 2<\/li><li>Anti-Air niveau 2<\/li><\/ul>\n\n\n\n<hr class=\"wp-block-separator is-style-wide\"\/>\n\n\n\n<h3 class=\"wp-block-heading\">Avantages utilis\u00e9s pour cette mission:<\/h3>\n\n\n\n<ul><li>Billet vert II<\/li><li>Oeil d&#039;aigle II<\/li><li>Doigts rapides<\/li><\/ul>\n\n\n\n<p>Fast Fingers aidera avec les d\u00e9g\u00e2ts globaux \u00e0 un niveau qui en a grandement besoin, tandis que Greenback aidera \u00e0 r\u00e9soudre le probl\u00e8me des fonds limit\u00e9s. Eagle Eye permet aux tourelles de couvrir plus efficacement les approches difficiles.<\/p>\n\n\n\n<hr class=\"wp-block-separator is-style-wide\"\/>\n\n\n\n<h3 class=\"wp-block-heading\">Cible cach\u00e9e<\/h3>\n\n\n\n<p>La cible cach\u00e9e doit \u00eatre la tourelle grise situ\u00e9e juste en bas \u00e0 droite de votre base.<\/p>\n\n\n\n<p>REMARQUE: j&#039;ai trouv\u00e9 ceci et j&#039;ai oubli\u00e9 plus tard de quel b\u00e2timent il s&#039;agissait; Je suis \u00e0 peu pr\u00e8s s\u00fbr que c&#039;est la tourelle, mais si quelqu&#039;un peut le confirmer dans les commentaires, je laisserai ici un mot de remerciement pour vous.<\/p>\n\n\n\n<div class=\"wp-block-image\"><figure class=\"aligncenter size-large\"><a href=\"https:\/\/ibomberdefensepacific.standardof.net\/fr\/guide\/campagne-mission-13-tarawa-iles-gilbert\/ibomber-defense-pacific-campaign-mission-13-tarawa-2\/\"><img decoding=\"async\" width=\"265\" height=\"224\" src=\"https:\/\/ibomberdefensepacific.standardof.net\/wp-content\/uploads\/sites\/6\/2020\/10\/iBomber-Defense-Pacific-Campaign-Mission-13-Tarawa-2.jpg\" alt=\"\u00abiBomber Defense Pacific\u00bb - Mission de campagne 13 - \u00abTarawa\u00bb (2)\" class=\"wp-image-92\" srcset=\"https:\/\/ibomberdefensepacific.standardof.net\/wp-content\/uploads\/sites\/6\/2020\/10\/iBomber-Defense-Pacific-Campaign-Mission-13-Tarawa-2.jpg 265w, https:\/\/ibomberdefensepacific.standardof.net\/wp-content\/uploads\/sites\/6\/2020\/10\/iBomber-Defense-Pacific-Campaign-Mission-13-Tarawa-2-200x169.jpg 200w, https:\/\/ibomberdefensepacific.standardof.net\/wp-content\/uploads\/sites\/6\/2020\/10\/iBomber-Defense-Pacific-Campaign-Mission-13-Tarawa-2-14x12.jpg 14w\" sizes=\"(max-width: 265px) 100vw, 265px\" \/><\/a><figcaption>La cible cach\u00e9e: une tourelle grise en bas \u00e0 droite de votre base.<\/figcaption><\/figure><\/div>\n\n\n\n<hr class=\"wp-block-separator is-style-wide\"\/>\n\n\n\n<h3 class=\"wp-block-heading\">Placement de la tourelle<\/h3>\n\n\n\n<figure class=\"wp-block-gallery columns-2 is-cropped wp-block-gallery-1 is-layout-flex wp-block-gallery-is-layout-flex\"><ul class=\"blocks-gallery-grid\"><li class=\"blocks-gallery-item\"><figure><a href=\"https:\/\/ibomberdefensepacific.standardof.net\/fr\/guide\/campagne-mission-13-tarawa-iles-gilbert\/ibomber-defense-pacific-campaign-mission-13-tarawa-3\/\"><img decoding=\"async\" width=\"800\" height=\"500\" src=\"https:\/\/ibomberdefensepacific.standardof.net\/wp-content\/uploads\/sites\/6\/2020\/10\/iBomber-Defense-Pacific-Campaign-Mission-13-Tarawa-3-800x500.jpg\" alt=\"&quot;iBomber Defense Pacific&quot; - Mission de campagne 13 - &quot;Tarawa&quot; (3)\" data-id=\"93\" data-full-url=\"https:\/\/ibomberdefensepacific.standardof.net\/wp-content\/uploads\/sites\/6\/2020\/10\/iBomber-Defense-Pacific-Campaign-Mission-13-Tarawa-3.jpg\" data-link=\"https:\/\/ibomberdefensepacific.standardof.net\/guide\/campaign-mission-13-tarawa-gilbert-islands\/ibomber-defense-pacific-campaign-mission-13-tarawa-3\/\" class=\"wp-image-93\" srcset=\"https:\/\/ibomberdefensepacific.standardof.net\/wp-content\/uploads\/sites\/6\/2020\/10\/iBomber-Defense-Pacific-Campaign-Mission-13-Tarawa-3-800x500.jpg 800w, https:\/\/ibomberdefensepacific.standardof.net\/wp-content\/uploads\/sites\/6\/2020\/10\/iBomber-Defense-Pacific-Campaign-Mission-13-Tarawa-3-512x320.jpg 512w, https:\/\/ibomberdefensepacific.standardof.net\/wp-content\/uploads\/sites\/6\/2020\/10\/iBomber-Defense-Pacific-Campaign-Mission-13-Tarawa-3-200x125.jpg 200w, https:\/\/ibomberdefensepacific.standardof.net\/wp-content\/uploads\/sites\/6\/2020\/10\/iBomber-Defense-Pacific-Campaign-Mission-13-Tarawa-3-768x480.jpg 768w, https:\/\/ibomberdefensepacific.standardof.net\/wp-content\/uploads\/sites\/6\/2020\/10\/iBomber-Defense-Pacific-Campaign-Mission-13-Tarawa-3-16x10.jpg 16w, https:\/\/ibomberdefensepacific.standardof.net\/wp-content\/uploads\/sites\/6\/2020\/10\/iBomber-Defense-Pacific-Campaign-Mission-13-Tarawa-3.jpg 1280w\" sizes=\"(max-width: 800px) 100vw, 800px\" \/><\/a><figcaption class=\"blocks-gallery-item__caption\">Placement de la tourelle Wave 7 \u00e0 Tarawa.<\/figcaption><\/figure><\/li><li class=\"blocks-gallery-item\"><figure><a href=\"https:\/\/ibomberdefensepacific.standardof.net\/fr\/guide\/campagne-mission-13-tarawa-iles-gilbert\/ibomber-defense-pacific-campaign-mission-13-tarawa-4\/\"><img decoding=\"async\" width=\"800\" height=\"500\" src=\"https:\/\/ibomberdefensepacific.standardof.net\/wp-content\/uploads\/sites\/6\/2020\/10\/iBomber-Defense-Pacific-Campaign-Mission-13-Tarawa-4-800x500.jpg\" alt=\"&quot;iBomber Defense Pacific&quot; - Mission de campagne 13 - &quot;Tarawa&quot; (4)\" data-id=\"94\" data-full-url=\"https:\/\/ibomberdefensepacific.standardof.net\/wp-content\/uploads\/sites\/6\/2020\/10\/iBomber-Defense-Pacific-Campaign-Mission-13-Tarawa-4.jpg\" data-link=\"https:\/\/ibomberdefensepacific.standardof.net\/guide\/campaign-mission-13-tarawa-gilbert-islands\/ibomber-defense-pacific-campaign-mission-13-tarawa-4\/\" class=\"wp-image-94\" srcset=\"https:\/\/ibomberdefensepacific.standardof.net\/wp-content\/uploads\/sites\/6\/2020\/10\/iBomber-Defense-Pacific-Campaign-Mission-13-Tarawa-4-800x500.jpg 800w, https:\/\/ibomberdefensepacific.standardof.net\/wp-content\/uploads\/sites\/6\/2020\/10\/iBomber-Defense-Pacific-Campaign-Mission-13-Tarawa-4-512x320.jpg 512w, https:\/\/ibomberdefensepacific.standardof.net\/wp-content\/uploads\/sites\/6\/2020\/10\/iBomber-Defense-Pacific-Campaign-Mission-13-Tarawa-4-200x125.jpg 200w, https:\/\/ibomberdefensepacific.standardof.net\/wp-content\/uploads\/sites\/6\/2020\/10\/iBomber-Defense-Pacific-Campaign-Mission-13-Tarawa-4-768x480.jpg 768w, https:\/\/ibomberdefensepacific.standardof.net\/wp-content\/uploads\/sites\/6\/2020\/10\/iBomber-Defense-Pacific-Campaign-Mission-13-Tarawa-4-16x10.jpg 16w, https:\/\/ibomberdefensepacific.standardof.net\/wp-content\/uploads\/sites\/6\/2020\/10\/iBomber-Defense-Pacific-Campaign-Mission-13-Tarawa-4.jpg 1280w\" sizes=\"(max-width: 800px) 100vw, 800px\" \/><\/a><figcaption class=\"blocks-gallery-item__caption\">Vague 14.<\/figcaption><\/figure><\/li><\/ul><\/figure>\n\n\n\n<p>Le placement des tourelles se concentrera enti\u00e8rement sur la derni\u00e8re \u00e9tendue de terrain constructible avant que les trajectoires des vagues ennemies n&#039;atteignent votre base, car elles ne convergent pas vraiment du tout jusqu&#039;\u00e0 ce point, ce qui rend le placement des tourelles ailleurs une perte de ressources et de puissance de feu disponible. Quelques tourelles de bombes \u00e0 l&#039;extr\u00eame gauche seront n\u00e9cessaires tout en laissant un espace ouvert pour une tourelle de communication qui peut booster la grande majorit\u00e9 de vos autres tourelles. Une paire de lance-flammes sera \u00e9galement absolument n\u00e9cessaire. Creuser certaines de vos tourelles comme les mitrailleuses et les roquettes le long des deux principaux angles d&#039;approche vous aidera consid\u00e9rablement.<\/p>\n\n\n\n<p>Une seule tourelle anti-a\u00e9rienne vous conviendra tout \u00e0 fait bien pour la plupart de la mission. Il aura besoin d&#039;une mise \u00e0 niveau au niveau 2 (max pour le moment) peu de temps dans le niveau, mais il ne n\u00e9cessitera pas de partenaire au niveau un jusqu&#039;\u00e0 la toute derni\u00e8re vague.<\/p>\n\n\n\n<p>N&#039;oubliez pas de mettre le jeu en pause d\u00e8s que la derni\u00e8re unit\u00e9 ennemie est d\u00e9truite (d\u00e9sactivez l&#039;avance rapide et gardez votre curseur pr\u00e8s du bouton de pause) pour vendre suffisamment de tours pour r\u00e9cup\u00e9rer le 300$ dont vous avez besoin pour atteindre l&#039;objectif secondaire.<\/p>\n\n\n\n<p>Enfin, le placement est vraiment essentiel ici, alors n&#039;oubliez pas de v\u00e9rifier les images.<\/p>\n\n\n\n<figure class=\"wp-block-gallery columns-2 is-cropped wp-block-gallery-2 is-layout-flex wp-block-gallery-is-layout-flex\"><ul class=\"blocks-gallery-grid\"><li class=\"blocks-gallery-item\"><figure><a href=\"https:\/\/ibomberdefensepacific.standardof.net\/fr\/guide\/campagne-mission-13-tarawa-iles-gilbert\/ibomber-defense-pacific-campaign-mission-13-tarawa-5\/\"><img decoding=\"async\" width=\"800\" height=\"500\" src=\"https:\/\/ibomberdefensepacific.standardof.net\/wp-content\/uploads\/sites\/6\/2020\/10\/iBomber-Defense-Pacific-Campaign-Mission-13-Tarawa-5-800x500.jpg\" alt=\"&quot;iBomber Defense Pacific&quot; - Mission de campagne 13 - &quot;Tarawa&quot; (5)\" data-id=\"95\" data-full-url=\"https:\/\/ibomberdefensepacific.standardof.net\/wp-content\/uploads\/sites\/6\/2020\/10\/iBomber-Defense-Pacific-Campaign-Mission-13-Tarawa-5.jpg\" data-link=\"https:\/\/ibomberdefensepacific.standardof.net\/guide\/campaign-mission-13-tarawa-gilbert-islands\/ibomber-defense-pacific-campaign-mission-13-tarawa-5\/\" class=\"wp-image-95\" srcset=\"https:\/\/ibomberdefensepacific.standardof.net\/wp-content\/uploads\/sites\/6\/2020\/10\/iBomber-Defense-Pacific-Campaign-Mission-13-Tarawa-5-800x500.jpg 800w, https:\/\/ibomberdefensepacific.standardof.net\/wp-content\/uploads\/sites\/6\/2020\/10\/iBomber-Defense-Pacific-Campaign-Mission-13-Tarawa-5-512x320.jpg 512w, https:\/\/ibomberdefensepacific.standardof.net\/wp-content\/uploads\/sites\/6\/2020\/10\/iBomber-Defense-Pacific-Campaign-Mission-13-Tarawa-5-200x125.jpg 200w, https:\/\/ibomberdefensepacific.standardof.net\/wp-content\/uploads\/sites\/6\/2020\/10\/iBomber-Defense-Pacific-Campaign-Mission-13-Tarawa-5-768x480.jpg 768w, https:\/\/ibomberdefensepacific.standardof.net\/wp-content\/uploads\/sites\/6\/2020\/10\/iBomber-Defense-Pacific-Campaign-Mission-13-Tarawa-5-16x10.jpg 16w, https:\/\/ibomberdefensepacific.standardof.net\/wp-content\/uploads\/sites\/6\/2020\/10\/iBomber-Defense-Pacific-Campaign-Mission-13-Tarawa-5.jpg 1280w\" sizes=\"(max-width: 800px) 100vw, 800px\" \/><\/a><figcaption class=\"blocks-gallery-item__caption\">Vague 21<\/figcaption><\/figure><\/li><li class=\"blocks-gallery-item\"><figure><a href=\"https:\/\/ibomberdefensepacific.standardof.net\/fr\/guide\/campagne-mission-13-tarawa-iles-gilbert\/ibomber-defense-pacific-campaign-mission-13-tarawa-6\/\"><img decoding=\"async\" width=\"800\" height=\"500\" src=\"https:\/\/ibomberdefensepacific.standardof.net\/wp-content\/uploads\/sites\/6\/2020\/10\/iBomber-Defense-Pacific-Campaign-Mission-13-Tarawa-6-800x500.jpg\" alt=\"\u00abiBomber Defense Pacific\u00bb - Mission de campagne 13 - \u00abTarawa\u00bb (6)\" data-id=\"96\" data-full-url=\"https:\/\/ibomberdefensepacific.standardof.net\/wp-content\/uploads\/sites\/6\/2020\/10\/iBomber-Defense-Pacific-Campaign-Mission-13-Tarawa-6.jpg\" data-link=\"https:\/\/ibomberdefensepacific.standardof.net\/guide\/campaign-mission-13-tarawa-gilbert-islands\/ibomber-defense-pacific-campaign-mission-13-tarawa-6\/\" class=\"wp-image-96\" srcset=\"https:\/\/ibomberdefensepacific.standardof.net\/wp-content\/uploads\/sites\/6\/2020\/10\/iBomber-Defense-Pacific-Campaign-Mission-13-Tarawa-6-800x500.jpg 800w, https:\/\/ibomberdefensepacific.standardof.net\/wp-content\/uploads\/sites\/6\/2020\/10\/iBomber-Defense-Pacific-Campaign-Mission-13-Tarawa-6-512x320.jpg 512w, https:\/\/ibomberdefensepacific.standardof.net\/wp-content\/uploads\/sites\/6\/2020\/10\/iBomber-Defense-Pacific-Campaign-Mission-13-Tarawa-6-200x125.jpg 200w, https:\/\/ibomberdefensepacific.standardof.net\/wp-content\/uploads\/sites\/6\/2020\/10\/iBomber-Defense-Pacific-Campaign-Mission-13-Tarawa-6-768x480.jpg 768w, https:\/\/ibomberdefensepacific.standardof.net\/wp-content\/uploads\/sites\/6\/2020\/10\/iBomber-Defense-Pacific-Campaign-Mission-13-Tarawa-6-16x10.jpg 16w, https:\/\/ibomberdefensepacific.standardof.net\/wp-content\/uploads\/sites\/6\/2020\/10\/iBomber-Defense-Pacific-Campaign-Mission-13-Tarawa-6.jpg 1280w\" sizes=\"(max-width: 800px) 100vw, 800px\" \/><\/a><figcaption class=\"blocks-gallery-item__caption\">Vague 26.<\/figcaption><\/figure><\/li><\/ul><\/figure>\n\n\n\n<hr class=\"wp-block-separator is-style-wide\"\/>\n\n\n\n<h3 class=\"has-text-align-center wp-block-heading\" id=\"4-veteran-difficulty-video-guide\">Guide vid\u00e9o de difficult\u00e9 v\u00e9t\u00e9ran<\/h3>\n\n\n\n<figure class=\"wp-block-embed-youtube wp-block-embed is-type-video is-provider-youtube wp-embed-aspect-4-3 wp-has-aspect-ratio\"><div class=\"wp-block-embed__wrapper\">\n<div class=\"ast-oembed-container\" style=\"height: 100%;\"><iframe title=\"Tarawa - M13 iBomber Defense Pacific - Proc\u00e9dure pas \u00e0 pas pour les v\u00e9t\u00e9rans\" width=\"500\" height=\"375\" src=\"https:\/\/www.youtube.com\/embed\/SNsGQvz63ZY?feature=oembed\" frameborder=\"0\" allow=\"accelerometer; autoplay; clipboard-write; encrypted-media; gyroscope; picture-in-picture; web-share\" referrerpolicy=\"strict-origin-when-cross-origin\" allowfullscreen><\/iframe><\/div>\n<\/div><\/figure>\n\n\n\n<hr class=\"wp-block-separator is-style-wide\"\/>\n\n\n\n<h3 class=\"has-text-align-center wp-block-heading\" id=\"47217884_title\">Succ\u00e8s de Daredevil<\/h3>\n\n\n\n<p>Il y a une r\u00e9alisation sp\u00e9ciale associ\u00e9e \u00e0 cette mission, Daredevil, que vous pouvez acqu\u00e9rir en battant la mission sans utiliser de tourelles am\u00e9lior\u00e9es. \u00c9tant donn\u00e9 que cela n\u00e9cessite une strat\u00e9gie tr\u00e8s diff\u00e9rente qui est plus difficile que la normale, vous pouvez trouver une proc\u00e9dure distincte pour cela dans le guide vid\u00e9o ci-dessous.<\/p>\n\n\n\n<figure class=\"wp-block-embed-youtube wp-block-embed is-type-video is-provider-youtube wp-embed-aspect-16-9 wp-has-aspect-ratio\"><div class=\"wp-block-embed__wrapper\">\n<div class=\"ast-oembed-container\" style=\"height: 100%;\"><iframe title=\"Daredevil Achievement Guide - iBomber Defense Pacific - Proc\u00e9dure pas \u00e0 pas parfaite pour les v\u00e9t\u00e9rans\" width=\"500\" height=\"281\" src=\"https:\/\/www.youtube.com\/embed\/GZN-vxWgRY8?feature=oembed\" frameborder=\"0\" allow=\"accelerometer; autoplay; clipboard-write; encrypted-media; gyroscope; picture-in-picture; web-share\" referrerpolicy=\"strict-origin-when-cross-origin\" allowfullscreen><\/iframe><\/div>\n<\/div><\/figure>","protected":false},"excerpt":{"rendered":"<p>Tarawa: Gilbert Islands Protect your position in the Gilbert Islands as you will need support for operations across the mid-pacific. In Tarawa, you will be facing 26 waves of ground and air units in a desert-style map with tricky building spaces. Four different main paths weave their way into two just before your base, with [&hellip;]<\/p>","protected":false},"author":1,"featured_media":96,"parent":164,"menu_order":13,"comment_status":"open","ping_status":"closed","template":"","meta":{"_uag_custom_page_level_css":"","site-sidebar-layout":"default","site-content-layout":"default","ast-site-content-layout":"","site-content-style":"default","site-sidebar-style":"default","ast-global-header-display":"","ast-banner-title-visibility":"","ast-main-header-display":"","ast-hfb-above-header-display":"","ast-hfb-below-header-display":"","ast-hfb-mobile-header-display":"","site-post-title":"","ast-breadcrumbs-content":"","ast-featured-img":"","footer-sml-layout":"","theme-transparent-header-meta":"default","adv-header-id-meta":"","stick-header-meta":"","header-above-stick-meta":"","header-main-stick-meta":"","header-below-stick-meta":"","astra-migrate-meta-layouts":"default","ast-page-background-enabled":"default","ast-page-background-meta":{"desktop":{"background-color":"","background-image":"","background-repeat":"repeat","background-position":"center center","background-size":"auto","background-attachment":"scroll","background-type":"","background-media":"","overlay-type":"","overlay-color":"","overlay-gradient":""},"tablet":{"background-color":"","background-image":"","background-repeat":"repeat","background-position":"center center","background-size":"auto","background-attachment":"scroll","background-type":"","background-media":"","overlay-type":"","overlay-color":"","overlay-gradient":""},"mobile":{"background-color":"","background-image":"","background-repeat":"repeat","background-position":"center center","background-size":"auto","background-attachment":"scroll","background-type":"","background-media":"","overlay-type":"","overlay-color":"","overlay-gradient":""}},"ast-content-background-meta":{"desktop":{"background-color":"var(--ast-global-color-5)","background-image":"","background-repeat":"repeat","background-position":"center center","background-size":"auto","background-attachment":"scroll","background-type":"","background-media":"","overlay-type":"","overlay-color":"","overlay-gradient":""},"tablet":{"background-color":"var(--ast-global-color-5)","background-image":"","background-repeat":"repeat","background-position":"center center","background-size":"auto","background-attachment":"scroll","background-type":"","background-media":"","overlay-type":"","overlay-color":"","overlay-gradient":""},"mobile":{"background-color":"var(--ast-global-color-5)","background-image":"","background-repeat":"repeat","background-position":"center center","background-size":"auto","background-attachment":"scroll","background-type":"","background-media":"","overlay-type":"","overlay-color":"","overlay-gradient":""}},"footnotes":""},"uagb_featured_image_src":{"full":["https:\/\/ibomberdefensepacific.standardof.net\/wp-content\/uploads\/sites\/6\/2020\/10\/iBomber-Defense-Pacific-Campaign-Mission-13-Tarawa-6.jpg",1280,800,false],"thumbnail":["https:\/\/ibomberdefensepacific.standardof.net\/wp-content\/uploads\/sites\/6\/2020\/10\/iBomber-Defense-Pacific-Campaign-Mission-13-Tarawa-6-200x125.jpg",200,125,true],"medium":["https:\/\/ibomberdefensepacific.standardof.net\/wp-content\/uploads\/sites\/6\/2020\/10\/iBomber-Defense-Pacific-Campaign-Mission-13-Tarawa-6-512x320.jpg",512,320,true],"medium_large":["https:\/\/ibomberdefensepacific.standardof.net\/wp-content\/uploads\/sites\/6\/2020\/10\/iBomber-Defense-Pacific-Campaign-Mission-13-Tarawa-6-768x480.jpg",768,480,true],"large":["https:\/\/ibomberdefensepacific.standardof.net\/wp-content\/uploads\/sites\/6\/2020\/10\/iBomber-Defense-Pacific-Campaign-Mission-13-Tarawa-6-800x500.jpg",800,500,true],"1536x1536":["https:\/\/ibomberdefensepacific.standardof.net\/wp-content\/uploads\/sites\/6\/2020\/10\/iBomber-Defense-Pacific-Campaign-Mission-13-Tarawa-6.jpg",1280,800,false],"2048x2048":["https:\/\/ibomberdefensepacific.standardof.net\/wp-content\/uploads\/sites\/6\/2020\/10\/iBomber-Defense-Pacific-Campaign-Mission-13-Tarawa-6.jpg",1280,800,false],"trp-custom-language-flag":["https:\/\/ibomberdefensepacific.standardof.net\/wp-content\/uploads\/sites\/6\/2020\/10\/iBomber-Defense-Pacific-Campaign-Mission-13-Tarawa-6-16x10.jpg",16,10,true]},"uagb_author_info":{"display_name":"SOE","author_link":"https:\/\/ibomberdefensepacific.standardof.net\/fr\/author\/k-tastic\/"},"uagb_comment_info":1,"uagb_excerpt":"Tarawa: Gilbert Islands Protect your position in the Gilbert Islands as you will need support for operations across the mid-pacific. In Tarawa, you will be facing 26 waves of ground and air units in a desert-style map with tricky building spaces. Four different main paths weave their way into two just before your base, with&hellip;","_links":{"self":[{"href":"https:\/\/ibomberdefensepacific.standardof.net\/fr\/wp-json\/wp\/v2\/pages\/210"}],"collection":[{"href":"https:\/\/ibomberdefensepacific.standardof.net\/fr\/wp-json\/wp\/v2\/pages"}],"about":[{"href":"https:\/\/ibomberdefensepacific.standardof.net\/fr\/wp-json\/wp\/v2\/types\/page"}],"author":[{"embeddable":true,"href":"https:\/\/ibomberdefensepacific.standardof.net\/fr\/wp-json\/wp\/v2\/users\/1"}],"replies":[{"embeddable":true,"href":"https:\/\/ibomberdefensepacific.standardof.net\/fr\/wp-json\/wp\/v2\/comments?post=210"}],"version-history":[{"count":0,"href":"https:\/\/ibomberdefensepacific.standardof.net\/fr\/wp-json\/wp\/v2\/pages\/210\/revisions"}],"up":[{"embeddable":true,"href":"https:\/\/ibomberdefensepacific.standardof.net\/fr\/wp-json\/wp\/v2\/pages\/164"}],"wp:featuredmedia":[{"embeddable":true,"href":"https:\/\/ibomberdefensepacific.standardof.net\/fr\/wp-json\/wp\/v2\/media\/96"}],"wp:attachment":[{"href":"https:\/\/ibomberdefensepacific.standardof.net\/fr\/wp-json\/wp\/v2\/media?parent=210"}],"curies":[{"name":"wp","href":"https:\/\/api.w.org\/{rel}","templated":true}]}}