{"id":209,"date":"2020-10-21T13:34:00","date_gmt":"2020-10-21T13:34:00","guid":{"rendered":"https:\/\/ibomberdefensepacific.standardof.net\/?page_id=209"},"modified":"2020-10-21T17:22:07","modified_gmt":"2020-10-21T17:22:07","slug":"campaign-mission-12-battle-of-tenaru-watchtower","status":"publish","type":"page","link":"https:\/\/ibomberdefensepacific.standardof.net\/fr\/guide\/campagne-mission-12-bataille-de-tenaru-tour-de-guet\/","title":{"rendered":"Mission de campagne 12: Tour de guet \u00abBataille de Tenaru\u00bb"},"content":{"rendered":"<h2 class=\"wp-block-heading\">Bataille de Tenaru: tour de guet<\/h2>\n\n\n\n<div class=\"wp-block-image\"><figure class=\"aligncenter size-large\"><a href=\"https:\/\/ibomberdefensepacific.standardof.net\/fr\/guide\/campagne-mission-12-bataille-de-tenaru-tour-de-guet\/ibomber-defense-pacific-campaign-mission-12-battle-of-tenaru-1-copy\/\"><img decoding=\"async\" width=\"800\" height=\"500\" src=\"https:\/\/ibomberdefensepacific.standardof.net\/wp-content\/uploads\/sites\/6\/2020\/10\/iBomber-Defense-Pacific-Campaign-Mission-12-Battle-of-Tenaru-1-copy-800x500.jpg\" alt=\"&quot;iBomber Defense Pacific&quot; - Mission de campagne 12 - &quot;Bataille de Tenaru&quot; (1)\" class=\"wp-image-86\" srcset=\"https:\/\/ibomberdefensepacific.standardof.net\/wp-content\/uploads\/sites\/6\/2020\/10\/iBomber-Defense-Pacific-Campaign-Mission-12-Battle-of-Tenaru-1-copy-800x500.jpg 800w, https:\/\/ibomberdefensepacific.standardof.net\/wp-content\/uploads\/sites\/6\/2020\/10\/iBomber-Defense-Pacific-Campaign-Mission-12-Battle-of-Tenaru-1-copy-512x320.jpg 512w, https:\/\/ibomberdefensepacific.standardof.net\/wp-content\/uploads\/sites\/6\/2020\/10\/iBomber-Defense-Pacific-Campaign-Mission-12-Battle-of-Tenaru-1-copy-200x125.jpg 200w, https:\/\/ibomberdefensepacific.standardof.net\/wp-content\/uploads\/sites\/6\/2020\/10\/iBomber-Defense-Pacific-Campaign-Mission-12-Battle-of-Tenaru-1-copy-768x480.jpg 768w, https:\/\/ibomberdefensepacific.standardof.net\/wp-content\/uploads\/sites\/6\/2020\/10\/iBomber-Defense-Pacific-Campaign-Mission-12-Battle-of-Tenaru-1-copy-16x10.jpg 16w, https:\/\/ibomberdefensepacific.standardof.net\/wp-content\/uploads\/sites\/6\/2020\/10\/iBomber-Defense-Pacific-Campaign-Mission-12-Battle-of-Tenaru-1-copy.jpg 1280w\" sizes=\"(max-width: 800px) 100vw, 800px\" \/><\/a><figcaption>Les chemins de vagues ennemis dans la mission de contre-attaque de la bataille de Tenaru. Les lignes rouges indiquent le sol et les bleus montrent l&#039;air.<\/figcaption><\/figure><\/div>\n\n\n\n<p><em>Prot\u00e9gez votre position aux Salomon contre une contre-attaque inattendue.<\/em><\/p>\n\n\n\n<p>Dans Battle of Tenaru, vous reviendrez au niveau pr\u00e9c\u00e9dent de <strong><a href=\"https:\/\/ibomberdefensepacific.standardof.net\/fr\/guide\/campagne-mission-10-alligator-creek-watchtower\/\" class=\"rank-math-link\">Ruisseau Alligator<\/a><\/strong>, avec les tourelles qu&#039;il vous restait \u00e0 la fin de la mission, pour combattre 15 autres vagues de terre et d&#039;air m\u00e9lang\u00e9es. Vos unit\u00e9s seront bombard\u00e9es dans les premiers instants du niveau, d\u00e9truisant la base que vous avez travaill\u00e9 si dur pour prot\u00e9ger la derni\u00e8re fois. Assurez-vous de tout r\u00e9parer imm\u00e9diatement.<\/p>\n\n\n\n<p>Ce guide expliquera comment obtenir un Full House, qui est un tour parfait avec toutes les m\u00e9dailles et 20 points de victoire, au niveau de la bataille de Tenaru du <em>iBomber Defense Pacific<\/em> campagne, jou\u00e9e en difficult\u00e9 V\u00e9t\u00e9ran. De plus, ce guide de mission couvrira l&#039;objectif secondaire et la cible cach\u00e9e avec une vid\u00e9o pas \u00e0 pas.<\/p>\n\n\n\t\t\t\t<div class=\"wp-block-uagb-table-of-contents uagb-toc__align-left uagb-toc__columns-1  uagb-block-96140d9f\"\n\t\t\t\t\tdata-scroll= \"1\"\n\t\t\t\t\tdata-offset= \"30\"\n\t\t\t\t\tstyle=\"\"\n\t\t\t\t>\n\t\t\t\t<div class=\"uagb-toc__wrap\">\n\t\t\t\t\t\t<div class=\"uagb-toc__title\">\n\t\t\t\t\t\t\tNavigation dans le guide pas \u00e0 pas:\t\t\t\t\t\t<\/div>\n\t\t\t\t\t\t\t\t\t\t\t\t\t\t\t\t<div class=\"uagb-toc__list-wrap\">\n\t\t\t\t\t\t<ol class=\"uagb-toc__list\"><li class=\"uagb-toc__list\"><a href=\"#secondary-objective\" class=\"uagb-toc-link__trigger\">Objectif secondaire<\/a><li class=\"uagb-toc__list\"><a href=\"#perks-used-for-this-mission\" class=\"uagb-toc-link__trigger\">Avantages utilis\u00e9s pour cette mission:<\/a><li class=\"uagb-toc__list\"><a href=\"#hidden-target\" class=\"uagb-toc-link__trigger\">Cible cach\u00e9e<\/a><li class=\"uagb-toc__list\"><a href=\"#turret-placement\" class=\"uagb-toc-link__trigger\">Placement de la tourelle<\/a><li class=\"uagb-toc__list\"><a href=\"#veteran-difficulty-video-guide\" class=\"uagb-toc-link__trigger\">Guide vid\u00e9o de difficult\u00e9 v\u00e9t\u00e9ran<\/a><\/ol>\t\t\t\t\t<\/div>\n\t\t\t\t\t\t\t\t\t<\/div>\n\t\t\t\t<\/div>\n\t\t\t\n\n\n<hr class=\"wp-block-separator is-style-wide\"\/>\n\n\n\n<h3 class=\"wp-block-heading\">Objectif secondaire<\/h3>\n\n\n\n<p><em>La puissance a\u00e9rienne japonaise a augment\u00e9 dans la r\u00e9gion. Construisez des tours AA pour prot\u00e9ger notre position sur Guadalcanal.<\/em><\/p>\n\n\n\n<p>Comme cela a \u00e9t\u00e9 mentionn\u00e9 dans le guide de l&#039;ensemble original de vagues \u00e0 cet endroit, vous devriez avoir les 6 espaces les plus proches de votre base (le long du dernier tron\u00e7on du chemin) ouverts pour la construction de tours AA. Vous devrez peut-\u00eatre vendre certaines tours si vous avez construit ici, car les placer ailleurs les exposera terriblement \u00e0 des dommages extr\u00eames et \u00e0 des factures de r\u00e9paration co\u00fbteuses.<\/p>\n\n\n\n<p><strong>Caisses d&#039;approvisionnement:<\/strong> aucun<\/p>\n\n\n\n<p><strong>Points de victoire jusqu&#039;\u00e0 pr\u00e9sent:<\/strong> 220<\/p>\n\n\n\n<ul><li>Mitrailleuse niveau 3<br><sup>Sp\u00e9cialisation X2 Power vs Flamed<\/sup><\/li><li>Canon lvl 3<\/li><li>Bombe niveau 3<\/li><li>Flamer lvl 3<\/li><li>Comms niveau 3<br><sup>Sp\u00e9cialisation accrue des int\u00e9r\u00eats<\/sup><\/li><li>Fus\u00e9e niveau 1<\/li><\/ul>\n\n\n\n<hr class=\"wp-block-separator is-style-wide\"\/>\n\n\n\n<h3 class=\"wp-block-heading\">Avantages utilis\u00e9s pour cette mission:<\/h3>\n\n\n\n<ul><li>Billet vert II<\/li><li>Iron Back II<\/li><li>Doigts rapides<\/li><\/ul>\n\n\n\n<p>C&#039;est un autre niveau o\u00f9 de lourds d\u00e9g\u00e2ts seront inflig\u00e9s \u00e0 vos tourelles, faisant du renfort un v\u00e9ritable \u00e9conomiseur d&#039;argent. Fast Fingers augmentera les d\u00e9g\u00e2ts globaux, ce qui sera utile contre les ennemis lourdement blind\u00e9s de ce niveau.<\/p>\n\n\n\n<hr class=\"wp-block-separator is-style-wide\"\/>\n\n\n\n<h3 class=\"wp-block-heading\">Cible cach\u00e9e<\/h3>\n\n\n\n<p>Il n&#039;y a pas de cible cach\u00e9e dans la contre-attaque.<\/p>\n\n\n\n<hr class=\"wp-block-separator is-style-wide\"\/>\n\n\n\n<h3 class=\"wp-block-heading\">Placement de la tourelle<\/h3>\n\n\n\n<figure class=\"wp-block-gallery columns-2 is-cropped wp-block-gallery-1 is-layout-flex wp-block-gallery-is-layout-flex\"><ul class=\"blocks-gallery-grid\"><li class=\"blocks-gallery-item\"><figure><a href=\"https:\/\/ibomberdefensepacific.standardof.net\/fr\/guide\/campagne-mission-12-bataille-de-tenaru-tour-de-guet\/ibomber-defense-pacific-campaign-mission-12-battle-of-tenaru-2\/\"><img decoding=\"async\" width=\"800\" height=\"500\" src=\"https:\/\/ibomberdefensepacific.standardof.net\/wp-content\/uploads\/sites\/6\/2020\/10\/iBomber-Defense-Pacific-Campaign-Mission-12-Battle-of-Tenaru-2-800x500.jpg\" alt=\"&quot;iBomber Defense Pacific&quot; - Mission de campagne 12 - &quot;Bataille de Tenaru&quot; (2)\" data-id=\"87\" data-full-url=\"https:\/\/ibomberdefensepacific.standardof.net\/wp-content\/uploads\/sites\/6\/2020\/10\/iBomber-Defense-Pacific-Campaign-Mission-12-Battle-of-Tenaru-2.jpg\" data-link=\"https:\/\/ibomberdefensepacific.standardof.net\/guide\/campaign-mission-12-battle-of-tenaru-watchtower\/ibomber-defense-pacific-campaign-mission-12-battle-of-tenaru-2\/\" class=\"wp-image-87\" srcset=\"https:\/\/ibomberdefensepacific.standardof.net\/wp-content\/uploads\/sites\/6\/2020\/10\/iBomber-Defense-Pacific-Campaign-Mission-12-Battle-of-Tenaru-2-800x500.jpg 800w, https:\/\/ibomberdefensepacific.standardof.net\/wp-content\/uploads\/sites\/6\/2020\/10\/iBomber-Defense-Pacific-Campaign-Mission-12-Battle-of-Tenaru-2-512x320.jpg 512w, https:\/\/ibomberdefensepacific.standardof.net\/wp-content\/uploads\/sites\/6\/2020\/10\/iBomber-Defense-Pacific-Campaign-Mission-12-Battle-of-Tenaru-2-200x125.jpg 200w, https:\/\/ibomberdefensepacific.standardof.net\/wp-content\/uploads\/sites\/6\/2020\/10\/iBomber-Defense-Pacific-Campaign-Mission-12-Battle-of-Tenaru-2-768x480.jpg 768w, https:\/\/ibomberdefensepacific.standardof.net\/wp-content\/uploads\/sites\/6\/2020\/10\/iBomber-Defense-Pacific-Campaign-Mission-12-Battle-of-Tenaru-2-16x10.jpg 16w, https:\/\/ibomberdefensepacific.standardof.net\/wp-content\/uploads\/sites\/6\/2020\/10\/iBomber-Defense-Pacific-Campaign-Mission-12-Battle-of-Tenaru-2.jpg 1280w\" sizes=\"(max-width: 800px) 100vw, 800px\" \/><\/a><figcaption class=\"blocks-gallery-item__caption\">Placement de d\u00e9part.<\/figcaption><\/figure><\/li><li class=\"blocks-gallery-item\"><figure><a href=\"https:\/\/ibomberdefensepacific.standardof.net\/fr\/guide\/campagne-mission-12-bataille-de-tenaru-tour-de-guet\/ibomber-defense-pacific-campaign-mission-12-battle-of-tenaru-3\/\"><img decoding=\"async\" width=\"800\" height=\"500\" src=\"https:\/\/ibomberdefensepacific.standardof.net\/wp-content\/uploads\/sites\/6\/2020\/10\/iBomber-Defense-Pacific-Campaign-Mission-12-Battle-of-Tenaru-3-800x500.jpg\" alt=\"\u00abiBomber Defense Pacific\u00bb - Mission de campagne 12 - \u00abBataille de Tenaru\u00bb (3)\" data-id=\"88\" data-full-url=\"https:\/\/ibomberdefensepacific.standardof.net\/wp-content\/uploads\/sites\/6\/2020\/10\/iBomber-Defense-Pacific-Campaign-Mission-12-Battle-of-Tenaru-3.jpg\" data-link=\"https:\/\/ibomberdefensepacific.standardof.net\/guide\/campaign-mission-12-battle-of-tenaru-watchtower\/ibomber-defense-pacific-campaign-mission-12-battle-of-tenaru-3\/\" class=\"wp-image-88\" srcset=\"https:\/\/ibomberdefensepacific.standardof.net\/wp-content\/uploads\/sites\/6\/2020\/10\/iBomber-Defense-Pacific-Campaign-Mission-12-Battle-of-Tenaru-3-800x500.jpg 800w, https:\/\/ibomberdefensepacific.standardof.net\/wp-content\/uploads\/sites\/6\/2020\/10\/iBomber-Defense-Pacific-Campaign-Mission-12-Battle-of-Tenaru-3-512x320.jpg 512w, https:\/\/ibomberdefensepacific.standardof.net\/wp-content\/uploads\/sites\/6\/2020\/10\/iBomber-Defense-Pacific-Campaign-Mission-12-Battle-of-Tenaru-3-200x125.jpg 200w, https:\/\/ibomberdefensepacific.standardof.net\/wp-content\/uploads\/sites\/6\/2020\/10\/iBomber-Defense-Pacific-Campaign-Mission-12-Battle-of-Tenaru-3-768x480.jpg 768w, https:\/\/ibomberdefensepacific.standardof.net\/wp-content\/uploads\/sites\/6\/2020\/10\/iBomber-Defense-Pacific-Campaign-Mission-12-Battle-of-Tenaru-3-16x10.jpg 16w, https:\/\/ibomberdefensepacific.standardof.net\/wp-content\/uploads\/sites\/6\/2020\/10\/iBomber-Defense-Pacific-Campaign-Mission-12-Battle-of-Tenaru-3.jpg 1280w\" sizes=\"(max-width: 800px) 100vw, 800px\" \/><\/a><figcaption class=\"blocks-gallery-item__caption\">Vague 5.<\/figcaption><\/figure><\/li><\/ul><\/figure>\n\n\n\n<p>Pour commencer, assurez-vous de jeter un coup d&#039;\u0153il \u00e0 la <strong><a href=\"https:\/\/ibomberdefensepacific.standardof.net\/fr\/guide\/campagne-mission-10-alligator-creek-watchtower\/\" class=\"rank-math-link\">Ruisseau Alligator<\/a><\/strong> guide si vous ne l&#039;avez pas d\u00e9j\u00e0 fait; il se rapportera beaucoup \u00e0 ce guide, puisque les tourelles se reportent \u00e0 ce niveau. Cette mission se concentrera principalement sur l&#039;am\u00e9lioration du couloir de la mort que nous avons cr\u00e9\u00e9 pr\u00e9c\u00e9demment avec des armes plus puissantes tout en remplissant les 6 emplacements libres que nous avons laiss\u00e9s ouverts pr\u00e8s du sommet du chemin central avec des tourelles anti-a\u00e9riennes dans tout le niveau. Vendez la paire de mitrailleuses plac\u00e9es sur le c\u00f4t\u00e9 du chemin central pour d\u00e9fendre l&#039;ex-base qui \u00e9tait l&#039;objectif secondaire ici auparavant.<\/p>\n\n\n\n<p>Les 2 premi\u00e8res tours AA devraient s&#039;effondrer tout de suite lorsque l&#039;air entre dans la premi\u00e8re vague (d\u00e8s que vous r\u00e9parez tout, bien s\u00fbr). Les quatre derniers devraient augmenter de la 8e \u00e0 la 10e vague puisque la puissance a\u00e9rienne sera alors nettement plus forte. En plus de cela, essayez d&#039;\u00e9conomiser de l&#039;argent pour accumuler des int\u00e9r\u00eats et \u00e9tendre le couloir, en cr\u00e9ant de nouvelles tourelles vers le bas du chemin pour maintenir une ligne de tir group\u00e9e. Enfin, les tourelles Rocket peuvent \u00eatre creus\u00e9es et positionn\u00e9es pour tirer dans l&#039;all\u00e9e (si ce n&#039;est d\u00e9j\u00e0 fait) pour des d\u00e9g\u00e2ts tr\u00e8s importants.<\/p>\n\n\n\n<figure class=\"wp-block-gallery columns-2 is-cropped wp-block-gallery-2 is-layout-flex wp-block-gallery-is-layout-flex\"><ul class=\"blocks-gallery-grid\"><li class=\"blocks-gallery-item\"><figure><a href=\"https:\/\/ibomberdefensepacific.standardof.net\/fr\/guide\/campagne-mission-12-bataille-de-tenaru-tour-de-guet\/ibomber-defense-pacific-campaign-mission-12-battle-of-tenaru-4\/\"><img decoding=\"async\" width=\"800\" height=\"500\" src=\"https:\/\/ibomberdefensepacific.standardof.net\/wp-content\/uploads\/sites\/6\/2020\/10\/iBomber-Defense-Pacific-Campaign-Mission-12-Battle-of-Tenaru-4-800x500.jpg\" alt=\"&quot;iBomber Defense Pacific&quot; - Mission de campagne 12 - &quot;Bataille de Tenaru&quot; (4)\" data-id=\"89\" data-full-url=\"https:\/\/ibomberdefensepacific.standardof.net\/wp-content\/uploads\/sites\/6\/2020\/10\/iBomber-Defense-Pacific-Campaign-Mission-12-Battle-of-Tenaru-4.jpg\" data-link=\"https:\/\/ibomberdefensepacific.standardof.net\/guide\/campaign-mission-12-battle-of-tenaru-watchtower\/ibomber-defense-pacific-campaign-mission-12-battle-of-tenaru-4\/\" class=\"wp-image-89\" srcset=\"https:\/\/ibomberdefensepacific.standardof.net\/wp-content\/uploads\/sites\/6\/2020\/10\/iBomber-Defense-Pacific-Campaign-Mission-12-Battle-of-Tenaru-4-800x500.jpg 800w, https:\/\/ibomberdefensepacific.standardof.net\/wp-content\/uploads\/sites\/6\/2020\/10\/iBomber-Defense-Pacific-Campaign-Mission-12-Battle-of-Tenaru-4-512x320.jpg 512w, https:\/\/ibomberdefensepacific.standardof.net\/wp-content\/uploads\/sites\/6\/2020\/10\/iBomber-Defense-Pacific-Campaign-Mission-12-Battle-of-Tenaru-4-200x125.jpg 200w, https:\/\/ibomberdefensepacific.standardof.net\/wp-content\/uploads\/sites\/6\/2020\/10\/iBomber-Defense-Pacific-Campaign-Mission-12-Battle-of-Tenaru-4-768x480.jpg 768w, https:\/\/ibomberdefensepacific.standardof.net\/wp-content\/uploads\/sites\/6\/2020\/10\/iBomber-Defense-Pacific-Campaign-Mission-12-Battle-of-Tenaru-4-16x10.jpg 16w, https:\/\/ibomberdefensepacific.standardof.net\/wp-content\/uploads\/sites\/6\/2020\/10\/iBomber-Defense-Pacific-Campaign-Mission-12-Battle-of-Tenaru-4.jpg 1280w\" sizes=\"(max-width: 800px) 100vw, 800px\" \/><\/a><figcaption class=\"blocks-gallery-item__caption\">Placement de la tourelle Wave 10.<\/figcaption><\/figure><\/li><li class=\"blocks-gallery-item\"><figure><a href=\"https:\/\/ibomberdefensepacific.standardof.net\/fr\/guide\/campagne-mission-12-bataille-de-tenaru-tour-de-guet\/ibomber-defense-pacific-campaign-mission-12-battle-of-tenaru-5\/\"><img decoding=\"async\" width=\"800\" height=\"500\" src=\"https:\/\/ibomberdefensepacific.standardof.net\/wp-content\/uploads\/sites\/6\/2020\/10\/iBomber-Defense-Pacific-Campaign-Mission-12-Battle-of-Tenaru-5-800x500.jpg\" alt=\"&quot;iBomber Defense Pacific&quot; - Mission de campagne 12 - &quot;Bataille de Tenaru&quot; (5)\" data-id=\"90\" data-full-url=\"https:\/\/ibomberdefensepacific.standardof.net\/wp-content\/uploads\/sites\/6\/2020\/10\/iBomber-Defense-Pacific-Campaign-Mission-12-Battle-of-Tenaru-5.jpg\" data-link=\"https:\/\/ibomberdefensepacific.standardof.net\/guide\/campaign-mission-12-battle-of-tenaru-watchtower\/ibomber-defense-pacific-campaign-mission-12-battle-of-tenaru-5\/\" class=\"wp-image-90\" srcset=\"https:\/\/ibomberdefensepacific.standardof.net\/wp-content\/uploads\/sites\/6\/2020\/10\/iBomber-Defense-Pacific-Campaign-Mission-12-Battle-of-Tenaru-5-800x500.jpg 800w, https:\/\/ibomberdefensepacific.standardof.net\/wp-content\/uploads\/sites\/6\/2020\/10\/iBomber-Defense-Pacific-Campaign-Mission-12-Battle-of-Tenaru-5-512x320.jpg 512w, https:\/\/ibomberdefensepacific.standardof.net\/wp-content\/uploads\/sites\/6\/2020\/10\/iBomber-Defense-Pacific-Campaign-Mission-12-Battle-of-Tenaru-5-200x125.jpg 200w, https:\/\/ibomberdefensepacific.standardof.net\/wp-content\/uploads\/sites\/6\/2020\/10\/iBomber-Defense-Pacific-Campaign-Mission-12-Battle-of-Tenaru-5-768x480.jpg 768w, https:\/\/ibomberdefensepacific.standardof.net\/wp-content\/uploads\/sites\/6\/2020\/10\/iBomber-Defense-Pacific-Campaign-Mission-12-Battle-of-Tenaru-5-16x10.jpg 16w, https:\/\/ibomberdefensepacific.standardof.net\/wp-content\/uploads\/sites\/6\/2020\/10\/iBomber-Defense-Pacific-Campaign-Mission-12-Battle-of-Tenaru-5.jpg 1280w\" sizes=\"(max-width: 800px) 100vw, 800px\" \/><\/a><figcaption class=\"blocks-gallery-item__caption\">Vague 15.<\/figcaption><\/figure><\/li><\/ul><\/figure>\n\n\n\n<hr class=\"wp-block-separator is-style-wide\"\/>\n\n\n\n<h3 class=\"has-text-align-center wp-block-heading\" id=\"4-veteran-difficulty-video-guide\">Guide vid\u00e9o de difficult\u00e9 v\u00e9t\u00e9ran<\/h3>\n\n\n\n<figure class=\"wp-block-embed-youtube wp-block-embed is-type-video is-provider-youtube wp-embed-aspect-4-3 wp-has-aspect-ratio\"><div class=\"wp-block-embed__wrapper\">\n<div class=\"ast-oembed-container\" style=\"height: 100%;\"><iframe title=\"Battle of Tenaru - M12 iBomber Defense Pacific - Proc\u00e9dure pas \u00e0 pas pour les v\u00e9t\u00e9rans\" width=\"500\" height=\"375\" src=\"https:\/\/www.youtube.com\/embed\/mcRYP73hcUY?feature=oembed\" frameborder=\"0\" allow=\"accelerometer; autoplay; clipboard-write; encrypted-media; gyroscope; picture-in-picture; web-share\" referrerpolicy=\"strict-origin-when-cross-origin\" allowfullscreen><\/iframe><\/div>\n<\/div><\/figure>","protected":false},"excerpt":{"rendered":"<p>Battle of Tenaru: Watchtower Protect your position in the Solomons against an unexpected counterattack. In Battle of Tenaru, you will be returning to the previous level of Alligator Creek, complete with the turrets you had leftover at the end of the mission, to fight another 15 waves of mixed ground and air. Your units will [&hellip;]<\/p>","protected":false},"author":1,"featured_media":90,"parent":164,"menu_order":12,"comment_status":"open","ping_status":"closed","template":"","meta":{"_uag_custom_page_level_css":"","site-sidebar-layout":"default","site-content-layout":"default","ast-site-content-layout":"","site-content-style":"default","site-sidebar-style":"default","ast-global-header-display":"","ast-banner-title-visibility":"","ast-main-header-display":"","ast-hfb-above-header-display":"","ast-hfb-below-header-display":"","ast-hfb-mobile-header-display":"","site-post-title":"","ast-breadcrumbs-content":"","ast-featured-img":"","footer-sml-layout":"","theme-transparent-header-meta":"default","adv-header-id-meta":"","stick-header-meta":"","header-above-stick-meta":"","header-main-stick-meta":"","header-below-stick-meta":"","astra-migrate-meta-layouts":"default","ast-page-background-enabled":"default","ast-page-background-meta":{"desktop":{"background-color":"","background-image":"","background-repeat":"repeat","background-position":"center center","background-size":"auto","background-attachment":"scroll","background-type":"","background-media":"","overlay-type":"","overlay-color":"","overlay-gradient":""},"tablet":{"background-color":"","background-image":"","background-repeat":"repeat","background-position":"center center","background-size":"auto","background-attachment":"scroll","background-type":"","background-media":"","overlay-type":"","overlay-color":"","overlay-gradient":""},"mobile":{"background-color":"","background-image":"","background-repeat":"repeat","background-position":"center center","background-size":"auto","background-attachment":"scroll","background-type":"","background-media":"","overlay-type":"","overlay-color":"","overlay-gradient":""}},"ast-content-background-meta":{"desktop":{"background-color":"var(--ast-global-color-5)","background-image":"","background-repeat":"repeat","background-position":"center center","background-size":"auto","background-attachment":"scroll","background-type":"","background-media":"","overlay-type":"","overlay-color":"","overlay-gradient":""},"tablet":{"background-color":"var(--ast-global-color-5)","background-image":"","background-repeat":"repeat","background-position":"center center","background-size":"auto","background-attachment":"scroll","background-type":"","background-media":"","overlay-type":"","overlay-color":"","overlay-gradient":""},"mobile":{"background-color":"var(--ast-global-color-5)","background-image":"","background-repeat":"repeat","background-position":"center center","background-size":"auto","background-attachment":"scroll","background-type":"","background-media":"","overlay-type":"","overlay-color":"","overlay-gradient":""}},"footnotes":""},"uagb_featured_image_src":{"full":["https:\/\/ibomberdefensepacific.standardof.net\/wp-content\/uploads\/sites\/6\/2020\/10\/iBomber-Defense-Pacific-Campaign-Mission-12-Battle-of-Tenaru-5.jpg",1280,800,false],"thumbnail":["https:\/\/ibomberdefensepacific.standardof.net\/wp-content\/uploads\/sites\/6\/2020\/10\/iBomber-Defense-Pacific-Campaign-Mission-12-Battle-of-Tenaru-5-200x125.jpg",200,125,true],"medium":["https:\/\/ibomberdefensepacific.standardof.net\/wp-content\/uploads\/sites\/6\/2020\/10\/iBomber-Defense-Pacific-Campaign-Mission-12-Battle-of-Tenaru-5-512x320.jpg",512,320,true],"medium_large":["https:\/\/ibomberdefensepacific.standardof.net\/wp-content\/uploads\/sites\/6\/2020\/10\/iBomber-Defense-Pacific-Campaign-Mission-12-Battle-of-Tenaru-5-768x480.jpg",768,480,true],"large":["https:\/\/ibomberdefensepacific.standardof.net\/wp-content\/uploads\/sites\/6\/2020\/10\/iBomber-Defense-Pacific-Campaign-Mission-12-Battle-of-Tenaru-5-800x500.jpg",800,500,true],"1536x1536":["https:\/\/ibomberdefensepacific.standardof.net\/wp-content\/uploads\/sites\/6\/2020\/10\/iBomber-Defense-Pacific-Campaign-Mission-12-Battle-of-Tenaru-5.jpg",1280,800,false],"2048x2048":["https:\/\/ibomberdefensepacific.standardof.net\/wp-content\/uploads\/sites\/6\/2020\/10\/iBomber-Defense-Pacific-Campaign-Mission-12-Battle-of-Tenaru-5.jpg",1280,800,false],"trp-custom-language-flag":["https:\/\/ibomberdefensepacific.standardof.net\/wp-content\/uploads\/sites\/6\/2020\/10\/iBomber-Defense-Pacific-Campaign-Mission-12-Battle-of-Tenaru-5-16x10.jpg",16,10,true]},"uagb_author_info":{"display_name":"SOE","author_link":"https:\/\/ibomberdefensepacific.standardof.net\/fr\/author\/k-tastic\/"},"uagb_comment_info":0,"uagb_excerpt":"Battle of Tenaru: Watchtower Protect your position in the Solomons against an unexpected counterattack. In Battle of Tenaru, you will be returning to the previous level of Alligator Creek, complete with the turrets you had leftover at the end of the mission, to fight another 15 waves of mixed ground and air. Your units will&hellip;","_links":{"self":[{"href":"https:\/\/ibomberdefensepacific.standardof.net\/fr\/wp-json\/wp\/v2\/pages\/209"}],"collection":[{"href":"https:\/\/ibomberdefensepacific.standardof.net\/fr\/wp-json\/wp\/v2\/pages"}],"about":[{"href":"https:\/\/ibomberdefensepacific.standardof.net\/fr\/wp-json\/wp\/v2\/types\/page"}],"author":[{"embeddable":true,"href":"https:\/\/ibomberdefensepacific.standardof.net\/fr\/wp-json\/wp\/v2\/users\/1"}],"replies":[{"embeddable":true,"href":"https:\/\/ibomberdefensepacific.standardof.net\/fr\/wp-json\/wp\/v2\/comments?post=209"}],"version-history":[{"count":0,"href":"https:\/\/ibomberdefensepacific.standardof.net\/fr\/wp-json\/wp\/v2\/pages\/209\/revisions"}],"up":[{"embeddable":true,"href":"https:\/\/ibomberdefensepacific.standardof.net\/fr\/wp-json\/wp\/v2\/pages\/164"}],"wp:featuredmedia":[{"embeddable":true,"href":"https:\/\/ibomberdefensepacific.standardof.net\/fr\/wp-json\/wp\/v2\/media\/90"}],"wp:attachment":[{"href":"https:\/\/ibomberdefensepacific.standardof.net\/fr\/wp-json\/wp\/v2\/media?parent=209"}],"curies":[{"name":"wp","href":"https:\/\/api.w.org\/{rel}","templated":true}]}}