{"id":208,"date":"2020-10-21T13:33:41","date_gmt":"2020-10-21T13:33:41","guid":{"rendered":"https:\/\/ibomberdefensepacific.standardof.net\/?page_id=208"},"modified":"2020-10-21T17:21:42","modified_gmt":"2020-10-21T17:21:42","slug":"campaign-mission-11-santa-cruz-sea-attack","status":"publish","type":"page","link":"https:\/\/ibomberdefensepacific.standardof.net\/fr\/guide\/campagne-mission-11-santa-cruz-mer-attaque\/","title":{"rendered":"Mission de campagne 11: Attaque maritime \u00abSanta Cruz\u00bb!"},"content":{"rendered":"<h2 class=\"wp-block-heading\">Santa Cruz: attaque maritime!<\/h2>\n\n\n\n<div class=\"wp-block-image\"><figure class=\"aligncenter size-large\"><img decoding=\"async\" width=\"800\" height=\"500\" src=\"https:\/\/ibomberdefensepacific.standardof.net\/wp-content\/uploads\/sites\/6\/2020\/10\/iBomber-Defense-Pacific-Campaign-Mission-11-Santa-Cruz-1-copy-800x500.jpg\" alt=\"\u00abiBomber Defence Pacific\u00bb - Mission de campagne 11 - \u00abSanta Cruz\u00bb (1)\" class=\"wp-image-81\" srcset=\"https:\/\/ibomberdefensepacific.standardof.net\/wp-content\/uploads\/sites\/6\/2020\/10\/iBomber-Defense-Pacific-Campaign-Mission-11-Santa-Cruz-1-copy-800x500.jpg 800w, https:\/\/ibomberdefensepacific.standardof.net\/wp-content\/uploads\/sites\/6\/2020\/10\/iBomber-Defense-Pacific-Campaign-Mission-11-Santa-Cruz-1-copy-512x320.jpg 512w, https:\/\/ibomberdefensepacific.standardof.net\/wp-content\/uploads\/sites\/6\/2020\/10\/iBomber-Defense-Pacific-Campaign-Mission-11-Santa-Cruz-1-copy-200x125.jpg 200w, https:\/\/ibomberdefensepacific.standardof.net\/wp-content\/uploads\/sites\/6\/2020\/10\/iBomber-Defense-Pacific-Campaign-Mission-11-Santa-Cruz-1-copy-768x480.jpg 768w, https:\/\/ibomberdefensepacific.standardof.net\/wp-content\/uploads\/sites\/6\/2020\/10\/iBomber-Defense-Pacific-Campaign-Mission-11-Santa-Cruz-1-copy-16x10.jpg 16w, https:\/\/ibomberdefensepacific.standardof.net\/wp-content\/uploads\/sites\/6\/2020\/10\/iBomber-Defense-Pacific-Campaign-Mission-11-Santa-Cruz-1-copy.jpg 1280w\" sizes=\"(max-width: 800px) 100vw, 800px\" \/><figcaption>Les trajectoires de la vague navale ennemie dans la mission Santa Cruz de \u00abiBomber Defense Pacific\u00bb.<\/figcaption><\/figure><\/div>\n\n\n\n<p><em>Brisez l&#039;impasse et remportez une victoire d\u00e9cisive. Maintenez votre position aux Salomon.<\/em><\/p>\n\n\n\n<p>\u00c0 Santa Cruz, vous d\u00e9fendez votre base contre 25 vagues de rien d&#039;autre que des unit\u00e9s navales, pour la plupart de plus grandes unit\u00e9s bien blind\u00e9es, venant des parties en haut au centre et en haut \u00e0 droite de la carte et se dirigeant vers votre base \u00e0 gauche. Les bonnes positions de tir \u00e0 ce niveau sont limit\u00e9es.<\/p>\n\n\n\n<p>Ce guide expliquera comment obtenir un Full House, qui est un tour parfait avec toutes les m\u00e9dailles et 20 points de victoire, au niveau de Santa Cruz de la <em>iBomber Defense Pacific<\/em> campagne, jou\u00e9e en difficult\u00e9 V\u00e9t\u00e9ran. De plus, ce guide de mission couvrira l&#039;objectif secondaire et la cible cach\u00e9e avec une vid\u00e9o pas \u00e0 pas.<\/p>\n\n\n\t\t\t\t<div class=\"wp-block-uagb-table-of-contents uagb-toc__align-left uagb-toc__columns-1  uagb-block-5f36fb38\"\n\t\t\t\t\tdata-scroll= \"1\"\n\t\t\t\t\tdata-offset= \"30\"\n\t\t\t\t\tstyle=\"\"\n\t\t\t\t>\n\t\t\t\t<div class=\"uagb-toc__wrap\">\n\t\t\t\t\t\t<div class=\"uagb-toc__title\">\n\t\t\t\t\t\t\tNavigation dans le guide pas \u00e0 pas:\t\t\t\t\t\t<\/div>\n\t\t\t\t\t\t\t\t\t\t\t\t\t\t\t\t<div class=\"uagb-toc__list-wrap\">\n\t\t\t\t\t\t<ol class=\"uagb-toc__list\"><li class=\"uagb-toc__list\"><a href=\"#secondary-objective\" class=\"uagb-toc-link__trigger\">Objectif secondaire<\/a><li class=\"uagb-toc__list\"><a href=\"#perks-used-for-this-mission\" class=\"uagb-toc-link__trigger\">Avantages utilis\u00e9s pour cette mission:<\/a><li class=\"uagb-toc__list\"><a href=\"#hidden-target\" class=\"uagb-toc-link__trigger\">Cible cach\u00e9e<\/a><li class=\"uagb-toc__list\"><a href=\"#turret-placement\" class=\"uagb-toc-link__trigger\">Placement de la tourelle<\/a><li class=\"uagb-toc__list\"><a href=\"#veteran-difficulty-video-guide\" class=\"uagb-toc-link__trigger\">Guide vid\u00e9o de difficult\u00e9 v\u00e9t\u00e9ran<\/a><li class=\"uagb-toc__list\"><a href=\"#sharp-shooter-achievement\" class=\"uagb-toc-link__trigger\">Succ\u00e8s de tireur pointu<\/a><\/ol>\t\t\t\t\t<\/div>\n\t\t\t\t\t\t\t\t\t<\/div>\n\t\t\t\t<\/div>\n\t\t\t\n\n\n<hr class=\"wp-block-separator is-style-wide\"\/>\n\n\n\n<h3 class=\"wp-block-heading\">Objectif secondaire<\/h3>\n\n\n\n<p><em>La protection du pont est imp\u00e9rative pour les op\u00e9rations alli\u00e9es sur Santa Cruz. Prot\u00e9gez-le \u00e0 tout prix.<\/em><\/p>\n\n\n\n<p>Il y a un pont en bois qui relie les deux principaux terrains \u00e0 ce niveau. Il est relativement sensible aux tirs ennemis et peut \u00eatre d\u00e9truit rapidement, mais il est compos\u00e9 de plusieurs sections, dont seules certaines doivent \u00eatre sauvegard\u00e9es pour atteindre cet objectif. Attendez-vous \u00e0 perdre la moiti\u00e9 du pont et essayez de ne pas trop insister \u00e0 ce sujet.<\/p>\n\n\n\n<p><strong>Caisses d&#039;approvisionnement:<\/strong> 7<\/p>\n\n\n\n<p><strong>Points de victoire jusqu&#039;\u00e0 pr\u00e9sent:<\/strong> 200<\/p>\n\n\n\n<ul><li>Mitrailleuse niveau 3<br>Sp\u00e9cialisation X2 Power vs Flamed<\/li><li>Canon lvl 3<\/li><li>Bombe niveau 3<\/li><li>Flamer lvl 3<\/li><li>Comms niveau 3<\/li><li>Fus\u00e9e niveau 1<\/li><\/ul>\n\n\n\n<hr class=\"wp-block-separator is-style-wide\"\/>\n\n\n\n<h3 class=\"wp-block-heading\">Avantages utilis\u00e9s pour cette mission:<\/h3>\n\n\n\n<ul><li>Billet vert II<\/li><li>Iron Back II<\/li><li>Livraison sp\u00e9ciale<\/li><\/ul>\n\n\n\n<p>Le billet vert, maintenant au deuxi\u00e8me rang, et la livraison sp\u00e9ciale aideront consid\u00e9rablement avec des fonds pour des d\u00e9fenses plus solides et pour couvrir le pont en m\u00eame temps. Ironback II est utile en raison de la quantit\u00e9 consid\u00e9rable de d\u00e9g\u00e2ts inflig\u00e9s par l&#039;ennemi \u00e0 ce niveau et permet d&#039;\u00e9conomiser une tonne d&#039;argent sur les r\u00e9parations, ce qui peut potentiellement court-circuiter vos d\u00e9fenses autrement.<\/p>\n\n\n\n<hr class=\"wp-block-separator is-style-wide\"\/>\n\n\n\n<h3 class=\"wp-block-heading\">Cible cach\u00e9e<\/h3>\n\n\n\n<p>La cible cach\u00e9e \u00e0 Santa Cruz est assez facile \u00e0 trouver, \u00e9tant donn\u00e9 qu&#039;il n&#039;y a pas vraiment d&#039;autres structures sur cette carte \u00e0 part votre base et le pont, dont vous ne devriez absolument pas larguer de bombes \u00e0 proximit\u00e9. Je te surveille . . .<\/p>\n\n\n\n<p>Regardez sur la plus grande partie orientale du terrain principal pour trouver une paire de structures en bois cach\u00e9es parmi des arbres, qui ne sont pas vraiment cach\u00e9es \u00e9tant donn\u00e9 qu&#039;elles sont entour\u00e9es d&#039;un champ ouvert. Il est difficile de dire quelle structure de la paire est la cible r\u00e9elle; cependant, il est assez facile de frapper les deux avec une seule bombe.<\/p>\n\n\n\n<div class=\"wp-block-image\"><figure class=\"aligncenter size-large\"><a href=\"https:\/\/ibomberdefensepacific.standardof.net\/fr\/guide\/campagne-mission-11-santa-cruz-mer-attaque\/ibomber-defense-pacific-campaign-mission-11-santa-cruz-2\/\"><img decoding=\"async\" width=\"340\" height=\"211\" src=\"https:\/\/ibomberdefensepacific.standardof.net\/wp-content\/uploads\/sites\/6\/2020\/10\/iBomber-Defense-Pacific-Campaign-Mission-11-Santa-Cruz-2.jpg\" alt=\"\u00abiBomber Defense Pacific\u00bb - Mission de campagne 11 - \u00abSanta Cruz\u00bb (2)\" class=\"wp-image-82\" srcset=\"https:\/\/ibomberdefensepacific.standardof.net\/wp-content\/uploads\/sites\/6\/2020\/10\/iBomber-Defense-Pacific-Campaign-Mission-11-Santa-Cruz-2.jpg 340w, https:\/\/ibomberdefensepacific.standardof.net\/wp-content\/uploads\/sites\/6\/2020\/10\/iBomber-Defense-Pacific-Campaign-Mission-11-Santa-Cruz-2-200x124.jpg 200w, https:\/\/ibomberdefensepacific.standardof.net\/wp-content\/uploads\/sites\/6\/2020\/10\/iBomber-Defense-Pacific-Campaign-Mission-11-Santa-Cruz-2-16x10.jpg 16w\" sizes=\"(max-width: 340px) 100vw, 340px\" \/><\/a><figcaption>La cible pas si cach\u00e9e de Santa Cruz.<\/figcaption><\/figure><\/div>\n\n\n\n<hr class=\"wp-block-separator is-style-wide\"\/>\n\n\n\n<h3 class=\"wp-block-heading\">Placement de la tourelle<\/h3>\n\n\n\n<figure class=\"wp-block-gallery columns-2 is-cropped wp-block-gallery-1 is-layout-flex wp-block-gallery-is-layout-flex\"><ul class=\"blocks-gallery-grid\"><li class=\"blocks-gallery-item\"><figure><a href=\"https:\/\/ibomberdefensepacific.standardof.net\/fr\/guide\/campagne-mission-11-santa-cruz-mer-attaque\/ibomber-defense-pacific-campaign-mission-11-santa-cruz-3\/\"><img decoding=\"async\" width=\"800\" height=\"500\" src=\"https:\/\/ibomberdefensepacific.standardof.net\/wp-content\/uploads\/sites\/6\/2020\/10\/iBomber-Defense-Pacific-Campaign-Mission-11-Santa-Cruz-3-800x500.jpg\" alt=\"\u00abiBomber Defence Pacific\u00bb - Mission de campagne 11 - \u00abSanta Cruz\u00bb (3)\" data-id=\"83\" data-full-url=\"https:\/\/ibomberdefensepacific.standardof.net\/wp-content\/uploads\/sites\/6\/2020\/10\/iBomber-Defense-Pacific-Campaign-Mission-11-Santa-Cruz-3.jpg\" data-link=\"https:\/\/ibomberdefensepacific.standardof.net\/guide\/campaign-mission-11-santa-cruz-sea-attack\/ibomber-defense-pacific-campaign-mission-11-santa-cruz-3\/\" class=\"wp-image-83\" srcset=\"https:\/\/ibomberdefensepacific.standardof.net\/wp-content\/uploads\/sites\/6\/2020\/10\/iBomber-Defense-Pacific-Campaign-Mission-11-Santa-Cruz-3-800x500.jpg 800w, https:\/\/ibomberdefensepacific.standardof.net\/wp-content\/uploads\/sites\/6\/2020\/10\/iBomber-Defense-Pacific-Campaign-Mission-11-Santa-Cruz-3-512x320.jpg 512w, https:\/\/ibomberdefensepacific.standardof.net\/wp-content\/uploads\/sites\/6\/2020\/10\/iBomber-Defense-Pacific-Campaign-Mission-11-Santa-Cruz-3-200x125.jpg 200w, https:\/\/ibomberdefensepacific.standardof.net\/wp-content\/uploads\/sites\/6\/2020\/10\/iBomber-Defense-Pacific-Campaign-Mission-11-Santa-Cruz-3-768x480.jpg 768w, https:\/\/ibomberdefensepacific.standardof.net\/wp-content\/uploads\/sites\/6\/2020\/10\/iBomber-Defense-Pacific-Campaign-Mission-11-Santa-Cruz-3-16x10.jpg 16w, https:\/\/ibomberdefensepacific.standardof.net\/wp-content\/uploads\/sites\/6\/2020\/10\/iBomber-Defense-Pacific-Campaign-Mission-11-Santa-Cruz-3.jpg 1280w\" sizes=\"(max-width: 800px) 100vw, 800px\" \/><\/a><figcaption class=\"blocks-gallery-item__caption\">Placement de la tourelle Wave 8.<\/figcaption><\/figure><\/li><li class=\"blocks-gallery-item\"><figure><a href=\"https:\/\/ibomberdefensepacific.standardof.net\/fr\/guide\/campagne-mission-11-santa-cruz-mer-attaque\/ibomber-defense-pacific-campaign-mission-11-santa-cruz-4\/\"><img decoding=\"async\" width=\"800\" height=\"500\" src=\"https:\/\/ibomberdefensepacific.standardof.net\/wp-content\/uploads\/sites\/6\/2020\/10\/iBomber-Defense-Pacific-Campaign-Mission-11-Santa-Cruz-4-800x500.jpg\" alt=\"\u00abiBomber Defence Pacific\u00bb - Mission de campagne 11 - \u00abSanta Cruz\u00bb (4)\" data-id=\"84\" data-full-url=\"https:\/\/ibomberdefensepacific.standardof.net\/wp-content\/uploads\/sites\/6\/2020\/10\/iBomber-Defense-Pacific-Campaign-Mission-11-Santa-Cruz-4.jpg\" data-link=\"https:\/\/ibomberdefensepacific.standardof.net\/guide\/campaign-mission-11-santa-cruz-sea-attack\/ibomber-defense-pacific-campaign-mission-11-santa-cruz-4\/\" class=\"wp-image-84\" srcset=\"https:\/\/ibomberdefensepacific.standardof.net\/wp-content\/uploads\/sites\/6\/2020\/10\/iBomber-Defense-Pacific-Campaign-Mission-11-Santa-Cruz-4-800x500.jpg 800w, https:\/\/ibomberdefensepacific.standardof.net\/wp-content\/uploads\/sites\/6\/2020\/10\/iBomber-Defense-Pacific-Campaign-Mission-11-Santa-Cruz-4-512x320.jpg 512w, https:\/\/ibomberdefensepacific.standardof.net\/wp-content\/uploads\/sites\/6\/2020\/10\/iBomber-Defense-Pacific-Campaign-Mission-11-Santa-Cruz-4-200x125.jpg 200w, https:\/\/ibomberdefensepacific.standardof.net\/wp-content\/uploads\/sites\/6\/2020\/10\/iBomber-Defense-Pacific-Campaign-Mission-11-Santa-Cruz-4-768x480.jpg 768w, https:\/\/ibomberdefensepacific.standardof.net\/wp-content\/uploads\/sites\/6\/2020\/10\/iBomber-Defense-Pacific-Campaign-Mission-11-Santa-Cruz-4-16x10.jpg 16w, https:\/\/ibomberdefensepacific.standardof.net\/wp-content\/uploads\/sites\/6\/2020\/10\/iBomber-Defense-Pacific-Campaign-Mission-11-Santa-Cruz-4.jpg 1280w\" sizes=\"(max-width: 800px) 100vw, 800px\" \/><\/a><figcaption class=\"blocks-gallery-item__caption\">Placement de la tourelle Wave 18.<\/figcaption><\/figure><\/li><\/ul><\/figure>\n\n\n\n<p>Le placement de la tourelle se concentrera sur une forte d\u00e9monstration de force sur la plus petite \u00eele proche de votre base, avec une tourelle \u00e0 bombe plac\u00e9e t\u00f4t pour commencer \u00e0 travailler sur les caisses et \u00e0 \u00e9liminer occasionnellement des attaques sournoises. Placez un lance-flammes \u00e0 droite du pont pour ralentir les unit\u00e9s venant du chemin le plus court, ce qui donne \u00e0 vos autres tourelles plus de temps pour les tirer.<\/p>\n\n\n\n<p>Les fonds seront limit\u00e9s, vous terminerez donc la mission avec juste une poign\u00e9e de tourelles am\u00e9lior\u00e9es. Placez 3 canons le long du petit bout du chemin fusionn\u00e9 - le premier couple sur le c\u00f4t\u00e9 droit de la petite masse continentale et le troisi\u00e8me sur la petite \u00eele - afin que les deux premiers puissent profiter d&#039;une tour de communication qui stimulera la majeure partie de cette premi\u00e8re groupe.<\/p>\n\n\n\n<p>Une seule tourelle de mitrailleuse plac\u00e9e du c\u00f4t\u00e9 sud du pont aidera \u00e0 prot\u00e9ger votre objectif secondaire tout en tirant sur des unit\u00e9s venant du chemin le plus long - bien que, comme mentionn\u00e9 ci-dessus, attendez-vous \u00e0 ce que le pont subisse encore pas mal de d\u00e9g\u00e2ts plut\u00f4t in\u00e9vitables.<\/p>\n\n\n\n<figure class=\"wp-block-gallery aligncenter columns-1 is-cropped wp-block-gallery-2 is-layout-flex wp-block-gallery-is-layout-flex\"><ul class=\"blocks-gallery-grid\"><li class=\"blocks-gallery-item\"><figure><a href=\"https:\/\/ibomberdefensepacific.standardof.net\/fr\/guide\/campagne-mission-11-santa-cruz-mer-attaque\/ibomber-defense-pacific-campaign-mission-11-santa-cruz-5\/\"><img decoding=\"async\" width=\"800\" height=\"500\" src=\"https:\/\/ibomberdefensepacific.standardof.net\/wp-content\/uploads\/sites\/6\/2020\/10\/iBomber-Defense-Pacific-Campaign-Mission-11-Santa-Cruz-5-800x500.jpg\" alt=\"\u00abiBomber Defense Pacific\u00bb - Mission de campagne 11 - \u00abSanta Cruz\u00bb (5)\" data-id=\"85\" data-full-url=\"https:\/\/ibomberdefensepacific.standardof.net\/wp-content\/uploads\/sites\/6\/2020\/10\/iBomber-Defense-Pacific-Campaign-Mission-11-Santa-Cruz-5.jpg\" data-link=\"https:\/\/ibomberdefensepacific.standardof.net\/guide\/campaign-mission-11-santa-cruz-sea-attack\/ibomber-defense-pacific-campaign-mission-11-santa-cruz-5\/\" class=\"wp-image-85\" srcset=\"https:\/\/ibomberdefensepacific.standardof.net\/wp-content\/uploads\/sites\/6\/2020\/10\/iBomber-Defense-Pacific-Campaign-Mission-11-Santa-Cruz-5-800x500.jpg 800w, https:\/\/ibomberdefensepacific.standardof.net\/wp-content\/uploads\/sites\/6\/2020\/10\/iBomber-Defense-Pacific-Campaign-Mission-11-Santa-Cruz-5-512x320.jpg 512w, https:\/\/ibomberdefensepacific.standardof.net\/wp-content\/uploads\/sites\/6\/2020\/10\/iBomber-Defense-Pacific-Campaign-Mission-11-Santa-Cruz-5-200x125.jpg 200w, https:\/\/ibomberdefensepacific.standardof.net\/wp-content\/uploads\/sites\/6\/2020\/10\/iBomber-Defense-Pacific-Campaign-Mission-11-Santa-Cruz-5-768x480.jpg 768w, https:\/\/ibomberdefensepacific.standardof.net\/wp-content\/uploads\/sites\/6\/2020\/10\/iBomber-Defense-Pacific-Campaign-Mission-11-Santa-Cruz-5-16x10.jpg 16w, https:\/\/ibomberdefensepacific.standardof.net\/wp-content\/uploads\/sites\/6\/2020\/10\/iBomber-Defense-Pacific-Campaign-Mission-11-Santa-Cruz-5.jpg 1280w\" sizes=\"(max-width: 800px) 100vw, 800px\" \/><\/a><figcaption class=\"blocks-gallery-item__caption\">Placement de la tourelle Wave 26 \u00e0 Santa Cruz.<\/figcaption><\/figure><\/li><\/ul><\/figure>\n\n\n\n<hr class=\"wp-block-separator is-style-wide\"\/>\n\n\n\n<h3 class=\"has-text-align-center wp-block-heading\" id=\"4-veteran-difficulty-video-guide\">Guide vid\u00e9o de difficult\u00e9 v\u00e9t\u00e9ran<\/h3>\n\n\n\n<figure class=\"wp-block-embed-youtube wp-block-embed is-type-video is-provider-youtube wp-embed-aspect-4-3 wp-has-aspect-ratio\"><div class=\"wp-block-embed__wrapper\">\n<div class=\"ast-oembed-container\" style=\"height: 100%;\"><iframe title=\"Santa Cruz - M11 iBomber Defense Pacific - Proc\u00e9dure pas \u00e0 pas pour les v\u00e9t\u00e9rans\" width=\"500\" height=\"375\" src=\"https:\/\/www.youtube.com\/embed\/5Zxh4HjtIss?feature=oembed\" frameborder=\"0\" allow=\"accelerometer; autoplay; clipboard-write; encrypted-media; gyroscope; picture-in-picture; web-share\" referrerpolicy=\"strict-origin-when-cross-origin\" allowfullscreen><\/iframe><\/div>\n<\/div><\/figure>\n\n\n\n<hr class=\"wp-block-separator is-style-wide\"\/>\n\n\n\n<h3 class=\"wp-block-heading\">Succ\u00e8s de tireur pointu<\/h3>\n\n\n\n<p>Il y a une r\u00e9alisation sp\u00e9ciale dans cette mission, Sharp Shooter, que vous pouvez obtenir en utilisant uniquement des tourelles de mitrailleuses. Pour voir cette op\u00e9ration effectu\u00e9e, consultez le guide vid\u00e9o sp\u00e9cial ci-dessous.<\/p>\n\n\n\n<figure class=\"wp-block-embed-youtube wp-block-embed is-type-video is-provider-youtube wp-embed-aspect-16-9 wp-has-aspect-ratio\"><div class=\"wp-block-embed__wrapper\">\n<div class=\"ast-oembed-container\" style=\"height: 100%;\"><iframe title=\"Sharp Shooter Achievement Guide - iBomber Defense Pacific - Proc\u00e9dure pas \u00e0 pas parfaite pour les v\u00e9t\u00e9rans\" width=\"500\" height=\"281\" src=\"https:\/\/www.youtube.com\/embed\/vhOP6VQCwg8?feature=oembed\" frameborder=\"0\" allow=\"accelerometer; autoplay; clipboard-write; encrypted-media; gyroscope; picture-in-picture; web-share\" referrerpolicy=\"strict-origin-when-cross-origin\" allowfullscreen><\/iframe><\/div>\n<\/div><\/figure>","protected":false},"excerpt":{"rendered":"<p>Santa Cruz: Sea Attack! Break the stalemate and gain a decisive victory. Hold your position in the Solomons. In Santa Cruz, you will be defending your base against 25 waves of nothing but naval units, mostly larger well-armored ones, coming from the top center and top right portions of the map and heading to your [&hellip;]<\/p>","protected":false},"author":1,"featured_media":85,"parent":164,"menu_order":11,"comment_status":"open","ping_status":"closed","template":"","meta":{"_uag_custom_page_level_css":"","site-sidebar-layout":"default","site-content-layout":"default","ast-site-content-layout":"","site-content-style":"default","site-sidebar-style":"default","ast-global-header-display":"","ast-banner-title-visibility":"","ast-main-header-display":"","ast-hfb-above-header-display":"","ast-hfb-below-header-display":"","ast-hfb-mobile-header-display":"","site-post-title":"","ast-breadcrumbs-content":"","ast-featured-img":"","footer-sml-layout":"","theme-transparent-header-meta":"default","adv-header-id-meta":"","stick-header-meta":"","header-above-stick-meta":"","header-main-stick-meta":"","header-below-stick-meta":"","astra-migrate-meta-layouts":"default","ast-page-background-enabled":"default","ast-page-background-meta":{"desktop":{"background-color":"","background-image":"","background-repeat":"repeat","background-position":"center center","background-size":"auto","background-attachment":"scroll","background-type":"","background-media":"","overlay-type":"","overlay-color":"","overlay-gradient":""},"tablet":{"background-color":"","background-image":"","background-repeat":"repeat","background-position":"center center","background-size":"auto","background-attachment":"scroll","background-type":"","background-media":"","overlay-type":"","overlay-color":"","overlay-gradient":""},"mobile":{"background-color":"","background-image":"","background-repeat":"repeat","background-position":"center center","background-size":"auto","background-attachment":"scroll","background-type":"","background-media":"","overlay-type":"","overlay-color":"","overlay-gradient":""}},"ast-content-background-meta":{"desktop":{"background-color":"var(--ast-global-color-5)","background-image":"","background-repeat":"repeat","background-position":"center center","background-size":"auto","background-attachment":"scroll","background-type":"","background-media":"","overlay-type":"","overlay-color":"","overlay-gradient":""},"tablet":{"background-color":"var(--ast-global-color-5)","background-image":"","background-repeat":"repeat","background-position":"center center","background-size":"auto","background-attachment":"scroll","background-type":"","background-media":"","overlay-type":"","overlay-color":"","overlay-gradient":""},"mobile":{"background-color":"var(--ast-global-color-5)","background-image":"","background-repeat":"repeat","background-position":"center center","background-size":"auto","background-attachment":"scroll","background-type":"","background-media":"","overlay-type":"","overlay-color":"","overlay-gradient":""}},"footnotes":""},"uagb_featured_image_src":{"full":["https:\/\/ibomberdefensepacific.standardof.net\/wp-content\/uploads\/sites\/6\/2020\/10\/iBomber-Defense-Pacific-Campaign-Mission-11-Santa-Cruz-5.jpg",1280,800,false],"thumbnail":["https:\/\/ibomberdefensepacific.standardof.net\/wp-content\/uploads\/sites\/6\/2020\/10\/iBomber-Defense-Pacific-Campaign-Mission-11-Santa-Cruz-5-200x125.jpg",200,125,true],"medium":["https:\/\/ibomberdefensepacific.standardof.net\/wp-content\/uploads\/sites\/6\/2020\/10\/iBomber-Defense-Pacific-Campaign-Mission-11-Santa-Cruz-5-512x320.jpg",512,320,true],"medium_large":["https:\/\/ibomberdefensepacific.standardof.net\/wp-content\/uploads\/sites\/6\/2020\/10\/iBomber-Defense-Pacific-Campaign-Mission-11-Santa-Cruz-5-768x480.jpg",768,480,true],"large":["https:\/\/ibomberdefensepacific.standardof.net\/wp-content\/uploads\/sites\/6\/2020\/10\/iBomber-Defense-Pacific-Campaign-Mission-11-Santa-Cruz-5-800x500.jpg",800,500,true],"1536x1536":["https:\/\/ibomberdefensepacific.standardof.net\/wp-content\/uploads\/sites\/6\/2020\/10\/iBomber-Defense-Pacific-Campaign-Mission-11-Santa-Cruz-5.jpg",1280,800,false],"2048x2048":["https:\/\/ibomberdefensepacific.standardof.net\/wp-content\/uploads\/sites\/6\/2020\/10\/iBomber-Defense-Pacific-Campaign-Mission-11-Santa-Cruz-5.jpg",1280,800,false],"trp-custom-language-flag":["https:\/\/ibomberdefensepacific.standardof.net\/wp-content\/uploads\/sites\/6\/2020\/10\/iBomber-Defense-Pacific-Campaign-Mission-11-Santa-Cruz-5-16x10.jpg",16,10,true]},"uagb_author_info":{"display_name":"SOE","author_link":"https:\/\/ibomberdefensepacific.standardof.net\/fr\/author\/k-tastic\/"},"uagb_comment_info":0,"uagb_excerpt":"Santa Cruz: Sea Attack! Break the stalemate and gain a decisive victory. Hold your position in the Solomons. In Santa Cruz, you will be defending your base against 25 waves of nothing but naval units, mostly larger well-armored ones, coming from the top center and top right portions of the map and heading to your&hellip;","_links":{"self":[{"href":"https:\/\/ibomberdefensepacific.standardof.net\/fr\/wp-json\/wp\/v2\/pages\/208"}],"collection":[{"href":"https:\/\/ibomberdefensepacific.standardof.net\/fr\/wp-json\/wp\/v2\/pages"}],"about":[{"href":"https:\/\/ibomberdefensepacific.standardof.net\/fr\/wp-json\/wp\/v2\/types\/page"}],"author":[{"embeddable":true,"href":"https:\/\/ibomberdefensepacific.standardof.net\/fr\/wp-json\/wp\/v2\/users\/1"}],"replies":[{"embeddable":true,"href":"https:\/\/ibomberdefensepacific.standardof.net\/fr\/wp-json\/wp\/v2\/comments?post=208"}],"version-history":[{"count":0,"href":"https:\/\/ibomberdefensepacific.standardof.net\/fr\/wp-json\/wp\/v2\/pages\/208\/revisions"}],"up":[{"embeddable":true,"href":"https:\/\/ibomberdefensepacific.standardof.net\/fr\/wp-json\/wp\/v2\/pages\/164"}],"wp:featuredmedia":[{"embeddable":true,"href":"https:\/\/ibomberdefensepacific.standardof.net\/fr\/wp-json\/wp\/v2\/media\/85"}],"wp:attachment":[{"href":"https:\/\/ibomberdefensepacific.standardof.net\/fr\/wp-json\/wp\/v2\/media?parent=208"}],"curies":[{"name":"wp","href":"https:\/\/api.w.org\/{rel}","templated":true}]}}