{"id":207,"date":"2020-10-21T13:33:25","date_gmt":"2020-10-21T13:33:25","guid":{"rendered":"https:\/\/ibomberdefensepacific.standardof.net\/?page_id=207"},"modified":"2020-10-21T17:21:25","modified_gmt":"2020-10-21T17:21:25","slug":"campaign-mission-10-alligator-creek-watchtower","status":"publish","type":"page","link":"https:\/\/ibomberdefensepacific.standardof.net\/fr\/guide\/campagne-mission-10-alligator-creek-watchtower\/","title":{"rendered":"Mission de campagne 10: Tour de guet \u00abAlligator Creek\u00bb"},"content":{"rendered":"<h2 class=\"wp-block-heading\">Alligator Creek: Tour de guet<\/h2>\n\n\n\n<div class=\"wp-block-image\"><figure class=\"aligncenter size-large\"><a href=\"https:\/\/ibomberdefensepacific.standardof.net\/fr\/guide\/campagne-mission-10-alligator-creek-watchtower\/ibomber-defense-pacific-campaign-mission-10-alligator-creek-1-copy\/\"><img decoding=\"async\" width=\"800\" height=\"500\" src=\"https:\/\/ibomberdefensepacific.standardof.net\/wp-content\/uploads\/sites\/6\/2020\/10\/iBomber-Defense-Pacific-Campaign-Mission-10-Alligator-Creek-1-copy-800x500.jpg\" alt=\"\u00abiBomber Defense Pacific\u00bb - Mission de campagne 10 - \u00abAlligator Creek\u00bb (1)\" class=\"wp-image-76\" srcset=\"https:\/\/ibomberdefensepacific.standardof.net\/wp-content\/uploads\/sites\/6\/2020\/10\/iBomber-Defense-Pacific-Campaign-Mission-10-Alligator-Creek-1-copy-800x500.jpg 800w, https:\/\/ibomberdefensepacific.standardof.net\/wp-content\/uploads\/sites\/6\/2020\/10\/iBomber-Defense-Pacific-Campaign-Mission-10-Alligator-Creek-1-copy-512x320.jpg 512w, https:\/\/ibomberdefensepacific.standardof.net\/wp-content\/uploads\/sites\/6\/2020\/10\/iBomber-Defense-Pacific-Campaign-Mission-10-Alligator-Creek-1-copy-200x125.jpg 200w, https:\/\/ibomberdefensepacific.standardof.net\/wp-content\/uploads\/sites\/6\/2020\/10\/iBomber-Defense-Pacific-Campaign-Mission-10-Alligator-Creek-1-copy-768x480.jpg 768w, https:\/\/ibomberdefensepacific.standardof.net\/wp-content\/uploads\/sites\/6\/2020\/10\/iBomber-Defense-Pacific-Campaign-Mission-10-Alligator-Creek-1-copy-16x10.jpg 16w, https:\/\/ibomberdefensepacific.standardof.net\/wp-content\/uploads\/sites\/6\/2020\/10\/iBomber-Defense-Pacific-Campaign-Mission-10-Alligator-Creek-1-copy.jpg 1280w\" sizes=\"(max-width: 800px) 100vw, 800px\" \/><\/a><figcaption>Les deux chemins des vagues ennemies \u00e0 Alligator Creek qui forment le W lorsqu&#039;ils convergent vers la base.<\/figcaption><\/figure><\/div>\n\n\n\n<p><em>Prot\u00e9ger les routes d&#039;approvisionnement entre les \u00c9tats-Unis, l&#039;Australie et la Nouvelle-Z\u00e9lande en d\u00e9tenant une position dans les Salomon.<\/em><\/p>\n\n\n\n<p>\u00c0 Alligator Creek, vous prot\u00e9gerez votre base sur le chemin central sup\u00e9rieur d&#039;une paire de chemins au sol qui courbent de chaque c\u00f4t\u00e9 sous la forme d&#039;un W.La d\u00e9fense se concentrera sur le point de convergence et vous voudrez cr\u00e9er un couloir. de la mort qui fonctionne efficacement quelle que soit la direction d&#039;o\u00f9 vient l&#039;ennemi.<\/p>\n\n\n\n<p>Il s&#039;agit d&#039;une mission pr\u00e9coce importante dont il faut tirer des le\u00e7ons en termes de placement de vos tourelles dans les positions les plus rentables. La plupart des jeux de d\u00e9fense de tourelle tournent fortement autour de la gestion d&#039;un revenu fixe d\u00e9termin\u00e9 par les ennemis qui apparaissent sur chaque carte. De m\u00eame, la sant\u00e9 des ennemis attaquants et les dommages potentiels des tourelles que vous pouvez utiliser sont \u00e9galement fortement calcul\u00e9s pour s&#039;assurer qu&#039;il existe un d\u00e9fi dans la \u00abr\u00e9solution d&#039;\u00e9nigmes\u00bb des probl\u00e8mes math\u00e9matiques sous-jacents.<\/p>\n\n\n\n<p>Ce guide expliquera comment obtenir un Full House, qui est un tour parfait avec toutes les m\u00e9dailles et 20 points de victoire, au niveau Alligator Creek du <em>iBomber Defense Pacific<\/em> campagne, jou\u00e9e en difficult\u00e9 V\u00e9t\u00e9ran. En outre, ce guide de mission couvrira \u00e9galement l&#039;objectif secondaire et la cible cach\u00e9e avec une vid\u00e9o pas \u00e0 pas.<\/p>\n\n\n\t\t\t\t<div class=\"wp-block-uagb-table-of-contents uagb-toc__align-left uagb-toc__columns-1  uagb-block-c5ea399f\"\n\t\t\t\t\tdata-scroll= \"1\"\n\t\t\t\t\tdata-offset= \"30\"\n\t\t\t\t\tstyle=\"\"\n\t\t\t\t>\n\t\t\t\t<div class=\"uagb-toc__wrap\">\n\t\t\t\t\t\t<div class=\"uagb-toc__title\">\n\t\t\t\t\t\t\tNavigation dans le guide pas \u00e0 pas:\t\t\t\t\t\t<\/div>\n\t\t\t\t\t\t\t\t\t\t\t\t\t\t\t\t<div class=\"uagb-toc__list-wrap\">\n\t\t\t\t\t\t<ol class=\"uagb-toc__list\"><li class=\"uagb-toc__list\"><a href=\"#secondary-objective\" class=\"uagb-toc-link__trigger\">Objectif secondaire<\/a><li class=\"uagb-toc__list\"><a href=\"#perks-used-for-this-mission\" class=\"uagb-toc-link__trigger\">Avantages utilis\u00e9s pour cette mission:<\/a><li class=\"uagb-toc__list\"><a href=\"#hidden-target\" class=\"uagb-toc-link__trigger\">Cible cach\u00e9e<\/a><li class=\"uagb-toc__list\"><a href=\"#turret-placement\" class=\"uagb-toc-link__trigger\">Placement de la tourelle<\/a><li class=\"uagb-toc__list\"><a href=\"#veteran-difficulty-video-guide\" class=\"uagb-toc-link__trigger\">Guide vid\u00e9o de difficult\u00e9 v\u00e9t\u00e9ran<\/a><\/ol>\t\t\t\t\t<\/div>\n\t\t\t\t\t\t\t\t\t<\/div>\n\t\t\t\t<\/div>\n\t\t\t\n\n\n<hr class=\"wp-block-separator is-style-wide\"\/>\n\n\n\n<h3 class=\"wp-block-heading\">Objectif secondaire<\/h3>\n\n\n\n<p><em>Prot\u00e9gez votre camp.<\/em><\/p>\n\n\n\n<p>Il y a une s\u00e9rie de b\u00e2timents dans la prairie ouverte entre votre base et le point de convergence qui devront \u00eatre prot\u00e9g\u00e9s tout au long de la mission. Outre votre couloir interne prot\u00e9geant les structures internes, une paire de tourelles MG de chaque c\u00f4t\u00e9 de ces structures servira de boucliers efficaces. (Voir les images ci-dessous pour plus de d\u00e9tails sur le placement.)<\/p>\n\n\n\n<p><strong>Caisses d&#039;approvisionnement:<\/strong> 6<\/p>\n\n\n\n<p><strong>Points de victoire jusqu&#039;\u00e0 pr\u00e9sent:<\/strong> 180 (20 non d\u00e9pens\u00e9s)<\/p>\n\n\n\n<ul><li>Mitrailleuse niveau 3<br><sup>Sp\u00e9cialisation X2 Power vs Flamed<\/sup><\/li><li>Canon lvl 3<\/li><li>Bombe niveau 2<\/li><li>Flamer lvl 3<\/li><li>Comms niveau 3<\/li><\/ul>\n\n\n\n<hr class=\"wp-block-separator is-style-wide\"\/>\n\n\n\n<h3 class=\"wp-block-heading\">Avantages utilis\u00e9s pour cette mission:<\/h3>\n\n\n\n<ul><li>Billet vert II<\/li><li>Oeil d&#039;aigle I<\/li><li>Livraison sp\u00e9ciale<\/li><\/ul>\n\n\n\n<p>Au d\u00e9but du jeu, nos options d&#039;avantages sont encore limit\u00e9es, mais l&#039;argent suppl\u00e9mentaire et les meilleures tourelles que vous pourrez vous permettre gr\u00e2ce \u00e0 Greenback ne sont presque jamais une mauvaise option. L&#039;avantage Bombardier est laiss\u00e9 dans la poussi\u00e8re au d\u00e9but du jeu \u00e0 mesure que des avantages tels que Eagle Eye deviennent disponibles, ce qui est crucial pour appliquer des d\u00e9g\u00e2ts d\u00e8s qu&#039;un ennemi est \u00e0 port\u00e9e gr\u00e2ce au bonus de vis\u00e9e plus rapide.<\/p>\n\n\n\n<hr class=\"wp-block-separator is-style-wide\"\/>\n\n\n\n<h3 class=\"wp-block-heading\">Cible cach\u00e9e<\/h3>\n\n\n\n<p>La cible cach\u00e9e est une autre petite hutte de ce niveau. Il est cach\u00e9 le long du c\u00f4t\u00e9 droit de la carte \u00e0 la lisi\u00e8re des bois alors que le bon chemin des vagues ennemies se courbe.<\/p>\n\n\n\n<div class=\"wp-block-image\"><figure class=\"aligncenter size-large\"><a href=\"https:\/\/ibomberdefensepacific.standardof.net\/fr\/guide\/campagne-mission-10-alligator-creek-watchtower\/ibomber-defense-pacific-campaign-mission-10-alligator-creek-2\/\"><img decoding=\"async\" width=\"255\" height=\"193\" src=\"https:\/\/ibomberdefensepacific.standardof.net\/wp-content\/uploads\/sites\/6\/2020\/10\/iBomber-Defense-Pacific-Campaign-Mission-10-Alligator-Creek-2.jpg\" alt=\"\u00abiBomber Defense Pacific\u00bb - Mission de campagne 10 - \u00abAlligator Creek\u00bb (2)\" class=\"wp-image-77\" srcset=\"https:\/\/ibomberdefensepacific.standardof.net\/wp-content\/uploads\/sites\/6\/2020\/10\/iBomber-Defense-Pacific-Campaign-Mission-10-Alligator-Creek-2.jpg 255w, https:\/\/ibomberdefensepacific.standardof.net\/wp-content\/uploads\/sites\/6\/2020\/10\/iBomber-Defense-Pacific-Campaign-Mission-10-Alligator-Creek-2-200x151.jpg 200w, https:\/\/ibomberdefensepacific.standardof.net\/wp-content\/uploads\/sites\/6\/2020\/10\/iBomber-Defense-Pacific-Campaign-Mission-10-Alligator-Creek-2-16x12.jpg 16w\" sizes=\"(max-width: 255px) 100vw, 255px\" \/><\/a><figcaption>La petite hutte cible cach\u00e9e.<\/figcaption><\/figure><\/div>\n\n\n\n<hr class=\"wp-block-separator is-style-wide\"\/>\n\n\n\n<h3 class=\"wp-block-heading\">Placement de la tourelle<\/h3>\n\n\n\n<figure class=\"wp-block-gallery columns-2 is-cropped wp-block-gallery-1 is-layout-flex wp-block-gallery-is-layout-flex\"><ul class=\"blocks-gallery-grid\"><li class=\"blocks-gallery-item\"><figure><a href=\"https:\/\/ibomberdefensepacific.standardof.net\/fr\/guide\/campagne-mission-10-alligator-creek-watchtower\/ibomber-defense-pacific-campaign-mission-10-alligator-creek-3\/\"><img decoding=\"async\" width=\"800\" height=\"500\" src=\"https:\/\/ibomberdefensepacific.standardof.net\/wp-content\/uploads\/sites\/6\/2020\/10\/iBomber-Defense-Pacific-Campaign-Mission-10-Alligator-Creek-3-800x500.jpg\" alt=\"\u00abiBomber Defense Pacific\u00bb - Mission de campagne 10 - \u00abAlligator Creek\u00bb (3)\" data-id=\"78\" data-full-url=\"https:\/\/ibomberdefensepacific.standardof.net\/wp-content\/uploads\/sites\/6\/2020\/10\/iBomber-Defense-Pacific-Campaign-Mission-10-Alligator-Creek-3.jpg\" data-link=\"https:\/\/ibomberdefensepacific.standardof.net\/guide\/campaign-mission-10-alligator-creek-watchtower\/ibomber-defense-pacific-campaign-mission-10-alligator-creek-3\/\" class=\"wp-image-78\" srcset=\"https:\/\/ibomberdefensepacific.standardof.net\/wp-content\/uploads\/sites\/6\/2020\/10\/iBomber-Defense-Pacific-Campaign-Mission-10-Alligator-Creek-3-800x500.jpg 800w, https:\/\/ibomberdefensepacific.standardof.net\/wp-content\/uploads\/sites\/6\/2020\/10\/iBomber-Defense-Pacific-Campaign-Mission-10-Alligator-Creek-3-512x320.jpg 512w, https:\/\/ibomberdefensepacific.standardof.net\/wp-content\/uploads\/sites\/6\/2020\/10\/iBomber-Defense-Pacific-Campaign-Mission-10-Alligator-Creek-3-200x125.jpg 200w, https:\/\/ibomberdefensepacific.standardof.net\/wp-content\/uploads\/sites\/6\/2020\/10\/iBomber-Defense-Pacific-Campaign-Mission-10-Alligator-Creek-3-768x480.jpg 768w, https:\/\/ibomberdefensepacific.standardof.net\/wp-content\/uploads\/sites\/6\/2020\/10\/iBomber-Defense-Pacific-Campaign-Mission-10-Alligator-Creek-3-16x10.jpg 16w, https:\/\/ibomberdefensepacific.standardof.net\/wp-content\/uploads\/sites\/6\/2020\/10\/iBomber-Defense-Pacific-Campaign-Mission-10-Alligator-Creek-3.jpg 1280w\" sizes=\"(max-width: 800px) 100vw, 800px\" \/><\/a><figcaption class=\"blocks-gallery-item__caption\">Placement de la tourelle Wave 8 \u00e0 Alligator Creek.<\/figcaption><\/figure><\/li><li class=\"blocks-gallery-item\"><figure><a href=\"https:\/\/ibomberdefensepacific.standardof.net\/fr\/guide\/campagne-mission-10-alligator-creek-watchtower\/ibomber-defense-pacific-campaign-mission-10-alligator-creek-4\/\"><img decoding=\"async\" width=\"800\" height=\"500\" src=\"https:\/\/ibomberdefensepacific.standardof.net\/wp-content\/uploads\/sites\/6\/2020\/10\/iBomber-Defense-Pacific-Campaign-Mission-10-Alligator-Creek-4-800x500.jpg\" alt=\"\u00abiBomber Defense Pacific\u00bb - Mission de campagne 10 - \u00abAlligator Creek\u00bb (4)\" data-id=\"79\" data-full-url=\"https:\/\/ibomberdefensepacific.standardof.net\/wp-content\/uploads\/sites\/6\/2020\/10\/iBomber-Defense-Pacific-Campaign-Mission-10-Alligator-Creek-4.jpg\" data-link=\"https:\/\/ibomberdefensepacific.standardof.net\/guide\/campaign-mission-10-alligator-creek-watchtower\/ibomber-defense-pacific-campaign-mission-10-alligator-creek-4\/\" class=\"wp-image-79\" srcset=\"https:\/\/ibomberdefensepacific.standardof.net\/wp-content\/uploads\/sites\/6\/2020\/10\/iBomber-Defense-Pacific-Campaign-Mission-10-Alligator-Creek-4-800x500.jpg 800w, https:\/\/ibomberdefensepacific.standardof.net\/wp-content\/uploads\/sites\/6\/2020\/10\/iBomber-Defense-Pacific-Campaign-Mission-10-Alligator-Creek-4-512x320.jpg 512w, https:\/\/ibomberdefensepacific.standardof.net\/wp-content\/uploads\/sites\/6\/2020\/10\/iBomber-Defense-Pacific-Campaign-Mission-10-Alligator-Creek-4-200x125.jpg 200w, https:\/\/ibomberdefensepacific.standardof.net\/wp-content\/uploads\/sites\/6\/2020\/10\/iBomber-Defense-Pacific-Campaign-Mission-10-Alligator-Creek-4-768x480.jpg 768w, https:\/\/ibomberdefensepacific.standardof.net\/wp-content\/uploads\/sites\/6\/2020\/10\/iBomber-Defense-Pacific-Campaign-Mission-10-Alligator-Creek-4-16x10.jpg 16w, https:\/\/ibomberdefensepacific.standardof.net\/wp-content\/uploads\/sites\/6\/2020\/10\/iBomber-Defense-Pacific-Campaign-Mission-10-Alligator-Creek-4.jpg 1280w\" sizes=\"(max-width: 800px) 100vw, 800px\" \/><\/a><figcaption class=\"blocks-gallery-item__caption\">Placement de la tourelle Wave 16.<\/figcaption><\/figure><\/li><\/ul><\/figure>\n\n\n\n<p>Comme mentionn\u00e9 ci-dessus, le placement de la tourelle se concentrera sur un couloir de la mort le long des deux lignes de chaque c\u00f4t\u00e9 du chemin converg\u00e9, plus la petite \u00e9tendue de terre au sud du point de rencontre des deux chemins principaux sur cette carte. Une chose \u00e0 savoir est que plus tard, il y aura une contre-attaque \u00e0 ce niveau, et vous devriez donc \u00e9viter de construire dans les 3 premiers endroits de chaque c\u00f4t\u00e9 du chemin converg\u00e9 juste \u00e0 c\u00f4t\u00e9 de votre base, \u00e0 l&#039;exception de l&#039;\u00e9trange tourelle Bomb. (Les raisons en sont couvertes dans le guide de cette mission.)<\/p>\n\n\n\n<p>En plus de placer une paire de mitrailleuses, une de chaque c\u00f4t\u00e9 de l&#039;int\u00e9rieur du W avant la convergence (afin de prot\u00e9ger la base de votre objectif secondaire), construisez des MG, des canons et quelques lance-roquettes autour de ce chemin central. Placez une seule tourelle de lance-flammes au coin du point de rencontre pour vous cr\u00e9er une grande zone de destruction. Assurez-vous d&#039;ajouter le support des communications avec une couverture aussi forte que possible, et tout ira bien.<\/p>\n\n\n\n<div class=\"wp-block-image\"><figure class=\"aligncenter size-large\"><a href=\"https:\/\/ibomberdefensepacific.standardof.net\/fr\/guide\/campagne-mission-10-alligator-creek-watchtower\/ibomber-defense-pacific-campaign-mission-10-alligator-creek-5\/\"><img decoding=\"async\" width=\"800\" height=\"500\" src=\"https:\/\/ibomberdefensepacific.standardof.net\/wp-content\/uploads\/sites\/6\/2020\/10\/iBomber-Defense-Pacific-Campaign-Mission-10-Alligator-Creek-5-800x500.jpg\" alt=\"\u00abiBomber Defense Pacific\u00bb - Mission de campagne 10 - \u00abAlligator Creek\u00bb (5)\" class=\"wp-image-80\" srcset=\"https:\/\/ibomberdefensepacific.standardof.net\/wp-content\/uploads\/sites\/6\/2020\/10\/iBomber-Defense-Pacific-Campaign-Mission-10-Alligator-Creek-5-800x500.jpg 800w, https:\/\/ibomberdefensepacific.standardof.net\/wp-content\/uploads\/sites\/6\/2020\/10\/iBomber-Defense-Pacific-Campaign-Mission-10-Alligator-Creek-5-512x320.jpg 512w, https:\/\/ibomberdefensepacific.standardof.net\/wp-content\/uploads\/sites\/6\/2020\/10\/iBomber-Defense-Pacific-Campaign-Mission-10-Alligator-Creek-5-200x125.jpg 200w, https:\/\/ibomberdefensepacific.standardof.net\/wp-content\/uploads\/sites\/6\/2020\/10\/iBomber-Defense-Pacific-Campaign-Mission-10-Alligator-Creek-5-768x480.jpg 768w, https:\/\/ibomberdefensepacific.standardof.net\/wp-content\/uploads\/sites\/6\/2020\/10\/iBomber-Defense-Pacific-Campaign-Mission-10-Alligator-Creek-5-16x10.jpg 16w, https:\/\/ibomberdefensepacific.standardof.net\/wp-content\/uploads\/sites\/6\/2020\/10\/iBomber-Defense-Pacific-Campaign-Mission-10-Alligator-Creek-5.jpg 1280w\" sizes=\"(max-width: 800px) 100vw, 800px\" \/><\/a><figcaption>Placement de la tourelle Wave 24.<\/figcaption><\/figure><\/div>\n\n\n\n<hr class=\"wp-block-separator is-style-wide\"\/>\n\n\n\n<h3 class=\"has-text-align-center wp-block-heading\" id=\"4-veteran-difficulty-video-guide\">Guide vid\u00e9o de difficult\u00e9 v\u00e9t\u00e9ran<\/h3>\n\n\n\n<figure class=\"wp-block-embed-youtube wp-block-embed is-type-video is-provider-youtube wp-embed-aspect-16-9 wp-has-aspect-ratio\"><div class=\"wp-block-embed__wrapper\">\n<div class=\"ast-oembed-container\" style=\"height: 100%;\"><iframe title=\"Alligator Creek - M10 iBomber Defense Pacific - Proc\u00e9dure pas \u00e0 pas pour les v\u00e9t\u00e9rans\" width=\"500\" height=\"375\" src=\"https:\/\/www.youtube.com\/embed\/1GWjWMY_Mo4?feature=oembed\" frameborder=\"0\" allow=\"accelerometer; autoplay; clipboard-write; encrypted-media; gyroscope; picture-in-picture; web-share\" referrerpolicy=\"strict-origin-when-cross-origin\" allowfullscreen><\/iframe><\/div>\n<\/div><\/figure>","protected":false},"excerpt":{"rendered":"<p>Alligator Creek: Watchtower Protect supply routes between the U.S., Australia and New Zealand by holding position in the Solomons. In Alligator Creek, you will be protecting your base at the top central path from a pair of ground paths that curve from either side in the shape of a W. Defense will focus on the [&hellip;]<\/p>","protected":false},"author":1,"featured_media":80,"parent":164,"menu_order":10,"comment_status":"open","ping_status":"closed","template":"","meta":{"_uag_custom_page_level_css":"","site-sidebar-layout":"default","site-content-layout":"default","ast-site-content-layout":"","site-content-style":"default","site-sidebar-style":"default","ast-global-header-display":"","ast-banner-title-visibility":"","ast-main-header-display":"","ast-hfb-above-header-display":"","ast-hfb-below-header-display":"","ast-hfb-mobile-header-display":"","site-post-title":"","ast-breadcrumbs-content":"","ast-featured-img":"","footer-sml-layout":"","theme-transparent-header-meta":"default","adv-header-id-meta":"","stick-header-meta":"","header-above-stick-meta":"","header-main-stick-meta":"","header-below-stick-meta":"","astra-migrate-meta-layouts":"default","ast-page-background-enabled":"default","ast-page-background-meta":{"desktop":{"background-color":"","background-image":"","background-repeat":"repeat","background-position":"center center","background-size":"auto","background-attachment":"scroll","background-type":"","background-media":"","overlay-type":"","overlay-color":"","overlay-gradient":""},"tablet":{"background-color":"","background-image":"","background-repeat":"repeat","background-position":"center center","background-size":"auto","background-attachment":"scroll","background-type":"","background-media":"","overlay-type":"","overlay-color":"","overlay-gradient":""},"mobile":{"background-color":"","background-image":"","background-repeat":"repeat","background-position":"center center","background-size":"auto","background-attachment":"scroll","background-type":"","background-media":"","overlay-type":"","overlay-color":"","overlay-gradient":""}},"ast-content-background-meta":{"desktop":{"background-color":"var(--ast-global-color-5)","background-image":"","background-repeat":"repeat","background-position":"center center","background-size":"auto","background-attachment":"scroll","background-type":"","background-media":"","overlay-type":"","overlay-color":"","overlay-gradient":""},"tablet":{"background-color":"var(--ast-global-color-5)","background-image":"","background-repeat":"repeat","background-position":"center center","background-size":"auto","background-attachment":"scroll","background-type":"","background-media":"","overlay-type":"","overlay-color":"","overlay-gradient":""},"mobile":{"background-color":"var(--ast-global-color-5)","background-image":"","background-repeat":"repeat","background-position":"center center","background-size":"auto","background-attachment":"scroll","background-type":"","background-media":"","overlay-type":"","overlay-color":"","overlay-gradient":""}},"footnotes":""},"uagb_featured_image_src":{"full":["https:\/\/ibomberdefensepacific.standardof.net\/wp-content\/uploads\/sites\/6\/2020\/10\/iBomber-Defense-Pacific-Campaign-Mission-10-Alligator-Creek-5.jpg",1280,800,false],"thumbnail":["https:\/\/ibomberdefensepacific.standardof.net\/wp-content\/uploads\/sites\/6\/2020\/10\/iBomber-Defense-Pacific-Campaign-Mission-10-Alligator-Creek-5-200x125.jpg",200,125,true],"medium":["https:\/\/ibomberdefensepacific.standardof.net\/wp-content\/uploads\/sites\/6\/2020\/10\/iBomber-Defense-Pacific-Campaign-Mission-10-Alligator-Creek-5-512x320.jpg",512,320,true],"medium_large":["https:\/\/ibomberdefensepacific.standardof.net\/wp-content\/uploads\/sites\/6\/2020\/10\/iBomber-Defense-Pacific-Campaign-Mission-10-Alligator-Creek-5-768x480.jpg",768,480,true],"large":["https:\/\/ibomberdefensepacific.standardof.net\/wp-content\/uploads\/sites\/6\/2020\/10\/iBomber-Defense-Pacific-Campaign-Mission-10-Alligator-Creek-5-800x500.jpg",800,500,true],"1536x1536":["https:\/\/ibomberdefensepacific.standardof.net\/wp-content\/uploads\/sites\/6\/2020\/10\/iBomber-Defense-Pacific-Campaign-Mission-10-Alligator-Creek-5.jpg",1280,800,false],"2048x2048":["https:\/\/ibomberdefensepacific.standardof.net\/wp-content\/uploads\/sites\/6\/2020\/10\/iBomber-Defense-Pacific-Campaign-Mission-10-Alligator-Creek-5.jpg",1280,800,false],"trp-custom-language-flag":["https:\/\/ibomberdefensepacific.standardof.net\/wp-content\/uploads\/sites\/6\/2020\/10\/iBomber-Defense-Pacific-Campaign-Mission-10-Alligator-Creek-5-16x10.jpg",16,10,true]},"uagb_author_info":{"display_name":"SOE","author_link":"https:\/\/ibomberdefensepacific.standardof.net\/fr\/author\/k-tastic\/"},"uagb_comment_info":0,"uagb_excerpt":"Alligator Creek: Watchtower Protect supply routes between the U.S., Australia and New Zealand by holding position in the Solomons. In Alligator Creek, you will be protecting your base at the top central path from a pair of ground paths that curve from either side in the shape of a W. Defense will focus on the&hellip;","_links":{"self":[{"href":"https:\/\/ibomberdefensepacific.standardof.net\/fr\/wp-json\/wp\/v2\/pages\/207"}],"collection":[{"href":"https:\/\/ibomberdefensepacific.standardof.net\/fr\/wp-json\/wp\/v2\/pages"}],"about":[{"href":"https:\/\/ibomberdefensepacific.standardof.net\/fr\/wp-json\/wp\/v2\/types\/page"}],"author":[{"embeddable":true,"href":"https:\/\/ibomberdefensepacific.standardof.net\/fr\/wp-json\/wp\/v2\/users\/1"}],"replies":[{"embeddable":true,"href":"https:\/\/ibomberdefensepacific.standardof.net\/fr\/wp-json\/wp\/v2\/comments?post=207"}],"version-history":[{"count":0,"href":"https:\/\/ibomberdefensepacific.standardof.net\/fr\/wp-json\/wp\/v2\/pages\/207\/revisions"}],"up":[{"embeddable":true,"href":"https:\/\/ibomberdefensepacific.standardof.net\/fr\/wp-json\/wp\/v2\/pages\/164"}],"wp:featuredmedia":[{"embeddable":true,"href":"https:\/\/ibomberdefensepacific.standardof.net\/fr\/wp-json\/wp\/v2\/media\/80"}],"wp:attachment":[{"href":"https:\/\/ibomberdefensepacific.standardof.net\/fr\/wp-json\/wp\/v2\/media?parent=207"}],"curies":[{"name":"wp","href":"https:\/\/api.w.org\/{rel}","templated":true}]}}