{"id":206,"date":"2020-10-21T13:33:01","date_gmt":"2020-10-21T13:33:01","guid":{"rendered":"https:\/\/ibomberdefensepacific.standardof.net\/?page_id=206"},"modified":"2020-10-21T17:21:13","modified_gmt":"2020-10-21T17:21:13","slug":"campaign-mission-09-coral-sea-sea-attack","status":"publish","type":"page","link":"https:\/\/ibomberdefensepacific.standardof.net\/fr\/guide\/campagne-mission-09-corail-mer-mer-attaque\/","title":{"rendered":"Mission de campagne 09: Attaque maritime \u00abMer de corail\u00bb"},"content":{"rendered":"<h2 class=\"wp-block-heading\">Mer de corail: attaque maritime<\/h2>\n\n\n\n<div class=\"wp-block-image\"><figure class=\"aligncenter size-large\"><a href=\"https:\/\/ibomberdefensepacific.standardof.net\/fr\/guide\/campagne-mission-09-corail-mer-mer-attaque\/ibomber-defense-pacific-campaign-mission-09-coral-sea-1-copy\/\"><img decoding=\"async\" width=\"800\" height=\"500\" src=\"https:\/\/ibomberdefensepacific.standardof.net\/wp-content\/uploads\/sites\/6\/2020\/10\/iBomber-Defense-Pacific-Campaign-Mission-09-Coral-Sea-1-copy-800x500.jpg\" alt=\"&quot;iBomber Defense Pacific&quot; - Mission de campagne 09 - &quot;Coral Sea&quot; (1)\" class=\"wp-image-72\" srcset=\"https:\/\/ibomberdefensepacific.standardof.net\/wp-content\/uploads\/sites\/6\/2020\/10\/iBomber-Defense-Pacific-Campaign-Mission-09-Coral-Sea-1-copy-800x500.jpg 800w, https:\/\/ibomberdefensepacific.standardof.net\/wp-content\/uploads\/sites\/6\/2020\/10\/iBomber-Defense-Pacific-Campaign-Mission-09-Coral-Sea-1-copy-512x320.jpg 512w, https:\/\/ibomberdefensepacific.standardof.net\/wp-content\/uploads\/sites\/6\/2020\/10\/iBomber-Defense-Pacific-Campaign-Mission-09-Coral-Sea-1-copy-200x125.jpg 200w, https:\/\/ibomberdefensepacific.standardof.net\/wp-content\/uploads\/sites\/6\/2020\/10\/iBomber-Defense-Pacific-Campaign-Mission-09-Coral-Sea-1-copy-768x480.jpg 768w, https:\/\/ibomberdefensepacific.standardof.net\/wp-content\/uploads\/sites\/6\/2020\/10\/iBomber-Defense-Pacific-Campaign-Mission-09-Coral-Sea-1-copy-16x10.jpg 16w, https:\/\/ibomberdefensepacific.standardof.net\/wp-content\/uploads\/sites\/6\/2020\/10\/iBomber-Defense-Pacific-Campaign-Mission-09-Coral-Sea-1-copy.jpg 1280w\" sizes=\"(max-width: 800px) 100vw, 800px\" \/><\/a><figcaption>Les principaux ennemis de la mer de corail sont dessin\u00e9s en rouge avec des fl\u00e8ches vertes repr\u00e9sentant l&#039;id\u00e9e de l&#039;approche des attaques sournoises.<\/figcaption><\/figure><\/div>\n\n\n\n<p><em>Arr\u00eatez l&#039;invasion ennemie qui conduirait \u00e0 leur position d\u00e9fensive renforc\u00e9e dans le Pacifique Sud.<\/em><\/p>\n\n\n\n<p>Dans la mer de Corail, vous ferez face \u00e0 20 vagues d&#039;unit\u00e9s navales ennemies, qui suivent principalement un seul chemin fixe qui forme un U aplati au milieu de la carte. Cependant, les attaques sournoises jetteront un peu les choses en venant de presque toutes les autres directions sauf vers l&#039;ouest. Ces attaques sournoises peuvent \u00eatre rendues l\u00e9g\u00e8rement moins dangereuses lorsque vous \u00eates pr\u00e9par\u00e9 avec un approvisionnement ad\u00e9quat en bombes.<\/p>\n\n\n\n<p>Gr\u00e2ce au terrain m\u00e9diocre le long du chemin de l&#039;unit\u00e9 navale, il n&#039;y a vraiment pas de bons points de couverture pour les tourelles \u00e0 placer. Combin\u00e9 avec le revenu limit\u00e9 commun dans les missions navales et le besoin de tourelles \u00e0 bombes pour faire face aux attaques sournoises, vous serez limit\u00e9 \u00e0 retrancher une petite partie de la terre juste l\u00e0 o\u00f9 le chemin naval devient mur\u00e9 par des \u00eeles des deux c\u00f4t\u00e9s.<\/p>\n\n\n\n<p>Ce guide expliquera comment obtenir un Full House, qui est un tour parfait avec toutes les m\u00e9dailles et 20 points de victoire, au niveau de la mer de Corail du <em>iBomber Defense Pacific<\/em> campagne, jou\u00e9e en difficult\u00e9 V\u00e9t\u00e9ran. En outre, ce guide de mission couvrira \u00e9galement l&#039;objectif secondaire et la cible cach\u00e9e avec une vid\u00e9o pas \u00e0 pas.<\/p>\n\n\n\t\t\t\t<div class=\"wp-block-uagb-table-of-contents uagb-toc__align-left uagb-toc__columns-1  uagb-block-6325e60f\"\n\t\t\t\t\tdata-scroll= \"1\"\n\t\t\t\t\tdata-offset= \"30\"\n\t\t\t\t\tstyle=\"\"\n\t\t\t\t>\n\t\t\t\t<div class=\"uagb-toc__wrap\">\n\t\t\t\t\t\t<div class=\"uagb-toc__title\">\n\t\t\t\t\t\t\tNavigation dans le guide pas \u00e0 pas:\t\t\t\t\t\t<\/div>\n\t\t\t\t\t\t\t\t\t\t\t\t\t\t\t\t<div class=\"uagb-toc__list-wrap\">\n\t\t\t\t\t\t<ol class=\"uagb-toc__list\"><li class=\"uagb-toc__list\"><a href=\"#secondary-objective\" class=\"uagb-toc-link__trigger\">Objectif secondaire<\/a><li class=\"uagb-toc__list\"><a href=\"#perks-used-for-this-mission\" class=\"uagb-toc-link__trigger\">Avantages utilis\u00e9s pour cette mission:<\/a><li class=\"uagb-toc__list\"><a href=\"#hidden-target\" class=\"uagb-toc-link__trigger\">Cible cach\u00e9e<\/a><li class=\"uagb-toc__list\"><a href=\"#turret-placement\" class=\"uagb-toc-link__trigger\">Placement de la tourelle<\/a><li class=\"uagb-toc__list\"><a href=\"#veteran-difficulty-video-guide\" class=\"uagb-toc-link__trigger\">Guide vid\u00e9o de difficult\u00e9 v\u00e9t\u00e9ran<\/a><\/ol>\t\t\t\t\t<\/div>\n\t\t\t\t\t\t\t\t\t<\/div>\n\t\t\t\t<\/div>\n\t\t\t\n\n\n<hr class=\"wp-block-separator is-style-wide\"\/>\n\n\n\n<h3 class=\"wp-block-heading\">Objectif secondaire<\/h3>\n\n\n\n<p><em>Les fournitures ont \u00e9t\u00e9 dispers\u00e9es dans les \u00eeles. Collectez les tous.<\/em><\/p>\n\n\n\n<p>Comme mentionn\u00e9 ci-dessus, un bon approvisionnement en bombes est une n\u00e9cessit\u00e9 \u00e0 ce niveau. La majorit\u00e9 de ces caisses devront \u00eatre collect\u00e9es avec des bombes, non seulement pour maintenir les d\u00e9fenses serr\u00e9es, mais aussi pour d\u00e9gager de la place sur certains endroits qui sont mieux desservis par des tourelles. C&#039;est certainement l&#039;un des niveaux de caisse les plus abondants \u00e0 ce jour, ce qui signifie une offre de revenus copieuse.<\/p>\n\n\n\n<p><strong>Caisses d&#039;approvisionnement:<\/strong> 9<\/p>\n\n\n\n<p><strong>Points de victoire jusqu&#039;\u00e0 pr\u00e9sent:<\/strong> 160<\/p>\n\n\n\n<ul><li>Mitrailleuse niveau 3<br><sup>Sp\u00e9cialisation X2 Power vs Flamed<\/sup><\/li><li>Canon lvl 3<\/li><li>Bombe niveau 2<\/li><li>Flamer lvl 3<\/li><li>Comms niveau 3<\/li><\/ul>\n\n\n\n<hr class=\"wp-block-separator is-style-wide\"\/>\n\n\n\n<h3 class=\"wp-block-heading\">Avantages utilis\u00e9s pour cette mission:<\/h3>\n\n\n\n<ul><li>Billet vert II<\/li><li>Oeil d&#039;aigle I<\/li><li>Livraison sp\u00e9ciale<\/li><\/ul>\n\n\n\n<p>Comme il y aura beaucoup de caisses \u00e0 ce niveau, la livraison sp\u00e9ciale est un choix naturel. Eagle Eye et le Greenback II maintenant d\u00e9verrouill\u00e9 ne sont que des choix g\u00e9n\u00e9ralement b\u00e9n\u00e9fiques pour ce niveau.<\/p>\n\n\n\n<hr class=\"wp-block-separator is-style-wide\"\/>\n\n\n\n<h3 class=\"wp-block-heading\">Cible cach\u00e9e<\/h3>\n\n\n\n<p>Il y a deux petites huttes situ\u00e9es sur la s\u00e9rie d&#039;\u00eeles qui constituent la majorit\u00e9 centrale de la carte. La hutte situ\u00e9e sur la plus grande \u00eele en haut \u00e0 droite est votre cible cach\u00e9e dont vous avez besoin pour bombarder dans la mer de corail.<\/p>\n\n\n\n<div class=\"wp-block-image\"><figure class=\"aligncenter size-large\"><a href=\"https:\/\/ibomberdefensepacific.standardof.net\/fr\/guide\/campagne-mission-09-corail-mer-mer-attaque\/ibomber-defense-pacific-campaign-mission-09-coral-sea-2\/\"><img decoding=\"async\" width=\"302\" height=\"253\" src=\"https:\/\/ibomberdefensepacific.standardof.net\/wp-content\/uploads\/sites\/6\/2020\/10\/iBomber-Defense-Pacific-Campaign-Mission-09-Coral-Sea-2.jpg\" alt=\"&quot;iBomber Defense Pacific&quot; - Mission de campagne 09 - &quot;Coral Sea&quot; (2)\" class=\"wp-image-73\" srcset=\"https:\/\/ibomberdefensepacific.standardof.net\/wp-content\/uploads\/sites\/6\/2020\/10\/iBomber-Defense-Pacific-Campaign-Mission-09-Coral-Sea-2.jpg 302w, https:\/\/ibomberdefensepacific.standardof.net\/wp-content\/uploads\/sites\/6\/2020\/10\/iBomber-Defense-Pacific-Campaign-Mission-09-Coral-Sea-2-200x168.jpg 200w, https:\/\/ibomberdefensepacific.standardof.net\/wp-content\/uploads\/sites\/6\/2020\/10\/iBomber-Defense-Pacific-Campaign-Mission-09-Coral-Sea-2-14x12.jpg 14w\" sizes=\"(max-width: 302px) 100vw, 302px\" \/><\/a><figcaption>Cette petite hutte est votre cible cach\u00e9e dans ce niveau.<\/figcaption><\/figure><\/div>\n\n\n\n<hr class=\"wp-block-separator is-style-wide\"\/>\n\n\n\n<h3 class=\"wp-block-heading\">Placement de la tourelle<\/h3>\n\n\n\n<figure class=\"wp-block-gallery columns-2 is-cropped wp-block-gallery-1 is-layout-flex wp-block-gallery-is-layout-flex\"><ul class=\"blocks-gallery-grid\"><li class=\"blocks-gallery-item\"><figure><a href=\"https:\/\/ibomberdefensepacific.standardof.net\/fr\/guide\/campagne-mission-09-corail-mer-mer-attaque\/ibomber-defense-pacific-campaign-mission-09-coral-sea-3\/\"><img decoding=\"async\" width=\"800\" height=\"500\" src=\"https:\/\/ibomberdefensepacific.standardof.net\/wp-content\/uploads\/sites\/6\/2020\/10\/iBomber-Defense-Pacific-Campaign-Mission-09-Coral-Sea-3-800x500.jpg\" alt=\"\u00abiBomber Defense Pacific\u00bb - Mission de campagne 09 - \u00abCoral Sea\u00bb (3)\" data-id=\"74\" data-full-url=\"https:\/\/ibomberdefensepacific.standardof.net\/wp-content\/uploads\/sites\/6\/2020\/10\/iBomber-Defense-Pacific-Campaign-Mission-09-Coral-Sea-3.jpg\" data-link=\"https:\/\/ibomberdefensepacific.standardof.net\/guide\/campaign-mission-09-coral-sea-sea-attack\/ibomber-defense-pacific-campaign-mission-09-coral-sea-3\/\" class=\"wp-image-74\" srcset=\"https:\/\/ibomberdefensepacific.standardof.net\/wp-content\/uploads\/sites\/6\/2020\/10\/iBomber-Defense-Pacific-Campaign-Mission-09-Coral-Sea-3-800x500.jpg 800w, https:\/\/ibomberdefensepacific.standardof.net\/wp-content\/uploads\/sites\/6\/2020\/10\/iBomber-Defense-Pacific-Campaign-Mission-09-Coral-Sea-3-512x320.jpg 512w, https:\/\/ibomberdefensepacific.standardof.net\/wp-content\/uploads\/sites\/6\/2020\/10\/iBomber-Defense-Pacific-Campaign-Mission-09-Coral-Sea-3-200x125.jpg 200w, https:\/\/ibomberdefensepacific.standardof.net\/wp-content\/uploads\/sites\/6\/2020\/10\/iBomber-Defense-Pacific-Campaign-Mission-09-Coral-Sea-3-768x480.jpg 768w, https:\/\/ibomberdefensepacific.standardof.net\/wp-content\/uploads\/sites\/6\/2020\/10\/iBomber-Defense-Pacific-Campaign-Mission-09-Coral-Sea-3-16x10.jpg 16w, https:\/\/ibomberdefensepacific.standardof.net\/wp-content\/uploads\/sites\/6\/2020\/10\/iBomber-Defense-Pacific-Campaign-Mission-09-Coral-Sea-3.jpg 1280w\" sizes=\"(max-width: 800px) 100vw, 800px\" \/><\/a><figcaption class=\"blocks-gallery-item__caption\">Placement de la tourelle Wave 10 dans la mer de corail.<\/figcaption><\/figure><\/li><li class=\"blocks-gallery-item\"><figure><a href=\"https:\/\/ibomberdefensepacific.standardof.net\/fr\/guide\/campagne-mission-09-corail-mer-mer-attaque\/ibomber-defense-pacific-campaign-mission-09-coral-sea-4\/\"><img decoding=\"async\" width=\"800\" height=\"500\" src=\"https:\/\/ibomberdefensepacific.standardof.net\/wp-content\/uploads\/sites\/6\/2020\/10\/iBomber-Defense-Pacific-Campaign-Mission-09-Coral-Sea-4-800x500.jpg\" alt=\"\u00abiBomber Defense Pacific\u00bb - Mission de campagne 09 - \u00abCoral Sea\u00bb (4)\" data-id=\"75\" data-full-url=\"https:\/\/ibomberdefensepacific.standardof.net\/wp-content\/uploads\/sites\/6\/2020\/10\/iBomber-Defense-Pacific-Campaign-Mission-09-Coral-Sea-4.jpg\" data-link=\"https:\/\/ibomberdefensepacific.standardof.net\/guide\/campaign-mission-09-coral-sea-sea-attack\/ibomber-defense-pacific-campaign-mission-09-coral-sea-4\/\" class=\"wp-image-75\" srcset=\"https:\/\/ibomberdefensepacific.standardof.net\/wp-content\/uploads\/sites\/6\/2020\/10\/iBomber-Defense-Pacific-Campaign-Mission-09-Coral-Sea-4-800x500.jpg 800w, https:\/\/ibomberdefensepacific.standardof.net\/wp-content\/uploads\/sites\/6\/2020\/10\/iBomber-Defense-Pacific-Campaign-Mission-09-Coral-Sea-4-512x320.jpg 512w, https:\/\/ibomberdefensepacific.standardof.net\/wp-content\/uploads\/sites\/6\/2020\/10\/iBomber-Defense-Pacific-Campaign-Mission-09-Coral-Sea-4-200x125.jpg 200w, https:\/\/ibomberdefensepacific.standardof.net\/wp-content\/uploads\/sites\/6\/2020\/10\/iBomber-Defense-Pacific-Campaign-Mission-09-Coral-Sea-4-768x480.jpg 768w, https:\/\/ibomberdefensepacific.standardof.net\/wp-content\/uploads\/sites\/6\/2020\/10\/iBomber-Defense-Pacific-Campaign-Mission-09-Coral-Sea-4-16x10.jpg 16w, https:\/\/ibomberdefensepacific.standardof.net\/wp-content\/uploads\/sites\/6\/2020\/10\/iBomber-Defense-Pacific-Campaign-Mission-09-Coral-Sea-4.jpg 1200w\" sizes=\"(max-width: 800px) 100vw, 800px\" \/><\/a><figcaption class=\"blocks-gallery-item__caption\">Placement de la tourelle Wave 20.<\/figcaption><\/figure><\/li><\/ul><\/figure>\n\n\n\n<p>Plus pr\u00e9cis\u00e9ment, ce niveau devrait commencer par placer une paire de mitrailleuses sur les deux emplacements ouverts sur l&#039;\u00eele la plus au sud avec un lance-flammes plac\u00e9 sur le chemin de sable de l&#039;\u00eele juste au nord d&#039;eux. Aussi, placez une tourelle \u00e0 bombes \u00e0 l&#039;extr\u00e9mit\u00e9 nord-ouest de l&#039;\u00eele la plus proche de votre base, hors de danger autant que possible. Utilisez les tourelles pour vider les caisses pour ouvrir de la place pour un \u00e9ventuel Comms et Cannon.<\/p>\n\n\n\n<p>Les bombes seront probablement prioritaires au d\u00e9but pour certaines des attaques sournoises; Cependant, attendez de sortir les bateaux de patrouille qui se pr\u00e9sentent d\u00e8s le d\u00e9part jusqu&#039;\u00e0 ce que leurs plus gros fr\u00e8res de la taille d&#039;un croiseur se pr\u00e9sentent. Sinon, utilisez des bombes pour aider \u00e0 nettoyer les caisses des \u00eeles, en commen\u00e7ant par les \u00eeles \u00e0 gauche et en vous terminant sur l&#039;\u00eele la plus \u00e0 droite. Vers la fin du niveau, travaillez sur la mise \u00e0 niveau de cette \u00eele du sud tout en ajoutant une rang\u00e9e similaire de mitrailleuses, de canons et de communications sur l&#039;\u00eele en haut \u00e0 gauche avec une MG sur la petite, et vous devriez \u00eatre jolie.<\/p>\n\n\n\n<hr class=\"wp-block-separator is-style-wide\"\/>\n\n\n\n<h3 class=\"has-text-align-center wp-block-heading\" id=\"4-veteran-difficulty-video-guide\">Guide vid\u00e9o de difficult\u00e9 v\u00e9t\u00e9ran<\/h3>\n\n\n\n<figure class=\"wp-block-embed-youtube wp-block-embed is-type-video is-provider-youtube wp-embed-aspect-4-3 wp-has-aspect-ratio\"><div class=\"wp-block-embed__wrapper\">\n<div class=\"ast-oembed-container\" style=\"height: 100%;\"><iframe title=\"Coral Sea - M9 iBomber Defense Pacific - Proc\u00e9dure pas \u00e0 pas pour les v\u00e9t\u00e9rans\" width=\"500\" height=\"375\" src=\"https:\/\/www.youtube.com\/embed\/LlAmhLZY_ck?feature=oembed\" frameborder=\"0\" allow=\"accelerometer; autoplay; clipboard-write; encrypted-media; gyroscope; picture-in-picture; web-share\" referrerpolicy=\"strict-origin-when-cross-origin\" allowfullscreen><\/iframe><\/div>\n<\/div><\/figure>","protected":false},"excerpt":{"rendered":"<p>Coral Sea: Sea Attack Stop the enemy invasion which would lead to their strengthened defensive position in the South Pacific. In Coral Sea, you will be facing 20 waves of enemy naval units, which mainly proceed along a single fixed path that makes a flattened-out U across the middle of the map. Sneak attacks will [&hellip;]<\/p>","protected":false},"author":1,"featured_media":75,"parent":164,"menu_order":9,"comment_status":"open","ping_status":"closed","template":"","meta":{"_uag_custom_page_level_css":"","site-sidebar-layout":"default","site-content-layout":"default","ast-site-content-layout":"","site-content-style":"default","site-sidebar-style":"default","ast-global-header-display":"","ast-banner-title-visibility":"","ast-main-header-display":"","ast-hfb-above-header-display":"","ast-hfb-below-header-display":"","ast-hfb-mobile-header-display":"","site-post-title":"","ast-breadcrumbs-content":"","ast-featured-img":"","footer-sml-layout":"","theme-transparent-header-meta":"default","adv-header-id-meta":"","stick-header-meta":"","header-above-stick-meta":"","header-main-stick-meta":"","header-below-stick-meta":"","astra-migrate-meta-layouts":"default","ast-page-background-enabled":"default","ast-page-background-meta":{"desktop":{"background-color":"","background-image":"","background-repeat":"repeat","background-position":"center center","background-size":"auto","background-attachment":"scroll","background-type":"","background-media":"","overlay-type":"","overlay-color":"","overlay-gradient":""},"tablet":{"background-color":"","background-image":"","background-repeat":"repeat","background-position":"center center","background-size":"auto","background-attachment":"scroll","background-type":"","background-media":"","overlay-type":"","overlay-color":"","overlay-gradient":""},"mobile":{"background-color":"","background-image":"","background-repeat":"repeat","background-position":"center center","background-size":"auto","background-attachment":"scroll","background-type":"","background-media":"","overlay-type":"","overlay-color":"","overlay-gradient":""}},"ast-content-background-meta":{"desktop":{"background-color":"var(--ast-global-color-5)","background-image":"","background-repeat":"repeat","background-position":"center center","background-size":"auto","background-attachment":"scroll","background-type":"","background-media":"","overlay-type":"","overlay-color":"","overlay-gradient":""},"tablet":{"background-color":"var(--ast-global-color-5)","background-image":"","background-repeat":"repeat","background-position":"center center","background-size":"auto","background-attachment":"scroll","background-type":"","background-media":"","overlay-type":"","overlay-color":"","overlay-gradient":""},"mobile":{"background-color":"var(--ast-global-color-5)","background-image":"","background-repeat":"repeat","background-position":"center center","background-size":"auto","background-attachment":"scroll","background-type":"","background-media":"","overlay-type":"","overlay-color":"","overlay-gradient":""}},"footnotes":""},"uagb_featured_image_src":{"full":["https:\/\/ibomberdefensepacific.standardof.net\/wp-content\/uploads\/sites\/6\/2020\/10\/iBomber-Defense-Pacific-Campaign-Mission-09-Coral-Sea-4.jpg",1200,750,false],"thumbnail":["https:\/\/ibomberdefensepacific.standardof.net\/wp-content\/uploads\/sites\/6\/2020\/10\/iBomber-Defense-Pacific-Campaign-Mission-09-Coral-Sea-4-200x125.jpg",200,125,true],"medium":["https:\/\/ibomberdefensepacific.standardof.net\/wp-content\/uploads\/sites\/6\/2020\/10\/iBomber-Defense-Pacific-Campaign-Mission-09-Coral-Sea-4-512x320.jpg",512,320,true],"medium_large":["https:\/\/ibomberdefensepacific.standardof.net\/wp-content\/uploads\/sites\/6\/2020\/10\/iBomber-Defense-Pacific-Campaign-Mission-09-Coral-Sea-4-768x480.jpg",768,480,true],"large":["https:\/\/ibomberdefensepacific.standardof.net\/wp-content\/uploads\/sites\/6\/2020\/10\/iBomber-Defense-Pacific-Campaign-Mission-09-Coral-Sea-4-800x500.jpg",800,500,true],"1536x1536":["https:\/\/ibomberdefensepacific.standardof.net\/wp-content\/uploads\/sites\/6\/2020\/10\/iBomber-Defense-Pacific-Campaign-Mission-09-Coral-Sea-4.jpg",1200,750,false],"2048x2048":["https:\/\/ibomberdefensepacific.standardof.net\/wp-content\/uploads\/sites\/6\/2020\/10\/iBomber-Defense-Pacific-Campaign-Mission-09-Coral-Sea-4.jpg",1200,750,false],"trp-custom-language-flag":["https:\/\/ibomberdefensepacific.standardof.net\/wp-content\/uploads\/sites\/6\/2020\/10\/iBomber-Defense-Pacific-Campaign-Mission-09-Coral-Sea-4-16x10.jpg",16,10,true]},"uagb_author_info":{"display_name":"SOE","author_link":"https:\/\/ibomberdefensepacific.standardof.net\/fr\/author\/k-tastic\/"},"uagb_comment_info":0,"uagb_excerpt":"Coral Sea: Sea Attack Stop the enemy invasion which would lead to their strengthened defensive position in the South Pacific. In Coral Sea, you will be facing 20 waves of enemy naval units, which mainly proceed along a single fixed path that makes a flattened-out U across the middle of the map. Sneak attacks will&hellip;","_links":{"self":[{"href":"https:\/\/ibomberdefensepacific.standardof.net\/fr\/wp-json\/wp\/v2\/pages\/206"}],"collection":[{"href":"https:\/\/ibomberdefensepacific.standardof.net\/fr\/wp-json\/wp\/v2\/pages"}],"about":[{"href":"https:\/\/ibomberdefensepacific.standardof.net\/fr\/wp-json\/wp\/v2\/types\/page"}],"author":[{"embeddable":true,"href":"https:\/\/ibomberdefensepacific.standardof.net\/fr\/wp-json\/wp\/v2\/users\/1"}],"replies":[{"embeddable":true,"href":"https:\/\/ibomberdefensepacific.standardof.net\/fr\/wp-json\/wp\/v2\/comments?post=206"}],"version-history":[{"count":0,"href":"https:\/\/ibomberdefensepacific.standardof.net\/fr\/wp-json\/wp\/v2\/pages\/206\/revisions"}],"up":[{"embeddable":true,"href":"https:\/\/ibomberdefensepacific.standardof.net\/fr\/wp-json\/wp\/v2\/pages\/164"}],"wp:featuredmedia":[{"embeddable":true,"href":"https:\/\/ibomberdefensepacific.standardof.net\/fr\/wp-json\/wp\/v2\/media\/75"}],"wp:attachment":[{"href":"https:\/\/ibomberdefensepacific.standardof.net\/fr\/wp-json\/wp\/v2\/media?parent=206"}],"curies":[{"name":"wp","href":"https:\/\/api.w.org\/{rel}","templated":true}]}}