{"id":199,"date":"2020-10-21T13:32:06","date_gmt":"2020-10-21T13:32:06","guid":{"rendered":"https:\/\/ibomberdefensepacific.standardof.net\/?page_id=199"},"modified":"2020-10-21T17:21:04","modified_gmt":"2020-10-21T17:21:04","slug":"campaign-mission-08-operation-mai-counterattack","status":"publish","type":"page","link":"https:\/\/ibomberdefensepacific.standardof.net\/fr\/guide\/campagne-mission-08-operation-mai-contre-attaque\/","title":{"rendered":"Mission de campagne 08: Contre-attaque \u00abOp\u00e9ration Mai\u00bb"},"content":{"rendered":"<h2 class=\"wp-block-heading\">Op\u00e9ration Mai: contre-attaque<\/h2>\n\n\n\n<div class=\"wp-block-image\"><figure class=\"aligncenter size-large\"><a href=\"https:\/\/ibomberdefensepacific.standardof.net\/fr\/guide\/campagne-mission-08-operation-mai-contre-attaque\/ibomber-defense-pacific-campaign-mission-08-operation-mai-1-copy\/\"><img decoding=\"async\" width=\"800\" height=\"500\" src=\"https:\/\/ibomberdefensepacific.standardof.net\/wp-content\/uploads\/sites\/6\/2020\/10\/iBomber-Defense-Pacific-Campaign-Mission-08-Operation-Mai-1-copy-800x500.jpg\" alt=\"\u00abiBomber Defense Pacific\u00bb - Mission de campagne 08 - \u00abOp\u00e9ration Mai\u00bb (1)\" class=\"wp-image-69\" srcset=\"https:\/\/ibomberdefensepacific.standardof.net\/wp-content\/uploads\/sites\/6\/2020\/10\/iBomber-Defense-Pacific-Campaign-Mission-08-Operation-Mai-1-copy-800x500.jpg 800w, https:\/\/ibomberdefensepacific.standardof.net\/wp-content\/uploads\/sites\/6\/2020\/10\/iBomber-Defense-Pacific-Campaign-Mission-08-Operation-Mai-1-copy-512x320.jpg 512w, https:\/\/ibomberdefensepacific.standardof.net\/wp-content\/uploads\/sites\/6\/2020\/10\/iBomber-Defense-Pacific-Campaign-Mission-08-Operation-Mai-1-copy-200x125.jpg 200w, https:\/\/ibomberdefensepacific.standardof.net\/wp-content\/uploads\/sites\/6\/2020\/10\/iBomber-Defense-Pacific-Campaign-Mission-08-Operation-Mai-1-copy-768x480.jpg 768w, https:\/\/ibomberdefensepacific.standardof.net\/wp-content\/uploads\/sites\/6\/2020\/10\/iBomber-Defense-Pacific-Campaign-Mission-08-Operation-Mai-1-copy-16x10.jpg 16w, https:\/\/ibomberdefensepacific.standardof.net\/wp-content\/uploads\/sites\/6\/2020\/10\/iBomber-Defense-Pacific-Campaign-Mission-08-Operation-Mai-1-copy.jpg 1280w\" sizes=\"(max-width: 800px) 100vw, 800px\" \/><\/a><figcaption>Les trajectoires des vagues ennemies dans la mission Operation Mai dans \u00abiBomber Defense Pacific\u00bb.<\/figcaption><\/figure><\/div>\n\n\n\n<p><em>Ne laissez pas les pistes d&#039;atterrissage vitales tomber entre les mains de l&#039;ennemi.<\/em><\/p>\n\n\n\n<p>L&#039;op\u00e9ration Mai est la premi\u00e8re mission de contre-attaque en <em>iBomber Defense Pacific<\/em>campagne, \u00e9tant assez similaire au concept du jeu pr\u00e9c\u00e9dent de revenir \u00e0 un champ de bataille pr\u00e9c\u00e9dent pour un autre tour. Dans ce niveau, vous reviendrez \u00e0 <strong><a href=\"https:\/\/ibomberdefensepacific.standardof.net\/fr\/guide\/campagne-mission-05-midway-atoll-sea-attack\/\" class=\"rank-math-link\">Atoll de Midway<\/a><\/strong>, sauf que maintenant vous combattez les ennemis du sol et de la mer pendant 20 vagues. L&#039;\u00e9cran est d\u00e9cal\u00e9 par rapport \u00e0 la fois pr\u00e9c\u00e9dente o\u00f9 vous \u00e9tiez ici, mais la majorit\u00e9 de vos d\u00e9fenses resteront dans le combat, ce qui vous permettra de d\u00e9marrer fort.<\/p>\n\n\n\n<p>En raison de la fa\u00e7on dont les contre-attaques fonctionnent, il est important que vous vous assuriez de terminer les missions le mieux possible, car en finir sur un mauvais pied peut vous mettre en \u00e9chec lorsque vous revenez pour la contre-attaque. Cela devient particuli\u00e8rement important \u00e0 des niveaux ult\u00e9rieurs lorsque les ennemis que vous affrontez deviennent incroyablement forts et n\u00e9cessitent un feu coordonn\u00e9 intense.<\/p>\n\n\n\n<p>Une chose qui peut pr\u00eater \u00e0 confusion (mais dont il est important de se souvenir) est que vous ne revenez pas toujours \u00e0 la mission la plus r\u00e9cente pour une contre-attaque. Parfois, comme dans ce cas, vous revenez de 2 niveaux ou plus \u00e0 l&#039;endroit o\u00f9 vous \u00e9tiez dans la campagne.<\/p>\n\n\n\n<p>Ce guide expliquera comment obtenir un Full House, qui est un tour parfait avec toutes les m\u00e9dailles et 20 points de victoire, au niveau de l&#039;Op\u00e9ration Mai Counterattack du <em>iBomber Defense Pacific<\/em> campagne, jou\u00e9e en difficult\u00e9 V\u00e9t\u00e9ran. En outre, ce guide de mission couvrira \u00e9galement l&#039;objectif secondaire et fournira une vid\u00e9o pas \u00e0 pas.<\/p>\n\n\n\t\t\t\t<div class=\"wp-block-uagb-table-of-contents uagb-toc__align-left uagb-toc__columns-1  uagb-block-fcbd21ad\"\n\t\t\t\t\tdata-scroll= \"1\"\n\t\t\t\t\tdata-offset= \"30\"\n\t\t\t\t\tstyle=\"\"\n\t\t\t\t>\n\t\t\t\t<div class=\"uagb-toc__wrap\">\n\t\t\t\t\t\t<div class=\"uagb-toc__title\">\n\t\t\t\t\t\t\tNavigation dans le guide pas \u00e0 pas:\t\t\t\t\t\t<\/div>\n\t\t\t\t\t\t\t\t\t\t\t\t\t\t\t\t<div class=\"uagb-toc__list-wrap\">\n\t\t\t\t\t\t<ol class=\"uagb-toc__list\"><li class=\"uagb-toc__list\"><a href=\"#secondary-objective\" class=\"uagb-toc-link__trigger\">Objectif secondaire<\/a><li class=\"uagb-toc__list\"><a href=\"#perks-used-for-this-mission\" class=\"uagb-toc-link__trigger\">Avantages utilis\u00e9s pour cette mission:<\/a><li class=\"uagb-toc__list\"><a href=\"#hidden-target\" class=\"uagb-toc-link__trigger\">Cible cach\u00e9e<\/a><li class=\"uagb-toc__list\"><a href=\"#turret-placement\" class=\"uagb-toc-link__trigger\">Placement de la tourelle<\/a><li class=\"uagb-toc__list\"><a href=\"#veteran-difficulty-video-guide\" class=\"uagb-toc-link__trigger\">Guide vid\u00e9o de difficult\u00e9 v\u00e9t\u00e9ran<\/a><\/ol>\t\t\t\t\t<\/div>\n\t\t\t\t\t\t\t\t\t<\/div>\n\t\t\t\t<\/div>\n\t\t\t\n\n\n<hr class=\"wp-block-separator is-style-wide\"\/>\n\n\n\n<h3 class=\"wp-block-heading\">Objectif secondaire<\/h3>\n\n\n\n<p><em>Prot\u00e9gez vos avions.<\/em><\/p>\n\n\n\n<p>Il y a plusieurs ailes d&#039;avions de combat stationn\u00e9es au sol sur le c\u00f4t\u00e9 gauche de la carte, le long des chemins des unit\u00e9s terrestres ennemies. Gr\u00e2ce au placement strat\u00e9gique des tourelles, vous devrez les prot\u00e9ger des dommages, tout en faisant tr\u00e8s attention \u00e0 l&#039;endroit o\u00f9 vous l\u00e2chez vos bombes. Il suffit d&#039;en garder une poign\u00e9e en vie, car il y en a beaucoup \u00e0 \u00e9pargner.<\/p>\n\n\n\n<p><strong>Caisses d&#039;approvisionnement:<\/strong> 4<\/p>\n\n\n\n<p><strong>Points de victoire jusqu&#039;\u00e0 pr\u00e9sent:<\/strong> 140<\/p>\n\n\n\n<ul><li>Mitrailleuse niveau 3<br><sup>Sp\u00e9cialisation X2 Power vs Flamed<\/sup><\/li><li>Canon lvl 3<\/li><li>Bombe niveau 2<\/li><li>Flamer niveau 2<\/li><li>Comms niveau 3<\/li><\/ul>\n\n\n\n<hr class=\"wp-block-separator is-style-wide\"\/>\n\n\n\n<h3 class=\"wp-block-heading\">Avantages utilis\u00e9s pour cette mission:<\/h3>\n\n\n\n<ul><li>Billet vert I<\/li><li>Oeil d&#039;aigle I<\/li><li>Livraison sp\u00e9ciale<\/li><\/ul>\n\n\n\n<p>La livraison sp\u00e9ciale est probablement la plus potentiellement interchangeable, car Fast Fingers serait un autre excellent choix \u00e9tant donn\u00e9 qu&#039;il n&#039;y a que 4 caisses dans ce niveau; cependant, Eagle Eye est important pour le d\u00e9placement rapide entre les cibles n\u00e9cessaires lorsque certaines des attaques sournoises se manifestent. Comme toujours, Greenback est une mise \u00e0 niveau \u00e0 peu pr\u00e8s n\u00e9cessaire pour nous faciliter les choses, en termes de finances.<\/p>\n\n\n\n<hr class=\"wp-block-separator is-style-wide\"\/>\n\n\n\n<h3 class=\"wp-block-heading\">Cible cach\u00e9e<\/h3>\n\n\n\n<p>Il n&#039;y a pas de cible cach\u00e9e dans l&#039;op\u00e9ration Mai. Puisqu&#039;il s&#039;agit d&#039;une mission de contre-attaque, vous avez techniquement d\u00e9j\u00e0 pris soin de la cible cach\u00e9e la derni\u00e8re fois que vous \u00e9tiez ici. C&#039;est la m\u00eame chose pour toutes les autres missions de contre-attaque.<\/p>\n\n\n\n<hr class=\"wp-block-separator is-style-wide\"\/>\n\n\n\n<h3 class=\"wp-block-heading\">Placement de la tourelle<\/h3>\n\n\n\n<figure class=\"wp-block-gallery columns-2 is-cropped wp-block-gallery-1 is-layout-flex wp-block-gallery-is-layout-flex\"><ul class=\"blocks-gallery-grid\"><li class=\"blocks-gallery-item\"><figure><a href=\"https:\/\/ibomberdefensepacific.standardof.net\/fr\/guide\/campagne-mission-08-operation-mai-contre-attaque\/ibomber-defense-pacific-campaign-mission-08-operation-mai-2\/\"><img decoding=\"async\" width=\"800\" height=\"500\" src=\"https:\/\/ibomberdefensepacific.standardof.net\/wp-content\/uploads\/sites\/6\/2020\/10\/iBomber-Defense-Pacific-Campaign-Mission-08-Operation-Mai-2-800x500.jpg\" alt=\"\u00abiBomber Defense Pacific\u00bb - Mission de campagne 08 - \u00abOp\u00e9ration Mai\u00bb (2)\" data-id=\"70\" data-full-url=\"https:\/\/ibomberdefensepacific.standardof.net\/wp-content\/uploads\/sites\/6\/2020\/10\/iBomber-Defense-Pacific-Campaign-Mission-08-Operation-Mai-2.jpg\" data-link=\"https:\/\/ibomberdefensepacific.standardof.net\/guide\/campaign-mission-08-operation-mai-counterattack\/ibomber-defense-pacific-campaign-mission-08-operation-mai-2\/\" class=\"wp-image-70\" srcset=\"https:\/\/ibomberdefensepacific.standardof.net\/wp-content\/uploads\/sites\/6\/2020\/10\/iBomber-Defense-Pacific-Campaign-Mission-08-Operation-Mai-2-800x500.jpg 800w, https:\/\/ibomberdefensepacific.standardof.net\/wp-content\/uploads\/sites\/6\/2020\/10\/iBomber-Defense-Pacific-Campaign-Mission-08-Operation-Mai-2-512x320.jpg 512w, https:\/\/ibomberdefensepacific.standardof.net\/wp-content\/uploads\/sites\/6\/2020\/10\/iBomber-Defense-Pacific-Campaign-Mission-08-Operation-Mai-2-200x125.jpg 200w, https:\/\/ibomberdefensepacific.standardof.net\/wp-content\/uploads\/sites\/6\/2020\/10\/iBomber-Defense-Pacific-Campaign-Mission-08-Operation-Mai-2-768x480.jpg 768w, https:\/\/ibomberdefensepacific.standardof.net\/wp-content\/uploads\/sites\/6\/2020\/10\/iBomber-Defense-Pacific-Campaign-Mission-08-Operation-Mai-2-16x10.jpg 16w, https:\/\/ibomberdefensepacific.standardof.net\/wp-content\/uploads\/sites\/6\/2020\/10\/iBomber-Defense-Pacific-Campaign-Mission-08-Operation-Mai-2.jpg 1280w\" sizes=\"(max-width: 800px) 100vw, 800px\" \/><\/a><figcaption class=\"blocks-gallery-item__caption\">Placement de la tourelle Wave 10 dans l&#039;op\u00e9ration Mai. <\/figcaption><\/figure><\/li><li class=\"blocks-gallery-item\"><figure><a href=\"https:\/\/ibomberdefensepacific.standardof.net\/fr\/guide\/campagne-mission-08-operation-mai-contre-attaque\/ibomber-defense-pacific-campaign-mission-08-operation-mai-3\/\"><img decoding=\"async\" width=\"800\" height=\"500\" src=\"https:\/\/ibomberdefensepacific.standardof.net\/wp-content\/uploads\/sites\/6\/2020\/10\/iBomber-Defense-Pacific-Campaign-Mission-08-Operation-Mai-3-800x500.jpg\" alt=\"\u00abiBomber Defense Pacific\u00bb - Mission de campagne 08 - \u00abOp\u00e9ration Mai\u00bb (3)\" data-id=\"71\" data-full-url=\"https:\/\/ibomberdefensepacific.standardof.net\/wp-content\/uploads\/sites\/6\/2020\/10\/iBomber-Defense-Pacific-Campaign-Mission-08-Operation-Mai-3.jpg\" data-link=\"https:\/\/ibomberdefensepacific.standardof.net\/guide\/campaign-mission-08-operation-mai-counterattack\/ibomber-defense-pacific-campaign-mission-08-operation-mai-3\/\" class=\"wp-image-71\" srcset=\"https:\/\/ibomberdefensepacific.standardof.net\/wp-content\/uploads\/sites\/6\/2020\/10\/iBomber-Defense-Pacific-Campaign-Mission-08-Operation-Mai-3-800x500.jpg 800w, https:\/\/ibomberdefensepacific.standardof.net\/wp-content\/uploads\/sites\/6\/2020\/10\/iBomber-Defense-Pacific-Campaign-Mission-08-Operation-Mai-3-512x320.jpg 512w, https:\/\/ibomberdefensepacific.standardof.net\/wp-content\/uploads\/sites\/6\/2020\/10\/iBomber-Defense-Pacific-Campaign-Mission-08-Operation-Mai-3-200x125.jpg 200w, https:\/\/ibomberdefensepacific.standardof.net\/wp-content\/uploads\/sites\/6\/2020\/10\/iBomber-Defense-Pacific-Campaign-Mission-08-Operation-Mai-3-768x480.jpg 768w, https:\/\/ibomberdefensepacific.standardof.net\/wp-content\/uploads\/sites\/6\/2020\/10\/iBomber-Defense-Pacific-Campaign-Mission-08-Operation-Mai-3-16x10.jpg 16w, https:\/\/ibomberdefensepacific.standardof.net\/wp-content\/uploads\/sites\/6\/2020\/10\/iBomber-Defense-Pacific-Campaign-Mission-08-Operation-Mai-3.jpg 1280w\" sizes=\"(max-width: 800px) 100vw, 800px\" \/><\/a><figcaption class=\"blocks-gallery-item__caption\">Placement de la tourelle Wave 20.<\/figcaption><\/figure><\/li><\/ul><\/figure>\n\n\n\n<p>Le placement des tourelles ici dans l&#039;op\u00e9ration Mai se concentrera principalement sur la construction d&#039;une d\u00e9fense au sol substantielle le long des 2 lignes de vagues au sol tout en investissant une l\u00e9g\u00e8re quantit\u00e9 dans l&#039;\u00eele qui couvre le chemin naval. Consultez le guide de l&#039;atoll de Midway li\u00e9 ci-dessus si vous souhaitez en savoir plus sur les tourelles avec lesquelles ce niveau commence, qui sont report\u00e9es \u00e0 la fin de cette mission.<\/p>\n\n\n\n<p>Comme on le voit sur les deux images ci-dessus, il y a 2 lignes dans lesquelles vous voulez faire vos tourelles au sol, ce qui aide \u00e0 fournir un bouclier pour prot\u00e9ger les m\u00eames lignes d&#039;avions stationn\u00e9es autour de votre base pour l&#039;objectif secondaire. Les bombes seront mieux conserv\u00e9es lorsque des attaques sournoises se manifestent, car elles viennent de nombreuses directions et assez souvent ici. Enfin, essayez de susciter un int\u00e9r\u00eat important lorsque cela est possible car ce niveau pr\u00e9sente certainement des opportunit\u00e9s pour cela, ce qui renforcera par la suite vos options d\u00e9fensives.<\/p>\n\n\n\n<hr class=\"wp-block-separator is-style-wide\"\/>\n\n\n\n<h3 class=\"has-text-align-center wp-block-heading\" id=\"4-veteran-difficulty-video-guide\">Guide vid\u00e9o de difficult\u00e9 v\u00e9t\u00e9ran<\/h3>\n\n\n\n<figure class=\"wp-block-embed-youtube wp-block-embed is-type-video is-provider-youtube wp-embed-aspect-16-9 wp-has-aspect-ratio\"><div class=\"wp-block-embed__wrapper\">\n<div class=\"ast-oembed-container\" style=\"height: 100%;\"><iframe title=\"Operation Mai - M8 iBomber Defense Pacific - Proc\u00e9dure pas \u00e0 pas pour les v\u00e9t\u00e9rans\" width=\"500\" height=\"375\" src=\"https:\/\/www.youtube.com\/embed\/NO4H2rDcIeI?feature=oembed\" frameborder=\"0\" allow=\"accelerometer; autoplay; clipboard-write; encrypted-media; gyroscope; picture-in-picture; web-share\" referrerpolicy=\"strict-origin-when-cross-origin\" allowfullscreen><\/iframe><\/div>\n<\/div><\/figure>","protected":false},"excerpt":{"rendered":"<p>Operation Mai: Counterattack Don&#8217;t let vital airstrips fall into enemy hands. Operation Mai is the first counterattack mission in iBomber Defense Pacific&#8216;s campaign, being quite similar to the previous game&#8217;s concept of returning to a previous battlefield for another round. In this level, you will return to Midway Atoll, except now you&#8217;re fighting enemies from [&hellip;]<\/p>","protected":false},"author":1,"featured_media":71,"parent":164,"menu_order":8,"comment_status":"open","ping_status":"closed","template":"","meta":{"_uag_custom_page_level_css":"","site-sidebar-layout":"default","site-content-layout":"default","ast-site-content-layout":"","site-content-style":"default","site-sidebar-style":"default","ast-global-header-display":"","ast-banner-title-visibility":"","ast-main-header-display":"","ast-hfb-above-header-display":"","ast-hfb-below-header-display":"","ast-hfb-mobile-header-display":"","site-post-title":"","ast-breadcrumbs-content":"","ast-featured-img":"","footer-sml-layout":"","theme-transparent-header-meta":"default","adv-header-id-meta":"","stick-header-meta":"","header-above-stick-meta":"","header-main-stick-meta":"","header-below-stick-meta":"","astra-migrate-meta-layouts":"default","ast-page-background-enabled":"default","ast-page-background-meta":{"desktop":{"background-color":"","background-image":"","background-repeat":"repeat","background-position":"center center","background-size":"auto","background-attachment":"scroll","background-type":"","background-media":"","overlay-type":"","overlay-color":"","overlay-gradient":""},"tablet":{"background-color":"","background-image":"","background-repeat":"repeat","background-position":"center center","background-size":"auto","background-attachment":"scroll","background-type":"","background-media":"","overlay-type":"","overlay-color":"","overlay-gradient":""},"mobile":{"background-color":"","background-image":"","background-repeat":"repeat","background-position":"center center","background-size":"auto","background-attachment":"scroll","background-type":"","background-media":"","overlay-type":"","overlay-color":"","overlay-gradient":""}},"ast-content-background-meta":{"desktop":{"background-color":"var(--ast-global-color-5)","background-image":"","background-repeat":"repeat","background-position":"center center","background-size":"auto","background-attachment":"scroll","background-type":"","background-media":"","overlay-type":"","overlay-color":"","overlay-gradient":""},"tablet":{"background-color":"var(--ast-global-color-5)","background-image":"","background-repeat":"repeat","background-position":"center center","background-size":"auto","background-attachment":"scroll","background-type":"","background-media":"","overlay-type":"","overlay-color":"","overlay-gradient":""},"mobile":{"background-color":"var(--ast-global-color-5)","background-image":"","background-repeat":"repeat","background-position":"center center","background-size":"auto","background-attachment":"scroll","background-type":"","background-media":"","overlay-type":"","overlay-color":"","overlay-gradient":""}},"footnotes":""},"uagb_featured_image_src":{"full":["https:\/\/ibomberdefensepacific.standardof.net\/wp-content\/uploads\/sites\/6\/2020\/10\/iBomber-Defense-Pacific-Campaign-Mission-08-Operation-Mai-3.jpg",1280,800,false],"thumbnail":["https:\/\/ibomberdefensepacific.standardof.net\/wp-content\/uploads\/sites\/6\/2020\/10\/iBomber-Defense-Pacific-Campaign-Mission-08-Operation-Mai-3-200x125.jpg",200,125,true],"medium":["https:\/\/ibomberdefensepacific.standardof.net\/wp-content\/uploads\/sites\/6\/2020\/10\/iBomber-Defense-Pacific-Campaign-Mission-08-Operation-Mai-3-512x320.jpg",512,320,true],"medium_large":["https:\/\/ibomberdefensepacific.standardof.net\/wp-content\/uploads\/sites\/6\/2020\/10\/iBomber-Defense-Pacific-Campaign-Mission-08-Operation-Mai-3-768x480.jpg",768,480,true],"large":["https:\/\/ibomberdefensepacific.standardof.net\/wp-content\/uploads\/sites\/6\/2020\/10\/iBomber-Defense-Pacific-Campaign-Mission-08-Operation-Mai-3-800x500.jpg",800,500,true],"1536x1536":["https:\/\/ibomberdefensepacific.standardof.net\/wp-content\/uploads\/sites\/6\/2020\/10\/iBomber-Defense-Pacific-Campaign-Mission-08-Operation-Mai-3.jpg",1280,800,false],"2048x2048":["https:\/\/ibomberdefensepacific.standardof.net\/wp-content\/uploads\/sites\/6\/2020\/10\/iBomber-Defense-Pacific-Campaign-Mission-08-Operation-Mai-3.jpg",1280,800,false],"trp-custom-language-flag":["https:\/\/ibomberdefensepacific.standardof.net\/wp-content\/uploads\/sites\/6\/2020\/10\/iBomber-Defense-Pacific-Campaign-Mission-08-Operation-Mai-3-16x10.jpg",16,10,true]},"uagb_author_info":{"display_name":"SOE","author_link":"https:\/\/ibomberdefensepacific.standardof.net\/fr\/author\/k-tastic\/"},"uagb_comment_info":0,"uagb_excerpt":"Operation Mai: Counterattack Don&#8217;t let vital airstrips fall into enemy hands. Operation Mai is the first counterattack mission in iBomber Defense Pacific&#8216;s campaign, being quite similar to the previous game&#8217;s concept of returning to a previous battlefield for another round. In this level, you will return to Midway Atoll, except now you&#8217;re fighting enemies from&hellip;","_links":{"self":[{"href":"https:\/\/ibomberdefensepacific.standardof.net\/fr\/wp-json\/wp\/v2\/pages\/199"}],"collection":[{"href":"https:\/\/ibomberdefensepacific.standardof.net\/fr\/wp-json\/wp\/v2\/pages"}],"about":[{"href":"https:\/\/ibomberdefensepacific.standardof.net\/fr\/wp-json\/wp\/v2\/types\/page"}],"author":[{"embeddable":true,"href":"https:\/\/ibomberdefensepacific.standardof.net\/fr\/wp-json\/wp\/v2\/users\/1"}],"replies":[{"embeddable":true,"href":"https:\/\/ibomberdefensepacific.standardof.net\/fr\/wp-json\/wp\/v2\/comments?post=199"}],"version-history":[{"count":0,"href":"https:\/\/ibomberdefensepacific.standardof.net\/fr\/wp-json\/wp\/v2\/pages\/199\/revisions"}],"up":[{"embeddable":true,"href":"https:\/\/ibomberdefensepacific.standardof.net\/fr\/wp-json\/wp\/v2\/pages\/164"}],"wp:featuredmedia":[{"embeddable":true,"href":"https:\/\/ibomberdefensepacific.standardof.net\/fr\/wp-json\/wp\/v2\/media\/71"}],"wp:attachment":[{"href":"https:\/\/ibomberdefensepacific.standardof.net\/fr\/wp-json\/wp\/v2\/media?parent=199"}],"curies":[{"name":"wp","href":"https:\/\/api.w.org\/{rel}","templated":true}]}}