{"id":198,"date":"2020-10-21T13:31:47","date_gmt":"2020-10-21T13:31:47","guid":{"rendered":"https:\/\/ibomberdefensepacific.standardof.net\/?page_id=198"},"modified":"2020-10-21T17:20:52","modified_gmt":"2020-10-21T17:20:52","slug":"campaign-mission-07-edsons-ridge-watchtower","status":"publish","type":"page","link":"https:\/\/ibomberdefensepacific.standardof.net\/fr\/guide\/campagne-mission-07-edsons-ridge-watchtower\/","title":{"rendered":"Mission de campagne 07: Tour de guet \u00abEdsons Ridge\u00bb"},"content":{"rendered":"<h2 class=\"wp-block-heading\">Edsons Ridge: Tour de guet<\/h2>\n\n\n\n<div class=\"wp-block-image\"><figure class=\"aligncenter size-large\"><a href=\"https:\/\/ibomberdefensepacific.standardof.net\/fr\/guide\/campagne-mission-07-edsons-ridge-watchtower\/ibomber-defense-pacific-campaign-mission-07-edsons-ridge-1-copy\/\"><img decoding=\"async\" width=\"800\" height=\"500\" src=\"https:\/\/ibomberdefensepacific.standardof.net\/wp-content\/uploads\/sites\/6\/2020\/10\/iBomber-Defense-Pacific-Campaign-Mission-07-Edsons-Ridge-1-copy-800x500.jpg\" alt=\"&quot;iBomber Defense Pacific&quot; - Mission de campagne 07 - &quot;Edsons Ridge&quot; (1)\" class=\"wp-image-65\" srcset=\"https:\/\/ibomberdefensepacific.standardof.net\/wp-content\/uploads\/sites\/6\/2020\/10\/iBomber-Defense-Pacific-Campaign-Mission-07-Edsons-Ridge-1-copy-800x500.jpg 800w, https:\/\/ibomberdefensepacific.standardof.net\/wp-content\/uploads\/sites\/6\/2020\/10\/iBomber-Defense-Pacific-Campaign-Mission-07-Edsons-Ridge-1-copy-512x320.jpg 512w, https:\/\/ibomberdefensepacific.standardof.net\/wp-content\/uploads\/sites\/6\/2020\/10\/iBomber-Defense-Pacific-Campaign-Mission-07-Edsons-Ridge-1-copy-200x125.jpg 200w, https:\/\/ibomberdefensepacific.standardof.net\/wp-content\/uploads\/sites\/6\/2020\/10\/iBomber-Defense-Pacific-Campaign-Mission-07-Edsons-Ridge-1-copy-768x480.jpg 768w, https:\/\/ibomberdefensepacific.standardof.net\/wp-content\/uploads\/sites\/6\/2020\/10\/iBomber-Defense-Pacific-Campaign-Mission-07-Edsons-Ridge-1-copy-16x10.jpg 16w, https:\/\/ibomberdefensepacific.standardof.net\/wp-content\/uploads\/sites\/6\/2020\/10\/iBomber-Defense-Pacific-Campaign-Mission-07-Edsons-Ridge-1-copy.jpg 1280w\" sizes=\"(max-width: 800px) 100vw, 800px\" \/><\/a><figcaption>Chemin d&#039;attaque des unit\u00e9s ennemies dessin\u00e9 en rouge avec des d\u00e9routes d&#039;attaque secr\u00e8tes trac\u00e9es avec des fl\u00e8ches bleues \u00e0 Edsons Ridge.<\/figcaption><\/figure><\/div>\n\n\n\n<p><em>Prot\u00e9gez les voies de communication entre les \u00c9tats-Unis, l&#039;Australie et la Nouvelle-Z\u00e9lande en d\u00e9tenant une position aux Salomon.<\/em><\/p>\n\n\n\n<p>Dans Edsons Ridge, vous \u00eates charg\u00e9 de prot\u00e9ger votre base dans la partie sup\u00e9rieure droite de la carte d&#039;un seul chemin d&#039;unit\u00e9s au sol qui s&#039;approchent du bas \u00e0 gauche, cr\u00e9ant une courbe de presque 90 degr\u00e9s au centre de la carte pour 20 vagues. Il y aura deux approches principales pour les unit\u00e9s qui attaquent furtivement: le chemin en haut \u00e0 gauche qui va vers le centre de la carte et le chemin autour du lac, ainsi que le lac lui-m\u00eame lorsqu&#039;une seule unit\u00e9 navale se pr\u00e9sente finalement.<\/p>\n\n\n\n<p>Ce guide expliquera comment obtenir un Full House, qui est un tour parfait avec toutes les m\u00e9dailles et 20 points de victoire, au niveau d&#039;Edsons Ridge du <em>iBomber Defense Pacific<\/em> campagne, jou\u00e9e en difficult\u00e9 V\u00e9t\u00e9ran. De plus, ce guide de mission couvrira l&#039;objectif secondaire et la cible cach\u00e9e avec une vid\u00e9o pas \u00e0 pas.<\/p>\n\n\n\t\t\t\t<div class=\"wp-block-uagb-table-of-contents uagb-toc__align-left uagb-toc__columns-1  uagb-block-00ab8ad6\"\n\t\t\t\t\tdata-scroll= \"1\"\n\t\t\t\t\tdata-offset= \"30\"\n\t\t\t\t\tstyle=\"\"\n\t\t\t\t>\n\t\t\t\t<div class=\"uagb-toc__wrap\">\n\t\t\t\t\t\t<div class=\"uagb-toc__title\">\n\t\t\t\t\t\t\tNavigation dans le guide pas \u00e0 pas:\t\t\t\t\t\t<\/div>\n\t\t\t\t\t\t\t\t\t\t\t\t\t\t\t\t<div class=\"uagb-toc__list-wrap\">\n\t\t\t\t\t\t<ol class=\"uagb-toc__list\"><li class=\"uagb-toc__list\"><a href=\"#secondary-objective\" class=\"uagb-toc-link__trigger\">Objectif secondaire<\/a><li class=\"uagb-toc__list\"><a href=\"#perks-used-for-this-mission\" class=\"uagb-toc-link__trigger\">Avantages utilis\u00e9s pour cette mission:<\/a><li class=\"uagb-toc__list\"><a href=\"#hidden-target\" class=\"uagb-toc-link__trigger\">Cible cach\u00e9e<\/a><li class=\"uagb-toc__list\"><a href=\"#turret-placement\" class=\"uagb-toc-link__trigger\">Placement de la tourelle<\/a><li class=\"uagb-toc__list\"><a href=\"#veteran-difficulty-video-guide\" class=\"uagb-toc-link__trigger\">Guide vid\u00e9o de difficult\u00e9 v\u00e9t\u00e9ran<\/a><\/ol>\t\t\t\t\t<\/div>\n\t\t\t\t\t\t\t\t\t<\/div>\n\t\t\t\t<\/div>\n\t\t\t\n\n\n<hr class=\"wp-block-separator is-style-wide\"\/>\n\n\n\n<h3 class=\"wp-block-heading\">Objectif secondaire<\/h3>\n\n\n\n<p><em>La communication dans la r\u00e9gion est m\u00e9diocre. Construisez des communications. tours pour aider l&#039;effort de guerre.<\/em><\/p>\n\n\n\n<p>Edsons Ridge introduit la tour de communication dans la campagne, qui augmentera l&#039;efficacit\u00e9 des tourelles sous sa port\u00e9e (\u00e0 l&#039;exception des bombes) tout en vous aidant \u00e0 accumuler des int\u00e9r\u00eats sur les fonds \u00e9conomis\u00e9s \u00e0 la fin de chaque vague. Pour satisfaire votre objectif secondaire, vous devrez placer 5 de ces tours autour de la carte et les faire survivre jusqu&#039;\u00e0 la fin du niveau.<\/p>\n\n\n\n<p><strong>Caisses d&#039;approvisionnement:<\/strong> 5<\/p>\n\n\n\n<p><strong>Points de victoire jusqu&#039;\u00e0 pr\u00e9sent:<\/strong> 120<\/p>\n\n\n\n<ul><li>Mitrailleuse niveau 3<br>Sp\u00e9cialisation X2 Power vs Flamed<\/li><li>Canon lvl 3<\/li><li>Bombe niveau 2<\/li><li>Flamer niveau 2<\/li><\/ul>\n\n\n\n<hr class=\"wp-block-separator is-style-wide\"\/>\n\n\n\n<h3 class=\"wp-block-heading\">Avantages utilis\u00e9s pour cette mission:<\/h3>\n\n\n\n<ul><li>Billet vert I<\/li><li>Oeil d&#039;aigle I<\/li><li>Livraison sp\u00e9ciale<\/li><\/ul>\n\n\n\n<p>La livraison sp\u00e9ciale devrait maintenant \u00eatre d\u00e9verrouill\u00e9e, ce qui vous permet d&#039;augmenter la valeur des caisses de fournitures que vous ouvrez de 20 \u00e0 30 cr\u00e9dits, une aide importante pour accumuler les fonds n\u00e9cessaires pour les 5 tours de communication. Une vis\u00e9e plus rapide aide vos tourelles \u00e0 \u00eatre un peu plus rapides lors du tirage au sort, dont vous aurez besoin avec une grande partie de vos fonds allant aux tours de communication non offensives.<\/p>\n\n\n\n<hr class=\"wp-block-separator is-style-wide\"\/>\n\n\n\n<h3 class=\"wp-block-heading\">Cible cach\u00e9e<\/h3>\n\n\n\n<p>La cible cach\u00e9e est un peu difficile \u00e0 voir, mais si vous regardez la position 2 heures du petit plan d&#039;eau sur la carte, vous verrez un peu de plage puis une seule petite cabane partiellement couverte d&#039;arbres au la ligne de la for\u00eat. Cette petite hutte est votre cible cach\u00e9e.<\/p>\n\n\n\n<div class=\"wp-block-image\"><figure class=\"aligncenter size-large\"><a href=\"https:\/\/ibomberdefensepacific.standardof.net\/fr\/guide\/campagne-mission-07-edsons-ridge-watchtower\/ibomber-defense-pacific-campaign-mission-07-edsons-ridge-2\/\"><img decoding=\"async\" width=\"393\" height=\"271\" src=\"https:\/\/ibomberdefensepacific.standardof.net\/wp-content\/uploads\/sites\/6\/2020\/10\/iBomber-Defense-Pacific-Campaign-Mission-07-Edsons-Ridge-2.jpg\" alt=\"&quot;iBomber Defense Pacific&quot; - Mission de campagne 07 - &quot;Edsons Ridge&quot; (2)\" class=\"wp-image-66\" srcset=\"https:\/\/ibomberdefensepacific.standardof.net\/wp-content\/uploads\/sites\/6\/2020\/10\/iBomber-Defense-Pacific-Campaign-Mission-07-Edsons-Ridge-2.jpg 393w, https:\/\/ibomberdefensepacific.standardof.net\/wp-content\/uploads\/sites\/6\/2020\/10\/iBomber-Defense-Pacific-Campaign-Mission-07-Edsons-Ridge-2-200x138.jpg 200w, https:\/\/ibomberdefensepacific.standardof.net\/wp-content\/uploads\/sites\/6\/2020\/10\/iBomber-Defense-Pacific-Campaign-Mission-07-Edsons-Ridge-2-16x12.jpg 16w\" sizes=\"(max-width: 393px) 100vw, 393px\" \/><\/a><figcaption>La cible cach\u00e9e, petite hutte, nich\u00e9e dans la limite des arbres le long du bord de l&#039;eau.<\/figcaption><\/figure><\/div>\n\n\n\n<hr class=\"wp-block-separator is-style-wide\"\/>\n\n\n\n<h3 class=\"wp-block-heading\">Placement de la tourelle<\/h3>\n\n\n\n<figure class=\"wp-block-gallery columns-2 is-cropped wp-block-gallery-1 is-layout-flex wp-block-gallery-is-layout-flex\"><ul class=\"blocks-gallery-grid\"><li class=\"blocks-gallery-item\"><figure><a href=\"https:\/\/ibomberdefensepacific.standardof.net\/fr\/guide\/campagne-mission-07-edsons-ridge-watchtower\/ibomber-defense-pacific-campaign-mission-07-edsons-ridge-3\/\"><img decoding=\"async\" width=\"800\" height=\"500\" src=\"https:\/\/ibomberdefensepacific.standardof.net\/wp-content\/uploads\/sites\/6\/2020\/10\/iBomber-Defense-Pacific-Campaign-Mission-07-Edsons-Ridge-3-800x500.jpg\" alt=\"&quot;iBomber Defense Pacific&quot; - Mission de campagne 07 - &quot;Edsons Ridge&quot; (3)\" data-id=\"67\" data-full-url=\"https:\/\/ibomberdefensepacific.standardof.net\/wp-content\/uploads\/sites\/6\/2020\/10\/iBomber-Defense-Pacific-Campaign-Mission-07-Edsons-Ridge-3.jpg\" data-link=\"https:\/\/ibomberdefensepacific.standardof.net\/guide\/campaign-mission-07-edsons-ridge-watchtower\/ibomber-defense-pacific-campaign-mission-07-edsons-ridge-3\/\" class=\"wp-image-67\" srcset=\"https:\/\/ibomberdefensepacific.standardof.net\/wp-content\/uploads\/sites\/6\/2020\/10\/iBomber-Defense-Pacific-Campaign-Mission-07-Edsons-Ridge-3-800x500.jpg 800w, https:\/\/ibomberdefensepacific.standardof.net\/wp-content\/uploads\/sites\/6\/2020\/10\/iBomber-Defense-Pacific-Campaign-Mission-07-Edsons-Ridge-3-512x320.jpg 512w, https:\/\/ibomberdefensepacific.standardof.net\/wp-content\/uploads\/sites\/6\/2020\/10\/iBomber-Defense-Pacific-Campaign-Mission-07-Edsons-Ridge-3-200x125.jpg 200w, https:\/\/ibomberdefensepacific.standardof.net\/wp-content\/uploads\/sites\/6\/2020\/10\/iBomber-Defense-Pacific-Campaign-Mission-07-Edsons-Ridge-3-768x480.jpg 768w, https:\/\/ibomberdefensepacific.standardof.net\/wp-content\/uploads\/sites\/6\/2020\/10\/iBomber-Defense-Pacific-Campaign-Mission-07-Edsons-Ridge-3-16x10.jpg 16w, https:\/\/ibomberdefensepacific.standardof.net\/wp-content\/uploads\/sites\/6\/2020\/10\/iBomber-Defense-Pacific-Campaign-Mission-07-Edsons-Ridge-3.jpg 1280w\" sizes=\"(max-width: 800px) 100vw, 800px\" \/><\/a><figcaption class=\"blocks-gallery-item__caption\">Placement de la tourelle Wave 10 \u00e0 Edsons Ridge.<\/figcaption><\/figure><\/li><li class=\"blocks-gallery-item\"><figure><a href=\"https:\/\/ibomberdefensepacific.standardof.net\/fr\/guide\/campagne-mission-07-edsons-ridge-watchtower\/ibomber-defense-pacific-campaign-mission-07-edsons-ridge-4\/\"><img decoding=\"async\" width=\"800\" height=\"500\" src=\"https:\/\/ibomberdefensepacific.standardof.net\/wp-content\/uploads\/sites\/6\/2020\/10\/iBomber-Defense-Pacific-Campaign-Mission-07-Edsons-Ridge-4-800x500.jpg\" alt=\"&quot;iBomber Defense Pacific&quot; - Mission de campagne 07 - &quot;Edsons Ridge&quot; (4)\" data-id=\"68\" data-full-url=\"https:\/\/ibomberdefensepacific.standardof.net\/wp-content\/uploads\/sites\/6\/2020\/10\/iBomber-Defense-Pacific-Campaign-Mission-07-Edsons-Ridge-4.jpg\" data-link=\"https:\/\/ibomberdefensepacific.standardof.net\/guide\/campaign-mission-07-edsons-ridge-watchtower\/ibomber-defense-pacific-campaign-mission-07-edsons-ridge-4\/\" class=\"wp-image-68\" srcset=\"https:\/\/ibomberdefensepacific.standardof.net\/wp-content\/uploads\/sites\/6\/2020\/10\/iBomber-Defense-Pacific-Campaign-Mission-07-Edsons-Ridge-4-800x500.jpg 800w, https:\/\/ibomberdefensepacific.standardof.net\/wp-content\/uploads\/sites\/6\/2020\/10\/iBomber-Defense-Pacific-Campaign-Mission-07-Edsons-Ridge-4-512x320.jpg 512w, https:\/\/ibomberdefensepacific.standardof.net\/wp-content\/uploads\/sites\/6\/2020\/10\/iBomber-Defense-Pacific-Campaign-Mission-07-Edsons-Ridge-4-200x125.jpg 200w, https:\/\/ibomberdefensepacific.standardof.net\/wp-content\/uploads\/sites\/6\/2020\/10\/iBomber-Defense-Pacific-Campaign-Mission-07-Edsons-Ridge-4-768x480.jpg 768w, https:\/\/ibomberdefensepacific.standardof.net\/wp-content\/uploads\/sites\/6\/2020\/10\/iBomber-Defense-Pacific-Campaign-Mission-07-Edsons-Ridge-4-16x10.jpg 16w, https:\/\/ibomberdefensepacific.standardof.net\/wp-content\/uploads\/sites\/6\/2020\/10\/iBomber-Defense-Pacific-Campaign-Mission-07-Edsons-Ridge-4.jpg 1280w\" sizes=\"(max-width: 800px) 100vw, 800px\" \/><\/a><figcaption class=\"blocks-gallery-item__caption\">Positionnement de la tourelle Wave 20 avec les 5 tours de communication abaiss\u00e9es.<\/figcaption><\/figure><\/li><\/ul><\/figure>\n\n\n\n<p>La mise en place de la tourelle \u00e0 Edsons Ridge devrait commencer par l&#039;installation d&#039;une paire de mitrailleuses et d&#039;un syst\u00e8me de communication sur le petit plateau rocheux au centre de la carte pr\u00e8s du virage, car c&#039;est le meilleur point de tir sur la carte. Il est pr\u00e9f\u00e9rable de commencer \u00e0 placer les Comms d\u00e8s le d\u00e9but, car leur dynamisme et leur int\u00e9r\u00eat vous aideront \u00e0 long terme. Utilisez ces tourelles pour ouvrir les caisses bloquant les deux derniers points sur les hauteurs entre les vagues pour y placer \u00e9ventuellement une paire de canons.<\/p>\n\n\n\n<p>Les deux autres strat\u00e9gies de placement importantes ici consistent \u00e0 travailler sur une paire de tourelles \u00e0 bombes pour g\u00e9rer les caisses et les attaques secr\u00e8tes et une base en avant du groupe de plateau comprenant une mitrailleuse et un lance-flammes pour ralentir l&#039;avanc\u00e9e des vagues. Finalement, vous aurez besoin de bombes pour la vague finale lorsque vous commencerez \u00e0 d\u00e9poser la plupart de votre argent sur les communications, car cela enl\u00e8vera des fonds aux tourelles qui causent des d\u00e9g\u00e2ts.<\/p>\n\n\n\n<hr class=\"wp-block-separator is-style-wide\"\/>\n\n\n\n<h3 class=\"has-text-align-center wp-block-heading\" id=\"4-veteran-difficulty-video-guide\">Guide vid\u00e9o de difficult\u00e9 v\u00e9t\u00e9ran<\/h3>\n\n\n\n<figure class=\"wp-block-embed-youtube wp-block-embed is-type-video is-provider-youtube wp-embed-aspect-16-9 wp-has-aspect-ratio\"><div class=\"wp-block-embed__wrapper\">\n<div class=\"ast-oembed-container\" style=\"height: 100%;\"><iframe title=\"Edsons Ridge - M7 iBomber Defense Pacific - Proc\u00e9dure pas \u00e0 pas pour les v\u00e9t\u00e9rans\" width=\"500\" height=\"375\" src=\"https:\/\/www.youtube.com\/embed\/1aC9t3RIrVo?feature=oembed\" frameborder=\"0\" allow=\"accelerometer; autoplay; clipboard-write; encrypted-media; gyroscope; picture-in-picture; web-share\" referrerpolicy=\"strict-origin-when-cross-origin\" allowfullscreen><\/iframe><\/div>\n<\/div><\/figure>","protected":false},"excerpt":{"rendered":"<p>Edsons Ridge: Watchtower Protect communication routes between the U.S., Australia, and New Zealand by holding position in the Solomons. In Edsons Ridge, you are tasked with protecting your base in the top right portion of the map from a single path of ground units that approach from the bottom left, making an almost 90-degree curve [&hellip;]<\/p>","protected":false},"author":1,"featured_media":68,"parent":164,"menu_order":7,"comment_status":"open","ping_status":"closed","template":"","meta":{"_uag_custom_page_level_css":"","site-sidebar-layout":"default","site-content-layout":"default","ast-site-content-layout":"","site-content-style":"default","site-sidebar-style":"default","ast-global-header-display":"","ast-banner-title-visibility":"","ast-main-header-display":"","ast-hfb-above-header-display":"","ast-hfb-below-header-display":"","ast-hfb-mobile-header-display":"","site-post-title":"","ast-breadcrumbs-content":"","ast-featured-img":"","footer-sml-layout":"","theme-transparent-header-meta":"default","adv-header-id-meta":"","stick-header-meta":"","header-above-stick-meta":"","header-main-stick-meta":"","header-below-stick-meta":"","astra-migrate-meta-layouts":"default","ast-page-background-enabled":"default","ast-page-background-meta":{"desktop":{"background-color":"","background-image":"","background-repeat":"repeat","background-position":"center center","background-size":"auto","background-attachment":"scroll","background-type":"","background-media":"","overlay-type":"","overlay-color":"","overlay-gradient":""},"tablet":{"background-color":"","background-image":"","background-repeat":"repeat","background-position":"center center","background-size":"auto","background-attachment":"scroll","background-type":"","background-media":"","overlay-type":"","overlay-color":"","overlay-gradient":""},"mobile":{"background-color":"","background-image":"","background-repeat":"repeat","background-position":"center center","background-size":"auto","background-attachment":"scroll","background-type":"","background-media":"","overlay-type":"","overlay-color":"","overlay-gradient":""}},"ast-content-background-meta":{"desktop":{"background-color":"var(--ast-global-color-5)","background-image":"","background-repeat":"repeat","background-position":"center center","background-size":"auto","background-attachment":"scroll","background-type":"","background-media":"","overlay-type":"","overlay-color":"","overlay-gradient":""},"tablet":{"background-color":"var(--ast-global-color-5)","background-image":"","background-repeat":"repeat","background-position":"center center","background-size":"auto","background-attachment":"scroll","background-type":"","background-media":"","overlay-type":"","overlay-color":"","overlay-gradient":""},"mobile":{"background-color":"var(--ast-global-color-5)","background-image":"","background-repeat":"repeat","background-position":"center center","background-size":"auto","background-attachment":"scroll","background-type":"","background-media":"","overlay-type":"","overlay-color":"","overlay-gradient":""}},"footnotes":""},"uagb_featured_image_src":{"full":["https:\/\/ibomberdefensepacific.standardof.net\/wp-content\/uploads\/sites\/6\/2020\/10\/iBomber-Defense-Pacific-Campaign-Mission-07-Edsons-Ridge-4.jpg",1280,800,false],"thumbnail":["https:\/\/ibomberdefensepacific.standardof.net\/wp-content\/uploads\/sites\/6\/2020\/10\/iBomber-Defense-Pacific-Campaign-Mission-07-Edsons-Ridge-4-200x125.jpg",200,125,true],"medium":["https:\/\/ibomberdefensepacific.standardof.net\/wp-content\/uploads\/sites\/6\/2020\/10\/iBomber-Defense-Pacific-Campaign-Mission-07-Edsons-Ridge-4-512x320.jpg",512,320,true],"medium_large":["https:\/\/ibomberdefensepacific.standardof.net\/wp-content\/uploads\/sites\/6\/2020\/10\/iBomber-Defense-Pacific-Campaign-Mission-07-Edsons-Ridge-4-768x480.jpg",768,480,true],"large":["https:\/\/ibomberdefensepacific.standardof.net\/wp-content\/uploads\/sites\/6\/2020\/10\/iBomber-Defense-Pacific-Campaign-Mission-07-Edsons-Ridge-4-800x500.jpg",800,500,true],"1536x1536":["https:\/\/ibomberdefensepacific.standardof.net\/wp-content\/uploads\/sites\/6\/2020\/10\/iBomber-Defense-Pacific-Campaign-Mission-07-Edsons-Ridge-4.jpg",1280,800,false],"2048x2048":["https:\/\/ibomberdefensepacific.standardof.net\/wp-content\/uploads\/sites\/6\/2020\/10\/iBomber-Defense-Pacific-Campaign-Mission-07-Edsons-Ridge-4.jpg",1280,800,false],"trp-custom-language-flag":["https:\/\/ibomberdefensepacific.standardof.net\/wp-content\/uploads\/sites\/6\/2020\/10\/iBomber-Defense-Pacific-Campaign-Mission-07-Edsons-Ridge-4-16x10.jpg",16,10,true]},"uagb_author_info":{"display_name":"SOE","author_link":"https:\/\/ibomberdefensepacific.standardof.net\/fr\/author\/k-tastic\/"},"uagb_comment_info":0,"uagb_excerpt":"Edsons Ridge: Watchtower Protect communication routes between the U.S., Australia, and New Zealand by holding position in the Solomons. In Edsons Ridge, you are tasked with protecting your base in the top right portion of the map from a single path of ground units that approach from the bottom left, making an almost 90-degree curve&hellip;","_links":{"self":[{"href":"https:\/\/ibomberdefensepacific.standardof.net\/fr\/wp-json\/wp\/v2\/pages\/198"}],"collection":[{"href":"https:\/\/ibomberdefensepacific.standardof.net\/fr\/wp-json\/wp\/v2\/pages"}],"about":[{"href":"https:\/\/ibomberdefensepacific.standardof.net\/fr\/wp-json\/wp\/v2\/types\/page"}],"author":[{"embeddable":true,"href":"https:\/\/ibomberdefensepacific.standardof.net\/fr\/wp-json\/wp\/v2\/users\/1"}],"replies":[{"embeddable":true,"href":"https:\/\/ibomberdefensepacific.standardof.net\/fr\/wp-json\/wp\/v2\/comments?post=198"}],"version-history":[{"count":0,"href":"https:\/\/ibomberdefensepacific.standardof.net\/fr\/wp-json\/wp\/v2\/pages\/198\/revisions"}],"up":[{"embeddable":true,"href":"https:\/\/ibomberdefensepacific.standardof.net\/fr\/wp-json\/wp\/v2\/pages\/164"}],"wp:featuredmedia":[{"embeddable":true,"href":"https:\/\/ibomberdefensepacific.standardof.net\/fr\/wp-json\/wp\/v2\/media\/68"}],"wp:attachment":[{"href":"https:\/\/ibomberdefensepacific.standardof.net\/fr\/wp-json\/wp\/v2\/media?parent=198"}],"curies":[{"name":"wp","href":"https:\/\/api.w.org\/{rel}","templated":true}]}}