{"id":197,"date":"2020-10-21T13:31:27","date_gmt":"2020-10-21T13:31:27","guid":{"rendered":"https:\/\/ibomberdefensepacific.standardof.net\/?page_id=197"},"modified":"2020-10-21T17:20:42","modified_gmt":"2020-10-21T17:20:42","slug":"campaign-mission-06-tulagi-south-pacific","status":"publish","type":"page","link":"https:\/\/ibomberdefensepacific.standardof.net\/fr\/guide\/campagne-mission-06-tulagi-sud-pacifique\/","title":{"rendered":"Mission de campagne 06: \u00abTulagi\u00bb Pacifique Sud"},"content":{"rendered":"<h2 class=\"wp-block-heading\">Tulagi: Pacifique Sud<\/h2>\n\n\n\n<div class=\"wp-block-image\"><figure class=\"aligncenter size-large\"><a href=\"https:\/\/ibomberdefensepacific.standardof.net\/fr\/guide\/campagne-mission-06-tulagi-sud-pacifique\/ibomber-defense-pacific-campaign-mission-06-tulagi-1\/\"><img decoding=\"async\" width=\"800\" height=\"450\" src=\"https:\/\/ibomberdefensepacific.standardof.net\/wp-content\/uploads\/sites\/6\/2020\/10\/iBomber-Defense-Pacific-Campaign-Mission-06-Tulagi-1-800x450.jpg\" alt=\"&quot;iBomber Defense Pacific&quot; - Mission de campagne 06 - &quot;Tulagi&quot; (1)\" class=\"wp-image-60\" srcset=\"https:\/\/ibomberdefensepacific.standardof.net\/wp-content\/uploads\/sites\/6\/2020\/10\/iBomber-Defense-Pacific-Campaign-Mission-06-Tulagi-1-800x450.jpg 800w, https:\/\/ibomberdefensepacific.standardof.net\/wp-content\/uploads\/sites\/6\/2020\/10\/iBomber-Defense-Pacific-Campaign-Mission-06-Tulagi-1-512x288.jpg 512w, https:\/\/ibomberdefensepacific.standardof.net\/wp-content\/uploads\/sites\/6\/2020\/10\/iBomber-Defense-Pacific-Campaign-Mission-06-Tulagi-1-200x113.jpg 200w, https:\/\/ibomberdefensepacific.standardof.net\/wp-content\/uploads\/sites\/6\/2020\/10\/iBomber-Defense-Pacific-Campaign-Mission-06-Tulagi-1-768x432.jpg 768w, https:\/\/ibomberdefensepacific.standardof.net\/wp-content\/uploads\/sites\/6\/2020\/10\/iBomber-Defense-Pacific-Campaign-Mission-06-Tulagi-1-16x9.jpg 16w, https:\/\/ibomberdefensepacific.standardof.net\/wp-content\/uploads\/sites\/6\/2020\/10\/iBomber-Defense-Pacific-Campaign-Mission-06-Tulagi-1.jpg 1280w\" sizes=\"(max-width: 800px) 100vw, 800px\" \/><\/a><figcaption>Le principal trajet des vagues de l&#039;ennemi \u00e0 Tulagi dessin\u00e9 en rouge<\/figcaption><\/figure><\/div>\n\n\n\n<p><em>Emp\u00eachez l&#039;ennemi de prendre le contr\u00f4le de Tulagi et de construire une base d&#039;hydravions.<\/em><\/p>\n\n\n\n<p>\u00c0 Tulagi, votre base est positionn\u00e9e \u00e0 gauche de la carte, avec une paire de chemins qui en sortent: l&#039;un court et vers le nord, l&#039;autre plus long et tournant autour du sud avant de se diriger vers le nord-est. Vous ne serez attaqu\u00e9 que par des unit\u00e9s terrestres le long du chemin unique et plus long; cependant, vous ferez face \u00e0 des attaques sournoises venant d&#039;autres directions. Les deux chars alli\u00e9s pr\u00e8s de votre base sont juste pour le spectacle.<\/p>\n\n\n\n<p>Ce guide expliquera comment obtenir un Full House, qui est un tour parfait avec toutes les m\u00e9dailles et 20 points de victoire, au niveau Tulagi du <em>iBomber Defense Pacific<\/em> campagne, jou\u00e9e en difficult\u00e9 V\u00e9t\u00e9ran. De plus, ce guide de mission couvrira l&#039;objectif secondaire et la cible cach\u00e9e avec une vid\u00e9o pas \u00e0 pas.<\/p>\n\n\n\t\t\t\t<div class=\"wp-block-uagb-table-of-contents uagb-toc__align-left uagb-toc__columns-1  uagb-block-ae3afce6\"\n\t\t\t\t\tdata-scroll= \"1\"\n\t\t\t\t\tdata-offset= \"30\"\n\t\t\t\t\tstyle=\"\"\n\t\t\t\t>\n\t\t\t\t<div class=\"uagb-toc__wrap\">\n\t\t\t\t\t\t<div class=\"uagb-toc__title\">\n\t\t\t\t\t\t\tNavigation dans le guide pas \u00e0 pas:\t\t\t\t\t\t<\/div>\n\t\t\t\t\t\t\t\t\t\t\t\t\t\t\t\t<div class=\"uagb-toc__list-wrap\">\n\t\t\t\t\t\t<ol class=\"uagb-toc__list\"><li class=\"uagb-toc__list\"><a href=\"#secondary-objective\" class=\"uagb-toc-link__trigger\">Objectif secondaire<\/a><li class=\"uagb-toc__list\"><a href=\"#perks-used-for-this-mission\" class=\"uagb-toc-link__trigger\">Avantages utilis\u00e9s pour cette mission:<\/a><li class=\"uagb-toc__list\"><a href=\"#hidden-target\" class=\"uagb-toc-link__trigger\">Cible cach\u00e9e<\/a><li class=\"uagb-toc__list\"><a href=\"#turret-placement\" class=\"uagb-toc-link__trigger\">Placement de la tourelle<\/a><li class=\"uagb-toc__list\"><a href=\"#veteran-difficulty-video-guide\" class=\"uagb-toc-link__trigger\">Guide vid\u00e9o de difficult\u00e9 v\u00e9t\u00e9ran<\/a><\/ol>\t\t\t\t\t<\/div>\n\t\t\t\t\t\t\t\t\t<\/div>\n\t\t\t\t<\/div>\n\t\t\t\n\n\n<hr class=\"wp-block-separator is-style-wide\"\/>\n\n\n\n<h3 class=\"wp-block-heading\">Objectif secondaire<\/h3>\n\n\n\n<p><em>D\u00e9truisez le quartier g\u00e9n\u00e9ral ennemi.<\/em><\/p>\n\n\n\n<p>Dans ce niveau, il y aura une base ennemie \u00e0 droite de la v\u00f4tre, de l&#039;autre c\u00f4t\u00e9 du chemin de vague principal d&#039;o\u00f9 vous pourrez placer vos tourelles, que vous devrez d\u00e9truire pour cet objectif secondaire. Au total, il ne faudrait que 3 bombes bien plac\u00e9es pour \u00e9liminer la base et satisfaire les objectifs. Gardez \u00e0 l&#039;esprit que la base est constitu\u00e9e de l&#039;ensemble du groupe de b\u00e2timents, pas seulement de l&#039;installation principale elle-m\u00eame.<\/p>\n\n\n\n<div class=\"wp-block-image\"><figure class=\"aligncenter size-large\"><a href=\"https:\/\/ibomberdefensepacific.standardof.net\/fr\/guide\/campagne-mission-06-tulagi-sud-pacifique\/ibomber-defense-pacific-campaign-mission-06-tulagi-2\/\"><img decoding=\"async\" width=\"407\" height=\"323\" src=\"https:\/\/ibomberdefensepacific.standardof.net\/wp-content\/uploads\/sites\/6\/2020\/10\/iBomber-Defense-Pacific-Campaign-Mission-06-Tulagi-2.jpg\" alt=\"&quot;iBomber Defense Pacific&quot; - Mission de campagne 06 - &quot;Tulagi&quot; (2)\" class=\"wp-image-61\" srcset=\"https:\/\/ibomberdefensepacific.standardof.net\/wp-content\/uploads\/sites\/6\/2020\/10\/iBomber-Defense-Pacific-Campaign-Mission-06-Tulagi-2.jpg 407w, https:\/\/ibomberdefensepacific.standardof.net\/wp-content\/uploads\/sites\/6\/2020\/10\/iBomber-Defense-Pacific-Campaign-Mission-06-Tulagi-2-200x159.jpg 200w, https:\/\/ibomberdefensepacific.standardof.net\/wp-content\/uploads\/sites\/6\/2020\/10\/iBomber-Defense-Pacific-Campaign-Mission-06-Tulagi-2-16x12.jpg 16w\" sizes=\"(max-width: 407px) 100vw, 407px\" \/><\/a><figcaption>La base ennemie que vous devez d\u00e9truire pour l&#039;objectif secondaire avec des marqueurs de placement de bombe dessin\u00e9s en X rouges.<\/figcaption><\/figure><\/div>\n\n\n\n<p><strong>Caisses d&#039;approvisionnement:<\/strong> 4<\/p>\n\n\n\n<p><strong>Points de victoire d\u00e9pens\u00e9s:<\/strong> 100<\/p>\n\n\n\n<ul><li>Mitrailleuse niveau 3<br>Sp\u00e9cialisation X2 Power vs Flamed<\/li><li>Canon lvl 3<\/li><li>Bombe niveau 2<\/li><\/ul>\n\n\n\n<hr class=\"wp-block-separator is-style-wide\"\/>\n\n\n\n<h3 class=\"wp-block-heading\">Avantages utilis\u00e9s pour cette mission:<\/h3>\n\n\n\n<ul><li>Billet vert I<\/li><li>Oeil d&#039;aigle I<\/li><\/ul>\n\n\n\n<p>\u00c0 ce stade, pour votre premier choix d&#039;avantage, choisir le bonus en esp\u00e8ces Greenback est toujours tr\u00e8s pr\u00e9cieux. Pendant ce temps, l&#039;augmentation de la vitesse de vis\u00e9e des tourelles gr\u00e2ce \u00e0 l&#039;avantage Eagle Eye vous aidera \u00e0 g\u00e9rer les attaques sournoises qui tenteront de distraire vos tourelles.<\/p>\n\n\n\n<hr class=\"wp-block-separator is-style-wide\"\/>\n\n\n\n<h3 class=\"wp-block-heading\">Cible cach\u00e9e<\/h3>\n\n\n\n<p>La cible cach\u00e9e est \u00e0 l&#039;air libre ici \u00e0 Tulagi; c&#039;est la seule hutte qui se dresse au milieu du grand champ vert juste \u00e0 droite de votre base. Finalement, certaines unit\u00e9s vont attaquer furtivement ici, ce qui signifie une opportunit\u00e9 pour une sp\u00e9ciale 2 pour 1.<\/p>\n\n\n\n<div class=\"wp-block-image\"><figure class=\"aligncenter size-large\"><a href=\"https:\/\/ibomberdefensepacific.standardof.net\/fr\/guide\/campagne-mission-06-tulagi-sud-pacifique\/ibomber-defense-pacific-campaign-mission-06-tulagi-3\/\"><img decoding=\"async\" width=\"305\" height=\"246\" src=\"https:\/\/ibomberdefensepacific.standardof.net\/wp-content\/uploads\/sites\/6\/2020\/10\/iBomber-Defense-Pacific-Campaign-Mission-06-Tulagi-3.jpg\" alt=\"&quot;iBomber Defense Pacific&quot; - Mission de campagne 06 - &quot;Tulagi&quot; (3)\" class=\"wp-image-62\" srcset=\"https:\/\/ibomberdefensepacific.standardof.net\/wp-content\/uploads\/sites\/6\/2020\/10\/iBomber-Defense-Pacific-Campaign-Mission-06-Tulagi-3.jpg 305w, https:\/\/ibomberdefensepacific.standardof.net\/wp-content\/uploads\/sites\/6\/2020\/10\/iBomber-Defense-Pacific-Campaign-Mission-06-Tulagi-3-200x161.jpg 200w, https:\/\/ibomberdefensepacific.standardof.net\/wp-content\/uploads\/sites\/6\/2020\/10\/iBomber-Defense-Pacific-Campaign-Mission-06-Tulagi-3-16x12.jpg 16w\" sizes=\"(max-width: 305px) 100vw, 305px\" \/><\/a><figcaption>La petite hutte qui est la cible cach\u00e9e de Tulagi.<\/figcaption><\/figure><\/div>\n\n\n\n<hr class=\"wp-block-separator is-style-wide\"\/>\n\n\n\n<h3 class=\"wp-block-heading\">Placement de la tourelle<\/h3>\n\n\n\n<figure class=\"wp-block-gallery columns-2 is-cropped wp-block-gallery-1 is-layout-flex wp-block-gallery-is-layout-flex\"><ul class=\"blocks-gallery-grid\"><li class=\"blocks-gallery-item\"><figure><a href=\"https:\/\/ibomberdefensepacific.standardof.net\/fr\/guide\/campagne-mission-06-tulagi-sud-pacifique\/ibomber-defense-pacific-campaign-mission-06-tulagi-4\/\"><img decoding=\"async\" width=\"800\" height=\"450\" src=\"https:\/\/ibomberdefensepacific.standardof.net\/wp-content\/uploads\/sites\/6\/2020\/10\/iBomber-Defense-Pacific-Campaign-Mission-06-Tulagi-4-800x450.jpg\" alt=\"&quot;iBomber Defense Pacific&quot; - Mission de campagne 06 - &quot;Tulagi&quot; (4)\" data-id=\"63\" data-full-url=\"https:\/\/ibomberdefensepacific.standardof.net\/wp-content\/uploads\/sites\/6\/2020\/10\/iBomber-Defense-Pacific-Campaign-Mission-06-Tulagi-4.jpg\" data-link=\"https:\/\/ibomberdefensepacific.standardof.net\/guide\/campaign-mission-06-tulagi-south-pacific\/ibomber-defense-pacific-campaign-mission-06-tulagi-4\/\" class=\"wp-image-63\" srcset=\"https:\/\/ibomberdefensepacific.standardof.net\/wp-content\/uploads\/sites\/6\/2020\/10\/iBomber-Defense-Pacific-Campaign-Mission-06-Tulagi-4-800x450.jpg 800w, https:\/\/ibomberdefensepacific.standardof.net\/wp-content\/uploads\/sites\/6\/2020\/10\/iBomber-Defense-Pacific-Campaign-Mission-06-Tulagi-4-512x288.jpg 512w, https:\/\/ibomberdefensepacific.standardof.net\/wp-content\/uploads\/sites\/6\/2020\/10\/iBomber-Defense-Pacific-Campaign-Mission-06-Tulagi-4-200x113.jpg 200w, https:\/\/ibomberdefensepacific.standardof.net\/wp-content\/uploads\/sites\/6\/2020\/10\/iBomber-Defense-Pacific-Campaign-Mission-06-Tulagi-4-768x432.jpg 768w, https:\/\/ibomberdefensepacific.standardof.net\/wp-content\/uploads\/sites\/6\/2020\/10\/iBomber-Defense-Pacific-Campaign-Mission-06-Tulagi-4-16x9.jpg 16w, https:\/\/ibomberdefensepacific.standardof.net\/wp-content\/uploads\/sites\/6\/2020\/10\/iBomber-Defense-Pacific-Campaign-Mission-06-Tulagi-4.jpg 1280w\" sizes=\"(max-width: 800px) 100vw, 800px\" \/><\/a><figcaption class=\"blocks-gallery-item__caption\">Placement de la tourelle Wave 10.<\/figcaption><\/figure><\/li><li class=\"blocks-gallery-item\"><figure><a href=\"https:\/\/ibomberdefensepacific.standardof.net\/fr\/guide\/campagne-mission-06-tulagi-sud-pacifique\/ibomber-defense-pacific-campaign-mission-06-tulagi-5\/\"><img decoding=\"async\" width=\"800\" height=\"450\" src=\"https:\/\/ibomberdefensepacific.standardof.net\/wp-content\/uploads\/sites\/6\/2020\/10\/iBomber-Defense-Pacific-Campaign-Mission-06-Tulagi-5-800x450.jpg\" alt=\"&quot;iBomber Defense Pacific&quot; - Mission de campagne 06 - &quot;Tulagi&quot; (5)\" data-id=\"64\" data-full-url=\"https:\/\/ibomberdefensepacific.standardof.net\/wp-content\/uploads\/sites\/6\/2020\/10\/iBomber-Defense-Pacific-Campaign-Mission-06-Tulagi-5.jpg\" data-link=\"https:\/\/ibomberdefensepacific.standardof.net\/guide\/campaign-mission-06-tulagi-south-pacific\/ibomber-defense-pacific-campaign-mission-06-tulagi-5\/\" class=\"wp-image-64\" srcset=\"https:\/\/ibomberdefensepacific.standardof.net\/wp-content\/uploads\/sites\/6\/2020\/10\/iBomber-Defense-Pacific-Campaign-Mission-06-Tulagi-5-800x450.jpg 800w, https:\/\/ibomberdefensepacific.standardof.net\/wp-content\/uploads\/sites\/6\/2020\/10\/iBomber-Defense-Pacific-Campaign-Mission-06-Tulagi-5-512x288.jpg 512w, https:\/\/ibomberdefensepacific.standardof.net\/wp-content\/uploads\/sites\/6\/2020\/10\/iBomber-Defense-Pacific-Campaign-Mission-06-Tulagi-5-200x113.jpg 200w, https:\/\/ibomberdefensepacific.standardof.net\/wp-content\/uploads\/sites\/6\/2020\/10\/iBomber-Defense-Pacific-Campaign-Mission-06-Tulagi-5-768x432.jpg 768w, https:\/\/ibomberdefensepacific.standardof.net\/wp-content\/uploads\/sites\/6\/2020\/10\/iBomber-Defense-Pacific-Campaign-Mission-06-Tulagi-5-16x9.jpg 16w, https:\/\/ibomberdefensepacific.standardof.net\/wp-content\/uploads\/sites\/6\/2020\/10\/iBomber-Defense-Pacific-Campaign-Mission-06-Tulagi-5.jpg 1280w\" sizes=\"(max-width: 800px) 100vw, 800px\" \/><\/a><figcaption class=\"blocks-gallery-item__caption\">Placement de la tourelle Wave 20.<\/figcaption><\/figure><\/li><\/ul><\/figure>\n\n\n\n<p>Le placement des tourelles pour ce niveau est plut\u00f4t simple et limit\u00e9, se concentrant principalement sur l&#039;\u00e9tablissement d&#039;un groupe de canons et de mitrailleuses soutenus par des tourelles \u00e0 flammes (r\u00e9guli\u00e8rement espac\u00e9es pour une meilleure couverture) le long de la cr\u00eate sur\u00e9lev\u00e9e du c\u00f4t\u00e9 oppos\u00e9 de la base ennemie le long de la chemin principal. Une seule tourelle \u00e0 bombe, am\u00e9lior\u00e9e tout au long de la mission et plac\u00e9e par votre base, devrait suffire \u00e0 vous fournir beaucoup de munitions pour frapper la cible secr\u00e8te, frapper la base ennemie et aider \u00e0 ouvrir les caisses de Tulagi. Finalement, vers la seconde moiti\u00e9 du niveau, il sera avantageux de donner un partenaire \u00e0 la tourelle Bomb.<\/p>\n\n\n\n<p>En plus de d\u00e9penser votre argent sur le m\u00e9lange de tourelles susmentionn\u00e9 sur la cr\u00eate sur\u00e9lev\u00e9e, placer une seule mitrailleuse dans le carr\u00e9 ouvert en bas \u00e0 gauche de la caisse de ravitaillement juste \u00e0 c\u00f4t\u00e9 de votre base servira de bonne d\u00e9fense de secours pour tout retardataire potentiel qui r\u00e9ussir. Il cassera \u00e9galement ladite caisse de ravitaillement et d\u00e9truira un tanking qui attaque sournoisement.<\/p>\n\n\n\n<hr class=\"wp-block-separator is-style-wide\"\/>\n\n\n\n<h3 class=\"has-text-align-center wp-block-heading\" id=\"4-veteran-difficulty-video-guide\">Guide vid\u00e9o de difficult\u00e9 v\u00e9t\u00e9ran<\/h3>\n\n\n\n<figure class=\"wp-block-embed-youtube wp-block-embed is-type-video is-provider-youtube wp-embed-aspect-4-3 wp-has-aspect-ratio\"><div class=\"wp-block-embed__wrapper\">\n<div class=\"ast-oembed-container\" style=\"height: 100%;\"><iframe title=\"Talugi - M6 iBomber Defense Pacific - Proc\u00e9dure pas \u00e0 pas pour les v\u00e9t\u00e9rans\" width=\"500\" height=\"375\" src=\"https:\/\/www.youtube.com\/embed\/4_mKTZbTxto?feature=oembed\" frameborder=\"0\" allow=\"accelerometer; autoplay; clipboard-write; encrypted-media; gyroscope; picture-in-picture; web-share\" referrerpolicy=\"strict-origin-when-cross-origin\" allowfullscreen><\/iframe><\/div>\n<\/div><\/figure>","protected":false},"excerpt":{"rendered":"<p>Tulagi: South Pacific Stop the enemy from taking control of Tulagi and building a seaplane base. In Tulagi, your base is positioned to the left of the map, with a pair of paths curving out of it: one short and to the north, the other longer and curving around the south before heading northeast. You [&hellip;]<\/p>","protected":false},"author":1,"featured_media":64,"parent":164,"menu_order":6,"comment_status":"open","ping_status":"closed","template":"","meta":{"_uag_custom_page_level_css":"","site-sidebar-layout":"default","site-content-layout":"default","ast-site-content-layout":"","site-content-style":"default","site-sidebar-style":"default","ast-global-header-display":"","ast-banner-title-visibility":"","ast-main-header-display":"","ast-hfb-above-header-display":"","ast-hfb-below-header-display":"","ast-hfb-mobile-header-display":"","site-post-title":"","ast-breadcrumbs-content":"","ast-featured-img":"","footer-sml-layout":"","theme-transparent-header-meta":"default","adv-header-id-meta":"","stick-header-meta":"","header-above-stick-meta":"","header-main-stick-meta":"","header-below-stick-meta":"","astra-migrate-meta-layouts":"default","ast-page-background-enabled":"default","ast-page-background-meta":{"desktop":{"background-color":"","background-image":"","background-repeat":"repeat","background-position":"center center","background-size":"auto","background-attachment":"scroll","background-type":"","background-media":"","overlay-type":"","overlay-color":"","overlay-gradient":""},"tablet":{"background-color":"","background-image":"","background-repeat":"repeat","background-position":"center center","background-size":"auto","background-attachment":"scroll","background-type":"","background-media":"","overlay-type":"","overlay-color":"","overlay-gradient":""},"mobile":{"background-color":"","background-image":"","background-repeat":"repeat","background-position":"center center","background-size":"auto","background-attachment":"scroll","background-type":"","background-media":"","overlay-type":"","overlay-color":"","overlay-gradient":""}},"ast-content-background-meta":{"desktop":{"background-color":"var(--ast-global-color-5)","background-image":"","background-repeat":"repeat","background-position":"center center","background-size":"auto","background-attachment":"scroll","background-type":"","background-media":"","overlay-type":"","overlay-color":"","overlay-gradient":""},"tablet":{"background-color":"var(--ast-global-color-5)","background-image":"","background-repeat":"repeat","background-position":"center center","background-size":"auto","background-attachment":"scroll","background-type":"","background-media":"","overlay-type":"","overlay-color":"","overlay-gradient":""},"mobile":{"background-color":"var(--ast-global-color-5)","background-image":"","background-repeat":"repeat","background-position":"center center","background-size":"auto","background-attachment":"scroll","background-type":"","background-media":"","overlay-type":"","overlay-color":"","overlay-gradient":""}},"footnotes":""},"uagb_featured_image_src":{"full":["https:\/\/ibomberdefensepacific.standardof.net\/wp-content\/uploads\/sites\/6\/2020\/10\/iBomber-Defense-Pacific-Campaign-Mission-06-Tulagi-5.jpg",1280,720,false],"thumbnail":["https:\/\/ibomberdefensepacific.standardof.net\/wp-content\/uploads\/sites\/6\/2020\/10\/iBomber-Defense-Pacific-Campaign-Mission-06-Tulagi-5-200x113.jpg",200,113,true],"medium":["https:\/\/ibomberdefensepacific.standardof.net\/wp-content\/uploads\/sites\/6\/2020\/10\/iBomber-Defense-Pacific-Campaign-Mission-06-Tulagi-5-512x288.jpg",512,288,true],"medium_large":["https:\/\/ibomberdefensepacific.standardof.net\/wp-content\/uploads\/sites\/6\/2020\/10\/iBomber-Defense-Pacific-Campaign-Mission-06-Tulagi-5-768x432.jpg",768,432,true],"large":["https:\/\/ibomberdefensepacific.standardof.net\/wp-content\/uploads\/sites\/6\/2020\/10\/iBomber-Defense-Pacific-Campaign-Mission-06-Tulagi-5-800x450.jpg",800,450,true],"1536x1536":["https:\/\/ibomberdefensepacific.standardof.net\/wp-content\/uploads\/sites\/6\/2020\/10\/iBomber-Defense-Pacific-Campaign-Mission-06-Tulagi-5.jpg",1280,720,false],"2048x2048":["https:\/\/ibomberdefensepacific.standardof.net\/wp-content\/uploads\/sites\/6\/2020\/10\/iBomber-Defense-Pacific-Campaign-Mission-06-Tulagi-5.jpg",1280,720,false],"trp-custom-language-flag":["https:\/\/ibomberdefensepacific.standardof.net\/wp-content\/uploads\/sites\/6\/2020\/10\/iBomber-Defense-Pacific-Campaign-Mission-06-Tulagi-5-16x9.jpg",16,9,true]},"uagb_author_info":{"display_name":"SOE","author_link":"https:\/\/ibomberdefensepacific.standardof.net\/fr\/author\/k-tastic\/"},"uagb_comment_info":0,"uagb_excerpt":"Tulagi: South Pacific Stop the enemy from taking control of Tulagi and building a seaplane base. In Tulagi, your base is positioned to the left of the map, with a pair of paths curving out of it: one short and to the north, the other longer and curving around the south before heading northeast. You&hellip;","_links":{"self":[{"href":"https:\/\/ibomberdefensepacific.standardof.net\/fr\/wp-json\/wp\/v2\/pages\/197"}],"collection":[{"href":"https:\/\/ibomberdefensepacific.standardof.net\/fr\/wp-json\/wp\/v2\/pages"}],"about":[{"href":"https:\/\/ibomberdefensepacific.standardof.net\/fr\/wp-json\/wp\/v2\/types\/page"}],"author":[{"embeddable":true,"href":"https:\/\/ibomberdefensepacific.standardof.net\/fr\/wp-json\/wp\/v2\/users\/1"}],"replies":[{"embeddable":true,"href":"https:\/\/ibomberdefensepacific.standardof.net\/fr\/wp-json\/wp\/v2\/comments?post=197"}],"version-history":[{"count":0,"href":"https:\/\/ibomberdefensepacific.standardof.net\/fr\/wp-json\/wp\/v2\/pages\/197\/revisions"}],"up":[{"embeddable":true,"href":"https:\/\/ibomberdefensepacific.standardof.net\/fr\/wp-json\/wp\/v2\/pages\/164"}],"wp:featuredmedia":[{"embeddable":true,"href":"https:\/\/ibomberdefensepacific.standardof.net\/fr\/wp-json\/wp\/v2\/media\/64"}],"wp:attachment":[{"href":"https:\/\/ibomberdefensepacific.standardof.net\/fr\/wp-json\/wp\/v2\/media?parent=197"}],"curies":[{"name":"wp","href":"https:\/\/api.w.org\/{rel}","templated":true}]}}