{"id":196,"date":"2020-10-21T13:31:09","date_gmt":"2020-10-21T13:31:09","guid":{"rendered":"https:\/\/ibomberdefensepacific.standardof.net\/?page_id=196"},"modified":"2020-10-21T17:20:32","modified_gmt":"2020-10-21T17:20:32","slug":"campaign-mission-05-midway-atoll-sea-attack","status":"publish","type":"page","link":"https:\/\/ibomberdefensepacific.standardof.net\/fr\/guide\/campagne-mission-05-midway-atoll-sea-attack\/","title":{"rendered":"Mission de campagne 05: Attaque maritime de l&#039;atoll Midway!"},"content":{"rendered":"<h2 class=\"wp-block-heading\">Atoll de Midway: attaque maritime!<\/h2>\n\n\n\n<div class=\"wp-block-image\"><figure class=\"aligncenter size-large\"><a href=\"https:\/\/ibomberdefensepacific.standardof.net\/fr\/guide\/campagne-mission-05-midway-atoll-sea-attack\/ibomber-defense-pacific-campaign-mission-05-midway-atoll-1\/\"><img decoding=\"async\" width=\"800\" height=\"450\" src=\"https:\/\/ibomberdefensepacific.standardof.net\/wp-content\/uploads\/sites\/6\/2020\/10\/iBomber-Defense-Pacific-Campaign-Mission-05-Midway-Atoll-1-800x450.jpg\" alt=\"&quot;iBomber Defense Pacific&quot; - Mission de campagne 05 - &quot;Midway Atoll&quot; (1)\" class=\"wp-image-55\" srcset=\"https:\/\/ibomberdefensepacific.standardof.net\/wp-content\/uploads\/sites\/6\/2020\/10\/iBomber-Defense-Pacific-Campaign-Mission-05-Midway-Atoll-1-800x450.jpg 800w, https:\/\/ibomberdefensepacific.standardof.net\/wp-content\/uploads\/sites\/6\/2020\/10\/iBomber-Defense-Pacific-Campaign-Mission-05-Midway-Atoll-1-512x288.jpg 512w, https:\/\/ibomberdefensepacific.standardof.net\/wp-content\/uploads\/sites\/6\/2020\/10\/iBomber-Defense-Pacific-Campaign-Mission-05-Midway-Atoll-1-200x113.jpg 200w, https:\/\/ibomberdefensepacific.standardof.net\/wp-content\/uploads\/sites\/6\/2020\/10\/iBomber-Defense-Pacific-Campaign-Mission-05-Midway-Atoll-1-768x432.jpg 768w, https:\/\/ibomberdefensepacific.standardof.net\/wp-content\/uploads\/sites\/6\/2020\/10\/iBomber-Defense-Pacific-Campaign-Mission-05-Midway-Atoll-1-16x9.jpg 16w, https:\/\/ibomberdefensepacific.standardof.net\/wp-content\/uploads\/sites\/6\/2020\/10\/iBomber-Defense-Pacific-Campaign-Mission-05-Midway-Atoll-1.jpg 1280w\" sizes=\"(max-width: 800px) 100vw, 800px\" \/><\/a><figcaption>Les chemins des unit\u00e9s navales ennemies sont trac\u00e9s en rouge \u00e0 l&#039;approche de la base de l&#039;atoll de Midway.<\/figcaption><\/figure><\/div>\n\n\n\n<p><em>Prot\u00e9gez votre position sur Midway pour emp\u00eacher l&#039;ennemi d&#039;\u00e9tendre son p\u00e9rim\u00e8tre d\u00e9fensif.<\/em><\/p>\n\n\n\n<p>Dans l&#039;atoll de Midway, vous faites face \u00e0 deux chemins principaux de vagues d&#039;unit\u00e9s navales qui viennent du bas \u00e0 droite et du haut au centre de la carte vers votre base en bas \u00e0 gauche pendant 20 vagues. Il y a deux \u00eeles, dont la plus grande est la meilleure pour placer des tourelles. Le chemin sup\u00e9rieur se divisera \u00e9galement entre la petite et la grande \u00eele pour parfois se courber de chaque c\u00f4t\u00e9, alors gardez cela \u00e0 l&#039;esprit. Enfin, vous avez une base au sol vue sur le terrain principal \u00e0 gauche, mais elle peut \u00eatre ignor\u00e9e car elle restera intacte et fonctionnera comme rien de plus que des paysages \u00e0 ce niveau.<\/p>\n\n\n\n<p>Ce guide expliquera comment obtenir un Full House, qui est un tour parfait avec toutes les m\u00e9dailles et 20 points de victoire, au niveau de l&#039;atoll Midway du <em>iBomber Defense Pacific<\/em> campagne, jou\u00e9e en difficult\u00e9 V\u00e9t\u00e9ran. De plus, ce guide de mission couvrira l&#039;objectif secondaire et la cible cach\u00e9e avec une vid\u00e9o pas \u00e0 pas.<\/p>\n\n\n\t\t\t\t<div class=\"wp-block-uagb-table-of-contents uagb-toc__align-left uagb-toc__columns-1  uagb-block-a73a7bfa\"\n\t\t\t\t\tdata-scroll= \"1\"\n\t\t\t\t\tdata-offset= \"30\"\n\t\t\t\t\tstyle=\"\"\n\t\t\t\t>\n\t\t\t\t<div class=\"uagb-toc__wrap\">\n\t\t\t\t\t\t<div class=\"uagb-toc__title\">\n\t\t\t\t\t\t\tNavigation dans le guide pas \u00e0 pas:\t\t\t\t\t\t<\/div>\n\t\t\t\t\t\t\t\t\t\t\t\t\t\t\t\t<div class=\"uagb-toc__list-wrap\">\n\t\t\t\t\t\t<ol class=\"uagb-toc__list\"><li class=\"uagb-toc__list\"><a href=\"#secondary-objective\" class=\"uagb-toc-link__trigger\">Objectif secondaire<\/a><li class=\"uagb-toc__list\"><a href=\"#perks-used-for-this-mission\" class=\"uagb-toc-link__trigger\">Avantages utilis\u00e9s pour cette mission:<\/a><li class=\"uagb-toc__list\"><a href=\"#hidden-target\" class=\"uagb-toc-link__trigger\">Cible cach\u00e9e<\/a><li class=\"uagb-toc__list\"><a href=\"#turret-placement\" class=\"uagb-toc-link__trigger\">Placement de la tourelle<\/a><li class=\"uagb-toc__list\"><a href=\"#veteran-difficulty-video-guide\" class=\"uagb-toc-link__trigger\">Guide vid\u00e9o de difficult\u00e9 v\u00e9t\u00e9ran<\/a><\/ol>\t\t\t\t\t<\/div>\n\t\t\t\t\t\t\t\t\t<\/div>\n\t\t\t\t<\/div>\n\t\t\t\n\n\n<hr class=\"wp-block-separator is-style-wide\"\/>\n\n\n\n<h3 class=\"wp-block-heading\">Objectif secondaire<\/h3>\n\n\n\n<p><em>Prot\u00e9gez vos navires de ravitaillement.<\/em><\/p>\n\n\n\n<p>Dans la partie inf\u00e9rieure droite de la carte, il y a une s\u00e9rie de bateaux stationn\u00e9s sur un quai; ce sont les navires ravitailleurs que vous devrez prot\u00e9ger pour l&#039;objectif secondaire. La meilleure fa\u00e7on de le faire est avec une tourelle \u00e0 l&#039;extr\u00e9mit\u00e9 de chacun des quais en bois dans un premier temps et sur celui en b\u00e9ton avec le temps. En outre, il est pr\u00e9f\u00e9rable de d\u00e9truire la caisse sur les quais avec des tirs d&#039;armes r\u00e9guliers, car larguer une bombe a de tr\u00e8s fortes chances de dommages collat\u00e9raux.<\/p>\n\n\n\n<div class=\"wp-block-image\"><figure class=\"aligncenter size-large\"><a href=\"https:\/\/ibomberdefensepacific.standardof.net\/fr\/guide\/campagne-mission-05-midway-atoll-sea-attack\/ibomber-defense-pacific-campaign-mission-05-midway-atoll-2\/\"><img decoding=\"async\" width=\"444\" height=\"215\" src=\"https:\/\/ibomberdefensepacific.standardof.net\/wp-content\/uploads\/sites\/6\/2020\/10\/iBomber-Defense-Pacific-Campaign-Mission-05-Midway-Atoll-2.jpg\" alt=\"&quot;iBomber Defense Pacific&quot; - Mission de campagne 05 - &quot;Midway Atoll&quot; (2)\" class=\"wp-image-56\" srcset=\"https:\/\/ibomberdefensepacific.standardof.net\/wp-content\/uploads\/sites\/6\/2020\/10\/iBomber-Defense-Pacific-Campaign-Mission-05-Midway-Atoll-2.jpg 444w, https:\/\/ibomberdefensepacific.standardof.net\/wp-content\/uploads\/sites\/6\/2020\/10\/iBomber-Defense-Pacific-Campaign-Mission-05-Midway-Atoll-2-200x97.jpg 200w, https:\/\/ibomberdefensepacific.standardof.net\/wp-content\/uploads\/sites\/6\/2020\/10\/iBomber-Defense-Pacific-Campaign-Mission-05-Midway-Atoll-2-16x8.jpg 16w\" sizes=\"(max-width: 444px) 100vw, 444px\" \/><\/a><figcaption>Les navires de ravitaillement que vous devez prot\u00e9ger pour l&#039;objectif secondaire.<\/figcaption><\/figure><\/div>\n\n\n\n<p><strong>Caisses d&#039;approvisionnement:<\/strong> 6<\/p>\n\n\n\n<p><strong>Points de victoire d\u00e9pens\u00e9s:<\/strong> 80<\/p>\n\n\n\n<ul><li>Mitrailleuse niveau 3<\/li><li>Canon lvl 3<\/li><li>Bombe niveau 3<\/li><\/ul>\n\n\n\n<hr class=\"wp-block-separator is-style-wide\"\/>\n\n\n\n<h3 class=\"wp-block-heading\">Avantages utilis\u00e9s pour cette mission:<\/h3>\n\n\n\n<ul><li>Billet vert I<\/li><li>Oeil d&#039;aigle I<\/li><\/ul>\n\n\n\n<p>Comme toujours, l&#039;argent suppl\u00e9mentaire au d\u00e9but du niveau peut faire une grande diff\u00e9rence. Nous \u00e9changeons maintenant la bombe suppl\u00e9mentaire pour viser plus rapidement toutes les tourelles car il reste plus de temps pour construire des bombes \u00e0 utiliser, de toute fa\u00e7on. Cet avantage est utile pour tirer le meilleur parti de quelques armes bien plac\u00e9es.<\/p>\n\n\n\n<hr class=\"wp-block-separator is-style-wide\"\/>\n\n\n\n<h3 class=\"wp-block-heading\">Cible cach\u00e9e<\/h3>\n\n\n\n<p>La cible cach\u00e9e est vraiment facile \u00e0 trouver (tant que vous savez quoi chercher) dans cette mission. En bas au centre de la carte sur la partie sud du continent, vous trouverez l&#039;entrep\u00f4t orange sur l&#039;image ci-dessus. Bombes loin.<\/p>\n\n\n\n<div class=\"wp-block-image\"><figure class=\"aligncenter size-large\"><a href=\"https:\/\/ibomberdefensepacific.standardof.net\/fr\/guide\/campagne-mission-05-midway-atoll-sea-attack\/ibomber-defense-pacific-campaign-mission-05-midway-atoll-3\/\"><img decoding=\"async\" width=\"248\" height=\"190\" src=\"https:\/\/ibomberdefensepacific.standardof.net\/wp-content\/uploads\/sites\/6\/2020\/10\/iBomber-Defense-Pacific-Campaign-Mission-05-Midway-Atoll-3.jpg\" alt=\"\u00abiBomber Defense Pacific\u00bb - Mission de campagne 05 - \u00abMidway Atoll\u00bb (3)\" class=\"wp-image-57\" srcset=\"https:\/\/ibomberdefensepacific.standardof.net\/wp-content\/uploads\/sites\/6\/2020\/10\/iBomber-Defense-Pacific-Campaign-Mission-05-Midway-Atoll-3.jpg 248w, https:\/\/ibomberdefensepacific.standardof.net\/wp-content\/uploads\/sites\/6\/2020\/10\/iBomber-Defense-Pacific-Campaign-Mission-05-Midway-Atoll-3-200x153.jpg 200w, https:\/\/ibomberdefensepacific.standardof.net\/wp-content\/uploads\/sites\/6\/2020\/10\/iBomber-Defense-Pacific-Campaign-Mission-05-Midway-Atoll-3-16x12.jpg 16w\" sizes=\"(max-width: 248px) 100vw, 248px\" \/><\/a><figcaption>La cible cach\u00e9e secr\u00e8te de l&#039;entrep\u00f4t orange dans l&#039;atoll de Midway.<\/figcaption><\/figure><\/div>\n\n\n\n<hr class=\"wp-block-separator is-style-wide\"\/>\n\n\n\n<h3 class=\"wp-block-heading\">Placement de la tourelle<\/h3>\n\n\n\n<figure class=\"wp-block-gallery columns-2 is-cropped wp-block-gallery-1 is-layout-flex wp-block-gallery-is-layout-flex\"><ul class=\"blocks-gallery-grid\"><li class=\"blocks-gallery-item\"><figure><a href=\"https:\/\/ibomberdefensepacific.standardof.net\/fr\/guide\/campagne-mission-05-midway-atoll-sea-attack\/ibomber-defense-pacific-campaign-mission-05-midway-atoll-4\/\"><img decoding=\"async\" width=\"800\" height=\"450\" src=\"https:\/\/ibomberdefensepacific.standardof.net\/wp-content\/uploads\/sites\/6\/2020\/10\/iBomber-Defense-Pacific-Campaign-Mission-05-Midway-Atoll-4-800x450.jpg\" alt=\"&quot;iBomber Defense Pacific&quot; - Mission de campagne 05 - &quot;Midway Atoll&quot; (4)\" data-id=\"58\" data-full-url=\"https:\/\/ibomberdefensepacific.standardof.net\/wp-content\/uploads\/sites\/6\/2020\/10\/iBomber-Defense-Pacific-Campaign-Mission-05-Midway-Atoll-4.jpg\" data-link=\"https:\/\/ibomberdefensepacific.standardof.net\/guide\/campaign-mission-05-midway-atoll-sea-attack\/ibomber-defense-pacific-campaign-mission-05-midway-atoll-4\/\" class=\"wp-image-58\" srcset=\"https:\/\/ibomberdefensepacific.standardof.net\/wp-content\/uploads\/sites\/6\/2020\/10\/iBomber-Defense-Pacific-Campaign-Mission-05-Midway-Atoll-4-800x450.jpg 800w, https:\/\/ibomberdefensepacific.standardof.net\/wp-content\/uploads\/sites\/6\/2020\/10\/iBomber-Defense-Pacific-Campaign-Mission-05-Midway-Atoll-4-512x288.jpg 512w, https:\/\/ibomberdefensepacific.standardof.net\/wp-content\/uploads\/sites\/6\/2020\/10\/iBomber-Defense-Pacific-Campaign-Mission-05-Midway-Atoll-4-200x113.jpg 200w, https:\/\/ibomberdefensepacific.standardof.net\/wp-content\/uploads\/sites\/6\/2020\/10\/iBomber-Defense-Pacific-Campaign-Mission-05-Midway-Atoll-4-768x432.jpg 768w, https:\/\/ibomberdefensepacific.standardof.net\/wp-content\/uploads\/sites\/6\/2020\/10\/iBomber-Defense-Pacific-Campaign-Mission-05-Midway-Atoll-4-16x9.jpg 16w, https:\/\/ibomberdefensepacific.standardof.net\/wp-content\/uploads\/sites\/6\/2020\/10\/iBomber-Defense-Pacific-Campaign-Mission-05-Midway-Atoll-4.jpg 1280w\" sizes=\"(max-width: 800px) 100vw, 800px\" \/><\/a><figcaption class=\"blocks-gallery-item__caption\">Placement de la tourelle Wave 10.<\/figcaption><\/figure><\/li><li class=\"blocks-gallery-item\"><figure><a href=\"https:\/\/ibomberdefensepacific.standardof.net\/fr\/guide\/campagne-mission-05-midway-atoll-sea-attack\/ibomber-defense-pacific-campaign-mission-05-midway-atoll-5\/\"><img decoding=\"async\" width=\"800\" height=\"450\" src=\"https:\/\/ibomberdefensepacific.standardof.net\/wp-content\/uploads\/sites\/6\/2020\/10\/iBomber-Defense-Pacific-Campaign-Mission-05-Midway-Atoll-5-800x450.jpg\" alt=\"&quot;iBomber Defense Pacific&quot; - Mission de campagne 05 - &quot;Midway Atoll&quot; (5)\" data-id=\"59\" data-full-url=\"https:\/\/ibomberdefensepacific.standardof.net\/wp-content\/uploads\/sites\/6\/2020\/10\/iBomber-Defense-Pacific-Campaign-Mission-05-Midway-Atoll-5.jpg\" data-link=\"https:\/\/ibomberdefensepacific.standardof.net\/guide\/campaign-mission-05-midway-atoll-sea-attack\/ibomber-defense-pacific-campaign-mission-05-midway-atoll-5\/\" class=\"wp-image-59\" srcset=\"https:\/\/ibomberdefensepacific.standardof.net\/wp-content\/uploads\/sites\/6\/2020\/10\/iBomber-Defense-Pacific-Campaign-Mission-05-Midway-Atoll-5-800x450.jpg 800w, https:\/\/ibomberdefensepacific.standardof.net\/wp-content\/uploads\/sites\/6\/2020\/10\/iBomber-Defense-Pacific-Campaign-Mission-05-Midway-Atoll-5-512x288.jpg 512w, https:\/\/ibomberdefensepacific.standardof.net\/wp-content\/uploads\/sites\/6\/2020\/10\/iBomber-Defense-Pacific-Campaign-Mission-05-Midway-Atoll-5-200x113.jpg 200w, https:\/\/ibomberdefensepacific.standardof.net\/wp-content\/uploads\/sites\/6\/2020\/10\/iBomber-Defense-Pacific-Campaign-Mission-05-Midway-Atoll-5-768x432.jpg 768w, https:\/\/ibomberdefensepacific.standardof.net\/wp-content\/uploads\/sites\/6\/2020\/10\/iBomber-Defense-Pacific-Campaign-Mission-05-Midway-Atoll-5-16x9.jpg 16w, https:\/\/ibomberdefensepacific.standardof.net\/wp-content\/uploads\/sites\/6\/2020\/10\/iBomber-Defense-Pacific-Campaign-Mission-05-Midway-Atoll-5.jpg 1280w\" sizes=\"(max-width: 800px) 100vw, 800px\" \/><\/a><figcaption class=\"blocks-gallery-item__caption\">Placement de la tourelle Wave 20.<\/figcaption><\/figure><\/li><\/ul><\/figure>\n\n\n\n<p>Placer des tourelles dans l&#039;atoll de Midway sur un v\u00e9t\u00e9ran se concentrera sur l&#039;obtention d&#039;une paire de mitrailleuses \u00e0 chacune des extr\u00e9mit\u00e9s des quais en bois par les navires de ravitaillement, puis sur la r\u00e9paration de ces tourelles. Cependant, gardez-les au niveau 1 pour la majorit\u00e9 de la mission, car ils sont simplement destin\u00e9s \u00e0 absorber le feu pour le moment.<\/p>\n\n\n\n<p>Une autre paire de mitrailleuses, cette fois am\u00e9lior\u00e9e, peut \u00eatre plac\u00e9e sur les c\u00f4t\u00e9s nord et sud de la grande \u00eele, les am\u00e9liorations de la tourelle sud \u00e9tant prioritaires. Travaillez ensuite sur un canon au centre de l&#039;\u00eele, de sorte qu&#039;il couvre les deux chemins principaux, et un second \u00e0 l&#039;extr\u00e9mit\u00e9 de la jet\u00e9e en b\u00e9ton pour donner \u00e0 vos navires ravitailleurs un bouclier de tourelle complet. Une seule tourelle \u00e0 bombe sera suffisante, mise \u00e0 niveau de temps en temps, pour aider \u00e0 ouvrir certaines des caisses et atteindre la cible cach\u00e9e.<\/p>\n\n\n\n<p>Pendant que vous travaillez vers la vague 20, essayez d&#039;obtenir un autre canon (avec l&#039;un des deux en cours de mise \u00e0 niveau) sur l&#039;\u00eele centrale o\u00f9 les deux ont une couverture des deux chemins principaux. Cette \u00eele est le meilleur point pour canaliser la plupart de vos fonds, car il y a la meilleure couverture de tourelle ici. Enfin, mettre de l&#039;argent dans une deuxi\u00e8me tourelle \u00e0 bombes et l&#039;une des deux au niveau 3 vous permettra de finir de casser des caisses ouvertes, puis de vous tourner vers l&#039;aide \u00e0 la d\u00e9fense avec des bombes bien plac\u00e9es.<\/p>\n\n\n\n<hr class=\"wp-block-separator is-style-wide\"\/>\n\n\n\n<h3 class=\"has-text-align-center wp-block-heading\" id=\"4-veteran-difficulty-video-guide\">Guide vid\u00e9o de difficult\u00e9 v\u00e9t\u00e9ran<\/h3>\n\n\n\n<figure class=\"wp-block-embed-youtube wp-block-embed is-type-video is-provider-youtube wp-embed-aspect-4-3 wp-has-aspect-ratio\"><div class=\"wp-block-embed__wrapper\">\n<div class=\"ast-oembed-container\" style=\"height: 100%;\"><iframe title=\"Midway Atoll - M5 iBomber Defense Pacific - Proc\u00e9dure pas \u00e0 pas pour les v\u00e9t\u00e9rans\" width=\"500\" height=\"375\" src=\"https:\/\/www.youtube.com\/embed\/20I4_NaAHFk?feature=oembed\" frameborder=\"0\" allow=\"accelerometer; autoplay; clipboard-write; encrypted-media; gyroscope; picture-in-picture; web-share\" referrerpolicy=\"strict-origin-when-cross-origin\" allowfullscreen><\/iframe><\/div>\n<\/div><\/figure>","protected":false},"excerpt":{"rendered":"<p>Midway Atoll: Sea Attack! Protect your position on Midway to stop the enemy from extending their defensive perimeter. In Midway Atoll, you are facing two main paths of naval unit waves that come from the bottom right and top center of the map towards your base in the bottom left for 20 waves. There are [&hellip;]<\/p>","protected":false},"author":1,"featured_media":59,"parent":164,"menu_order":5,"comment_status":"open","ping_status":"closed","template":"","meta":{"_uag_custom_page_level_css":"","site-sidebar-layout":"default","site-content-layout":"default","ast-site-content-layout":"","site-content-style":"default","site-sidebar-style":"default","ast-global-header-display":"","ast-banner-title-visibility":"","ast-main-header-display":"","ast-hfb-above-header-display":"","ast-hfb-below-header-display":"","ast-hfb-mobile-header-display":"","site-post-title":"","ast-breadcrumbs-content":"","ast-featured-img":"","footer-sml-layout":"","theme-transparent-header-meta":"default","adv-header-id-meta":"","stick-header-meta":"","header-above-stick-meta":"","header-main-stick-meta":"","header-below-stick-meta":"","astra-migrate-meta-layouts":"default","ast-page-background-enabled":"default","ast-page-background-meta":{"desktop":{"background-color":"","background-image":"","background-repeat":"repeat","background-position":"center center","background-size":"auto","background-attachment":"scroll","background-type":"","background-media":"","overlay-type":"","overlay-color":"","overlay-gradient":""},"tablet":{"background-color":"","background-image":"","background-repeat":"repeat","background-position":"center center","background-size":"auto","background-attachment":"scroll","background-type":"","background-media":"","overlay-type":"","overlay-color":"","overlay-gradient":""},"mobile":{"background-color":"","background-image":"","background-repeat":"repeat","background-position":"center center","background-size":"auto","background-attachment":"scroll","background-type":"","background-media":"","overlay-type":"","overlay-color":"","overlay-gradient":""}},"ast-content-background-meta":{"desktop":{"background-color":"var(--ast-global-color-5)","background-image":"","background-repeat":"repeat","background-position":"center center","background-size":"auto","background-attachment":"scroll","background-type":"","background-media":"","overlay-type":"","overlay-color":"","overlay-gradient":""},"tablet":{"background-color":"var(--ast-global-color-5)","background-image":"","background-repeat":"repeat","background-position":"center center","background-size":"auto","background-attachment":"scroll","background-type":"","background-media":"","overlay-type":"","overlay-color":"","overlay-gradient":""},"mobile":{"background-color":"var(--ast-global-color-5)","background-image":"","background-repeat":"repeat","background-position":"center center","background-size":"auto","background-attachment":"scroll","background-type":"","background-media":"","overlay-type":"","overlay-color":"","overlay-gradient":""}},"footnotes":""},"uagb_featured_image_src":{"full":["https:\/\/ibomberdefensepacific.standardof.net\/wp-content\/uploads\/sites\/6\/2020\/10\/iBomber-Defense-Pacific-Campaign-Mission-05-Midway-Atoll-5.jpg",1280,720,false],"thumbnail":["https:\/\/ibomberdefensepacific.standardof.net\/wp-content\/uploads\/sites\/6\/2020\/10\/iBomber-Defense-Pacific-Campaign-Mission-05-Midway-Atoll-5-200x113.jpg",200,113,true],"medium":["https:\/\/ibomberdefensepacific.standardof.net\/wp-content\/uploads\/sites\/6\/2020\/10\/iBomber-Defense-Pacific-Campaign-Mission-05-Midway-Atoll-5-512x288.jpg",512,288,true],"medium_large":["https:\/\/ibomberdefensepacific.standardof.net\/wp-content\/uploads\/sites\/6\/2020\/10\/iBomber-Defense-Pacific-Campaign-Mission-05-Midway-Atoll-5-768x432.jpg",768,432,true],"large":["https:\/\/ibomberdefensepacific.standardof.net\/wp-content\/uploads\/sites\/6\/2020\/10\/iBomber-Defense-Pacific-Campaign-Mission-05-Midway-Atoll-5-800x450.jpg",800,450,true],"1536x1536":["https:\/\/ibomberdefensepacific.standardof.net\/wp-content\/uploads\/sites\/6\/2020\/10\/iBomber-Defense-Pacific-Campaign-Mission-05-Midway-Atoll-5.jpg",1280,720,false],"2048x2048":["https:\/\/ibomberdefensepacific.standardof.net\/wp-content\/uploads\/sites\/6\/2020\/10\/iBomber-Defense-Pacific-Campaign-Mission-05-Midway-Atoll-5.jpg",1280,720,false],"trp-custom-language-flag":["https:\/\/ibomberdefensepacific.standardof.net\/wp-content\/uploads\/sites\/6\/2020\/10\/iBomber-Defense-Pacific-Campaign-Mission-05-Midway-Atoll-5-16x9.jpg",16,9,true]},"uagb_author_info":{"display_name":"SOE","author_link":"https:\/\/ibomberdefensepacific.standardof.net\/fr\/author\/k-tastic\/"},"uagb_comment_info":0,"uagb_excerpt":"Midway Atoll: Sea Attack! Protect your position on Midway to stop the enemy from extending their defensive perimeter. In Midway Atoll, you are facing two main paths of naval unit waves that come from the bottom right and top center of the map towards your base in the bottom left for 20 waves. There are&hellip;","_links":{"self":[{"href":"https:\/\/ibomberdefensepacific.standardof.net\/fr\/wp-json\/wp\/v2\/pages\/196"}],"collection":[{"href":"https:\/\/ibomberdefensepacific.standardof.net\/fr\/wp-json\/wp\/v2\/pages"}],"about":[{"href":"https:\/\/ibomberdefensepacific.standardof.net\/fr\/wp-json\/wp\/v2\/types\/page"}],"author":[{"embeddable":true,"href":"https:\/\/ibomberdefensepacific.standardof.net\/fr\/wp-json\/wp\/v2\/users\/1"}],"replies":[{"embeddable":true,"href":"https:\/\/ibomberdefensepacific.standardof.net\/fr\/wp-json\/wp\/v2\/comments?post=196"}],"version-history":[{"count":0,"href":"https:\/\/ibomberdefensepacific.standardof.net\/fr\/wp-json\/wp\/v2\/pages\/196\/revisions"}],"up":[{"embeddable":true,"href":"https:\/\/ibomberdefensepacific.standardof.net\/fr\/wp-json\/wp\/v2\/pages\/164"}],"wp:featuredmedia":[{"embeddable":true,"href":"https:\/\/ibomberdefensepacific.standardof.net\/fr\/wp-json\/wp\/v2\/media\/59"}],"wp:attachment":[{"href":"https:\/\/ibomberdefensepacific.standardof.net\/fr\/wp-json\/wp\/v2\/media?parent=196"}],"curies":[{"name":"wp","href":"https:\/\/api.w.org\/{rel}","templated":true}]}}