{"id":195,"date":"2020-10-21T13:30:46","date_gmt":"2020-10-21T13:30:46","guid":{"rendered":"https:\/\/ibomberdefensepacific.standardof.net\/?page_id=195"},"modified":"2020-10-21T17:20:21","modified_gmt":"2020-10-21T17:20:21","slug":"campaign-mission-04-guadalcanal-watchtower","status":"publish","type":"page","link":"https:\/\/ibomberdefensepacific.standardof.net\/fr\/guide\/campagne-mission-04-guadalcanal-tour-de-guet\/","title":{"rendered":"Mission de campagne 04: Tour de guet \u00abGuadalcanal\u00bb"},"content":{"rendered":"<h2 class=\"wp-block-heading\">Guadalcanal: Tour de guet<\/h2>\n\n\n\n<div class=\"wp-block-image\"><figure class=\"aligncenter size-large\"><a href=\"https:\/\/ibomberdefensepacific.standardof.net\/fr\/guide\/campagne-mission-04-guadalcanal-tour-de-guet\/ibomber-defense-pacific-campaign-mission-04-guadalcanal-1\/\"><img decoding=\"async\" width=\"800\" height=\"450\" src=\"https:\/\/ibomberdefensepacific.standardof.net\/wp-content\/uploads\/sites\/6\/2020\/10\/iBomber-Defense-Pacific-Campaign-Mission-04-Guadalcanal-1-800x450.jpg\" alt=\"&quot;iBomber Defense Pacific&quot; - Mission de campagne 04 - &quot;Guadalcanal&quot; (1)\" class=\"wp-image-50\" srcset=\"https:\/\/ibomberdefensepacific.standardof.net\/wp-content\/uploads\/sites\/6\/2020\/10\/iBomber-Defense-Pacific-Campaign-Mission-04-Guadalcanal-1-800x450.jpg 800w, https:\/\/ibomberdefensepacific.standardof.net\/wp-content\/uploads\/sites\/6\/2020\/10\/iBomber-Defense-Pacific-Campaign-Mission-04-Guadalcanal-1-512x288.jpg 512w, https:\/\/ibomberdefensepacific.standardof.net\/wp-content\/uploads\/sites\/6\/2020\/10\/iBomber-Defense-Pacific-Campaign-Mission-04-Guadalcanal-1-200x113.jpg 200w, https:\/\/ibomberdefensepacific.standardof.net\/wp-content\/uploads\/sites\/6\/2020\/10\/iBomber-Defense-Pacific-Campaign-Mission-04-Guadalcanal-1-768x432.jpg 768w, https:\/\/ibomberdefensepacific.standardof.net\/wp-content\/uploads\/sites\/6\/2020\/10\/iBomber-Defense-Pacific-Campaign-Mission-04-Guadalcanal-1-16x9.jpg 16w, https:\/\/ibomberdefensepacific.standardof.net\/wp-content\/uploads\/sites\/6\/2020\/10\/iBomber-Defense-Pacific-Campaign-Mission-04-Guadalcanal-1.jpg 1280w\" sizes=\"(max-width: 800px) 100vw, 800px\" \/><\/a><figcaption>Route ennemie de la vague principale trac\u00e9e en rouge avec des lignes bleues montrant des routes sp\u00e9ciales d&#039;attaque furtive.<\/figcaption><\/figure><\/div>\n\n\n\n<p><em>Prot\u00e9gez votre position \u00e0 Guadalcanal et emp\u00eachez-la de devenir une forteresse japonaise.<\/em><\/p>\n\n\n\n<p>Dans ce niveau, vous faites face \u00e0 16 vagues d&#039;unit\u00e9s terrestres ennemies s&#039;approchant du coin sup\u00e9rieur gauche et faisant une courbe pointue g\u00e9ante \u00e0 droite de la carte avant de rencontrer votre base en bas au centre. Ici, vous serez pr\u00e9sent\u00e9 \u00e0 la tourelle lance-flammes, qui sera utile pour la d\u00e9fense de cette base et deviendra un \u00e9l\u00e9ment essentiel des strat\u00e9gies futures.<\/p>\n\n\n\n<p>Ce guide expliquera comment obtenir un Full House, qui est un tour parfait avec toutes les m\u00e9dailles et 20 points de victoire, au niveau Guadalcanal du <em>iBomber Defense Pacific<\/em> campagne, jou\u00e9e en difficult\u00e9 V\u00e9t\u00e9ran. De plus, ce guide de mission couvrira \u00e9galement l&#039;objectif secondaire et la cible cach\u00e9e.<\/p>\n\n\n\t\t\t\t<div class=\"wp-block-uagb-table-of-contents uagb-toc__align-left uagb-toc__columns-1  uagb-block-5eabf030\"\n\t\t\t\t\tdata-scroll= \"1\"\n\t\t\t\t\tdata-offset= \"30\"\n\t\t\t\t\tstyle=\"\"\n\t\t\t\t>\n\t\t\t\t<div class=\"uagb-toc__wrap\">\n\t\t\t\t\t\t<div class=\"uagb-toc__title\">\n\t\t\t\t\t\t\tNavigation dans le guide pas \u00e0 pas:\t\t\t\t\t\t<\/div>\n\t\t\t\t\t\t\t\t\t\t\t\t\t\t\t\t<div class=\"uagb-toc__list-wrap\">\n\t\t\t\t\t\t<ol class=\"uagb-toc__list\"><li class=\"uagb-toc__list\"><a href=\"#secondary-objective\" class=\"uagb-toc-link__trigger\">Objectif secondaire<\/a><li class=\"uagb-toc__list\"><a href=\"#perks-used-for-this-mission\" class=\"uagb-toc-link__trigger\">Avantages utilis\u00e9s pour cette mission:<\/a><li class=\"uagb-toc__list\"><a href=\"#hidden-target\" class=\"uagb-toc-link__trigger\">Cible cach\u00e9e<\/a><li class=\"uagb-toc__list\"><a href=\"#turret-placement\" class=\"uagb-toc-link__trigger\">Placement de la tourelle<\/a><li class=\"uagb-toc__list\"><a href=\"#veteran-difficulty-video-guide\" class=\"uagb-toc-link__trigger\">Guide vid\u00e9o de difficult\u00e9 v\u00e9t\u00e9ran<\/a><\/ol>\t\t\t\t\t<\/div>\n\t\t\t\t\t\t\t\t\t<\/div>\n\t\t\t\t<\/div>\n\t\t\t\n\n\n<hr class=\"wp-block-separator is-style-wide\"\/>\n\n\n\n<h3 class=\"wp-block-heading\">Objectif secondaire<\/h3>\n\n\n\n<p><em>Prot\u00e9gez la raffinerie de p\u00e9trole.<\/em><\/p>\n\n\n\n<p>La raffinerie de p\u00e9trole est le b\u00e2timent consid\u00e9rablement grand en haut \u00e0 gauche de votre base. Le prot\u00e9ger n\u00e9cessitera l&#039;utilisation de bombes car \u00e9ventuellement une petite attaque sournoise (vague 7) se rapprochera de son arri\u00e8re, hors de port\u00e9e de vos tourelles. Ils mettront beaucoup de temps \u00e0 d\u00e9truire compl\u00e8tement la raffinerie, mais il vaut mieux les tuer d\u00e8s que possible. Placer des tourelles devant le b\u00e2timent entre celui-ci et le trajet des vagues l&#039;emp\u00eachera de prendre feu dans cette direction.<\/p>\n\n\n\n<p>Enfin, si vous utilisez des bombes sur le trio de caisses pr\u00e8s de la raffinerie, veillez \u00e0 les d\u00e9poser le plus loin possible du b\u00e2timent; m\u00eame l&#039;entailler avec l&#039;explosion de votre propre bombe peut causer des d\u00e9g\u00e2ts \u00e9normes.<\/p>\n\n\n\n<div class=\"wp-block-image\"><figure class=\"aligncenter size-large\"><a href=\"https:\/\/ibomberdefensepacific.standardof.net\/fr\/guide\/campagne-mission-04-guadalcanal-tour-de-guet\/ibomber-defense-pacific-campaign-mission-04-guadalcanal-2\/\"><img decoding=\"async\" width=\"407\" height=\"242\" src=\"https:\/\/ibomberdefensepacific.standardof.net\/wp-content\/uploads\/sites\/6\/2020\/10\/iBomber-Defense-Pacific-Campaign-Mission-04-Guadalcanal-2.jpg\" alt=\"\u00abiBomber Defense Pacific\u00bb - Mission de campagne 04 - \u00abGuadalcanal\u00bb (2)\" class=\"wp-image-51\" srcset=\"https:\/\/ibomberdefensepacific.standardof.net\/wp-content\/uploads\/sites\/6\/2020\/10\/iBomber-Defense-Pacific-Campaign-Mission-04-Guadalcanal-2.jpg 407w, https:\/\/ibomberdefensepacific.standardof.net\/wp-content\/uploads\/sites\/6\/2020\/10\/iBomber-Defense-Pacific-Campaign-Mission-04-Guadalcanal-2-200x119.jpg 200w, https:\/\/ibomberdefensepacific.standardof.net\/wp-content\/uploads\/sites\/6\/2020\/10\/iBomber-Defense-Pacific-Campaign-Mission-04-Guadalcanal-2-16x10.jpg 16w\" sizes=\"(max-width: 407px) 100vw, 407px\" \/><\/a><figcaption>La raffinerie de p\u00e9trole.<\/figcaption><\/figure><\/div>\n\n\n\n<p><strong>Caisses d&#039;approvisionnement:<\/strong> 4<\/p>\n\n\n\n<p><strong>Points de victoire d\u00e9pens\u00e9s:<\/strong> 60<\/p>\n\n\n\n<ul><li>Mitrailleuse niveau 3<\/li><li>Canon lvl 3<\/li><li>Bombe niveau 2<\/li><\/ul>\n\n\n\n<hr class=\"wp-block-separator is-style-wide\"\/>\n\n\n\n<h3 class=\"wp-block-heading\">Avantages utilis\u00e9s pour cette mission:<\/h3>\n\n\n\n<ul><li>Billet vert I<\/li><li>Bombardier I<\/li><\/ul>\n\n\n\n<p>Encore une fois, de l&#039;argent et des bombes \u00bb, a d\u00e9clar\u00e9 Nuff.<\/p>\n\n\n\n<hr class=\"wp-block-separator is-style-wide\"\/>\n\n\n\n<h3 class=\"wp-block-heading\">Cible cach\u00e9e<\/h3>\n\n\n\n<p>La cible cach\u00e9e de Guadalcanal est l&#039;une des petites huttes situ\u00e9es dans la partie sup\u00e9rieure droite de la carte. Cherchez la cabane qui se trouve dans les bois et couverte d&#039;arbres, par opposition \u00e0 la paire qui se trouve sur la plage de sable \u00e0 l&#039;air libre. Regardez en bas \u00e0 gauche de cette paire pour trouver la cible couverte d&#039;arbres (voir l&#039;image ci-dessus).<\/p>\n\n\n\n<div class=\"wp-block-image\"><figure class=\"aligncenter size-large\"><a href=\"https:\/\/ibomberdefensepacific.standardof.net\/fr\/guide\/campagne-mission-04-guadalcanal-tour-de-guet\/ibomber-defense-pacific-campaign-mission-04-guadalcanal-3\/\"><img decoding=\"async\" width=\"245\" height=\"176\" src=\"https:\/\/ibomberdefensepacific.standardof.net\/wp-content\/uploads\/sites\/6\/2020\/10\/iBomber-Defense-Pacific-Campaign-Mission-04-Guadalcanal-3.jpg\" alt=\"\u00abiBomber Defense Pacific\u00bb - Mission de campagne 04 - \u00abGuadalcanal\u00bb (3)\" class=\"wp-image-52\" srcset=\"https:\/\/ibomberdefensepacific.standardof.net\/wp-content\/uploads\/sites\/6\/2020\/10\/iBomber-Defense-Pacific-Campaign-Mission-04-Guadalcanal-3.jpg 245w, https:\/\/ibomberdefensepacific.standardof.net\/wp-content\/uploads\/sites\/6\/2020\/10\/iBomber-Defense-Pacific-Campaign-Mission-04-Guadalcanal-3-200x144.jpg 200w, https:\/\/ibomberdefensepacific.standardof.net\/wp-content\/uploads\/sites\/6\/2020\/10\/iBomber-Defense-Pacific-Campaign-Mission-04-Guadalcanal-3-16x12.jpg 16w\" sizes=\"(max-width: 245px) 100vw, 245px\" \/><\/a><figcaption>La hutte couverte en bas \u00e0 gauche est la cible cach\u00e9e de Guadalcanal.<\/figcaption><\/figure><\/div>\n\n\n\n<hr class=\"wp-block-separator is-style-wide\"\/>\n\n\n\n<h3 class=\"wp-block-heading\">Placement de la tourelle<\/h3>\n\n\n\n<figure class=\"wp-block-gallery columns-2 is-cropped wp-block-gallery-1 is-layout-flex wp-block-gallery-is-layout-flex\"><ul class=\"blocks-gallery-grid\"><li class=\"blocks-gallery-item\"><figure><a href=\"https:\/\/ibomberdefensepacific.standardof.net\/fr\/guide\/campagne-mission-04-guadalcanal-tour-de-guet\/ibomber-defense-pacific-campaign-mission-04-guadalcanal-4\/\"><img decoding=\"async\" width=\"800\" height=\"450\" src=\"https:\/\/ibomberdefensepacific.standardof.net\/wp-content\/uploads\/sites\/6\/2020\/10\/iBomber-Defense-Pacific-Campaign-Mission-04-Guadalcanal-4-800x450.jpg\" alt=\"&quot;iBomber Defense Pacific&quot; - Mission de campagne 04 - &quot;Guadalcanal&quot; (4)\" data-id=\"53\" data-full-url=\"https:\/\/ibomberdefensepacific.standardof.net\/wp-content\/uploads\/sites\/6\/2020\/10\/iBomber-Defense-Pacific-Campaign-Mission-04-Guadalcanal-4.jpg\" data-link=\"https:\/\/ibomberdefensepacific.standardof.net\/guide\/campaign-mission-04-guadalcanal-watchtower\/ibomber-defense-pacific-campaign-mission-04-guadalcanal-4\/\" class=\"wp-image-53\" srcset=\"https:\/\/ibomberdefensepacific.standardof.net\/wp-content\/uploads\/sites\/6\/2020\/10\/iBomber-Defense-Pacific-Campaign-Mission-04-Guadalcanal-4-800x450.jpg 800w, https:\/\/ibomberdefensepacific.standardof.net\/wp-content\/uploads\/sites\/6\/2020\/10\/iBomber-Defense-Pacific-Campaign-Mission-04-Guadalcanal-4-512x288.jpg 512w, https:\/\/ibomberdefensepacific.standardof.net\/wp-content\/uploads\/sites\/6\/2020\/10\/iBomber-Defense-Pacific-Campaign-Mission-04-Guadalcanal-4-200x113.jpg 200w, https:\/\/ibomberdefensepacific.standardof.net\/wp-content\/uploads\/sites\/6\/2020\/10\/iBomber-Defense-Pacific-Campaign-Mission-04-Guadalcanal-4-768x432.jpg 768w, https:\/\/ibomberdefensepacific.standardof.net\/wp-content\/uploads\/sites\/6\/2020\/10\/iBomber-Defense-Pacific-Campaign-Mission-04-Guadalcanal-4-16x9.jpg 16w, https:\/\/ibomberdefensepacific.standardof.net\/wp-content\/uploads\/sites\/6\/2020\/10\/iBomber-Defense-Pacific-Campaign-Mission-04-Guadalcanal-4.jpg 1280w\" sizes=\"(max-width: 800px) 100vw, 800px\" \/><\/a><figcaption class=\"blocks-gallery-item__caption\">Placement de la tourelle Wave 8.<\/figcaption><\/figure><\/li><li class=\"blocks-gallery-item\"><figure><a href=\"https:\/\/ibomberdefensepacific.standardof.net\/fr\/guide\/campagne-mission-04-guadalcanal-tour-de-guet\/ibomber-defense-pacific-campaign-mission-04-guadalcanal-5\/\"><img decoding=\"async\" width=\"800\" height=\"450\" src=\"https:\/\/ibomberdefensepacific.standardof.net\/wp-content\/uploads\/sites\/6\/2020\/10\/iBomber-Defense-Pacific-Campaign-Mission-04-Guadalcanal-5-800x450.jpg\" alt=\"&quot;iBomber Defense Pacific&quot; - Mission de campagne 04 - &quot;Guadalcanal&quot; (5)\" data-id=\"54\" data-full-url=\"https:\/\/ibomberdefensepacific.standardof.net\/wp-content\/uploads\/sites\/6\/2020\/10\/iBomber-Defense-Pacific-Campaign-Mission-04-Guadalcanal-5.jpg\" data-link=\"https:\/\/ibomberdefensepacific.standardof.net\/guide\/campaign-mission-04-guadalcanal-watchtower\/ibomber-defense-pacific-campaign-mission-04-guadalcanal-5\/\" class=\"wp-image-54\" srcset=\"https:\/\/ibomberdefensepacific.standardof.net\/wp-content\/uploads\/sites\/6\/2020\/10\/iBomber-Defense-Pacific-Campaign-Mission-04-Guadalcanal-5-800x450.jpg 800w, https:\/\/ibomberdefensepacific.standardof.net\/wp-content\/uploads\/sites\/6\/2020\/10\/iBomber-Defense-Pacific-Campaign-Mission-04-Guadalcanal-5-512x288.jpg 512w, https:\/\/ibomberdefensepacific.standardof.net\/wp-content\/uploads\/sites\/6\/2020\/10\/iBomber-Defense-Pacific-Campaign-Mission-04-Guadalcanal-5-200x113.jpg 200w, https:\/\/ibomberdefensepacific.standardof.net\/wp-content\/uploads\/sites\/6\/2020\/10\/iBomber-Defense-Pacific-Campaign-Mission-04-Guadalcanal-5-768x432.jpg 768w, https:\/\/ibomberdefensepacific.standardof.net\/wp-content\/uploads\/sites\/6\/2020\/10\/iBomber-Defense-Pacific-Campaign-Mission-04-Guadalcanal-5-16x9.jpg 16w, https:\/\/ibomberdefensepacific.standardof.net\/wp-content\/uploads\/sites\/6\/2020\/10\/iBomber-Defense-Pacific-Campaign-Mission-04-Guadalcanal-5.jpg 1280w\" sizes=\"(max-width: 800px) 100vw, 800px\" \/><\/a><figcaption class=\"blocks-gallery-item__caption\">Placement de la tourelle Wave 16.<\/figcaption><\/figure><\/li><\/ul><\/figure>\n\n\n\n<p>Placer vos tourelles dans ce niveau suivra une r\u00e8gle g\u00e9n\u00e9rale de regroupement, o\u00f9 une mitrailleuse et un canon sont assis \u00e0 c\u00f4t\u00e9 d&#039;un lance-flammes \u00e0 proximit\u00e9 afin de maximiser l&#039;efficacit\u00e9 des effets de la flamme. Vous pouvez commencer avec juste la mitrailleuse et un seul lance-flammes au tout d\u00e9but de la trajectoire de la vague, mais vous voulez travailler rapidement sur une paire de tourelles bombes pr\u00e8s de votre base et un deuxi\u00e8me groupe pour vous asseoir devant la raffinerie - pas seulement pour aidez \u00e0 le d\u00e9fendre mais aussi \u00e0 nettoyer les trois caisses en plus d&#039;une bombe l\u00e2ch\u00e9e tr\u00e8s soigneusement. Assurez-vous d&#039;avoir une bombe enregistr\u00e9e pour l&#039;attaque sournoise \u00e0 l&#039;arri\u00e8re de la raffinerie \u00e0 la vague 7.<\/p>\n\n\n\n<p>Un autre bon endroit pour faire un groupe de tourelles est pr\u00e8s du virage \u00e0 la partie la plus \u00e0 l&#039;est de la carte, le virage serr\u00e9. Placer juste au virage donne \u00e0 vos tourelles un peu plus de couverture, ce qui signifie qu&#039;elles tirent plus sur les ennemis que sur une partie droite du chemin. Ne vous inqui\u00e9tez pas si la raffinerie subit des dommages, car c&#039;est une structure difficile dans une certaine mesure et il suffit de survivre par un fil pour vous gagner la m\u00e9daille d&#039;objectif secondaire.<\/p>\n\n\n\n<hr class=\"wp-block-separator is-style-wide\"\/>\n\n\n\n<h3 class=\"has-text-align-center wp-block-heading\" id=\"4-veteran-difficulty-video-guide\">Guide vid\u00e9o de difficult\u00e9 v\u00e9t\u00e9ran<\/h3>\n\n\n\n<figure class=\"wp-block-embed-youtube wp-block-embed is-type-video is-provider-youtube wp-embed-aspect-16-9 wp-has-aspect-ratio\"><div class=\"wp-block-embed__wrapper\">\n<div class=\"ast-oembed-container\" style=\"height: 100%;\"><iframe title=\"Guadalcanal - M4 iBomber Defense Pacific - Proc\u00e9dure pas \u00e0 pas pour les v\u00e9t\u00e9rans\" width=\"500\" height=\"375\" src=\"https:\/\/www.youtube.com\/embed\/TR5DfAdb2SQ?feature=oembed\" frameborder=\"0\" allow=\"accelerometer; autoplay; clipboard-write; encrypted-media; gyroscope; picture-in-picture; web-share\" referrerpolicy=\"strict-origin-when-cross-origin\" allowfullscreen><\/iframe><\/div>\n<\/div><\/figure>","protected":false},"excerpt":{"rendered":"<p>Guadalcanal: Watchtower Protect your position in Guadalcanal and prevent it from becoming a Japanese stronghold. In this level, you are facing 16 waves of enemy land units approaching from the top left and making a giant sharp curve at the right of the map before meeting your base at the central bottom. Here you will [&hellip;]<\/p>","protected":false},"author":1,"featured_media":54,"parent":164,"menu_order":4,"comment_status":"open","ping_status":"closed","template":"","meta":{"_uag_custom_page_level_css":"","site-sidebar-layout":"default","site-content-layout":"default","ast-site-content-layout":"","site-content-style":"default","site-sidebar-style":"default","ast-global-header-display":"","ast-banner-title-visibility":"","ast-main-header-display":"","ast-hfb-above-header-display":"","ast-hfb-below-header-display":"","ast-hfb-mobile-header-display":"","site-post-title":"","ast-breadcrumbs-content":"","ast-featured-img":"","footer-sml-layout":"","theme-transparent-header-meta":"default","adv-header-id-meta":"","stick-header-meta":"","header-above-stick-meta":"","header-main-stick-meta":"","header-below-stick-meta":"","astra-migrate-meta-layouts":"default","ast-page-background-enabled":"default","ast-page-background-meta":{"desktop":{"background-color":"","background-image":"","background-repeat":"repeat","background-position":"center center","background-size":"auto","background-attachment":"scroll","background-type":"","background-media":"","overlay-type":"","overlay-color":"","overlay-gradient":""},"tablet":{"background-color":"","background-image":"","background-repeat":"repeat","background-position":"center center","background-size":"auto","background-attachment":"scroll","background-type":"","background-media":"","overlay-type":"","overlay-color":"","overlay-gradient":""},"mobile":{"background-color":"","background-image":"","background-repeat":"repeat","background-position":"center center","background-size":"auto","background-attachment":"scroll","background-type":"","background-media":"","overlay-type":"","overlay-color":"","overlay-gradient":""}},"ast-content-background-meta":{"desktop":{"background-color":"var(--ast-global-color-5)","background-image":"","background-repeat":"repeat","background-position":"center center","background-size":"auto","background-attachment":"scroll","background-type":"","background-media":"","overlay-type":"","overlay-color":"","overlay-gradient":""},"tablet":{"background-color":"var(--ast-global-color-5)","background-image":"","background-repeat":"repeat","background-position":"center center","background-size":"auto","background-attachment":"scroll","background-type":"","background-media":"","overlay-type":"","overlay-color":"","overlay-gradient":""},"mobile":{"background-color":"var(--ast-global-color-5)","background-image":"","background-repeat":"repeat","background-position":"center center","background-size":"auto","background-attachment":"scroll","background-type":"","background-media":"","overlay-type":"","overlay-color":"","overlay-gradient":""}},"footnotes":""},"uagb_featured_image_src":{"full":["https:\/\/ibomberdefensepacific.standardof.net\/wp-content\/uploads\/sites\/6\/2020\/10\/iBomber-Defense-Pacific-Campaign-Mission-04-Guadalcanal-5.jpg",1280,720,false],"thumbnail":["https:\/\/ibomberdefensepacific.standardof.net\/wp-content\/uploads\/sites\/6\/2020\/10\/iBomber-Defense-Pacific-Campaign-Mission-04-Guadalcanal-5-200x113.jpg",200,113,true],"medium":["https:\/\/ibomberdefensepacific.standardof.net\/wp-content\/uploads\/sites\/6\/2020\/10\/iBomber-Defense-Pacific-Campaign-Mission-04-Guadalcanal-5-512x288.jpg",512,288,true],"medium_large":["https:\/\/ibomberdefensepacific.standardof.net\/wp-content\/uploads\/sites\/6\/2020\/10\/iBomber-Defense-Pacific-Campaign-Mission-04-Guadalcanal-5-768x432.jpg",768,432,true],"large":["https:\/\/ibomberdefensepacific.standardof.net\/wp-content\/uploads\/sites\/6\/2020\/10\/iBomber-Defense-Pacific-Campaign-Mission-04-Guadalcanal-5-800x450.jpg",800,450,true],"1536x1536":["https:\/\/ibomberdefensepacific.standardof.net\/wp-content\/uploads\/sites\/6\/2020\/10\/iBomber-Defense-Pacific-Campaign-Mission-04-Guadalcanal-5.jpg",1280,720,false],"2048x2048":["https:\/\/ibomberdefensepacific.standardof.net\/wp-content\/uploads\/sites\/6\/2020\/10\/iBomber-Defense-Pacific-Campaign-Mission-04-Guadalcanal-5.jpg",1280,720,false],"trp-custom-language-flag":["https:\/\/ibomberdefensepacific.standardof.net\/wp-content\/uploads\/sites\/6\/2020\/10\/iBomber-Defense-Pacific-Campaign-Mission-04-Guadalcanal-5-16x9.jpg",16,9,true]},"uagb_author_info":{"display_name":"SOE","author_link":"https:\/\/ibomberdefensepacific.standardof.net\/fr\/author\/k-tastic\/"},"uagb_comment_info":0,"uagb_excerpt":"Guadalcanal: Watchtower Protect your position in Guadalcanal and prevent it from becoming a Japanese stronghold. In this level, you are facing 16 waves of enemy land units approaching from the top left and making a giant sharp curve at the right of the map before meeting your base at the central bottom. Here you will&hellip;","_links":{"self":[{"href":"https:\/\/ibomberdefensepacific.standardof.net\/fr\/wp-json\/wp\/v2\/pages\/195"}],"collection":[{"href":"https:\/\/ibomberdefensepacific.standardof.net\/fr\/wp-json\/wp\/v2\/pages"}],"about":[{"href":"https:\/\/ibomberdefensepacific.standardof.net\/fr\/wp-json\/wp\/v2\/types\/page"}],"author":[{"embeddable":true,"href":"https:\/\/ibomberdefensepacific.standardof.net\/fr\/wp-json\/wp\/v2\/users\/1"}],"replies":[{"embeddable":true,"href":"https:\/\/ibomberdefensepacific.standardof.net\/fr\/wp-json\/wp\/v2\/comments?post=195"}],"version-history":[{"count":0,"href":"https:\/\/ibomberdefensepacific.standardof.net\/fr\/wp-json\/wp\/v2\/pages\/195\/revisions"}],"up":[{"embeddable":true,"href":"https:\/\/ibomberdefensepacific.standardof.net\/fr\/wp-json\/wp\/v2\/pages\/164"}],"wp:featuredmedia":[{"embeddable":true,"href":"https:\/\/ibomberdefensepacific.standardof.net\/fr\/wp-json\/wp\/v2\/media\/54"}],"wp:attachment":[{"href":"https:\/\/ibomberdefensepacific.standardof.net\/fr\/wp-json\/wp\/v2\/media?parent=195"}],"curies":[{"name":"wp","href":"https:\/\/api.w.org\/{rel}","templated":true}]}}