{"id":194,"date":"2020-10-21T13:30:15","date_gmt":"2020-10-21T13:30:15","guid":{"rendered":"https:\/\/ibomberdefensepacific.standardof.net\/?page_id=194"},"modified":"2020-10-21T17:20:02","modified_gmt":"2020-10-21T17:20:02","slug":"campaign-mission-03-battle-of-savo-island-ironbottom-sound","status":"publish","type":"page","link":"https:\/\/ibomberdefensepacific.standardof.net\/fr\/guide\/campagne-mission-03-bataille-de-savo-island-ironbottom-sound\/","title":{"rendered":"Mission de campagne 03: \u00abBataille de l&#039;\u00eele Savo\u00bb Ironbottom Sound"},"content":{"rendered":"<h2 class=\"wp-block-heading\">Bataille de l&#039;\u00eele Savo - Ironbottom Sound<\/h2>\n\n\n\n<div class=\"wp-block-image\"><figure class=\"aligncenter size-large\"><a href=\"https:\/\/ibomberdefensepacific.standardof.net\/fr\/guide\/campagne-mission-03-bataille-de-savo-island-ironbottom-sound\/ibomber-defense-pacific-campaign-mission-03-savo-island-1\/\"><img decoding=\"async\" width=\"800\" height=\"450\" src=\"https:\/\/ibomberdefensepacific.standardof.net\/wp-content\/uploads\/sites\/6\/2020\/10\/iBomber-Defense-Pacific-Campaign-Mission-03-Savo-Island-1-800x450.jpg\" alt=\"Une carte du niveau de la campagne Battle of Savo Island, avec des fl\u00e8ches dessin\u00e9es indiquant les chemins que les unit\u00e9s ennemies empruntent vers la base que vous devez d\u00e9fendre dans le jeu vid\u00e9o &quot;iBomber Defense Pacific&quot;.\" class=\"wp-image-49\" srcset=\"https:\/\/ibomberdefensepacific.standardof.net\/wp-content\/uploads\/sites\/6\/2020\/10\/iBomber-Defense-Pacific-Campaign-Mission-03-Savo-Island-1-800x450.jpg 800w, https:\/\/ibomberdefensepacific.standardof.net\/wp-content\/uploads\/sites\/6\/2020\/10\/iBomber-Defense-Pacific-Campaign-Mission-03-Savo-Island-1-512x288.jpg 512w, https:\/\/ibomberdefensepacific.standardof.net\/wp-content\/uploads\/sites\/6\/2020\/10\/iBomber-Defense-Pacific-Campaign-Mission-03-Savo-Island-1-200x113.jpg 200w, https:\/\/ibomberdefensepacific.standardof.net\/wp-content\/uploads\/sites\/6\/2020\/10\/iBomber-Defense-Pacific-Campaign-Mission-03-Savo-Island-1-768x432.jpg 768w, https:\/\/ibomberdefensepacific.standardof.net\/wp-content\/uploads\/sites\/6\/2020\/10\/iBomber-Defense-Pacific-Campaign-Mission-03-Savo-Island-1-16x9.jpg 16w, https:\/\/ibomberdefensepacific.standardof.net\/wp-content\/uploads\/sites\/6\/2020\/10\/iBomber-Defense-Pacific-Campaign-Mission-03-Savo-Island-1.jpg 1280w\" sizes=\"(max-width: 800px) 100vw, 800px\" \/><\/a><figcaption>Chemin des unit\u00e9s navales ennemies entrantes dans la bataille de l&#039;\u00eele de Savo.<\/figcaption><\/figure><\/div>\n\n\n\n<p><em>Prot\u00e9gez vos conduites d&#039;alimentation dans Guadalcanal.<\/em><\/p>\n\n\n\n<p>Ce niveau est consid\u00e9r\u00e9 comme le premier v\u00e9ritable d\u00e9fi, les deux premiers niveaux \u00e9tant consid\u00e9r\u00e9s comme des tutoriels. C&#039;est aussi le premier niveau d&#039;unit\u00e9 navale, avec deux chemins d&#039;unit\u00e9s exclusivement navales approchant du coin sup\u00e9rieur droit, se rejoignant dans la partie mince de l&#039;entr\u00e9e, puis se s\u00e9parant o\u00f9 la mini-\u00eele se trouve au milieu de la partie la plus large de le chemin de l&#039;eau avant de se retrouver \u00e0 la base. Vous rencontrerez \u00e9galement ces unit\u00e9s ennemies Sneak Attack qui ne se dirigent pas vers votre base mais qui s&#039;asseoiront autour de vos tourelles, perceptibles par leurs contours rouges.<\/p>\n\n\n\t\t\t\t<div class=\"wp-block-uagb-table-of-contents uagb-toc__align-left uagb-toc__columns-1  uagb-block-69b76d12\"\n\t\t\t\t\tdata-scroll= \"1\"\n\t\t\t\t\tdata-offset= \"30\"\n\t\t\t\t\tstyle=\"\"\n\t\t\t\t>\n\t\t\t\t<div class=\"uagb-toc__wrap\">\n\t\t\t\t\t\t<div class=\"uagb-toc__title\">\n\t\t\t\t\t\t\tNavigation dans le guide pas \u00e0 pas:\t\t\t\t\t\t<\/div>\n\t\t\t\t\t\t\t\t\t\t\t\t\t\t\t\t<div class=\"uagb-toc__list-wrap\">\n\t\t\t\t\t\t<ol class=\"uagb-toc__list\"><li class=\"uagb-toc__list\"><a href=\"#secondary-objective\" class=\"uagb-toc-link__trigger\">Objectif secondaire<\/a><li class=\"uagb-toc__list\"><a href=\"#perks-used-for-this-mission\" class=\"uagb-toc-link__trigger\">Avantages utilis\u00e9s pour cette mission:<\/a><li class=\"uagb-toc__list\"><a href=\"#hidden-target\" class=\"uagb-toc-link__trigger\">Cible cach\u00e9e<\/a><li class=\"uagb-toc__list\"><a href=\"#turret-placement\" class=\"uagb-toc-link__trigger\">Placement de la tourelle<\/a><li class=\"uagb-toc__list\"><a href=\"#veteran-difficulty-video-guide\" class=\"uagb-toc-link__trigger\">Guide vid\u00e9o de difficult\u00e9 v\u00e9t\u00e9ran<\/a><\/ol>\t\t\t\t\t<\/div>\n\t\t\t\t\t\t\t\t\t<\/div>\n\t\t\t\t<\/div>\n\t\t\t\n\n\n<hr class=\"wp-block-separator is-style-wide\"\/>\n\n\n\n<h3 class=\"wp-block-heading\">Objectif secondaire<\/h3>\n\n\n\n<p><em>Les fournitures sont faibles. Collectionnez-les tous pour aider l&#039;effort de guerre.<\/em><\/p>\n\n\n\n<p>Vous devrez utiliser des bombes et un placement soigneux de la tourelle pour ouvrir toutes les caisses \u00e9parpill\u00e9es sur la carte avant la fin du niveau pour atteindre cet objectif secondaire.<\/p>\n\n\n\n<p><strong>Caisses d&#039;approvisionnement: <\/strong>5<\/p>\n\n\n\n<p><strong>Points de victoire d\u00e9pens\u00e9s:<\/strong> 40<\/p>\n\n\n\n<ul><li>Mitrailleuse Niv 3<\/li><li>Canon lvl 2<\/li><li>Tourelle \u00e0 bombe niveau 2<\/li><\/ul>\n\n\n\n<hr class=\"wp-block-separator is-style-wide\"\/>\n\n\n\n<h3 class=\"wp-block-heading\">Avantages utilis\u00e9s pour cette mission:<\/h3>\n\n\n\n<p>Billet vert I, Bombardier I<br>Comme pour la mission pr\u00e9c\u00e9dente, avoir une bombe suppl\u00e9mentaire et de l&#039;argent de d\u00e9part suppl\u00e9mentaire est incroyablement utile. Dans ce cas, la bombe est \u00e9galement une aide importante pour l&#039;objectif secondaire.<\/p>\n\n\n\n<hr class=\"wp-block-separator is-style-wide\"\/>\n\n\n\n<h3 class=\"wp-block-heading\">Cible cach\u00e9e<\/h3>\n\n\n\n<p>Le b\u00e2timent cible cach\u00e9 secret de Battle of Savo Island se trouve juste en bas \u00e0 droite de votre base. Le b\u00e2timent est un petit b\u00e2timent brun de type entrep\u00f4t presque enti\u00e8rement recouvert par les arbres voisins pr\u00e8s de l&#039;endroit o\u00f9 l&#039;un des groupes de trois soldats se faufilera.<\/p>\n\n\n\n<div class=\"wp-block-image\"><figure class=\"aligncenter size-large is-resized\"><a href=\"https:\/\/ibomberdefensepacific.standardof.net\/fr\/guide\/campagne-mission-03-bataille-de-savo-island-ironbottom-sound\/ibomber-defense-pacific-campaign-mission-03-savo-island-2\/\"><img decoding=\"async\" src=\"https:\/\/ibomberdefensepacific.standardof.net\/wp-content\/uploads\/sites\/6\/2020\/10\/iBomber-Defense-Pacific-Campaign-Mission-03-Savo-Island-2.jpg\" alt=\"Capture d&#039;\u00e9cran du b\u00e2timent Cible Cach\u00e9e au niveau de la campagne Battle of Savo Island du jeu vid\u00e9o &quot;iBomber Defense Pacific&quot;.\" class=\"wp-image-46\" width=\"269\" height=\"198\" srcset=\"https:\/\/ibomberdefensepacific.standardof.net\/wp-content\/uploads\/sites\/6\/2020\/10\/iBomber-Defense-Pacific-Campaign-Mission-03-Savo-Island-2.jpg 269w, https:\/\/ibomberdefensepacific.standardof.net\/wp-content\/uploads\/sites\/6\/2020\/10\/iBomber-Defense-Pacific-Campaign-Mission-03-Savo-Island-2-200x147.jpg 200w, https:\/\/ibomberdefensepacific.standardof.net\/wp-content\/uploads\/sites\/6\/2020\/10\/iBomber-Defense-Pacific-Campaign-Mission-03-Savo-Island-2-16x12.jpg 16w\" sizes=\"(max-width: 269px) 100vw, 269px\" \/><\/a><figcaption>Cible cach\u00e9e<\/figcaption><\/figure><\/div>\n\n\n\n<hr class=\"wp-block-separator is-style-wide\"\/>\n\n\n\n<h3 class=\"wp-block-heading\">Placement de la tourelle<\/h3>\n\n\n\n<figure class=\"wp-block-gallery columns-2 is-cropped wp-block-gallery-1 is-layout-flex wp-block-gallery-is-layout-flex\"><ul class=\"blocks-gallery-grid\"><li class=\"blocks-gallery-item\"><figure><a href=\"https:\/\/ibomberdefensepacific.standardof.net\/fr\/guide\/campagne-mission-03-bataille-de-savo-island-ironbottom-sound\/ibomber-defense-pacific-campaign-mission-03-savo-island-3\/\"><img decoding=\"async\" width=\"800\" height=\"450\" src=\"https:\/\/ibomberdefensepacific.standardof.net\/wp-content\/uploads\/sites\/6\/2020\/10\/iBomber-Defense-Pacific-Campaign-Mission-03-Savo-Island-3-800x450.jpg\" alt=\"Capture d&#039;\u00e9cran du placement sugg\u00e9r\u00e9 de la tourelle apr\u00e8s avoir atteint la vague 8 dans le niveau de campagne Battle of Savo Island du jeu vid\u00e9o &quot;iBomber Defense Pacific&quot;.\" data-id=\"47\" data-full-url=\"https:\/\/ibomberdefensepacific.standardof.net\/wp-content\/uploads\/sites\/6\/2020\/10\/iBomber-Defense-Pacific-Campaign-Mission-03-Savo-Island-3.jpg\" data-link=\"https:\/\/ibomberdefensepacific.standardof.net\/guide\/campaign-mission-03-battle-of-savo-island-ironbottom-sound\/ibomber-defense-pacific-campaign-mission-03-savo-island-3\/\" class=\"wp-image-47\" srcset=\"https:\/\/ibomberdefensepacific.standardof.net\/wp-content\/uploads\/sites\/6\/2020\/10\/iBomber-Defense-Pacific-Campaign-Mission-03-Savo-Island-3-800x450.jpg 800w, https:\/\/ibomberdefensepacific.standardof.net\/wp-content\/uploads\/sites\/6\/2020\/10\/iBomber-Defense-Pacific-Campaign-Mission-03-Savo-Island-3-512x288.jpg 512w, https:\/\/ibomberdefensepacific.standardof.net\/wp-content\/uploads\/sites\/6\/2020\/10\/iBomber-Defense-Pacific-Campaign-Mission-03-Savo-Island-3-200x113.jpg 200w, https:\/\/ibomberdefensepacific.standardof.net\/wp-content\/uploads\/sites\/6\/2020\/10\/iBomber-Defense-Pacific-Campaign-Mission-03-Savo-Island-3-768x432.jpg 768w, https:\/\/ibomberdefensepacific.standardof.net\/wp-content\/uploads\/sites\/6\/2020\/10\/iBomber-Defense-Pacific-Campaign-Mission-03-Savo-Island-3-16x9.jpg 16w, https:\/\/ibomberdefensepacific.standardof.net\/wp-content\/uploads\/sites\/6\/2020\/10\/iBomber-Defense-Pacific-Campaign-Mission-03-Savo-Island-3.jpg 1280w\" sizes=\"(max-width: 800px) 100vw, 800px\" \/><\/a><figcaption class=\"blocks-gallery-item__caption\">Placement de la tourelle Wave 8 dans la bataille de Savo Island.<\/figcaption><\/figure><\/li><li class=\"blocks-gallery-item\"><figure><a href=\"https:\/\/ibomberdefensepacific.standardof.net\/fr\/guide\/campagne-mission-03-bataille-de-savo-island-ironbottom-sound\/ibomber-defense-pacific-campaign-mission-03-savo-island-4\/\"><img decoding=\"async\" width=\"800\" height=\"450\" src=\"https:\/\/ibomberdefensepacific.standardof.net\/wp-content\/uploads\/sites\/6\/2020\/10\/iBomber-Defense-Pacific-Campaign-Mission-03-Savo-Island-4-800x450.jpg\" alt=\"Capture d&#039;\u00e9cran du placement sugg\u00e9r\u00e9 de la tourelle apr\u00e8s avoir atteint la vague 14 dans le niveau de campagne Battle of Savo Island du jeu vid\u00e9o &quot;iBomber Defense Pacific&quot;.\" data-id=\"48\" data-full-url=\"https:\/\/ibomberdefensepacific.standardof.net\/wp-content\/uploads\/sites\/6\/2020\/10\/iBomber-Defense-Pacific-Campaign-Mission-03-Savo-Island-4.jpg\" data-link=\"https:\/\/ibomberdefensepacific.standardof.net\/guide\/campaign-mission-03-battle-of-savo-island-ironbottom-sound\/ibomber-defense-pacific-campaign-mission-03-savo-island-4\/\" class=\"wp-image-48\" srcset=\"https:\/\/ibomberdefensepacific.standardof.net\/wp-content\/uploads\/sites\/6\/2020\/10\/iBomber-Defense-Pacific-Campaign-Mission-03-Savo-Island-4-800x450.jpg 800w, https:\/\/ibomberdefensepacific.standardof.net\/wp-content\/uploads\/sites\/6\/2020\/10\/iBomber-Defense-Pacific-Campaign-Mission-03-Savo-Island-4-512x288.jpg 512w, https:\/\/ibomberdefensepacific.standardof.net\/wp-content\/uploads\/sites\/6\/2020\/10\/iBomber-Defense-Pacific-Campaign-Mission-03-Savo-Island-4-200x113.jpg 200w, https:\/\/ibomberdefensepacific.standardof.net\/wp-content\/uploads\/sites\/6\/2020\/10\/iBomber-Defense-Pacific-Campaign-Mission-03-Savo-Island-4-768x432.jpg 768w, https:\/\/ibomberdefensepacific.standardof.net\/wp-content\/uploads\/sites\/6\/2020\/10\/iBomber-Defense-Pacific-Campaign-Mission-03-Savo-Island-4-16x9.jpg 16w, https:\/\/ibomberdefensepacific.standardof.net\/wp-content\/uploads\/sites\/6\/2020\/10\/iBomber-Defense-Pacific-Campaign-Mission-03-Savo-Island-4.jpg 1280w\" sizes=\"(max-width: 800px) 100vw, 800px\" \/><\/a><figcaption class=\"blocks-gallery-item__caption\">Placement de la tourelle Wave 14.<\/figcaption><\/figure><\/li><\/ul><\/figure>\n\n\n\n<p>Le placement de la tourelle dans ce niveau est assez simple et direct. Placez une paire de tourelles de mitrailleuses pr\u00e8s du point d&#039;\u00e9tranglement o\u00f9 les chemins se rejoignent et l&#039;entr\u00e9e s&#039;amincit. L&#039;un d&#039;eux du c\u00f4t\u00e9 sud mis \u00e0 niveau au niveau 3 peut retenir les quelques vagues initiales pendant que votre tourelle sup\u00e9rieure tire sur les caisses \u00e0 proximit\u00e9. Essayez \u00e9galement d&#039;obtenir une paire de tourelles Bomb dans la premi\u00e8re vague. Concentrez-vous d&#039;abord sur le largage des bombes sur les caisses pr\u00e8s de ces tourelles, pour finalement frapper l&#039;un des groupes d&#039;attaque sournoise qui se garent pr\u00e8s de la caisse \u00e0 c\u00f4t\u00e9 du chemin de terre en forme de Y qui traverse les bois. Une fois que vous \u00eates \u00e0 la vague 6, les deux tourelles MG sont n\u00e9cessaires pour repousser les vagues. Les bombes sont un gros probl\u00e8me ici, donc une fois que vous pouvez obtenir les deux MG avant au niveau 3, travaillez sur votre paire de tourelles de bombes et amenez-les au niveau 2.<\/p>\n\n\n\n<p>La vague 8 apportera l&#039;attaque sournoise de l&#039;un des grands navires de la taille d&#039;un croiseur, qui ressemblera \u00e0 une unit\u00e9 de vagues ordinaire mais s&#039;arr\u00eatera avant votre base, stationnant sur la grande partie de l&#039;eau pr\u00e8s de la mini-\u00eele. Vous devriez essayer de l&#039;ignorer pour l&#039;instant pendant que vous vous concentrez sur votre objectif secondaire, mais finalement une tourelle MG plac\u00e9e juste au nord de celle-ci peut \u00e9liminer \u00e0 la fois le croiseur et aider \u00e0 tirer sur la caisse voisine. Am\u00e9liorez cette MG plac\u00e9e pr\u00e8s de cette caisse au niveau 2 et trouvez les fonds pour un canon plac\u00e9 pr\u00e8s de l&#039;entr\u00e9e de votre base, ce qui aidera \u00e9galement \u00e0 tirer sur la caisse voisine du c\u00f4t\u00e9 ouest de l&#039;entr\u00e9e dans votre base, et vous \u00eates \u00e0 peu pr\u00e8s en sauce pour cette mission.<\/p>\n\n\n\n<hr class=\"wp-block-separator is-style-wide\"\/>\n\n\n\n<h3 class=\"has-text-align-center wp-block-heading\" id=\"4-veteran-difficulty-video-guide\">Guide vid\u00e9o de difficult\u00e9 v\u00e9t\u00e9ran<\/h3>\n\n\n\n<figure class=\"wp-block-embed-youtube wp-block-embed is-type-video is-provider-youtube wp-embed-aspect-16-9 wp-has-aspect-ratio\"><div class=\"wp-block-embed__wrapper\">\n<div class=\"ast-oembed-container\" style=\"height: 100%;\"><iframe title=\"Bataille de Savo Island - M3 iBomber Defense Pacific - Proc\u00e9dure pas \u00e0 pas pour les v\u00e9t\u00e9rans\" width=\"500\" height=\"375\" src=\"https:\/\/www.youtube.com\/embed\/-QjPl5nCqEc?feature=oembed\" frameborder=\"0\" allow=\"accelerometer; autoplay; clipboard-write; encrypted-media; gyroscope; picture-in-picture; web-share\" referrerpolicy=\"strict-origin-when-cross-origin\" allowfullscreen><\/iframe><\/div>\n<\/div><\/figure>","protected":false},"excerpt":{"rendered":"<p>Battle of Savo Island &#8211; Ironbottom Sound Protect your supply lines into Guadalcanal. This level is considered the first real challenge, the first two levels being considered tutorials. It is also the first naval unit level, with two paths of exclusively naval units approaching from the top right corner, coming together at the thin part [&hellip;]<\/p>","protected":false},"author":1,"featured_media":47,"parent":164,"menu_order":3,"comment_status":"open","ping_status":"closed","template":"","meta":{"_uag_custom_page_level_css":"","site-sidebar-layout":"default","site-content-layout":"default","ast-site-content-layout":"","site-content-style":"default","site-sidebar-style":"default","ast-global-header-display":"","ast-banner-title-visibility":"","ast-main-header-display":"","ast-hfb-above-header-display":"","ast-hfb-below-header-display":"","ast-hfb-mobile-header-display":"","site-post-title":"","ast-breadcrumbs-content":"","ast-featured-img":"","footer-sml-layout":"","theme-transparent-header-meta":"default","adv-header-id-meta":"","stick-header-meta":"","header-above-stick-meta":"","header-main-stick-meta":"","header-below-stick-meta":"","astra-migrate-meta-layouts":"default","ast-page-background-enabled":"default","ast-page-background-meta":{"desktop":{"background-color":"","background-image":"","background-repeat":"repeat","background-position":"center center","background-size":"auto","background-attachment":"scroll","background-type":"","background-media":"","overlay-type":"","overlay-color":"","overlay-gradient":""},"tablet":{"background-color":"","background-image":"","background-repeat":"repeat","background-position":"center center","background-size":"auto","background-attachment":"scroll","background-type":"","background-media":"","overlay-type":"","overlay-color":"","overlay-gradient":""},"mobile":{"background-color":"","background-image":"","background-repeat":"repeat","background-position":"center center","background-size":"auto","background-attachment":"scroll","background-type":"","background-media":"","overlay-type":"","overlay-color":"","overlay-gradient":""}},"ast-content-background-meta":{"desktop":{"background-color":"var(--ast-global-color-5)","background-image":"","background-repeat":"repeat","background-position":"center center","background-size":"auto","background-attachment":"scroll","background-type":"","background-media":"","overlay-type":"","overlay-color":"","overlay-gradient":""},"tablet":{"background-color":"var(--ast-global-color-5)","background-image":"","background-repeat":"repeat","background-position":"center center","background-size":"auto","background-attachment":"scroll","background-type":"","background-media":"","overlay-type":"","overlay-color":"","overlay-gradient":""},"mobile":{"background-color":"var(--ast-global-color-5)","background-image":"","background-repeat":"repeat","background-position":"center center","background-size":"auto","background-attachment":"scroll","background-type":"","background-media":"","overlay-type":"","overlay-color":"","overlay-gradient":""}},"footnotes":""},"uagb_featured_image_src":{"full":["https:\/\/ibomberdefensepacific.standardof.net\/wp-content\/uploads\/sites\/6\/2020\/10\/iBomber-Defense-Pacific-Campaign-Mission-03-Savo-Island-3.jpg",1280,720,false],"thumbnail":["https:\/\/ibomberdefensepacific.standardof.net\/wp-content\/uploads\/sites\/6\/2020\/10\/iBomber-Defense-Pacific-Campaign-Mission-03-Savo-Island-3-200x113.jpg",200,113,true],"medium":["https:\/\/ibomberdefensepacific.standardof.net\/wp-content\/uploads\/sites\/6\/2020\/10\/iBomber-Defense-Pacific-Campaign-Mission-03-Savo-Island-3-512x288.jpg",512,288,true],"medium_large":["https:\/\/ibomberdefensepacific.standardof.net\/wp-content\/uploads\/sites\/6\/2020\/10\/iBomber-Defense-Pacific-Campaign-Mission-03-Savo-Island-3-768x432.jpg",768,432,true],"large":["https:\/\/ibomberdefensepacific.standardof.net\/wp-content\/uploads\/sites\/6\/2020\/10\/iBomber-Defense-Pacific-Campaign-Mission-03-Savo-Island-3-800x450.jpg",800,450,true],"1536x1536":["https:\/\/ibomberdefensepacific.standardof.net\/wp-content\/uploads\/sites\/6\/2020\/10\/iBomber-Defense-Pacific-Campaign-Mission-03-Savo-Island-3.jpg",1280,720,false],"2048x2048":["https:\/\/ibomberdefensepacific.standardof.net\/wp-content\/uploads\/sites\/6\/2020\/10\/iBomber-Defense-Pacific-Campaign-Mission-03-Savo-Island-3.jpg",1280,720,false],"trp-custom-language-flag":["https:\/\/ibomberdefensepacific.standardof.net\/wp-content\/uploads\/sites\/6\/2020\/10\/iBomber-Defense-Pacific-Campaign-Mission-03-Savo-Island-3-16x9.jpg",16,9,true]},"uagb_author_info":{"display_name":"SOE","author_link":"https:\/\/ibomberdefensepacific.standardof.net\/fr\/author\/k-tastic\/"},"uagb_comment_info":0,"uagb_excerpt":"Battle of Savo Island &#8211; Ironbottom Sound Protect your supply lines into Guadalcanal. This level is considered the first real challenge, the first two levels being considered tutorials. It is also the first naval unit level, with two paths of exclusively naval units approaching from the top right corner, coming together at the thin part&hellip;","_links":{"self":[{"href":"https:\/\/ibomberdefensepacific.standardof.net\/fr\/wp-json\/wp\/v2\/pages\/194"}],"collection":[{"href":"https:\/\/ibomberdefensepacific.standardof.net\/fr\/wp-json\/wp\/v2\/pages"}],"about":[{"href":"https:\/\/ibomberdefensepacific.standardof.net\/fr\/wp-json\/wp\/v2\/types\/page"}],"author":[{"embeddable":true,"href":"https:\/\/ibomberdefensepacific.standardof.net\/fr\/wp-json\/wp\/v2\/users\/1"}],"replies":[{"embeddable":true,"href":"https:\/\/ibomberdefensepacific.standardof.net\/fr\/wp-json\/wp\/v2\/comments?post=194"}],"version-history":[{"count":0,"href":"https:\/\/ibomberdefensepacific.standardof.net\/fr\/wp-json\/wp\/v2\/pages\/194\/revisions"}],"up":[{"embeddable":true,"href":"https:\/\/ibomberdefensepacific.standardof.net\/fr\/wp-json\/wp\/v2\/pages\/164"}],"wp:featuredmedia":[{"embeddable":true,"href":"https:\/\/ibomberdefensepacific.standardof.net\/fr\/wp-json\/wp\/v2\/media\/47"}],"wp:attachment":[{"href":"https:\/\/ibomberdefensepacific.standardof.net\/fr\/wp-json\/wp\/v2\/media?parent=194"}],"curies":[{"name":"wp","href":"https:\/\/api.w.org\/{rel}","templated":true}]}}