{"id":189,"date":"2020-10-20T13:33:39","date_gmt":"2020-10-20T13:33:39","guid":{"rendered":"https:\/\/ibomberdefensepacific.standardof.net\/?page_id=189"},"modified":"2020-10-21T17:19:38","modified_gmt":"2020-10-21T17:19:38","slug":"campaign-mission-02-buna-gona","status":"publish","type":"page","link":"https:\/\/ibomberdefensepacific.standardof.net\/fr\/guide\/campagne-mission-02-buna-gona\/","title":{"rendered":"Mission de campagne 02: P\u00e9rim\u00e8tre \u00abBuna Gona\u00bb"},"content":{"rendered":"<h2 class=\"wp-block-heading\">Buna Gona - P\u00e9rim\u00e8tre<\/h2>\n\n\n\n<div class=\"wp-block-image\"><figure class=\"aligncenter size-large\"><a href=\"https:\/\/ibomberdefensepacific.standardof.net\/fr\/guide\/campagne-mission-02-buna-gona\/ibomber-defense-pacific-campaign-mission-02-buna-gona-1\/\"><img decoding=\"async\" width=\"800\" height=\"450\" src=\"https:\/\/ibomberdefensepacific.standardof.net\/wp-content\/uploads\/sites\/6\/2020\/10\/iBomber-Defense-Pacific-Campaign-Mission-02-Buna-Gona-1-800x450.jpg\" alt=\"iBomber Defense Pacific - Mission de campagne 02 - Buna Gona (1)\" class=\"wp-image-41\" srcset=\"https:\/\/ibomberdefensepacific.standardof.net\/wp-content\/uploads\/sites\/6\/2020\/10\/iBomber-Defense-Pacific-Campaign-Mission-02-Buna-Gona-1-800x450.jpg 800w, https:\/\/ibomberdefensepacific.standardof.net\/wp-content\/uploads\/sites\/6\/2020\/10\/iBomber-Defense-Pacific-Campaign-Mission-02-Buna-Gona-1-512x288.jpg 512w, https:\/\/ibomberdefensepacific.standardof.net\/wp-content\/uploads\/sites\/6\/2020\/10\/iBomber-Defense-Pacific-Campaign-Mission-02-Buna-Gona-1-200x113.jpg 200w, https:\/\/ibomberdefensepacific.standardof.net\/wp-content\/uploads\/sites\/6\/2020\/10\/iBomber-Defense-Pacific-Campaign-Mission-02-Buna-Gona-1-768x432.jpg 768w, https:\/\/ibomberdefensepacific.standardof.net\/wp-content\/uploads\/sites\/6\/2020\/10\/iBomber-Defense-Pacific-Campaign-Mission-02-Buna-Gona-1-16x9.jpg 16w, https:\/\/ibomberdefensepacific.standardof.net\/wp-content\/uploads\/sites\/6\/2020\/10\/iBomber-Defense-Pacific-Campaign-Mission-02-Buna-Gona-1.jpg 1280w\" sizes=\"(max-width: 800px) 100vw, 800px\" \/><\/a><figcaption>Le chemin rouge montrant l&#039;itin\u00e9raire emprunt\u00e9 par les forces ennemies entrantes \u00e0 Buna Gona.<\/figcaption><\/figure><\/div>\n\n\n\n<p><em>Prot\u00e9gez votre position \u00e0 Buna, en Nouvelle-Guin\u00e9e.<\/em><\/p>\n\n\n\n<p>Au niveau Buna Gona, les forces terrestres ennemies approcheront de votre base dans un chemin en spirale qui commence au centre-haut de la carte, se terminant pr\u00e8s du centre, faisant presque une boucle compl\u00e8te. Cette mission pr\u00e9sentera la tourelle \u00e0 bombe et comment l&#039;utiliser, tout en \u00e9tant la derni\u00e8re moiti\u00e9 des missions de didacticiel n\u00e9cessaires pour d\u00e9verrouiller le succ\u00e8s de l&#039;entra\u00eenement de base.<\/p>\n\n\n\t\t\t\t<div class=\"wp-block-uagb-table-of-contents uagb-toc__align-left uagb-toc__columns-1  uagb-block-e609e29d\"\n\t\t\t\t\tdata-scroll= \"1\"\n\t\t\t\t\tdata-offset= \"30\"\n\t\t\t\t\tstyle=\"\"\n\t\t\t\t>\n\t\t\t\t<div class=\"uagb-toc__wrap\">\n\t\t\t\t\t\t<div class=\"uagb-toc__title\">\n\t\t\t\t\t\t\tNavigation dans le guide pas \u00e0 pas:\t\t\t\t\t\t<\/div>\n\t\t\t\t\t\t\t\t\t\t\t\t\t\t\t\t<div class=\"uagb-toc__list-wrap\">\n\t\t\t\t\t\t<ol class=\"uagb-toc__list\"><li class=\"uagb-toc__list\"><a href=\"#secondary-objective\" class=\"uagb-toc-link__trigger\">Objectif secondaire<\/a><li class=\"uagb-toc__list\"><a href=\"#victory-points\" class=\"uagb-toc-link__trigger\">Points de victoire<\/a><li class=\"uagb-toc__list\"><a href=\"#perks-used-for-this-mission\" class=\"uagb-toc-link__trigger\">Avantages utilis\u00e9s pour cette mission:<\/a><li class=\"uagb-toc__list\"><a href=\"#hidden-target\" class=\"uagb-toc-link__trigger\">Cible cach\u00e9e<\/a><li class=\"uagb-toc__list\"><a href=\"#turret-placement\" class=\"uagb-toc-link__trigger\">Placement de la tourelle<\/a><li class=\"uagb-toc__list\"><a href=\"#basic-training-achievement\" class=\"uagb-toc-link__trigger\">R\u00e9alisation de la formation de base<\/a><li class=\"uagb-toc__list\"><a href=\"#veteran-difficulty-video-guide\" class=\"uagb-toc-link__trigger\">Guide vid\u00e9o de difficult\u00e9 v\u00e9t\u00e9ran<\/a><\/ol>\t\t\t\t\t<\/div>\n\t\t\t\t\t\t\t\t\t<\/div>\n\t\t\t\t<\/div>\n\t\t\t\n\n\n<hr class=\"wp-block-separator is-style-wide\"\/>\n\n\n\n<h3 class=\"wp-block-heading\">Objectif secondaire<\/h3>\n\n\n\n<p><em>D\u00e9truisez tous les bunkers japonais de la zone.<\/em><\/p>\n\n\n\n<p>Cet objectif n\u00e9cessitera l&#039;utilisation de vos bombes. Il est pr\u00e9f\u00e9rable de le faire d\u00e8s que possible, mais pas au d\u00e9triment d&#039;ignorer compl\u00e8tement les caisses d&#039;approvisionnement jusqu&#039;\u00e0 ce que vous ayez termin\u00e9. L\u00e2chez simplement une seule bombe sur chacune des trois formes hexagonales en relief qui sont situ\u00e9es dans les bois, loin du chemin et de vos tourelles, avec la clairi\u00e8re circulaire autour de chacune.<\/p>\n\n\n\n<div class=\"wp-block-image\"><figure class=\"aligncenter size-large\"><a href=\"https:\/\/ibomberdefensepacific.standardof.net\/fr\/guide\/campagne-mission-02-buna-gona\/ibomber-defense-pacific-campaign-mission-02-buna-gona-3\/\"><img decoding=\"async\" width=\"244\" height=\"230\" src=\"https:\/\/ibomberdefensepacific.standardof.net\/wp-content\/uploads\/sites\/6\/2020\/10\/iBomber-Defense-Pacific-Campaign-Mission-02-Buna-Gona-3.jpg\" alt=\"Capture d&#039;\u00e9cran de l&#039;un des bunkers que vous devez d\u00e9truire pour l&#039;objectif secondaire dans le niveau de campagne Buna-Gona du jeu vid\u00e9o &quot;iBomber Defense Pacific&quot;.\" class=\"wp-image-43\" srcset=\"https:\/\/ibomberdefensepacific.standardof.net\/wp-content\/uploads\/sites\/6\/2020\/10\/iBomber-Defense-Pacific-Campaign-Mission-02-Buna-Gona-3.jpg 244w, https:\/\/ibomberdefensepacific.standardof.net\/wp-content\/uploads\/sites\/6\/2020\/10\/iBomber-Defense-Pacific-Campaign-Mission-02-Buna-Gona-3-200x189.jpg 200w, https:\/\/ibomberdefensepacific.standardof.net\/wp-content\/uploads\/sites\/6\/2020\/10\/iBomber-Defense-Pacific-Campaign-Mission-02-Buna-Gona-3-13x12.jpg 13w\" sizes=\"(max-width: 244px) 100vw, 244px\" \/><\/a><figcaption>L&#039;un des bunkers japonais que vous devez d\u00e9truire avec des bombes pour l&#039;objectif secondaire.<\/figcaption><\/figure><\/div>\n\n\n\n<h3 class=\"wp-block-heading\">Points de victoire<\/h3>\n\n\n\n<ul><li>Mitrailleuse niveau 3<\/li><\/ul>\n\n\n\n<p>20 points au total<\/p>\n\n\n\n<hr class=\"wp-block-separator is-style-wide\"\/>\n\n\n\n<h3 class=\"wp-block-heading\">Avantages utilis\u00e9s pour cette mission:<\/h3>\n\n\n\n<p>Billet vert I, Bombardier I<br>L&#039;argent suppl\u00e9mentaire avec l&#039;avantage Greenback est toujours un choix pr\u00e9cieux, tandis qu&#039;une bombe suppl\u00e9mentaire ira un long chemin dans un niveau qui n\u00e9cessite une bonne quantit\u00e9 de leur utilisation dans un court laps de temps.<\/p>\n\n\n\n<hr class=\"wp-block-separator is-style-wide\"\/>\n\n\n\n<h3 class=\"wp-block-heading\">Cible cach\u00e9e<\/h3>\n\n\n\n<p>C&#039;est le premier niveau qui a une structure sp\u00e9ciale plac\u00e9e quelque peu discr\u00e8tement autour de la carte qui, si elle est d\u00e9truite (en l\u00e2chant une bombe), sert de bonus pour une r\u00e9alisation. La cible cach\u00e9e de Buna-Gona est une petite hutte nich\u00e9e entre les arbres, juste \u00e0 gauche de votre base.<\/p>\n\n\n\n<div class=\"wp-block-image is-style-default\"><figure class=\"aligncenter size-large\"><a href=\"https:\/\/ibomberdefensepacific.standardof.net\/fr\/guide\/campagne-mission-02-buna-gona\/ibomber-defense-pacific-campaign-mission-02-buna-gona-2\/\"><img decoding=\"async\" width=\"221\" height=\"229\" src=\"https:\/\/ibomberdefensepacific.standardof.net\/wp-content\/uploads\/sites\/6\/2020\/10\/iBomber-Defense-Pacific-Campaign-Mission-02-Buna-Gona-2.jpg\" alt=\"Capture d&#039;\u00e9cran du b\u00e2timent Cible cach\u00e9e dans le niveau de campagne Buna-Gona du jeu vid\u00e9o &quot;iBomber Defense Pacific&quot;.\" class=\"wp-image-42\" srcset=\"https:\/\/ibomberdefensepacific.standardof.net\/wp-content\/uploads\/sites\/6\/2020\/10\/iBomber-Defense-Pacific-Campaign-Mission-02-Buna-Gona-2.jpg 221w, https:\/\/ibomberdefensepacific.standardof.net\/wp-content\/uploads\/sites\/6\/2020\/10\/iBomber-Defense-Pacific-Campaign-Mission-02-Buna-Gona-2-193x200.jpg 193w, https:\/\/ibomberdefensepacific.standardof.net\/wp-content\/uploads\/sites\/6\/2020\/10\/iBomber-Defense-Pacific-Campaign-Mission-02-Buna-Gona-2-12x12.jpg 12w\" sizes=\"(max-width: 221px) 100vw, 221px\" \/><\/a><figcaption>La cible cach\u00e9e, cach\u00e9e pr\u00e8s du centre de la carte \u00e0 Buna-Gona.<\/figcaption><\/figure><\/div>\n\n\n\n<hr class=\"wp-block-separator is-style-wide\"\/>\n\n\n\n<h3 class=\"wp-block-heading\">Placement de la tourelle<\/h3>\n\n\n\n<figure class=\"wp-block-gallery columns-2 is-cropped wp-block-gallery-1 is-layout-flex wp-block-gallery-is-layout-flex\"><ul class=\"blocks-gallery-grid\"><li class=\"blocks-gallery-item\"><figure><a href=\"https:\/\/ibomberdefensepacific.standardof.net\/fr\/guide\/campagne-mission-02-buna-gona\/ibomber-defense-pacific-campaign-mission-02-buna-gona-4\/\"><img decoding=\"async\" width=\"800\" height=\"450\" src=\"https:\/\/ibomberdefensepacific.standardof.net\/wp-content\/uploads\/sites\/6\/2020\/10\/iBomber-Defense-Pacific-Campaign-Mission-02-Buna-Gona-4-800x450.jpg\" alt=\"Capture d&#039;\u00e9cran du placement sugg\u00e9r\u00e9 de la tourelle apr\u00e8s avoir atteint la vague 5 dans le niveau de campagne Buna-Gona du jeu vid\u00e9o &quot;iBomber Defense Pacific&quot;.\" data-id=\"44\" data-full-url=\"https:\/\/ibomberdefensepacific.standardof.net\/wp-content\/uploads\/sites\/6\/2020\/10\/iBomber-Defense-Pacific-Campaign-Mission-02-Buna-Gona-4.jpg\" data-link=\"https:\/\/ibomberdefensepacific.standardof.net\/guide\/campaign-mission-02-buna-gona\/ibomber-defense-pacific-campaign-mission-02-buna-gona-4\/\" class=\"wp-image-44\" srcset=\"https:\/\/ibomberdefensepacific.standardof.net\/wp-content\/uploads\/sites\/6\/2020\/10\/iBomber-Defense-Pacific-Campaign-Mission-02-Buna-Gona-4-800x450.jpg 800w, https:\/\/ibomberdefensepacific.standardof.net\/wp-content\/uploads\/sites\/6\/2020\/10\/iBomber-Defense-Pacific-Campaign-Mission-02-Buna-Gona-4-512x288.jpg 512w, https:\/\/ibomberdefensepacific.standardof.net\/wp-content\/uploads\/sites\/6\/2020\/10\/iBomber-Defense-Pacific-Campaign-Mission-02-Buna-Gona-4-200x113.jpg 200w, https:\/\/ibomberdefensepacific.standardof.net\/wp-content\/uploads\/sites\/6\/2020\/10\/iBomber-Defense-Pacific-Campaign-Mission-02-Buna-Gona-4-768x432.jpg 768w, https:\/\/ibomberdefensepacific.standardof.net\/wp-content\/uploads\/sites\/6\/2020\/10\/iBomber-Defense-Pacific-Campaign-Mission-02-Buna-Gona-4-16x9.jpg 16w, https:\/\/ibomberdefensepacific.standardof.net\/wp-content\/uploads\/sites\/6\/2020\/10\/iBomber-Defense-Pacific-Campaign-Mission-02-Buna-Gona-4.jpg 1280w\" sizes=\"(max-width: 800px) 100vw, 800px\" \/><\/a><figcaption class=\"blocks-gallery-item__caption\">Placement de la tourelle \u00e0 la vague 5.<\/figcaption><\/figure><\/li><li class=\"blocks-gallery-item\"><figure><a href=\"https:\/\/ibomberdefensepacific.standardof.net\/fr\/guide\/campagne-mission-02-buna-gona\/ibomber-defense-pacific-campaign-mission-02-buna-gona-5\/\"><img decoding=\"async\" width=\"800\" height=\"450\" src=\"https:\/\/ibomberdefensepacific.standardof.net\/wp-content\/uploads\/sites\/6\/2020\/10\/iBomber-Defense-Pacific-Campaign-Mission-02-Buna-Gona-5-800x450.jpg\" alt=\"Capture d&#039;\u00e9cran du placement sugg\u00e9r\u00e9 de la tourelle apr\u00e8s avoir atteint la vague 10 dans le niveau de campagne Buna-Gona du jeu vid\u00e9o &quot;iBomber Defense Pacific&quot;.\" data-id=\"45\" data-full-url=\"https:\/\/ibomberdefensepacific.standardof.net\/wp-content\/uploads\/sites\/6\/2020\/10\/iBomber-Defense-Pacific-Campaign-Mission-02-Buna-Gona-5.jpg\" data-link=\"https:\/\/ibomberdefensepacific.standardof.net\/guide\/campaign-mission-02-buna-gona\/ibomber-defense-pacific-campaign-mission-02-buna-gona-5\/\" class=\"wp-image-45\" srcset=\"https:\/\/ibomberdefensepacific.standardof.net\/wp-content\/uploads\/sites\/6\/2020\/10\/iBomber-Defense-Pacific-Campaign-Mission-02-Buna-Gona-5-800x450.jpg 800w, https:\/\/ibomberdefensepacific.standardof.net\/wp-content\/uploads\/sites\/6\/2020\/10\/iBomber-Defense-Pacific-Campaign-Mission-02-Buna-Gona-5-512x288.jpg 512w, https:\/\/ibomberdefensepacific.standardof.net\/wp-content\/uploads\/sites\/6\/2020\/10\/iBomber-Defense-Pacific-Campaign-Mission-02-Buna-Gona-5-200x113.jpg 200w, https:\/\/ibomberdefensepacific.standardof.net\/wp-content\/uploads\/sites\/6\/2020\/10\/iBomber-Defense-Pacific-Campaign-Mission-02-Buna-Gona-5-768x432.jpg 768w, https:\/\/ibomberdefensepacific.standardof.net\/wp-content\/uploads\/sites\/6\/2020\/10\/iBomber-Defense-Pacific-Campaign-Mission-02-Buna-Gona-5-16x9.jpg 16w, https:\/\/ibomberdefensepacific.standardof.net\/wp-content\/uploads\/sites\/6\/2020\/10\/iBomber-Defense-Pacific-Campaign-Mission-02-Buna-Gona-5.jpg 1280w\" sizes=\"(max-width: 800px) 100vw, 800px\" \/><\/a><figcaption class=\"blocks-gallery-item__caption\">Placement de la tourelle \u00e0 la vague 10.<\/figcaption><\/figure><\/li><\/ul><\/figure>\n\n\n\n<p>Avec vos fonds de d\u00e9part, vous voudrez placer une paire de tourelles de bombe pr\u00e8s de votre base, o\u00f9 elles sont moins susceptibles d&#039;\u00eatre tir\u00e9es par des ennemis avanc\u00e9s, car vous en aurez besoin de plus d&#039;une pour bombarder toutes les cibles et caisses \u00e0 temps. Prenez ce qui reste et placez une mitrailleuse sur le chemin avant la premi\u00e8re caisse de ravitaillement, en l&#039;am\u00e9liorant au niveau 3. Prenez vos prochains fonds et fabriquez une autre MG et \u00e9ventuellement un canon \u00e0 c\u00f4t\u00e9 de la paire de caisses, les faisant tirer sur les caisses lorsque les ennemis sont pas pr\u00e9sent pour travailler \u00e0 obtenir les goodies \u00e0 l&#039;int\u00e9rieur.<\/p>\n\n\n\n<p>Les vagues de cette mission vont vite, alors assurez-vous de larguer vos bombes sur les cibles que vous devez atteindre au fur et \u00e0 mesure qu&#039;elles sont fabriqu\u00e9es. Vous pourriez finir par endommager vos propres tourelles en frappant plus tard les caisses de ravitaillement, mais assurez-vous de ne pas attendre trop longtemps pour ouvrir les caisses car les fonds qu&#039;elles contiennent sont d&#039;une aide pr\u00e9cieuse. Vous devriez chercher \u00e0 conclure cette mission avec une paire de chaque niveau 2 et 3 MG et une paire de canons, sans compter les tourelles \u00e0 bombes.<\/p>\n\n\n\n<hr class=\"wp-block-separator is-style-wide\"\/>\n\n\n\n<h3 class=\"wp-block-heading\">R\u00e9alisation de la formation de base<\/h3>\n\n\n\n<p>Apr\u00e8s avoir termin\u00e9 cela et le niveau pr\u00e9c\u00e9dent, Kokada Track vous r\u00e9compensera avec le succ\u00e8s Formation de base pour avoir termin\u00e9 les deux niveaux du didacticiel du jeu. Peu importe la difficult\u00e9 sur laquelle vous battez ces missions.<\/p>\n\n\n\n<hr class=\"wp-block-separator is-style-wide\"\/>\n\n\n\n<h3 class=\"has-text-align-center wp-block-heading\" id=\"4-veteran-difficulty-video-guide\">Guide vid\u00e9o de difficult\u00e9 v\u00e9t\u00e9ran<\/h3>\n\n\n\n<figure class=\"wp-block-embed-youtube wp-block-embed is-type-video is-provider-youtube wp-embed-aspect-16-9 wp-has-aspect-ratio\"><div class=\"wp-block-embed__wrapper\">\n<div class=\"ast-oembed-container\" style=\"height: 100%;\"><iframe title=\"Buna Gona - M2 iBomber Defense Pacific - Proc\u00e9dure pas \u00e0 pas pour les v\u00e9t\u00e9rans\" width=\"500\" height=\"375\" src=\"https:\/\/www.youtube.com\/embed\/Z7bDZOrR9j0?feature=oembed\" frameborder=\"0\" allow=\"accelerometer; autoplay; clipboard-write; encrypted-media; gyroscope; picture-in-picture; web-share\" referrerpolicy=\"strict-origin-when-cross-origin\" allowfullscreen><\/iframe><\/div>\n<\/div><\/figure>","protected":false},"excerpt":{"rendered":"<p>Buna Gona &#8211; Perimeter Protect your position in Buna, New Guinea. The level Buna Gona will have the enemy land forces approaching your base in a spiraling path that starts at the center-top of the map, ending near the center, almost making a complete loop. This mission will introduce the Bomb Turret and how to [&hellip;]<\/p>","protected":false},"author":1,"featured_media":45,"parent":164,"menu_order":2,"comment_status":"open","ping_status":"closed","template":"","meta":{"_uag_custom_page_level_css":"","site-sidebar-layout":"default","site-content-layout":"default","ast-site-content-layout":"","site-content-style":"default","site-sidebar-style":"default","ast-global-header-display":"","ast-banner-title-visibility":"","ast-main-header-display":"","ast-hfb-above-header-display":"","ast-hfb-below-header-display":"","ast-hfb-mobile-header-display":"","site-post-title":"","ast-breadcrumbs-content":"","ast-featured-img":"","footer-sml-layout":"","theme-transparent-header-meta":"default","adv-header-id-meta":"","stick-header-meta":"","header-above-stick-meta":"","header-main-stick-meta":"","header-below-stick-meta":"","astra-migrate-meta-layouts":"default","ast-page-background-enabled":"default","ast-page-background-meta":{"desktop":{"background-color":"","background-image":"","background-repeat":"repeat","background-position":"center center","background-size":"auto","background-attachment":"scroll","background-type":"","background-media":"","overlay-type":"","overlay-color":"","overlay-gradient":""},"tablet":{"background-color":"","background-image":"","background-repeat":"repeat","background-position":"center center","background-size":"auto","background-attachment":"scroll","background-type":"","background-media":"","overlay-type":"","overlay-color":"","overlay-gradient":""},"mobile":{"background-color":"","background-image":"","background-repeat":"repeat","background-position":"center center","background-size":"auto","background-attachment":"scroll","background-type":"","background-media":"","overlay-type":"","overlay-color":"","overlay-gradient":""}},"ast-content-background-meta":{"desktop":{"background-color":"var(--ast-global-color-5)","background-image":"","background-repeat":"repeat","background-position":"center center","background-size":"auto","background-attachment":"scroll","background-type":"","background-media":"","overlay-type":"","overlay-color":"","overlay-gradient":""},"tablet":{"background-color":"var(--ast-global-color-5)","background-image":"","background-repeat":"repeat","background-position":"center center","background-size":"auto","background-attachment":"scroll","background-type":"","background-media":"","overlay-type":"","overlay-color":"","overlay-gradient":""},"mobile":{"background-color":"var(--ast-global-color-5)","background-image":"","background-repeat":"repeat","background-position":"center center","background-size":"auto","background-attachment":"scroll","background-type":"","background-media":"","overlay-type":"","overlay-color":"","overlay-gradient":""}},"footnotes":""},"uagb_featured_image_src":{"full":["https:\/\/ibomberdefensepacific.standardof.net\/wp-content\/uploads\/sites\/6\/2020\/10\/iBomber-Defense-Pacific-Campaign-Mission-02-Buna-Gona-5.jpg",1280,720,false],"thumbnail":["https:\/\/ibomberdefensepacific.standardof.net\/wp-content\/uploads\/sites\/6\/2020\/10\/iBomber-Defense-Pacific-Campaign-Mission-02-Buna-Gona-5-200x113.jpg",200,113,true],"medium":["https:\/\/ibomberdefensepacific.standardof.net\/wp-content\/uploads\/sites\/6\/2020\/10\/iBomber-Defense-Pacific-Campaign-Mission-02-Buna-Gona-5-512x288.jpg",512,288,true],"medium_large":["https:\/\/ibomberdefensepacific.standardof.net\/wp-content\/uploads\/sites\/6\/2020\/10\/iBomber-Defense-Pacific-Campaign-Mission-02-Buna-Gona-5-768x432.jpg",768,432,true],"large":["https:\/\/ibomberdefensepacific.standardof.net\/wp-content\/uploads\/sites\/6\/2020\/10\/iBomber-Defense-Pacific-Campaign-Mission-02-Buna-Gona-5-800x450.jpg",800,450,true],"1536x1536":["https:\/\/ibomberdefensepacific.standardof.net\/wp-content\/uploads\/sites\/6\/2020\/10\/iBomber-Defense-Pacific-Campaign-Mission-02-Buna-Gona-5.jpg",1280,720,false],"2048x2048":["https:\/\/ibomberdefensepacific.standardof.net\/wp-content\/uploads\/sites\/6\/2020\/10\/iBomber-Defense-Pacific-Campaign-Mission-02-Buna-Gona-5.jpg",1280,720,false],"trp-custom-language-flag":["https:\/\/ibomberdefensepacific.standardof.net\/wp-content\/uploads\/sites\/6\/2020\/10\/iBomber-Defense-Pacific-Campaign-Mission-02-Buna-Gona-5-16x9.jpg",16,9,true]},"uagb_author_info":{"display_name":"SOE","author_link":"https:\/\/ibomberdefensepacific.standardof.net\/fr\/author\/k-tastic\/"},"uagb_comment_info":0,"uagb_excerpt":"Buna Gona &#8211; Perimeter Protect your position in Buna, New Guinea. The level Buna Gona will have the enemy land forces approaching your base in a spiraling path that starts at the center-top of the map, ending near the center, almost making a complete loop. This mission will introduce the Bomb Turret and how to&hellip;","_links":{"self":[{"href":"https:\/\/ibomberdefensepacific.standardof.net\/fr\/wp-json\/wp\/v2\/pages\/189"}],"collection":[{"href":"https:\/\/ibomberdefensepacific.standardof.net\/fr\/wp-json\/wp\/v2\/pages"}],"about":[{"href":"https:\/\/ibomberdefensepacific.standardof.net\/fr\/wp-json\/wp\/v2\/types\/page"}],"author":[{"embeddable":true,"href":"https:\/\/ibomberdefensepacific.standardof.net\/fr\/wp-json\/wp\/v2\/users\/1"}],"replies":[{"embeddable":true,"href":"https:\/\/ibomberdefensepacific.standardof.net\/fr\/wp-json\/wp\/v2\/comments?post=189"}],"version-history":[{"count":0,"href":"https:\/\/ibomberdefensepacific.standardof.net\/fr\/wp-json\/wp\/v2\/pages\/189\/revisions"}],"up":[{"embeddable":true,"href":"https:\/\/ibomberdefensepacific.standardof.net\/fr\/wp-json\/wp\/v2\/pages\/164"}],"wp:featuredmedia":[{"embeddable":true,"href":"https:\/\/ibomberdefensepacific.standardof.net\/fr\/wp-json\/wp\/v2\/media\/45"}],"wp:attachment":[{"href":"https:\/\/ibomberdefensepacific.standardof.net\/fr\/wp-json\/wp\/v2\/media?parent=189"}],"curies":[{"name":"wp","href":"https:\/\/api.w.org\/{rel}","templated":true}]}}