{"id":183,"date":"2020-10-20T13:10:23","date_gmt":"2020-10-20T13:10:23","guid":{"rendered":"https:\/\/ibomberdefensepacific.standardof.net\/?page_id=183"},"modified":"2020-10-21T17:19:18","modified_gmt":"2020-10-21T17:19:18","slug":"campaign-mission-01-kokoda-track","status":"publish","type":"page","link":"https:\/\/ibomberdefensepacific.standardof.net\/fr\/guide\/campagne-mission-01-piste-kokoda\/","title":{"rendered":"Mission de campagne 01: \u00abKokoda Track\u00bb Nouvelle-Guin\u00e9e"},"content":{"rendered":"<h2 class=\"wp-block-heading\">Kokoda Track: Nouvelle-Guin\u00e9e<\/h2>\n\n\n\n<div class=\"wp-block-image\"><figure class=\"aligncenter size-large\"><a href=\"https:\/\/ibomberdefensepacific.standardof.net\/fr\/guide\/campagne-mission-01-piste-kokoda\/ibomber-defense-pacific-campaign-mission-01-kokoda-track-1\/\"><img decoding=\"async\" width=\"800\" height=\"450\" src=\"https:\/\/ibomberdefensepacific.standardof.net\/wp-content\/uploads\/sites\/6\/2020\/10\/iBomber-Defense-Pacific-Campaign-Mission-01-Kokoda-Track-1-800x450.jpg\" alt=\"Une carte du niveau de campagne Kokoda Track, avec des fl\u00e8ches dessin\u00e9es montrant les chemins que les unit\u00e9s ennemies prennent vers la base que vous devez d\u00e9fendre dans le jeu vid\u00e9o &quot;iBomber Defense Pacific&quot;.\" class=\"wp-image-38\" srcset=\"https:\/\/ibomberdefensepacific.standardof.net\/wp-content\/uploads\/sites\/6\/2020\/10\/iBomber-Defense-Pacific-Campaign-Mission-01-Kokoda-Track-1-800x450.jpg 800w, https:\/\/ibomberdefensepacific.standardof.net\/wp-content\/uploads\/sites\/6\/2020\/10\/iBomber-Defense-Pacific-Campaign-Mission-01-Kokoda-Track-1-512x288.jpg 512w, https:\/\/ibomberdefensepacific.standardof.net\/wp-content\/uploads\/sites\/6\/2020\/10\/iBomber-Defense-Pacific-Campaign-Mission-01-Kokoda-Track-1-200x113.jpg 200w, https:\/\/ibomberdefensepacific.standardof.net\/wp-content\/uploads\/sites\/6\/2020\/10\/iBomber-Defense-Pacific-Campaign-Mission-01-Kokoda-Track-1-768x432.jpg 768w, https:\/\/ibomberdefensepacific.standardof.net\/wp-content\/uploads\/sites\/6\/2020\/10\/iBomber-Defense-Pacific-Campaign-Mission-01-Kokoda-Track-1-16x9.jpg 16w, https:\/\/ibomberdefensepacific.standardof.net\/wp-content\/uploads\/sites\/6\/2020\/10\/iBomber-Defense-Pacific-Campaign-Mission-01-Kokoda-Track-1.jpg 1280w\" sizes=\"(max-width: 800px) 100vw, 800px\" \/><\/a><figcaption>La direction prise par les unit\u00e9s ennemies dans le niveau Kokoda Track.<\/figcaption><\/figure><\/div>\n\n\n\n<p><em>Prot\u00e9gez la baie de Milne et emp\u00eachez les forces japonaises d&#039;\u00e9tablir une base dans l&#039;est de la Nouvelle-Guin\u00e9e.<\/em><\/p>\n\n\n\n<p>Vous d\u00e9fendrez un seul chemin qui courbe de la partie sup\u00e9rieure gauche de la carte jusqu&#039;\u00e0 votre base en bas \u00e0 droite pour 8 vagues d&#039;unit\u00e9s principalement l\u00e9g\u00e8res. Il s&#039;agit de la premi\u00e8re des deux missions de didacticiel qui sont relativement faciles (m\u00eame en difficult\u00e9 V\u00e9t\u00e9ran) et servent \u00e0 pr\u00e9senter aux nouveaux joueurs les m\u00e9canismes du jeu. Il n&#039;y a pas de cibles sp\u00e9ciales ou de caisses de ravitaillement \u00e0 proprement parler dans cette mission.<\/p>\n\n\n\t\t\t\t<div class=\"wp-block-uagb-table-of-contents uagb-toc__align-left uagb-toc__columns-1  uagb-block-9b8f349e\"\n\t\t\t\t\tdata-scroll= \"1\"\n\t\t\t\t\tdata-offset= \"30\"\n\t\t\t\t\tstyle=\"\"\n\t\t\t\t>\n\t\t\t\t<div class=\"uagb-toc__wrap\">\n\t\t\t\t\t\t<div class=\"uagb-toc__title\">\n\t\t\t\t\t\t\tNavigation dans le guide pas \u00e0 pas:\t\t\t\t\t\t<\/div>\n\t\t\t\t\t\t\t\t\t\t\t\t\t\t\t\t<div class=\"uagb-toc__list-wrap\">\n\t\t\t\t\t\t<ol class=\"uagb-toc__list\"><li class=\"uagb-toc__list\"><a href=\"#secondary-objective\" class=\"uagb-toc-link__trigger\">Objectif secondaire<\/a><li class=\"uagb-toc__list\"><a href=\"#turret-placement\" class=\"uagb-toc-link__trigger\">Placement de la tourelle<\/a><li class=\"uagb-toc__list\"><a href=\"#veteran-difficulty-video-guide\" class=\"uagb-toc-link__trigger\">Guide vid\u00e9o de difficult\u00e9 v\u00e9t\u00e9ran<\/a><\/ol>\t\t\t\t\t<\/div>\n\t\t\t\t\t\t\t\t\t<\/div>\n\t\t\t\t<\/div>\n\t\t\t\n\n\n<hr class=\"wp-block-separator is-style-wide\"\/>\n\n\n\n<h3 class=\"wp-block-heading\">Objectif secondaire<\/h3>\n\n\n\n<p><em>Prot\u00e9gez l&#039;entrep\u00f4t d&#039;approvisionnement.<\/em><\/p>\n\n\n\n<p>Cet objectif consiste \u00e0 d\u00e9fendre le b\u00e2timent brun au sud du virage de la route apr\u00e8s le pont. Tout ce que vous aurez \u00e0 faire est de placer quelques tourelles devant elle pour \u00e9viter qu&#039;elle ne subisse des d\u00e9g\u00e2ts.<\/p>\n\n\n\n<div class=\"wp-block-image\"><figure class=\"aligncenter size-large\"><a href=\"https:\/\/ibomberdefensepacific.standardof.net\/fr\/guide\/campagne-mission-01-piste-kokoda\/ibomber-defense-pacific-campaign-mission-01-kokoda-track-3\/\"><img decoding=\"async\" width=\"224\" height=\"140\" src=\"https:\/\/ibomberdefensepacific.standardof.net\/wp-content\/uploads\/sites\/6\/2020\/10\/iBomber-Defense-Pacific-Campaign-Mission-01-Kokoda-Track-3.jpg\" alt=\"Capture d&#039;\u00e9cran du b\u00e2timent cible de l&#039;objectif secondaire dans le niveau de campagne Kokoda Track dans le jeu vid\u00e9o &quot;iBomber Defense Pacific&quot;.\" class=\"wp-image-40\" srcset=\"https:\/\/ibomberdefensepacific.standardof.net\/wp-content\/uploads\/sites\/6\/2020\/10\/iBomber-Defense-Pacific-Campaign-Mission-01-Kokoda-Track-3.jpg 224w, https:\/\/ibomberdefensepacific.standardof.net\/wp-content\/uploads\/sites\/6\/2020\/10\/iBomber-Defense-Pacific-Campaign-Mission-01-Kokoda-Track-3-200x125.jpg 200w, https:\/\/ibomberdefensepacific.standardof.net\/wp-content\/uploads\/sites\/6\/2020\/10\/iBomber-Defense-Pacific-Campaign-Mission-01-Kokoda-Track-3-16x10.jpg 16w\" sizes=\"(max-width: 224px) 100vw, 224px\" \/><\/a><figcaption>Objectif secondaire<\/figcaption><\/figure><\/div>\n\n\n\n<hr class=\"wp-block-separator is-style-wide\"\/>\n\n\n\n<h3 class=\"wp-block-heading\">Placement de la tourelle<\/h3>\n\n\n\n<div class=\"wp-block-image\"><figure class=\"aligncenter size-large\"><a href=\"https:\/\/ibomberdefensepacific.standardof.net\/fr\/guide\/campagne-mission-01-piste-kokoda\/ibomber-defense-pacific-campaign-mission-01-kokoda-track-2\/\"><img decoding=\"async\" width=\"800\" height=\"450\" src=\"https:\/\/ibomberdefensepacific.standardof.net\/wp-content\/uploads\/sites\/6\/2020\/10\/iBomber-Defense-Pacific-Campaign-Mission-01-Kokoda-Track-2-800x450.jpg\" alt=\"Capture d&#039;\u00e9cran du placement sugg\u00e9r\u00e9 de la tourelle apr\u00e8s avoir atteint la vague 8 dans le niveau de campagne Kokoda Track du jeu vid\u00e9o &quot;iBomber Defense Pacific&quot;.\" class=\"wp-image-39\" srcset=\"https:\/\/ibomberdefensepacific.standardof.net\/wp-content\/uploads\/sites\/6\/2020\/10\/iBomber-Defense-Pacific-Campaign-Mission-01-Kokoda-Track-2-800x450.jpg 800w, https:\/\/ibomberdefensepacific.standardof.net\/wp-content\/uploads\/sites\/6\/2020\/10\/iBomber-Defense-Pacific-Campaign-Mission-01-Kokoda-Track-2-512x288.jpg 512w, https:\/\/ibomberdefensepacific.standardof.net\/wp-content\/uploads\/sites\/6\/2020\/10\/iBomber-Defense-Pacific-Campaign-Mission-01-Kokoda-Track-2-200x113.jpg 200w, https:\/\/ibomberdefensepacific.standardof.net\/wp-content\/uploads\/sites\/6\/2020\/10\/iBomber-Defense-Pacific-Campaign-Mission-01-Kokoda-Track-2-768x432.jpg 768w, https:\/\/ibomberdefensepacific.standardof.net\/wp-content\/uploads\/sites\/6\/2020\/10\/iBomber-Defense-Pacific-Campaign-Mission-01-Kokoda-Track-2-16x9.jpg 16w, https:\/\/ibomberdefensepacific.standardof.net\/wp-content\/uploads\/sites\/6\/2020\/10\/iBomber-Defense-Pacific-Campaign-Mission-01-Kokoda-Track-2.jpg 1280w\" sizes=\"(max-width: 800px) 100vw, 800px\" \/><\/a><figcaption>Placement de la tourelle Wave 8.<\/figcaption><\/figure><\/div>\n\n\n\n<p>Placer les tourelles \u00e0 ce niveau est tr\u00e8s simple et direct. Il suffit de placer jusqu&#039;\u00e0 4 mitrailleuses suppl\u00e9mentaires sur les espaces ouverts le long de la route, de pr\u00e9f\u00e9rence au moins une devant l&#039;entrep\u00f4t pour le prot\u00e9ger des dommages. Am\u00e9liorez-les au niveau 2 \u00e0 mesure que la mission progresse. Une fois que vous avez atteint le niveau 7, \u00e9conomisez de l&#039;argent pour un seul canon \u00e0 placer le long de la route pour aider \u00e0 g\u00e9rer les unit\u00e9s les plus lourdes qui occupent les derni\u00e8res vagues.<\/p>\n\n\n\n<p><strong>Points de victoire \u00e0 la fin<\/strong><\/p>\n\n\n\n<p>+20 points pour avoir termin\u00e9 Kokoda Track avec un Full House.<br>20 points au total.<\/p>\n\n\n\n<p><strong>Mises \u00e0 niveau achet\u00e9es<\/strong><\/p>\n\n\n\n<ul><li>Mitrailleuse niveau 3<\/li><\/ul>\n\n\n\n<hr class=\"wp-block-separator is-style-wide\"\/>\n\n\n\n<h3 class=\"has-text-align-center wp-block-heading\">Guide vid\u00e9o de difficult\u00e9 v\u00e9t\u00e9ran<\/h3>\n\n\n\n<figure class=\"wp-block-embed-youtube wp-block-embed is-type-video is-provider-youtube wp-embed-aspect-4-3 wp-has-aspect-ratio\"><div class=\"wp-block-embed__wrapper\">\n<div class=\"ast-oembed-container\" style=\"height: 100%;\"><iframe title=\"Kokoda Track - M1 iBomber Defense Pacific - Proc\u00e9dure pas \u00e0 pas pour les v\u00e9t\u00e9rans\" width=\"500\" height=\"375\" src=\"https:\/\/www.youtube.com\/embed\/AUt2ODO-224?feature=oembed\" frameborder=\"0\" allow=\"accelerometer; autoplay; clipboard-write; encrypted-media; gyroscope; picture-in-picture; web-share\" referrerpolicy=\"strict-origin-when-cross-origin\" allowfullscreen><\/iframe><\/div>\n<\/div><\/figure>","protected":false},"excerpt":{"rendered":"<p>Kokoda Track: New Guinea Protect Milne bay and prevent Japanese forces establishing a base in Eastern New Guinea. You will be defending a single path that curves from the top left part of the map down to your base at the bottom right for 8 waves of mostly light units. This is the first of [&hellip;]<\/p>","protected":false},"author":1,"featured_media":39,"parent":164,"menu_order":1,"comment_status":"open","ping_status":"closed","template":"","meta":{"_uag_custom_page_level_css":"","site-sidebar-layout":"default","site-content-layout":"default","ast-site-content-layout":"","site-content-style":"default","site-sidebar-style":"default","ast-global-header-display":"","ast-banner-title-visibility":"","ast-main-header-display":"","ast-hfb-above-header-display":"","ast-hfb-below-header-display":"","ast-hfb-mobile-header-display":"","site-post-title":"","ast-breadcrumbs-content":"","ast-featured-img":"","footer-sml-layout":"","theme-transparent-header-meta":"default","adv-header-id-meta":"","stick-header-meta":"","header-above-stick-meta":"","header-main-stick-meta":"","header-below-stick-meta":"","astra-migrate-meta-layouts":"default","ast-page-background-enabled":"default","ast-page-background-meta":{"desktop":{"background-color":"","background-image":"","background-repeat":"repeat","background-position":"center center","background-size":"auto","background-attachment":"scroll","background-type":"","background-media":"","overlay-type":"","overlay-color":"","overlay-gradient":""},"tablet":{"background-color":"","background-image":"","background-repeat":"repeat","background-position":"center center","background-size":"auto","background-attachment":"scroll","background-type":"","background-media":"","overlay-type":"","overlay-color":"","overlay-gradient":""},"mobile":{"background-color":"","background-image":"","background-repeat":"repeat","background-position":"center center","background-size":"auto","background-attachment":"scroll","background-type":"","background-media":"","overlay-type":"","overlay-color":"","overlay-gradient":""}},"ast-content-background-meta":{"desktop":{"background-color":"var(--ast-global-color-5)","background-image":"","background-repeat":"repeat","background-position":"center center","background-size":"auto","background-attachment":"scroll","background-type":"","background-media":"","overlay-type":"","overlay-color":"","overlay-gradient":""},"tablet":{"background-color":"var(--ast-global-color-5)","background-image":"","background-repeat":"repeat","background-position":"center center","background-size":"auto","background-attachment":"scroll","background-type":"","background-media":"","overlay-type":"","overlay-color":"","overlay-gradient":""},"mobile":{"background-color":"var(--ast-global-color-5)","background-image":"","background-repeat":"repeat","background-position":"center center","background-size":"auto","background-attachment":"scroll","background-type":"","background-media":"","overlay-type":"","overlay-color":"","overlay-gradient":""}},"footnotes":""},"uagb_featured_image_src":{"full":["https:\/\/ibomberdefensepacific.standardof.net\/wp-content\/uploads\/sites\/6\/2020\/10\/iBomber-Defense-Pacific-Campaign-Mission-01-Kokoda-Track-2.jpg",1280,720,false],"thumbnail":["https:\/\/ibomberdefensepacific.standardof.net\/wp-content\/uploads\/sites\/6\/2020\/10\/iBomber-Defense-Pacific-Campaign-Mission-01-Kokoda-Track-2-200x113.jpg",200,113,true],"medium":["https:\/\/ibomberdefensepacific.standardof.net\/wp-content\/uploads\/sites\/6\/2020\/10\/iBomber-Defense-Pacific-Campaign-Mission-01-Kokoda-Track-2-512x288.jpg",512,288,true],"medium_large":["https:\/\/ibomberdefensepacific.standardof.net\/wp-content\/uploads\/sites\/6\/2020\/10\/iBomber-Defense-Pacific-Campaign-Mission-01-Kokoda-Track-2-768x432.jpg",768,432,true],"large":["https:\/\/ibomberdefensepacific.standardof.net\/wp-content\/uploads\/sites\/6\/2020\/10\/iBomber-Defense-Pacific-Campaign-Mission-01-Kokoda-Track-2-800x450.jpg",800,450,true],"1536x1536":["https:\/\/ibomberdefensepacific.standardof.net\/wp-content\/uploads\/sites\/6\/2020\/10\/iBomber-Defense-Pacific-Campaign-Mission-01-Kokoda-Track-2.jpg",1280,720,false],"2048x2048":["https:\/\/ibomberdefensepacific.standardof.net\/wp-content\/uploads\/sites\/6\/2020\/10\/iBomber-Defense-Pacific-Campaign-Mission-01-Kokoda-Track-2.jpg",1280,720,false],"trp-custom-language-flag":["https:\/\/ibomberdefensepacific.standardof.net\/wp-content\/uploads\/sites\/6\/2020\/10\/iBomber-Defense-Pacific-Campaign-Mission-01-Kokoda-Track-2-16x9.jpg",16,9,true]},"uagb_author_info":{"display_name":"SOE","author_link":"https:\/\/ibomberdefensepacific.standardof.net\/fr\/author\/k-tastic\/"},"uagb_comment_info":0,"uagb_excerpt":"Kokoda Track: New Guinea Protect Milne bay and prevent Japanese forces establishing a base in Eastern New Guinea. You will be defending a single path that curves from the top left part of the map down to your base at the bottom right for 8 waves of mostly light units. This is the first of&hellip;","_links":{"self":[{"href":"https:\/\/ibomberdefensepacific.standardof.net\/fr\/wp-json\/wp\/v2\/pages\/183"}],"collection":[{"href":"https:\/\/ibomberdefensepacific.standardof.net\/fr\/wp-json\/wp\/v2\/pages"}],"about":[{"href":"https:\/\/ibomberdefensepacific.standardof.net\/fr\/wp-json\/wp\/v2\/types\/page"}],"author":[{"embeddable":true,"href":"https:\/\/ibomberdefensepacific.standardof.net\/fr\/wp-json\/wp\/v2\/users\/1"}],"replies":[{"embeddable":true,"href":"https:\/\/ibomberdefensepacific.standardof.net\/fr\/wp-json\/wp\/v2\/comments?post=183"}],"version-history":[{"count":0,"href":"https:\/\/ibomberdefensepacific.standardof.net\/fr\/wp-json\/wp\/v2\/pages\/183\/revisions"}],"up":[{"embeddable":true,"href":"https:\/\/ibomberdefensepacific.standardof.net\/fr\/wp-json\/wp\/v2\/pages\/164"}],"wp:featuredmedia":[{"embeddable":true,"href":"https:\/\/ibomberdefensepacific.standardof.net\/fr\/wp-json\/wp\/v2\/media\/39"}],"wp:attachment":[{"href":"https:\/\/ibomberdefensepacific.standardof.net\/fr\/wp-json\/wp\/v2\/media?parent=183"}],"curies":[{"name":"wp","href":"https:\/\/api.w.org\/{rel}","templated":true}]}}