{"id":225,"date":"2020-10-21T13:39:39","date_gmt":"2020-10-21T13:39:39","guid":{"rendered":"https:\/\/ibomberdefensepacific.standardof.net\/?page_id=225"},"modified":"2020-10-21T17:23:23","modified_gmt":"2020-10-21T17:23:23","slug":"campaign-mission-19-operation-a-go-counterattack","status":"publish","type":"page","link":"https:\/\/ibomberdefensepacific.standardof.net\/es\/guide\/campana-mision-19-operacion-a-go-contraataque\/","title":{"rendered":"Misi\u00f3n de campa\u00f1a 19: Contraataque de la &quot;Operaci\u00f3n A-Go&quot;"},"content":{"rendered":"<h2 class=\"wp-block-heading\"><strong>Operaci\u00f3n A-Go: Contraataque<\/strong><\/h2>\n\n\n\n<div class=\"wp-block-image\"><figure class=\"aligncenter size-large\"><a href=\"https:\/\/ibomberdefensepacific.standardof.net\/es\/guide\/campana-mision-19-operacion-a-go-contraataque\/ibomber-defense-pacific-campaign-mission-19-operation-a-go-1-copy\/\"><img decoding=\"async\" width=\"800\" height=\"500\" src=\"https:\/\/ibomberdefensepacific.standardof.net\/wp-content\/uploads\/sites\/6\/2020\/10\/iBomber-Defense-Pacific-Campaign-Mission-19-Operation-A-Go-1-copy-800x500.jpg\" alt=\"&quot;iBomber Defense Pacific&quot; - Misi\u00f3n de campa\u00f1a 19 - &quot;Operaci\u00f3n A-Go&quot; (1)\" class=\"wp-image-129\" srcset=\"https:\/\/ibomberdefensepacific.standardof.net\/wp-content\/uploads\/sites\/6\/2020\/10\/iBomber-Defense-Pacific-Campaign-Mission-19-Operation-A-Go-1-copy-800x500.jpg 800w, https:\/\/ibomberdefensepacific.standardof.net\/wp-content\/uploads\/sites\/6\/2020\/10\/iBomber-Defense-Pacific-Campaign-Mission-19-Operation-A-Go-1-copy-512x320.jpg 512w, https:\/\/ibomberdefensepacific.standardof.net\/wp-content\/uploads\/sites\/6\/2020\/10\/iBomber-Defense-Pacific-Campaign-Mission-19-Operation-A-Go-1-copy-200x125.jpg 200w, https:\/\/ibomberdefensepacific.standardof.net\/wp-content\/uploads\/sites\/6\/2020\/10\/iBomber-Defense-Pacific-Campaign-Mission-19-Operation-A-Go-1-copy-768x480.jpg 768w, https:\/\/ibomberdefensepacific.standardof.net\/wp-content\/uploads\/sites\/6\/2020\/10\/iBomber-Defense-Pacific-Campaign-Mission-19-Operation-A-Go-1-copy-16x10.jpg 16w, https:\/\/ibomberdefensepacific.standardof.net\/wp-content\/uploads\/sites\/6\/2020\/10\/iBomber-Defense-Pacific-Campaign-Mission-19-Operation-A-Go-1-copy.jpg 1200w\" sizes=\"(max-width: 800px) 100vw, 800px\" \/><\/a><figcaption>Los enfoques enemigos son exactamente los mismos en Operation A-Go que en Hell&#039;s Pocket.<\/figcaption><\/figure><\/div>\n\n\n\n<p><em>Los japoneses est\u00e1n lanzando un asalto a gran escala contra nuestra posici\u00f3n. Defi\u00e9ndelo a toda costa.<\/em><\/p>\n\n\n\n<p>Est\u00e1 de vuelta al bolsillo del infierno para esta misi\u00f3n de contraataque final, enfrentando tus defensas contra un segundo conjunto de 14 oleadas de unidades mixtas terrestres y a\u00e9reas. Al igual que las otras misiones de contraataque, su enfoque principal gira en torno a fortalecer las defensas que dej\u00f3 la vez que estuvo aqu\u00ed y expandir las mismas estrategias.<\/p>\n\n\n\n<p>Esta gu\u00eda cubrir\u00e1 c\u00f3mo conseguir un Full House, que es una ronda perfecta con todas las medallas y 20 puntos de victoria, en el nivel Operation A-Go del <em>iBomber Defense Pacific<\/em> campa\u00f1a, jugado en dificultad Veterano. Adem\u00e1s, esta gu\u00eda de misi\u00f3n tambi\u00e9n cubrir\u00e1 el objetivo secundario y el objetivo oculto junto con un video tutorial.<\/p>\n\n\n\t\t\t\t<div class=\"wp-block-uagb-table-of-contents uagb-toc__align-left uagb-toc__columns-1  uagb-block-01f245ac\"\n\t\t\t\t\tdata-scroll= \"1\"\n\t\t\t\t\tdata-offset= \"30\"\n\t\t\t\t\tstyle=\"\"\n\t\t\t\t>\n\t\t\t\t<div class=\"uagb-toc__wrap\">\n\t\t\t\t\t\t<div class=\"uagb-toc__title\">\n\t\t\t\t\t\t\tNavegaci\u00f3n de la gu\u00eda de recorrido:\t\t\t\t\t\t<\/div>\n\t\t\t\t\t\t\t\t\t\t\t\t\t\t\t\t<div class=\"uagb-toc__list-wrap\">\n\t\t\t\t\t\t<ol class=\"uagb-toc__list\"><li class=\"uagb-toc__list\"><a href=\"#secondary-objective\" class=\"uagb-toc-link__trigger\">Objetivo secundario<\/a><li class=\"uagb-toc__list\"><a href=\"#perks-used-for-this-mission\" class=\"uagb-toc-link__trigger\">Beneficios utilizados para esta misi\u00f3n:<\/a><li class=\"uagb-toc__list\"><a href=\"#hidden-target\" class=\"uagb-toc-link__trigger\">Objetivo oculto<\/a><li class=\"uagb-toc__list\"><a href=\"#turret-placement\" class=\"uagb-toc-link__trigger\">Colocaci\u00f3n de la torreta<\/a><li class=\"uagb-toc__list\"><a href=\"#veteran-difficulty-video-guide\" class=\"uagb-toc-link__trigger\">Gu\u00eda de video de dificultad para veteranos<\/a><\/ol>\t\t\t\t\t<\/div>\n\t\t\t\t\t\t\t\t\t<\/div>\n\t\t\t\t<\/div>\n\t\t\t\n\n\n<hr class=\"wp-block-separator is-style-wide\"\/>\n\n\n\n<h3 class=\"wp-block-heading\"><strong>Objetivo secundario<\/strong><\/h3>\n\n\n\n<p><em>Destruye la artiller\u00eda japonesa antes de que destruyan tus torretas.<\/em><\/p>\n\n\n\n<p>En lugar de la tarifa normal de ataque sorpresa que abre un contraataque con bombarderos enemigos arruinando tus defensas, ellos simplemente vuelan sin rumbo fijo sobre tu base mientras 5 veh\u00edculos de artiller\u00eda fuertes se mueven adentro. Encontrar\u00e1s uno desde arriba, uno a la izquierda y a la derecha. y dos colocados en la parte inferior del terreno alto. Necesitar\u00e1s un buen pu\u00f1ado de bombas para manejar las piezas que tus torretas no pueden alcanzar por s\u00ed mismas.<\/p>\n\n\n\n<p><strong>Cajas de suministro:<\/strong> ninguna<\/p>\n\n\n\n<p><strong>Puntos de victoria hasta ahora:<\/strong> 360<\/p>\n\n\n\n<ul><li>Ametralladora lvl 3<br><sup>X2 Power vs Especializaci\u00f3n flameada<\/sup><\/li><li>Ca\u00f1\u00f3n lvl 3<\/li><li>Bomba lvl 3<\/li><li>Flamer lvl 3<br><sup>Especializaci\u00f3n en enemigos m\u00e1s lentos.<\/sup><\/li><li>Comunicaciones lvl 3<br><sup>Mayor especializaci\u00f3n en inter\u00e9s<\/sup><\/li><li>Cohete lvl 3<br><sup>Especializaci\u00f3n en cohetes m\u00e1s r\u00e1pida<\/sup><\/li><li>Anti-aire lvl 3<\/li><\/ul>\n\n\n\n<hr class=\"wp-block-separator is-style-wide\"\/>\n\n\n\n<h3 class=\"wp-block-heading\"><strong>Beneficios utilizados para esta misi\u00f3n:<\/strong><\/h3>\n\n\n\n<ul><li>Espalda de Hierro II<\/li><li>Atrincherado II<\/li><li>Golpe fantasma<\/li><\/ul>\n\n\n\n<p>Esta misi\u00f3n va a infligir mucho m\u00e1s da\u00f1o que antes en tus torretas, con enemigos fuertes y las piezas de artiller\u00eda japonesa que realmente har\u00e1n que tus facturas de reparaci\u00f3n se disparen. Debido a esto, es realmente importante tomar Ironback.<\/p>\n\n\n\n<p>Entrenched II otorga importantes bonificaciones de da\u00f1o a las torretas excavadas, que ser\u00e1n incre\u00edblemente \u00fatiles contra los tanques con blindaje s\u00faper pesado, mientras que Phantom Strike sigue siendo tan \u00fatil como en misiones anteriores por las mismas razones.<\/p>\n\n\n\n<hr class=\"wp-block-separator is-style-wide\"\/>\n\n\n\n<h3 class=\"wp-block-heading\">Objetivo oculto<\/h3>\n\n\n\n<p>No hay ning\u00fan objetivo oculto aqu\u00ed ya que este nivel es un contraataque.<\/p>\n\n\n\n<hr class=\"wp-block-separator is-style-wide\"\/>\n\n\n\n<h3 class=\"wp-block-heading\">Colocaci\u00f3n de la torreta<\/h3>\n\n\n\n<figure class=\"wp-block-gallery aligncenter columns-2 wp-block-gallery-1 is-layout-flex wp-block-gallery-is-layout-flex\"><ul class=\"blocks-gallery-grid\"><li class=\"blocks-gallery-item\"><figure><a href=\"https:\/\/ibomberdefensepacific.standardof.net\/es\/guide\/campana-mision-19-operacion-a-go-contraataque\/ibomber-defense-pacific-campaign-mission-19-operation-a-go-2\/\"><img decoding=\"async\" width=\"800\" height=\"500\" src=\"https:\/\/ibomberdefensepacific.standardof.net\/wp-content\/uploads\/sites\/6\/2020\/10\/iBomber-Defense-Pacific-Campaign-Mission-19-Operation-A-Go-2-800x500.jpg\" alt=\"&quot;iBomber Defense Pacific&quot; - Misi\u00f3n de campa\u00f1a 19 - &quot;Operaci\u00f3n A-Go&quot; (2)\" data-id=\"130\" data-full-url=\"https:\/\/ibomberdefensepacific.standardof.net\/wp-content\/uploads\/sites\/6\/2020\/10\/iBomber-Defense-Pacific-Campaign-Mission-19-Operation-A-Go-2.jpg\" data-link=\"https:\/\/ibomberdefensepacific.standardof.net\/guide\/campaign-mission-19-operation-a-go-counterattack\/ibomber-defense-pacific-campaign-mission-19-operation-a-go-2\/\" class=\"wp-image-130\" srcset=\"https:\/\/ibomberdefensepacific.standardof.net\/wp-content\/uploads\/sites\/6\/2020\/10\/iBomber-Defense-Pacific-Campaign-Mission-19-Operation-A-Go-2-800x500.jpg 800w, https:\/\/ibomberdefensepacific.standardof.net\/wp-content\/uploads\/sites\/6\/2020\/10\/iBomber-Defense-Pacific-Campaign-Mission-19-Operation-A-Go-2-512x320.jpg 512w, https:\/\/ibomberdefensepacific.standardof.net\/wp-content\/uploads\/sites\/6\/2020\/10\/iBomber-Defense-Pacific-Campaign-Mission-19-Operation-A-Go-2-200x125.jpg 200w, https:\/\/ibomberdefensepacific.standardof.net\/wp-content\/uploads\/sites\/6\/2020\/10\/iBomber-Defense-Pacific-Campaign-Mission-19-Operation-A-Go-2-768x480.jpg 768w, https:\/\/ibomberdefensepacific.standardof.net\/wp-content\/uploads\/sites\/6\/2020\/10\/iBomber-Defense-Pacific-Campaign-Mission-19-Operation-A-Go-2-16x10.jpg 16w, https:\/\/ibomberdefensepacific.standardof.net\/wp-content\/uploads\/sites\/6\/2020\/10\/iBomber-Defense-Pacific-Campaign-Mission-19-Operation-A-Go-2.jpg 1280w\" sizes=\"(max-width: 800px) 100vw, 800px\" \/><\/a><figcaption class=\"blocks-gallery-item__caption\">Defensas iniciales en la Operaci\u00f3n A-Go que se han transferido. La bomba en la parte inferior derecha deber\u00e1 moverse por ahora, ya que est\u00e1 expuesta a la artiller\u00eda.<\/figcaption><\/figure><\/li><li class=\"blocks-gallery-item\"><figure><a href=\"https:\/\/ibomberdefensepacific.standardof.net\/es\/guide\/campana-mision-19-operacion-a-go-contraataque\/ibomber-defense-pacific-campaign-mission-19-operation-a-go-3\/\"><img decoding=\"async\" width=\"800\" height=\"500\" src=\"https:\/\/ibomberdefensepacific.standardof.net\/wp-content\/uploads\/sites\/6\/2020\/10\/iBomber-Defense-Pacific-Campaign-Mission-19-Operation-A-Go-3-800x500.jpg\" alt=\"&quot;iBomber Defense Pacific&quot; - Misi\u00f3n de campa\u00f1a 19 - &quot;Operaci\u00f3n A-Go&quot; (3)\" data-id=\"131\" data-full-url=\"https:\/\/ibomberdefensepacific.standardof.net\/wp-content\/uploads\/sites\/6\/2020\/10\/iBomber-Defense-Pacific-Campaign-Mission-19-Operation-A-Go-3.jpg\" data-link=\"https:\/\/ibomberdefensepacific.standardof.net\/guide\/campaign-mission-19-operation-a-go-counterattack\/ibomber-defense-pacific-campaign-mission-19-operation-a-go-3\/\" class=\"wp-image-131\" srcset=\"https:\/\/ibomberdefensepacific.standardof.net\/wp-content\/uploads\/sites\/6\/2020\/10\/iBomber-Defense-Pacific-Campaign-Mission-19-Operation-A-Go-3-800x500.jpg 800w, https:\/\/ibomberdefensepacific.standardof.net\/wp-content\/uploads\/sites\/6\/2020\/10\/iBomber-Defense-Pacific-Campaign-Mission-19-Operation-A-Go-3-512x320.jpg 512w, https:\/\/ibomberdefensepacific.standardof.net\/wp-content\/uploads\/sites\/6\/2020\/10\/iBomber-Defense-Pacific-Campaign-Mission-19-Operation-A-Go-3-200x125.jpg 200w, https:\/\/ibomberdefensepacific.standardof.net\/wp-content\/uploads\/sites\/6\/2020\/10\/iBomber-Defense-Pacific-Campaign-Mission-19-Operation-A-Go-3-768x480.jpg 768w, https:\/\/ibomberdefensepacific.standardof.net\/wp-content\/uploads\/sites\/6\/2020\/10\/iBomber-Defense-Pacific-Campaign-Mission-19-Operation-A-Go-3-16x10.jpg 16w, https:\/\/ibomberdefensepacific.standardof.net\/wp-content\/uploads\/sites\/6\/2020\/10\/iBomber-Defense-Pacific-Campaign-Mission-19-Operation-A-Go-3.jpg 1280w\" sizes=\"(max-width: 800px) 100vw, 800px\" \/><\/a><figcaption class=\"blocks-gallery-item__caption\">Colocaci\u00f3n de la torreta Wave 5.<\/figcaption><\/figure><\/li><\/ul><\/figure>\n\n\n\n<p>La colocaci\u00f3n de la torreta en la Operaci\u00f3n A-Go es relativamente simple en teor\u00eda, aunque las cosas pueden ponerse un poco complicadas cuando entran los tanques realmente duros, o durante las primeras oleadas cuando las piezas de artiller\u00eda a\u00fan est\u00e1n levantadas y dispar\u00e1ndole. Como todos los contraataques, su estrategia ser\u00e1 construir alrededor de sus defensas que se han trasladado desde <strong><a href=\"https:\/\/ibomberdefensepacific.standardof.net\/es\/guide\/campana-mision-17-infiernos-bolsillo-saipan\/\" class=\"rank-math-link\">El bolsillo del infierno<\/a><\/strong>. Es posible que algunas torretas blandas como las Bombas deban venderse y reubicarse en otro lugar, si la artiller\u00eda las dispara, para evitar desperdiciar una cantidad exorbitante de fondos manteni\u00e9ndolas con vida hasta que puedas lidiar con la artiller\u00eda.<\/p>\n\n\n\n<p>Al menos 1 de las piezas de artiller\u00eda debe estar dentro del alcance de tu torreta (derecha). La pieza superior se estaciona justo al lado de un lugar elevado, lo cual es ideal para un ca\u00f1\u00f3n sostenido por un lanzallamas y se comunica debajo de \u00e9l. Esto se suma a la defensa y salva algunas bombas, ya que el Ca\u00f1\u00f3n puede disparar la artiller\u00eda al infierno bastante r\u00e1pido.<\/p>\n\n\n\n<p>A medida que se destruyen las piezas y se liberan los fondos de las reparaciones, comience a construir m\u00e1s cohetes con soporte de comunicaciones y excave, coloc\u00e1ndolos en las l\u00edneas de aproximaci\u00f3n. Ser\u00e1n invaluables aqu\u00ed. Adem\u00e1s de aumentar el da\u00f1o que golpea el suelo, aseg\u00farese de agregar un segundo AA en la ola 3, actualizado al nivel 3 en las pr\u00f3ximas olas. Se necesitar\u00e1 un tercer AA al final de la oleada 13, tambi\u00e9n actualizado al nivel 3 por si acaso.<\/p>\n\n\n\n<figure class=\"wp-block-gallery aligncenter columns-2 wp-block-gallery-2 is-layout-flex wp-block-gallery-is-layout-flex\"><ul class=\"blocks-gallery-grid\"><li class=\"blocks-gallery-item\"><figure><a href=\"https:\/\/ibomberdefensepacific.standardof.net\/es\/guide\/campana-mision-19-operacion-a-go-contraataque\/ibomber-defense-pacific-campaign-mission-19-operation-a-go-4\/\"><img decoding=\"async\" width=\"800\" height=\"500\" src=\"https:\/\/ibomberdefensepacific.standardof.net\/wp-content\/uploads\/sites\/6\/2020\/10\/iBomber-Defense-Pacific-Campaign-Mission-19-Operation-A-Go-4-800x500.jpg\" alt=\"&quot;iBomber Defense Pacific&quot; - Misi\u00f3n de campa\u00f1a 19 - &quot;Operaci\u00f3n A-Go&quot; (4)\" data-id=\"132\" data-full-url=\"https:\/\/ibomberdefensepacific.standardof.net\/wp-content\/uploads\/sites\/6\/2020\/10\/iBomber-Defense-Pacific-Campaign-Mission-19-Operation-A-Go-4.jpg\" data-link=\"https:\/\/ibomberdefensepacific.standardof.net\/guide\/campaign-mission-19-operation-a-go-counterattack\/ibomber-defense-pacific-campaign-mission-19-operation-a-go-4\/\" class=\"wp-image-132\" srcset=\"https:\/\/ibomberdefensepacific.standardof.net\/wp-content\/uploads\/sites\/6\/2020\/10\/iBomber-Defense-Pacific-Campaign-Mission-19-Operation-A-Go-4-800x500.jpg 800w, https:\/\/ibomberdefensepacific.standardof.net\/wp-content\/uploads\/sites\/6\/2020\/10\/iBomber-Defense-Pacific-Campaign-Mission-19-Operation-A-Go-4-512x320.jpg 512w, https:\/\/ibomberdefensepacific.standardof.net\/wp-content\/uploads\/sites\/6\/2020\/10\/iBomber-Defense-Pacific-Campaign-Mission-19-Operation-A-Go-4-200x125.jpg 200w, https:\/\/ibomberdefensepacific.standardof.net\/wp-content\/uploads\/sites\/6\/2020\/10\/iBomber-Defense-Pacific-Campaign-Mission-19-Operation-A-Go-4-768x480.jpg 768w, https:\/\/ibomberdefensepacific.standardof.net\/wp-content\/uploads\/sites\/6\/2020\/10\/iBomber-Defense-Pacific-Campaign-Mission-19-Operation-A-Go-4-16x10.jpg 16w, https:\/\/ibomberdefensepacific.standardof.net\/wp-content\/uploads\/sites\/6\/2020\/10\/iBomber-Defense-Pacific-Campaign-Mission-19-Operation-A-Go-4.jpg 1280w\" sizes=\"(max-width: 800px) 100vw, 800px\" \/><\/a><figcaption class=\"blocks-gallery-item__caption\">Ola 10.<\/figcaption><\/figure><\/li><li class=\"blocks-gallery-item\"><figure><a href=\"https:\/\/ibomberdefensepacific.standardof.net\/es\/guide\/campana-mision-19-operacion-a-go-contraataque\/ibomber-defense-pacific-campaign-mission-19-operation-a-go-5\/\"><img decoding=\"async\" width=\"800\" height=\"500\" src=\"https:\/\/ibomberdefensepacific.standardof.net\/wp-content\/uploads\/sites\/6\/2020\/10\/iBomber-Defense-Pacific-Campaign-Mission-19-Operation-A-Go-5-800x500.jpg\" alt=\"&quot;iBomber Defense Pacific&quot; - Misi\u00f3n de campa\u00f1a 19 - &quot;Operaci\u00f3n A-Go&quot; (5)\" data-id=\"133\" data-full-url=\"https:\/\/ibomberdefensepacific.standardof.net\/wp-content\/uploads\/sites\/6\/2020\/10\/iBomber-Defense-Pacific-Campaign-Mission-19-Operation-A-Go-5.jpg\" data-link=\"https:\/\/ibomberdefensepacific.standardof.net\/guide\/campaign-mission-19-operation-a-go-counterattack\/ibomber-defense-pacific-campaign-mission-19-operation-a-go-5\/\" class=\"wp-image-133\" srcset=\"https:\/\/ibomberdefensepacific.standardof.net\/wp-content\/uploads\/sites\/6\/2020\/10\/iBomber-Defense-Pacific-Campaign-Mission-19-Operation-A-Go-5-800x500.jpg 800w, https:\/\/ibomberdefensepacific.standardof.net\/wp-content\/uploads\/sites\/6\/2020\/10\/iBomber-Defense-Pacific-Campaign-Mission-19-Operation-A-Go-5-512x320.jpg 512w, https:\/\/ibomberdefensepacific.standardof.net\/wp-content\/uploads\/sites\/6\/2020\/10\/iBomber-Defense-Pacific-Campaign-Mission-19-Operation-A-Go-5-200x125.jpg 200w, https:\/\/ibomberdefensepacific.standardof.net\/wp-content\/uploads\/sites\/6\/2020\/10\/iBomber-Defense-Pacific-Campaign-Mission-19-Operation-A-Go-5-768x480.jpg 768w, https:\/\/ibomberdefensepacific.standardof.net\/wp-content\/uploads\/sites\/6\/2020\/10\/iBomber-Defense-Pacific-Campaign-Mission-19-Operation-A-Go-5-16x10.jpg 16w, https:\/\/ibomberdefensepacific.standardof.net\/wp-content\/uploads\/sites\/6\/2020\/10\/iBomber-Defense-Pacific-Campaign-Mission-19-Operation-A-Go-5.jpg 1280w\" sizes=\"(max-width: 800px) 100vw, 800px\" \/><\/a><figcaption class=\"blocks-gallery-item__caption\">Ola 14.<\/figcaption><\/figure><\/li><\/ul><\/figure>\n\n\n\n<hr class=\"wp-block-separator is-style-wide\"\/>\n\n\n\n<h3 class=\"has-text-align-center wp-block-heading\" id=\"4-veteran-difficulty-video-guide\">Gu\u00eda de video de dificultad para veteranos<\/h3>\n\n\n\n<figure class=\"wp-block-embed-youtube wp-block-embed is-type-video is-provider-youtube wp-embed-aspect-16-9 wp-has-aspect-ratio\"><div class=\"wp-block-embed__wrapper\">\n<div class=\"ast-oembed-container\" style=\"height: 100%;\"><iframe title=\"Operation A Go - M19 iBomber Defense Pacific - Recorrido completo para veteranos\" width=\"500\" height=\"375\" src=\"https:\/\/www.youtube.com\/embed\/4Rf8jA3hGNA?feature=oembed\" frameborder=\"0\" allow=\"accelerometer; autoplay; clipboard-write; encrypted-media; gyroscope; picture-in-picture; web-share\" referrerpolicy=\"strict-origin-when-cross-origin\" allowfullscreen><\/iframe><\/div>\n<\/div><\/figure>","protected":false},"excerpt":{"rendered":"<p>Operation A-Go: Counterattack The Japanese are launching a full scale assault on our position. Defend it at all costs. It&#8217;s back to the Hell&#8217;s pocket for this final counterattack mission, pitting your defenses against a second set of 14 waves of mixed ground and air units. Like the other counterattack missions, your primary focus revolves [&hellip;]<\/p>","protected":false},"author":1,"featured_media":133,"parent":164,"menu_order":19,"comment_status":"open","ping_status":"closed","template":"","meta":{"_uag_custom_page_level_css":"","site-sidebar-layout":"default","site-content-layout":"default","ast-site-content-layout":"","site-content-style":"default","site-sidebar-style":"default","ast-global-header-display":"","ast-banner-title-visibility":"","ast-main-header-display":"","ast-hfb-above-header-display":"","ast-hfb-below-header-display":"","ast-hfb-mobile-header-display":"","site-post-title":"","ast-breadcrumbs-content":"","ast-featured-img":"","footer-sml-layout":"","theme-transparent-header-meta":"default","adv-header-id-meta":"","stick-header-meta":"","header-above-stick-meta":"","header-main-stick-meta":"","header-below-stick-meta":"","astra-migrate-meta-layouts":"default","ast-page-background-enabled":"default","ast-page-background-meta":{"desktop":{"background-color":"","background-image":"","background-repeat":"repeat","background-position":"center center","background-size":"auto","background-attachment":"scroll","background-type":"","background-media":"","overlay-type":"","overlay-color":"","overlay-gradient":""},"tablet":{"background-color":"","background-image":"","background-repeat":"repeat","background-position":"center center","background-size":"auto","background-attachment":"scroll","background-type":"","background-media":"","overlay-type":"","overlay-color":"","overlay-gradient":""},"mobile":{"background-color":"","background-image":"","background-repeat":"repeat","background-position":"center center","background-size":"auto","background-attachment":"scroll","background-type":"","background-media":"","overlay-type":"","overlay-color":"","overlay-gradient":""}},"ast-content-background-meta":{"desktop":{"background-color":"var(--ast-global-color-5)","background-image":"","background-repeat":"repeat","background-position":"center center","background-size":"auto","background-attachment":"scroll","background-type":"","background-media":"","overlay-type":"","overlay-color":"","overlay-gradient":""},"tablet":{"background-color":"var(--ast-global-color-5)","background-image":"","background-repeat":"repeat","background-position":"center center","background-size":"auto","background-attachment":"scroll","background-type":"","background-media":"","overlay-type":"","overlay-color":"","overlay-gradient":""},"mobile":{"background-color":"var(--ast-global-color-5)","background-image":"","background-repeat":"repeat","background-position":"center center","background-size":"auto","background-attachment":"scroll","background-type":"","background-media":"","overlay-type":"","overlay-color":"","overlay-gradient":""}},"footnotes":""},"uagb_featured_image_src":{"full":["https:\/\/ibomberdefensepacific.standardof.net\/wp-content\/uploads\/sites\/6\/2020\/10\/iBomber-Defense-Pacific-Campaign-Mission-19-Operation-A-Go-5.jpg",1280,800,false],"thumbnail":["https:\/\/ibomberdefensepacific.standardof.net\/wp-content\/uploads\/sites\/6\/2020\/10\/iBomber-Defense-Pacific-Campaign-Mission-19-Operation-A-Go-5-200x125.jpg",200,125,true],"medium":["https:\/\/ibomberdefensepacific.standardof.net\/wp-content\/uploads\/sites\/6\/2020\/10\/iBomber-Defense-Pacific-Campaign-Mission-19-Operation-A-Go-5-512x320.jpg",512,320,true],"medium_large":["https:\/\/ibomberdefensepacific.standardof.net\/wp-content\/uploads\/sites\/6\/2020\/10\/iBomber-Defense-Pacific-Campaign-Mission-19-Operation-A-Go-5-768x480.jpg",768,480,true],"large":["https:\/\/ibomberdefensepacific.standardof.net\/wp-content\/uploads\/sites\/6\/2020\/10\/iBomber-Defense-Pacific-Campaign-Mission-19-Operation-A-Go-5-800x500.jpg",800,500,true],"1536x1536":["https:\/\/ibomberdefensepacific.standardof.net\/wp-content\/uploads\/sites\/6\/2020\/10\/iBomber-Defense-Pacific-Campaign-Mission-19-Operation-A-Go-5.jpg",1280,800,false],"2048x2048":["https:\/\/ibomberdefensepacific.standardof.net\/wp-content\/uploads\/sites\/6\/2020\/10\/iBomber-Defense-Pacific-Campaign-Mission-19-Operation-A-Go-5.jpg",1280,800,false],"trp-custom-language-flag":["https:\/\/ibomberdefensepacific.standardof.net\/wp-content\/uploads\/sites\/6\/2020\/10\/iBomber-Defense-Pacific-Campaign-Mission-19-Operation-A-Go-5-16x10.jpg",16,10,true]},"uagb_author_info":{"display_name":"SOE","author_link":"https:\/\/ibomberdefensepacific.standardof.net\/es\/author\/k-tastic\/"},"uagb_comment_info":0,"uagb_excerpt":"Operation A-Go: Counterattack The Japanese are launching a full scale assault on our position. Defend it at all costs. It&#8217;s back to the Hell&#8217;s pocket for this final counterattack mission, pitting your defenses against a second set of 14 waves of mixed ground and air units. Like the other counterattack missions, your primary focus revolves&hellip;","_links":{"self":[{"href":"https:\/\/ibomberdefensepacific.standardof.net\/es\/wp-json\/wp\/v2\/pages\/225"}],"collection":[{"href":"https:\/\/ibomberdefensepacific.standardof.net\/es\/wp-json\/wp\/v2\/pages"}],"about":[{"href":"https:\/\/ibomberdefensepacific.standardof.net\/es\/wp-json\/wp\/v2\/types\/page"}],"author":[{"embeddable":true,"href":"https:\/\/ibomberdefensepacific.standardof.net\/es\/wp-json\/wp\/v2\/users\/1"}],"replies":[{"embeddable":true,"href":"https:\/\/ibomberdefensepacific.standardof.net\/es\/wp-json\/wp\/v2\/comments?post=225"}],"version-history":[{"count":0,"href":"https:\/\/ibomberdefensepacific.standardof.net\/es\/wp-json\/wp\/v2\/pages\/225\/revisions"}],"up":[{"embeddable":true,"href":"https:\/\/ibomberdefensepacific.standardof.net\/es\/wp-json\/wp\/v2\/pages\/164"}],"wp:featuredmedia":[{"embeddable":true,"href":"https:\/\/ibomberdefensepacific.standardof.net\/es\/wp-json\/wp\/v2\/media\/133"}],"wp:attachment":[{"href":"https:\/\/ibomberdefensepacific.standardof.net\/es\/wp-json\/wp\/v2\/media?parent=225"}],"curies":[{"name":"wp","href":"https:\/\/api.w.org\/{rel}","templated":true}]}}