{"id":212,"date":"2020-10-21T13:35:00","date_gmt":"2020-10-21T13:35:00","guid":{"rendered":"https:\/\/ibomberdefensepacific.standardof.net\/?page_id=212"},"modified":"2020-10-21T17:22:32","modified_gmt":"2020-10-21T17:22:32","slug":"campaign-mission-15-kwajalein-marshall-islands","status":"publish","type":"page","link":"https:\/\/ibomberdefensepacific.standardof.net\/es\/guide\/campana-mision-15-kwajalein-marshall-islands\/","title":{"rendered":"Misi\u00f3n de la campa\u00f1a 15: &quot;Kwajalein&quot; Islas Marshall"},"content":{"rendered":"<h2 class=\"wp-block-heading\">Kwajalein: Islas Marshall<\/h2>\n\n\n\n<div class=\"wp-block-image\"><figure class=\"aligncenter size-large\"><a href=\"https:\/\/ibomberdefensepacific.standardof.net\/es\/guide\/campana-mision-15-kwajalein-marshall-islands\/ibomber-defense-pacific-campaign-mission-15-kwajalein-1-copy\/\"><img decoding=\"async\" width=\"800\" height=\"500\" src=\"https:\/\/ibomberdefensepacific.standardof.net\/wp-content\/uploads\/sites\/6\/2020\/10\/iBomber-Defense-Pacific-Campaign-Mission-15-Kwajalein-1-copy-800x500.jpg\" alt=\"&quot;iBomber Defense Pacific&quot; - Misi\u00f3n de campa\u00f1a 15 - &quot;Kwajalein&quot; (1)\" class=\"wp-image-104\" srcset=\"https:\/\/ibomberdefensepacific.standardof.net\/wp-content\/uploads\/sites\/6\/2020\/10\/iBomber-Defense-Pacific-Campaign-Mission-15-Kwajalein-1-copy-800x500.jpg 800w, https:\/\/ibomberdefensepacific.standardof.net\/wp-content\/uploads\/sites\/6\/2020\/10\/iBomber-Defense-Pacific-Campaign-Mission-15-Kwajalein-1-copy-512x320.jpg 512w, https:\/\/ibomberdefensepacific.standardof.net\/wp-content\/uploads\/sites\/6\/2020\/10\/iBomber-Defense-Pacific-Campaign-Mission-15-Kwajalein-1-copy-200x125.jpg 200w, https:\/\/ibomberdefensepacific.standardof.net\/wp-content\/uploads\/sites\/6\/2020\/10\/iBomber-Defense-Pacific-Campaign-Mission-15-Kwajalein-1-copy-768x480.jpg 768w, https:\/\/ibomberdefensepacific.standardof.net\/wp-content\/uploads\/sites\/6\/2020\/10\/iBomber-Defense-Pacific-Campaign-Mission-15-Kwajalein-1-copy-16x10.jpg 16w, https:\/\/ibomberdefensepacific.standardof.net\/wp-content\/uploads\/sites\/6\/2020\/10\/iBomber-Defense-Pacific-Campaign-Mission-15-Kwajalein-1-copy.jpg 1280w\" sizes=\"(max-width: 800px) 100vw, 800px\" \/><\/a><figcaption>Trayectorias de olas enemigas en Kwajalein, marca de aire azul y tierra de marca roja.<\/figcaption><\/figure><\/div>\n\n\n\n<p><em>Proteja su posici\u00f3n. Este es un trampol\u00edn \u00fatil en la ruta de isla en isla hacia el Jap\u00f3n continental.<\/em><\/p>\n\n\n\n<p>Aqu\u00ed en Kwajalein, proteger\u00e1 una base des\u00e9rtica contra dos caminos principales de unidades terrestres que se curvan alrededor del centro del mapa antes de dirigirse a su base a la derecha, con el apoyo de un par de rutas a\u00e9reas que se curvan desde el norte y el sur. . La mayor\u00eda de tus defensas terrestres se centrar\u00e1n en el lado izquierdo del mapa, cerca de donde llegan los enemigos.<\/p>\n\n\n\n<p>Esta gu\u00eda cubrir\u00e1 c\u00f3mo conseguir un Full House, que es una ronda perfecta con todas las medallas y 20 puntos de victoria, en el nivel Kwajalein del <em>iBomber Defense Pacific<\/em> campa\u00f1a, jugado en dificultad Veterano. Adem\u00e1s, esta gu\u00eda de misi\u00f3n cubrir\u00e1 el objetivo secundario y el objetivo oculto junto con un video tutorial.<\/p>\n\n\n\t\t\t\t<div class=\"wp-block-uagb-table-of-contents uagb-toc__align-left uagb-toc__columns-1  uagb-block-877b1b7e\"\n\t\t\t\t\tdata-scroll= \"1\"\n\t\t\t\t\tdata-offset= \"30\"\n\t\t\t\t\tstyle=\"\"\n\t\t\t\t>\n\t\t\t\t<div class=\"uagb-toc__wrap\">\n\t\t\t\t\t\t<div class=\"uagb-toc__title\">\n\t\t\t\t\t\t\tNavegaci\u00f3n de la gu\u00eda de recorrido:\t\t\t\t\t\t<\/div>\n\t\t\t\t\t\t\t\t\t\t\t\t\t\t\t\t<div class=\"uagb-toc__list-wrap\">\n\t\t\t\t\t\t<ol class=\"uagb-toc__list\"><li class=\"uagb-toc__list\"><a href=\"#secondary-objective\" class=\"uagb-toc-link__trigger\">Objetivo secundario<\/a><li class=\"uagb-toc__list\"><a href=\"#perks-used-for-this-mission\" class=\"uagb-toc-link__trigger\">Beneficios utilizados para esta misi\u00f3n:<\/a><li class=\"uagb-toc__list\"><a href=\"#hidden-target\" class=\"uagb-toc-link__trigger\">Objetivo oculto<\/a><li class=\"uagb-toc__list\"><a href=\"#turret-placement\" class=\"uagb-toc-link__trigger\">Colocaci\u00f3n de la torreta<\/a><li class=\"uagb-toc__list\"><a href=\"#veteran-difficulty-video-guide\" class=\"uagb-toc-link__trigger\">Gu\u00eda de video de dificultad para veteranos<\/a><\/ol>\t\t\t\t\t<\/div>\n\t\t\t\t\t\t\t\t\t<\/div>\n\t\t\t\t<\/div>\n\t\t\t\n\n\n<hr class=\"wp-block-separator is-style-wide\"\/>\n\n\n\n<h3 class=\"wp-block-heading\">Objetivo secundario<\/h3>\n\n\n\n<p><em>Los suministros se han esparcido por nuestro campamento principal en Kwajalein. Colecci\u00f3nalos todos.<\/em><\/p>\n\n\n\n<p>Si has estado viendo mis gu\u00edas de video hasta ahora, sabes que tengo el h\u00e1bito de mostrar c\u00f3mo sacar cada caja en cada misi\u00f3n, y esta no es una excepci\u00f3n. La \u00fanica complicaci\u00f3n proviene de tener que cuidar d\u00f3nde se lanzan las bombas, considerando que las cajas a menudo se colocan en las posiciones que necesitamos para las torretas, pero no podemos esperar a acumular las bombas primero para colocar dichas torretas cerca o alrededor de estas cajas.<\/p>\n\n\n\n<p><strong>Cajas de suministro:<\/strong> 8<\/p>\n\n\n\n<p><strong>Puntos de victoria hasta ahora:<\/strong> 280<\/p>\n\n\n\n<ul><li>Ametralladora lvl 3<br><sup>X2 Power vs Especializaci\u00f3n flameada<\/sup><\/li><li>Ca\u00f1\u00f3n lvl 3<\/li><li>Bomba lvl 3<\/li><li>Flamer lvl 3<\/li><li>Comunicaciones lvl 3<br><sup>Mayor especializaci\u00f3n en inter\u00e9s<\/sup><\/li><li>Cohete lvl 3<\/li><li>Anti-aire lvl 3<\/li><\/ul>\n\n\n\n<hr class=\"wp-block-separator is-style-wide\"\/>\n\n\n\n<h3 class=\"wp-block-heading\">Beneficios utilizados para esta misi\u00f3n:<\/h3>\n\n\n\n<ul><li>D\u00f3lar II<\/li><li>Ojo de \u00e1guila II<\/li><li>Golpe fantasma<\/li><\/ul>\n\n\n\n<p>Esta misi\u00f3n usa la misma carga de beneficios que la \u00faltima por las mismas razones. Muchas torretas necesitan poder requerir nuevos objetivos r\u00e1pidamente, ya que muchas de ellas cubrir\u00e1n m\u00faltiples caminos a la vez, mientras que el alcance adicional marcar\u00e1 una diferencia considerable en la creaci\u00f3n de excelentes zonas de cobertura de fuego.<\/p>\n\n\n\n<hr class=\"wp-block-separator is-style-wide\"\/>\n\n\n\n<h3 class=\"wp-block-heading\">Objetivo oculto<\/h3>\n\n\n\n<p>El objetivo oculto en Operation Hailstone es la torreta gris que se encuentra en la esquina superior derecha del bot\u00f3n de construcci\u00f3n de cohetes de su pantalla de visualizaci\u00f3n frontal. Es algo complicado, gracias a que la interfaz lo oculta parcialmente y a muchos otros edificios de este nivel.<\/p>\n\n\n\n<div class=\"wp-block-image\"><figure class=\"aligncenter size-large\"><a href=\"https:\/\/ibomberdefensepacific.standardof.net\/es\/guide\/campana-mision-15-kwajalein-marshall-islands\/ibomber-defense-pacific-campaign-mission-15-kwajalein-2\/\"><img decoding=\"async\" width=\"192\" height=\"122\" src=\"https:\/\/ibomberdefensepacific.standardof.net\/wp-content\/uploads\/sites\/6\/2020\/10\/iBomber-Defense-Pacific-Campaign-Mission-15-Kwajalein-2.jpg\" alt=\"&quot;iBomber Defense Pacific&quot; - Misi\u00f3n de campa\u00f1a 15 - &quot;Kwajalein&quot; (2)\" class=\"wp-image-105\" srcset=\"https:\/\/ibomberdefensepacific.standardof.net\/wp-content\/uploads\/sites\/6\/2020\/10\/iBomber-Defense-Pacific-Campaign-Mission-15-Kwajalein-2.jpg 192w, https:\/\/ibomberdefensepacific.standardof.net\/wp-content\/uploads\/sites\/6\/2020\/10\/iBomber-Defense-Pacific-Campaign-Mission-15-Kwajalein-2-16x10.jpg 16w\" sizes=\"(max-width: 192px) 100vw, 192px\" \/><\/a><figcaption>La furtiva torreta de objetivo oculta.<\/figcaption><\/figure><\/div>\n\n\n\n<hr class=\"wp-block-separator is-style-wide\"\/>\n\n\n\n<h3 class=\"wp-block-heading\">Colocaci\u00f3n de la torreta<\/h3>\n\n\n\n<figure class=\"wp-block-gallery columns-2 is-cropped wp-block-gallery-1 is-layout-flex wp-block-gallery-is-layout-flex\"><ul class=\"blocks-gallery-grid\"><li class=\"blocks-gallery-item\"><figure><a href=\"https:\/\/ibomberdefensepacific.standardof.net\/es\/guide\/campana-mision-15-kwajalein-marshall-islands\/ibomber-defense-pacific-campaign-mission-15-kwajalein-7\/\"><img decoding=\"async\" width=\"800\" height=\"500\" src=\"https:\/\/ibomberdefensepacific.standardof.net\/wp-content\/uploads\/sites\/6\/2020\/10\/iBomber-Defense-Pacific-Campaign-Mission-15-Kwajalein-7-800x500.jpg\" alt=\"&quot;iBomber Defense Pacific&quot; - Misi\u00f3n de campa\u00f1a 15 - &quot;Kwajalein&quot; (3)\" data-id=\"110\" data-full-url=\"https:\/\/ibomberdefensepacific.standardof.net\/wp-content\/uploads\/sites\/6\/2020\/10\/iBomber-Defense-Pacific-Campaign-Mission-15-Kwajalein-7.jpg\" data-link=\"https:\/\/ibomberdefensepacific.standardof.net\/guide\/campaign-mission-15-kwajalein-marshall-islands\/ibomber-defense-pacific-campaign-mission-15-kwajalein-7\/\" class=\"wp-image-110\" srcset=\"https:\/\/ibomberdefensepacific.standardof.net\/wp-content\/uploads\/sites\/6\/2020\/10\/iBomber-Defense-Pacific-Campaign-Mission-15-Kwajalein-7-800x500.jpg 800w, https:\/\/ibomberdefensepacific.standardof.net\/wp-content\/uploads\/sites\/6\/2020\/10\/iBomber-Defense-Pacific-Campaign-Mission-15-Kwajalein-7-512x320.jpg 512w, https:\/\/ibomberdefensepacific.standardof.net\/wp-content\/uploads\/sites\/6\/2020\/10\/iBomber-Defense-Pacific-Campaign-Mission-15-Kwajalein-7-200x125.jpg 200w, https:\/\/ibomberdefensepacific.standardof.net\/wp-content\/uploads\/sites\/6\/2020\/10\/iBomber-Defense-Pacific-Campaign-Mission-15-Kwajalein-7-768x480.jpg 768w, https:\/\/ibomberdefensepacific.standardof.net\/wp-content\/uploads\/sites\/6\/2020\/10\/iBomber-Defense-Pacific-Campaign-Mission-15-Kwajalein-7-16x10.jpg 16w, https:\/\/ibomberdefensepacific.standardof.net\/wp-content\/uploads\/sites\/6\/2020\/10\/iBomber-Defense-Pacific-Campaign-Mission-15-Kwajalein-7.jpg 1280w\" sizes=\"(max-width: 800px) 100vw, 800px\" \/><\/a><figcaption class=\"blocks-gallery-item__caption\">Colocaci\u00f3n de la torreta Wave 6.<\/figcaption><\/figure><\/li><li class=\"blocks-gallery-item\"><figure><a href=\"https:\/\/ibomberdefensepacific.standardof.net\/es\/guide\/campana-mision-15-kwajalein-marshall-islands\/ibomber-defense-pacific-campaign-mission-15-kwajalein-3\/\"><img decoding=\"async\" width=\"800\" height=\"500\" src=\"https:\/\/ibomberdefensepacific.standardof.net\/wp-content\/uploads\/sites\/6\/2020\/10\/iBomber-Defense-Pacific-Campaign-Mission-15-Kwajalein-3-800x500.jpg\" alt=\"&quot;iBomber Defense Pacific&quot; - Misi\u00f3n de campa\u00f1a 15 - &quot;Kwajalein&quot; (3)\" data-id=\"106\" data-full-url=\"https:\/\/ibomberdefensepacific.standardof.net\/wp-content\/uploads\/sites\/6\/2020\/10\/iBomber-Defense-Pacific-Campaign-Mission-15-Kwajalein-3.jpg\" data-link=\"https:\/\/ibomberdefensepacific.standardof.net\/guide\/campaign-mission-15-kwajalein-marshall-islands\/ibomber-defense-pacific-campaign-mission-15-kwajalein-3\/\" class=\"wp-image-106\" srcset=\"https:\/\/ibomberdefensepacific.standardof.net\/wp-content\/uploads\/sites\/6\/2020\/10\/iBomber-Defense-Pacific-Campaign-Mission-15-Kwajalein-3-800x500.jpg 800w, https:\/\/ibomberdefensepacific.standardof.net\/wp-content\/uploads\/sites\/6\/2020\/10\/iBomber-Defense-Pacific-Campaign-Mission-15-Kwajalein-3-512x320.jpg 512w, https:\/\/ibomberdefensepacific.standardof.net\/wp-content\/uploads\/sites\/6\/2020\/10\/iBomber-Defense-Pacific-Campaign-Mission-15-Kwajalein-3-200x125.jpg 200w, https:\/\/ibomberdefensepacific.standardof.net\/wp-content\/uploads\/sites\/6\/2020\/10\/iBomber-Defense-Pacific-Campaign-Mission-15-Kwajalein-3-768x480.jpg 768w, https:\/\/ibomberdefensepacific.standardof.net\/wp-content\/uploads\/sites\/6\/2020\/10\/iBomber-Defense-Pacific-Campaign-Mission-15-Kwajalein-3-16x10.jpg 16w, https:\/\/ibomberdefensepacific.standardof.net\/wp-content\/uploads\/sites\/6\/2020\/10\/iBomber-Defense-Pacific-Campaign-Mission-15-Kwajalein-3.jpg 1280w\" sizes=\"(max-width: 800px) 100vw, 800px\" \/><\/a><figcaption class=\"blocks-gallery-item__caption\">Colocaci\u00f3n de la torreta Wave 12.<\/figcaption><\/figure><\/li><\/ul><\/figure>\n\n\n\n<p>Como se mencion\u00f3 anteriormente, la ubicaci\u00f3n de la torreta en este nivel se centrar\u00e1 en crear un fuerte campo de fuego superpuesto para las dos rutas terrestres justo al comienzo de su aproximaci\u00f3n, ya que aqu\u00ed es donde convergen mejor, proporcionando los arcos de fuego m\u00e1s superpuestos combinados con abundantes puntos de colocaci\u00f3n de torretas.<\/p>\n\n\n\n<p>Su tarea inicial deber\u00eda ser construir la tira de pares de lanzallamas y ametralladoras en el conjunto de 3 fichas que se encuentran entre los dos caminos. Despu\u00e9s de esto, construye torretas de bombas, algo de AA hacia la parte trasera de tu base y ca\u00f1ones y cohetes impulsados por comunicaciones en los dos conjuntos de cuatro fichas que se encuentran justo donde los caminos comienzan a dar vueltas alrededor del centro del mapa.<\/p>\n\n\n\n<p>Las torretas cohete funcionar\u00e1n mejor si se colocan y excavan en consecuencia para que disparen en el camino de aproximaci\u00f3n, y un tr\u00edo de torretas AA (eventualmente) completamente mejoradas en la parte posterior lo mantendr\u00e1 protegido durante toda la misi\u00f3n. Aseg\u00farese de consultar las im\u00e1genes de arriba para obtener detalles m\u00e1s espec\u00edficos.<\/p>\n\n\n\n<figure class=\"wp-block-gallery aligncenter columns-2 wp-block-gallery-2 is-layout-flex wp-block-gallery-is-layout-flex\"><ul class=\"blocks-gallery-grid\"><li class=\"blocks-gallery-item\"><figure><a href=\"https:\/\/ibomberdefensepacific.standardof.net\/es\/guide\/campana-mision-15-kwajalein-marshall-islands\/ibomber-defense-pacific-campaign-mission-15-kwajalein-4\/\"><img decoding=\"async\" width=\"800\" height=\"500\" src=\"https:\/\/ibomberdefensepacific.standardof.net\/wp-content\/uploads\/sites\/6\/2020\/10\/iBomber-Defense-Pacific-Campaign-Mission-15-Kwajalein-4-800x500.jpg\" alt=\"&quot;iBomber Defense Pacific&quot; - Misi\u00f3n de campa\u00f1a 15 - &quot;Kwajalein&quot; (4)\" data-id=\"107\" data-full-url=\"https:\/\/ibomberdefensepacific.standardof.net\/wp-content\/uploads\/sites\/6\/2020\/10\/iBomber-Defense-Pacific-Campaign-Mission-15-Kwajalein-4.jpg\" data-link=\"https:\/\/ibomberdefensepacific.standardof.net\/guide\/campaign-mission-15-kwajalein-marshall-islands\/ibomber-defense-pacific-campaign-mission-15-kwajalein-4\/\" class=\"wp-image-107\" srcset=\"https:\/\/ibomberdefensepacific.standardof.net\/wp-content\/uploads\/sites\/6\/2020\/10\/iBomber-Defense-Pacific-Campaign-Mission-15-Kwajalein-4-800x500.jpg 800w, https:\/\/ibomberdefensepacific.standardof.net\/wp-content\/uploads\/sites\/6\/2020\/10\/iBomber-Defense-Pacific-Campaign-Mission-15-Kwajalein-4-512x320.jpg 512w, https:\/\/ibomberdefensepacific.standardof.net\/wp-content\/uploads\/sites\/6\/2020\/10\/iBomber-Defense-Pacific-Campaign-Mission-15-Kwajalein-4-200x125.jpg 200w, https:\/\/ibomberdefensepacific.standardof.net\/wp-content\/uploads\/sites\/6\/2020\/10\/iBomber-Defense-Pacific-Campaign-Mission-15-Kwajalein-4-768x480.jpg 768w, https:\/\/ibomberdefensepacific.standardof.net\/wp-content\/uploads\/sites\/6\/2020\/10\/iBomber-Defense-Pacific-Campaign-Mission-15-Kwajalein-4-16x10.jpg 16w, https:\/\/ibomberdefensepacific.standardof.net\/wp-content\/uploads\/sites\/6\/2020\/10\/iBomber-Defense-Pacific-Campaign-Mission-15-Kwajalein-4.jpg 1280w\" sizes=\"(max-width: 800px) 100vw, 800px\" \/><\/a><figcaption class=\"blocks-gallery-item__caption\">Colocaci\u00f3n de la torreta Wave 18.<\/figcaption><\/figure><\/li><li class=\"blocks-gallery-item\"><figure><a href=\"https:\/\/ibomberdefensepacific.standardof.net\/es\/guide\/campana-mision-15-kwajalein-marshall-islands\/ibomber-defense-pacific-campaign-mission-15-kwajalein-5\/\"><img decoding=\"async\" width=\"800\" height=\"500\" src=\"https:\/\/ibomberdefensepacific.standardof.net\/wp-content\/uploads\/sites\/6\/2020\/10\/iBomber-Defense-Pacific-Campaign-Mission-15-Kwajalein-5-800x500.jpg\" alt=\"&quot;iBomber Defense Pacific&quot; - Misi\u00f3n de campa\u00f1a 15 - &quot;Kwajalein&quot; (6)\" data-id=\"108\" data-full-url=\"https:\/\/ibomberdefensepacific.standardof.net\/wp-content\/uploads\/sites\/6\/2020\/10\/iBomber-Defense-Pacific-Campaign-Mission-15-Kwajalein-5.jpg\" data-link=\"https:\/\/ibomberdefensepacific.standardof.net\/guide\/campaign-mission-15-kwajalein-marshall-islands\/ibomber-defense-pacific-campaign-mission-15-kwajalein-5\/\" class=\"wp-image-108\" srcset=\"https:\/\/ibomberdefensepacific.standardof.net\/wp-content\/uploads\/sites\/6\/2020\/10\/iBomber-Defense-Pacific-Campaign-Mission-15-Kwajalein-5-800x500.jpg 800w, https:\/\/ibomberdefensepacific.standardof.net\/wp-content\/uploads\/sites\/6\/2020\/10\/iBomber-Defense-Pacific-Campaign-Mission-15-Kwajalein-5-512x320.jpg 512w, https:\/\/ibomberdefensepacific.standardof.net\/wp-content\/uploads\/sites\/6\/2020\/10\/iBomber-Defense-Pacific-Campaign-Mission-15-Kwajalein-5-200x125.jpg 200w, https:\/\/ibomberdefensepacific.standardof.net\/wp-content\/uploads\/sites\/6\/2020\/10\/iBomber-Defense-Pacific-Campaign-Mission-15-Kwajalein-5-768x480.jpg 768w, https:\/\/ibomberdefensepacific.standardof.net\/wp-content\/uploads\/sites\/6\/2020\/10\/iBomber-Defense-Pacific-Campaign-Mission-15-Kwajalein-5-16x10.jpg 16w, https:\/\/ibomberdefensepacific.standardof.net\/wp-content\/uploads\/sites\/6\/2020\/10\/iBomber-Defense-Pacific-Campaign-Mission-15-Kwajalein-5.jpg 1280w\" sizes=\"(max-width: 800px) 100vw, 800px\" \/><\/a><figcaption class=\"blocks-gallery-item__caption\">Ola 24<\/figcaption><\/figure><\/li><li class=\"blocks-gallery-item\"><figure><a href=\"https:\/\/ibomberdefensepacific.standardof.net\/es\/guide\/campana-mision-15-kwajalein-marshall-islands\/ibomber-defense-pacific-campaign-mission-15-kwajalein-6\/\"><img decoding=\"async\" width=\"800\" height=\"500\" src=\"https:\/\/ibomberdefensepacific.standardof.net\/wp-content\/uploads\/sites\/6\/2020\/10\/iBomber-Defense-Pacific-Campaign-Mission-15-Kwajalein-6-800x500.jpg\" alt=\"&quot;iBomber Defense Pacific&quot; - Misi\u00f3n de campa\u00f1a 15 - &quot;Kwajalein&quot; (7)\" data-id=\"109\" data-full-url=\"https:\/\/ibomberdefensepacific.standardof.net\/wp-content\/uploads\/sites\/6\/2020\/10\/iBomber-Defense-Pacific-Campaign-Mission-15-Kwajalein-6.jpg\" data-link=\"https:\/\/ibomberdefensepacific.standardof.net\/guide\/campaign-mission-15-kwajalein-marshall-islands\/ibomber-defense-pacific-campaign-mission-15-kwajalein-6\/\" class=\"wp-image-109\" srcset=\"https:\/\/ibomberdefensepacific.standardof.net\/wp-content\/uploads\/sites\/6\/2020\/10\/iBomber-Defense-Pacific-Campaign-Mission-15-Kwajalein-6-800x500.jpg 800w, https:\/\/ibomberdefensepacific.standardof.net\/wp-content\/uploads\/sites\/6\/2020\/10\/iBomber-Defense-Pacific-Campaign-Mission-15-Kwajalein-6-512x320.jpg 512w, https:\/\/ibomberdefensepacific.standardof.net\/wp-content\/uploads\/sites\/6\/2020\/10\/iBomber-Defense-Pacific-Campaign-Mission-15-Kwajalein-6-200x125.jpg 200w, https:\/\/ibomberdefensepacific.standardof.net\/wp-content\/uploads\/sites\/6\/2020\/10\/iBomber-Defense-Pacific-Campaign-Mission-15-Kwajalein-6-768x480.jpg 768w, https:\/\/ibomberdefensepacific.standardof.net\/wp-content\/uploads\/sites\/6\/2020\/10\/iBomber-Defense-Pacific-Campaign-Mission-15-Kwajalein-6-16x10.jpg 16w, https:\/\/ibomberdefensepacific.standardof.net\/wp-content\/uploads\/sites\/6\/2020\/10\/iBomber-Defense-Pacific-Campaign-Mission-15-Kwajalein-6.jpg 1280w\" sizes=\"(max-width: 800px) 100vw, 800px\" \/><\/a><figcaption class=\"blocks-gallery-item__caption\">Ola 30.<\/figcaption><\/figure><\/li><\/ul><\/figure>\n\n\n\n<hr class=\"wp-block-separator is-style-wide\"\/>\n\n\n\n<h3 class=\"has-text-align-center wp-block-heading\" id=\"4-veteran-difficulty-video-guide\">Gu\u00eda de video de dificultad para veteranos<\/h3>\n\n\n\n<figure class=\"wp-block-embed-youtube wp-block-embed is-type-video is-provider-youtube wp-embed-aspect-16-9 wp-has-aspect-ratio wp-embed-aspect-4-3\"><div class=\"wp-block-embed__wrapper\">\n<div class=\"ast-oembed-container\" style=\"height: 100%;\"><iframe title=\"Kwajalein - M15 iBomber Defense Pacific - Tutorial completo para veteranos\" width=\"500\" height=\"375\" src=\"https:\/\/www.youtube.com\/embed\/1iOK2AAU4Go?feature=oembed\" frameborder=\"0\" allow=\"accelerometer; autoplay; clipboard-write; encrypted-media; gyroscope; picture-in-picture; web-share\" referrerpolicy=\"strict-origin-when-cross-origin\" allowfullscreen><\/iframe><\/div>\n<\/div><\/figure>","protected":false},"excerpt":{"rendered":"<p>Kwajalein: Marshall Islands Protect your position. This is a useful stepping stone in the island hopping route to mainland Japan. Here in Kwajalein, you will be protecting a desert base against two main paths of ground units that curve around the center of the map before heading to your base at the right, supported by [&hellip;]<\/p>","protected":false},"author":1,"featured_media":110,"parent":164,"menu_order":15,"comment_status":"open","ping_status":"closed","template":"","meta":{"_uag_custom_page_level_css":"","site-sidebar-layout":"default","site-content-layout":"default","ast-site-content-layout":"","site-content-style":"default","site-sidebar-style":"default","ast-global-header-display":"","ast-banner-title-visibility":"","ast-main-header-display":"","ast-hfb-above-header-display":"","ast-hfb-below-header-display":"","ast-hfb-mobile-header-display":"","site-post-title":"","ast-breadcrumbs-content":"","ast-featured-img":"","footer-sml-layout":"","theme-transparent-header-meta":"default","adv-header-id-meta":"","stick-header-meta":"","header-above-stick-meta":"","header-main-stick-meta":"","header-below-stick-meta":"","astra-migrate-meta-layouts":"default","ast-page-background-enabled":"default","ast-page-background-meta":{"desktop":{"background-color":"","background-image":"","background-repeat":"repeat","background-position":"center center","background-size":"auto","background-attachment":"scroll","background-type":"","background-media":"","overlay-type":"","overlay-color":"","overlay-gradient":""},"tablet":{"background-color":"","background-image":"","background-repeat":"repeat","background-position":"center center","background-size":"auto","background-attachment":"scroll","background-type":"","background-media":"","overlay-type":"","overlay-color":"","overlay-gradient":""},"mobile":{"background-color":"","background-image":"","background-repeat":"repeat","background-position":"center center","background-size":"auto","background-attachment":"scroll","background-type":"","background-media":"","overlay-type":"","overlay-color":"","overlay-gradient":""}},"ast-content-background-meta":{"desktop":{"background-color":"var(--ast-global-color-5)","background-image":"","background-repeat":"repeat","background-position":"center center","background-size":"auto","background-attachment":"scroll","background-type":"","background-media":"","overlay-type":"","overlay-color":"","overlay-gradient":""},"tablet":{"background-color":"var(--ast-global-color-5)","background-image":"","background-repeat":"repeat","background-position":"center center","background-size":"auto","background-attachment":"scroll","background-type":"","background-media":"","overlay-type":"","overlay-color":"","overlay-gradient":""},"mobile":{"background-color":"var(--ast-global-color-5)","background-image":"","background-repeat":"repeat","background-position":"center center","background-size":"auto","background-attachment":"scroll","background-type":"","background-media":"","overlay-type":"","overlay-color":"","overlay-gradient":""}},"footnotes":""},"uagb_featured_image_src":{"full":["https:\/\/ibomberdefensepacific.standardof.net\/wp-content\/uploads\/sites\/6\/2020\/10\/iBomber-Defense-Pacific-Campaign-Mission-15-Kwajalein-7.jpg",1280,800,false],"thumbnail":["https:\/\/ibomberdefensepacific.standardof.net\/wp-content\/uploads\/sites\/6\/2020\/10\/iBomber-Defense-Pacific-Campaign-Mission-15-Kwajalein-7-200x125.jpg",200,125,true],"medium":["https:\/\/ibomberdefensepacific.standardof.net\/wp-content\/uploads\/sites\/6\/2020\/10\/iBomber-Defense-Pacific-Campaign-Mission-15-Kwajalein-7-512x320.jpg",512,320,true],"medium_large":["https:\/\/ibomberdefensepacific.standardof.net\/wp-content\/uploads\/sites\/6\/2020\/10\/iBomber-Defense-Pacific-Campaign-Mission-15-Kwajalein-7-768x480.jpg",768,480,true],"large":["https:\/\/ibomberdefensepacific.standardof.net\/wp-content\/uploads\/sites\/6\/2020\/10\/iBomber-Defense-Pacific-Campaign-Mission-15-Kwajalein-7-800x500.jpg",800,500,true],"1536x1536":["https:\/\/ibomberdefensepacific.standardof.net\/wp-content\/uploads\/sites\/6\/2020\/10\/iBomber-Defense-Pacific-Campaign-Mission-15-Kwajalein-7.jpg",1280,800,false],"2048x2048":["https:\/\/ibomberdefensepacific.standardof.net\/wp-content\/uploads\/sites\/6\/2020\/10\/iBomber-Defense-Pacific-Campaign-Mission-15-Kwajalein-7.jpg",1280,800,false],"trp-custom-language-flag":["https:\/\/ibomberdefensepacific.standardof.net\/wp-content\/uploads\/sites\/6\/2020\/10\/iBomber-Defense-Pacific-Campaign-Mission-15-Kwajalein-7-16x10.jpg",16,10,true]},"uagb_author_info":{"display_name":"SOE","author_link":"https:\/\/ibomberdefensepacific.standardof.net\/es\/author\/k-tastic\/"},"uagb_comment_info":0,"uagb_excerpt":"Kwajalein: Marshall Islands Protect your position. This is a useful stepping stone in the island hopping route to mainland Japan. Here in Kwajalein, you will be protecting a desert base against two main paths of ground units that curve around the center of the map before heading to your base at the right, supported by&hellip;","_links":{"self":[{"href":"https:\/\/ibomberdefensepacific.standardof.net\/es\/wp-json\/wp\/v2\/pages\/212"}],"collection":[{"href":"https:\/\/ibomberdefensepacific.standardof.net\/es\/wp-json\/wp\/v2\/pages"}],"about":[{"href":"https:\/\/ibomberdefensepacific.standardof.net\/es\/wp-json\/wp\/v2\/types\/page"}],"author":[{"embeddable":true,"href":"https:\/\/ibomberdefensepacific.standardof.net\/es\/wp-json\/wp\/v2\/users\/1"}],"replies":[{"embeddable":true,"href":"https:\/\/ibomberdefensepacific.standardof.net\/es\/wp-json\/wp\/v2\/comments?post=212"}],"version-history":[{"count":0,"href":"https:\/\/ibomberdefensepacific.standardof.net\/es\/wp-json\/wp\/v2\/pages\/212\/revisions"}],"up":[{"embeddable":true,"href":"https:\/\/ibomberdefensepacific.standardof.net\/es\/wp-json\/wp\/v2\/pages\/164"}],"wp:featuredmedia":[{"embeddable":true,"href":"https:\/\/ibomberdefensepacific.standardof.net\/es\/wp-json\/wp\/v2\/media\/110"}],"wp:attachment":[{"href":"https:\/\/ibomberdefensepacific.standardof.net\/es\/wp-json\/wp\/v2\/media?parent=212"}],"curies":[{"name":"wp","href":"https:\/\/api.w.org\/{rel}","templated":true}]}}