{"id":207,"date":"2020-10-21T13:33:25","date_gmt":"2020-10-21T13:33:25","guid":{"rendered":"https:\/\/ibomberdefensepacific.standardof.net\/?page_id=207"},"modified":"2020-10-21T17:21:25","modified_gmt":"2020-10-21T17:21:25","slug":"campaign-mission-10-alligator-creek-watchtower","status":"publish","type":"page","link":"https:\/\/ibomberdefensepacific.standardof.net\/es\/guide\/campana-mision-10-alligator-creek-atalaya\/","title":{"rendered":"Misi\u00f3n de la campa\u00f1a 10: Atalaya &quot;Alligator Creek&quot;"},"content":{"rendered":"<h2 class=\"wp-block-heading\">Alligator Creek: Atalaya<\/h2>\n\n\n\n<div class=\"wp-block-image\"><figure class=\"aligncenter size-large\"><a href=\"https:\/\/ibomberdefensepacific.standardof.net\/es\/guide\/campana-mision-10-alligator-creek-atalaya\/ibomber-defense-pacific-campaign-mission-10-alligator-creek-1-copy\/\"><img decoding=\"async\" width=\"800\" height=\"500\" src=\"https:\/\/ibomberdefensepacific.standardof.net\/wp-content\/uploads\/sites\/6\/2020\/10\/iBomber-Defense-Pacific-Campaign-Mission-10-Alligator-Creek-1-copy-800x500.jpg\" alt=\"&quot;iBomber Defense Pacific&quot; - Misi\u00f3n de campa\u00f1a 10 - &quot;Alligator Creek&quot; (1)\" class=\"wp-image-76\" srcset=\"https:\/\/ibomberdefensepacific.standardof.net\/wp-content\/uploads\/sites\/6\/2020\/10\/iBomber-Defense-Pacific-Campaign-Mission-10-Alligator-Creek-1-copy-800x500.jpg 800w, https:\/\/ibomberdefensepacific.standardof.net\/wp-content\/uploads\/sites\/6\/2020\/10\/iBomber-Defense-Pacific-Campaign-Mission-10-Alligator-Creek-1-copy-512x320.jpg 512w, https:\/\/ibomberdefensepacific.standardof.net\/wp-content\/uploads\/sites\/6\/2020\/10\/iBomber-Defense-Pacific-Campaign-Mission-10-Alligator-Creek-1-copy-200x125.jpg 200w, https:\/\/ibomberdefensepacific.standardof.net\/wp-content\/uploads\/sites\/6\/2020\/10\/iBomber-Defense-Pacific-Campaign-Mission-10-Alligator-Creek-1-copy-768x480.jpg 768w, https:\/\/ibomberdefensepacific.standardof.net\/wp-content\/uploads\/sites\/6\/2020\/10\/iBomber-Defense-Pacific-Campaign-Mission-10-Alligator-Creek-1-copy-16x10.jpg 16w, https:\/\/ibomberdefensepacific.standardof.net\/wp-content\/uploads\/sites\/6\/2020\/10\/iBomber-Defense-Pacific-Campaign-Mission-10-Alligator-Creek-1-copy.jpg 1280w\" sizes=\"(max-width: 800px) 100vw, 800px\" \/><\/a><figcaption>Los dos caminos de las olas enemigas en Alligator Creek que forman la W cuando convergen hacia la base.<\/figcaption><\/figure><\/div>\n\n\n\n<p><em>Proteja las rutas de suministro entre los EE. UU., Australia y Nueva Zelanda manteniendo una posici\u00f3n en las Islas Salom\u00f3n.<\/em><\/p>\n\n\n\n<p>En Alligator Creek, proteger\u00e1 su base en el camino central superior de un par de caminos de tierra que se curvan desde ambos lados en forma de W. La defensa se enfocar\u00e1 en el punto de convergencia, y querr\u00e1 crear un corredor. de muerte que funciona eficazmente sin importar de qu\u00e9 direcci\u00f3n venga el enemigo.<\/p>\n\n\n\n<p>Esta es una misi\u00f3n temprana importante de la que se puede aprender en t\u00e9rminos de colocar sus torretas en las posiciones m\u00e1s rentables. La mayor\u00eda de los juegos de defensa de torretas giran en gran medida en torno a la gesti\u00f3n de un ingreso fijo determinado por los enemigos que aparecen en cada mapa. Del mismo modo, la salud de los enemigos que atacan y el da\u00f1o potencial de las torretas que puedes usar tambi\u00e9n se calculan en gran medida para garantizar que haya un desaf\u00edo en &quot;resolver acertijos&quot; los problemas matem\u00e1ticos subyacentes.<\/p>\n\n\n\n<p>Esta gu\u00eda cubrir\u00e1 c\u00f3mo conseguir un Full House, que es una ronda perfecta con todas las medallas y 20 puntos de victoria, en el nivel Alligator Creek del <em>iBomber Defense Pacific<\/em> campa\u00f1a, jugado en dificultad Veterano. Adem\u00e1s, esta gu\u00eda de misi\u00f3n tambi\u00e9n cubrir\u00e1 el objetivo secundario y el objetivo oculto junto con un video tutorial.<\/p>\n\n\n\t\t\t\t<div class=\"wp-block-uagb-table-of-contents uagb-toc__align-left uagb-toc__columns-1  uagb-block-c5ea399f\"\n\t\t\t\t\tdata-scroll= \"1\"\n\t\t\t\t\tdata-offset= \"30\"\n\t\t\t\t\tstyle=\"\"\n\t\t\t\t>\n\t\t\t\t<div class=\"uagb-toc__wrap\">\n\t\t\t\t\t\t<div class=\"uagb-toc__title\">\n\t\t\t\t\t\t\tNavegaci\u00f3n de la gu\u00eda de recorrido:\t\t\t\t\t\t<\/div>\n\t\t\t\t\t\t\t\t\t\t\t\t\t\t\t\t<div class=\"uagb-toc__list-wrap\">\n\t\t\t\t\t\t<ol class=\"uagb-toc__list\"><li class=\"uagb-toc__list\"><a href=\"#secondary-objective\" class=\"uagb-toc-link__trigger\">Objetivo secundario<\/a><li class=\"uagb-toc__list\"><a href=\"#perks-used-for-this-mission\" class=\"uagb-toc-link__trigger\">Beneficios utilizados para esta misi\u00f3n:<\/a><li class=\"uagb-toc__list\"><a href=\"#hidden-target\" class=\"uagb-toc-link__trigger\">Objetivo oculto<\/a><li class=\"uagb-toc__list\"><a href=\"#turret-placement\" class=\"uagb-toc-link__trigger\">Colocaci\u00f3n de la torreta<\/a><li class=\"uagb-toc__list\"><a href=\"#veteran-difficulty-video-guide\" class=\"uagb-toc-link__trigger\">Gu\u00eda de video de dificultad para veteranos<\/a><\/ol>\t\t\t\t\t<\/div>\n\t\t\t\t\t\t\t\t\t<\/div>\n\t\t\t\t<\/div>\n\t\t\t\n\n\n<hr class=\"wp-block-separator is-style-wide\"\/>\n\n\n\n<h3 class=\"wp-block-heading\">Objetivo secundario<\/h3>\n\n\n\n<p><em>Protege tu campamento.<\/em><\/p>\n\n\n\n<p>Hay una serie de edificios en la pradera abierta entre su base y el punto de convergencia que deber\u00e1n protegerse durante toda la misi\u00f3n. Adem\u00e1s de su corredor interno que protege las estructuras internas, un par de torretas MG a cada lado de estas estructuras servir\u00e1n como escudos eficientes. (Vea las im\u00e1genes a continuaci\u00f3n para obtener detalles sobre la ubicaci\u00f3n).<\/p>\n\n\n\n<p><strong>Cajas de suministro:<\/strong> 6<\/p>\n\n\n\n<p><strong>Puntos de victoria hasta ahora:<\/strong> 180 (20 sin gastar)<\/p>\n\n\n\n<ul><li>Ametralladora lvl 3<br><sup>X2 Power vs Especializaci\u00f3n flameada<\/sup><\/li><li>Ca\u00f1\u00f3n lvl 3<\/li><li>Bomba lvl 2<\/li><li>Flamer lvl 3<\/li><li>Comunicaciones lvl 3<\/li><\/ul>\n\n\n\n<hr class=\"wp-block-separator is-style-wide\"\/>\n\n\n\n<h3 class=\"wp-block-heading\">Beneficios utilizados para esta misi\u00f3n:<\/h3>\n\n\n\n<ul><li>D\u00f3lar II<\/li><li>Ojo de \u00e1guila I<\/li><li>La entrega especial<\/li><\/ul>\n\n\n\n<p>Al principio del juego, nuestras opciones de beneficios a\u00fan son limitadas, pero el dinero extra y las mejores torretas que podr\u00e1s pagar gracias a Greenback casi nunca son una mala opci\u00f3n. La ventaja Bombardier se queda en el polvo al principio del juego a medida que las ventajas como Eagle Eye est\u00e1n disponibles, que es crucial para aplicar da\u00f1o tan pronto como un enemigo est\u00e9 dentro del alcance gracias a la bonificaci\u00f3n de apuntar m\u00e1s r\u00e1pido.<\/p>\n\n\n\n<hr class=\"wp-block-separator is-style-wide\"\/>\n\n\n\n<h3 class=\"wp-block-heading\">Objetivo oculto<\/h3>\n\n\n\n<p>El objetivo oculto es otra peque\u00f1a choza en este nivel. Est\u00e1 escondido a lo largo del lado derecho del mapa por el borde del bosque mientras la trayectoria de la ola enemiga derecha se curva.<\/p>\n\n\n\n<div class=\"wp-block-image\"><figure class=\"aligncenter size-large\"><a href=\"https:\/\/ibomberdefensepacific.standardof.net\/es\/guide\/campana-mision-10-alligator-creek-atalaya\/ibomber-defense-pacific-campaign-mission-10-alligator-creek-2\/\"><img decoding=\"async\" width=\"255\" height=\"193\" src=\"https:\/\/ibomberdefensepacific.standardof.net\/wp-content\/uploads\/sites\/6\/2020\/10\/iBomber-Defense-Pacific-Campaign-Mission-10-Alligator-Creek-2.jpg\" alt=\"&quot;iBomber Defense Pacific&quot; - Misi\u00f3n de campa\u00f1a 10 - &quot;Alligator Creek&quot; (2)\" class=\"wp-image-77\" srcset=\"https:\/\/ibomberdefensepacific.standardof.net\/wp-content\/uploads\/sites\/6\/2020\/10\/iBomber-Defense-Pacific-Campaign-Mission-10-Alligator-Creek-2.jpg 255w, https:\/\/ibomberdefensepacific.standardof.net\/wp-content\/uploads\/sites\/6\/2020\/10\/iBomber-Defense-Pacific-Campaign-Mission-10-Alligator-Creek-2-200x151.jpg 200w, https:\/\/ibomberdefensepacific.standardof.net\/wp-content\/uploads\/sites\/6\/2020\/10\/iBomber-Defense-Pacific-Campaign-Mission-10-Alligator-Creek-2-16x12.jpg 16w\" sizes=\"(max-width: 255px) 100vw, 255px\" \/><\/a><figcaption>El objetivo escondido de la peque\u00f1a caba\u00f1a.<\/figcaption><\/figure><\/div>\n\n\n\n<hr class=\"wp-block-separator is-style-wide\"\/>\n\n\n\n<h3 class=\"wp-block-heading\">Colocaci\u00f3n de la torreta<\/h3>\n\n\n\n<figure class=\"wp-block-gallery columns-2 is-cropped wp-block-gallery-1 is-layout-flex wp-block-gallery-is-layout-flex\"><ul class=\"blocks-gallery-grid\"><li class=\"blocks-gallery-item\"><figure><a href=\"https:\/\/ibomberdefensepacific.standardof.net\/es\/guide\/campana-mision-10-alligator-creek-atalaya\/ibomber-defense-pacific-campaign-mission-10-alligator-creek-3\/\"><img decoding=\"async\" width=\"800\" height=\"500\" src=\"https:\/\/ibomberdefensepacific.standardof.net\/wp-content\/uploads\/sites\/6\/2020\/10\/iBomber-Defense-Pacific-Campaign-Mission-10-Alligator-Creek-3-800x500.jpg\" alt=\"&quot;iBomber Defense Pacific&quot; - Misi\u00f3n de campa\u00f1a 10 - &quot;Alligator Creek&quot; (3)\" data-id=\"78\" data-full-url=\"https:\/\/ibomberdefensepacific.standardof.net\/wp-content\/uploads\/sites\/6\/2020\/10\/iBomber-Defense-Pacific-Campaign-Mission-10-Alligator-Creek-3.jpg\" data-link=\"https:\/\/ibomberdefensepacific.standardof.net\/guide\/campaign-mission-10-alligator-creek-watchtower\/ibomber-defense-pacific-campaign-mission-10-alligator-creek-3\/\" class=\"wp-image-78\" srcset=\"https:\/\/ibomberdefensepacific.standardof.net\/wp-content\/uploads\/sites\/6\/2020\/10\/iBomber-Defense-Pacific-Campaign-Mission-10-Alligator-Creek-3-800x500.jpg 800w, https:\/\/ibomberdefensepacific.standardof.net\/wp-content\/uploads\/sites\/6\/2020\/10\/iBomber-Defense-Pacific-Campaign-Mission-10-Alligator-Creek-3-512x320.jpg 512w, https:\/\/ibomberdefensepacific.standardof.net\/wp-content\/uploads\/sites\/6\/2020\/10\/iBomber-Defense-Pacific-Campaign-Mission-10-Alligator-Creek-3-200x125.jpg 200w, https:\/\/ibomberdefensepacific.standardof.net\/wp-content\/uploads\/sites\/6\/2020\/10\/iBomber-Defense-Pacific-Campaign-Mission-10-Alligator-Creek-3-768x480.jpg 768w, https:\/\/ibomberdefensepacific.standardof.net\/wp-content\/uploads\/sites\/6\/2020\/10\/iBomber-Defense-Pacific-Campaign-Mission-10-Alligator-Creek-3-16x10.jpg 16w, https:\/\/ibomberdefensepacific.standardof.net\/wp-content\/uploads\/sites\/6\/2020\/10\/iBomber-Defense-Pacific-Campaign-Mission-10-Alligator-Creek-3.jpg 1280w\" sizes=\"(max-width: 800px) 100vw, 800px\" \/><\/a><figcaption class=\"blocks-gallery-item__caption\">Colocaci\u00f3n de la torreta Wave 8 en Alligator Creek.<\/figcaption><\/figure><\/li><li class=\"blocks-gallery-item\"><figure><a href=\"https:\/\/ibomberdefensepacific.standardof.net\/es\/guide\/campana-mision-10-alligator-creek-atalaya\/ibomber-defense-pacific-campaign-mission-10-alligator-creek-4\/\"><img decoding=\"async\" width=\"800\" height=\"500\" src=\"https:\/\/ibomberdefensepacific.standardof.net\/wp-content\/uploads\/sites\/6\/2020\/10\/iBomber-Defense-Pacific-Campaign-Mission-10-Alligator-Creek-4-800x500.jpg\" alt=\"&quot;iBomber Defense Pacific&quot; - Misi\u00f3n de campa\u00f1a 10 - &quot;Alligator Creek&quot; (4)\" data-id=\"79\" data-full-url=\"https:\/\/ibomberdefensepacific.standardof.net\/wp-content\/uploads\/sites\/6\/2020\/10\/iBomber-Defense-Pacific-Campaign-Mission-10-Alligator-Creek-4.jpg\" data-link=\"https:\/\/ibomberdefensepacific.standardof.net\/guide\/campaign-mission-10-alligator-creek-watchtower\/ibomber-defense-pacific-campaign-mission-10-alligator-creek-4\/\" class=\"wp-image-79\" srcset=\"https:\/\/ibomberdefensepacific.standardof.net\/wp-content\/uploads\/sites\/6\/2020\/10\/iBomber-Defense-Pacific-Campaign-Mission-10-Alligator-Creek-4-800x500.jpg 800w, https:\/\/ibomberdefensepacific.standardof.net\/wp-content\/uploads\/sites\/6\/2020\/10\/iBomber-Defense-Pacific-Campaign-Mission-10-Alligator-Creek-4-512x320.jpg 512w, https:\/\/ibomberdefensepacific.standardof.net\/wp-content\/uploads\/sites\/6\/2020\/10\/iBomber-Defense-Pacific-Campaign-Mission-10-Alligator-Creek-4-200x125.jpg 200w, https:\/\/ibomberdefensepacific.standardof.net\/wp-content\/uploads\/sites\/6\/2020\/10\/iBomber-Defense-Pacific-Campaign-Mission-10-Alligator-Creek-4-768x480.jpg 768w, https:\/\/ibomberdefensepacific.standardof.net\/wp-content\/uploads\/sites\/6\/2020\/10\/iBomber-Defense-Pacific-Campaign-Mission-10-Alligator-Creek-4-16x10.jpg 16w, https:\/\/ibomberdefensepacific.standardof.net\/wp-content\/uploads\/sites\/6\/2020\/10\/iBomber-Defense-Pacific-Campaign-Mission-10-Alligator-Creek-4.jpg 1280w\" sizes=\"(max-width: 800px) 100vw, 800px\" \/><\/a><figcaption class=\"blocks-gallery-item__caption\">Colocaci\u00f3n de la torreta Wave 16.<\/figcaption><\/figure><\/li><\/ul><\/figure>\n\n\n\n<p>Como se mencion\u00f3 anteriormente, la ubicaci\u00f3n de la torreta se centrar\u00e1 en un corredor de la muerte a lo largo de las dos l\u00edneas a cada lado del camino convergente, m\u00e1s el peque\u00f1o tramo de tierra al sur del punto de encuentro de los dos caminos principales en este mapa. Una cosa a tener en cuenta es que m\u00e1s adelante habr\u00e1 un contraataque en este nivel, por lo que debe evitar construir en los 3 primeros lugares a ambos lados del camino convergente justo al lado de su base, a excepci\u00f3n de alguna torreta bomba o dos. (Las razones de esto est\u00e1n cubiertas en la gu\u00eda de esa misi\u00f3n).<\/p>\n\n\n\n<p>Adem\u00e1s de colocar un par de ametralladoras, una a cada lado del interior de la W antes de la convergencia (para que protejan la base de tu objetivo secundario), construye ametralladoras, ca\u00f1ones y un par de lanzacohetes alrededor de este camino central. Coloque una sola torreta de lanzallamas en la esquina del punto de encuentro para obtener una gran zona de muerte. Aseg\u00farese de agregar soporte de comunicaciones con una cobertura lo m\u00e1s s\u00f3lida posible, y lo estar\u00e1 haciendo bien.<\/p>\n\n\n\n<div class=\"wp-block-image\"><figure class=\"aligncenter size-large\"><a href=\"https:\/\/ibomberdefensepacific.standardof.net\/es\/guide\/campana-mision-10-alligator-creek-atalaya\/ibomber-defense-pacific-campaign-mission-10-alligator-creek-5\/\"><img decoding=\"async\" width=\"800\" height=\"500\" src=\"https:\/\/ibomberdefensepacific.standardof.net\/wp-content\/uploads\/sites\/6\/2020\/10\/iBomber-Defense-Pacific-Campaign-Mission-10-Alligator-Creek-5-800x500.jpg\" alt=\"&quot;iBomber Defense Pacific&quot; - Misi\u00f3n de campa\u00f1a 10 - &quot;Alligator Creek&quot; (5)\" class=\"wp-image-80\" srcset=\"https:\/\/ibomberdefensepacific.standardof.net\/wp-content\/uploads\/sites\/6\/2020\/10\/iBomber-Defense-Pacific-Campaign-Mission-10-Alligator-Creek-5-800x500.jpg 800w, https:\/\/ibomberdefensepacific.standardof.net\/wp-content\/uploads\/sites\/6\/2020\/10\/iBomber-Defense-Pacific-Campaign-Mission-10-Alligator-Creek-5-512x320.jpg 512w, https:\/\/ibomberdefensepacific.standardof.net\/wp-content\/uploads\/sites\/6\/2020\/10\/iBomber-Defense-Pacific-Campaign-Mission-10-Alligator-Creek-5-200x125.jpg 200w, https:\/\/ibomberdefensepacific.standardof.net\/wp-content\/uploads\/sites\/6\/2020\/10\/iBomber-Defense-Pacific-Campaign-Mission-10-Alligator-Creek-5-768x480.jpg 768w, https:\/\/ibomberdefensepacific.standardof.net\/wp-content\/uploads\/sites\/6\/2020\/10\/iBomber-Defense-Pacific-Campaign-Mission-10-Alligator-Creek-5-16x10.jpg 16w, https:\/\/ibomberdefensepacific.standardof.net\/wp-content\/uploads\/sites\/6\/2020\/10\/iBomber-Defense-Pacific-Campaign-Mission-10-Alligator-Creek-5.jpg 1280w\" sizes=\"(max-width: 800px) 100vw, 800px\" \/><\/a><figcaption>Colocaci\u00f3n de la torreta Wave 24.<\/figcaption><\/figure><\/div>\n\n\n\n<hr class=\"wp-block-separator is-style-wide\"\/>\n\n\n\n<h3 class=\"has-text-align-center wp-block-heading\" id=\"4-veteran-difficulty-video-guide\">Gu\u00eda de video de dificultad para veteranos<\/h3>\n\n\n\n<figure class=\"wp-block-embed-youtube wp-block-embed is-type-video is-provider-youtube wp-embed-aspect-16-9 wp-has-aspect-ratio\"><div class=\"wp-block-embed__wrapper\">\n<div class=\"ast-oembed-container\" style=\"height: 100%;\"><iframe title=\"Alligator Creek - M10 iBomber Defense Pacific - Recorrido completo para veteranos\" width=\"500\" height=\"375\" src=\"https:\/\/www.youtube.com\/embed\/1GWjWMY_Mo4?feature=oembed\" frameborder=\"0\" allow=\"accelerometer; autoplay; clipboard-write; encrypted-media; gyroscope; picture-in-picture; web-share\" referrerpolicy=\"strict-origin-when-cross-origin\" allowfullscreen><\/iframe><\/div>\n<\/div><\/figure>","protected":false},"excerpt":{"rendered":"<p>Alligator Creek: Watchtower Protect supply routes between the U.S., Australia and New Zealand by holding position in the Solomons. In Alligator Creek, you will be protecting your base at the top central path from a pair of ground paths that curve from either side in the shape of a W. Defense will focus on the [&hellip;]<\/p>","protected":false},"author":1,"featured_media":80,"parent":164,"menu_order":10,"comment_status":"open","ping_status":"closed","template":"","meta":{"_uag_custom_page_level_css":"","site-sidebar-layout":"default","site-content-layout":"default","ast-site-content-layout":"","site-content-style":"default","site-sidebar-style":"default","ast-global-header-display":"","ast-banner-title-visibility":"","ast-main-header-display":"","ast-hfb-above-header-display":"","ast-hfb-below-header-display":"","ast-hfb-mobile-header-display":"","site-post-title":"","ast-breadcrumbs-content":"","ast-featured-img":"","footer-sml-layout":"","theme-transparent-header-meta":"default","adv-header-id-meta":"","stick-header-meta":"","header-above-stick-meta":"","header-main-stick-meta":"","header-below-stick-meta":"","astra-migrate-meta-layouts":"default","ast-page-background-enabled":"default","ast-page-background-meta":{"desktop":{"background-color":"","background-image":"","background-repeat":"repeat","background-position":"center center","background-size":"auto","background-attachment":"scroll","background-type":"","background-media":"","overlay-type":"","overlay-color":"","overlay-gradient":""},"tablet":{"background-color":"","background-image":"","background-repeat":"repeat","background-position":"center center","background-size":"auto","background-attachment":"scroll","background-type":"","background-media":"","overlay-type":"","overlay-color":"","overlay-gradient":""},"mobile":{"background-color":"","background-image":"","background-repeat":"repeat","background-position":"center center","background-size":"auto","background-attachment":"scroll","background-type":"","background-media":"","overlay-type":"","overlay-color":"","overlay-gradient":""}},"ast-content-background-meta":{"desktop":{"background-color":"var(--ast-global-color-5)","background-image":"","background-repeat":"repeat","background-position":"center center","background-size":"auto","background-attachment":"scroll","background-type":"","background-media":"","overlay-type":"","overlay-color":"","overlay-gradient":""},"tablet":{"background-color":"var(--ast-global-color-5)","background-image":"","background-repeat":"repeat","background-position":"center center","background-size":"auto","background-attachment":"scroll","background-type":"","background-media":"","overlay-type":"","overlay-color":"","overlay-gradient":""},"mobile":{"background-color":"var(--ast-global-color-5)","background-image":"","background-repeat":"repeat","background-position":"center center","background-size":"auto","background-attachment":"scroll","background-type":"","background-media":"","overlay-type":"","overlay-color":"","overlay-gradient":""}},"footnotes":""},"uagb_featured_image_src":{"full":["https:\/\/ibomberdefensepacific.standardof.net\/wp-content\/uploads\/sites\/6\/2020\/10\/iBomber-Defense-Pacific-Campaign-Mission-10-Alligator-Creek-5.jpg",1280,800,false],"thumbnail":["https:\/\/ibomberdefensepacific.standardof.net\/wp-content\/uploads\/sites\/6\/2020\/10\/iBomber-Defense-Pacific-Campaign-Mission-10-Alligator-Creek-5-200x125.jpg",200,125,true],"medium":["https:\/\/ibomberdefensepacific.standardof.net\/wp-content\/uploads\/sites\/6\/2020\/10\/iBomber-Defense-Pacific-Campaign-Mission-10-Alligator-Creek-5-512x320.jpg",512,320,true],"medium_large":["https:\/\/ibomberdefensepacific.standardof.net\/wp-content\/uploads\/sites\/6\/2020\/10\/iBomber-Defense-Pacific-Campaign-Mission-10-Alligator-Creek-5-768x480.jpg",768,480,true],"large":["https:\/\/ibomberdefensepacific.standardof.net\/wp-content\/uploads\/sites\/6\/2020\/10\/iBomber-Defense-Pacific-Campaign-Mission-10-Alligator-Creek-5-800x500.jpg",800,500,true],"1536x1536":["https:\/\/ibomberdefensepacific.standardof.net\/wp-content\/uploads\/sites\/6\/2020\/10\/iBomber-Defense-Pacific-Campaign-Mission-10-Alligator-Creek-5.jpg",1280,800,false],"2048x2048":["https:\/\/ibomberdefensepacific.standardof.net\/wp-content\/uploads\/sites\/6\/2020\/10\/iBomber-Defense-Pacific-Campaign-Mission-10-Alligator-Creek-5.jpg",1280,800,false],"trp-custom-language-flag":["https:\/\/ibomberdefensepacific.standardof.net\/wp-content\/uploads\/sites\/6\/2020\/10\/iBomber-Defense-Pacific-Campaign-Mission-10-Alligator-Creek-5-16x10.jpg",16,10,true]},"uagb_author_info":{"display_name":"SOE","author_link":"https:\/\/ibomberdefensepacific.standardof.net\/es\/author\/k-tastic\/"},"uagb_comment_info":0,"uagb_excerpt":"Alligator Creek: Watchtower Protect supply routes between the U.S., Australia and New Zealand by holding position in the Solomons. In Alligator Creek, you will be protecting your base at the top central path from a pair of ground paths that curve from either side in the shape of a W. Defense will focus on the&hellip;","_links":{"self":[{"href":"https:\/\/ibomberdefensepacific.standardof.net\/es\/wp-json\/wp\/v2\/pages\/207"}],"collection":[{"href":"https:\/\/ibomberdefensepacific.standardof.net\/es\/wp-json\/wp\/v2\/pages"}],"about":[{"href":"https:\/\/ibomberdefensepacific.standardof.net\/es\/wp-json\/wp\/v2\/types\/page"}],"author":[{"embeddable":true,"href":"https:\/\/ibomberdefensepacific.standardof.net\/es\/wp-json\/wp\/v2\/users\/1"}],"replies":[{"embeddable":true,"href":"https:\/\/ibomberdefensepacific.standardof.net\/es\/wp-json\/wp\/v2\/comments?post=207"}],"version-history":[{"count":0,"href":"https:\/\/ibomberdefensepacific.standardof.net\/es\/wp-json\/wp\/v2\/pages\/207\/revisions"}],"up":[{"embeddable":true,"href":"https:\/\/ibomberdefensepacific.standardof.net\/es\/wp-json\/wp\/v2\/pages\/164"}],"wp:featuredmedia":[{"embeddable":true,"href":"https:\/\/ibomberdefensepacific.standardof.net\/es\/wp-json\/wp\/v2\/media\/80"}],"wp:attachment":[{"href":"https:\/\/ibomberdefensepacific.standardof.net\/es\/wp-json\/wp\/v2\/media?parent=207"}],"curies":[{"name":"wp","href":"https:\/\/api.w.org\/{rel}","templated":true}]}}