{"id":199,"date":"2020-10-21T13:32:06","date_gmt":"2020-10-21T13:32:06","guid":{"rendered":"https:\/\/ibomberdefensepacific.standardof.net\/?page_id=199"},"modified":"2020-10-21T17:21:04","modified_gmt":"2020-10-21T17:21:04","slug":"campaign-mission-08-operation-mai-counterattack","status":"publish","type":"page","link":"https:\/\/ibomberdefensepacific.standardof.net\/es\/guide\/campana-mision-08-operacion-mai-contraataque\/","title":{"rendered":"Misi\u00f3n de campa\u00f1a 08: Contraataque de la &quot;Operaci\u00f3n Mai&quot;"},"content":{"rendered":"<h2 class=\"wp-block-heading\">Operaci\u00f3n Mai: Contraataque<\/h2>\n\n\n\n<div class=\"wp-block-image\"><figure class=\"aligncenter size-large\"><a href=\"https:\/\/ibomberdefensepacific.standardof.net\/es\/guide\/campana-mision-08-operacion-mai-contraataque\/ibomber-defense-pacific-campaign-mission-08-operation-mai-1-copy\/\"><img decoding=\"async\" width=\"800\" height=\"500\" src=\"https:\/\/ibomberdefensepacific.standardof.net\/wp-content\/uploads\/sites\/6\/2020\/10\/iBomber-Defense-Pacific-Campaign-Mission-08-Operation-Mai-1-copy-800x500.jpg\" alt=\"&quot;iBomber Defense Pacific&quot; - Misi\u00f3n de campa\u00f1a 08 - &quot;Operaci\u00f3n Mai&quot; (1)\" class=\"wp-image-69\" srcset=\"https:\/\/ibomberdefensepacific.standardof.net\/wp-content\/uploads\/sites\/6\/2020\/10\/iBomber-Defense-Pacific-Campaign-Mission-08-Operation-Mai-1-copy-800x500.jpg 800w, https:\/\/ibomberdefensepacific.standardof.net\/wp-content\/uploads\/sites\/6\/2020\/10\/iBomber-Defense-Pacific-Campaign-Mission-08-Operation-Mai-1-copy-512x320.jpg 512w, https:\/\/ibomberdefensepacific.standardof.net\/wp-content\/uploads\/sites\/6\/2020\/10\/iBomber-Defense-Pacific-Campaign-Mission-08-Operation-Mai-1-copy-200x125.jpg 200w, https:\/\/ibomberdefensepacific.standardof.net\/wp-content\/uploads\/sites\/6\/2020\/10\/iBomber-Defense-Pacific-Campaign-Mission-08-Operation-Mai-1-copy-768x480.jpg 768w, https:\/\/ibomberdefensepacific.standardof.net\/wp-content\/uploads\/sites\/6\/2020\/10\/iBomber-Defense-Pacific-Campaign-Mission-08-Operation-Mai-1-copy-16x10.jpg 16w, https:\/\/ibomberdefensepacific.standardof.net\/wp-content\/uploads\/sites\/6\/2020\/10\/iBomber-Defense-Pacific-Campaign-Mission-08-Operation-Mai-1-copy.jpg 1280w\" sizes=\"(max-width: 800px) 100vw, 800px\" \/><\/a><figcaption>Los caminos de las olas enemigas en la misi\u00f3n Operaci\u00f3n Mai en &quot;iBomber Defense Pacific&quot;.<\/figcaption><\/figure><\/div>\n\n\n\n<p><em>No dejes que las pistas de aterrizaje vitales caigan en manos del enemigo.<\/em><\/p>\n\n\n\n<p>Operation Mai es la primera misi\u00f3n de contraataque en <em>iBomber Defense Pacific<\/em>La campa\u00f1a, siendo bastante similar al concepto del juego anterior de regresar a un campo de batalla anterior para otra ronda. En este nivel, volver\u00e1s a <strong><a href=\"https:\/\/ibomberdefensepacific.standardof.net\/es\/guide\/campana-mision-05-atolon-medio-ataque-mar\/\" class=\"rank-math-link\">Atol\u00f3n de Midway<\/a><\/strong>, excepto que ahora est\u00e1s luchando contra enemigos tanto del suelo como del mar durante 20 oleadas. La pantalla est\u00e1 compensada con respecto a la vez anterior que estuviste aqu\u00ed, pero la mayor\u00eda de tus defensas permanecer\u00e1n en la pelea, comenzando fuerte.<\/p>\n\n\n\n<p>Debido a la forma en que funcionan los contraataques, es importante que te asegures de terminar las misiones lo mejor posible, ya que terminar una con mal pie puede hacer que falles cuando regreses para el contraataque. Esto se vuelve especialmente importante en los niveles posteriores, cuando los enemigos a los que te enfrentas se vuelven incre\u00edblemente fuertes y requieren un fuerte fuego coordinado para derribarlos.<\/p>\n\n\n\n<p>Una cosa que puede resultar confusa (pero es importante recordarla) es que no siempre regresas a la misi\u00f3n m\u00e1s reciente para contraatacar. A veces, como en este caso, retrocede 2 o m\u00e1s niveles desde donde estaba en la campa\u00f1a.<\/p>\n\n\n\n<p>Esta gu\u00eda cubrir\u00e1 c\u00f3mo conseguir un Full House, que es una ronda perfecta con todas las medallas y 20 puntos de victoria, en el nivel Operation Mai Counterattack del <em>iBomber Defense Pacific<\/em> campa\u00f1a, jugado en dificultad Veterano. Adem\u00e1s, esta gu\u00eda de misi\u00f3n tambi\u00e9n cubrir\u00e1 el objetivo secundario y proporcionar\u00e1 un video tutorial.<\/p>\n\n\n\t\t\t\t<div class=\"wp-block-uagb-table-of-contents uagb-toc__align-left uagb-toc__columns-1  uagb-block-fcbd21ad\"\n\t\t\t\t\tdata-scroll= \"1\"\n\t\t\t\t\tdata-offset= \"30\"\n\t\t\t\t\tstyle=\"\"\n\t\t\t\t>\n\t\t\t\t<div class=\"uagb-toc__wrap\">\n\t\t\t\t\t\t<div class=\"uagb-toc__title\">\n\t\t\t\t\t\t\tNavegaci\u00f3n de la gu\u00eda de recorrido:\t\t\t\t\t\t<\/div>\n\t\t\t\t\t\t\t\t\t\t\t\t\t\t\t\t<div class=\"uagb-toc__list-wrap\">\n\t\t\t\t\t\t<ol class=\"uagb-toc__list\"><li class=\"uagb-toc__list\"><a href=\"#secondary-objective\" class=\"uagb-toc-link__trigger\">Objetivo secundario<\/a><li class=\"uagb-toc__list\"><a href=\"#perks-used-for-this-mission\" class=\"uagb-toc-link__trigger\">Beneficios utilizados para esta misi\u00f3n:<\/a><li class=\"uagb-toc__list\"><a href=\"#hidden-target\" class=\"uagb-toc-link__trigger\">Objetivo oculto<\/a><li class=\"uagb-toc__list\"><a href=\"#turret-placement\" class=\"uagb-toc-link__trigger\">Colocaci\u00f3n de la torreta<\/a><li class=\"uagb-toc__list\"><a href=\"#veteran-difficulty-video-guide\" class=\"uagb-toc-link__trigger\">Gu\u00eda de video de dificultad para veteranos<\/a><\/ol>\t\t\t\t\t<\/div>\n\t\t\t\t\t\t\t\t\t<\/div>\n\t\t\t\t<\/div>\n\t\t\t\n\n\n<hr class=\"wp-block-separator is-style-wide\"\/>\n\n\n\n<h3 class=\"wp-block-heading\">Objetivo secundario<\/h3>\n\n\n\n<p><em>Proteja sus aviones.<\/em><\/p>\n\n\n\n<p>Hay varias alas de aviones de combate estacionados en el suelo en el lado izquierdo del mapa, a lo largo de los caminos de las unidades terrestres enemigas. A trav\u00e9s de la ubicaci\u00f3n estrat\u00e9gica de la torreta, deber\u00e1 protegerlos del da\u00f1o, adem\u00e1s de tener mucho cuidado en el lugar donde arroja sus bombas. Solo es necesario mantener vivos a unos pocos, ya que hay muchos que salvar.<\/p>\n\n\n\n<p><strong>Cajas de suministro:<\/strong> 4<\/p>\n\n\n\n<p><strong>Puntos de victoria hasta ahora:<\/strong> 140<\/p>\n\n\n\n<ul><li>Ametralladora lvl 3<br><sup>X2 Power vs Especializaci\u00f3n flameada<\/sup><\/li><li>Ca\u00f1\u00f3n lvl 3<\/li><li>Bomba lvl 2<\/li><li>Flamer lvl 2<\/li><li>Comunicaciones lvl 3<\/li><\/ul>\n\n\n\n<hr class=\"wp-block-separator is-style-wide\"\/>\n\n\n\n<h3 class=\"wp-block-heading\">Beneficios utilizados para esta misi\u00f3n:<\/h3>\n\n\n\n<ul><li>D\u00f3lar I<\/li><li>Ojo de \u00e1guila I<\/li><li>La entrega especial<\/li><\/ul>\n\n\n\n<p>La entrega especial es probablemente la m\u00e1s potencialmente intercambiable, ya que Fast Fingers ser\u00eda otra excelente opci\u00f3n considerando que solo hay 4 cajas en este nivel; sin embargo, Eagle Eye es importante para el movimiento r\u00e1pido entre objetivos necesarios para cuando aparecen algunos de los ataques furtivos. Como siempre, el billete verde es una actualizaci\u00f3n bastante necesaria para facilitarnos las cosas en t\u00e9rminos financieros.<\/p>\n\n\n\n<hr class=\"wp-block-separator is-style-wide\"\/>\n\n\n\n<h3 class=\"wp-block-heading\">Objetivo oculto<\/h3>\n\n\n\n<p>No hay ning\u00fan objetivo oculto en la Operaci\u00f3n Mai. Dado que es una misi\u00f3n de contraataque, t\u00e9cnicamente ya te encargaste del objetivo oculto la \u00faltima vez que estuviste aqu\u00ed. Esto es lo mismo para todas las dem\u00e1s misiones de contraataque.<\/p>\n\n\n\n<hr class=\"wp-block-separator is-style-wide\"\/>\n\n\n\n<h3 class=\"wp-block-heading\">Colocaci\u00f3n de la torreta<\/h3>\n\n\n\n<figure class=\"wp-block-gallery columns-2 is-cropped wp-block-gallery-1 is-layout-flex wp-block-gallery-is-layout-flex\"><ul class=\"blocks-gallery-grid\"><li class=\"blocks-gallery-item\"><figure><a href=\"https:\/\/ibomberdefensepacific.standardof.net\/es\/guide\/campana-mision-08-operacion-mai-contraataque\/ibomber-defense-pacific-campaign-mission-08-operation-mai-2\/\"><img decoding=\"async\" width=\"800\" height=\"500\" src=\"https:\/\/ibomberdefensepacific.standardof.net\/wp-content\/uploads\/sites\/6\/2020\/10\/iBomber-Defense-Pacific-Campaign-Mission-08-Operation-Mai-2-800x500.jpg\" alt=\"&quot;iBomber Defense Pacific&quot; - Misi\u00f3n de campa\u00f1a 08 - &quot;Operaci\u00f3n Mai&quot; (2)\" data-id=\"70\" data-full-url=\"https:\/\/ibomberdefensepacific.standardof.net\/wp-content\/uploads\/sites\/6\/2020\/10\/iBomber-Defense-Pacific-Campaign-Mission-08-Operation-Mai-2.jpg\" data-link=\"https:\/\/ibomberdefensepacific.standardof.net\/guide\/campaign-mission-08-operation-mai-counterattack\/ibomber-defense-pacific-campaign-mission-08-operation-mai-2\/\" class=\"wp-image-70\" srcset=\"https:\/\/ibomberdefensepacific.standardof.net\/wp-content\/uploads\/sites\/6\/2020\/10\/iBomber-Defense-Pacific-Campaign-Mission-08-Operation-Mai-2-800x500.jpg 800w, https:\/\/ibomberdefensepacific.standardof.net\/wp-content\/uploads\/sites\/6\/2020\/10\/iBomber-Defense-Pacific-Campaign-Mission-08-Operation-Mai-2-512x320.jpg 512w, https:\/\/ibomberdefensepacific.standardof.net\/wp-content\/uploads\/sites\/6\/2020\/10\/iBomber-Defense-Pacific-Campaign-Mission-08-Operation-Mai-2-200x125.jpg 200w, https:\/\/ibomberdefensepacific.standardof.net\/wp-content\/uploads\/sites\/6\/2020\/10\/iBomber-Defense-Pacific-Campaign-Mission-08-Operation-Mai-2-768x480.jpg 768w, https:\/\/ibomberdefensepacific.standardof.net\/wp-content\/uploads\/sites\/6\/2020\/10\/iBomber-Defense-Pacific-Campaign-Mission-08-Operation-Mai-2-16x10.jpg 16w, https:\/\/ibomberdefensepacific.standardof.net\/wp-content\/uploads\/sites\/6\/2020\/10\/iBomber-Defense-Pacific-Campaign-Mission-08-Operation-Mai-2.jpg 1280w\" sizes=\"(max-width: 800px) 100vw, 800px\" \/><\/a><figcaption class=\"blocks-gallery-item__caption\">Colocaci\u00f3n de la torreta Wave 10 en la Operaci\u00f3n Mai. <\/figcaption><\/figure><\/li><li class=\"blocks-gallery-item\"><figure><a href=\"https:\/\/ibomberdefensepacific.standardof.net\/es\/guide\/campana-mision-08-operacion-mai-contraataque\/ibomber-defense-pacific-campaign-mission-08-operation-mai-3\/\"><img decoding=\"async\" width=\"800\" height=\"500\" src=\"https:\/\/ibomberdefensepacific.standardof.net\/wp-content\/uploads\/sites\/6\/2020\/10\/iBomber-Defense-Pacific-Campaign-Mission-08-Operation-Mai-3-800x500.jpg\" alt=\"&quot;iBomber Defense Pacific&quot; - Misi\u00f3n de campa\u00f1a 08 - &quot;Operaci\u00f3n Mai&quot; (3)\" data-id=\"71\" data-full-url=\"https:\/\/ibomberdefensepacific.standardof.net\/wp-content\/uploads\/sites\/6\/2020\/10\/iBomber-Defense-Pacific-Campaign-Mission-08-Operation-Mai-3.jpg\" data-link=\"https:\/\/ibomberdefensepacific.standardof.net\/guide\/campaign-mission-08-operation-mai-counterattack\/ibomber-defense-pacific-campaign-mission-08-operation-mai-3\/\" class=\"wp-image-71\" srcset=\"https:\/\/ibomberdefensepacific.standardof.net\/wp-content\/uploads\/sites\/6\/2020\/10\/iBomber-Defense-Pacific-Campaign-Mission-08-Operation-Mai-3-800x500.jpg 800w, https:\/\/ibomberdefensepacific.standardof.net\/wp-content\/uploads\/sites\/6\/2020\/10\/iBomber-Defense-Pacific-Campaign-Mission-08-Operation-Mai-3-512x320.jpg 512w, https:\/\/ibomberdefensepacific.standardof.net\/wp-content\/uploads\/sites\/6\/2020\/10\/iBomber-Defense-Pacific-Campaign-Mission-08-Operation-Mai-3-200x125.jpg 200w, https:\/\/ibomberdefensepacific.standardof.net\/wp-content\/uploads\/sites\/6\/2020\/10\/iBomber-Defense-Pacific-Campaign-Mission-08-Operation-Mai-3-768x480.jpg 768w, https:\/\/ibomberdefensepacific.standardof.net\/wp-content\/uploads\/sites\/6\/2020\/10\/iBomber-Defense-Pacific-Campaign-Mission-08-Operation-Mai-3-16x10.jpg 16w, https:\/\/ibomberdefensepacific.standardof.net\/wp-content\/uploads\/sites\/6\/2020\/10\/iBomber-Defense-Pacific-Campaign-Mission-08-Operation-Mai-3.jpg 1280w\" sizes=\"(max-width: 800px) 100vw, 800px\" \/><\/a><figcaption class=\"blocks-gallery-item__caption\">Colocaci\u00f3n de la torreta Wave 20.<\/figcaption><\/figure><\/li><\/ul><\/figure>\n\n\n\n<p>La colocaci\u00f3n de la torreta aqu\u00ed en la Operaci\u00f3n Mai se centrar\u00e1 principalmente en construir una defensa terrestre sustancial a lo largo de las 2 l\u00edneas de ondas terrestres mientras se invierte una peque\u00f1a cantidad en la isla que cubre la ruta naval. Consulte la gu\u00eda del Atol\u00f3n Midway vinculada anteriormente si desea saber m\u00e1s sobre las torretas con las que comienza este nivel, que se trasladan desde el final de esa misi\u00f3n.<\/p>\n\n\n\n<p>Como se ve en las dos im\u00e1genes de arriba, hay 2 l\u00edneas en las que desea hacer sus torretas terrestres, lo que ayuda a proporcionar un escudo para proteger las mismas l\u00edneas de aviones estacionados alrededor de su base para el objetivo secundario. Las bombas se mantendr\u00e1n mejor para cuando aparezcan los ataques furtivos, ya que provienen de muchas direcciones y con bastante frecuencia aqu\u00ed. Finalmente, intente acumular un gran inter\u00e9s cuando sea posible, ya que este nivel definitivamente presenta algunas oportunidades para ello, lo que posteriormente reforzar\u00e1 sus opciones defensivas.<\/p>\n\n\n\n<hr class=\"wp-block-separator is-style-wide\"\/>\n\n\n\n<h3 class=\"has-text-align-center wp-block-heading\" id=\"4-veteran-difficulty-video-guide\">Gu\u00eda de video de dificultad para veteranos<\/h3>\n\n\n\n<figure class=\"wp-block-embed-youtube wp-block-embed is-type-video is-provider-youtube wp-embed-aspect-16-9 wp-has-aspect-ratio\"><div class=\"wp-block-embed__wrapper\">\n<div class=\"ast-oembed-container\" style=\"height: 100%;\"><iframe title=\"Operaci\u00f3n Mai - M8 iBomber Defense Pacific - Recorrido completo para veteranos\" width=\"500\" height=\"375\" src=\"https:\/\/www.youtube.com\/embed\/NO4H2rDcIeI?feature=oembed\" frameborder=\"0\" allow=\"accelerometer; autoplay; clipboard-write; encrypted-media; gyroscope; picture-in-picture; web-share\" referrerpolicy=\"strict-origin-when-cross-origin\" allowfullscreen><\/iframe><\/div>\n<\/div><\/figure>","protected":false},"excerpt":{"rendered":"<p>Operation Mai: Counterattack Don&#8217;t let vital airstrips fall into enemy hands. Operation Mai is the first counterattack mission in iBomber Defense Pacific&#8216;s campaign, being quite similar to the previous game&#8217;s concept of returning to a previous battlefield for another round. In this level, you will return to Midway Atoll, except now you&#8217;re fighting enemies from [&hellip;]<\/p>","protected":false},"author":1,"featured_media":71,"parent":164,"menu_order":8,"comment_status":"open","ping_status":"closed","template":"","meta":{"_uag_custom_page_level_css":"","site-sidebar-layout":"default","site-content-layout":"default","ast-site-content-layout":"","site-content-style":"default","site-sidebar-style":"default","ast-global-header-display":"","ast-banner-title-visibility":"","ast-main-header-display":"","ast-hfb-above-header-display":"","ast-hfb-below-header-display":"","ast-hfb-mobile-header-display":"","site-post-title":"","ast-breadcrumbs-content":"","ast-featured-img":"","footer-sml-layout":"","theme-transparent-header-meta":"default","adv-header-id-meta":"","stick-header-meta":"","header-above-stick-meta":"","header-main-stick-meta":"","header-below-stick-meta":"","astra-migrate-meta-layouts":"default","ast-page-background-enabled":"default","ast-page-background-meta":{"desktop":{"background-color":"","background-image":"","background-repeat":"repeat","background-position":"center center","background-size":"auto","background-attachment":"scroll","background-type":"","background-media":"","overlay-type":"","overlay-color":"","overlay-gradient":""},"tablet":{"background-color":"","background-image":"","background-repeat":"repeat","background-position":"center center","background-size":"auto","background-attachment":"scroll","background-type":"","background-media":"","overlay-type":"","overlay-color":"","overlay-gradient":""},"mobile":{"background-color":"","background-image":"","background-repeat":"repeat","background-position":"center center","background-size":"auto","background-attachment":"scroll","background-type":"","background-media":"","overlay-type":"","overlay-color":"","overlay-gradient":""}},"ast-content-background-meta":{"desktop":{"background-color":"var(--ast-global-color-5)","background-image":"","background-repeat":"repeat","background-position":"center center","background-size":"auto","background-attachment":"scroll","background-type":"","background-media":"","overlay-type":"","overlay-color":"","overlay-gradient":""},"tablet":{"background-color":"var(--ast-global-color-5)","background-image":"","background-repeat":"repeat","background-position":"center center","background-size":"auto","background-attachment":"scroll","background-type":"","background-media":"","overlay-type":"","overlay-color":"","overlay-gradient":""},"mobile":{"background-color":"var(--ast-global-color-5)","background-image":"","background-repeat":"repeat","background-position":"center center","background-size":"auto","background-attachment":"scroll","background-type":"","background-media":"","overlay-type":"","overlay-color":"","overlay-gradient":""}},"footnotes":""},"uagb_featured_image_src":{"full":["https:\/\/ibomberdefensepacific.standardof.net\/wp-content\/uploads\/sites\/6\/2020\/10\/iBomber-Defense-Pacific-Campaign-Mission-08-Operation-Mai-3.jpg",1280,800,false],"thumbnail":["https:\/\/ibomberdefensepacific.standardof.net\/wp-content\/uploads\/sites\/6\/2020\/10\/iBomber-Defense-Pacific-Campaign-Mission-08-Operation-Mai-3-200x125.jpg",200,125,true],"medium":["https:\/\/ibomberdefensepacific.standardof.net\/wp-content\/uploads\/sites\/6\/2020\/10\/iBomber-Defense-Pacific-Campaign-Mission-08-Operation-Mai-3-512x320.jpg",512,320,true],"medium_large":["https:\/\/ibomberdefensepacific.standardof.net\/wp-content\/uploads\/sites\/6\/2020\/10\/iBomber-Defense-Pacific-Campaign-Mission-08-Operation-Mai-3-768x480.jpg",768,480,true],"large":["https:\/\/ibomberdefensepacific.standardof.net\/wp-content\/uploads\/sites\/6\/2020\/10\/iBomber-Defense-Pacific-Campaign-Mission-08-Operation-Mai-3-800x500.jpg",800,500,true],"1536x1536":["https:\/\/ibomberdefensepacific.standardof.net\/wp-content\/uploads\/sites\/6\/2020\/10\/iBomber-Defense-Pacific-Campaign-Mission-08-Operation-Mai-3.jpg",1280,800,false],"2048x2048":["https:\/\/ibomberdefensepacific.standardof.net\/wp-content\/uploads\/sites\/6\/2020\/10\/iBomber-Defense-Pacific-Campaign-Mission-08-Operation-Mai-3.jpg",1280,800,false],"trp-custom-language-flag":["https:\/\/ibomberdefensepacific.standardof.net\/wp-content\/uploads\/sites\/6\/2020\/10\/iBomber-Defense-Pacific-Campaign-Mission-08-Operation-Mai-3-16x10.jpg",16,10,true]},"uagb_author_info":{"display_name":"SOE","author_link":"https:\/\/ibomberdefensepacific.standardof.net\/es\/author\/k-tastic\/"},"uagb_comment_info":0,"uagb_excerpt":"Operation Mai: Counterattack Don&#8217;t let vital airstrips fall into enemy hands. Operation Mai is the first counterattack mission in iBomber Defense Pacific&#8216;s campaign, being quite similar to the previous game&#8217;s concept of returning to a previous battlefield for another round. In this level, you will return to Midway Atoll, except now you&#8217;re fighting enemies from&hellip;","_links":{"self":[{"href":"https:\/\/ibomberdefensepacific.standardof.net\/es\/wp-json\/wp\/v2\/pages\/199"}],"collection":[{"href":"https:\/\/ibomberdefensepacific.standardof.net\/es\/wp-json\/wp\/v2\/pages"}],"about":[{"href":"https:\/\/ibomberdefensepacific.standardof.net\/es\/wp-json\/wp\/v2\/types\/page"}],"author":[{"embeddable":true,"href":"https:\/\/ibomberdefensepacific.standardof.net\/es\/wp-json\/wp\/v2\/users\/1"}],"replies":[{"embeddable":true,"href":"https:\/\/ibomberdefensepacific.standardof.net\/es\/wp-json\/wp\/v2\/comments?post=199"}],"version-history":[{"count":0,"href":"https:\/\/ibomberdefensepacific.standardof.net\/es\/wp-json\/wp\/v2\/pages\/199\/revisions"}],"up":[{"embeddable":true,"href":"https:\/\/ibomberdefensepacific.standardof.net\/es\/wp-json\/wp\/v2\/pages\/164"}],"wp:featuredmedia":[{"embeddable":true,"href":"https:\/\/ibomberdefensepacific.standardof.net\/es\/wp-json\/wp\/v2\/media\/71"}],"wp:attachment":[{"href":"https:\/\/ibomberdefensepacific.standardof.net\/es\/wp-json\/wp\/v2\/media?parent=199"}],"curies":[{"name":"wp","href":"https:\/\/api.w.org\/{rel}","templated":true}]}}