{"id":196,"date":"2020-10-21T13:31:09","date_gmt":"2020-10-21T13:31:09","guid":{"rendered":"https:\/\/ibomberdefensepacific.standardof.net\/?page_id=196"},"modified":"2020-10-21T17:20:32","modified_gmt":"2020-10-21T17:20:32","slug":"campaign-mission-05-midway-atoll-sea-attack","status":"publish","type":"page","link":"https:\/\/ibomberdefensepacific.standardof.net\/es\/guide\/campana-mision-05-atolon-medio-ataque-mar\/","title":{"rendered":"Misi\u00f3n de campa\u00f1a 05: \u00a1Ataque mar\u00edtimo del \u201cAtol\u00f3n Midway\u201d!"},"content":{"rendered":"<h2 class=\"wp-block-heading\">Atol\u00f3n de Midway: \u00a1Ataque mar\u00edtimo!<\/h2>\n\n\n\n<div class=\"wp-block-image\"><figure class=\"aligncenter size-large\"><a href=\"https:\/\/ibomberdefensepacific.standardof.net\/es\/guide\/campana-mision-05-atolon-medio-ataque-mar\/ibomber-defense-pacific-campaign-mission-05-midway-atoll-1\/\"><img decoding=\"async\" width=\"800\" height=\"450\" src=\"https:\/\/ibomberdefensepacific.standardof.net\/wp-content\/uploads\/sites\/6\/2020\/10\/iBomber-Defense-Pacific-Campaign-Mission-05-Midway-Atoll-1-800x450.jpg\" alt=\"&quot;iBomber Defense Pacific&quot; - Misi\u00f3n de campa\u00f1a 05 - &quot;Atol\u00f3n Midway&quot; (1)\" class=\"wp-image-55\" srcset=\"https:\/\/ibomberdefensepacific.standardof.net\/wp-content\/uploads\/sites\/6\/2020\/10\/iBomber-Defense-Pacific-Campaign-Mission-05-Midway-Atoll-1-800x450.jpg 800w, https:\/\/ibomberdefensepacific.standardof.net\/wp-content\/uploads\/sites\/6\/2020\/10\/iBomber-Defense-Pacific-Campaign-Mission-05-Midway-Atoll-1-512x288.jpg 512w, https:\/\/ibomberdefensepacific.standardof.net\/wp-content\/uploads\/sites\/6\/2020\/10\/iBomber-Defense-Pacific-Campaign-Mission-05-Midway-Atoll-1-200x113.jpg 200w, https:\/\/ibomberdefensepacific.standardof.net\/wp-content\/uploads\/sites\/6\/2020\/10\/iBomber-Defense-Pacific-Campaign-Mission-05-Midway-Atoll-1-768x432.jpg 768w, https:\/\/ibomberdefensepacific.standardof.net\/wp-content\/uploads\/sites\/6\/2020\/10\/iBomber-Defense-Pacific-Campaign-Mission-05-Midway-Atoll-1-16x9.jpg 16w, https:\/\/ibomberdefensepacific.standardof.net\/wp-content\/uploads\/sites\/6\/2020\/10\/iBomber-Defense-Pacific-Campaign-Mission-05-Midway-Atoll-1.jpg 1280w\" sizes=\"(max-width: 800px) 100vw, 800px\" \/><\/a><figcaption>Las rutas de las unidades navales enemigas se dibujan en rojo a medida que se acercan a la base en Midway Atoll.<\/figcaption><\/figure><\/div>\n\n\n\n<p><em>Protege tu posici\u00f3n en Midway para evitar que el enemigo extienda su per\u00edmetro defensivo.<\/em><\/p>\n\n\n\n<p>En Midway Atoll, te enfrentas a dos caminos principales de oleadas de unidades navales que vienen desde la parte inferior derecha y superior central del mapa hacia tu base en la parte inferior izquierda durante 20 oleadas. Hay dos islas, la m\u00e1s grande de las cuales es mejor para colocar torretas. El camino superior tambi\u00e9n se dividir\u00e1 entre la isla peque\u00f1a y la grande para curvarse ocasionalmente a ambos lados, as\u00ed que ten esto en cuenta. Finalmente, hay una base terrestre suya que se ve en la tierra principal a la izquierda, pero puede ignorarse ya que permanecer\u00e1 intacta y funcionar\u00e1 como nada m\u00e1s que un escenario en este nivel.<\/p>\n\n\n\n<p>Esta gu\u00eda cubrir\u00e1 c\u00f3mo conseguir un Full House, que es una ronda perfecta con todas las medallas y 20 puntos de victoria, en el nivel del Atol\u00f3n Midway del <em>iBomber Defense Pacific<\/em> campa\u00f1a, jugado en dificultad Veterano. Adem\u00e1s, esta gu\u00eda de misi\u00f3n cubrir\u00e1 el objetivo secundario y el objetivo oculto junto con un video tutorial.<\/p>\n\n\n\t\t\t\t<div class=\"wp-block-uagb-table-of-contents uagb-toc__align-left uagb-toc__columns-1  uagb-block-a73a7bfa\"\n\t\t\t\t\tdata-scroll= \"1\"\n\t\t\t\t\tdata-offset= \"30\"\n\t\t\t\t\tstyle=\"\"\n\t\t\t\t>\n\t\t\t\t<div class=\"uagb-toc__wrap\">\n\t\t\t\t\t\t<div class=\"uagb-toc__title\">\n\t\t\t\t\t\t\tNavegaci\u00f3n de la gu\u00eda de recorrido:\t\t\t\t\t\t<\/div>\n\t\t\t\t\t\t\t\t\t\t\t\t\t\t\t\t<div class=\"uagb-toc__list-wrap\">\n\t\t\t\t\t\t<ol class=\"uagb-toc__list\"><li class=\"uagb-toc__list\"><a href=\"#secondary-objective\" class=\"uagb-toc-link__trigger\">Objetivo secundario<\/a><li class=\"uagb-toc__list\"><a href=\"#perks-used-for-this-mission\" class=\"uagb-toc-link__trigger\">Beneficios utilizados para esta misi\u00f3n:<\/a><li class=\"uagb-toc__list\"><a href=\"#hidden-target\" class=\"uagb-toc-link__trigger\">Objetivo oculto<\/a><li class=\"uagb-toc__list\"><a href=\"#turret-placement\" class=\"uagb-toc-link__trigger\">Colocaci\u00f3n de la torreta<\/a><li class=\"uagb-toc__list\"><a href=\"#veteran-difficulty-video-guide\" class=\"uagb-toc-link__trigger\">Gu\u00eda de video de dificultad para veteranos<\/a><\/ol>\t\t\t\t\t<\/div>\n\t\t\t\t\t\t\t\t\t<\/div>\n\t\t\t\t<\/div>\n\t\t\t\n\n\n<hr class=\"wp-block-separator is-style-wide\"\/>\n\n\n\n<h3 class=\"wp-block-heading\">Objetivo secundario<\/h3>\n\n\n\n<p><em>Proteja sus barcos de suministros.<\/em><\/p>\n\n\n\n<p>En la parte inferior derecha del mapa, hay una serie de botes estacionados en un muelle; estos son los barcos de suministro que tendr\u00e1s que proteger para el objetivo secundario. La mejor manera de hacer esto es con una torreta al final de cada uno de los muelles de madera al principio y en el de concreto con el tiempo. Adem\u00e1s, es mejor destruir la caja en los muelles con fuego de armas regular, ya que arrojar una bomba tiene una probabilidad muy alta de da\u00f1o colateral.<\/p>\n\n\n\n<div class=\"wp-block-image\"><figure class=\"aligncenter size-large\"><a href=\"https:\/\/ibomberdefensepacific.standardof.net\/es\/guide\/campana-mision-05-atolon-medio-ataque-mar\/ibomber-defense-pacific-campaign-mission-05-midway-atoll-2\/\"><img decoding=\"async\" width=\"444\" height=\"215\" src=\"https:\/\/ibomberdefensepacific.standardof.net\/wp-content\/uploads\/sites\/6\/2020\/10\/iBomber-Defense-Pacific-Campaign-Mission-05-Midway-Atoll-2.jpg\" alt=\"&quot;iBomber Defense Pacific&quot; - Misi\u00f3n de campa\u00f1a 05 - &quot;Atol\u00f3n Midway&quot; (2)\" class=\"wp-image-56\" srcset=\"https:\/\/ibomberdefensepacific.standardof.net\/wp-content\/uploads\/sites\/6\/2020\/10\/iBomber-Defense-Pacific-Campaign-Mission-05-Midway-Atoll-2.jpg 444w, https:\/\/ibomberdefensepacific.standardof.net\/wp-content\/uploads\/sites\/6\/2020\/10\/iBomber-Defense-Pacific-Campaign-Mission-05-Midway-Atoll-2-200x97.jpg 200w, https:\/\/ibomberdefensepacific.standardof.net\/wp-content\/uploads\/sites\/6\/2020\/10\/iBomber-Defense-Pacific-Campaign-Mission-05-Midway-Atoll-2-16x8.jpg 16w\" sizes=\"(max-width: 444px) 100vw, 444px\" \/><\/a><figcaption>Los barcos de suministros que necesitas proteger para el objetivo secundario.<\/figcaption><\/figure><\/div>\n\n\n\n<p><strong>Cajas de suministro:<\/strong> 6<\/p>\n\n\n\n<p><strong>Puntos de victoria gastados:<\/strong> 80<\/p>\n\n\n\n<ul><li>Ametralladora lvl 3<\/li><li>Ca\u00f1\u00f3n lvl 3<\/li><li>Bomba lvl 3<\/li><\/ul>\n\n\n\n<hr class=\"wp-block-separator is-style-wide\"\/>\n\n\n\n<h3 class=\"wp-block-heading\">Beneficios utilizados para esta misi\u00f3n:<\/h3>\n\n\n\n<ul><li>D\u00f3lar I<\/li><li>Ojo de \u00e1guila I<\/li><\/ul>\n\n\n\n<p>Como siempre, el dinero extra al comienzo del nivel puede marcar una gran diferencia. Ahora cambiamos la bomba extra para apuntar m\u00e1s r\u00e1pido a todas las torretas, ya que de todos modos hay m\u00e1s tiempo para construir bombas para usar. Esta ventaja es \u00fatil para aprovechar al m\u00e1ximo algunas armas bien colocadas.<\/p>\n\n\n\n<hr class=\"wp-block-separator is-style-wide\"\/>\n\n\n\n<h3 class=\"wp-block-heading\">Objetivo oculto<\/h3>\n\n\n\n<p>El objetivo oculto es realmente f\u00e1cil de encontrar (siempre que sepa qu\u00e9 buscar) en esta misi\u00f3n. En la parte inferior central del mapa en la parte sur del continente, encontrar\u00e1 el almac\u00e9n naranja en la imagen de arriba. Bombas de distancia.<\/p>\n\n\n\n<div class=\"wp-block-image\"><figure class=\"aligncenter size-large\"><a href=\"https:\/\/ibomberdefensepacific.standardof.net\/es\/guide\/campana-mision-05-atolon-medio-ataque-mar\/ibomber-defense-pacific-campaign-mission-05-midway-atoll-3\/\"><img decoding=\"async\" width=\"248\" height=\"190\" src=\"https:\/\/ibomberdefensepacific.standardof.net\/wp-content\/uploads\/sites\/6\/2020\/10\/iBomber-Defense-Pacific-Campaign-Mission-05-Midway-Atoll-3.jpg\" alt=\"&quot;iBomber Defense Pacific&quot; - Misi\u00f3n de campa\u00f1a 05 - &quot;Atol\u00f3n Midway&quot; (3)\" class=\"wp-image-57\" srcset=\"https:\/\/ibomberdefensepacific.standardof.net\/wp-content\/uploads\/sites\/6\/2020\/10\/iBomber-Defense-Pacific-Campaign-Mission-05-Midway-Atoll-3.jpg 248w, https:\/\/ibomberdefensepacific.standardof.net\/wp-content\/uploads\/sites\/6\/2020\/10\/iBomber-Defense-Pacific-Campaign-Mission-05-Midway-Atoll-3-200x153.jpg 200w, https:\/\/ibomberdefensepacific.standardof.net\/wp-content\/uploads\/sites\/6\/2020\/10\/iBomber-Defense-Pacific-Campaign-Mission-05-Midway-Atoll-3-16x12.jpg 16w\" sizes=\"(max-width: 248px) 100vw, 248px\" \/><\/a><figcaption>El objetivo oculto secreto del almac\u00e9n naranja en Midway Atoll.<\/figcaption><\/figure><\/div>\n\n\n\n<hr class=\"wp-block-separator is-style-wide\"\/>\n\n\n\n<h3 class=\"wp-block-heading\">Colocaci\u00f3n de la torreta<\/h3>\n\n\n\n<figure class=\"wp-block-gallery columns-2 is-cropped wp-block-gallery-1 is-layout-flex wp-block-gallery-is-layout-flex\"><ul class=\"blocks-gallery-grid\"><li class=\"blocks-gallery-item\"><figure><a href=\"https:\/\/ibomberdefensepacific.standardof.net\/es\/guide\/campana-mision-05-atolon-medio-ataque-mar\/ibomber-defense-pacific-campaign-mission-05-midway-atoll-4\/\"><img decoding=\"async\" width=\"800\" height=\"450\" src=\"https:\/\/ibomberdefensepacific.standardof.net\/wp-content\/uploads\/sites\/6\/2020\/10\/iBomber-Defense-Pacific-Campaign-Mission-05-Midway-Atoll-4-800x450.jpg\" alt=\"&quot;iBomber Defense Pacific&quot; - Misi\u00f3n de campa\u00f1a 05 - &quot;Atol\u00f3n Midway&quot; (4)\" data-id=\"58\" data-full-url=\"https:\/\/ibomberdefensepacific.standardof.net\/wp-content\/uploads\/sites\/6\/2020\/10\/iBomber-Defense-Pacific-Campaign-Mission-05-Midway-Atoll-4.jpg\" data-link=\"https:\/\/ibomberdefensepacific.standardof.net\/guide\/campaign-mission-05-midway-atoll-sea-attack\/ibomber-defense-pacific-campaign-mission-05-midway-atoll-4\/\" class=\"wp-image-58\" srcset=\"https:\/\/ibomberdefensepacific.standardof.net\/wp-content\/uploads\/sites\/6\/2020\/10\/iBomber-Defense-Pacific-Campaign-Mission-05-Midway-Atoll-4-800x450.jpg 800w, https:\/\/ibomberdefensepacific.standardof.net\/wp-content\/uploads\/sites\/6\/2020\/10\/iBomber-Defense-Pacific-Campaign-Mission-05-Midway-Atoll-4-512x288.jpg 512w, https:\/\/ibomberdefensepacific.standardof.net\/wp-content\/uploads\/sites\/6\/2020\/10\/iBomber-Defense-Pacific-Campaign-Mission-05-Midway-Atoll-4-200x113.jpg 200w, https:\/\/ibomberdefensepacific.standardof.net\/wp-content\/uploads\/sites\/6\/2020\/10\/iBomber-Defense-Pacific-Campaign-Mission-05-Midway-Atoll-4-768x432.jpg 768w, https:\/\/ibomberdefensepacific.standardof.net\/wp-content\/uploads\/sites\/6\/2020\/10\/iBomber-Defense-Pacific-Campaign-Mission-05-Midway-Atoll-4-16x9.jpg 16w, https:\/\/ibomberdefensepacific.standardof.net\/wp-content\/uploads\/sites\/6\/2020\/10\/iBomber-Defense-Pacific-Campaign-Mission-05-Midway-Atoll-4.jpg 1280w\" sizes=\"(max-width: 800px) 100vw, 800px\" \/><\/a><figcaption class=\"blocks-gallery-item__caption\">Colocaci\u00f3n de la torreta Wave 10.<\/figcaption><\/figure><\/li><li class=\"blocks-gallery-item\"><figure><a href=\"https:\/\/ibomberdefensepacific.standardof.net\/es\/guide\/campana-mision-05-atolon-medio-ataque-mar\/ibomber-defense-pacific-campaign-mission-05-midway-atoll-5\/\"><img decoding=\"async\" width=\"800\" height=\"450\" src=\"https:\/\/ibomberdefensepacific.standardof.net\/wp-content\/uploads\/sites\/6\/2020\/10\/iBomber-Defense-Pacific-Campaign-Mission-05-Midway-Atoll-5-800x450.jpg\" alt=\"&quot;iBomber Defense Pacific&quot; - Misi\u00f3n de campa\u00f1a 05 - &quot;Atol\u00f3n Midway&quot; (5)\" data-id=\"59\" data-full-url=\"https:\/\/ibomberdefensepacific.standardof.net\/wp-content\/uploads\/sites\/6\/2020\/10\/iBomber-Defense-Pacific-Campaign-Mission-05-Midway-Atoll-5.jpg\" data-link=\"https:\/\/ibomberdefensepacific.standardof.net\/guide\/campaign-mission-05-midway-atoll-sea-attack\/ibomber-defense-pacific-campaign-mission-05-midway-atoll-5\/\" class=\"wp-image-59\" srcset=\"https:\/\/ibomberdefensepacific.standardof.net\/wp-content\/uploads\/sites\/6\/2020\/10\/iBomber-Defense-Pacific-Campaign-Mission-05-Midway-Atoll-5-800x450.jpg 800w, https:\/\/ibomberdefensepacific.standardof.net\/wp-content\/uploads\/sites\/6\/2020\/10\/iBomber-Defense-Pacific-Campaign-Mission-05-Midway-Atoll-5-512x288.jpg 512w, https:\/\/ibomberdefensepacific.standardof.net\/wp-content\/uploads\/sites\/6\/2020\/10\/iBomber-Defense-Pacific-Campaign-Mission-05-Midway-Atoll-5-200x113.jpg 200w, https:\/\/ibomberdefensepacific.standardof.net\/wp-content\/uploads\/sites\/6\/2020\/10\/iBomber-Defense-Pacific-Campaign-Mission-05-Midway-Atoll-5-768x432.jpg 768w, https:\/\/ibomberdefensepacific.standardof.net\/wp-content\/uploads\/sites\/6\/2020\/10\/iBomber-Defense-Pacific-Campaign-Mission-05-Midway-Atoll-5-16x9.jpg 16w, https:\/\/ibomberdefensepacific.standardof.net\/wp-content\/uploads\/sites\/6\/2020\/10\/iBomber-Defense-Pacific-Campaign-Mission-05-Midway-Atoll-5.jpg 1280w\" sizes=\"(max-width: 800px) 100vw, 800px\" \/><\/a><figcaption class=\"blocks-gallery-item__caption\">Colocaci\u00f3n de la torreta Wave 20.<\/figcaption><\/figure><\/li><\/ul><\/figure>\n\n\n\n<p>Colocar torretas en el atol\u00f3n de Midway en veteranos se centrar\u00e1 en conseguir primero un par de ametralladoras en cada uno de los extremos de los muelles de madera junto a los barcos de suministro, y luego mantener estas torretas reparadas. Sin embargo, mant\u00e9ngalos en el nivel 1 durante la mayor parte de la misi\u00f3n, ya que est\u00e1n destinados a absorber fuego por ahora.<\/p>\n\n\n\n<p>Otro par de ametralladoras, esta vez mejoradas, se pueden colocar en los lados norte y sur de la gran isla, con prioridad para las mejoras de la torreta sur. Luego, trabaje en un ca\u00f1\u00f3n en el centro de la isla, de modo que cubra ambos caminos principales y un segundo en el extremo del muelle de concreto para dar a sus barcos de suministro un escudo de torreta completo. Una sola torreta de bombas ser\u00e1 suficiente, mejorada ocasionalmente, para ayudar a abrir algunas de las cajas y alcanzar el objetivo oculto.<\/p>\n\n\n\n<p>Mientras trabaja hacia la Ola 20, intente obtener otro Ca\u00f1\u00f3n (con uno de los dos mejorados) en la isla central, donde ambos tienen cobertura de los dos caminos principales. Esta isla es el mejor punto para canalizar la mayor parte de sus fondos, ya que aqu\u00ed hay la mejor cobertura de torretas. Finalmente, poner algo de dinero en una segunda torreta de bombas y una de las dos en el nivel 3 te permitir\u00e1 terminar de romper cajas abiertas, luego pasar a ayudar con la defensa con bombas bien colocadas.<\/p>\n\n\n\n<hr class=\"wp-block-separator is-style-wide\"\/>\n\n\n\n<h3 class=\"has-text-align-center wp-block-heading\" id=\"4-veteran-difficulty-video-guide\">Gu\u00eda de video de dificultad para veteranos<\/h3>\n\n\n\n<figure class=\"wp-block-embed-youtube wp-block-embed is-type-video is-provider-youtube wp-embed-aspect-4-3 wp-has-aspect-ratio\"><div class=\"wp-block-embed__wrapper\">\n<div class=\"ast-oembed-container\" style=\"height: 100%;\"><iframe title=\"Midway Atoll - M5 iBomber Defense Pacific - Tutorial completo para veteranos\" width=\"500\" height=\"375\" src=\"https:\/\/www.youtube.com\/embed\/20I4_NaAHFk?feature=oembed\" frameborder=\"0\" allow=\"accelerometer; autoplay; clipboard-write; encrypted-media; gyroscope; picture-in-picture; web-share\" referrerpolicy=\"strict-origin-when-cross-origin\" allowfullscreen><\/iframe><\/div>\n<\/div><\/figure>","protected":false},"excerpt":{"rendered":"<p>Midway Atoll: Sea Attack! Protect your position on Midway to stop the enemy from extending their defensive perimeter. In Midway Atoll, you are facing two main paths of naval unit waves that come from the bottom right and top center of the map towards your base in the bottom left for 20 waves. There are [&hellip;]<\/p>","protected":false},"author":1,"featured_media":59,"parent":164,"menu_order":5,"comment_status":"open","ping_status":"closed","template":"","meta":{"_uag_custom_page_level_css":"","site-sidebar-layout":"default","site-content-layout":"default","ast-site-content-layout":"","site-content-style":"default","site-sidebar-style":"default","ast-global-header-display":"","ast-banner-title-visibility":"","ast-main-header-display":"","ast-hfb-above-header-display":"","ast-hfb-below-header-display":"","ast-hfb-mobile-header-display":"","site-post-title":"","ast-breadcrumbs-content":"","ast-featured-img":"","footer-sml-layout":"","theme-transparent-header-meta":"default","adv-header-id-meta":"","stick-header-meta":"","header-above-stick-meta":"","header-main-stick-meta":"","header-below-stick-meta":"","astra-migrate-meta-layouts":"default","ast-page-background-enabled":"default","ast-page-background-meta":{"desktop":{"background-color":"","background-image":"","background-repeat":"repeat","background-position":"center center","background-size":"auto","background-attachment":"scroll","background-type":"","background-media":"","overlay-type":"","overlay-color":"","overlay-gradient":""},"tablet":{"background-color":"","background-image":"","background-repeat":"repeat","background-position":"center center","background-size":"auto","background-attachment":"scroll","background-type":"","background-media":"","overlay-type":"","overlay-color":"","overlay-gradient":""},"mobile":{"background-color":"","background-image":"","background-repeat":"repeat","background-position":"center center","background-size":"auto","background-attachment":"scroll","background-type":"","background-media":"","overlay-type":"","overlay-color":"","overlay-gradient":""}},"ast-content-background-meta":{"desktop":{"background-color":"var(--ast-global-color-5)","background-image":"","background-repeat":"repeat","background-position":"center center","background-size":"auto","background-attachment":"scroll","background-type":"","background-media":"","overlay-type":"","overlay-color":"","overlay-gradient":""},"tablet":{"background-color":"var(--ast-global-color-5)","background-image":"","background-repeat":"repeat","background-position":"center center","background-size":"auto","background-attachment":"scroll","background-type":"","background-media":"","overlay-type":"","overlay-color":"","overlay-gradient":""},"mobile":{"background-color":"var(--ast-global-color-5)","background-image":"","background-repeat":"repeat","background-position":"center center","background-size":"auto","background-attachment":"scroll","background-type":"","background-media":"","overlay-type":"","overlay-color":"","overlay-gradient":""}},"footnotes":""},"uagb_featured_image_src":{"full":["https:\/\/ibomberdefensepacific.standardof.net\/wp-content\/uploads\/sites\/6\/2020\/10\/iBomber-Defense-Pacific-Campaign-Mission-05-Midway-Atoll-5.jpg",1280,720,false],"thumbnail":["https:\/\/ibomberdefensepacific.standardof.net\/wp-content\/uploads\/sites\/6\/2020\/10\/iBomber-Defense-Pacific-Campaign-Mission-05-Midway-Atoll-5-200x113.jpg",200,113,true],"medium":["https:\/\/ibomberdefensepacific.standardof.net\/wp-content\/uploads\/sites\/6\/2020\/10\/iBomber-Defense-Pacific-Campaign-Mission-05-Midway-Atoll-5-512x288.jpg",512,288,true],"medium_large":["https:\/\/ibomberdefensepacific.standardof.net\/wp-content\/uploads\/sites\/6\/2020\/10\/iBomber-Defense-Pacific-Campaign-Mission-05-Midway-Atoll-5-768x432.jpg",768,432,true],"large":["https:\/\/ibomberdefensepacific.standardof.net\/wp-content\/uploads\/sites\/6\/2020\/10\/iBomber-Defense-Pacific-Campaign-Mission-05-Midway-Atoll-5-800x450.jpg",800,450,true],"1536x1536":["https:\/\/ibomberdefensepacific.standardof.net\/wp-content\/uploads\/sites\/6\/2020\/10\/iBomber-Defense-Pacific-Campaign-Mission-05-Midway-Atoll-5.jpg",1280,720,false],"2048x2048":["https:\/\/ibomberdefensepacific.standardof.net\/wp-content\/uploads\/sites\/6\/2020\/10\/iBomber-Defense-Pacific-Campaign-Mission-05-Midway-Atoll-5.jpg",1280,720,false],"trp-custom-language-flag":["https:\/\/ibomberdefensepacific.standardof.net\/wp-content\/uploads\/sites\/6\/2020\/10\/iBomber-Defense-Pacific-Campaign-Mission-05-Midway-Atoll-5-16x9.jpg",16,9,true]},"uagb_author_info":{"display_name":"SOE","author_link":"https:\/\/ibomberdefensepacific.standardof.net\/es\/author\/k-tastic\/"},"uagb_comment_info":0,"uagb_excerpt":"Midway Atoll: Sea Attack! Protect your position on Midway to stop the enemy from extending their defensive perimeter. In Midway Atoll, you are facing two main paths of naval unit waves that come from the bottom right and top center of the map towards your base in the bottom left for 20 waves. There are&hellip;","_links":{"self":[{"href":"https:\/\/ibomberdefensepacific.standardof.net\/es\/wp-json\/wp\/v2\/pages\/196"}],"collection":[{"href":"https:\/\/ibomberdefensepacific.standardof.net\/es\/wp-json\/wp\/v2\/pages"}],"about":[{"href":"https:\/\/ibomberdefensepacific.standardof.net\/es\/wp-json\/wp\/v2\/types\/page"}],"author":[{"embeddable":true,"href":"https:\/\/ibomberdefensepacific.standardof.net\/es\/wp-json\/wp\/v2\/users\/1"}],"replies":[{"embeddable":true,"href":"https:\/\/ibomberdefensepacific.standardof.net\/es\/wp-json\/wp\/v2\/comments?post=196"}],"version-history":[{"count":0,"href":"https:\/\/ibomberdefensepacific.standardof.net\/es\/wp-json\/wp\/v2\/pages\/196\/revisions"}],"up":[{"embeddable":true,"href":"https:\/\/ibomberdefensepacific.standardof.net\/es\/wp-json\/wp\/v2\/pages\/164"}],"wp:featuredmedia":[{"embeddable":true,"href":"https:\/\/ibomberdefensepacific.standardof.net\/es\/wp-json\/wp\/v2\/media\/59"}],"wp:attachment":[{"href":"https:\/\/ibomberdefensepacific.standardof.net\/es\/wp-json\/wp\/v2\/media?parent=196"}],"curies":[{"name":"wp","href":"https:\/\/api.w.org\/{rel}","templated":true}]}}