{"id":195,"date":"2020-10-21T13:30:46","date_gmt":"2020-10-21T13:30:46","guid":{"rendered":"https:\/\/ibomberdefensepacific.standardof.net\/?page_id=195"},"modified":"2020-10-21T17:20:21","modified_gmt":"2020-10-21T17:20:21","slug":"campaign-mission-04-guadalcanal-watchtower","status":"publish","type":"page","link":"https:\/\/ibomberdefensepacific.standardof.net\/es\/guide\/campana-mision-04-guadalcanal-atalaya\/","title":{"rendered":"Misi\u00f3n de campa\u00f1a 04: Atalaya \u201cGuadalcanal\u201d"},"content":{"rendered":"<h2 class=\"wp-block-heading\">Guadalcanal: Atalaya<\/h2>\n\n\n\n<div class=\"wp-block-image\"><figure class=\"aligncenter size-large\"><a href=\"https:\/\/ibomberdefensepacific.standardof.net\/es\/guide\/campana-mision-04-guadalcanal-atalaya\/ibomber-defense-pacific-campaign-mission-04-guadalcanal-1\/\"><img decoding=\"async\" width=\"800\" height=\"450\" src=\"https:\/\/ibomberdefensepacific.standardof.net\/wp-content\/uploads\/sites\/6\/2020\/10\/iBomber-Defense-Pacific-Campaign-Mission-04-Guadalcanal-1-800x450.jpg\" alt=\"&quot;iBomber Defense Pacific&quot; - Misi\u00f3n de campa\u00f1a 04 - &quot;Guadalcanal&quot; (1)\" class=\"wp-image-50\" srcset=\"https:\/\/ibomberdefensepacific.standardof.net\/wp-content\/uploads\/sites\/6\/2020\/10\/iBomber-Defense-Pacific-Campaign-Mission-04-Guadalcanal-1-800x450.jpg 800w, https:\/\/ibomberdefensepacific.standardof.net\/wp-content\/uploads\/sites\/6\/2020\/10\/iBomber-Defense-Pacific-Campaign-Mission-04-Guadalcanal-1-512x288.jpg 512w, https:\/\/ibomberdefensepacific.standardof.net\/wp-content\/uploads\/sites\/6\/2020\/10\/iBomber-Defense-Pacific-Campaign-Mission-04-Guadalcanal-1-200x113.jpg 200w, https:\/\/ibomberdefensepacific.standardof.net\/wp-content\/uploads\/sites\/6\/2020\/10\/iBomber-Defense-Pacific-Campaign-Mission-04-Guadalcanal-1-768x432.jpg 768w, https:\/\/ibomberdefensepacific.standardof.net\/wp-content\/uploads\/sites\/6\/2020\/10\/iBomber-Defense-Pacific-Campaign-Mission-04-Guadalcanal-1-16x9.jpg 16w, https:\/\/ibomberdefensepacific.standardof.net\/wp-content\/uploads\/sites\/6\/2020\/10\/iBomber-Defense-Pacific-Campaign-Mission-04-Guadalcanal-1.jpg 1280w\" sizes=\"(max-width: 800px) 100vw, 800px\" \/><\/a><figcaption>Ruta del enemigo de la ola principal dibujada en rojo con l\u00edneas azules que muestran rutas especiales de ataque furtivo.<\/figcaption><\/figure><\/div>\n\n\n\n<p><em>Protege tu posici\u00f3n en Guadalcanal y evita que se convierta en un basti\u00f3n japon\u00e9s.<\/em><\/p>\n\n\n\n<p>En este nivel, te enfrentas a 16 oleadas de unidades terrestres enemigas que se acercan desde la parte superior izquierda y hacen una curva cerrada gigante a la derecha del mapa antes de encontrar tu base en la parte inferior central. Aqu\u00ed se le presentar\u00e1 la torreta Flamethrower, que ser\u00e1 \u00fatil para la defensa de esta base y se convertir\u00e1 en una parte esencial de las estrategias futuras.<\/p>\n\n\n\n<p>Esta gu\u00eda cubrir\u00e1 c\u00f3mo obtener un Full House, que es una ronda perfecta con todas las medallas y 20 puntos de victoria, en el nivel Guadalcanal del <em>iBomber Defense Pacific<\/em> campa\u00f1a, jugado en dificultad Veterano. Adem\u00e1s, esta gu\u00eda de misi\u00f3n tambi\u00e9n cubrir\u00e1 el objetivo secundario y el objetivo oculto.<\/p>\n\n\n\t\t\t\t<div class=\"wp-block-uagb-table-of-contents uagb-toc__align-left uagb-toc__columns-1  uagb-block-5eabf030\"\n\t\t\t\t\tdata-scroll= \"1\"\n\t\t\t\t\tdata-offset= \"30\"\n\t\t\t\t\tstyle=\"\"\n\t\t\t\t>\n\t\t\t\t<div class=\"uagb-toc__wrap\">\n\t\t\t\t\t\t<div class=\"uagb-toc__title\">\n\t\t\t\t\t\t\tNavegaci\u00f3n de la gu\u00eda de recorrido:\t\t\t\t\t\t<\/div>\n\t\t\t\t\t\t\t\t\t\t\t\t\t\t\t\t<div class=\"uagb-toc__list-wrap\">\n\t\t\t\t\t\t<ol class=\"uagb-toc__list\"><li class=\"uagb-toc__list\"><a href=\"#secondary-objective\" class=\"uagb-toc-link__trigger\">Objetivo secundario<\/a><li class=\"uagb-toc__list\"><a href=\"#perks-used-for-this-mission\" class=\"uagb-toc-link__trigger\">Beneficios utilizados para esta misi\u00f3n:<\/a><li class=\"uagb-toc__list\"><a href=\"#hidden-target\" class=\"uagb-toc-link__trigger\">Objetivo oculto<\/a><li class=\"uagb-toc__list\"><a href=\"#turret-placement\" class=\"uagb-toc-link__trigger\">Colocaci\u00f3n de la torreta<\/a><li class=\"uagb-toc__list\"><a href=\"#veteran-difficulty-video-guide\" class=\"uagb-toc-link__trigger\">Gu\u00eda de video de dificultad para veteranos<\/a><\/ol>\t\t\t\t\t<\/div>\n\t\t\t\t\t\t\t\t\t<\/div>\n\t\t\t\t<\/div>\n\t\t\t\n\n\n<hr class=\"wp-block-separator is-style-wide\"\/>\n\n\n\n<h3 class=\"wp-block-heading\">Objetivo secundario<\/h3>\n\n\n\n<p><em>Protege la refiner\u00eda de petr\u00f3leo.<\/em><\/p>\n\n\n\n<p>La refiner\u00eda de petr\u00f3leo es el edificio considerablemente grande en la parte superior izquierda de su base. Protegerlo requerir\u00e1 el uso de bombas ya que eventualmente un peque\u00f1o ataque furtivo (ola 7) se acercar\u00e1 a su retaguardia, fuera del alcance de sus torretas. Tardar\u00e1n mucho en destruir por completo la refiner\u00eda, pero es mejor matarlos lo antes posible. Colocar algunas torretas frente al edificio entre este y la trayectoria de las olas evitar\u00e1 que se disparen desde esa direcci\u00f3n.<\/p>\n\n\n\n<p>Por \u00faltimo, si est\u00e1 utilizando bombas en el tr\u00edo de cajas cerca de la refiner\u00eda, tenga cuidado de dejarlas caer lo m\u00e1s lejos posible del edificio; incluso golpearlo con la explosi\u00f3n de su propia bomba puede causar da\u00f1os masivos.<\/p>\n\n\n\n<div class=\"wp-block-image\"><figure class=\"aligncenter size-large\"><a href=\"https:\/\/ibomberdefensepacific.standardof.net\/es\/guide\/campana-mision-04-guadalcanal-atalaya\/ibomber-defense-pacific-campaign-mission-04-guadalcanal-2\/\"><img decoding=\"async\" width=\"407\" height=\"242\" src=\"https:\/\/ibomberdefensepacific.standardof.net\/wp-content\/uploads\/sites\/6\/2020\/10\/iBomber-Defense-Pacific-Campaign-Mission-04-Guadalcanal-2.jpg\" alt=\"&quot;iBomber Defense Pacific&quot; - Misi\u00f3n de campa\u00f1a 04 - &quot;Guadalcanal&quot; (2)\" class=\"wp-image-51\" srcset=\"https:\/\/ibomberdefensepacific.standardof.net\/wp-content\/uploads\/sites\/6\/2020\/10\/iBomber-Defense-Pacific-Campaign-Mission-04-Guadalcanal-2.jpg 407w, https:\/\/ibomberdefensepacific.standardof.net\/wp-content\/uploads\/sites\/6\/2020\/10\/iBomber-Defense-Pacific-Campaign-Mission-04-Guadalcanal-2-200x119.jpg 200w, https:\/\/ibomberdefensepacific.standardof.net\/wp-content\/uploads\/sites\/6\/2020\/10\/iBomber-Defense-Pacific-Campaign-Mission-04-Guadalcanal-2-16x10.jpg 16w\" sizes=\"(max-width: 407px) 100vw, 407px\" \/><\/a><figcaption>La refiner\u00eda de petr\u00f3leo.<\/figcaption><\/figure><\/div>\n\n\n\n<p><strong>Cajas de suministro:<\/strong> 4<\/p>\n\n\n\n<p><strong>Puntos de victoria gastados:<\/strong> 60<\/p>\n\n\n\n<ul><li>Ametralladora lvl 3<\/li><li>Ca\u00f1\u00f3n lvl 3<\/li><li>Bomba lvl 2<\/li><\/ul>\n\n\n\n<hr class=\"wp-block-separator is-style-wide\"\/>\n\n\n\n<h3 class=\"wp-block-heading\">Beneficios utilizados para esta misi\u00f3n:<\/h3>\n\n\n\n<ul><li>D\u00f3lar I<\/li><li>Bombardier I<\/li><\/ul>\n\n\n\n<p>De nuevo, dinero y bombas &#039;, dijo Nuff.<\/p>\n\n\n\n<hr class=\"wp-block-separator is-style-wide\"\/>\n\n\n\n<h3 class=\"wp-block-heading\">Objetivo oculto<\/h3>\n\n\n\n<p>El objetivo oculto de Guadalcanal es una de las peque\u00f1as caba\u00f1as que se encuentran en la parte superior derecha del mapa. Busque la caba\u00f1a que est\u00e1 en el bosque y cubierta por \u00e1rboles a diferencia del par que est\u00e1 en la playa de arena al aire libre. Mire hacia la parte inferior izquierda de este par para encontrar el objetivo cubierto de \u00e1rboles (vea la imagen de arriba).<\/p>\n\n\n\n<div class=\"wp-block-image\"><figure class=\"aligncenter size-large\"><a href=\"https:\/\/ibomberdefensepacific.standardof.net\/es\/guide\/campana-mision-04-guadalcanal-atalaya\/ibomber-defense-pacific-campaign-mission-04-guadalcanal-3\/\"><img decoding=\"async\" width=\"245\" height=\"176\" src=\"https:\/\/ibomberdefensepacific.standardof.net\/wp-content\/uploads\/sites\/6\/2020\/10\/iBomber-Defense-Pacific-Campaign-Mission-04-Guadalcanal-3.jpg\" alt=\"&quot;iBomber Defense Pacific&quot; - Misi\u00f3n de campa\u00f1a 04 - &quot;Guadalcanal&quot; (3)\" class=\"wp-image-52\" srcset=\"https:\/\/ibomberdefensepacific.standardof.net\/wp-content\/uploads\/sites\/6\/2020\/10\/iBomber-Defense-Pacific-Campaign-Mission-04-Guadalcanal-3.jpg 245w, https:\/\/ibomberdefensepacific.standardof.net\/wp-content\/uploads\/sites\/6\/2020\/10\/iBomber-Defense-Pacific-Campaign-Mission-04-Guadalcanal-3-200x144.jpg 200w, https:\/\/ibomberdefensepacific.standardof.net\/wp-content\/uploads\/sites\/6\/2020\/10\/iBomber-Defense-Pacific-Campaign-Mission-04-Guadalcanal-3-16x12.jpg 16w\" sizes=\"(max-width: 245px) 100vw, 245px\" \/><\/a><figcaption>La caba\u00f1a cubierta en la parte inferior izquierda es el objetivo oculto en Guadalcanal.<\/figcaption><\/figure><\/div>\n\n\n\n<hr class=\"wp-block-separator is-style-wide\"\/>\n\n\n\n<h3 class=\"wp-block-heading\">Colocaci\u00f3n de la torreta<\/h3>\n\n\n\n<figure class=\"wp-block-gallery columns-2 is-cropped wp-block-gallery-1 is-layout-flex wp-block-gallery-is-layout-flex\"><ul class=\"blocks-gallery-grid\"><li class=\"blocks-gallery-item\"><figure><a href=\"https:\/\/ibomberdefensepacific.standardof.net\/es\/guide\/campana-mision-04-guadalcanal-atalaya\/ibomber-defense-pacific-campaign-mission-04-guadalcanal-4\/\"><img decoding=\"async\" width=\"800\" height=\"450\" src=\"https:\/\/ibomberdefensepacific.standardof.net\/wp-content\/uploads\/sites\/6\/2020\/10\/iBomber-Defense-Pacific-Campaign-Mission-04-Guadalcanal-4-800x450.jpg\" alt=\"&quot;iBomber Defense Pacific&quot; - Misi\u00f3n de campa\u00f1a 04 - &quot;Guadalcanal&quot; (4)\" data-id=\"53\" data-full-url=\"https:\/\/ibomberdefensepacific.standardof.net\/wp-content\/uploads\/sites\/6\/2020\/10\/iBomber-Defense-Pacific-Campaign-Mission-04-Guadalcanal-4.jpg\" data-link=\"https:\/\/ibomberdefensepacific.standardof.net\/guide\/campaign-mission-04-guadalcanal-watchtower\/ibomber-defense-pacific-campaign-mission-04-guadalcanal-4\/\" class=\"wp-image-53\" srcset=\"https:\/\/ibomberdefensepacific.standardof.net\/wp-content\/uploads\/sites\/6\/2020\/10\/iBomber-Defense-Pacific-Campaign-Mission-04-Guadalcanal-4-800x450.jpg 800w, https:\/\/ibomberdefensepacific.standardof.net\/wp-content\/uploads\/sites\/6\/2020\/10\/iBomber-Defense-Pacific-Campaign-Mission-04-Guadalcanal-4-512x288.jpg 512w, https:\/\/ibomberdefensepacific.standardof.net\/wp-content\/uploads\/sites\/6\/2020\/10\/iBomber-Defense-Pacific-Campaign-Mission-04-Guadalcanal-4-200x113.jpg 200w, https:\/\/ibomberdefensepacific.standardof.net\/wp-content\/uploads\/sites\/6\/2020\/10\/iBomber-Defense-Pacific-Campaign-Mission-04-Guadalcanal-4-768x432.jpg 768w, https:\/\/ibomberdefensepacific.standardof.net\/wp-content\/uploads\/sites\/6\/2020\/10\/iBomber-Defense-Pacific-Campaign-Mission-04-Guadalcanal-4-16x9.jpg 16w, https:\/\/ibomberdefensepacific.standardof.net\/wp-content\/uploads\/sites\/6\/2020\/10\/iBomber-Defense-Pacific-Campaign-Mission-04-Guadalcanal-4.jpg 1280w\" sizes=\"(max-width: 800px) 100vw, 800px\" \/><\/a><figcaption class=\"blocks-gallery-item__caption\">Colocaci\u00f3n de la torreta Wave 8.<\/figcaption><\/figure><\/li><li class=\"blocks-gallery-item\"><figure><a href=\"https:\/\/ibomberdefensepacific.standardof.net\/es\/guide\/campana-mision-04-guadalcanal-atalaya\/ibomber-defense-pacific-campaign-mission-04-guadalcanal-5\/\"><img decoding=\"async\" width=\"800\" height=\"450\" src=\"https:\/\/ibomberdefensepacific.standardof.net\/wp-content\/uploads\/sites\/6\/2020\/10\/iBomber-Defense-Pacific-Campaign-Mission-04-Guadalcanal-5-800x450.jpg\" alt=\"&quot;iBomber Defense Pacific&quot; - Misi\u00f3n de campa\u00f1a 04 - &quot;Guadalcanal&quot; (5)\" data-id=\"54\" data-full-url=\"https:\/\/ibomberdefensepacific.standardof.net\/wp-content\/uploads\/sites\/6\/2020\/10\/iBomber-Defense-Pacific-Campaign-Mission-04-Guadalcanal-5.jpg\" data-link=\"https:\/\/ibomberdefensepacific.standardof.net\/guide\/campaign-mission-04-guadalcanal-watchtower\/ibomber-defense-pacific-campaign-mission-04-guadalcanal-5\/\" class=\"wp-image-54\" srcset=\"https:\/\/ibomberdefensepacific.standardof.net\/wp-content\/uploads\/sites\/6\/2020\/10\/iBomber-Defense-Pacific-Campaign-Mission-04-Guadalcanal-5-800x450.jpg 800w, https:\/\/ibomberdefensepacific.standardof.net\/wp-content\/uploads\/sites\/6\/2020\/10\/iBomber-Defense-Pacific-Campaign-Mission-04-Guadalcanal-5-512x288.jpg 512w, https:\/\/ibomberdefensepacific.standardof.net\/wp-content\/uploads\/sites\/6\/2020\/10\/iBomber-Defense-Pacific-Campaign-Mission-04-Guadalcanal-5-200x113.jpg 200w, https:\/\/ibomberdefensepacific.standardof.net\/wp-content\/uploads\/sites\/6\/2020\/10\/iBomber-Defense-Pacific-Campaign-Mission-04-Guadalcanal-5-768x432.jpg 768w, https:\/\/ibomberdefensepacific.standardof.net\/wp-content\/uploads\/sites\/6\/2020\/10\/iBomber-Defense-Pacific-Campaign-Mission-04-Guadalcanal-5-16x9.jpg 16w, https:\/\/ibomberdefensepacific.standardof.net\/wp-content\/uploads\/sites\/6\/2020\/10\/iBomber-Defense-Pacific-Campaign-Mission-04-Guadalcanal-5.jpg 1280w\" sizes=\"(max-width: 800px) 100vw, 800px\" \/><\/a><figcaption class=\"blocks-gallery-item__caption\">Colocaci\u00f3n de la torreta Wave 16.<\/figcaption><\/figure><\/li><\/ul><\/figure>\n\n\n\n<p>Colocar sus torretas en este nivel seguir\u00e1 una regla general de agrupamiento, donde una ametralladora y un ca\u00f1\u00f3n se sientan al lado de un lanzallamas cercano para maximizar la efectividad de los efectos de la llama. Puede comenzar con solo la ametralladora y un lanzallamas cerca del comienzo del camino de la ola, pero desea trabajar r\u00e1pidamente en un par de torretas de bomba cerca de su base y un segundo grupo para sentarse frente a la refiner\u00eda, no solo para ayudar a defenderlo, sino tambi\u00e9n a limpiar las tres cajas, adem\u00e1s de una bomba arrojada con mucho cuidado. Aseg\u00farese de tener una bomba guardada para el ataque furtivo a la parte trasera de la refiner\u00eda en la ola 7.<\/p>\n\n\n\n<p>Otro buen lugar para hacer un grupo de torretas es cerca de la curva hacia la parte m\u00e1s oriental del mapa, la curva cerrada. Colocarlas justo en la curva les da a tus torretas un poco de cobertura adicional, lo que significa que disparan a los enemigos m\u00e1s que en una parte recta del camino. No se preocupe si la refiner\u00eda sufre alg\u00fan da\u00f1o, ya que es una estructura resistente hasta cierto punto y solo necesita sobrevivir con un hilo para ganar la medalla de objetivo secundario.<\/p>\n\n\n\n<hr class=\"wp-block-separator is-style-wide\"\/>\n\n\n\n<h3 class=\"has-text-align-center wp-block-heading\" id=\"4-veteran-difficulty-video-guide\">Gu\u00eda de video de dificultad para veteranos<\/h3>\n\n\n\n<figure class=\"wp-block-embed-youtube wp-block-embed is-type-video is-provider-youtube wp-embed-aspect-16-9 wp-has-aspect-ratio\"><div class=\"wp-block-embed__wrapper\">\n<div class=\"ast-oembed-container\" style=\"height: 100%;\"><iframe title=\"Guadalcanal - M4 iBomber Defense Pacific - Recorrido completo para veteranos\" width=\"500\" height=\"375\" src=\"https:\/\/www.youtube.com\/embed\/TR5DfAdb2SQ?feature=oembed\" frameborder=\"0\" allow=\"accelerometer; autoplay; clipboard-write; encrypted-media; gyroscope; picture-in-picture; web-share\" referrerpolicy=\"strict-origin-when-cross-origin\" allowfullscreen><\/iframe><\/div>\n<\/div><\/figure>","protected":false},"excerpt":{"rendered":"<p>Guadalcanal: Watchtower Protect your position in Guadalcanal and prevent it from becoming a Japanese stronghold. In this level, you are facing 16 waves of enemy land units approaching from the top left and making a giant sharp curve at the right of the map before meeting your base at the central bottom. Here you will [&hellip;]<\/p>","protected":false},"author":1,"featured_media":54,"parent":164,"menu_order":4,"comment_status":"open","ping_status":"closed","template":"","meta":{"_uag_custom_page_level_css":"","site-sidebar-layout":"default","site-content-layout":"default","ast-site-content-layout":"","site-content-style":"default","site-sidebar-style":"default","ast-global-header-display":"","ast-banner-title-visibility":"","ast-main-header-display":"","ast-hfb-above-header-display":"","ast-hfb-below-header-display":"","ast-hfb-mobile-header-display":"","site-post-title":"","ast-breadcrumbs-content":"","ast-featured-img":"","footer-sml-layout":"","theme-transparent-header-meta":"default","adv-header-id-meta":"","stick-header-meta":"","header-above-stick-meta":"","header-main-stick-meta":"","header-below-stick-meta":"","astra-migrate-meta-layouts":"default","ast-page-background-enabled":"default","ast-page-background-meta":{"desktop":{"background-color":"","background-image":"","background-repeat":"repeat","background-position":"center center","background-size":"auto","background-attachment":"scroll","background-type":"","background-media":"","overlay-type":"","overlay-color":"","overlay-gradient":""},"tablet":{"background-color":"","background-image":"","background-repeat":"repeat","background-position":"center center","background-size":"auto","background-attachment":"scroll","background-type":"","background-media":"","overlay-type":"","overlay-color":"","overlay-gradient":""},"mobile":{"background-color":"","background-image":"","background-repeat":"repeat","background-position":"center center","background-size":"auto","background-attachment":"scroll","background-type":"","background-media":"","overlay-type":"","overlay-color":"","overlay-gradient":""}},"ast-content-background-meta":{"desktop":{"background-color":"var(--ast-global-color-5)","background-image":"","background-repeat":"repeat","background-position":"center center","background-size":"auto","background-attachment":"scroll","background-type":"","background-media":"","overlay-type":"","overlay-color":"","overlay-gradient":""},"tablet":{"background-color":"var(--ast-global-color-5)","background-image":"","background-repeat":"repeat","background-position":"center center","background-size":"auto","background-attachment":"scroll","background-type":"","background-media":"","overlay-type":"","overlay-color":"","overlay-gradient":""},"mobile":{"background-color":"var(--ast-global-color-5)","background-image":"","background-repeat":"repeat","background-position":"center center","background-size":"auto","background-attachment":"scroll","background-type":"","background-media":"","overlay-type":"","overlay-color":"","overlay-gradient":""}},"footnotes":""},"uagb_featured_image_src":{"full":["https:\/\/ibomberdefensepacific.standardof.net\/wp-content\/uploads\/sites\/6\/2020\/10\/iBomber-Defense-Pacific-Campaign-Mission-04-Guadalcanal-5.jpg",1280,720,false],"thumbnail":["https:\/\/ibomberdefensepacific.standardof.net\/wp-content\/uploads\/sites\/6\/2020\/10\/iBomber-Defense-Pacific-Campaign-Mission-04-Guadalcanal-5-200x113.jpg",200,113,true],"medium":["https:\/\/ibomberdefensepacific.standardof.net\/wp-content\/uploads\/sites\/6\/2020\/10\/iBomber-Defense-Pacific-Campaign-Mission-04-Guadalcanal-5-512x288.jpg",512,288,true],"medium_large":["https:\/\/ibomberdefensepacific.standardof.net\/wp-content\/uploads\/sites\/6\/2020\/10\/iBomber-Defense-Pacific-Campaign-Mission-04-Guadalcanal-5-768x432.jpg",768,432,true],"large":["https:\/\/ibomberdefensepacific.standardof.net\/wp-content\/uploads\/sites\/6\/2020\/10\/iBomber-Defense-Pacific-Campaign-Mission-04-Guadalcanal-5-800x450.jpg",800,450,true],"1536x1536":["https:\/\/ibomberdefensepacific.standardof.net\/wp-content\/uploads\/sites\/6\/2020\/10\/iBomber-Defense-Pacific-Campaign-Mission-04-Guadalcanal-5.jpg",1280,720,false],"2048x2048":["https:\/\/ibomberdefensepacific.standardof.net\/wp-content\/uploads\/sites\/6\/2020\/10\/iBomber-Defense-Pacific-Campaign-Mission-04-Guadalcanal-5.jpg",1280,720,false],"trp-custom-language-flag":["https:\/\/ibomberdefensepacific.standardof.net\/wp-content\/uploads\/sites\/6\/2020\/10\/iBomber-Defense-Pacific-Campaign-Mission-04-Guadalcanal-5-16x9.jpg",16,9,true]},"uagb_author_info":{"display_name":"SOE","author_link":"https:\/\/ibomberdefensepacific.standardof.net\/es\/author\/k-tastic\/"},"uagb_comment_info":0,"uagb_excerpt":"Guadalcanal: Watchtower Protect your position in Guadalcanal and prevent it from becoming a Japanese stronghold. In this level, you are facing 16 waves of enemy land units approaching from the top left and making a giant sharp curve at the right of the map before meeting your base at the central bottom. Here you will&hellip;","_links":{"self":[{"href":"https:\/\/ibomberdefensepacific.standardof.net\/es\/wp-json\/wp\/v2\/pages\/195"}],"collection":[{"href":"https:\/\/ibomberdefensepacific.standardof.net\/es\/wp-json\/wp\/v2\/pages"}],"about":[{"href":"https:\/\/ibomberdefensepacific.standardof.net\/es\/wp-json\/wp\/v2\/types\/page"}],"author":[{"embeddable":true,"href":"https:\/\/ibomberdefensepacific.standardof.net\/es\/wp-json\/wp\/v2\/users\/1"}],"replies":[{"embeddable":true,"href":"https:\/\/ibomberdefensepacific.standardof.net\/es\/wp-json\/wp\/v2\/comments?post=195"}],"version-history":[{"count":0,"href":"https:\/\/ibomberdefensepacific.standardof.net\/es\/wp-json\/wp\/v2\/pages\/195\/revisions"}],"up":[{"embeddable":true,"href":"https:\/\/ibomberdefensepacific.standardof.net\/es\/wp-json\/wp\/v2\/pages\/164"}],"wp:featuredmedia":[{"embeddable":true,"href":"https:\/\/ibomberdefensepacific.standardof.net\/es\/wp-json\/wp\/v2\/media\/54"}],"wp:attachment":[{"href":"https:\/\/ibomberdefensepacific.standardof.net\/es\/wp-json\/wp\/v2\/media?parent=195"}],"curies":[{"name":"wp","href":"https:\/\/api.w.org\/{rel}","templated":true}]}}