{"id":194,"date":"2020-10-21T13:30:15","date_gmt":"2020-10-21T13:30:15","guid":{"rendered":"https:\/\/ibomberdefensepacific.standardof.net\/?page_id=194"},"modified":"2020-10-21T17:20:02","modified_gmt":"2020-10-21T17:20:02","slug":"campaign-mission-03-battle-of-savo-island-ironbottom-sound","status":"publish","type":"page","link":"https:\/\/ibomberdefensepacific.standardof.net\/es\/guide\/campana-mision-03-batalla-de-savo-island-ironbottom-sound\/","title":{"rendered":"Misi\u00f3n de campa\u00f1a 03: &quot;Batalla de la isla Savo&quot; Ironbottom Sound"},"content":{"rendered":"<h2 class=\"wp-block-heading\">Batalla de Savo Island - Ironbottom Sound<\/h2>\n\n\n\n<div class=\"wp-block-image\"><figure class=\"aligncenter size-large\"><a href=\"https:\/\/ibomberdefensepacific.standardof.net\/es\/guide\/campana-mision-03-batalla-de-savo-island-ironbottom-sound\/ibomber-defense-pacific-campaign-mission-03-savo-island-1\/\"><img decoding=\"async\" width=\"800\" height=\"450\" src=\"https:\/\/ibomberdefensepacific.standardof.net\/wp-content\/uploads\/sites\/6\/2020\/10\/iBomber-Defense-Pacific-Campaign-Mission-03-Savo-Island-1-800x450.jpg\" alt=\"Un mapa del nivel de la campa\u00f1a Battle of Savo Island, con flechas dibujadas que muestran los caminos que toman las unidades enemigas hacia la base que debes defender en el videojuego &quot;iBomber Defense Pacific&quot;.\" class=\"wp-image-49\" srcset=\"https:\/\/ibomberdefensepacific.standardof.net\/wp-content\/uploads\/sites\/6\/2020\/10\/iBomber-Defense-Pacific-Campaign-Mission-03-Savo-Island-1-800x450.jpg 800w, https:\/\/ibomberdefensepacific.standardof.net\/wp-content\/uploads\/sites\/6\/2020\/10\/iBomber-Defense-Pacific-Campaign-Mission-03-Savo-Island-1-512x288.jpg 512w, https:\/\/ibomberdefensepacific.standardof.net\/wp-content\/uploads\/sites\/6\/2020\/10\/iBomber-Defense-Pacific-Campaign-Mission-03-Savo-Island-1-200x113.jpg 200w, https:\/\/ibomberdefensepacific.standardof.net\/wp-content\/uploads\/sites\/6\/2020\/10\/iBomber-Defense-Pacific-Campaign-Mission-03-Savo-Island-1-768x432.jpg 768w, https:\/\/ibomberdefensepacific.standardof.net\/wp-content\/uploads\/sites\/6\/2020\/10\/iBomber-Defense-Pacific-Campaign-Mission-03-Savo-Island-1-16x9.jpg 16w, https:\/\/ibomberdefensepacific.standardof.net\/wp-content\/uploads\/sites\/6\/2020\/10\/iBomber-Defense-Pacific-Campaign-Mission-03-Savo-Island-1.jpg 1280w\" sizes=\"(max-width: 800px) 100vw, 800px\" \/><\/a><figcaption>Ruta de las unidades navales enemigas entrantes en la batalla de la isla Savo.<\/figcaption><\/figure><\/div>\n\n\n\n<p><em>Proteja sus l\u00edneas de suministro hacia Guadalcanal.<\/em><\/p>\n\n\n\n<p>Este nivel se considera el primer desaf\u00edo real, los dos primeros niveles se consideran tutoriales. Tambi\u00e9n es el primer nivel de unidad naval, con dos caminos de unidades exclusivamente navales que se acercan desde la esquina superior derecha, se unen en la parte delgada de la entrada y luego se vuelven a dividir donde la mini isla se encuentra en el medio de la parte m\u00e1s ancha de el camino del agua antes de reunirse nuevamente en la base. Tambi\u00e9n encontrar\u00e1s estas unidades enemigas de ataque furtivo que no se dirigen a tu base, sino que se sientan alrededor disparando tus torretas, discernibles por sus contornos rojos.<\/p>\n\n\n\t\t\t\t<div class=\"wp-block-uagb-table-of-contents uagb-toc__align-left uagb-toc__columns-1  uagb-block-69b76d12\"\n\t\t\t\t\tdata-scroll= \"1\"\n\t\t\t\t\tdata-offset= \"30\"\n\t\t\t\t\tstyle=\"\"\n\t\t\t\t>\n\t\t\t\t<div class=\"uagb-toc__wrap\">\n\t\t\t\t\t\t<div class=\"uagb-toc__title\">\n\t\t\t\t\t\t\tNavegaci\u00f3n de la gu\u00eda de recorrido:\t\t\t\t\t\t<\/div>\n\t\t\t\t\t\t\t\t\t\t\t\t\t\t\t\t<div class=\"uagb-toc__list-wrap\">\n\t\t\t\t\t\t<ol class=\"uagb-toc__list\"><li class=\"uagb-toc__list\"><a href=\"#secondary-objective\" class=\"uagb-toc-link__trigger\">Objetivo secundario<\/a><li class=\"uagb-toc__list\"><a href=\"#perks-used-for-this-mission\" class=\"uagb-toc-link__trigger\">Beneficios utilizados para esta misi\u00f3n:<\/a><li class=\"uagb-toc__list\"><a href=\"#hidden-target\" class=\"uagb-toc-link__trigger\">Objetivo oculto<\/a><li class=\"uagb-toc__list\"><a href=\"#turret-placement\" class=\"uagb-toc-link__trigger\">Colocaci\u00f3n de la torreta<\/a><li class=\"uagb-toc__list\"><a href=\"#veteran-difficulty-video-guide\" class=\"uagb-toc-link__trigger\">Gu\u00eda de video de dificultad para veteranos<\/a><\/ol>\t\t\t\t\t<\/div>\n\t\t\t\t\t\t\t\t\t<\/div>\n\t\t\t\t<\/div>\n\t\t\t\n\n\n<hr class=\"wp-block-separator is-style-wide\"\/>\n\n\n\n<h3 class=\"wp-block-heading\">Objetivo secundario<\/h3>\n\n\n\n<p><em>Los suministros son bajos. Rec\u00f3jalos todos para ayudar al esfuerzo de guerra.<\/em><\/p>\n\n\n\n<p>Deber\u00e1 utilizar bombas y una cuidadosa colocaci\u00f3n de la torreta para abrir todas las cajas esparcidas por el mapa antes del final del nivel para completar este objetivo secundario.<\/p>\n\n\n\n<p><strong>Cajas de suministro: <\/strong>5<\/p>\n\n\n\n<p><strong>Puntos de victoria gastados:<\/strong> 40<\/p>\n\n\n\n<ul><li>Ametralladora Niv. 3<\/li><li>Ca\u00f1\u00f3n lvl 2<\/li><li>Torreta de bombas lvl 2<\/li><\/ul>\n\n\n\n<hr class=\"wp-block-separator is-style-wide\"\/>\n\n\n\n<h3 class=\"wp-block-heading\">Beneficios utilizados para esta misi\u00f3n:<\/h3>\n\n\n\n<p>D\u00f3lar I, Bombardier I<br>Al igual que con la misi\u00f3n anterior, tener una bomba extra y dinero inicial extra es incre\u00edblemente \u00fatil. En este caso, la bomba es otra gran ayuda tambi\u00e9n para el objetivo secundario.<\/p>\n\n\n\n<hr class=\"wp-block-separator is-style-wide\"\/>\n\n\n\n<h3 class=\"wp-block-heading\">Objetivo oculto<\/h3>\n\n\n\n<p>El edificio secreto de objetivos ocultos en Battle of Savo Island se puede encontrar justo en la parte inferior derecha de tu base. El edificio es un edificio marr\u00f3n, de tipo almac\u00e9n peque\u00f1o, casi completamente cubierto por los \u00e1rboles cercanos, cerca de donde uno de los grupos de tres soldados atacar\u00e1 furtivamente.<\/p>\n\n\n\n<div class=\"wp-block-image\"><figure class=\"aligncenter size-large is-resized\"><a href=\"https:\/\/ibomberdefensepacific.standardof.net\/es\/guide\/campana-mision-03-batalla-de-savo-island-ironbottom-sound\/ibomber-defense-pacific-campaign-mission-03-savo-island-2\/\"><img decoding=\"async\" src=\"https:\/\/ibomberdefensepacific.standardof.net\/wp-content\/uploads\/sites\/6\/2020\/10\/iBomber-Defense-Pacific-Campaign-Mission-03-Savo-Island-2.jpg\" alt=\"Captura de pantalla del edificio Hidden Target en el nivel de campa\u00f1a Battle of Savo Island del videojuego &quot;iBomber Defense Pacific&quot;.\" class=\"wp-image-46\" width=\"269\" height=\"198\" srcset=\"https:\/\/ibomberdefensepacific.standardof.net\/wp-content\/uploads\/sites\/6\/2020\/10\/iBomber-Defense-Pacific-Campaign-Mission-03-Savo-Island-2.jpg 269w, https:\/\/ibomberdefensepacific.standardof.net\/wp-content\/uploads\/sites\/6\/2020\/10\/iBomber-Defense-Pacific-Campaign-Mission-03-Savo-Island-2-200x147.jpg 200w, https:\/\/ibomberdefensepacific.standardof.net\/wp-content\/uploads\/sites\/6\/2020\/10\/iBomber-Defense-Pacific-Campaign-Mission-03-Savo-Island-2-16x12.jpg 16w\" sizes=\"(max-width: 269px) 100vw, 269px\" \/><\/a><figcaption>Objetivo oculto<\/figcaption><\/figure><\/div>\n\n\n\n<hr class=\"wp-block-separator is-style-wide\"\/>\n\n\n\n<h3 class=\"wp-block-heading\">Colocaci\u00f3n de la torreta<\/h3>\n\n\n\n<figure class=\"wp-block-gallery columns-2 is-cropped wp-block-gallery-1 is-layout-flex wp-block-gallery-is-layout-flex\"><ul class=\"blocks-gallery-grid\"><li class=\"blocks-gallery-item\"><figure><a href=\"https:\/\/ibomberdefensepacific.standardof.net\/es\/guide\/campana-mision-03-batalla-de-savo-island-ironbottom-sound\/ibomber-defense-pacific-campaign-mission-03-savo-island-3\/\"><img decoding=\"async\" width=\"800\" height=\"450\" src=\"https:\/\/ibomberdefensepacific.standardof.net\/wp-content\/uploads\/sites\/6\/2020\/10\/iBomber-Defense-Pacific-Campaign-Mission-03-Savo-Island-3-800x450.jpg\" alt=\"Captura de pantalla de la ubicaci\u00f3n sugerida de la torreta al llegar a la oleada 8 en el nivel de campa\u00f1a de la batalla de la isla Savo del videojuego &quot;iBomber Defense Pacific&quot;.\" data-id=\"47\" data-full-url=\"https:\/\/ibomberdefensepacific.standardof.net\/wp-content\/uploads\/sites\/6\/2020\/10\/iBomber-Defense-Pacific-Campaign-Mission-03-Savo-Island-3.jpg\" data-link=\"https:\/\/ibomberdefensepacific.standardof.net\/guide\/campaign-mission-03-battle-of-savo-island-ironbottom-sound\/ibomber-defense-pacific-campaign-mission-03-savo-island-3\/\" class=\"wp-image-47\" srcset=\"https:\/\/ibomberdefensepacific.standardof.net\/wp-content\/uploads\/sites\/6\/2020\/10\/iBomber-Defense-Pacific-Campaign-Mission-03-Savo-Island-3-800x450.jpg 800w, https:\/\/ibomberdefensepacific.standardof.net\/wp-content\/uploads\/sites\/6\/2020\/10\/iBomber-Defense-Pacific-Campaign-Mission-03-Savo-Island-3-512x288.jpg 512w, https:\/\/ibomberdefensepacific.standardof.net\/wp-content\/uploads\/sites\/6\/2020\/10\/iBomber-Defense-Pacific-Campaign-Mission-03-Savo-Island-3-200x113.jpg 200w, https:\/\/ibomberdefensepacific.standardof.net\/wp-content\/uploads\/sites\/6\/2020\/10\/iBomber-Defense-Pacific-Campaign-Mission-03-Savo-Island-3-768x432.jpg 768w, https:\/\/ibomberdefensepacific.standardof.net\/wp-content\/uploads\/sites\/6\/2020\/10\/iBomber-Defense-Pacific-Campaign-Mission-03-Savo-Island-3-16x9.jpg 16w, https:\/\/ibomberdefensepacific.standardof.net\/wp-content\/uploads\/sites\/6\/2020\/10\/iBomber-Defense-Pacific-Campaign-Mission-03-Savo-Island-3.jpg 1280w\" sizes=\"(max-width: 800px) 100vw, 800px\" \/><\/a><figcaption class=\"blocks-gallery-item__caption\">Colocaci\u00f3n de la torreta Wave 8 en la batalla de Savo Island.<\/figcaption><\/figure><\/li><li class=\"blocks-gallery-item\"><figure><a href=\"https:\/\/ibomberdefensepacific.standardof.net\/es\/guide\/campana-mision-03-batalla-de-savo-island-ironbottom-sound\/ibomber-defense-pacific-campaign-mission-03-savo-island-4\/\"><img decoding=\"async\" width=\"800\" height=\"450\" src=\"https:\/\/ibomberdefensepacific.standardof.net\/wp-content\/uploads\/sites\/6\/2020\/10\/iBomber-Defense-Pacific-Campaign-Mission-03-Savo-Island-4-800x450.jpg\" alt=\"Captura de pantalla de la ubicaci\u00f3n sugerida de la torreta al alcanzar la oleada 14 en el nivel de campa\u00f1a de la Batalla de la isla Savo del videojuego &quot;iBomber Defense Pacific&quot;.\" data-id=\"48\" data-full-url=\"https:\/\/ibomberdefensepacific.standardof.net\/wp-content\/uploads\/sites\/6\/2020\/10\/iBomber-Defense-Pacific-Campaign-Mission-03-Savo-Island-4.jpg\" data-link=\"https:\/\/ibomberdefensepacific.standardof.net\/guide\/campaign-mission-03-battle-of-savo-island-ironbottom-sound\/ibomber-defense-pacific-campaign-mission-03-savo-island-4\/\" class=\"wp-image-48\" srcset=\"https:\/\/ibomberdefensepacific.standardof.net\/wp-content\/uploads\/sites\/6\/2020\/10\/iBomber-Defense-Pacific-Campaign-Mission-03-Savo-Island-4-800x450.jpg 800w, https:\/\/ibomberdefensepacific.standardof.net\/wp-content\/uploads\/sites\/6\/2020\/10\/iBomber-Defense-Pacific-Campaign-Mission-03-Savo-Island-4-512x288.jpg 512w, https:\/\/ibomberdefensepacific.standardof.net\/wp-content\/uploads\/sites\/6\/2020\/10\/iBomber-Defense-Pacific-Campaign-Mission-03-Savo-Island-4-200x113.jpg 200w, https:\/\/ibomberdefensepacific.standardof.net\/wp-content\/uploads\/sites\/6\/2020\/10\/iBomber-Defense-Pacific-Campaign-Mission-03-Savo-Island-4-768x432.jpg 768w, https:\/\/ibomberdefensepacific.standardof.net\/wp-content\/uploads\/sites\/6\/2020\/10\/iBomber-Defense-Pacific-Campaign-Mission-03-Savo-Island-4-16x9.jpg 16w, https:\/\/ibomberdefensepacific.standardof.net\/wp-content\/uploads\/sites\/6\/2020\/10\/iBomber-Defense-Pacific-Campaign-Mission-03-Savo-Island-4.jpg 1280w\" sizes=\"(max-width: 800px) 100vw, 800px\" \/><\/a><figcaption class=\"blocks-gallery-item__caption\">Colocaci\u00f3n de la torreta Wave 14.<\/figcaption><\/figure><\/li><\/ul><\/figure>\n\n\n\n<p>La colocaci\u00f3n de la torreta en este nivel es bastante sencilla y sencilla. Coloque un par de torretas de ametralladora cerca del punto de estrangulamiento donde los caminos se fusionan y la entrada se adelgaza. Uno de ellos en el lado sur actualizado al nivel 3 puede contener las pocas olas iniciales mientras su torreta superior dispara a las cajas cercanas. Tambi\u00e9n intenta conseguir un par de torretas Bomb en la primera oleada m\u00e1s o menos. Conc\u00e9ntrate en lanzar bombas sobre las cajas cerca de estas torretas primero, y eventualmente golpear a uno de los grupos de ataque furtivo que se estacionan cerca de la caja junto al camino de tierra en forma de Y que atraviesa el bosque. Una vez que est\u00e9 en la ola 6, se necesitan ambas torretas MG para defenderse de las olas. Las bombas son un gran problema aqu\u00ed, as\u00ed que una vez que puedas bajar las dos ametralladoras delanteras al nivel 3, trabaja en tu par de torretas de bombas y ll\u00e9valas al nivel 2.<\/p>\n\n\n\n<p>Wave 8 traer\u00e1 el ataque furtivo de una de las grandes embarcaciones del tama\u00f1o de un crucero, que se ver\u00e1 como una unidad de ola normal pero se detendr\u00e1 antes de su base, estacion\u00e1ndose en la parte ancha del agua junto a la mini isla. Deber\u00edas intentar ignorarlo por ahora mientras te enfocas en tu objetivo secundario, pero eventualmente una torreta MG colocada justo al norte de ella puede eliminar tanto al crucero como ayudar a disparar la caja cercana. Actualiza esa ametralladora colocada junto a esa caja al nivel 2 y encuentra los fondos para un ca\u00f1\u00f3n colocado junto a la entrada de tu base, que tambi\u00e9n ayudar\u00e1 a disparar la caja cercana en el lado oeste de la entrada a tu base, y ya est\u00e1s bastante listo. para esta misi\u00f3n.<\/p>\n\n\n\n<hr class=\"wp-block-separator is-style-wide\"\/>\n\n\n\n<h3 class=\"has-text-align-center wp-block-heading\" id=\"4-veteran-difficulty-video-guide\">Gu\u00eda de video de dificultad para veteranos<\/h3>\n\n\n\n<figure class=\"wp-block-embed-youtube wp-block-embed is-type-video is-provider-youtube wp-embed-aspect-16-9 wp-has-aspect-ratio\"><div class=\"wp-block-embed__wrapper\">\n<div class=\"ast-oembed-container\" style=\"height: 100%;\"><iframe title=\"Battle of Savo Island - M3 iBomber Defense Pacific - Tutorial completo para veteranos\" width=\"500\" height=\"375\" src=\"https:\/\/www.youtube.com\/embed\/-QjPl5nCqEc?feature=oembed\" frameborder=\"0\" allow=\"accelerometer; autoplay; clipboard-write; encrypted-media; gyroscope; picture-in-picture; web-share\" referrerpolicy=\"strict-origin-when-cross-origin\" allowfullscreen><\/iframe><\/div>\n<\/div><\/figure>","protected":false},"excerpt":{"rendered":"<p>Battle of Savo Island &#8211; Ironbottom Sound Protect your supply lines into Guadalcanal. This level is considered the first real challenge, the first two levels being considered tutorials. It is also the first naval unit level, with two paths of exclusively naval units approaching from the top right corner, coming together at the thin part [&hellip;]<\/p>","protected":false},"author":1,"featured_media":47,"parent":164,"menu_order":3,"comment_status":"open","ping_status":"closed","template":"","meta":{"_uag_custom_page_level_css":"","site-sidebar-layout":"default","site-content-layout":"default","ast-site-content-layout":"","site-content-style":"default","site-sidebar-style":"default","ast-global-header-display":"","ast-banner-title-visibility":"","ast-main-header-display":"","ast-hfb-above-header-display":"","ast-hfb-below-header-display":"","ast-hfb-mobile-header-display":"","site-post-title":"","ast-breadcrumbs-content":"","ast-featured-img":"","footer-sml-layout":"","theme-transparent-header-meta":"default","adv-header-id-meta":"","stick-header-meta":"","header-above-stick-meta":"","header-main-stick-meta":"","header-below-stick-meta":"","astra-migrate-meta-layouts":"default","ast-page-background-enabled":"default","ast-page-background-meta":{"desktop":{"background-color":"","background-image":"","background-repeat":"repeat","background-position":"center center","background-size":"auto","background-attachment":"scroll","background-type":"","background-media":"","overlay-type":"","overlay-color":"","overlay-gradient":""},"tablet":{"background-color":"","background-image":"","background-repeat":"repeat","background-position":"center center","background-size":"auto","background-attachment":"scroll","background-type":"","background-media":"","overlay-type":"","overlay-color":"","overlay-gradient":""},"mobile":{"background-color":"","background-image":"","background-repeat":"repeat","background-position":"center center","background-size":"auto","background-attachment":"scroll","background-type":"","background-media":"","overlay-type":"","overlay-color":"","overlay-gradient":""}},"ast-content-background-meta":{"desktop":{"background-color":"var(--ast-global-color-5)","background-image":"","background-repeat":"repeat","background-position":"center center","background-size":"auto","background-attachment":"scroll","background-type":"","background-media":"","overlay-type":"","overlay-color":"","overlay-gradient":""},"tablet":{"background-color":"var(--ast-global-color-5)","background-image":"","background-repeat":"repeat","background-position":"center center","background-size":"auto","background-attachment":"scroll","background-type":"","background-media":"","overlay-type":"","overlay-color":"","overlay-gradient":""},"mobile":{"background-color":"var(--ast-global-color-5)","background-image":"","background-repeat":"repeat","background-position":"center center","background-size":"auto","background-attachment":"scroll","background-type":"","background-media":"","overlay-type":"","overlay-color":"","overlay-gradient":""}},"footnotes":""},"uagb_featured_image_src":{"full":["https:\/\/ibomberdefensepacific.standardof.net\/wp-content\/uploads\/sites\/6\/2020\/10\/iBomber-Defense-Pacific-Campaign-Mission-03-Savo-Island-3.jpg",1280,720,false],"thumbnail":["https:\/\/ibomberdefensepacific.standardof.net\/wp-content\/uploads\/sites\/6\/2020\/10\/iBomber-Defense-Pacific-Campaign-Mission-03-Savo-Island-3-200x113.jpg",200,113,true],"medium":["https:\/\/ibomberdefensepacific.standardof.net\/wp-content\/uploads\/sites\/6\/2020\/10\/iBomber-Defense-Pacific-Campaign-Mission-03-Savo-Island-3-512x288.jpg",512,288,true],"medium_large":["https:\/\/ibomberdefensepacific.standardof.net\/wp-content\/uploads\/sites\/6\/2020\/10\/iBomber-Defense-Pacific-Campaign-Mission-03-Savo-Island-3-768x432.jpg",768,432,true],"large":["https:\/\/ibomberdefensepacific.standardof.net\/wp-content\/uploads\/sites\/6\/2020\/10\/iBomber-Defense-Pacific-Campaign-Mission-03-Savo-Island-3-800x450.jpg",800,450,true],"1536x1536":["https:\/\/ibomberdefensepacific.standardof.net\/wp-content\/uploads\/sites\/6\/2020\/10\/iBomber-Defense-Pacific-Campaign-Mission-03-Savo-Island-3.jpg",1280,720,false],"2048x2048":["https:\/\/ibomberdefensepacific.standardof.net\/wp-content\/uploads\/sites\/6\/2020\/10\/iBomber-Defense-Pacific-Campaign-Mission-03-Savo-Island-3.jpg",1280,720,false],"trp-custom-language-flag":["https:\/\/ibomberdefensepacific.standardof.net\/wp-content\/uploads\/sites\/6\/2020\/10\/iBomber-Defense-Pacific-Campaign-Mission-03-Savo-Island-3-16x9.jpg",16,9,true]},"uagb_author_info":{"display_name":"SOE","author_link":"https:\/\/ibomberdefensepacific.standardof.net\/es\/author\/k-tastic\/"},"uagb_comment_info":0,"uagb_excerpt":"Battle of Savo Island &#8211; Ironbottom Sound Protect your supply lines into Guadalcanal. This level is considered the first real challenge, the first two levels being considered tutorials. It is also the first naval unit level, with two paths of exclusively naval units approaching from the top right corner, coming together at the thin part&hellip;","_links":{"self":[{"href":"https:\/\/ibomberdefensepacific.standardof.net\/es\/wp-json\/wp\/v2\/pages\/194"}],"collection":[{"href":"https:\/\/ibomberdefensepacific.standardof.net\/es\/wp-json\/wp\/v2\/pages"}],"about":[{"href":"https:\/\/ibomberdefensepacific.standardof.net\/es\/wp-json\/wp\/v2\/types\/page"}],"author":[{"embeddable":true,"href":"https:\/\/ibomberdefensepacific.standardof.net\/es\/wp-json\/wp\/v2\/users\/1"}],"replies":[{"embeddable":true,"href":"https:\/\/ibomberdefensepacific.standardof.net\/es\/wp-json\/wp\/v2\/comments?post=194"}],"version-history":[{"count":0,"href":"https:\/\/ibomberdefensepacific.standardof.net\/es\/wp-json\/wp\/v2\/pages\/194\/revisions"}],"up":[{"embeddable":true,"href":"https:\/\/ibomberdefensepacific.standardof.net\/es\/wp-json\/wp\/v2\/pages\/164"}],"wp:featuredmedia":[{"embeddable":true,"href":"https:\/\/ibomberdefensepacific.standardof.net\/es\/wp-json\/wp\/v2\/media\/47"}],"wp:attachment":[{"href":"https:\/\/ibomberdefensepacific.standardof.net\/es\/wp-json\/wp\/v2\/media?parent=194"}],"curies":[{"name":"wp","href":"https:\/\/api.w.org\/{rel}","templated":true}]}}