{"id":189,"date":"2020-10-20T13:33:39","date_gmt":"2020-10-20T13:33:39","guid":{"rendered":"https:\/\/ibomberdefensepacific.standardof.net\/?page_id=189"},"modified":"2020-10-21T17:19:38","modified_gmt":"2020-10-21T17:19:38","slug":"campaign-mission-02-buna-gona","status":"publish","type":"page","link":"https:\/\/ibomberdefensepacific.standardof.net\/es\/guide\/campana-mision-02-buna-gona\/","title":{"rendered":"Misi\u00f3n de campa\u00f1a 02: Per\u00edmetro \u201cBuna Gona\u201d"},"content":{"rendered":"<h2 class=\"wp-block-heading\">Buna Gona - Per\u00edmetro<\/h2>\n\n\n\n<div class=\"wp-block-image\"><figure class=\"aligncenter size-large\"><a href=\"https:\/\/ibomberdefensepacific.standardof.net\/es\/guide\/campana-mision-02-buna-gona\/ibomber-defense-pacific-campaign-mission-02-buna-gona-1\/\"><img decoding=\"async\" width=\"800\" height=\"450\" src=\"https:\/\/ibomberdefensepacific.standardof.net\/wp-content\/uploads\/sites\/6\/2020\/10\/iBomber-Defense-Pacific-Campaign-Mission-02-Buna-Gona-1-800x450.jpg\" alt=\"iBomber Defense Pacific - Misi\u00f3n de campa\u00f1a 02 - Buna Gona (1)\" class=\"wp-image-41\" srcset=\"https:\/\/ibomberdefensepacific.standardof.net\/wp-content\/uploads\/sites\/6\/2020\/10\/iBomber-Defense-Pacific-Campaign-Mission-02-Buna-Gona-1-800x450.jpg 800w, https:\/\/ibomberdefensepacific.standardof.net\/wp-content\/uploads\/sites\/6\/2020\/10\/iBomber-Defense-Pacific-Campaign-Mission-02-Buna-Gona-1-512x288.jpg 512w, https:\/\/ibomberdefensepacific.standardof.net\/wp-content\/uploads\/sites\/6\/2020\/10\/iBomber-Defense-Pacific-Campaign-Mission-02-Buna-Gona-1-200x113.jpg 200w, https:\/\/ibomberdefensepacific.standardof.net\/wp-content\/uploads\/sites\/6\/2020\/10\/iBomber-Defense-Pacific-Campaign-Mission-02-Buna-Gona-1-768x432.jpg 768w, https:\/\/ibomberdefensepacific.standardof.net\/wp-content\/uploads\/sites\/6\/2020\/10\/iBomber-Defense-Pacific-Campaign-Mission-02-Buna-Gona-1-16x9.jpg 16w, https:\/\/ibomberdefensepacific.standardof.net\/wp-content\/uploads\/sites\/6\/2020\/10\/iBomber-Defense-Pacific-Campaign-Mission-02-Buna-Gona-1.jpg 1280w\" sizes=\"(max-width: 800px) 100vw, 800px\" \/><\/a><figcaption>El camino rojo que muestra la ruta tomada por las fuerzas enemigas entrantes en Buna Gona.<\/figcaption><\/figure><\/div>\n\n\n\n<p><em>Proteja su posici\u00f3n en Buna, Nueva Guinea.<\/em><\/p>\n\n\n\n<p>El nivel Buna Gona har\u00e1 que las fuerzas terrestres enemigas se acerquen a tu base en un camino en espiral que comienza en la parte superior central del mapa y termina cerca del centro, casi haciendo un bucle completo. Esta misi\u00f3n presentar\u00e1 la torreta de bombas y c\u00f3mo utilizarla, siendo la \u00faltima mitad de las misiones del tutorial necesarias para desbloquear el logro de entrenamiento b\u00e1sico.<\/p>\n\n\n\t\t\t\t<div class=\"wp-block-uagb-table-of-contents uagb-toc__align-left uagb-toc__columns-1  uagb-block-e609e29d\"\n\t\t\t\t\tdata-scroll= \"1\"\n\t\t\t\t\tdata-offset= \"30\"\n\t\t\t\t\tstyle=\"\"\n\t\t\t\t>\n\t\t\t\t<div class=\"uagb-toc__wrap\">\n\t\t\t\t\t\t<div class=\"uagb-toc__title\">\n\t\t\t\t\t\t\tNavegaci\u00f3n de la gu\u00eda de recorrido:\t\t\t\t\t\t<\/div>\n\t\t\t\t\t\t\t\t\t\t\t\t\t\t\t\t<div class=\"uagb-toc__list-wrap\">\n\t\t\t\t\t\t<ol class=\"uagb-toc__list\"><li class=\"uagb-toc__list\"><a href=\"#secondary-objective\" class=\"uagb-toc-link__trigger\">Objetivo secundario<\/a><li class=\"uagb-toc__list\"><a href=\"#victory-points\" class=\"uagb-toc-link__trigger\">Puntos de victoria<\/a><li class=\"uagb-toc__list\"><a href=\"#perks-used-for-this-mission\" class=\"uagb-toc-link__trigger\">Beneficios utilizados para esta misi\u00f3n:<\/a><li class=\"uagb-toc__list\"><a href=\"#hidden-target\" class=\"uagb-toc-link__trigger\">Objetivo oculto<\/a><li class=\"uagb-toc__list\"><a href=\"#turret-placement\" class=\"uagb-toc-link__trigger\">Colocaci\u00f3n de la torreta<\/a><li class=\"uagb-toc__list\"><a href=\"#basic-training-achievement\" class=\"uagb-toc-link__trigger\">Logro de entrenamiento b\u00e1sico<\/a><li class=\"uagb-toc__list\"><a href=\"#veteran-difficulty-video-guide\" class=\"uagb-toc-link__trigger\">Gu\u00eda de video de dificultad para veteranos<\/a><\/ol>\t\t\t\t\t<\/div>\n\t\t\t\t\t\t\t\t\t<\/div>\n\t\t\t\t<\/div>\n\t\t\t\n\n\n<hr class=\"wp-block-separator is-style-wide\"\/>\n\n\n\n<h3 class=\"wp-block-heading\">Objetivo secundario<\/h3>\n\n\n\n<p><em>Destruye todos los b\u00fankeres japoneses de la zona.<\/em><\/p>\n\n\n\n<p>Este objetivo requerir\u00e1 el uso de sus bombas. Es mejor hacerlo lo antes posible, aunque no a expensas de ignorar por completo las cajas de suministros hasta que est\u00e9 listo. Simplemente arroja una sola bomba sobre cada una de las tres formas hexagonales elevadas que se encuentran en el bosque, lejos del camino y tus torretas, con el claro circular alrededor de cada una.<\/p>\n\n\n\n<div class=\"wp-block-image\"><figure class=\"aligncenter size-large\"><a href=\"https:\/\/ibomberdefensepacific.standardof.net\/es\/guide\/campana-mision-02-buna-gona\/ibomber-defense-pacific-campaign-mission-02-buna-gona-3\/\"><img decoding=\"async\" width=\"244\" height=\"230\" src=\"https:\/\/ibomberdefensepacific.standardof.net\/wp-content\/uploads\/sites\/6\/2020\/10\/iBomber-Defense-Pacific-Campaign-Mission-02-Buna-Gona-3.jpg\" alt=\"Captura de pantalla de uno de los bunkers que debes destruir para el Objetivo Secundario en el nivel de campa\u00f1a de Buna-Gona del videojuego &quot;iBomber Defense Pacific&quot;.\" class=\"wp-image-43\" srcset=\"https:\/\/ibomberdefensepacific.standardof.net\/wp-content\/uploads\/sites\/6\/2020\/10\/iBomber-Defense-Pacific-Campaign-Mission-02-Buna-Gona-3.jpg 244w, https:\/\/ibomberdefensepacific.standardof.net\/wp-content\/uploads\/sites\/6\/2020\/10\/iBomber-Defense-Pacific-Campaign-Mission-02-Buna-Gona-3-200x189.jpg 200w, https:\/\/ibomberdefensepacific.standardof.net\/wp-content\/uploads\/sites\/6\/2020\/10\/iBomber-Defense-Pacific-Campaign-Mission-02-Buna-Gona-3-13x12.jpg 13w\" sizes=\"(max-width: 244px) 100vw, 244px\" \/><\/a><figcaption>Uno de los b\u00fankeres japoneses debes destruir con bombas para el objetivo secundario.<\/figcaption><\/figure><\/div>\n\n\n\n<h3 class=\"wp-block-heading\">Puntos de victoria<\/h3>\n\n\n\n<ul><li>Ametralladora lvl 3<\/li><\/ul>\n\n\n\n<p>20 puntos en total<\/p>\n\n\n\n<hr class=\"wp-block-separator is-style-wide\"\/>\n\n\n\n<h3 class=\"wp-block-heading\">Beneficios utilizados para esta misi\u00f3n:<\/h3>\n\n\n\n<p>D\u00f3lar I, Bombardier I<br>El dinero extra con la ventaja Greenback es siempre una opci\u00f3n valiosa, mientras que una bomba extra ser\u00e1 de gran ayuda en un nivel que requiere una buena cantidad de su uso en un corto per\u00edodo de tiempo.<\/p>\n\n\n\n<hr class=\"wp-block-separator is-style-wide\"\/>\n\n\n\n<h3 class=\"wp-block-heading\">Objetivo oculto<\/h3>\n\n\n\n<p>Este es el primer nivel que tiene una estructura especial colocada de manera algo discreta alrededor del mapa que, si se destruye (al lanzar una bomba), sirve como una bonificaci\u00f3n para un logro. El objetivo oculto en Buna-Gona es una peque\u00f1a caba\u00f1a escondida entre los \u00e1rboles, justo a la izquierda de tu base.<\/p>\n\n\n\n<div class=\"wp-block-image is-style-default\"><figure class=\"aligncenter size-large\"><a href=\"https:\/\/ibomberdefensepacific.standardof.net\/es\/guide\/campana-mision-02-buna-gona\/ibomber-defense-pacific-campaign-mission-02-buna-gona-2\/\"><img decoding=\"async\" width=\"221\" height=\"229\" src=\"https:\/\/ibomberdefensepacific.standardof.net\/wp-content\/uploads\/sites\/6\/2020\/10\/iBomber-Defense-Pacific-Campaign-Mission-02-Buna-Gona-2.jpg\" alt=\"Captura de pantalla del edificio Hidden Target en el nivel de campa\u00f1a Buna-Gona del videojuego &quot;iBomber Defense Pacific&quot;.\" class=\"wp-image-42\" srcset=\"https:\/\/ibomberdefensepacific.standardof.net\/wp-content\/uploads\/sites\/6\/2020\/10\/iBomber-Defense-Pacific-Campaign-Mission-02-Buna-Gona-2.jpg 221w, https:\/\/ibomberdefensepacific.standardof.net\/wp-content\/uploads\/sites\/6\/2020\/10\/iBomber-Defense-Pacific-Campaign-Mission-02-Buna-Gona-2-193x200.jpg 193w, https:\/\/ibomberdefensepacific.standardof.net\/wp-content\/uploads\/sites\/6\/2020\/10\/iBomber-Defense-Pacific-Campaign-Mission-02-Buna-Gona-2-12x12.jpg 12w\" sizes=\"(max-width: 221px) 100vw, 221px\" \/><\/a><figcaption>El objetivo oculto, escondido cerca del centro del mapa en Buna-Gona.<\/figcaption><\/figure><\/div>\n\n\n\n<hr class=\"wp-block-separator is-style-wide\"\/>\n\n\n\n<h3 class=\"wp-block-heading\">Colocaci\u00f3n de la torreta<\/h3>\n\n\n\n<figure class=\"wp-block-gallery columns-2 is-cropped wp-block-gallery-1 is-layout-flex wp-block-gallery-is-layout-flex\"><ul class=\"blocks-gallery-grid\"><li class=\"blocks-gallery-item\"><figure><a href=\"https:\/\/ibomberdefensepacific.standardof.net\/es\/guide\/campana-mision-02-buna-gona\/ibomber-defense-pacific-campaign-mission-02-buna-gona-4\/\"><img decoding=\"async\" width=\"800\" height=\"450\" src=\"https:\/\/ibomberdefensepacific.standardof.net\/wp-content\/uploads\/sites\/6\/2020\/10\/iBomber-Defense-Pacific-Campaign-Mission-02-Buna-Gona-4-800x450.jpg\" alt=\"Captura de pantalla de la ubicaci\u00f3n sugerida de la torreta al alcanzar la ola 5 en el nivel de campa\u00f1a de Buna-Gona del videojuego &quot;iBomber Defense Pacific&quot;.\" data-id=\"44\" data-full-url=\"https:\/\/ibomberdefensepacific.standardof.net\/wp-content\/uploads\/sites\/6\/2020\/10\/iBomber-Defense-Pacific-Campaign-Mission-02-Buna-Gona-4.jpg\" data-link=\"https:\/\/ibomberdefensepacific.standardof.net\/guide\/campaign-mission-02-buna-gona\/ibomber-defense-pacific-campaign-mission-02-buna-gona-4\/\" class=\"wp-image-44\" srcset=\"https:\/\/ibomberdefensepacific.standardof.net\/wp-content\/uploads\/sites\/6\/2020\/10\/iBomber-Defense-Pacific-Campaign-Mission-02-Buna-Gona-4-800x450.jpg 800w, https:\/\/ibomberdefensepacific.standardof.net\/wp-content\/uploads\/sites\/6\/2020\/10\/iBomber-Defense-Pacific-Campaign-Mission-02-Buna-Gona-4-512x288.jpg 512w, https:\/\/ibomberdefensepacific.standardof.net\/wp-content\/uploads\/sites\/6\/2020\/10\/iBomber-Defense-Pacific-Campaign-Mission-02-Buna-Gona-4-200x113.jpg 200w, https:\/\/ibomberdefensepacific.standardof.net\/wp-content\/uploads\/sites\/6\/2020\/10\/iBomber-Defense-Pacific-Campaign-Mission-02-Buna-Gona-4-768x432.jpg 768w, https:\/\/ibomberdefensepacific.standardof.net\/wp-content\/uploads\/sites\/6\/2020\/10\/iBomber-Defense-Pacific-Campaign-Mission-02-Buna-Gona-4-16x9.jpg 16w, https:\/\/ibomberdefensepacific.standardof.net\/wp-content\/uploads\/sites\/6\/2020\/10\/iBomber-Defense-Pacific-Campaign-Mission-02-Buna-Gona-4.jpg 1280w\" sizes=\"(max-width: 800px) 100vw, 800px\" \/><\/a><figcaption class=\"blocks-gallery-item__caption\">Colocaci\u00f3n de la torreta en la ola 5.<\/figcaption><\/figure><\/li><li class=\"blocks-gallery-item\"><figure><a href=\"https:\/\/ibomberdefensepacific.standardof.net\/es\/guide\/campana-mision-02-buna-gona\/ibomber-defense-pacific-campaign-mission-02-buna-gona-5\/\"><img decoding=\"async\" width=\"800\" height=\"450\" src=\"https:\/\/ibomberdefensepacific.standardof.net\/wp-content\/uploads\/sites\/6\/2020\/10\/iBomber-Defense-Pacific-Campaign-Mission-02-Buna-Gona-5-800x450.jpg\" alt=\"Captura de pantalla de la ubicaci\u00f3n sugerida de la torreta al alcanzar la oleada 10 en el nivel de campa\u00f1a Buna-Gona del videojuego &quot;iBomber Defense Pacific&quot;.\" data-id=\"45\" data-full-url=\"https:\/\/ibomberdefensepacific.standardof.net\/wp-content\/uploads\/sites\/6\/2020\/10\/iBomber-Defense-Pacific-Campaign-Mission-02-Buna-Gona-5.jpg\" data-link=\"https:\/\/ibomberdefensepacific.standardof.net\/guide\/campaign-mission-02-buna-gona\/ibomber-defense-pacific-campaign-mission-02-buna-gona-5\/\" class=\"wp-image-45\" srcset=\"https:\/\/ibomberdefensepacific.standardof.net\/wp-content\/uploads\/sites\/6\/2020\/10\/iBomber-Defense-Pacific-Campaign-Mission-02-Buna-Gona-5-800x450.jpg 800w, https:\/\/ibomberdefensepacific.standardof.net\/wp-content\/uploads\/sites\/6\/2020\/10\/iBomber-Defense-Pacific-Campaign-Mission-02-Buna-Gona-5-512x288.jpg 512w, https:\/\/ibomberdefensepacific.standardof.net\/wp-content\/uploads\/sites\/6\/2020\/10\/iBomber-Defense-Pacific-Campaign-Mission-02-Buna-Gona-5-200x113.jpg 200w, https:\/\/ibomberdefensepacific.standardof.net\/wp-content\/uploads\/sites\/6\/2020\/10\/iBomber-Defense-Pacific-Campaign-Mission-02-Buna-Gona-5-768x432.jpg 768w, https:\/\/ibomberdefensepacific.standardof.net\/wp-content\/uploads\/sites\/6\/2020\/10\/iBomber-Defense-Pacific-Campaign-Mission-02-Buna-Gona-5-16x9.jpg 16w, https:\/\/ibomberdefensepacific.standardof.net\/wp-content\/uploads\/sites\/6\/2020\/10\/iBomber-Defense-Pacific-Campaign-Mission-02-Buna-Gona-5.jpg 1280w\" sizes=\"(max-width: 800px) 100vw, 800px\" \/><\/a><figcaption class=\"blocks-gallery-item__caption\">Colocaci\u00f3n de la torreta en la ola 10.<\/figcaption><\/figure><\/li><\/ul><\/figure>\n\n\n\n<p>Con sus fondos iniciales, querr\u00e1 colocar un par de torretas de bombas junto a su base, donde es menos probable que sean disparadas por los enemigos que avanzan, ya que necesitar\u00e1 m\u00e1s de una para bombardear todos los objetivos y cajas a tiempo. Toma lo que queda y coloca una ametralladora en el camino antes de la primera caja de suministros, actualiz\u00e1ndola al nivel 3. Toma tus pr\u00f3ximos fondos y haz otra ametralladora y, finalmente, un ca\u00f1\u00f3n al lado del par de cajas, haciendo que disparen a las cajas cuando los enemigos est\u00e9n no presente para trabajar para conseguir las golosinas dentro.<\/p>\n\n\n\n<p>Las olas en esta misi\u00f3n van r\u00e1pido, as\u00ed que aseg\u00farate de dejar caer tus bombas sobre los objetivos que necesitas alcanzar a medida que se hacen. Puede terminar da\u00f1ando sus propias torretas cuando m\u00e1s tarde golpee las cajas de suministros, pero aseg\u00farese de no esperar demasiado para abrir las cajas, ya que los fondos que contienen son una buena ayuda. Deber\u00edas intentar terminar esta misi\u00f3n con un par de ametralladoras de nivel 2 y 3 y un par de ca\u00f1ones, sin contar las torretas de bombas.<\/p>\n\n\n\n<hr class=\"wp-block-separator is-style-wide\"\/>\n\n\n\n<h3 class=\"wp-block-heading\">Logro de entrenamiento b\u00e1sico<\/h3>\n\n\n\n<p>Habiendo completado este y el nivel anterior, Kokada Track te otorgar\u00e1 el logro de Entrenamiento b\u00e1sico por completar los dos niveles del tutorial del juego. No importa en qu\u00e9 dificultad superes estas misiones.<\/p>\n\n\n\n<hr class=\"wp-block-separator is-style-wide\"\/>\n\n\n\n<h3 class=\"has-text-align-center wp-block-heading\" id=\"4-veteran-difficulty-video-guide\">Gu\u00eda de video de dificultad para veteranos<\/h3>\n\n\n\n<figure class=\"wp-block-embed-youtube wp-block-embed is-type-video is-provider-youtube wp-embed-aspect-16-9 wp-has-aspect-ratio\"><div class=\"wp-block-embed__wrapper\">\n<div class=\"ast-oembed-container\" style=\"height: 100%;\"><iframe title=\"Buna Gona - M2 iBomber Defense Pacific - Tutorial completo para veteranos\" width=\"500\" height=\"375\" src=\"https:\/\/www.youtube.com\/embed\/Z7bDZOrR9j0?feature=oembed\" frameborder=\"0\" allow=\"accelerometer; autoplay; clipboard-write; encrypted-media; gyroscope; picture-in-picture; web-share\" referrerpolicy=\"strict-origin-when-cross-origin\" allowfullscreen><\/iframe><\/div>\n<\/div><\/figure>","protected":false},"excerpt":{"rendered":"<p>Buna Gona &#8211; Perimeter Protect your position in Buna, New Guinea. The level Buna Gona will have the enemy land forces approaching your base in a spiraling path that starts at the center-top of the map, ending near the center, almost making a complete loop. This mission will introduce the Bomb Turret and how to [&hellip;]<\/p>","protected":false},"author":1,"featured_media":45,"parent":164,"menu_order":2,"comment_status":"open","ping_status":"closed","template":"","meta":{"_uag_custom_page_level_css":"","site-sidebar-layout":"default","site-content-layout":"default","ast-site-content-layout":"","site-content-style":"default","site-sidebar-style":"default","ast-global-header-display":"","ast-banner-title-visibility":"","ast-main-header-display":"","ast-hfb-above-header-display":"","ast-hfb-below-header-display":"","ast-hfb-mobile-header-display":"","site-post-title":"","ast-breadcrumbs-content":"","ast-featured-img":"","footer-sml-layout":"","theme-transparent-header-meta":"default","adv-header-id-meta":"","stick-header-meta":"","header-above-stick-meta":"","header-main-stick-meta":"","header-below-stick-meta":"","astra-migrate-meta-layouts":"default","ast-page-background-enabled":"default","ast-page-background-meta":{"desktop":{"background-color":"","background-image":"","background-repeat":"repeat","background-position":"center center","background-size":"auto","background-attachment":"scroll","background-type":"","background-media":"","overlay-type":"","overlay-color":"","overlay-gradient":""},"tablet":{"background-color":"","background-image":"","background-repeat":"repeat","background-position":"center center","background-size":"auto","background-attachment":"scroll","background-type":"","background-media":"","overlay-type":"","overlay-color":"","overlay-gradient":""},"mobile":{"background-color":"","background-image":"","background-repeat":"repeat","background-position":"center center","background-size":"auto","background-attachment":"scroll","background-type":"","background-media":"","overlay-type":"","overlay-color":"","overlay-gradient":""}},"ast-content-background-meta":{"desktop":{"background-color":"var(--ast-global-color-5)","background-image":"","background-repeat":"repeat","background-position":"center center","background-size":"auto","background-attachment":"scroll","background-type":"","background-media":"","overlay-type":"","overlay-color":"","overlay-gradient":""},"tablet":{"background-color":"var(--ast-global-color-5)","background-image":"","background-repeat":"repeat","background-position":"center center","background-size":"auto","background-attachment":"scroll","background-type":"","background-media":"","overlay-type":"","overlay-color":"","overlay-gradient":""},"mobile":{"background-color":"var(--ast-global-color-5)","background-image":"","background-repeat":"repeat","background-position":"center center","background-size":"auto","background-attachment":"scroll","background-type":"","background-media":"","overlay-type":"","overlay-color":"","overlay-gradient":""}},"footnotes":""},"uagb_featured_image_src":{"full":["https:\/\/ibomberdefensepacific.standardof.net\/wp-content\/uploads\/sites\/6\/2020\/10\/iBomber-Defense-Pacific-Campaign-Mission-02-Buna-Gona-5.jpg",1280,720,false],"thumbnail":["https:\/\/ibomberdefensepacific.standardof.net\/wp-content\/uploads\/sites\/6\/2020\/10\/iBomber-Defense-Pacific-Campaign-Mission-02-Buna-Gona-5-200x113.jpg",200,113,true],"medium":["https:\/\/ibomberdefensepacific.standardof.net\/wp-content\/uploads\/sites\/6\/2020\/10\/iBomber-Defense-Pacific-Campaign-Mission-02-Buna-Gona-5-512x288.jpg",512,288,true],"medium_large":["https:\/\/ibomberdefensepacific.standardof.net\/wp-content\/uploads\/sites\/6\/2020\/10\/iBomber-Defense-Pacific-Campaign-Mission-02-Buna-Gona-5-768x432.jpg",768,432,true],"large":["https:\/\/ibomberdefensepacific.standardof.net\/wp-content\/uploads\/sites\/6\/2020\/10\/iBomber-Defense-Pacific-Campaign-Mission-02-Buna-Gona-5-800x450.jpg",800,450,true],"1536x1536":["https:\/\/ibomberdefensepacific.standardof.net\/wp-content\/uploads\/sites\/6\/2020\/10\/iBomber-Defense-Pacific-Campaign-Mission-02-Buna-Gona-5.jpg",1280,720,false],"2048x2048":["https:\/\/ibomberdefensepacific.standardof.net\/wp-content\/uploads\/sites\/6\/2020\/10\/iBomber-Defense-Pacific-Campaign-Mission-02-Buna-Gona-5.jpg",1280,720,false],"trp-custom-language-flag":["https:\/\/ibomberdefensepacific.standardof.net\/wp-content\/uploads\/sites\/6\/2020\/10\/iBomber-Defense-Pacific-Campaign-Mission-02-Buna-Gona-5-16x9.jpg",16,9,true]},"uagb_author_info":{"display_name":"SOE","author_link":"https:\/\/ibomberdefensepacific.standardof.net\/es\/author\/k-tastic\/"},"uagb_comment_info":0,"uagb_excerpt":"Buna Gona &#8211; Perimeter Protect your position in Buna, New Guinea. The level Buna Gona will have the enemy land forces approaching your base in a spiraling path that starts at the center-top of the map, ending near the center, almost making a complete loop. This mission will introduce the Bomb Turret and how to&hellip;","_links":{"self":[{"href":"https:\/\/ibomberdefensepacific.standardof.net\/es\/wp-json\/wp\/v2\/pages\/189"}],"collection":[{"href":"https:\/\/ibomberdefensepacific.standardof.net\/es\/wp-json\/wp\/v2\/pages"}],"about":[{"href":"https:\/\/ibomberdefensepacific.standardof.net\/es\/wp-json\/wp\/v2\/types\/page"}],"author":[{"embeddable":true,"href":"https:\/\/ibomberdefensepacific.standardof.net\/es\/wp-json\/wp\/v2\/users\/1"}],"replies":[{"embeddable":true,"href":"https:\/\/ibomberdefensepacific.standardof.net\/es\/wp-json\/wp\/v2\/comments?post=189"}],"version-history":[{"count":0,"href":"https:\/\/ibomberdefensepacific.standardof.net\/es\/wp-json\/wp\/v2\/pages\/189\/revisions"}],"up":[{"embeddable":true,"href":"https:\/\/ibomberdefensepacific.standardof.net\/es\/wp-json\/wp\/v2\/pages\/164"}],"wp:featuredmedia":[{"embeddable":true,"href":"https:\/\/ibomberdefensepacific.standardof.net\/es\/wp-json\/wp\/v2\/media\/45"}],"wp:attachment":[{"href":"https:\/\/ibomberdefensepacific.standardof.net\/es\/wp-json\/wp\/v2\/media?parent=189"}],"curies":[{"name":"wp","href":"https:\/\/api.w.org\/{rel}","templated":true}]}}